{"id":20331,"date":"2025-06-14T16:31:34","date_gmt":"2025-06-14T13:31:34","guid":{"rendered":"https:\/\/vinotecahugo.ro\/?post_type=product&#038;p=20331"},"modified":"2025-11-03T13:44:27","modified_gmt":"2025-11-03T11:44:27","slug":"vin-rosu-sec-chateau-apulum-by-unio-vini-075l","status":"publish","type":"product","link":"https:\/\/vinotecahugo.ro\/en\/produs\/vin-rosu-sec-chateau-apulum-by-unio-vini-075l\/","title":{"rendered":"Vin rosu sec Chateau Apulum by UNIO Vini 0,75l"},"content":{"rendered":"<p>Vin rosu sec <strong>Chateau Apulum by UNIO Vini<\/strong> 0,75l<\/p>\n<div class=\"lbDescription\">\n<div class=\"video-shortcode\"><iframe title=\"Vinoteca Hugo (long movie) RO\" width=\"1100\" height=\"619\" src=\"https:\/\/www.youtube.com\/embed\/Hg0yk-Ulb8I?feature=oembed\" frameborder=\"0\" allow=\"accelerometer; autoplay; clipboard-write; encrypted-media; gyroscope; picture-in-picture\" allowfullscreen><\/iframe><\/div>\n<div class=\"text_exposed_show\">\n<div class=\"et_pb_row_inner et_pb_row_inner_6\">\n<div class=\"et_pb_column et_pb_column_3_8 et_pb_column_inner et_pb_column_inner_8\">\n<div class=\"et_pb_module et_pb_text et_pb_text_5 et_pb_text_align_left et_pb_bg_layout_light\">\n<div>\n<p>\u00cen inima Cet\u0103\u021bii Alba Carolina, ia na\u0219tere <strong>Ch\u00e2teau Apulum<\/strong> \u2013 primul vin semnat de echipa UNIO Vini. Numele s\u0103u evoc\u0103 prima fortifica\u021bie roman\u0103 care a pus temelia acestui loc cu rezonan\u021b\u0103 na\u021bional\u0103, iar vinul \u00eensu\u0219i devine o expresie nobil\u0103 a identit\u0103\u021bii noastre, o punte \u00eentre trecut \u0219i prezent.<\/p>\n<p><strong>Ch\u00e2teau Apulum<\/strong> nu este doar un vin. Este o declara\u021bie. O celebrare a r\u0103d\u0103cinilor noastre, turnat\u0103 \u00een sticl\u0103 \u0219i finisat\u0103 cu rafinament, pentru cei care \u0219tiu s\u0103 aprecieze un vin cu poveste.<\/p>\n<p>Proiectul a luat na\u0219tere din viziunea comun\u0103 a dou\u0103 spirite cu voca\u021bie pentru excelen\u021b\u0103<strong>.<\/strong> <strong>Levente Hugo Bara si Eugen Odainii. <\/strong>Au format un duo care \u00eembin\u0103 \u0219tiin\u021ba \u0219i arta vinului la cel mai \u00eenalt nivel. Levente este <strong>doctor <\/strong>\u00een chimia alimentar\u0103, <strong>certificat WSET Level 3<\/strong>, \u0219i creator al unor re\u021bete alimentare devenite repere \u00een preferin\u021bele consumatorilor din Rom\u00e2nia \u2013 un profesionist care transform\u0103 cunoa\u0219terea \u0219tiin\u021bific\u0103 \u00een experien\u021be de gust memorabile. Al\u0103turi de el, Eugen Odainii \u2013 <strong>oenolog cu peste 20 de ani de experien\u021b\u0103<\/strong>, crescut \u00een tradi\u021bia vinului dintr-o familie de vinificatori din Republica Moldova \u2013 aduce intui\u021bia, sensibilitatea \u0219i rigoarea dob\u00e2ndite printr-o via\u021b\u0103 dedicat\u0103 vinului. Cei doi semneaz\u0103 selec\u021bia \u0219i crea\u021bia <strong>Ch\u00e2teau<\/strong> <strong>Apulum<\/strong>, un vin n\u0103scut din echilibru, expertiz\u0103 \u0219i viziune comun\u0103. \u00cempreun\u0103, ei au creat un vin deosebit cu ambi\u021bii de referin\u021b\u0103, select\u00e2nd vinuri materie prim\u0103 cu personalitate din cele mai expresive regiuni viticole ale Rom\u00e2niei. Fiecare component\u0103 a fost aleas\u0103 pentru caracterul s\u0103u aparte, iar maturarea timp de 12 luni \u00een 4 tipuri de stejar francez \u2013 dintre care 25% \u00een renumitul butoi T5(525) care a adaugat complexitate \u0219i profunzime.<\/p>\n<p>Afla ultimile noutati despre noi <a href=\"https:\/\/web.facebook.com\/VinotecaHugoAlbaIulia\/\">AICI<\/a><\/p>\n<\/div>\n<\/div>\n<\/div>\n<\/div>\n<\/div>\n<p>Pentru programul de degustari si oferte personalizate te invitam sa devii membrul clubului Vinoteca Hugo. Pentru mai multe informatii fa click <a href=\"https:\/\/vinotecahugo.ro\/evenimente\/\">AICI.<\/a><\/p>\n<\/div>\n<p>&nbsp;<\/p>\n","protected":false},"excerpt":{"rendered":"<p>Ch\u00e2teau Apulum este un cupaj elegant de Cabernet Franc, Cabernet Sauvigon, Merlot, Feteasc\u0103 Neagr\u0103 \u0219i Syrah, un echilibru \u00eentre for\u021b\u0103 \u0219i fine\u021be. Aromat, vinul se deschide cu note ample de coac\u0103ze negre, cire\u0219e amare \u0219i prune uscate, peste care se a\u0219tern tonuri subtile de ciocolat\u0103 neagr\u0103 \u0219i condimente dulci. \u00cen gust, impresioneaz\u0103 prin textura catifelat\u0103, taninuri bine coapte, aciditate echilibrat\u0103 \u0219i o structur\u0103 ampl\u0103, dar armonioas\u0103. Finalul este lung, persistent, cu o mineralitate discret\u0103 \u0219i o amprent\u0103 de elegan\u021b\u0103 care confirm\u0103 maturarea atent\u0103 \u0219i selec\u021bia riguroas\u0103 a vinurilor de baz\u0103.<\/p>\n<p>\u00cen spatele acestui vin nu st\u0103 doar m\u0103iestria tehnic\u0103, ci \u0219i o idee: aceea de a transforma un loc cu o \u00eenc\u0103rc\u0103tur\u0103 istoric\u0103 unic\u0103 \u00eentr-un spa\u021biu viu, contemporan, unde tradi\u021bia e reinterpretat\u0103 cu rafinament. Crama urban\u0103 &amp; Restaurantul UNIO Vini, aflat\u0103 \u00een \u0219an\u021burile cet\u0103\u021bii Alba Carolina, este o extensie fireasc\u0103 a acestui demers \u2013 un loc unde vinul, gastronomia \u0219i patrimoniul cultural se \u00eent\u00e2lnesc firesc. Aici, Ch\u00e2teau Apulum nu este doar b\u0103ut, ci tr\u0103it, ca o experien\u021b\u0103 care \u00eembin\u0103 trecutul cu prezentul.<\/p>\n<p>NOTA: Cutia de lemn nu este inclusa in pret. <strong><a href=\"https:\/\/vinotecahugo.ro\/produs\/cutie-de-lemn-1-sticla\/\">CUTIA POATE FI COMANDATA AICI (CLICK)<\/a><\/strong><\/p>\n","protected":false},"featured_media":20332,"comment_status":"open","ping_status":"closed","template":"","meta":[],"product_brand":[],"product_cat":[887,888,54,58,145],"product_tag":[356,355,792,790],"class_list":{"0":"post-20331","1":"product","2":"type-product","3":"status-publish","4":"has-post-thumbnail","6":"product_cat-vin-rosu","7":"product_cat-vin-rosu-sec","8":"product_cat-vinuri-de-colectie","9":"product_cat-vinuri-de-vinoteca","10":"product_cat-vinuri-romanesti","11":"product_tag-vin-alba-iulia","12":"product_tag-vinoteca-hugo","13":"product_tag-vinuri-colectie","14":"product_tag-vinuri-vechi","16":"first","17":"instock","18":"taxable","19":"shipping-taxable","20":"purchasable","21":"product-type-simple"},"yoast_head":"<!-- This site is optimized with the Yoast SEO plugin v24.6 - https:\/\/yoast.com\/wordpress\/plugins\/seo\/ -->\n<title>Vin rosu sec Chateau Apulum by UNIO Vini 0,75l - Vinoteca Hugo<\/title>\n<meta name=\"description\" content=\"Comand\u0103 online Vin rosu sec Chateau Apulum by UNIO Vini 0,75l de la Vinoteca Hugo! Vinuri de top pentru momente speciale.\" \/>\n<meta name=\"robots\" content=\"index, follow, max-snippet:-1, max-image-preview:large, max-video-preview:-1\" \/>\n<link rel=\"canonical\" href=\"https:\/\/vinotecahugo.ro\/en\/produs\/vin-rosu-sec-chateau-apulum-by-unio-vini-075l\/\" \/>\n<meta property=\"og:locale\" content=\"en_US\" \/>\n<meta property=\"og:type\" content=\"article\" \/>\n<meta property=\"og:title\" content=\"Vin rosu sec Chateau Apulum by UNIO Vini 0,75l - Vinoteca Hugo\" \/>\n<meta property=\"og:description\" content=\"Comand\u0103 online Vin rosu sec Chateau Apulum by UNIO Vini 0,75l de la Vinoteca Hugo! Vinuri de top pentru momente speciale.\" \/>\n<meta property=\"og:url\" content=\"https:\/\/vinotecahugo.ro\/en\/produs\/vin-rosu-sec-chateau-apulum-by-unio-vini-075l\/\" \/>\n<meta property=\"og:site_name\" content=\"Vinoteca Hugo\" \/>\n<meta property=\"article:publisher\" content=\"https:\/\/www.facebook.com\/VinotecaHugoAlbaIulia\" \/>\n<meta property=\"article:modified_time\" content=\"2025-11-03T11:44:27+00:00\" \/>\n<meta property=\"og:image\" content=\"https:\/\/vinotecahugo.ro\/wp-content\/uploads\/2025\/06\/Chateau-apulum-UNIO-Vini.jpg\" \/>\n\t<meta property=\"og:image:width\" content=\"2000\" \/>\n\t<meta property=\"og:image:height\" content=\"2000\" \/>\n\t<meta property=\"og:image:type\" content=\"image\/jpeg\" \/>\n<meta name=\"twitter:card\" content=\"summary_large_image\" \/>\n<meta name=\"twitter:label1\" content=\"Est. reading time\" \/>\n\t<meta name=\"twitter:data1\" content=\"2 minutes\" \/>\n<script type=\"application\/ld+json\" class=\"yoast-schema-graph\">{\"@context\":\"https:\/\/schema.org\",\"@graph\":[{\"@type\":\"WebPage\",\"@id\":\"https:\/\/vinotecahugo.ro\/en\/produs\/vin-rosu-sec-chateau-apulum-by-unio-vini-075l\/\",\"url\":\"https:\/\/vinotecahugo.ro\/en\/produs\/vin-rosu-sec-chateau-apulum-by-unio-vini-075l\/\",\"name\":\"Vin rosu sec Chateau Apulum by UNIO Vini 0,75l - Vinoteca Hugo\",\"isPartOf\":{\"@id\":\"https:\/\/vinotecahugo.ro\/en\/#website\"},\"primaryImageOfPage\":{\"@id\":\"https:\/\/vinotecahugo.ro\/en\/produs\/vin-rosu-sec-chateau-apulum-by-unio-vini-075l\/#primaryimage\"},\"image\":{\"@id\":\"https:\/\/vinotecahugo.ro\/en\/produs\/vin-rosu-sec-chateau-apulum-by-unio-vini-075l\/#primaryimage\"},\"thumbnailUrl\":\"https:\/\/vinotecahugo.ro\/wp-content\/uploads\/2025\/06\/Chateau-apulum-UNIO-Vini.jpg\",\"datePublished\":\"2025-06-14T13:31:34+00:00\",\"dateModified\":\"2025-11-03T11:44:27+00:00\",\"description\":\"Comand\u0103 online Vin rosu sec Chateau Apulum by UNIO Vini 0,75l de la Vinoteca Hugo! Vinuri de top pentru momente speciale.\",\"breadcrumb\":{\"@id\":\"https:\/\/vinotecahugo.ro\/en\/produs\/vin-rosu-sec-chateau-apulum-by-unio-vini-075l\/#breadcrumb\"},\"inLanguage\":\"en-US\",\"potentialAction\":[{\"@type\":\"ReadAction\",\"target\":[\"https:\/\/vinotecahugo.ro\/en\/produs\/vin-rosu-sec-chateau-apulum-by-unio-vini-075l\/\"]}]},{\"@type\":\"ImageObject\",\"inLanguage\":\"en-US\",\"@id\":\"https:\/\/vinotecahugo.ro\/en\/produs\/vin-rosu-sec-chateau-apulum-by-unio-vini-075l\/#primaryimage\",\"url\":\"https:\/\/vinotecahugo.ro\/wp-content\/uploads\/2025\/06\/Chateau-apulum-UNIO-Vini.jpg\",\"contentUrl\":\"https:\/\/vinotecahugo.ro\/wp-content\/uploads\/2025\/06\/Chateau-apulum-UNIO-Vini.jpg\",\"width\":2000,\"height\":2000},{\"@type\":\"BreadcrumbList\",\"@id\":\"https:\/\/vinotecahugo.ro\/en\/produs\/vin-rosu-sec-chateau-apulum-by-unio-vini-075l\/#breadcrumb\",\"itemListElement\":[{\"@type\":\"ListItem\",\"position\":1,\"name\":\"Prima pagin\u0103\",\"item\":\"https:\/\/vinotecahugo.ro\/en\/\"},{\"@type\":\"ListItem\",\"position\":2,\"name\":\"Magazin\",\"item\":\"https:\/\/vinotecahugo.ro\/magazin\/\"},{\"@type\":\"ListItem\",\"position\":3,\"name\":\"Vin rosu sec Chateau Apulum by UNIO Vini 0,75l\"}]},{\"@type\":\"WebSite\",\"@id\":\"https:\/\/vinotecahugo.ro\/en\/#website\",\"url\":\"https:\/\/vinotecahugo.ro\/en\/\",\"name\":\"Vinoteca Hugo\",\"description\":\"vinotec\u0103 cu o colec\u021bie de peste 5000 de sticle de vin\",\"publisher\":{\"@id\":\"https:\/\/vinotecahugo.ro\/en\/#organization\"},\"potentialAction\":[{\"@type\":\"SearchAction\",\"target\":{\"@type\":\"EntryPoint\",\"urlTemplate\":\"https:\/\/vinotecahugo.ro\/en\/?s={search_term_string}\"},\"query-input\":{\"@type\":\"PropertyValueSpecification\",\"valueRequired\":true,\"valueName\":\"search_term_string\"}}],\"inLanguage\":\"en-US\"},{\"@type\":\"Organization\",\"@id\":\"https:\/\/vinotecahugo.ro\/en\/#organization\",\"name\":\"Vinoteca Hugo\",\"url\":\"https:\/\/vinotecahugo.ro\/en\/\",\"logo\":{\"@type\":\"ImageObject\",\"inLanguage\":\"en-US\",\"@id\":\"https:\/\/vinotecahugo.ro\/en\/#\/schema\/logo\/image\/\",\"url\":\"https:\/\/vinotecahugo.ro\/wp-content\/uploads\/2020\/04\/logo-vinoteca-hugo-160-120..jpg\",\"contentUrl\":\"https:\/\/vinotecahugo.ro\/wp-content\/uploads\/2020\/04\/logo-vinoteca-hugo-160-120..jpg\",\"width\":160,\"height\":120,\"caption\":\"Vinoteca Hugo\"},\"image\":{\"@id\":\"https:\/\/vinotecahugo.ro\/en\/#\/schema\/logo\/image\/\"},\"sameAs\":[\"https:\/\/www.facebook.com\/VinotecaHugoAlbaIulia\",\"https:\/\/www.instagram.com\/vinoteca_hugo\/\",\"https:\/\/www.youtube.com\/channel\/UCpprt6bjcY4i-6P9WM-466g\"]}]}<\/script>\n<!-- \/ Yoast SEO plugin. -->","yoast_head_json":{"title":"Vin rosu sec Chateau Apulum by UNIO Vini 0,75l - Vinoteca Hugo","description":"Comand\u0103 online Vin rosu sec Chateau Apulum by UNIO Vini 0,75l de la Vinoteca Hugo! Vinuri de top pentru momente speciale.","robots":{"index":"index","follow":"follow","max-snippet":"max-snippet:-1","max-image-preview":"max-image-preview:large","max-video-preview":"max-video-preview:-1"},"canonical":"https:\/\/vinotecahugo.ro\/en\/produs\/vin-rosu-sec-chateau-apulum-by-unio-vini-075l\/","og_locale":"en_US","og_type":"article","og_title":"Vin rosu sec Chateau Apulum by UNIO Vini 0,75l - Vinoteca Hugo","og_description":"Comand\u0103 online Vin rosu sec Chateau Apulum by UNIO Vini 0,75l de la Vinoteca Hugo! Vinuri de top pentru momente speciale.","og_url":"https:\/\/vinotecahugo.ro\/en\/produs\/vin-rosu-sec-chateau-apulum-by-unio-vini-075l\/","og_site_name":"Vinoteca Hugo","article_publisher":"https:\/\/www.facebook.com\/VinotecaHugoAlbaIulia","article_modified_time":"2025-11-03T11:44:27+00:00","og_image":[{"width":2000,"height":2000,"url":"https:\/\/vinotecahugo.ro\/wp-content\/uploads\/2025\/06\/Chateau-apulum-UNIO-Vini.jpg","type":"image\/jpeg"}],"twitter_card":"summary_large_image","twitter_misc":{"Est. reading time":"2 minutes"},"schema":{"@context":"https:\/\/schema.org","@graph":[{"@type":"WebPage","@id":"https:\/\/vinotecahugo.ro\/en\/produs\/vin-rosu-sec-chateau-apulum-by-unio-vini-075l\/","url":"https:\/\/vinotecahugo.ro\/en\/produs\/vin-rosu-sec-chateau-apulum-by-unio-vini-075l\/","name":"Vin rosu sec Chateau Apulum by UNIO Vini 0,75l - Vinoteca Hugo","isPartOf":{"@id":"https:\/\/vinotecahugo.ro\/en\/#website"},"primaryImageOfPage":{"@id":"https:\/\/vinotecahugo.ro\/en\/produs\/vin-rosu-sec-chateau-apulum-by-unio-vini-075l\/#primaryimage"},"image":{"@id":"https:\/\/vinotecahugo.ro\/en\/produs\/vin-rosu-sec-chateau-apulum-by-unio-vini-075l\/#primaryimage"},"thumbnailUrl":"https:\/\/vinotecahugo.ro\/wp-content\/uploads\/2025\/06\/Chateau-apulum-UNIO-Vini.jpg","datePublished":"2025-06-14T13:31:34+00:00","dateModified":"2025-11-03T11:44:27+00:00","description":"Comand\u0103 online Vin rosu sec Chateau Apulum by UNIO Vini 0,75l de la Vinoteca Hugo! Vinuri de top pentru momente speciale.","breadcrumb":{"@id":"https:\/\/vinotecahugo.ro\/en\/produs\/vin-rosu-sec-chateau-apulum-by-unio-vini-075l\/#breadcrumb"},"inLanguage":"en-US","potentialAction":[{"@type":"ReadAction","target":["https:\/\/vinotecahugo.ro\/en\/produs\/vin-rosu-sec-chateau-apulum-by-unio-vini-075l\/"]}]},{"@type":"ImageObject","inLanguage":"en-US","@id":"https:\/\/vinotecahugo.ro\/en\/produs\/vin-rosu-sec-chateau-apulum-by-unio-vini-075l\/#primaryimage","url":"https:\/\/vinotecahugo.ro\/wp-content\/uploads\/2025\/06\/Chateau-apulum-UNIO-Vini.jpg","contentUrl":"https:\/\/vinotecahugo.ro\/wp-content\/uploads\/2025\/06\/Chateau-apulum-UNIO-Vini.jpg","width":2000,"height":2000},{"@type":"BreadcrumbList","@id":"https:\/\/vinotecahugo.ro\/en\/produs\/vin-rosu-sec-chateau-apulum-by-unio-vini-075l\/#breadcrumb","itemListElement":[{"@type":"ListItem","position":1,"name":"Prima pagin\u0103","item":"https:\/\/vinotecahugo.ro\/en\/"},{"@type":"ListItem","position":2,"name":"Magazin","item":"https:\/\/vinotecahugo.ro\/magazin\/"},{"@type":"ListItem","position":3,"name":"Vin rosu sec Chateau Apulum by UNIO Vini 0,75l"}]},{"@type":"WebSite","@id":"https:\/\/vinotecahugo.ro\/en\/#website","url":"https:\/\/vinotecahugo.ro\/en\/","name":"Vinoteca Hugo","description":"vinotec\u0103 cu o colec\u021bie de peste 5000 de sticle de vin","publisher":{"@id":"https:\/\/vinotecahugo.ro\/en\/#organization"},"potentialAction":[{"@type":"SearchAction","target":{"@type":"EntryPoint","urlTemplate":"https:\/\/vinotecahugo.ro\/en\/?s={search_term_string}"},"query-input":{"@type":"PropertyValueSpecification","valueRequired":true,"valueName":"search_term_string"}}],"inLanguage":"en-US"},{"@type":"Organization","@id":"https:\/\/vinotecahugo.ro\/en\/#organization","name":"Vinoteca Hugo","url":"https:\/\/vinotecahugo.ro\/en\/","logo":{"@type":"ImageObject","inLanguage":"en-US","@id":"https:\/\/vinotecahugo.ro\/en\/#\/schema\/logo\/image\/","url":"https:\/\/vinotecahugo.ro\/wp-content\/uploads\/2020\/04\/logo-vinoteca-hugo-160-120..jpg","contentUrl":"https:\/\/vinotecahugo.ro\/wp-content\/uploads\/2020\/04\/logo-vinoteca-hugo-160-120..jpg","width":160,"height":120,"caption":"Vinoteca Hugo"},"image":{"@id":"https:\/\/vinotecahugo.ro\/en\/#\/schema\/logo\/image\/"},"sameAs":["https:\/\/www.facebook.com\/VinotecaHugoAlbaIulia","https:\/\/www.instagram.com\/vinoteca_hugo\/","https:\/\/www.youtube.com\/channel\/UCpprt6bjcY4i-6P9WM-466g"]}]}},"_links":{"self":[{"href":"https:\/\/vinotecahugo.ro\/en\/wp-json\/wp\/v2\/product\/20331","targetHints":{"allow":["GET"]}}],"collection":[{"href":"https:\/\/vinotecahugo.ro\/en\/wp-json\/wp\/v2\/product"}],"about":[{"href":"https:\/\/vinotecahugo.ro\/en\/wp-json\/wp\/v2\/types\/product"}],"replies":[{"embeddable":true,"href":"https:\/\/vinotecahugo.ro\/en\/wp-json\/wp\/v2\/comments?post=20331"}],"wp:featuredmedia":[{"embeddable":true,"href":"https:\/\/vinotecahugo.ro\/en\/wp-json\/wp\/v2\/media\/20332"}],"wp:attachment":[{"href":"https:\/\/vinotecahugo.ro\/en\/wp-json\/wp\/v2\/media?parent=20331"}],"wp:term":[{"taxonomy":"product_brand","embeddable":true,"href":"https:\/\/vinotecahugo.ro\/en\/wp-json\/wp\/v2\/product_brand?post=20331"},{"taxonomy":"product_cat","embeddable":true,"href":"https:\/\/vinotecahugo.ro\/en\/wp-json\/wp\/v2\/product_cat?post=20331"},{"taxonomy":"product_tag","embeddable":true,"href":"https:\/\/vinotecahugo.ro\/en\/wp-json\/wp\/v2\/product_tag?post=20331"}],"curies":[{"name":"wp","href":"https:\/\/api.w.org\/{rel}","templated":true}]}}