{"id":19791,"date":"2024-08-07T17:57:14","date_gmt":"2024-08-07T14:57:14","guid":{"rendered":"https:\/\/vinotecahugo.ro\/?post_type=product&#038;p=19791"},"modified":"2025-11-09T06:50:53","modified_gmt":"2025-11-09T04:50:53","slug":"vin-vinoteca-1988-terricci-rosso-toscano-igt-fara-cutie-de-lemn","status":"publish","type":"product","link":"https:\/\/vinotecahugo.ro\/en\/produs\/vin-vinoteca-1988-terricci-rosso-toscano-igt-fara-cutie-de-lemn\/","title":{"rendered":"Vin vinoteca 1988 TERRICCI Rosso Toscano IGT fara cutie de lemn"},"content":{"rendered":"<p>Vin vinoteca 1988 TERRICCI Rosso Toscano IGT<\/p>\n<div class=\"lbDescription\">\n<div class=\"video-shortcode\"><iframe title=\"Vinoteca Hugo (long movie) RO\" width=\"1100\" height=\"619\" src=\"https:\/\/www.youtube.com\/embed\/Hg0yk-Ulb8I?feature=oembed\" frameborder=\"0\" allow=\"accelerometer; autoplay; clipboard-write; encrypted-media; gyroscope; picture-in-picture\" allowfullscreen><\/iframe><\/div>\n<div class=\"text_exposed_show\">\n<div class=\"et_pb_row_inner et_pb_row_inner_6\">\n<div class=\"et_pb_column et_pb_column_3_8 et_pb_column_inner et_pb_column_inner_8\">\n<div class=\"et_pb_module et_pb_text et_pb_text_5 et_pb_text_align_left et_pb_bg_layout_light\">\n<div>\n<p>Azienda Agricola Lanciola este situat\u0103 la c\u00e2\u021biva kilometri \u00een afara Floren\u021bei, pe dealurile din Impruneta, \u00een regiunea vinicol\u0103 Colli Fiorentini. \u00cen vremea Medicean\u0103, p\u0103m\u00e2ntul apar\u021binea familiei Ricci, a c\u0103rei emblem\u0103 este men\u021bionat\u0103 de aricii de pe eticheta Lanciola. \u00cenregistr\u0103rile arat\u0103 c\u0103 produc\u021bia de vin pe mo\u0219ie dateaz\u0103 din 1587, c\u00e2nd o zecime dintr-un bushel de gr\u00e2u \u0219i un butoi de vin a fost pl\u0103tit\u0103 anual bisericii Sf\u00e2ntul \u0218tefan din Possolatico de c\u0103tre Frederico di Ruberto de Ricci. Ast\u0103zi, Lanciola este de\u021binut\u0103 de familia Guarnieri, care s-a str\u0103duit din greu pentru a maximiza utilizarea terenului \u0219i a continua s\u0103 produc\u0103 vinuri excelente.<\/p>\n<p>Mo\u0219ia se \u00eentinde pe aproape 80 de hectare, 40 de vi\u021b\u0103 de vie \u0219i 40 de planta\u021bii de m\u0103slini. Podgoriile sunt \u00eemp\u0103r\u021bite \u00een dou\u0103 loca\u021bii: Impruneta, unde podgoriile erau numite c\u00e2ndva \u201eTerre dei Ricci\u201d \u0219i acum produc un Chianti Colli Fiorentini, un \u201eTerricci\u201d IGT super toscan, un vin fortificat Vin Santo \u0219i o m\u0103sline extravirgin\u0103 de prim\u0103 clas\u0103. Ulei; \u0219i Greve \u00een inima Chianti Classico, unde Lanciola are aproximativ 14 hectare, dintre care 10 sunt podgorii situate ideal la 300 m deasupra nivelului m\u0103rii, cu expunere sud-vest, pe un sol bun. Sangiovese este soiul principal cultivat, \u00eempreun\u0103 cu unele Cabernet Sauvignon, Merlot, Syrah \u0219i soiuri locale, inclusiv Canaiolo \u0219i Colorino.<\/p>\n<p>Afla ultimile noutati despre noi <a href=\"https:\/\/web.facebook.com\/VinotecaHugoAlbaIulia\/\">AICI<\/a><\/p>\n<\/div>\n<\/div>\n<\/div>\n<\/div>\n<\/div>\n<p>Pentru programul de degustari si oferte personalizate te invitam sa devii membrul clubului Vinoteca Hugo. Pentru mai multe informatii fa click <a href=\"https:\/\/vinotecahugo.ro\/evenimente\/\">AICI.<\/a><\/p>\n<\/div>\n<p>&nbsp;<\/p>\n","protected":false},"excerpt":{"rendered":"<p>Azienda Agricola Lanciola este situat\u0103 la c\u00e2\u021biva kilometri \u00een afara Floren\u021bei, pe dealurile din Impruneta, \u00een regiunea vinicol\u0103 Colli Fiorentini. Vinurile din colectia TERRICCI, reprezinta adevarate comori pastrate in crama familiei zeci de ani.<\/p>\n<p>Vinul de vinoteca TERRICCI Rosso Toscano IGT 1988 datorita potentialului de invechire, chiar si dupa mai mult de 30 ani de la imbuteliere poate bucura orice pasionat de vinuri. Un cadou perfect pentru cei dragi!<\/p>\n<p>NOTA: Cutia de lemn nu este inclusa in pret. <strong><a href=\"https:\/\/vinotecahugo.ro\/produs\/cutie-de-lemn-1-sticla\/\">CUTIA POATE FI COMANDATA AICI (CLICK)<\/a><\/strong><\/p>\n","protected":false},"featured_media":19792,"comment_status":"open","ping_status":"closed","template":"","meta":[],"product_brand":[],"product_cat":[887,888,54,58,145],"product_tag":[356,355,792,790],"class_list":{"0":"post-19791","1":"product","2":"type-product","3":"status-publish","4":"has-post-thumbnail","6":"product_cat-vin-rosu","7":"product_cat-vin-rosu-sec","8":"product_cat-vinuri-de-colectie","9":"product_cat-vinuri-de-vinoteca","10":"product_cat-vinuri-romanesti","11":"product_tag-vin-alba-iulia","12":"product_tag-vinoteca-hugo","13":"product_tag-vinuri-colectie","14":"product_tag-vinuri-vechi","16":"first","17":"instock","18":"taxable","19":"shipping-taxable","20":"purchasable","21":"product-type-simple"},"yoast_head":"<!-- This site is optimized with the Yoast SEO plugin v24.6 - https:\/\/yoast.com\/wordpress\/plugins\/seo\/ -->\n<title>Vin vinoteca 1988 TERRICCI Rosso Toscano IGT fara cutie de lemn - Vinoteca Hugo<\/title>\n<meta name=\"description\" content=\"Comand\u0103 online Vin vinoteca 1988 TERRICCI Rosso Toscano IGT fara cutie de lemn de la Vinoteca Hugo! Vinuri de top pentru momente speciale.\" \/>\n<meta name=\"robots\" content=\"index, follow, max-snippet:-1, max-image-preview:large, max-video-preview:-1\" \/>\n<link rel=\"canonical\" href=\"https:\/\/vinotecahugo.ro\/en\/produs\/vin-vinoteca-1988-terricci-rosso-toscano-igt-fara-cutie-de-lemn\/\" \/>\n<meta property=\"og:locale\" content=\"en_US\" \/>\n<meta property=\"og:type\" content=\"article\" \/>\n<meta property=\"og:title\" content=\"Vin vinoteca 1988 TERRICCI Rosso Toscano IGT fara cutie de lemn - Vinoteca Hugo\" \/>\n<meta property=\"og:description\" content=\"Comand\u0103 online Vin vinoteca 1988 TERRICCI Rosso Toscano IGT fara cutie de lemn de la Vinoteca Hugo! Vinuri de top pentru momente speciale.\" \/>\n<meta property=\"og:url\" content=\"https:\/\/vinotecahugo.ro\/en\/produs\/vin-vinoteca-1988-terricci-rosso-toscano-igt-fara-cutie-de-lemn\/\" \/>\n<meta property=\"og:site_name\" content=\"Vinoteca Hugo\" \/>\n<meta property=\"article:publisher\" content=\"https:\/\/www.facebook.com\/VinotecaHugoAlbaIulia\" \/>\n<meta property=\"article:modified_time\" content=\"2025-11-09T04:50:53+00:00\" \/>\n<meta property=\"og:image\" content=\"https:\/\/vinotecahugo.ro\/wp-content\/uploads\/2024\/08\/vin-1988.jpg\" \/>\n\t<meta property=\"og:image:width\" content=\"1030\" \/>\n\t<meta property=\"og:image:height\" content=\"1030\" \/>\n\t<meta property=\"og:image:type\" content=\"image\/jpeg\" \/>\n<meta name=\"twitter:card\" content=\"summary_large_image\" \/>\n<meta name=\"twitter:label1\" content=\"Est. reading time\" \/>\n\t<meta name=\"twitter:data1\" content=\"2 minutes\" \/>\n<script type=\"application\/ld+json\" class=\"yoast-schema-graph\">{\"@context\":\"https:\/\/schema.org\",\"@graph\":[{\"@type\":\"WebPage\",\"@id\":\"https:\/\/vinotecahugo.ro\/en\/produs\/vin-vinoteca-1988-terricci-rosso-toscano-igt-fara-cutie-de-lemn\/\",\"url\":\"https:\/\/vinotecahugo.ro\/en\/produs\/vin-vinoteca-1988-terricci-rosso-toscano-igt-fara-cutie-de-lemn\/\",\"name\":\"Vin vinoteca 1988 TERRICCI Rosso Toscano IGT fara cutie de lemn - Vinoteca Hugo\",\"isPartOf\":{\"@id\":\"https:\/\/vinotecahugo.ro\/en\/#website\"},\"primaryImageOfPage\":{\"@id\":\"https:\/\/vinotecahugo.ro\/en\/produs\/vin-vinoteca-1988-terricci-rosso-toscano-igt-fara-cutie-de-lemn\/#primaryimage\"},\"image\":{\"@id\":\"https:\/\/vinotecahugo.ro\/en\/produs\/vin-vinoteca-1988-terricci-rosso-toscano-igt-fara-cutie-de-lemn\/#primaryimage\"},\"thumbnailUrl\":\"https:\/\/vinotecahugo.ro\/wp-content\/uploads\/2024\/08\/vin-1988.jpg\",\"datePublished\":\"2024-08-07T14:57:14+00:00\",\"dateModified\":\"2025-11-09T04:50:53+00:00\",\"description\":\"Comand\u0103 online Vin vinoteca 1988 TERRICCI Rosso Toscano IGT fara cutie de lemn de la Vinoteca Hugo! Vinuri de top pentru momente speciale.\",\"breadcrumb\":{\"@id\":\"https:\/\/vinotecahugo.ro\/en\/produs\/vin-vinoteca-1988-terricci-rosso-toscano-igt-fara-cutie-de-lemn\/#breadcrumb\"},\"inLanguage\":\"en-US\",\"potentialAction\":[{\"@type\":\"ReadAction\",\"target\":[\"https:\/\/vinotecahugo.ro\/en\/produs\/vin-vinoteca-1988-terricci-rosso-toscano-igt-fara-cutie-de-lemn\/\"]}]},{\"@type\":\"ImageObject\",\"inLanguage\":\"en-US\",\"@id\":\"https:\/\/vinotecahugo.ro\/en\/produs\/vin-vinoteca-1988-terricci-rosso-toscano-igt-fara-cutie-de-lemn\/#primaryimage\",\"url\":\"https:\/\/vinotecahugo.ro\/wp-content\/uploads\/2024\/08\/vin-1988.jpg\",\"contentUrl\":\"https:\/\/vinotecahugo.ro\/wp-content\/uploads\/2024\/08\/vin-1988.jpg\",\"width\":1030,\"height\":1030},{\"@type\":\"BreadcrumbList\",\"@id\":\"https:\/\/vinotecahugo.ro\/en\/produs\/vin-vinoteca-1988-terricci-rosso-toscano-igt-fara-cutie-de-lemn\/#breadcrumb\",\"itemListElement\":[{\"@type\":\"ListItem\",\"position\":1,\"name\":\"Prima pagin\u0103\",\"item\":\"https:\/\/vinotecahugo.ro\/en\/\"},{\"@type\":\"ListItem\",\"position\":2,\"name\":\"Magazin\",\"item\":\"https:\/\/vinotecahugo.ro\/magazin\/\"},{\"@type\":\"ListItem\",\"position\":3,\"name\":\"Vin vinoteca 1988 TERRICCI Rosso Toscano IGT fara cutie de lemn\"}]},{\"@type\":\"WebSite\",\"@id\":\"https:\/\/vinotecahugo.ro\/en\/#website\",\"url\":\"https:\/\/vinotecahugo.ro\/en\/\",\"name\":\"Vinoteca Hugo\",\"description\":\"vinotec\u0103 cu o colec\u021bie de peste 5000 de sticle de vin\",\"publisher\":{\"@id\":\"https:\/\/vinotecahugo.ro\/en\/#organization\"},\"potentialAction\":[{\"@type\":\"SearchAction\",\"target\":{\"@type\":\"EntryPoint\",\"urlTemplate\":\"https:\/\/vinotecahugo.ro\/en\/?s={search_term_string}\"},\"query-input\":{\"@type\":\"PropertyValueSpecification\",\"valueRequired\":true,\"valueName\":\"search_term_string\"}}],\"inLanguage\":\"en-US\"},{\"@type\":\"Organization\",\"@id\":\"https:\/\/vinotecahugo.ro\/en\/#organization\",\"name\":\"Vinoteca Hugo\",\"url\":\"https:\/\/vinotecahugo.ro\/en\/\",\"logo\":{\"@type\":\"ImageObject\",\"inLanguage\":\"en-US\",\"@id\":\"https:\/\/vinotecahugo.ro\/en\/#\/schema\/logo\/image\/\",\"url\":\"https:\/\/vinotecahugo.ro\/wp-content\/uploads\/2020\/04\/logo-vinoteca-hugo-160-120..jpg\",\"contentUrl\":\"https:\/\/vinotecahugo.ro\/wp-content\/uploads\/2020\/04\/logo-vinoteca-hugo-160-120..jpg\",\"width\":160,\"height\":120,\"caption\":\"Vinoteca Hugo\"},\"image\":{\"@id\":\"https:\/\/vinotecahugo.ro\/en\/#\/schema\/logo\/image\/\"},\"sameAs\":[\"https:\/\/www.facebook.com\/VinotecaHugoAlbaIulia\",\"https:\/\/www.instagram.com\/vinoteca_hugo\/\",\"https:\/\/www.youtube.com\/channel\/UCpprt6bjcY4i-6P9WM-466g\"]}]}<\/script>\n<!-- \/ Yoast SEO plugin. -->","yoast_head_json":{"title":"Vin vinoteca 1988 TERRICCI Rosso Toscano IGT fara cutie de lemn - Vinoteca Hugo","description":"Comand\u0103 online Vin vinoteca 1988 TERRICCI Rosso Toscano IGT fara cutie de lemn de la Vinoteca Hugo! Vinuri de top pentru momente speciale.","robots":{"index":"index","follow":"follow","max-snippet":"max-snippet:-1","max-image-preview":"max-image-preview:large","max-video-preview":"max-video-preview:-1"},"canonical":"https:\/\/vinotecahugo.ro\/en\/produs\/vin-vinoteca-1988-terricci-rosso-toscano-igt-fara-cutie-de-lemn\/","og_locale":"en_US","og_type":"article","og_title":"Vin vinoteca 1988 TERRICCI Rosso Toscano IGT fara cutie de lemn - Vinoteca Hugo","og_description":"Comand\u0103 online Vin vinoteca 1988 TERRICCI Rosso Toscano IGT fara cutie de lemn de la Vinoteca Hugo! Vinuri de top pentru momente speciale.","og_url":"https:\/\/vinotecahugo.ro\/en\/produs\/vin-vinoteca-1988-terricci-rosso-toscano-igt-fara-cutie-de-lemn\/","og_site_name":"Vinoteca Hugo","article_publisher":"https:\/\/www.facebook.com\/VinotecaHugoAlbaIulia","article_modified_time":"2025-11-09T04:50:53+00:00","og_image":[{"width":1030,"height":1030,"url":"https:\/\/vinotecahugo.ro\/wp-content\/uploads\/2024\/08\/vin-1988.jpg","type":"image\/jpeg"}],"twitter_card":"summary_large_image","twitter_misc":{"Est. reading time":"2 minutes"},"schema":{"@context":"https:\/\/schema.org","@graph":[{"@type":"WebPage","@id":"https:\/\/vinotecahugo.ro\/en\/produs\/vin-vinoteca-1988-terricci-rosso-toscano-igt-fara-cutie-de-lemn\/","url":"https:\/\/vinotecahugo.ro\/en\/produs\/vin-vinoteca-1988-terricci-rosso-toscano-igt-fara-cutie-de-lemn\/","name":"Vin vinoteca 1988 TERRICCI Rosso Toscano IGT fara cutie de lemn - Vinoteca Hugo","isPartOf":{"@id":"https:\/\/vinotecahugo.ro\/en\/#website"},"primaryImageOfPage":{"@id":"https:\/\/vinotecahugo.ro\/en\/produs\/vin-vinoteca-1988-terricci-rosso-toscano-igt-fara-cutie-de-lemn\/#primaryimage"},"image":{"@id":"https:\/\/vinotecahugo.ro\/en\/produs\/vin-vinoteca-1988-terricci-rosso-toscano-igt-fara-cutie-de-lemn\/#primaryimage"},"thumbnailUrl":"https:\/\/vinotecahugo.ro\/wp-content\/uploads\/2024\/08\/vin-1988.jpg","datePublished":"2024-08-07T14:57:14+00:00","dateModified":"2025-11-09T04:50:53+00:00","description":"Comand\u0103 online Vin vinoteca 1988 TERRICCI Rosso Toscano IGT fara cutie de lemn de la Vinoteca Hugo! Vinuri de top pentru momente speciale.","breadcrumb":{"@id":"https:\/\/vinotecahugo.ro\/en\/produs\/vin-vinoteca-1988-terricci-rosso-toscano-igt-fara-cutie-de-lemn\/#breadcrumb"},"inLanguage":"en-US","potentialAction":[{"@type":"ReadAction","target":["https:\/\/vinotecahugo.ro\/en\/produs\/vin-vinoteca-1988-terricci-rosso-toscano-igt-fara-cutie-de-lemn\/"]}]},{"@type":"ImageObject","inLanguage":"en-US","@id":"https:\/\/vinotecahugo.ro\/en\/produs\/vin-vinoteca-1988-terricci-rosso-toscano-igt-fara-cutie-de-lemn\/#primaryimage","url":"https:\/\/vinotecahugo.ro\/wp-content\/uploads\/2024\/08\/vin-1988.jpg","contentUrl":"https:\/\/vinotecahugo.ro\/wp-content\/uploads\/2024\/08\/vin-1988.jpg","width":1030,"height":1030},{"@type":"BreadcrumbList","@id":"https:\/\/vinotecahugo.ro\/en\/produs\/vin-vinoteca-1988-terricci-rosso-toscano-igt-fara-cutie-de-lemn\/#breadcrumb","itemListElement":[{"@type":"ListItem","position":1,"name":"Prima pagin\u0103","item":"https:\/\/vinotecahugo.ro\/en\/"},{"@type":"ListItem","position":2,"name":"Magazin","item":"https:\/\/vinotecahugo.ro\/magazin\/"},{"@type":"ListItem","position":3,"name":"Vin vinoteca 1988 TERRICCI Rosso Toscano IGT fara cutie de lemn"}]},{"@type":"WebSite","@id":"https:\/\/vinotecahugo.ro\/en\/#website","url":"https:\/\/vinotecahugo.ro\/en\/","name":"Vinoteca Hugo","description":"vinotec\u0103 cu o colec\u021bie de peste 5000 de sticle de vin","publisher":{"@id":"https:\/\/vinotecahugo.ro\/en\/#organization"},"potentialAction":[{"@type":"SearchAction","target":{"@type":"EntryPoint","urlTemplate":"https:\/\/vinotecahugo.ro\/en\/?s={search_term_string}"},"query-input":{"@type":"PropertyValueSpecification","valueRequired":true,"valueName":"search_term_string"}}],"inLanguage":"en-US"},{"@type":"Organization","@id":"https:\/\/vinotecahugo.ro\/en\/#organization","name":"Vinoteca Hugo","url":"https:\/\/vinotecahugo.ro\/en\/","logo":{"@type":"ImageObject","inLanguage":"en-US","@id":"https:\/\/vinotecahugo.ro\/en\/#\/schema\/logo\/image\/","url":"https:\/\/vinotecahugo.ro\/wp-content\/uploads\/2020\/04\/logo-vinoteca-hugo-160-120..jpg","contentUrl":"https:\/\/vinotecahugo.ro\/wp-content\/uploads\/2020\/04\/logo-vinoteca-hugo-160-120..jpg","width":160,"height":120,"caption":"Vinoteca Hugo"},"image":{"@id":"https:\/\/vinotecahugo.ro\/en\/#\/schema\/logo\/image\/"},"sameAs":["https:\/\/www.facebook.com\/VinotecaHugoAlbaIulia","https:\/\/www.instagram.com\/vinoteca_hugo\/","https:\/\/www.youtube.com\/channel\/UCpprt6bjcY4i-6P9WM-466g"]}]}},"_links":{"self":[{"href":"https:\/\/vinotecahugo.ro\/en\/wp-json\/wp\/v2\/product\/19791","targetHints":{"allow":["GET"]}}],"collection":[{"href":"https:\/\/vinotecahugo.ro\/en\/wp-json\/wp\/v2\/product"}],"about":[{"href":"https:\/\/vinotecahugo.ro\/en\/wp-json\/wp\/v2\/types\/product"}],"replies":[{"embeddable":true,"href":"https:\/\/vinotecahugo.ro\/en\/wp-json\/wp\/v2\/comments?post=19791"}],"wp:featuredmedia":[{"embeddable":true,"href":"https:\/\/vinotecahugo.ro\/en\/wp-json\/wp\/v2\/media\/19792"}],"wp:attachment":[{"href":"https:\/\/vinotecahugo.ro\/en\/wp-json\/wp\/v2\/media?parent=19791"}],"wp:term":[{"taxonomy":"product_brand","embeddable":true,"href":"https:\/\/vinotecahugo.ro\/en\/wp-json\/wp\/v2\/product_brand?post=19791"},{"taxonomy":"product_cat","embeddable":true,"href":"https:\/\/vinotecahugo.ro\/en\/wp-json\/wp\/v2\/product_cat?post=19791"},{"taxonomy":"product_tag","embeddable":true,"href":"https:\/\/vinotecahugo.ro\/en\/wp-json\/wp\/v2\/product_tag?post=19791"}],"curies":[{"name":"wp","href":"https:\/\/api.w.org\/{rel}","templated":true}]}}