{"id":19091,"date":"2023-05-18T12:07:17","date_gmt":"2023-05-18T09:07:17","guid":{"rendered":"https:\/\/vinotecahugo.ro\/?post_type=product&#038;p=19091"},"modified":"2025-08-11T18:44:12","modified_gmt":"2025-08-11T15:44:12","slug":"lartist-alb-2023-by-gabi-lacureanu","status":"publish","type":"product","link":"https:\/\/vinotecahugo.ro\/en\/produs\/lartist-alb-2023-by-gabi-lacureanu\/","title":{"rendered":"LARTIST Alb 2023 by Gabi Lacureanu"},"content":{"rendered":"<p>L&#8217;Artist\u00a0 by Gabi Lacureanu<\/p>\n<div class=\"video-shortcode\"><iframe title=\"Creatorii vinului rom\u00e2nesc: Gabriel L\u0103cureanu\" width=\"1100\" height=\"619\" src=\"https:\/\/www.youtube.com\/embed\/IeqHL_Z8CV4?feature=oembed\" frameborder=\"0\" allow=\"accelerometer; autoplay; clipboard-write; encrypted-media; gyroscope; picture-in-picture; web-share\" allowfullscreen><\/iframe><\/div>\n<div class=\"lbDescription\">\n<p>&nbsp;<\/p>\n<p>Gabriel L\u0103cureanu a \u00eenceput s\u0103 lucreze \u00een industria vinului \u00een anul 2006 \u015fi a colaborat cu mai multe crame p\u00e2n\u0103 acum. \u00cen prezent, el ofer\u0103 consultan\u0163\u0103 pentru \u015fase astfel de businessuri &#8211; Licorna Winehouse, Gramofon Wine, Crama Arcadia, Casa Stanca, Domeniile Zore\u015fti \u015fi Crama Bratu. Pe l\u00e2ng\u0103 consultan\u0163a pe care o ofer\u0103 mai multor crame din Rom\u00e2nia, s\u0103 pun\u0103 pe pia\u0163\u0103 un brand propriu. A\u015fa c\u0103 ideea ap\u0103rut\u0103 \u00een 2020 a prins contur un an mai t\u00e2rziu, c\u00e2nd a v\u00e2ndut primele sticle de vin L\u2019Artist, o umbrel\u0103 sub care exist\u0103 \u00een prezent dou\u0103 game &#8211; L\u2019Artist \u015fi Estrada.<\/p>\n<p>Vinurile sub semn\u0103tura lui denumite LARTIST, \u00een edi\u021bie limitat\u0103, sunt deja\u00a0 disponibile pe pia\u021b\u0103. Ele sunt rodul unei vii vechi de 35 de ani \u0219i reprezint\u0103 \u201co evolu\u021bie natural\u0103\u201d, dup\u0103 cum spune el \u2013 \u00a0\u00een care autorul se exprim\u0103 liber at\u00e2t ca enolog c\u00e2t \u0219i ca antreprenor.<\/p>\n<p>Mai multe informatii despre acest producator gasiti <a href=\"https:\/\/www.cramaferdi.ro\/\">AICI<\/a> .<\/p>\n<\/div>\n<p>Pentru programul de degustari si oferte personalizate te invitam sa devii membrul clubului Vinoteca Hugo. Pentru mai multe informatii fa click <a href=\"https:\/\/vinotecahugo.ro\/evenimente\/\">AICI.<\/a><\/p>\n<p>&nbsp;<\/p>\n<p>&nbsp;<\/p>\n","protected":false},"excerpt":{"rendered":"<p><strong>LARTIST Alb 2023 by Gabi Lacureanu<\/strong><\/p>\n<p>Vinurile sub semn\u0103tura lui Gabi Lacureanu denumite LARTIST, \u00een edi\u021bie limitat\u0103, sunt deja\u00a0 disponibile pe pia\u021b\u0103. Ele sunt rodul unei vii vechi de 35 de ani \u0219i reprezint\u0103 \u201co evolu\u021bie natural\u0103\u201d, dup\u0103 cum spune el \u2013 \u00a0\u00een care autorul se exprim\u0103 liber at\u00e2t ca enolog c\u00e2t \u0219i ca antreprenor.<\/p>\n<div data-vivino-widget-type=\"wine\" data-vivino-vintage-id=\"167116567\" data-vivino-user-id=\"45766651\" data-vivino-widget-language=\"en\" data-vivino-widget-layout=\"medium\">Vin alb sec, ce are la baza 2 soiuri de struguri: \u0218arba, Chardonnay, Tamaioasa Romaneasca.<\/div>\n<p>&nbsp;<\/p>\n<p>&nbsp;<\/p>\n","protected":false},"featured_media":19093,"comment_status":"open","ping_status":"closed","template":"","meta":[],"product_brand":[],"product_cat":[882,884,54,145],"product_tag":[356,355],"class_list":{"0":"post-19091","1":"product","2":"type-product","3":"status-publish","4":"has-post-thumbnail","6":"product_cat-vin-alb","7":"product_cat-vin-alb-sec","8":"product_cat-vinuri-de-colectie","9":"product_cat-vinuri-romanesti","10":"product_tag-vin-alba-iulia","11":"product_tag-vinoteca-hugo","13":"first","14":"instock","15":"taxable","16":"shipping-taxable","17":"purchasable","18":"product-type-simple"},"yoast_head":"<!-- This site is optimized with the Yoast SEO plugin v24.6 - https:\/\/yoast.com\/wordpress\/plugins\/seo\/ -->\n<title>LARTIST Alb 2023 by Gabi Lacureanu - Vinoteca Hugo<\/title>\n<meta name=\"description\" content=\"Comand\u0103 online LARTIST Alb 2023 by Gabi Lacureanu de la Vinoteca Hugo! Vinuri de top pentru momente speciale.\" \/>\n<meta name=\"robots\" content=\"index, follow, max-snippet:-1, max-image-preview:large, max-video-preview:-1\" \/>\n<link rel=\"canonical\" href=\"https:\/\/vinotecahugo.ro\/en\/produs\/lartist-alb-2023-by-gabi-lacureanu\/\" \/>\n<meta property=\"og:locale\" content=\"en_US\" \/>\n<meta property=\"og:type\" content=\"article\" \/>\n<meta property=\"og:title\" content=\"LARTIST Alb 2023 by Gabi Lacureanu - Vinoteca Hugo\" \/>\n<meta property=\"og:description\" content=\"Comand\u0103 online LARTIST Alb 2023 by Gabi Lacureanu de la Vinoteca Hugo! Vinuri de top pentru momente speciale.\" \/>\n<meta property=\"og:url\" content=\"https:\/\/vinotecahugo.ro\/en\/produs\/lartist-alb-2023-by-gabi-lacureanu\/\" \/>\n<meta property=\"og:site_name\" content=\"Vinoteca Hugo\" \/>\n<meta property=\"article:publisher\" content=\"https:\/\/www.facebook.com\/VinotecaHugoAlbaIulia\" \/>\n<meta property=\"article:modified_time\" content=\"2025-08-11T15:44:12+00:00\" \/>\n<meta property=\"og:image\" content=\"https:\/\/vinotecahugo.ro\/wp-content\/uploads\/2023\/05\/lartist-alb.jpg\" \/>\n\t<meta property=\"og:image:width\" content=\"1024\" \/>\n\t<meta property=\"og:image:height\" content=\"1024\" \/>\n\t<meta property=\"og:image:type\" content=\"image\/jpeg\" \/>\n<meta name=\"twitter:card\" content=\"summary_large_image\" \/>\n<meta name=\"twitter:label1\" content=\"Est. reading time\" \/>\n\t<meta name=\"twitter:data1\" content=\"1 minute\" \/>\n<script type=\"application\/ld+json\" class=\"yoast-schema-graph\">{\"@context\":\"https:\/\/schema.org\",\"@graph\":[{\"@type\":\"WebPage\",\"@id\":\"https:\/\/vinotecahugo.ro\/en\/produs\/lartist-alb-2023-by-gabi-lacureanu\/\",\"url\":\"https:\/\/vinotecahugo.ro\/en\/produs\/lartist-alb-2023-by-gabi-lacureanu\/\",\"name\":\"LARTIST Alb 2023 by Gabi Lacureanu - Vinoteca Hugo\",\"isPartOf\":{\"@id\":\"https:\/\/vinotecahugo.ro\/en\/#website\"},\"primaryImageOfPage\":{\"@id\":\"https:\/\/vinotecahugo.ro\/en\/produs\/lartist-alb-2023-by-gabi-lacureanu\/#primaryimage\"},\"image\":{\"@id\":\"https:\/\/vinotecahugo.ro\/en\/produs\/lartist-alb-2023-by-gabi-lacureanu\/#primaryimage\"},\"thumbnailUrl\":\"https:\/\/vinotecahugo.ro\/wp-content\/uploads\/2023\/05\/lartist-alb.jpg\",\"datePublished\":\"2023-05-18T09:07:17+00:00\",\"dateModified\":\"2025-08-11T15:44:12+00:00\",\"description\":\"Comand\u0103 online LARTIST Alb 2023 by Gabi Lacureanu de la Vinoteca Hugo! Vinuri de top pentru momente speciale.\",\"breadcrumb\":{\"@id\":\"https:\/\/vinotecahugo.ro\/en\/produs\/lartist-alb-2023-by-gabi-lacureanu\/#breadcrumb\"},\"inLanguage\":\"en-US\",\"potentialAction\":[{\"@type\":\"ReadAction\",\"target\":[\"https:\/\/vinotecahugo.ro\/en\/produs\/lartist-alb-2023-by-gabi-lacureanu\/\"]}]},{\"@type\":\"ImageObject\",\"inLanguage\":\"en-US\",\"@id\":\"https:\/\/vinotecahugo.ro\/en\/produs\/lartist-alb-2023-by-gabi-lacureanu\/#primaryimage\",\"url\":\"https:\/\/vinotecahugo.ro\/wp-content\/uploads\/2023\/05\/lartist-alb.jpg\",\"contentUrl\":\"https:\/\/vinotecahugo.ro\/wp-content\/uploads\/2023\/05\/lartist-alb.jpg\",\"width\":1024,\"height\":1024},{\"@type\":\"BreadcrumbList\",\"@id\":\"https:\/\/vinotecahugo.ro\/en\/produs\/lartist-alb-2023-by-gabi-lacureanu\/#breadcrumb\",\"itemListElement\":[{\"@type\":\"ListItem\",\"position\":1,\"name\":\"Prima pagin\u0103\",\"item\":\"https:\/\/vinotecahugo.ro\/en\/\"},{\"@type\":\"ListItem\",\"position\":2,\"name\":\"Magazin\",\"item\":\"https:\/\/vinotecahugo.ro\/magazin\/\"},{\"@type\":\"ListItem\",\"position\":3,\"name\":\"LARTIST Alb 2023 by Gabi Lacureanu\"}]},{\"@type\":\"WebSite\",\"@id\":\"https:\/\/vinotecahugo.ro\/en\/#website\",\"url\":\"https:\/\/vinotecahugo.ro\/en\/\",\"name\":\"Vinoteca Hugo\",\"description\":\"vinotec\u0103 cu o colec\u021bie de peste 5000 de sticle de vin\",\"publisher\":{\"@id\":\"https:\/\/vinotecahugo.ro\/en\/#organization\"},\"potentialAction\":[{\"@type\":\"SearchAction\",\"target\":{\"@type\":\"EntryPoint\",\"urlTemplate\":\"https:\/\/vinotecahugo.ro\/en\/?s={search_term_string}\"},\"query-input\":{\"@type\":\"PropertyValueSpecification\",\"valueRequired\":true,\"valueName\":\"search_term_string\"}}],\"inLanguage\":\"en-US\"},{\"@type\":\"Organization\",\"@id\":\"https:\/\/vinotecahugo.ro\/en\/#organization\",\"name\":\"Vinoteca Hugo\",\"url\":\"https:\/\/vinotecahugo.ro\/en\/\",\"logo\":{\"@type\":\"ImageObject\",\"inLanguage\":\"en-US\",\"@id\":\"https:\/\/vinotecahugo.ro\/en\/#\/schema\/logo\/image\/\",\"url\":\"https:\/\/vinotecahugo.ro\/wp-content\/uploads\/2020\/04\/logo-vinoteca-hugo-160-120..jpg\",\"contentUrl\":\"https:\/\/vinotecahugo.ro\/wp-content\/uploads\/2020\/04\/logo-vinoteca-hugo-160-120..jpg\",\"width\":160,\"height\":120,\"caption\":\"Vinoteca Hugo\"},\"image\":{\"@id\":\"https:\/\/vinotecahugo.ro\/en\/#\/schema\/logo\/image\/\"},\"sameAs\":[\"https:\/\/www.facebook.com\/VinotecaHugoAlbaIulia\",\"https:\/\/www.instagram.com\/vinoteca_hugo\/\",\"https:\/\/www.youtube.com\/channel\/UCpprt6bjcY4i-6P9WM-466g\"]}]}<\/script>\n<!-- \/ Yoast SEO plugin. -->","yoast_head_json":{"title":"LARTIST Alb 2023 by Gabi Lacureanu - Vinoteca Hugo","description":"Comand\u0103 online LARTIST Alb 2023 by Gabi Lacureanu de la Vinoteca Hugo! Vinuri de top pentru momente speciale.","robots":{"index":"index","follow":"follow","max-snippet":"max-snippet:-1","max-image-preview":"max-image-preview:large","max-video-preview":"max-video-preview:-1"},"canonical":"https:\/\/vinotecahugo.ro\/en\/produs\/lartist-alb-2023-by-gabi-lacureanu\/","og_locale":"en_US","og_type":"article","og_title":"LARTIST Alb 2023 by Gabi Lacureanu - Vinoteca Hugo","og_description":"Comand\u0103 online LARTIST Alb 2023 by Gabi Lacureanu de la Vinoteca Hugo! Vinuri de top pentru momente speciale.","og_url":"https:\/\/vinotecahugo.ro\/en\/produs\/lartist-alb-2023-by-gabi-lacureanu\/","og_site_name":"Vinoteca Hugo","article_publisher":"https:\/\/www.facebook.com\/VinotecaHugoAlbaIulia","article_modified_time":"2025-08-11T15:44:12+00:00","og_image":[{"width":1024,"height":1024,"url":"https:\/\/vinotecahugo.ro\/wp-content\/uploads\/2023\/05\/lartist-alb.jpg","type":"image\/jpeg"}],"twitter_card":"summary_large_image","twitter_misc":{"Est. reading time":"1 minute"},"schema":{"@context":"https:\/\/schema.org","@graph":[{"@type":"WebPage","@id":"https:\/\/vinotecahugo.ro\/en\/produs\/lartist-alb-2023-by-gabi-lacureanu\/","url":"https:\/\/vinotecahugo.ro\/en\/produs\/lartist-alb-2023-by-gabi-lacureanu\/","name":"LARTIST Alb 2023 by Gabi Lacureanu - Vinoteca Hugo","isPartOf":{"@id":"https:\/\/vinotecahugo.ro\/en\/#website"},"primaryImageOfPage":{"@id":"https:\/\/vinotecahugo.ro\/en\/produs\/lartist-alb-2023-by-gabi-lacureanu\/#primaryimage"},"image":{"@id":"https:\/\/vinotecahugo.ro\/en\/produs\/lartist-alb-2023-by-gabi-lacureanu\/#primaryimage"},"thumbnailUrl":"https:\/\/vinotecahugo.ro\/wp-content\/uploads\/2023\/05\/lartist-alb.jpg","datePublished":"2023-05-18T09:07:17+00:00","dateModified":"2025-08-11T15:44:12+00:00","description":"Comand\u0103 online LARTIST Alb 2023 by Gabi Lacureanu de la Vinoteca Hugo! Vinuri de top pentru momente speciale.","breadcrumb":{"@id":"https:\/\/vinotecahugo.ro\/en\/produs\/lartist-alb-2023-by-gabi-lacureanu\/#breadcrumb"},"inLanguage":"en-US","potentialAction":[{"@type":"ReadAction","target":["https:\/\/vinotecahugo.ro\/en\/produs\/lartist-alb-2023-by-gabi-lacureanu\/"]}]},{"@type":"ImageObject","inLanguage":"en-US","@id":"https:\/\/vinotecahugo.ro\/en\/produs\/lartist-alb-2023-by-gabi-lacureanu\/#primaryimage","url":"https:\/\/vinotecahugo.ro\/wp-content\/uploads\/2023\/05\/lartist-alb.jpg","contentUrl":"https:\/\/vinotecahugo.ro\/wp-content\/uploads\/2023\/05\/lartist-alb.jpg","width":1024,"height":1024},{"@type":"BreadcrumbList","@id":"https:\/\/vinotecahugo.ro\/en\/produs\/lartist-alb-2023-by-gabi-lacureanu\/#breadcrumb","itemListElement":[{"@type":"ListItem","position":1,"name":"Prima pagin\u0103","item":"https:\/\/vinotecahugo.ro\/en\/"},{"@type":"ListItem","position":2,"name":"Magazin","item":"https:\/\/vinotecahugo.ro\/magazin\/"},{"@type":"ListItem","position":3,"name":"LARTIST Alb 2023 by Gabi Lacureanu"}]},{"@type":"WebSite","@id":"https:\/\/vinotecahugo.ro\/en\/#website","url":"https:\/\/vinotecahugo.ro\/en\/","name":"Vinoteca Hugo","description":"vinotec\u0103 cu o colec\u021bie de peste 5000 de sticle de vin","publisher":{"@id":"https:\/\/vinotecahugo.ro\/en\/#organization"},"potentialAction":[{"@type":"SearchAction","target":{"@type":"EntryPoint","urlTemplate":"https:\/\/vinotecahugo.ro\/en\/?s={search_term_string}"},"query-input":{"@type":"PropertyValueSpecification","valueRequired":true,"valueName":"search_term_string"}}],"inLanguage":"en-US"},{"@type":"Organization","@id":"https:\/\/vinotecahugo.ro\/en\/#organization","name":"Vinoteca Hugo","url":"https:\/\/vinotecahugo.ro\/en\/","logo":{"@type":"ImageObject","inLanguage":"en-US","@id":"https:\/\/vinotecahugo.ro\/en\/#\/schema\/logo\/image\/","url":"https:\/\/vinotecahugo.ro\/wp-content\/uploads\/2020\/04\/logo-vinoteca-hugo-160-120..jpg","contentUrl":"https:\/\/vinotecahugo.ro\/wp-content\/uploads\/2020\/04\/logo-vinoteca-hugo-160-120..jpg","width":160,"height":120,"caption":"Vinoteca Hugo"},"image":{"@id":"https:\/\/vinotecahugo.ro\/en\/#\/schema\/logo\/image\/"},"sameAs":["https:\/\/www.facebook.com\/VinotecaHugoAlbaIulia","https:\/\/www.instagram.com\/vinoteca_hugo\/","https:\/\/www.youtube.com\/channel\/UCpprt6bjcY4i-6P9WM-466g"]}]}},"_links":{"self":[{"href":"https:\/\/vinotecahugo.ro\/en\/wp-json\/wp\/v2\/product\/19091","targetHints":{"allow":["GET"]}}],"collection":[{"href":"https:\/\/vinotecahugo.ro\/en\/wp-json\/wp\/v2\/product"}],"about":[{"href":"https:\/\/vinotecahugo.ro\/en\/wp-json\/wp\/v2\/types\/product"}],"replies":[{"embeddable":true,"href":"https:\/\/vinotecahugo.ro\/en\/wp-json\/wp\/v2\/comments?post=19091"}],"wp:featuredmedia":[{"embeddable":true,"href":"https:\/\/vinotecahugo.ro\/en\/wp-json\/wp\/v2\/media\/19093"}],"wp:attachment":[{"href":"https:\/\/vinotecahugo.ro\/en\/wp-json\/wp\/v2\/media?parent=19091"}],"wp:term":[{"taxonomy":"product_brand","embeddable":true,"href":"https:\/\/vinotecahugo.ro\/en\/wp-json\/wp\/v2\/product_brand?post=19091"},{"taxonomy":"product_cat","embeddable":true,"href":"https:\/\/vinotecahugo.ro\/en\/wp-json\/wp\/v2\/product_cat?post=19091"},{"taxonomy":"product_tag","embeddable":true,"href":"https:\/\/vinotecahugo.ro\/en\/wp-json\/wp\/v2\/product_tag?post=19091"}],"curies":[{"name":"wp","href":"https:\/\/api.w.org\/{rel}","templated":true}]}}