{"id":18667,"date":"2022-10-21T16:38:52","date_gmt":"2022-10-21T13:38:52","guid":{"rendered":"https:\/\/vinotecahugo.ro\/?post_type=product&#038;p=18667"},"modified":"2025-10-29T17:55:17","modified_gmt":"2025-10-29T15:55:17","slug":"champagne-prestige-des-sacres-brut-magnum-15l","status":"publish","type":"product","link":"https:\/\/vinotecahugo.ro\/en\/produs\/champagne-prestige-des-sacres-brut-magnum-15l\/","title":{"rendered":"Champagne Prestige des Sacres Brut Magnum 1,5l"},"content":{"rendered":"<p>Champagne Prestige des Sacres Brut Magnum<\/p>\n<div class=\"lbDescription\">\n<div class=\"video-shortcode\"><iframe title=\"D\u00e9gustation Brut Prestige - Champagne Prestige des Sacres\" width=\"1100\" height=\"619\" src=\"https:\/\/www.youtube.com\/embed\/KHb2ACQh9gE?feature=oembed\" frameborder=\"0\" allow=\"accelerometer; autoplay; clipboard-write; encrypted-media; gyroscope; picture-in-picture\" allowfullscreen><\/iframe><\/div>\n<p>Povestea Prestige des Sacres a \u00eencepe \u00een anii 60, c\u00e2nd Ren\u00e9 Lamblot \u0219i un grup mic de viticultori din Janvry, Reims, decid s\u0103 \u00ee\u0219i uneasc\u0103 for\u021bele \u0219i\u00a0 resursele pentru a-\u0219i crea propria \u0219ampanie. Scopul lor a fost de a-\u0219i promova terroir-ul \u2013 versan\u021bii vestici din Montagne de Reims.<\/p>\n<p>Anii au trecut \u0219i grupul mic s-a extins, astfe p\u0103rin\u0163ilor fondatori li s-au al\u0103turat c\u00e2\u0163iva al\u0163i viticultori care \u00eemp\u0103rt\u0103\u015feau aceea\u015fi dorin\u0163\u0103 de solidaritate \u015fi asisten\u0163\u0103 reciproc\u0103.<\/p>\n<p>Ast\u0103zi, aproape 60 de viticultori, furnizori de struguri al casei PRESTIGE DES SACRES, \u00ee\u0219i scriu propria poveste centrat\u0103 pe o pasiune comun\u0103. Suprafa\u021ba total\u0103 de vie este 115 ha, \u0219i cuprinde 40 parcele diferite, inclusiv 5 parcele clasificate Premier Cru.<\/p>\n<p>Brandul PRESTIGE DES SACRES este inspirat de istoria regilor Fran\u021bei. \u00cen Reims, chiar inima Champagne, au fost \u00eencorona\u021bi nu mai pu\u021bin de 33 de regi ai Fran\u021bei. Ca un omagiu adus originii vi\u021bei de vie \u0219i istoriei lor bogate legate de monarhii \u021b\u0103rii, viticultorii asocia\u021bi au ales numele PRESTIGE DES SACRES cu un design de ambalaj ce con\u021bine culori \u0219i simboluri regale.<\/p>\n<p>Mai multe informatii despre acest producator gasiti <a href=\"https:\/\/www.champagne-prestigedessacres.com\/en\/home\/\" target=\"_blank\" rel=\"noopener\">AICI<\/a> .<\/p>\n<\/div>\n<p>Pentru programul de degustari si oferte personalizate te invitam sa devii membrul clubului Vinoteca Hugo. Pentru mai multe informatii fa click <a href=\"https:\/\/vinotecahugo.ro\/evenimente\/\">AICI.<\/a><\/p>\n<p>&nbsp;<\/p>\n","protected":false},"excerpt":{"rendered":"<p>Brut Prestige \u2013 este \u0219ampania care define\u0219te stilul brandului Prestige des Sacres.\u00a0Un cupaj elegant \u00een care strugurii Pinot Noir (1\/3), sunt completa\u021bi \u00een propor\u021bie egal\u0103 de Chardonnay (1\/3) \u0219i Pinot Meunier (1\/3). Strugurii provin din 40 de podgorii diferite, situate pe versan\u021bii vestici din Montagne de Reims. Pentru cupajul final se folosesc 40%\u00a0 vinuri maturate \u201esur lie\u201d in inox , care provin din 4 recolte anterioare. Maturat pe sediment de drojdii 4 ani. Dosage \u00eentre 9-9,5 gr\/l.<\/p>\n<p>Culoare aurie deschis\u0103. Efervescen\u021b\u0103 intens\u0103 cu bule fine. Primul nas ne dezv\u0103luie arome de biscui\u021bi \u0219i fructe (pere \u0219i prune). Gustul este seduc\u0103tor, proasp\u0103t\u0103 \u0219i bine echilibrat cu note de pere \u0219i produse de patiserie. Postgust bogat \u0219i persistent.<\/p>\n<p>&nbsp;<\/p>\n","protected":false},"featured_media":18668,"comment_status":"open","ping_status":"closed","template":"","meta":[],"product_brand":[],"product_cat":[882,281],"product_tag":[648,645,356,355],"class_list":{"0":"post-18667","1":"product","2":"type-product","3":"status-publish","4":"has-post-thumbnail","6":"product_cat-vin-alb","7":"product_cat-vinuri-internationale","8":"product_tag-franta","9":"product_tag-sampanie","10":"product_tag-vin-alba-iulia","11":"product_tag-vinoteca-hugo","13":"first","14":"instock","15":"taxable","16":"shipping-taxable","17":"purchasable","18":"product-type-simple"},"yoast_head":"<!-- This site is optimized with the Yoast SEO plugin v24.6 - https:\/\/yoast.com\/wordpress\/plugins\/seo\/ -->\n<title>Champagne Prestige des Sacres Brut Magnum 1,5l - Vinoteca Hugo<\/title>\n<meta name=\"description\" content=\"Comand\u0103 online Champagne Prestige des Sacres Brut Magnum 1,5l de la Vinoteca Hugo! Vinuri de top pentru momente speciale.\" \/>\n<meta name=\"robots\" content=\"index, follow, max-snippet:-1, max-image-preview:large, max-video-preview:-1\" \/>\n<link rel=\"canonical\" href=\"https:\/\/vinotecahugo.ro\/en\/produs\/champagne-prestige-des-sacres-brut-magnum-15l\/\" \/>\n<meta property=\"og:locale\" content=\"en_US\" \/>\n<meta property=\"og:type\" content=\"article\" \/>\n<meta property=\"og:title\" content=\"Champagne Prestige des Sacres Brut Magnum 1,5l - Vinoteca Hugo\" \/>\n<meta property=\"og:description\" content=\"Comand\u0103 online Champagne Prestige des Sacres Brut Magnum 1,5l de la Vinoteca Hugo! Vinuri de top pentru momente speciale.\" \/>\n<meta property=\"og:url\" content=\"https:\/\/vinotecahugo.ro\/en\/produs\/champagne-prestige-des-sacres-brut-magnum-15l\/\" \/>\n<meta property=\"og:site_name\" content=\"Vinoteca Hugo\" \/>\n<meta property=\"article:publisher\" content=\"https:\/\/www.facebook.com\/VinotecaHugoAlbaIulia\" \/>\n<meta property=\"article:modified_time\" content=\"2025-10-29T15:55:17+00:00\" \/>\n<meta property=\"og:image\" content=\"https:\/\/vinotecahugo.ro\/wp-content\/uploads\/2022\/10\/BRUT-RESERVE-PRESTIGE-DES-SACRES-magnum.jpg\" \/>\n\t<meta property=\"og:image:width\" content=\"1200\" \/>\n\t<meta property=\"og:image:height\" content=\"1200\" \/>\n\t<meta property=\"og:image:type\" content=\"image\/jpeg\" \/>\n<meta name=\"twitter:card\" content=\"summary_large_image\" \/>\n<meta name=\"twitter:label1\" content=\"Est. reading time\" \/>\n\t<meta name=\"twitter:data1\" content=\"2 minutes\" \/>\n<script type=\"application\/ld+json\" class=\"yoast-schema-graph\">{\"@context\":\"https:\/\/schema.org\",\"@graph\":[{\"@type\":\"WebPage\",\"@id\":\"https:\/\/vinotecahugo.ro\/en\/produs\/champagne-prestige-des-sacres-brut-magnum-15l\/\",\"url\":\"https:\/\/vinotecahugo.ro\/en\/produs\/champagne-prestige-des-sacres-brut-magnum-15l\/\",\"name\":\"Champagne Prestige des Sacres Brut Magnum 1,5l - Vinoteca Hugo\",\"isPartOf\":{\"@id\":\"https:\/\/vinotecahugo.ro\/en\/#website\"},\"primaryImageOfPage\":{\"@id\":\"https:\/\/vinotecahugo.ro\/en\/produs\/champagne-prestige-des-sacres-brut-magnum-15l\/#primaryimage\"},\"image\":{\"@id\":\"https:\/\/vinotecahugo.ro\/en\/produs\/champagne-prestige-des-sacres-brut-magnum-15l\/#primaryimage\"},\"thumbnailUrl\":\"https:\/\/vinotecahugo.ro\/wp-content\/uploads\/2022\/10\/BRUT-RESERVE-PRESTIGE-DES-SACRES-magnum.jpg\",\"datePublished\":\"2022-10-21T13:38:52+00:00\",\"dateModified\":\"2025-10-29T15:55:17+00:00\",\"description\":\"Comand\u0103 online Champagne Prestige des Sacres Brut Magnum 1,5l de la Vinoteca Hugo! Vinuri de top pentru momente speciale.\",\"breadcrumb\":{\"@id\":\"https:\/\/vinotecahugo.ro\/en\/produs\/champagne-prestige-des-sacres-brut-magnum-15l\/#breadcrumb\"},\"inLanguage\":\"en-US\",\"potentialAction\":[{\"@type\":\"ReadAction\",\"target\":[\"https:\/\/vinotecahugo.ro\/en\/produs\/champagne-prestige-des-sacres-brut-magnum-15l\/\"]}]},{\"@type\":\"ImageObject\",\"inLanguage\":\"en-US\",\"@id\":\"https:\/\/vinotecahugo.ro\/en\/produs\/champagne-prestige-des-sacres-brut-magnum-15l\/#primaryimage\",\"url\":\"https:\/\/vinotecahugo.ro\/wp-content\/uploads\/2022\/10\/BRUT-RESERVE-PRESTIGE-DES-SACRES-magnum.jpg\",\"contentUrl\":\"https:\/\/vinotecahugo.ro\/wp-content\/uploads\/2022\/10\/BRUT-RESERVE-PRESTIGE-DES-SACRES-magnum.jpg\",\"width\":1200,\"height\":1200},{\"@type\":\"BreadcrumbList\",\"@id\":\"https:\/\/vinotecahugo.ro\/en\/produs\/champagne-prestige-des-sacres-brut-magnum-15l\/#breadcrumb\",\"itemListElement\":[{\"@type\":\"ListItem\",\"position\":1,\"name\":\"Prima pagin\u0103\",\"item\":\"https:\/\/vinotecahugo.ro\/en\/\"},{\"@type\":\"ListItem\",\"position\":2,\"name\":\"Magazin\",\"item\":\"https:\/\/vinotecahugo.ro\/magazin\/\"},{\"@type\":\"ListItem\",\"position\":3,\"name\":\"Champagne Prestige des Sacres Brut Magnum 1,5l\"}]},{\"@type\":\"WebSite\",\"@id\":\"https:\/\/vinotecahugo.ro\/en\/#website\",\"url\":\"https:\/\/vinotecahugo.ro\/en\/\",\"name\":\"Vinoteca Hugo\",\"description\":\"vinotec\u0103 cu o colec\u021bie de peste 5000 de sticle de vin\",\"publisher\":{\"@id\":\"https:\/\/vinotecahugo.ro\/en\/#organization\"},\"potentialAction\":[{\"@type\":\"SearchAction\",\"target\":{\"@type\":\"EntryPoint\",\"urlTemplate\":\"https:\/\/vinotecahugo.ro\/en\/?s={search_term_string}\"},\"query-input\":{\"@type\":\"PropertyValueSpecification\",\"valueRequired\":true,\"valueName\":\"search_term_string\"}}],\"inLanguage\":\"en-US\"},{\"@type\":\"Organization\",\"@id\":\"https:\/\/vinotecahugo.ro\/en\/#organization\",\"name\":\"Vinoteca Hugo\",\"url\":\"https:\/\/vinotecahugo.ro\/en\/\",\"logo\":{\"@type\":\"ImageObject\",\"inLanguage\":\"en-US\",\"@id\":\"https:\/\/vinotecahugo.ro\/en\/#\/schema\/logo\/image\/\",\"url\":\"https:\/\/vinotecahugo.ro\/wp-content\/uploads\/2020\/04\/logo-vinoteca-hugo-160-120..jpg\",\"contentUrl\":\"https:\/\/vinotecahugo.ro\/wp-content\/uploads\/2020\/04\/logo-vinoteca-hugo-160-120..jpg\",\"width\":160,\"height\":120,\"caption\":\"Vinoteca Hugo\"},\"image\":{\"@id\":\"https:\/\/vinotecahugo.ro\/en\/#\/schema\/logo\/image\/\"},\"sameAs\":[\"https:\/\/www.facebook.com\/VinotecaHugoAlbaIulia\",\"https:\/\/www.instagram.com\/vinoteca_hugo\/\",\"https:\/\/www.youtube.com\/channel\/UCpprt6bjcY4i-6P9WM-466g\"]}]}<\/script>\n<!-- \/ Yoast SEO plugin. -->","yoast_head_json":{"title":"Champagne Prestige des Sacres Brut Magnum 1,5l - Vinoteca Hugo","description":"Comand\u0103 online Champagne Prestige des Sacres Brut Magnum 1,5l de la Vinoteca Hugo! Vinuri de top pentru momente speciale.","robots":{"index":"index","follow":"follow","max-snippet":"max-snippet:-1","max-image-preview":"max-image-preview:large","max-video-preview":"max-video-preview:-1"},"canonical":"https:\/\/vinotecahugo.ro\/en\/produs\/champagne-prestige-des-sacres-brut-magnum-15l\/","og_locale":"en_US","og_type":"article","og_title":"Champagne Prestige des Sacres Brut Magnum 1,5l - Vinoteca Hugo","og_description":"Comand\u0103 online Champagne Prestige des Sacres Brut Magnum 1,5l de la Vinoteca Hugo! Vinuri de top pentru momente speciale.","og_url":"https:\/\/vinotecahugo.ro\/en\/produs\/champagne-prestige-des-sacres-brut-magnum-15l\/","og_site_name":"Vinoteca Hugo","article_publisher":"https:\/\/www.facebook.com\/VinotecaHugoAlbaIulia","article_modified_time":"2025-10-29T15:55:17+00:00","og_image":[{"width":1200,"height":1200,"url":"https:\/\/vinotecahugo.ro\/wp-content\/uploads\/2022\/10\/BRUT-RESERVE-PRESTIGE-DES-SACRES-magnum.jpg","type":"image\/jpeg"}],"twitter_card":"summary_large_image","twitter_misc":{"Est. reading time":"2 minutes"},"schema":{"@context":"https:\/\/schema.org","@graph":[{"@type":"WebPage","@id":"https:\/\/vinotecahugo.ro\/en\/produs\/champagne-prestige-des-sacres-brut-magnum-15l\/","url":"https:\/\/vinotecahugo.ro\/en\/produs\/champagne-prestige-des-sacres-brut-magnum-15l\/","name":"Champagne Prestige des Sacres Brut Magnum 1,5l - Vinoteca Hugo","isPartOf":{"@id":"https:\/\/vinotecahugo.ro\/en\/#website"},"primaryImageOfPage":{"@id":"https:\/\/vinotecahugo.ro\/en\/produs\/champagne-prestige-des-sacres-brut-magnum-15l\/#primaryimage"},"image":{"@id":"https:\/\/vinotecahugo.ro\/en\/produs\/champagne-prestige-des-sacres-brut-magnum-15l\/#primaryimage"},"thumbnailUrl":"https:\/\/vinotecahugo.ro\/wp-content\/uploads\/2022\/10\/BRUT-RESERVE-PRESTIGE-DES-SACRES-magnum.jpg","datePublished":"2022-10-21T13:38:52+00:00","dateModified":"2025-10-29T15:55:17+00:00","description":"Comand\u0103 online Champagne Prestige des Sacres Brut Magnum 1,5l de la Vinoteca Hugo! Vinuri de top pentru momente speciale.","breadcrumb":{"@id":"https:\/\/vinotecahugo.ro\/en\/produs\/champagne-prestige-des-sacres-brut-magnum-15l\/#breadcrumb"},"inLanguage":"en-US","potentialAction":[{"@type":"ReadAction","target":["https:\/\/vinotecahugo.ro\/en\/produs\/champagne-prestige-des-sacres-brut-magnum-15l\/"]}]},{"@type":"ImageObject","inLanguage":"en-US","@id":"https:\/\/vinotecahugo.ro\/en\/produs\/champagne-prestige-des-sacres-brut-magnum-15l\/#primaryimage","url":"https:\/\/vinotecahugo.ro\/wp-content\/uploads\/2022\/10\/BRUT-RESERVE-PRESTIGE-DES-SACRES-magnum.jpg","contentUrl":"https:\/\/vinotecahugo.ro\/wp-content\/uploads\/2022\/10\/BRUT-RESERVE-PRESTIGE-DES-SACRES-magnum.jpg","width":1200,"height":1200},{"@type":"BreadcrumbList","@id":"https:\/\/vinotecahugo.ro\/en\/produs\/champagne-prestige-des-sacres-brut-magnum-15l\/#breadcrumb","itemListElement":[{"@type":"ListItem","position":1,"name":"Prima pagin\u0103","item":"https:\/\/vinotecahugo.ro\/en\/"},{"@type":"ListItem","position":2,"name":"Magazin","item":"https:\/\/vinotecahugo.ro\/magazin\/"},{"@type":"ListItem","position":3,"name":"Champagne Prestige des Sacres Brut Magnum 1,5l"}]},{"@type":"WebSite","@id":"https:\/\/vinotecahugo.ro\/en\/#website","url":"https:\/\/vinotecahugo.ro\/en\/","name":"Vinoteca Hugo","description":"vinotec\u0103 cu o colec\u021bie de peste 5000 de sticle de vin","publisher":{"@id":"https:\/\/vinotecahugo.ro\/en\/#organization"},"potentialAction":[{"@type":"SearchAction","target":{"@type":"EntryPoint","urlTemplate":"https:\/\/vinotecahugo.ro\/en\/?s={search_term_string}"},"query-input":{"@type":"PropertyValueSpecification","valueRequired":true,"valueName":"search_term_string"}}],"inLanguage":"en-US"},{"@type":"Organization","@id":"https:\/\/vinotecahugo.ro\/en\/#organization","name":"Vinoteca Hugo","url":"https:\/\/vinotecahugo.ro\/en\/","logo":{"@type":"ImageObject","inLanguage":"en-US","@id":"https:\/\/vinotecahugo.ro\/en\/#\/schema\/logo\/image\/","url":"https:\/\/vinotecahugo.ro\/wp-content\/uploads\/2020\/04\/logo-vinoteca-hugo-160-120..jpg","contentUrl":"https:\/\/vinotecahugo.ro\/wp-content\/uploads\/2020\/04\/logo-vinoteca-hugo-160-120..jpg","width":160,"height":120,"caption":"Vinoteca Hugo"},"image":{"@id":"https:\/\/vinotecahugo.ro\/en\/#\/schema\/logo\/image\/"},"sameAs":["https:\/\/www.facebook.com\/VinotecaHugoAlbaIulia","https:\/\/www.instagram.com\/vinoteca_hugo\/","https:\/\/www.youtube.com\/channel\/UCpprt6bjcY4i-6P9WM-466g"]}]}},"_links":{"self":[{"href":"https:\/\/vinotecahugo.ro\/en\/wp-json\/wp\/v2\/product\/18667","targetHints":{"allow":["GET"]}}],"collection":[{"href":"https:\/\/vinotecahugo.ro\/en\/wp-json\/wp\/v2\/product"}],"about":[{"href":"https:\/\/vinotecahugo.ro\/en\/wp-json\/wp\/v2\/types\/product"}],"replies":[{"embeddable":true,"href":"https:\/\/vinotecahugo.ro\/en\/wp-json\/wp\/v2\/comments?post=18667"}],"wp:featuredmedia":[{"embeddable":true,"href":"https:\/\/vinotecahugo.ro\/en\/wp-json\/wp\/v2\/media\/18668"}],"wp:attachment":[{"href":"https:\/\/vinotecahugo.ro\/en\/wp-json\/wp\/v2\/media?parent=18667"}],"wp:term":[{"taxonomy":"product_brand","embeddable":true,"href":"https:\/\/vinotecahugo.ro\/en\/wp-json\/wp\/v2\/product_brand?post=18667"},{"taxonomy":"product_cat","embeddable":true,"href":"https:\/\/vinotecahugo.ro\/en\/wp-json\/wp\/v2\/product_cat?post=18667"},{"taxonomy":"product_tag","embeddable":true,"href":"https:\/\/vinotecahugo.ro\/en\/wp-json\/wp\/v2\/product_tag?post=18667"}],"curies":[{"name":"wp","href":"https:\/\/api.w.org\/{rel}","templated":true}]}}