{"id":18664,"date":"2022-10-21T16:23:12","date_gmt":"2022-10-21T13:23:12","guid":{"rendered":"https:\/\/vinotecahugo.ro\/?post_type=product&#038;p=18664"},"modified":"2026-02-17T17:03:33","modified_gmt":"2026-02-17T15:03:33","slug":"champagne-prestige-des-sacres-cuvee-grenat-2013-brut-0-75l","status":"publish","type":"product","link":"https:\/\/vinotecahugo.ro\/en\/produs\/champagne-prestige-des-sacres-cuvee-grenat-2013-brut-0-75l\/","title":{"rendered":"Champagne Prestige des Sacres Cuvee Grenat 2013 Brut 0.75l"},"content":{"rendered":"<p>Champagne Prestige des Sacres Cuvee Grenat 2013 Brut<\/p>\n<div class=\"lbDescription\">\n<div class=\"video-shortcode\"><iframe title=\"D\u00e9gustation Brut Prestige - Champagne Prestige des Sacres\" width=\"1100\" height=\"619\" src=\"https:\/\/www.youtube.com\/embed\/KHb2ACQh9gE?feature=oembed\" frameborder=\"0\" allow=\"accelerometer; autoplay; clipboard-write; encrypted-media; gyroscope; picture-in-picture\" allowfullscreen><\/iframe><\/div>\n<p>Povestea Prestige des Sacres a \u00eencepe \u00een anii 60, c\u00e2nd Ren\u00e9 Lamblot \u0219i un grup mic de viticultori din Janvry, Reims, decid s\u0103 \u00ee\u0219i uneasc\u0103 for\u021bele \u0219i\u00a0 resursele pentru a-\u0219i crea propria \u0219ampanie. Scopul lor a fost de a-\u0219i promova terroir-ul \u2013 versan\u021bii vestici din Montagne de Reims.<\/p>\n<p>Anii au trecut \u0219i grupul mic s-a extins, astfe p\u0103rin\u0163ilor fondatori li s-au al\u0103turat c\u00e2\u0163iva al\u0163i viticultori care \u00eemp\u0103rt\u0103\u015feau aceea\u015fi dorin\u0163\u0103 de solidaritate \u015fi asisten\u0163\u0103 reciproc\u0103.<\/p>\n<p>Ast\u0103zi, aproape 60 de viticultori, furnizori de struguri al casei PRESTIGE DES SACRES, \u00ee\u0219i scriu propria poveste centrat\u0103 pe o pasiune comun\u0103. Suprafa\u021ba total\u0103 de vie este 115 ha, \u0219i cuprinde 40 parcele diferite, inclusiv 5 parcele clasificate Premier Cru.<\/p>\n<p>Brandul PRESTIGE DES SACRES este inspirat de istoria regilor Fran\u021bei. \u00cen Reims, chiar inima Champagne, au fost \u00eencorona\u021bi nu mai pu\u021bin de 33 de regi ai Fran\u021bei. Ca un omagiu adus originii vi\u021bei de vie \u0219i istoriei lor bogate legate de monarhii \u021b\u0103rii, viticultorii asocia\u021bi au ales numele PRESTIGE DES SACRES cu un design de ambalaj ce con\u021bine culori \u0219i simboluri regale.<\/p>\n<p>Mai multe informatii despre acest producator gasiti <a href=\"https:\/\/www.champagne-prestigedessacres.com\/en\/home\/\" target=\"_blank\" rel=\"noopener\">AICI<\/a> .<\/p>\n<\/div>\n<p>Pentru programul de degustari si oferte personalizate te invitam sa devii membrul clubului Vinoteca Hugo. Pentru mai multe informatii fa click <a href=\"https:\/\/vinotecahugo.ro\/evenimente\/\">AICI.<\/a><\/p>\n<p>&nbsp;<\/p>\n","protected":false},"excerpt":{"rendered":"<p>Cuvee Grenat 2013 \u2013 este \u0219ampania emblematic\u0103 al brandului Prestige des Sacres. Cupajul are \u00een compozi\u021bie 50% Pinot Noir \u0219i 50% Chardonnay.\u00a0 Strugurii provin din 40 de podgorii diferite, situate pe versan\u021bii vestici din Montagne de Reims,\u00a0 inclusiv de pe cele 5 parcele clasificate Premier Cru. Maturat pe sediment de drojdii minim 5 ani. Dosage 9,9 gr\/l.<\/p>\n<p>Culoare galben\u0103 cu note aurii. Efervescen\u021b\u0103 intens\u0103 cu bule fine. Arome intense si generoase cu note de mere ro\u0219ii, migdale, grapefruit,\u00a0 \u0219i miere. Gustul vinului este profund \u0219i complex, fiind sus\u021binut de o textur\u0103 rafinat\u0103 \u0219i m\u0103t\u0103soas\u0103. Notele elegante de patiserie vin \u00een prim plan. Postgust lung si placut.<\/p>\n<p>&nbsp;<\/p>\n","protected":false},"featured_media":18665,"comment_status":"open","ping_status":"closed","template":"","meta":[],"product_brand":[],"product_cat":[882,281],"product_tag":[648,645,356,355],"class_list":{"0":"post-18664","1":"product","2":"type-product","3":"status-publish","4":"has-post-thumbnail","6":"product_cat-vin-alb","7":"product_cat-vinuri-internationale","8":"product_tag-franta","9":"product_tag-sampanie","10":"product_tag-vin-alba-iulia","11":"product_tag-vinoteca-hugo","13":"first","14":"outofstock","15":"taxable","16":"shipping-taxable","17":"purchasable","18":"product-type-simple"},"yoast_head":"<!-- This site is optimized with the Yoast SEO plugin v24.6 - https:\/\/yoast.com\/wordpress\/plugins\/seo\/ -->\n<title>Champagne Prestige des Sacres Cuvee Grenat 2013 Brut 0.75l - Vinoteca Hugo<\/title>\n<meta name=\"description\" content=\"Comand\u0103 online Champagne Prestige des Sacres Cuvee Grenat 2013 Brut 0.75l de la Vinoteca Hugo! Vinuri de top pentru momente speciale.\" \/>\n<meta name=\"robots\" content=\"index, follow, max-snippet:-1, max-image-preview:large, max-video-preview:-1\" \/>\n<link rel=\"canonical\" href=\"https:\/\/vinotecahugo.ro\/en\/produs\/champagne-prestige-des-sacres-cuvee-grenat-2013-brut-0-75l\/\" \/>\n<meta property=\"og:locale\" content=\"en_US\" \/>\n<meta property=\"og:type\" content=\"article\" \/>\n<meta property=\"og:title\" content=\"Champagne Prestige des Sacres Cuvee Grenat 2013 Brut 0.75l - Vinoteca Hugo\" \/>\n<meta property=\"og:description\" content=\"Comand\u0103 online Champagne Prestige des Sacres Cuvee Grenat 2013 Brut 0.75l de la Vinoteca Hugo! Vinuri de top pentru momente speciale.\" \/>\n<meta property=\"og:url\" content=\"https:\/\/vinotecahugo.ro\/en\/produs\/champagne-prestige-des-sacres-cuvee-grenat-2013-brut-0-75l\/\" \/>\n<meta property=\"og:site_name\" content=\"Vinoteca Hugo\" \/>\n<meta property=\"article:publisher\" content=\"https:\/\/www.facebook.com\/VinotecaHugoAlbaIulia\" \/>\n<meta property=\"article:modified_time\" content=\"2026-02-17T15:03:33+00:00\" \/>\n<meta property=\"og:image\" content=\"https:\/\/vinotecahugo.ro\/wp-content\/uploads\/2022\/10\/cuvee-grenat-prestige-des-scares.jpg\" \/>\n\t<meta property=\"og:image:width\" content=\"1200\" \/>\n\t<meta property=\"og:image:height\" content=\"1200\" \/>\n\t<meta property=\"og:image:type\" content=\"image\/jpeg\" \/>\n<meta name=\"twitter:card\" content=\"summary_large_image\" \/>\n<meta name=\"twitter:label1\" content=\"Est. reading time\" \/>\n\t<meta name=\"twitter:data1\" content=\"2 minutes\" \/>\n<script type=\"application\/ld+json\" class=\"yoast-schema-graph\">{\"@context\":\"https:\/\/schema.org\",\"@graph\":[{\"@type\":\"WebPage\",\"@id\":\"https:\/\/vinotecahugo.ro\/en\/produs\/champagne-prestige-des-sacres-cuvee-grenat-2013-brut-0-75l\/\",\"url\":\"https:\/\/vinotecahugo.ro\/en\/produs\/champagne-prestige-des-sacres-cuvee-grenat-2013-brut-0-75l\/\",\"name\":\"Champagne Prestige des Sacres Cuvee Grenat 2013 Brut 0.75l - Vinoteca Hugo\",\"isPartOf\":{\"@id\":\"https:\/\/vinotecahugo.ro\/en\/#website\"},\"primaryImageOfPage\":{\"@id\":\"https:\/\/vinotecahugo.ro\/en\/produs\/champagne-prestige-des-sacres-cuvee-grenat-2013-brut-0-75l\/#primaryimage\"},\"image\":{\"@id\":\"https:\/\/vinotecahugo.ro\/en\/produs\/champagne-prestige-des-sacres-cuvee-grenat-2013-brut-0-75l\/#primaryimage\"},\"thumbnailUrl\":\"https:\/\/vinotecahugo.ro\/wp-content\/uploads\/2022\/10\/cuvee-grenat-prestige-des-scares.jpg\",\"datePublished\":\"2022-10-21T13:23:12+00:00\",\"dateModified\":\"2026-02-17T15:03:33+00:00\",\"description\":\"Comand\u0103 online Champagne Prestige des Sacres Cuvee Grenat 2013 Brut 0.75l de la Vinoteca Hugo! Vinuri de top pentru momente speciale.\",\"breadcrumb\":{\"@id\":\"https:\/\/vinotecahugo.ro\/en\/produs\/champagne-prestige-des-sacres-cuvee-grenat-2013-brut-0-75l\/#breadcrumb\"},\"inLanguage\":\"en-US\",\"potentialAction\":[{\"@type\":\"ReadAction\",\"target\":[\"https:\/\/vinotecahugo.ro\/en\/produs\/champagne-prestige-des-sacres-cuvee-grenat-2013-brut-0-75l\/\"]}]},{\"@type\":\"ImageObject\",\"inLanguage\":\"en-US\",\"@id\":\"https:\/\/vinotecahugo.ro\/en\/produs\/champagne-prestige-des-sacres-cuvee-grenat-2013-brut-0-75l\/#primaryimage\",\"url\":\"https:\/\/vinotecahugo.ro\/wp-content\/uploads\/2022\/10\/cuvee-grenat-prestige-des-scares.jpg\",\"contentUrl\":\"https:\/\/vinotecahugo.ro\/wp-content\/uploads\/2022\/10\/cuvee-grenat-prestige-des-scares.jpg\",\"width\":1200,\"height\":1200},{\"@type\":\"BreadcrumbList\",\"@id\":\"https:\/\/vinotecahugo.ro\/en\/produs\/champagne-prestige-des-sacres-cuvee-grenat-2013-brut-0-75l\/#breadcrumb\",\"itemListElement\":[{\"@type\":\"ListItem\",\"position\":1,\"name\":\"Prima pagin\u0103\",\"item\":\"https:\/\/vinotecahugo.ro\/en\/\"},{\"@type\":\"ListItem\",\"position\":2,\"name\":\"Magazin\",\"item\":\"https:\/\/vinotecahugo.ro\/magazin\/\"},{\"@type\":\"ListItem\",\"position\":3,\"name\":\"Champagne Prestige des Sacres Cuvee Grenat 2013 Brut 0.75l\"}]},{\"@type\":\"WebSite\",\"@id\":\"https:\/\/vinotecahugo.ro\/en\/#website\",\"url\":\"https:\/\/vinotecahugo.ro\/en\/\",\"name\":\"Vinoteca Hugo\",\"description\":\"vinotec\u0103 cu o colec\u021bie de peste 5000 de sticle de vin\",\"publisher\":{\"@id\":\"https:\/\/vinotecahugo.ro\/en\/#organization\"},\"potentialAction\":[{\"@type\":\"SearchAction\",\"target\":{\"@type\":\"EntryPoint\",\"urlTemplate\":\"https:\/\/vinotecahugo.ro\/en\/?s={search_term_string}\"},\"query-input\":{\"@type\":\"PropertyValueSpecification\",\"valueRequired\":true,\"valueName\":\"search_term_string\"}}],\"inLanguage\":\"en-US\"},{\"@type\":\"Organization\",\"@id\":\"https:\/\/vinotecahugo.ro\/en\/#organization\",\"name\":\"Vinoteca Hugo\",\"url\":\"https:\/\/vinotecahugo.ro\/en\/\",\"logo\":{\"@type\":\"ImageObject\",\"inLanguage\":\"en-US\",\"@id\":\"https:\/\/vinotecahugo.ro\/en\/#\/schema\/logo\/image\/\",\"url\":\"https:\/\/vinotecahugo.ro\/wp-content\/uploads\/2020\/04\/logo-vinoteca-hugo-160-120..jpg\",\"contentUrl\":\"https:\/\/vinotecahugo.ro\/wp-content\/uploads\/2020\/04\/logo-vinoteca-hugo-160-120..jpg\",\"width\":160,\"height\":120,\"caption\":\"Vinoteca Hugo\"},\"image\":{\"@id\":\"https:\/\/vinotecahugo.ro\/en\/#\/schema\/logo\/image\/\"},\"sameAs\":[\"https:\/\/www.facebook.com\/VinotecaHugoAlbaIulia\",\"https:\/\/www.instagram.com\/vinoteca_hugo\/\",\"https:\/\/www.youtube.com\/channel\/UCpprt6bjcY4i-6P9WM-466g\"]}]}<\/script>\n<!-- \/ Yoast SEO plugin. -->","yoast_head_json":{"title":"Champagne Prestige des Sacres Cuvee Grenat 2013 Brut 0.75l - Vinoteca Hugo","description":"Comand\u0103 online Champagne Prestige des Sacres Cuvee Grenat 2013 Brut 0.75l de la Vinoteca Hugo! Vinuri de top pentru momente speciale.","robots":{"index":"index","follow":"follow","max-snippet":"max-snippet:-1","max-image-preview":"max-image-preview:large","max-video-preview":"max-video-preview:-1"},"canonical":"https:\/\/vinotecahugo.ro\/en\/produs\/champagne-prestige-des-sacres-cuvee-grenat-2013-brut-0-75l\/","og_locale":"en_US","og_type":"article","og_title":"Champagne Prestige des Sacres Cuvee Grenat 2013 Brut 0.75l - Vinoteca Hugo","og_description":"Comand\u0103 online Champagne Prestige des Sacres Cuvee Grenat 2013 Brut 0.75l de la Vinoteca Hugo! Vinuri de top pentru momente speciale.","og_url":"https:\/\/vinotecahugo.ro\/en\/produs\/champagne-prestige-des-sacres-cuvee-grenat-2013-brut-0-75l\/","og_site_name":"Vinoteca Hugo","article_publisher":"https:\/\/www.facebook.com\/VinotecaHugoAlbaIulia","article_modified_time":"2026-02-17T15:03:33+00:00","og_image":[{"width":1200,"height":1200,"url":"https:\/\/vinotecahugo.ro\/wp-content\/uploads\/2022\/10\/cuvee-grenat-prestige-des-scares.jpg","type":"image\/jpeg"}],"twitter_card":"summary_large_image","twitter_misc":{"Est. reading time":"2 minutes"},"schema":{"@context":"https:\/\/schema.org","@graph":[{"@type":"WebPage","@id":"https:\/\/vinotecahugo.ro\/en\/produs\/champagne-prestige-des-sacres-cuvee-grenat-2013-brut-0-75l\/","url":"https:\/\/vinotecahugo.ro\/en\/produs\/champagne-prestige-des-sacres-cuvee-grenat-2013-brut-0-75l\/","name":"Champagne Prestige des Sacres Cuvee Grenat 2013 Brut 0.75l - Vinoteca Hugo","isPartOf":{"@id":"https:\/\/vinotecahugo.ro\/en\/#website"},"primaryImageOfPage":{"@id":"https:\/\/vinotecahugo.ro\/en\/produs\/champagne-prestige-des-sacres-cuvee-grenat-2013-brut-0-75l\/#primaryimage"},"image":{"@id":"https:\/\/vinotecahugo.ro\/en\/produs\/champagne-prestige-des-sacres-cuvee-grenat-2013-brut-0-75l\/#primaryimage"},"thumbnailUrl":"https:\/\/vinotecahugo.ro\/wp-content\/uploads\/2022\/10\/cuvee-grenat-prestige-des-scares.jpg","datePublished":"2022-10-21T13:23:12+00:00","dateModified":"2026-02-17T15:03:33+00:00","description":"Comand\u0103 online Champagne Prestige des Sacres Cuvee Grenat 2013 Brut 0.75l de la Vinoteca Hugo! Vinuri de top pentru momente speciale.","breadcrumb":{"@id":"https:\/\/vinotecahugo.ro\/en\/produs\/champagne-prestige-des-sacres-cuvee-grenat-2013-brut-0-75l\/#breadcrumb"},"inLanguage":"en-US","potentialAction":[{"@type":"ReadAction","target":["https:\/\/vinotecahugo.ro\/en\/produs\/champagne-prestige-des-sacres-cuvee-grenat-2013-brut-0-75l\/"]}]},{"@type":"ImageObject","inLanguage":"en-US","@id":"https:\/\/vinotecahugo.ro\/en\/produs\/champagne-prestige-des-sacres-cuvee-grenat-2013-brut-0-75l\/#primaryimage","url":"https:\/\/vinotecahugo.ro\/wp-content\/uploads\/2022\/10\/cuvee-grenat-prestige-des-scares.jpg","contentUrl":"https:\/\/vinotecahugo.ro\/wp-content\/uploads\/2022\/10\/cuvee-grenat-prestige-des-scares.jpg","width":1200,"height":1200},{"@type":"BreadcrumbList","@id":"https:\/\/vinotecahugo.ro\/en\/produs\/champagne-prestige-des-sacres-cuvee-grenat-2013-brut-0-75l\/#breadcrumb","itemListElement":[{"@type":"ListItem","position":1,"name":"Prima pagin\u0103","item":"https:\/\/vinotecahugo.ro\/en\/"},{"@type":"ListItem","position":2,"name":"Magazin","item":"https:\/\/vinotecahugo.ro\/magazin\/"},{"@type":"ListItem","position":3,"name":"Champagne Prestige des Sacres Cuvee Grenat 2013 Brut 0.75l"}]},{"@type":"WebSite","@id":"https:\/\/vinotecahugo.ro\/en\/#website","url":"https:\/\/vinotecahugo.ro\/en\/","name":"Vinoteca Hugo","description":"vinotec\u0103 cu o colec\u021bie de peste 5000 de sticle de vin","publisher":{"@id":"https:\/\/vinotecahugo.ro\/en\/#organization"},"potentialAction":[{"@type":"SearchAction","target":{"@type":"EntryPoint","urlTemplate":"https:\/\/vinotecahugo.ro\/en\/?s={search_term_string}"},"query-input":{"@type":"PropertyValueSpecification","valueRequired":true,"valueName":"search_term_string"}}],"inLanguage":"en-US"},{"@type":"Organization","@id":"https:\/\/vinotecahugo.ro\/en\/#organization","name":"Vinoteca Hugo","url":"https:\/\/vinotecahugo.ro\/en\/","logo":{"@type":"ImageObject","inLanguage":"en-US","@id":"https:\/\/vinotecahugo.ro\/en\/#\/schema\/logo\/image\/","url":"https:\/\/vinotecahugo.ro\/wp-content\/uploads\/2020\/04\/logo-vinoteca-hugo-160-120..jpg","contentUrl":"https:\/\/vinotecahugo.ro\/wp-content\/uploads\/2020\/04\/logo-vinoteca-hugo-160-120..jpg","width":160,"height":120,"caption":"Vinoteca Hugo"},"image":{"@id":"https:\/\/vinotecahugo.ro\/en\/#\/schema\/logo\/image\/"},"sameAs":["https:\/\/www.facebook.com\/VinotecaHugoAlbaIulia","https:\/\/www.instagram.com\/vinoteca_hugo\/","https:\/\/www.youtube.com\/channel\/UCpprt6bjcY4i-6P9WM-466g"]}]}},"_links":{"self":[{"href":"https:\/\/vinotecahugo.ro\/en\/wp-json\/wp\/v2\/product\/18664","targetHints":{"allow":["GET"]}}],"collection":[{"href":"https:\/\/vinotecahugo.ro\/en\/wp-json\/wp\/v2\/product"}],"about":[{"href":"https:\/\/vinotecahugo.ro\/en\/wp-json\/wp\/v2\/types\/product"}],"replies":[{"embeddable":true,"href":"https:\/\/vinotecahugo.ro\/en\/wp-json\/wp\/v2\/comments?post=18664"}],"wp:featuredmedia":[{"embeddable":true,"href":"https:\/\/vinotecahugo.ro\/en\/wp-json\/wp\/v2\/media\/18665"}],"wp:attachment":[{"href":"https:\/\/vinotecahugo.ro\/en\/wp-json\/wp\/v2\/media?parent=18664"}],"wp:term":[{"taxonomy":"product_brand","embeddable":true,"href":"https:\/\/vinotecahugo.ro\/en\/wp-json\/wp\/v2\/product_brand?post=18664"},{"taxonomy":"product_cat","embeddable":true,"href":"https:\/\/vinotecahugo.ro\/en\/wp-json\/wp\/v2\/product_cat?post=18664"},{"taxonomy":"product_tag","embeddable":true,"href":"https:\/\/vinotecahugo.ro\/en\/wp-json\/wp\/v2\/product_tag?post=18664"}],"curies":[{"name":"wp","href":"https:\/\/api.w.org\/{rel}","templated":true}]}}