{"id":18610,"date":"2022-10-18T16:43:55","date_gmt":"2022-10-18T13:43:55","guid":{"rendered":"https:\/\/vinotecahugo.ro\/?post_type=product&#038;p=18610"},"modified":"2025-08-01T14:39:14","modified_gmt":"2025-08-01T11:39:14","slug":"champagne-boizel-blanc-de-blancs-brut-premier-cru-075l","status":"publish","type":"product","link":"https:\/\/vinotecahugo.ro\/en\/produs\/champagne-boizel-blanc-de-blancs-brut-premier-cru-075l\/","title":{"rendered":"Champagne Boizel Blanc de Blancs Brut Premier Cru 0,75l"},"content":{"rendered":"<p>Champagne Boizel Blanc de Blancs Brut Premier Cru<\/p>\n<div class=\"lbDescription\">\n<div class=\"video-shortcode\"><iframe title=\"Champagne Boizel Winery\" width=\"1100\" height=\"619\" src=\"https:\/\/www.youtube.com\/embed\/g88FxA00hfs?feature=oembed\" frameborder=\"0\" allow=\"accelerometer; autoplay; clipboard-write; encrypted-media; gyroscope; picture-in-picture\" allowfullscreen><\/iframe><\/div>\n<p>&nbsp;<\/p>\n<p>Din 1834, 6 generatii a familiei Boizel sunt in fruntea casei de sampanii din Epernay, si au misiunea de a transpune excelenta regiunii Champagne in produsele lor. O poveste care incepe cu visul lui Auguste Boizel si\u00a0 Julie Martin, care continua cu succes \u0219i p\u00e2n\u0103 astazi. Standardele de calitate \u00eenalte, generozitatea, loialitatea \u0219i gustul pentru libertate &#8211; sunt elementele pe care se bazeaz\u0103 filosofia dinastiei Boizel. In toti acesti ani au reusit sa dezvolte produse si tehnici prin care au exprimat cu succes potentialul terroir-ului celor 7 hectare pe care le detin.<\/p>\n<p>Din 2010 managementul companiei a fost preluat de Florent \u0219i Lionel Roques-Boizel, care se ghideaz\u0103 dup\u0103 acelea\u0219i principii \u0219i valori. Ei\u00a0conduc Casa, aduc\u00e2nd o nou\u0103 dinamic\u0103 dezvolt\u0103rii Boizel, precum \u0219i fabric\u0103rii vinurilor sale. Fideli valorilor de calitate \u0219i generozitate care au fost sus\u021binute de familie timp de \u0219ase genera\u021bii, ei sunt foarte con\u0219tien\u021bi de datoria lor \u0219i de puterea mo\u0219tenirii pe care o \u00eemp\u0103rt\u0103\u0219esc. Ei sunt la fel de con\u0219tien\u021bi de c\u00e2t de noroco\u0219i sunt s\u0103 fie la c\u00e2rma uneia dintre cele mai apreciate case de \u0219ampanie de familie din lume. Ei \u00ee\u0219i aplic\u0103 etosul g\u00e2ndirii independente \u00een tot ceea ce fac pentru a crea vinuri sincere \u0219i autentice.<\/p>\n<p>Mai multe informatii despre acest producator gasiti <a href=\"https:\/\/www.boizel.com\/en\/\" target=\"_blank\" rel=\"noopener\">AICI<\/a> .<\/p>\n<\/div>\n<p>Pentru programul de degustari si oferte personalizate te invitam sa devii membrul clubului Vinoteca Hugo. Pentru mai multe informatii fa click <a href=\"https:\/\/vinotecahugo.ro\/evenimente\/\">AICI.<\/a><\/p>\n<p>&nbsp;<\/p>\n","protected":false},"excerpt":{"rendered":"<p>Un Blanc de Blancs obtinut exclusiv din struguri Chardonnay recoltati pe parcele clasificate Grand \u0219i Premier Cru din C\u00f4te des Blancs. Fiecare parcela aduce diferite caractere cupajului final: note florale din Chouilly, mineralitate din Le Mesnil-sur-Oger, corpolenta din Avize si fructuozitate eleganta din Vertus.<\/p>\n<p>Pentru cupajul final \u00eenainte de tirajare se folosesc 40%\u00a0 vinuri maturate &#8220;sur lie&#8221; \u00een inox , care provin din 2 recolte anterioare. Maturat pe sediment de drojdii 4 ani. Dosage 8 gr\/l.<\/p>\n<p>Culoare galben aurie \u00eenso\u021bit\u0103 de o perlare intens\u0103 cu bule fine \u0219i uniforme. Nas fin, cu arome proaspete de floare de salc\u00e2m \u0219i p\u0103ducel, brio\u0219e, miere cu note u\u0219oare de migdale \u0219i citrice. Textura este m\u0103t\u0103soas\u0103,\u00a0 delicat\u0103,\u00a0 cu o elegan\u021b\u0103 deosebit\u0103. Gust complex \u0219i intens\u00a0 cu note de alune, grapefruit, p\u00e2ine pr\u0103jit\u0103 care sunt sus\u021binute de o mineralitate foarte rafinat\u0103. Postgust lung\u00a0 marcat de prospe\u021bime \u0219i delicate\u021be.<\/p>\n<p>&nbsp;<\/p>\n","protected":false},"featured_media":18634,"comment_status":"open","ping_status":"closed","template":"","meta":[],"product_brand":[],"product_cat":[882,281],"product_tag":[648,913,645,356,355],"class_list":{"0":"post-18610","1":"product","2":"type-product","3":"status-publish","4":"has-post-thumbnail","6":"product_cat-vin-alb","7":"product_cat-vinuri-internationale","8":"product_tag-franta","9":"product_tag-oferta2023","10":"product_tag-sampanie","11":"product_tag-vin-alba-iulia","12":"product_tag-vinoteca-hugo","14":"first","15":"instock","16":"taxable","17":"shipping-taxable","18":"purchasable","19":"product-type-simple"},"yoast_head":"<!-- This site is optimized with the Yoast SEO plugin v24.6 - https:\/\/yoast.com\/wordpress\/plugins\/seo\/ -->\n<title>Champagne Boizel Blanc de Blancs Brut Premier Cru 0,75l - Vinoteca Hugo<\/title>\n<meta name=\"description\" content=\"Comand\u0103 online Champagne Boizel Blanc de Blancs Brut Premier Cru 0,75l de la Vinoteca Hugo! Vinuri de top pentru momente speciale.\" \/>\n<meta name=\"robots\" content=\"index, follow, max-snippet:-1, max-image-preview:large, max-video-preview:-1\" \/>\n<link rel=\"canonical\" href=\"https:\/\/vinotecahugo.ro\/en\/produs\/champagne-boizel-blanc-de-blancs-brut-premier-cru-075l\/\" \/>\n<meta property=\"og:locale\" content=\"en_US\" \/>\n<meta property=\"og:type\" content=\"article\" \/>\n<meta property=\"og:title\" content=\"Champagne Boizel Blanc de Blancs Brut Premier Cru 0,75l - Vinoteca Hugo\" \/>\n<meta property=\"og:description\" content=\"Comand\u0103 online Champagne Boizel Blanc de Blancs Brut Premier Cru 0,75l de la Vinoteca Hugo! Vinuri de top pentru momente speciale.\" \/>\n<meta property=\"og:url\" content=\"https:\/\/vinotecahugo.ro\/en\/produs\/champagne-boizel-blanc-de-blancs-brut-premier-cru-075l\/\" \/>\n<meta property=\"og:site_name\" content=\"Vinoteca Hugo\" \/>\n<meta property=\"article:publisher\" content=\"https:\/\/www.facebook.com\/VinotecaHugoAlbaIulia\" \/>\n<meta property=\"article:modified_time\" content=\"2025-08-01T11:39:14+00:00\" \/>\n<meta property=\"og:image\" content=\"https:\/\/vinotecahugo.ro\/wp-content\/uploads\/2022\/10\/boizel-brut-blanc-de-blancs-1.jpg\" \/>\n\t<meta property=\"og:image:width\" content=\"1200\" \/>\n\t<meta property=\"og:image:height\" content=\"1200\" \/>\n\t<meta property=\"og:image:type\" content=\"image\/jpeg\" \/>\n<meta name=\"twitter:card\" content=\"summary_large_image\" \/>\n<meta name=\"twitter:label1\" content=\"Est. reading time\" \/>\n\t<meta name=\"twitter:data1\" content=\"2 minutes\" \/>\n<script type=\"application\/ld+json\" class=\"yoast-schema-graph\">{\"@context\":\"https:\/\/schema.org\",\"@graph\":[{\"@type\":\"WebPage\",\"@id\":\"https:\/\/vinotecahugo.ro\/en\/produs\/champagne-boizel-blanc-de-blancs-brut-premier-cru-075l\/\",\"url\":\"https:\/\/vinotecahugo.ro\/en\/produs\/champagne-boizel-blanc-de-blancs-brut-premier-cru-075l\/\",\"name\":\"Champagne Boizel Blanc de Blancs Brut Premier Cru 0,75l - Vinoteca Hugo\",\"isPartOf\":{\"@id\":\"https:\/\/vinotecahugo.ro\/en\/#website\"},\"primaryImageOfPage\":{\"@id\":\"https:\/\/vinotecahugo.ro\/en\/produs\/champagne-boizel-blanc-de-blancs-brut-premier-cru-075l\/#primaryimage\"},\"image\":{\"@id\":\"https:\/\/vinotecahugo.ro\/en\/produs\/champagne-boizel-blanc-de-blancs-brut-premier-cru-075l\/#primaryimage\"},\"thumbnailUrl\":\"https:\/\/vinotecahugo.ro\/wp-content\/uploads\/2022\/10\/boizel-brut-blanc-de-blancs-1.jpg\",\"datePublished\":\"2022-10-18T13:43:55+00:00\",\"dateModified\":\"2025-08-01T11:39:14+00:00\",\"description\":\"Comand\u0103 online Champagne Boizel Blanc de Blancs Brut Premier Cru 0,75l de la Vinoteca Hugo! Vinuri de top pentru momente speciale.\",\"breadcrumb\":{\"@id\":\"https:\/\/vinotecahugo.ro\/en\/produs\/champagne-boizel-blanc-de-blancs-brut-premier-cru-075l\/#breadcrumb\"},\"inLanguage\":\"en-US\",\"potentialAction\":[{\"@type\":\"ReadAction\",\"target\":[\"https:\/\/vinotecahugo.ro\/en\/produs\/champagne-boizel-blanc-de-blancs-brut-premier-cru-075l\/\"]}]},{\"@type\":\"ImageObject\",\"inLanguage\":\"en-US\",\"@id\":\"https:\/\/vinotecahugo.ro\/en\/produs\/champagne-boizel-blanc-de-blancs-brut-premier-cru-075l\/#primaryimage\",\"url\":\"https:\/\/vinotecahugo.ro\/wp-content\/uploads\/2022\/10\/boizel-brut-blanc-de-blancs-1.jpg\",\"contentUrl\":\"https:\/\/vinotecahugo.ro\/wp-content\/uploads\/2022\/10\/boizel-brut-blanc-de-blancs-1.jpg\",\"width\":1200,\"height\":1200},{\"@type\":\"BreadcrumbList\",\"@id\":\"https:\/\/vinotecahugo.ro\/en\/produs\/champagne-boizel-blanc-de-blancs-brut-premier-cru-075l\/#breadcrumb\",\"itemListElement\":[{\"@type\":\"ListItem\",\"position\":1,\"name\":\"Prima pagin\u0103\",\"item\":\"https:\/\/vinotecahugo.ro\/en\/\"},{\"@type\":\"ListItem\",\"position\":2,\"name\":\"Magazin\",\"item\":\"https:\/\/vinotecahugo.ro\/magazin\/\"},{\"@type\":\"ListItem\",\"position\":3,\"name\":\"Champagne Boizel Blanc de Blancs Brut Premier Cru 0,75l\"}]},{\"@type\":\"WebSite\",\"@id\":\"https:\/\/vinotecahugo.ro\/en\/#website\",\"url\":\"https:\/\/vinotecahugo.ro\/en\/\",\"name\":\"Vinoteca Hugo\",\"description\":\"vinotec\u0103 cu o colec\u021bie de peste 5000 de sticle de vin\",\"publisher\":{\"@id\":\"https:\/\/vinotecahugo.ro\/en\/#organization\"},\"potentialAction\":[{\"@type\":\"SearchAction\",\"target\":{\"@type\":\"EntryPoint\",\"urlTemplate\":\"https:\/\/vinotecahugo.ro\/en\/?s={search_term_string}\"},\"query-input\":{\"@type\":\"PropertyValueSpecification\",\"valueRequired\":true,\"valueName\":\"search_term_string\"}}],\"inLanguage\":\"en-US\"},{\"@type\":\"Organization\",\"@id\":\"https:\/\/vinotecahugo.ro\/en\/#organization\",\"name\":\"Vinoteca Hugo\",\"url\":\"https:\/\/vinotecahugo.ro\/en\/\",\"logo\":{\"@type\":\"ImageObject\",\"inLanguage\":\"en-US\",\"@id\":\"https:\/\/vinotecahugo.ro\/en\/#\/schema\/logo\/image\/\",\"url\":\"https:\/\/vinotecahugo.ro\/wp-content\/uploads\/2020\/04\/logo-vinoteca-hugo-160-120..jpg\",\"contentUrl\":\"https:\/\/vinotecahugo.ro\/wp-content\/uploads\/2020\/04\/logo-vinoteca-hugo-160-120..jpg\",\"width\":160,\"height\":120,\"caption\":\"Vinoteca Hugo\"},\"image\":{\"@id\":\"https:\/\/vinotecahugo.ro\/en\/#\/schema\/logo\/image\/\"},\"sameAs\":[\"https:\/\/www.facebook.com\/VinotecaHugoAlbaIulia\",\"https:\/\/www.instagram.com\/vinoteca_hugo\/\",\"https:\/\/www.youtube.com\/channel\/UCpprt6bjcY4i-6P9WM-466g\"]}]}<\/script>\n<!-- \/ Yoast SEO plugin. -->","yoast_head_json":{"title":"Champagne Boizel Blanc de Blancs Brut Premier Cru 0,75l - Vinoteca Hugo","description":"Comand\u0103 online Champagne Boizel Blanc de Blancs Brut Premier Cru 0,75l de la Vinoteca Hugo! Vinuri de top pentru momente speciale.","robots":{"index":"index","follow":"follow","max-snippet":"max-snippet:-1","max-image-preview":"max-image-preview:large","max-video-preview":"max-video-preview:-1"},"canonical":"https:\/\/vinotecahugo.ro\/en\/produs\/champagne-boizel-blanc-de-blancs-brut-premier-cru-075l\/","og_locale":"en_US","og_type":"article","og_title":"Champagne Boizel Blanc de Blancs Brut Premier Cru 0,75l - Vinoteca Hugo","og_description":"Comand\u0103 online Champagne Boizel Blanc de Blancs Brut Premier Cru 0,75l de la Vinoteca Hugo! Vinuri de top pentru momente speciale.","og_url":"https:\/\/vinotecahugo.ro\/en\/produs\/champagne-boizel-blanc-de-blancs-brut-premier-cru-075l\/","og_site_name":"Vinoteca Hugo","article_publisher":"https:\/\/www.facebook.com\/VinotecaHugoAlbaIulia","article_modified_time":"2025-08-01T11:39:14+00:00","og_image":[{"width":1200,"height":1200,"url":"https:\/\/vinotecahugo.ro\/wp-content\/uploads\/2022\/10\/boizel-brut-blanc-de-blancs-1.jpg","type":"image\/jpeg"}],"twitter_card":"summary_large_image","twitter_misc":{"Est. reading time":"2 minutes"},"schema":{"@context":"https:\/\/schema.org","@graph":[{"@type":"WebPage","@id":"https:\/\/vinotecahugo.ro\/en\/produs\/champagne-boizel-blanc-de-blancs-brut-premier-cru-075l\/","url":"https:\/\/vinotecahugo.ro\/en\/produs\/champagne-boizel-blanc-de-blancs-brut-premier-cru-075l\/","name":"Champagne Boizel Blanc de Blancs Brut Premier Cru 0,75l - Vinoteca Hugo","isPartOf":{"@id":"https:\/\/vinotecahugo.ro\/en\/#website"},"primaryImageOfPage":{"@id":"https:\/\/vinotecahugo.ro\/en\/produs\/champagne-boizel-blanc-de-blancs-brut-premier-cru-075l\/#primaryimage"},"image":{"@id":"https:\/\/vinotecahugo.ro\/en\/produs\/champagne-boizel-blanc-de-blancs-brut-premier-cru-075l\/#primaryimage"},"thumbnailUrl":"https:\/\/vinotecahugo.ro\/wp-content\/uploads\/2022\/10\/boizel-brut-blanc-de-blancs-1.jpg","datePublished":"2022-10-18T13:43:55+00:00","dateModified":"2025-08-01T11:39:14+00:00","description":"Comand\u0103 online Champagne Boizel Blanc de Blancs Brut Premier Cru 0,75l de la Vinoteca Hugo! Vinuri de top pentru momente speciale.","breadcrumb":{"@id":"https:\/\/vinotecahugo.ro\/en\/produs\/champagne-boizel-blanc-de-blancs-brut-premier-cru-075l\/#breadcrumb"},"inLanguage":"en-US","potentialAction":[{"@type":"ReadAction","target":["https:\/\/vinotecahugo.ro\/en\/produs\/champagne-boizel-blanc-de-blancs-brut-premier-cru-075l\/"]}]},{"@type":"ImageObject","inLanguage":"en-US","@id":"https:\/\/vinotecahugo.ro\/en\/produs\/champagne-boizel-blanc-de-blancs-brut-premier-cru-075l\/#primaryimage","url":"https:\/\/vinotecahugo.ro\/wp-content\/uploads\/2022\/10\/boizel-brut-blanc-de-blancs-1.jpg","contentUrl":"https:\/\/vinotecahugo.ro\/wp-content\/uploads\/2022\/10\/boizel-brut-blanc-de-blancs-1.jpg","width":1200,"height":1200},{"@type":"BreadcrumbList","@id":"https:\/\/vinotecahugo.ro\/en\/produs\/champagne-boizel-blanc-de-blancs-brut-premier-cru-075l\/#breadcrumb","itemListElement":[{"@type":"ListItem","position":1,"name":"Prima pagin\u0103","item":"https:\/\/vinotecahugo.ro\/en\/"},{"@type":"ListItem","position":2,"name":"Magazin","item":"https:\/\/vinotecahugo.ro\/magazin\/"},{"@type":"ListItem","position":3,"name":"Champagne Boizel Blanc de Blancs Brut Premier Cru 0,75l"}]},{"@type":"WebSite","@id":"https:\/\/vinotecahugo.ro\/en\/#website","url":"https:\/\/vinotecahugo.ro\/en\/","name":"Vinoteca Hugo","description":"vinotec\u0103 cu o colec\u021bie de peste 5000 de sticle de vin","publisher":{"@id":"https:\/\/vinotecahugo.ro\/en\/#organization"},"potentialAction":[{"@type":"SearchAction","target":{"@type":"EntryPoint","urlTemplate":"https:\/\/vinotecahugo.ro\/en\/?s={search_term_string}"},"query-input":{"@type":"PropertyValueSpecification","valueRequired":true,"valueName":"search_term_string"}}],"inLanguage":"en-US"},{"@type":"Organization","@id":"https:\/\/vinotecahugo.ro\/en\/#organization","name":"Vinoteca Hugo","url":"https:\/\/vinotecahugo.ro\/en\/","logo":{"@type":"ImageObject","inLanguage":"en-US","@id":"https:\/\/vinotecahugo.ro\/en\/#\/schema\/logo\/image\/","url":"https:\/\/vinotecahugo.ro\/wp-content\/uploads\/2020\/04\/logo-vinoteca-hugo-160-120..jpg","contentUrl":"https:\/\/vinotecahugo.ro\/wp-content\/uploads\/2020\/04\/logo-vinoteca-hugo-160-120..jpg","width":160,"height":120,"caption":"Vinoteca Hugo"},"image":{"@id":"https:\/\/vinotecahugo.ro\/en\/#\/schema\/logo\/image\/"},"sameAs":["https:\/\/www.facebook.com\/VinotecaHugoAlbaIulia","https:\/\/www.instagram.com\/vinoteca_hugo\/","https:\/\/www.youtube.com\/channel\/UCpprt6bjcY4i-6P9WM-466g"]}]}},"_links":{"self":[{"href":"https:\/\/vinotecahugo.ro\/en\/wp-json\/wp\/v2\/product\/18610","targetHints":{"allow":["GET"]}}],"collection":[{"href":"https:\/\/vinotecahugo.ro\/en\/wp-json\/wp\/v2\/product"}],"about":[{"href":"https:\/\/vinotecahugo.ro\/en\/wp-json\/wp\/v2\/types\/product"}],"replies":[{"embeddable":true,"href":"https:\/\/vinotecahugo.ro\/en\/wp-json\/wp\/v2\/comments?post=18610"}],"wp:featuredmedia":[{"embeddable":true,"href":"https:\/\/vinotecahugo.ro\/en\/wp-json\/wp\/v2\/media\/18634"}],"wp:attachment":[{"href":"https:\/\/vinotecahugo.ro\/en\/wp-json\/wp\/v2\/media?parent=18610"}],"wp:term":[{"taxonomy":"product_brand","embeddable":true,"href":"https:\/\/vinotecahugo.ro\/en\/wp-json\/wp\/v2\/product_brand?post=18610"},{"taxonomy":"product_cat","embeddable":true,"href":"https:\/\/vinotecahugo.ro\/en\/wp-json\/wp\/v2\/product_cat?post=18610"},{"taxonomy":"product_tag","embeddable":true,"href":"https:\/\/vinotecahugo.ro\/en\/wp-json\/wp\/v2\/product_tag?post=18610"}],"curies":[{"name":"wp","href":"https:\/\/api.w.org\/{rel}","templated":true}]}}