{"id":18558,"date":"2022-09-30T11:59:12","date_gmt":"2022-09-30T08:59:12","guid":{"rendered":"https:\/\/vinotecahugo.ro\/?post_type=product&#038;p=18558"},"modified":"2025-10-29T18:07:02","modified_gmt":"2025-10-29T16:07:02","slug":"petro-vaselo-pv-gran-cru-2023","status":"publish","type":"product","link":"https:\/\/vinotecahugo.ro\/en\/produs\/petro-vaselo-pv-gran-cru-2023\/","title":{"rendered":"Petro Vaselo &#8211; PV Gran Cru 2023"},"content":{"rendered":"<p><strong>Petro Vaselo<\/strong><\/p>\n<div class=\"video-shortcode\"><iframe title=\"Petro Vaselo\" width=\"1100\" height=\"619\" src=\"https:\/\/www.youtube.com\/embed\/7u-Kt14uHc0?feature=oembed\" frameborder=\"0\" allow=\"accelerometer; autoplay; encrypted-media; gyroscope; picture-in-picture\" allowfullscreen><\/iframe><\/div>\n<p class=\"p1\"><span class=\"s1\">Compania are o suprafa\u0163\u0103 total\u0103 de 172 ha, aproape toate dispuse spre sud situate \u00een zona DOC Recas, din care 42 plantate cu vi\u0163\u0103 de vie. <\/span><span class=\"s1\">Dealurile sunt dispuse ca un amfiteatru, cre\u00e2nd un microclimat \u00een care condi\u0163iile meteorologice favorizeaz\u0103 viticultura. <\/span><span class=\"s1\">Solul este predominant argilos, iar \u00een c\u00e2teva zone restr\u00e2nse, dar bine definite, exist\u0103 vene calcaroase. <\/span><span class=\"s1\">Altitudinea variaz\u0103 intre 170 \u0219i 220 m deasupra nivelului m\u0103rii.\u00a0<\/span><\/p>\n<p>Principalul obiectiv este ob\u0163inerea strugurilor de cea mai bun\u0103 calitate, dar \u0219i respectarea mediului \u00eenconjur\u0103tor.<\/p>\n<p>Mai multe informatii despre acest producator gasiti <a href=\"https:\/\/petrovaselo.com\/ro\/\">AICI<\/a> .<\/p>\n<p>Pentru programul de degustari si oferte personalizate te invitam sa devii membrul clubului Vinoteca Hugo. Pentru mai multe informatii fa click <a href=\"https:\/\/vinotecahugo.ro\/evenimente\/\">AICI.<\/a><\/p>\n","protected":false},"excerpt":{"rendered":"<div class=\"vivino-widget vivino-wine-card-widget\" data-vivino-widget-type=\"wine\" data-vivino-vintage-id=\"3686208\" data-vivino-user-id=\"8551400\" data-vivino-widget-language=\"en\" data-vivino-widget-layout=\"medium\"><a href=\"https:\/\/www.vivino.com\/petro-vaselo-gran-cru\/w\/2022253?year=U.V.\" target=\"_blank\" rel=\"noopener noreferrer\">Petro Vaselo PV Gran Cru on Vivino<\/a><\/div>\n<p>Un vin catifelat si cald, cu o structur\u0103 complexa \u0219i persisten\u0163\u0103 \u00eendelungat\u0103, cu note predominant fructate completate de ierburi aromatice, note balsamice, \u0219i condimente. Culoare ro\u0219u granat.<\/p>\n<p><span style=\"text-align: justify;\">Strugurii provin dintr-o parcel\u0103 mic\u0103 cu sol preponderent lutos, pentru care \u00eengrijirea solurilor are la baza un sistem caracteristic unei viticulturi organice. Primavara arat si toamna cultivari de diferite plante erbacee pentru imbogatirea solului cu materiale organice. L<\/span>ucrarile de intretinere a vitei de vie se fac manual si tratamentele fitosanitare respecta indicatiile viticulturii organice. In timpul verii incarcatura de fructe este redusa pentru a intensifica calitatea strugurilor. Pentru producerea acestui vin se recolteaza cei mai calitativi ciorchini de pe fiecare planta.<\/p>\n<p><span style=\"text-align: justify;\">Produs din struguri par\u0163ial deshidrata\u0163i. Fermentatia alcoolica si fermentatia malolactica de la 6 la 8 luni in butoaie din lemn de stejar cu capacitatea de 550 litri, fara controlul temperaturii. <\/span><\/p>\n<div class=\"wpb_text_column wpb_content_element\">\n<div class=\"wpb_wrapper\">\n<div class=\"mp-row-fluid motopress-row mpce-dsbl-margin-left mpce-dsbl-margin-right\">\n<div class=\"mp-span12 motopress-clmn mpce-dsbl-margin-left mpce-dsbl-margin-right\">\n<div class=\"motopress-service-box-obj motopress-service-box-centered motopress-service-box-basic\">\n<div class=\"motopress-service-box-content-section\">\n<p class=\"p3\">\n<\/div>\n<\/div>\n<\/div>\n<\/div>\n<\/div>\n<\/div>\n","protected":false},"featured_media":17527,"comment_status":"open","ping_status":"closed","template":"","meta":[],"product_brand":[],"product_cat":[887,890,888,145],"product_tag":[450,451,367,453,452],"class_list":{"0":"post-18558","1":"product","2":"type-product","3":"status-publish","4":"has-post-thumbnail","6":"product_cat-vin-rosu","7":"product_cat-vin-rosu-demisec","8":"product_cat-vin-rosu-sec","9":"product_cat-vinuri-romanesti","10":"product_tag-gran-cru","11":"product_tag-gran-cru-petro-vaselo","12":"product_tag-petro-vaselo","13":"product_tag-vin-exclusiv","14":"product_tag-vinuri-premium","16":"first","17":"instock","18":"taxable","19":"shipping-taxable","20":"purchasable","21":"product-type-simple"},"yoast_head":"<!-- This site is optimized with the Yoast SEO plugin v24.6 - https:\/\/yoast.com\/wordpress\/plugins\/seo\/ -->\n<title>Petro Vaselo - PV Gran Cru 2023 - Vinoteca Hugo<\/title>\n<meta name=\"description\" content=\"Comand\u0103 online Petro Vaselo - PV Gran Cru 2023 de la Vinoteca Hugo! Vinuri de top pentru momente speciale.\" \/>\n<meta name=\"robots\" content=\"index, follow, max-snippet:-1, max-image-preview:large, max-video-preview:-1\" \/>\n<link rel=\"canonical\" href=\"https:\/\/vinotecahugo.ro\/en\/produs\/petro-vaselo-pv-gran-cru-2023\/\" \/>\n<meta property=\"og:locale\" content=\"en_US\" \/>\n<meta property=\"og:type\" content=\"article\" \/>\n<meta property=\"og:title\" content=\"Petro Vaselo - PV Gran Cru 2023 - Vinoteca Hugo\" \/>\n<meta property=\"og:description\" content=\"Comand\u0103 online Petro Vaselo - PV Gran Cru 2023 de la Vinoteca Hugo! Vinuri de top pentru momente speciale.\" \/>\n<meta property=\"og:url\" content=\"https:\/\/vinotecahugo.ro\/en\/produs\/petro-vaselo-pv-gran-cru-2023\/\" \/>\n<meta property=\"og:site_name\" content=\"Vinoteca Hugo\" \/>\n<meta property=\"article:publisher\" content=\"https:\/\/www.facebook.com\/VinotecaHugoAlbaIulia\" \/>\n<meta property=\"article:modified_time\" content=\"2025-10-29T16:07:02+00:00\" \/>\n<meta property=\"og:image\" content=\"https:\/\/vinotecahugo.ro\/wp-content\/uploads\/2021\/09\/GRAN-CRU-PETRO-VASELO.jpg\" \/>\n\t<meta property=\"og:image:width\" content=\"600\" \/>\n\t<meta property=\"og:image:height\" content=\"600\" \/>\n\t<meta property=\"og:image:type\" content=\"image\/jpeg\" \/>\n<meta name=\"twitter:card\" content=\"summary_large_image\" \/>\n<meta name=\"twitter:label1\" content=\"Est. reading time\" \/>\n\t<meta name=\"twitter:data1\" content=\"1 minute\" \/>\n<script type=\"application\/ld+json\" class=\"yoast-schema-graph\">{\"@context\":\"https:\/\/schema.org\",\"@graph\":[{\"@type\":\"WebPage\",\"@id\":\"https:\/\/vinotecahugo.ro\/en\/produs\/petro-vaselo-pv-gran-cru-2023\/\",\"url\":\"https:\/\/vinotecahugo.ro\/en\/produs\/petro-vaselo-pv-gran-cru-2023\/\",\"name\":\"Petro Vaselo - PV Gran Cru 2023 - Vinoteca Hugo\",\"isPartOf\":{\"@id\":\"https:\/\/vinotecahugo.ro\/en\/#website\"},\"primaryImageOfPage\":{\"@id\":\"https:\/\/vinotecahugo.ro\/en\/produs\/petro-vaselo-pv-gran-cru-2023\/#primaryimage\"},\"image\":{\"@id\":\"https:\/\/vinotecahugo.ro\/en\/produs\/petro-vaselo-pv-gran-cru-2023\/#primaryimage\"},\"thumbnailUrl\":\"https:\/\/vinotecahugo.ro\/wp-content\/uploads\/2021\/09\/GRAN-CRU-PETRO-VASELO.jpg\",\"datePublished\":\"2022-09-30T08:59:12+00:00\",\"dateModified\":\"2025-10-29T16:07:02+00:00\",\"description\":\"Comand\u0103 online Petro Vaselo - PV Gran Cru 2023 de la Vinoteca Hugo! Vinuri de top pentru momente speciale.\",\"breadcrumb\":{\"@id\":\"https:\/\/vinotecahugo.ro\/en\/produs\/petro-vaselo-pv-gran-cru-2023\/#breadcrumb\"},\"inLanguage\":\"en-US\",\"potentialAction\":[{\"@type\":\"ReadAction\",\"target\":[\"https:\/\/vinotecahugo.ro\/en\/produs\/petro-vaselo-pv-gran-cru-2023\/\"]}]},{\"@type\":\"ImageObject\",\"inLanguage\":\"en-US\",\"@id\":\"https:\/\/vinotecahugo.ro\/en\/produs\/petro-vaselo-pv-gran-cru-2023\/#primaryimage\",\"url\":\"https:\/\/vinotecahugo.ro\/wp-content\/uploads\/2021\/09\/GRAN-CRU-PETRO-VASELO.jpg\",\"contentUrl\":\"https:\/\/vinotecahugo.ro\/wp-content\/uploads\/2021\/09\/GRAN-CRU-PETRO-VASELO.jpg\",\"width\":600,\"height\":600},{\"@type\":\"BreadcrumbList\",\"@id\":\"https:\/\/vinotecahugo.ro\/en\/produs\/petro-vaselo-pv-gran-cru-2023\/#breadcrumb\",\"itemListElement\":[{\"@type\":\"ListItem\",\"position\":1,\"name\":\"Prima pagin\u0103\",\"item\":\"https:\/\/vinotecahugo.ro\/en\/\"},{\"@type\":\"ListItem\",\"position\":2,\"name\":\"Magazin\",\"item\":\"https:\/\/vinotecahugo.ro\/magazin\/\"},{\"@type\":\"ListItem\",\"position\":3,\"name\":\"Petro Vaselo &#8211; PV Gran Cru 2023\"}]},{\"@type\":\"WebSite\",\"@id\":\"https:\/\/vinotecahugo.ro\/en\/#website\",\"url\":\"https:\/\/vinotecahugo.ro\/en\/\",\"name\":\"Vinoteca Hugo\",\"description\":\"vinotec\u0103 cu o colec\u021bie de peste 5000 de sticle de vin\",\"publisher\":{\"@id\":\"https:\/\/vinotecahugo.ro\/en\/#organization\"},\"potentialAction\":[{\"@type\":\"SearchAction\",\"target\":{\"@type\":\"EntryPoint\",\"urlTemplate\":\"https:\/\/vinotecahugo.ro\/en\/?s={search_term_string}\"},\"query-input\":{\"@type\":\"PropertyValueSpecification\",\"valueRequired\":true,\"valueName\":\"search_term_string\"}}],\"inLanguage\":\"en-US\"},{\"@type\":\"Organization\",\"@id\":\"https:\/\/vinotecahugo.ro\/en\/#organization\",\"name\":\"Vinoteca Hugo\",\"url\":\"https:\/\/vinotecahugo.ro\/en\/\",\"logo\":{\"@type\":\"ImageObject\",\"inLanguage\":\"en-US\",\"@id\":\"https:\/\/vinotecahugo.ro\/en\/#\/schema\/logo\/image\/\",\"url\":\"https:\/\/vinotecahugo.ro\/wp-content\/uploads\/2020\/04\/logo-vinoteca-hugo-160-120..jpg\",\"contentUrl\":\"https:\/\/vinotecahugo.ro\/wp-content\/uploads\/2020\/04\/logo-vinoteca-hugo-160-120..jpg\",\"width\":160,\"height\":120,\"caption\":\"Vinoteca Hugo\"},\"image\":{\"@id\":\"https:\/\/vinotecahugo.ro\/en\/#\/schema\/logo\/image\/\"},\"sameAs\":[\"https:\/\/www.facebook.com\/VinotecaHugoAlbaIulia\",\"https:\/\/www.instagram.com\/vinoteca_hugo\/\",\"https:\/\/www.youtube.com\/channel\/UCpprt6bjcY4i-6P9WM-466g\"]}]}<\/script>\n<!-- \/ Yoast SEO plugin. -->","yoast_head_json":{"title":"Petro Vaselo - PV Gran Cru 2023 - Vinoteca Hugo","description":"Comand\u0103 online Petro Vaselo - PV Gran Cru 2023 de la Vinoteca Hugo! Vinuri de top pentru momente speciale.","robots":{"index":"index","follow":"follow","max-snippet":"max-snippet:-1","max-image-preview":"max-image-preview:large","max-video-preview":"max-video-preview:-1"},"canonical":"https:\/\/vinotecahugo.ro\/en\/produs\/petro-vaselo-pv-gran-cru-2023\/","og_locale":"en_US","og_type":"article","og_title":"Petro Vaselo - PV Gran Cru 2023 - Vinoteca Hugo","og_description":"Comand\u0103 online Petro Vaselo - PV Gran Cru 2023 de la Vinoteca Hugo! Vinuri de top pentru momente speciale.","og_url":"https:\/\/vinotecahugo.ro\/en\/produs\/petro-vaselo-pv-gran-cru-2023\/","og_site_name":"Vinoteca Hugo","article_publisher":"https:\/\/www.facebook.com\/VinotecaHugoAlbaIulia","article_modified_time":"2025-10-29T16:07:02+00:00","og_image":[{"width":600,"height":600,"url":"https:\/\/vinotecahugo.ro\/wp-content\/uploads\/2021\/09\/GRAN-CRU-PETRO-VASELO.jpg","type":"image\/jpeg"}],"twitter_card":"summary_large_image","twitter_misc":{"Est. reading time":"1 minute"},"schema":{"@context":"https:\/\/schema.org","@graph":[{"@type":"WebPage","@id":"https:\/\/vinotecahugo.ro\/en\/produs\/petro-vaselo-pv-gran-cru-2023\/","url":"https:\/\/vinotecahugo.ro\/en\/produs\/petro-vaselo-pv-gran-cru-2023\/","name":"Petro Vaselo - PV Gran Cru 2023 - Vinoteca Hugo","isPartOf":{"@id":"https:\/\/vinotecahugo.ro\/en\/#website"},"primaryImageOfPage":{"@id":"https:\/\/vinotecahugo.ro\/en\/produs\/petro-vaselo-pv-gran-cru-2023\/#primaryimage"},"image":{"@id":"https:\/\/vinotecahugo.ro\/en\/produs\/petro-vaselo-pv-gran-cru-2023\/#primaryimage"},"thumbnailUrl":"https:\/\/vinotecahugo.ro\/wp-content\/uploads\/2021\/09\/GRAN-CRU-PETRO-VASELO.jpg","datePublished":"2022-09-30T08:59:12+00:00","dateModified":"2025-10-29T16:07:02+00:00","description":"Comand\u0103 online Petro Vaselo - PV Gran Cru 2023 de la Vinoteca Hugo! Vinuri de top pentru momente speciale.","breadcrumb":{"@id":"https:\/\/vinotecahugo.ro\/en\/produs\/petro-vaselo-pv-gran-cru-2023\/#breadcrumb"},"inLanguage":"en-US","potentialAction":[{"@type":"ReadAction","target":["https:\/\/vinotecahugo.ro\/en\/produs\/petro-vaselo-pv-gran-cru-2023\/"]}]},{"@type":"ImageObject","inLanguage":"en-US","@id":"https:\/\/vinotecahugo.ro\/en\/produs\/petro-vaselo-pv-gran-cru-2023\/#primaryimage","url":"https:\/\/vinotecahugo.ro\/wp-content\/uploads\/2021\/09\/GRAN-CRU-PETRO-VASELO.jpg","contentUrl":"https:\/\/vinotecahugo.ro\/wp-content\/uploads\/2021\/09\/GRAN-CRU-PETRO-VASELO.jpg","width":600,"height":600},{"@type":"BreadcrumbList","@id":"https:\/\/vinotecahugo.ro\/en\/produs\/petro-vaselo-pv-gran-cru-2023\/#breadcrumb","itemListElement":[{"@type":"ListItem","position":1,"name":"Prima pagin\u0103","item":"https:\/\/vinotecahugo.ro\/en\/"},{"@type":"ListItem","position":2,"name":"Magazin","item":"https:\/\/vinotecahugo.ro\/magazin\/"},{"@type":"ListItem","position":3,"name":"Petro Vaselo &#8211; PV Gran Cru 2023"}]},{"@type":"WebSite","@id":"https:\/\/vinotecahugo.ro\/en\/#website","url":"https:\/\/vinotecahugo.ro\/en\/","name":"Vinoteca Hugo","description":"vinotec\u0103 cu o colec\u021bie de peste 5000 de sticle de vin","publisher":{"@id":"https:\/\/vinotecahugo.ro\/en\/#organization"},"potentialAction":[{"@type":"SearchAction","target":{"@type":"EntryPoint","urlTemplate":"https:\/\/vinotecahugo.ro\/en\/?s={search_term_string}"},"query-input":{"@type":"PropertyValueSpecification","valueRequired":true,"valueName":"search_term_string"}}],"inLanguage":"en-US"},{"@type":"Organization","@id":"https:\/\/vinotecahugo.ro\/en\/#organization","name":"Vinoteca Hugo","url":"https:\/\/vinotecahugo.ro\/en\/","logo":{"@type":"ImageObject","inLanguage":"en-US","@id":"https:\/\/vinotecahugo.ro\/en\/#\/schema\/logo\/image\/","url":"https:\/\/vinotecahugo.ro\/wp-content\/uploads\/2020\/04\/logo-vinoteca-hugo-160-120..jpg","contentUrl":"https:\/\/vinotecahugo.ro\/wp-content\/uploads\/2020\/04\/logo-vinoteca-hugo-160-120..jpg","width":160,"height":120,"caption":"Vinoteca Hugo"},"image":{"@id":"https:\/\/vinotecahugo.ro\/en\/#\/schema\/logo\/image\/"},"sameAs":["https:\/\/www.facebook.com\/VinotecaHugoAlbaIulia","https:\/\/www.instagram.com\/vinoteca_hugo\/","https:\/\/www.youtube.com\/channel\/UCpprt6bjcY4i-6P9WM-466g"]}]}},"_links":{"self":[{"href":"https:\/\/vinotecahugo.ro\/en\/wp-json\/wp\/v2\/product\/18558","targetHints":{"allow":["GET"]}}],"collection":[{"href":"https:\/\/vinotecahugo.ro\/en\/wp-json\/wp\/v2\/product"}],"about":[{"href":"https:\/\/vinotecahugo.ro\/en\/wp-json\/wp\/v2\/types\/product"}],"replies":[{"embeddable":true,"href":"https:\/\/vinotecahugo.ro\/en\/wp-json\/wp\/v2\/comments?post=18558"}],"wp:featuredmedia":[{"embeddable":true,"href":"https:\/\/vinotecahugo.ro\/en\/wp-json\/wp\/v2\/media\/17527"}],"wp:attachment":[{"href":"https:\/\/vinotecahugo.ro\/en\/wp-json\/wp\/v2\/media?parent=18558"}],"wp:term":[{"taxonomy":"product_brand","embeddable":true,"href":"https:\/\/vinotecahugo.ro\/en\/wp-json\/wp\/v2\/product_brand?post=18558"},{"taxonomy":"product_cat","embeddable":true,"href":"https:\/\/vinotecahugo.ro\/en\/wp-json\/wp\/v2\/product_cat?post=18558"},{"taxonomy":"product_tag","embeddable":true,"href":"https:\/\/vinotecahugo.ro\/en\/wp-json\/wp\/v2\/product_tag?post=18558"}],"curies":[{"name":"wp","href":"https:\/\/api.w.org\/{rel}","templated":true}]}}