{"id":18404,"date":"2022-07-27T14:52:26","date_gmt":"2022-07-27T11:52:26","guid":{"rendered":"https:\/\/vinotecahugo.ro\/?post_type=product&#038;p=18404"},"modified":"2025-04-09T22:14:28","modified_gmt":"2025-04-09T19:14:28","slug":"chateau-cristi-pinot-noir-2018","status":"publish","type":"product","link":"https:\/\/vinotecahugo.ro\/en\/produs\/chateau-cristi-pinot-noir-2018\/","title":{"rendered":"Chateau Cristi PINOT NOIR 2018"},"content":{"rendered":"<div class=\"video-shortcode\"><iframe title=\"Chateau Cristi Commercial\" width=\"1100\" height=\"619\" src=\"https:\/\/www.youtube.com\/embed\/zmxNXbO21tw?feature=oembed\" frameborder=\"0\" allow=\"accelerometer; autoplay; clipboard-write; encrypted-media; gyroscope; picture-in-picture\" allowfullscreen><\/iframe><\/div>\n<p><strong>CHATEAU CRISTI<\/strong><\/p>\n<p>Din 2015, vin\u0103ria cu tradi\u021bii seculare Chateau Cristi re\u00eenvie re\u021betele vinicole a familiei Cristi.<\/p>\n<p>Urma\u0219ii acestui neam nobil muncesc \u0219i ast\u0103zi cu aceea\u0219i dedica\u021bie, pentru ca pe mesele noastre s\u0103 nimereasc\u0103 cel mai bun \u0219i select vin.<\/p>\n<p>Astfel, a fost re\u00eenviat cupajul legendar Cabernet Sauvignon \u2013 Merlot \u2013 Malbec, care pe bun\u0103 dreptate a meritat titlul de \u201eregal\u201d.<br \/>\nPodgoriile noaste se g\u0103sesc ast\u0103zi \u00een sudul Modovei, \u00een celebra zon\u0103 Valul lui Traian. Se \u0219tie, c\u0103 strugurii care au crescut \u00een aceast\u0103 zon\u0103 fertil\u0103 sunt renumi\u021bi pentru buchetul select \u0219i pentru aromele de flori \u0219i fructe uscate, culoarea intens\u0103 \u0219i gustul excelet pe care \u00eel d\u0103ruiesc vinului.<\/p>\n<p>Deja de doi ani, vin\u0103ria re\u00eenviat\u0103 Chateau Cristi bucur\u0103 pe to\u021bi admiratorii vinului select cu un produs distinct.<\/p>\n<p>Doar fiecare sticl\u0103 de vin Chateau Cristi, este o declara\u021bie de dragoste pentru voi!<\/p>\n<p>Mai multe informatii despre acest producator gasiti <a href=\"https:\/\/chateau-cristi.com\/ro\/about-cristi\/\">AICI<\/a> .<\/p>\n<p>Pentru programul de degustari si oferte personalizate te invitam sa devii membrul clubului Vinoteca Hugo. Pentru mai multe informatii fa click <a href=\"https:\/\/vinotecahugo.ro\/evenimente\/\">AICI.<\/a><\/p>\n<p>&nbsp;<\/p>\n<p>&nbsp;<\/p>\n","protected":false},"excerpt":{"rendered":"<p>U\u0219or, cu o arom\u0103 \u0219i un postgust fin, vinul clasic Pinot Noir a fost maturat \u00een butoaie de stejar mai bine de 6 luni. Aromele de cire\u0219e, cui\u0219oare, fructe de p\u0103dure \u0219i vanilie, sunt accentuate datorit\u0103 gustului moale \u0219i elegant cu note de violete \u0219i postgust de trufe.<br \/>\nTemperatura de servire este de 16-18 grade Celsius.<br \/>\nPinot Noir se recomand\u0103 a fi servit cu br\u00e2nzeturi moi, m\u00e2nc\u0103ruri cu sosuri cremoase, \u0219i bucate din curcan \u0219i vi\u021bel.<\/p>\n","protected":false},"featured_media":18405,"comment_status":"open","ping_status":"closed","template":"","meta":[],"product_brand":[],"product_cat":[887,888,281,145],"product_tag":[],"class_list":{"0":"post-18404","1":"product","2":"type-product","3":"status-publish","4":"has-post-thumbnail","6":"product_cat-vin-rosu","7":"product_cat-vin-rosu-sec","8":"product_cat-vinuri-internationale","9":"product_cat-vinuri-romanesti","11":"first","12":"instock","13":"taxable","14":"shipping-taxable","15":"purchasable","16":"product-type-simple"},"yoast_head":"<!-- This site is optimized with the Yoast SEO plugin v24.6 - https:\/\/yoast.com\/wordpress\/plugins\/seo\/ -->\n<title>Chateau Cristi PINOT NOIR 2018 - Vinoteca Hugo<\/title>\n<meta name=\"description\" content=\"Comand\u0103 online Chateau Cristi PINOT NOIR 2018 de la Vinoteca Hugo! Vinuri de top pentru momente speciale.\" \/>\n<meta name=\"robots\" content=\"index, follow, max-snippet:-1, max-image-preview:large, max-video-preview:-1\" \/>\n<link rel=\"canonical\" href=\"https:\/\/vinotecahugo.ro\/en\/produs\/chateau-cristi-pinot-noir-2018\/\" \/>\n<meta property=\"og:locale\" content=\"en_US\" \/>\n<meta property=\"og:type\" content=\"article\" \/>\n<meta property=\"og:title\" content=\"Chateau Cristi PINOT NOIR 2018 - Vinoteca Hugo\" \/>\n<meta property=\"og:description\" content=\"Comand\u0103 online Chateau Cristi PINOT NOIR 2018 de la Vinoteca Hugo! Vinuri de top pentru momente speciale.\" \/>\n<meta property=\"og:url\" content=\"https:\/\/vinotecahugo.ro\/en\/produs\/chateau-cristi-pinot-noir-2018\/\" \/>\n<meta property=\"og:site_name\" content=\"Vinoteca Hugo\" \/>\n<meta property=\"article:publisher\" content=\"https:\/\/www.facebook.com\/VinotecaHugoAlbaIulia\" \/>\n<meta property=\"article:modified_time\" content=\"2025-04-09T19:14:28+00:00\" \/>\n<meta property=\"og:image\" content=\"https:\/\/vinotecahugo.ro\/wp-content\/uploads\/2022\/07\/Chateau_Cristi_Pinot_Noir.jpg\" \/>\n\t<meta property=\"og:image:width\" content=\"600\" \/>\n\t<meta property=\"og:image:height\" content=\"600\" \/>\n\t<meta property=\"og:image:type\" content=\"image\/jpeg\" \/>\n<meta name=\"twitter:card\" content=\"summary_large_image\" \/>\n<meta name=\"twitter:label1\" content=\"Est. reading time\" \/>\n\t<meta name=\"twitter:data1\" content=\"1 minute\" \/>\n<script type=\"application\/ld+json\" class=\"yoast-schema-graph\">{\"@context\":\"https:\/\/schema.org\",\"@graph\":[{\"@type\":\"WebPage\",\"@id\":\"https:\/\/vinotecahugo.ro\/en\/produs\/chateau-cristi-pinot-noir-2018\/\",\"url\":\"https:\/\/vinotecahugo.ro\/en\/produs\/chateau-cristi-pinot-noir-2018\/\",\"name\":\"Chateau Cristi PINOT NOIR 2018 - Vinoteca Hugo\",\"isPartOf\":{\"@id\":\"https:\/\/vinotecahugo.ro\/en\/#website\"},\"primaryImageOfPage\":{\"@id\":\"https:\/\/vinotecahugo.ro\/en\/produs\/chateau-cristi-pinot-noir-2018\/#primaryimage\"},\"image\":{\"@id\":\"https:\/\/vinotecahugo.ro\/en\/produs\/chateau-cristi-pinot-noir-2018\/#primaryimage\"},\"thumbnailUrl\":\"https:\/\/vinotecahugo.ro\/wp-content\/uploads\/2022\/07\/Chateau_Cristi_Pinot_Noir.jpg\",\"datePublished\":\"2022-07-27T11:52:26+00:00\",\"dateModified\":\"2025-04-09T19:14:28+00:00\",\"description\":\"Comand\u0103 online Chateau Cristi PINOT NOIR 2018 de la Vinoteca Hugo! Vinuri de top pentru momente speciale.\",\"breadcrumb\":{\"@id\":\"https:\/\/vinotecahugo.ro\/en\/produs\/chateau-cristi-pinot-noir-2018\/#breadcrumb\"},\"inLanguage\":\"en-US\",\"potentialAction\":[{\"@type\":\"ReadAction\",\"target\":[\"https:\/\/vinotecahugo.ro\/en\/produs\/chateau-cristi-pinot-noir-2018\/\"]}]},{\"@type\":\"ImageObject\",\"inLanguage\":\"en-US\",\"@id\":\"https:\/\/vinotecahugo.ro\/en\/produs\/chateau-cristi-pinot-noir-2018\/#primaryimage\",\"url\":\"https:\/\/vinotecahugo.ro\/wp-content\/uploads\/2022\/07\/Chateau_Cristi_Pinot_Noir.jpg\",\"contentUrl\":\"https:\/\/vinotecahugo.ro\/wp-content\/uploads\/2022\/07\/Chateau_Cristi_Pinot_Noir.jpg\",\"width\":600,\"height\":600},{\"@type\":\"BreadcrumbList\",\"@id\":\"https:\/\/vinotecahugo.ro\/en\/produs\/chateau-cristi-pinot-noir-2018\/#breadcrumb\",\"itemListElement\":[{\"@type\":\"ListItem\",\"position\":1,\"name\":\"Prima pagin\u0103\",\"item\":\"https:\/\/vinotecahugo.ro\/en\/\"},{\"@type\":\"ListItem\",\"position\":2,\"name\":\"Magazin\",\"item\":\"https:\/\/vinotecahugo.ro\/magazin\/\"},{\"@type\":\"ListItem\",\"position\":3,\"name\":\"Chateau Cristi PINOT NOIR 2018\"}]},{\"@type\":\"WebSite\",\"@id\":\"https:\/\/vinotecahugo.ro\/en\/#website\",\"url\":\"https:\/\/vinotecahugo.ro\/en\/\",\"name\":\"Vinoteca Hugo\",\"description\":\"vinotec\u0103 cu o colec\u021bie de peste 5000 de sticle de vin\",\"publisher\":{\"@id\":\"https:\/\/vinotecahugo.ro\/en\/#organization\"},\"potentialAction\":[{\"@type\":\"SearchAction\",\"target\":{\"@type\":\"EntryPoint\",\"urlTemplate\":\"https:\/\/vinotecahugo.ro\/en\/?s={search_term_string}\"},\"query-input\":{\"@type\":\"PropertyValueSpecification\",\"valueRequired\":true,\"valueName\":\"search_term_string\"}}],\"inLanguage\":\"en-US\"},{\"@type\":\"Organization\",\"@id\":\"https:\/\/vinotecahugo.ro\/en\/#organization\",\"name\":\"Vinoteca Hugo\",\"url\":\"https:\/\/vinotecahugo.ro\/en\/\",\"logo\":{\"@type\":\"ImageObject\",\"inLanguage\":\"en-US\",\"@id\":\"https:\/\/vinotecahugo.ro\/en\/#\/schema\/logo\/image\/\",\"url\":\"https:\/\/vinotecahugo.ro\/wp-content\/uploads\/2020\/04\/logo-vinoteca-hugo-160-120..jpg\",\"contentUrl\":\"https:\/\/vinotecahugo.ro\/wp-content\/uploads\/2020\/04\/logo-vinoteca-hugo-160-120..jpg\",\"width\":160,\"height\":120,\"caption\":\"Vinoteca Hugo\"},\"image\":{\"@id\":\"https:\/\/vinotecahugo.ro\/en\/#\/schema\/logo\/image\/\"},\"sameAs\":[\"https:\/\/www.facebook.com\/VinotecaHugoAlbaIulia\",\"https:\/\/www.instagram.com\/vinoteca_hugo\/\",\"https:\/\/www.youtube.com\/channel\/UCpprt6bjcY4i-6P9WM-466g\"]}]}<\/script>\n<!-- \/ Yoast SEO plugin. -->","yoast_head_json":{"title":"Chateau Cristi PINOT NOIR 2018 - Vinoteca Hugo","description":"Comand\u0103 online Chateau Cristi PINOT NOIR 2018 de la Vinoteca Hugo! Vinuri de top pentru momente speciale.","robots":{"index":"index","follow":"follow","max-snippet":"max-snippet:-1","max-image-preview":"max-image-preview:large","max-video-preview":"max-video-preview:-1"},"canonical":"https:\/\/vinotecahugo.ro\/en\/produs\/chateau-cristi-pinot-noir-2018\/","og_locale":"en_US","og_type":"article","og_title":"Chateau Cristi PINOT NOIR 2018 - Vinoteca Hugo","og_description":"Comand\u0103 online Chateau Cristi PINOT NOIR 2018 de la Vinoteca Hugo! Vinuri de top pentru momente speciale.","og_url":"https:\/\/vinotecahugo.ro\/en\/produs\/chateau-cristi-pinot-noir-2018\/","og_site_name":"Vinoteca Hugo","article_publisher":"https:\/\/www.facebook.com\/VinotecaHugoAlbaIulia","article_modified_time":"2025-04-09T19:14:28+00:00","og_image":[{"width":600,"height":600,"url":"https:\/\/vinotecahugo.ro\/wp-content\/uploads\/2022\/07\/Chateau_Cristi_Pinot_Noir.jpg","type":"image\/jpeg"}],"twitter_card":"summary_large_image","twitter_misc":{"Est. reading time":"1 minute"},"schema":{"@context":"https:\/\/schema.org","@graph":[{"@type":"WebPage","@id":"https:\/\/vinotecahugo.ro\/en\/produs\/chateau-cristi-pinot-noir-2018\/","url":"https:\/\/vinotecahugo.ro\/en\/produs\/chateau-cristi-pinot-noir-2018\/","name":"Chateau Cristi PINOT NOIR 2018 - Vinoteca Hugo","isPartOf":{"@id":"https:\/\/vinotecahugo.ro\/en\/#website"},"primaryImageOfPage":{"@id":"https:\/\/vinotecahugo.ro\/en\/produs\/chateau-cristi-pinot-noir-2018\/#primaryimage"},"image":{"@id":"https:\/\/vinotecahugo.ro\/en\/produs\/chateau-cristi-pinot-noir-2018\/#primaryimage"},"thumbnailUrl":"https:\/\/vinotecahugo.ro\/wp-content\/uploads\/2022\/07\/Chateau_Cristi_Pinot_Noir.jpg","datePublished":"2022-07-27T11:52:26+00:00","dateModified":"2025-04-09T19:14:28+00:00","description":"Comand\u0103 online Chateau Cristi PINOT NOIR 2018 de la Vinoteca Hugo! Vinuri de top pentru momente speciale.","breadcrumb":{"@id":"https:\/\/vinotecahugo.ro\/en\/produs\/chateau-cristi-pinot-noir-2018\/#breadcrumb"},"inLanguage":"en-US","potentialAction":[{"@type":"ReadAction","target":["https:\/\/vinotecahugo.ro\/en\/produs\/chateau-cristi-pinot-noir-2018\/"]}]},{"@type":"ImageObject","inLanguage":"en-US","@id":"https:\/\/vinotecahugo.ro\/en\/produs\/chateau-cristi-pinot-noir-2018\/#primaryimage","url":"https:\/\/vinotecahugo.ro\/wp-content\/uploads\/2022\/07\/Chateau_Cristi_Pinot_Noir.jpg","contentUrl":"https:\/\/vinotecahugo.ro\/wp-content\/uploads\/2022\/07\/Chateau_Cristi_Pinot_Noir.jpg","width":600,"height":600},{"@type":"BreadcrumbList","@id":"https:\/\/vinotecahugo.ro\/en\/produs\/chateau-cristi-pinot-noir-2018\/#breadcrumb","itemListElement":[{"@type":"ListItem","position":1,"name":"Prima pagin\u0103","item":"https:\/\/vinotecahugo.ro\/en\/"},{"@type":"ListItem","position":2,"name":"Magazin","item":"https:\/\/vinotecahugo.ro\/magazin\/"},{"@type":"ListItem","position":3,"name":"Chateau Cristi PINOT NOIR 2018"}]},{"@type":"WebSite","@id":"https:\/\/vinotecahugo.ro\/en\/#website","url":"https:\/\/vinotecahugo.ro\/en\/","name":"Vinoteca Hugo","description":"vinotec\u0103 cu o colec\u021bie de peste 5000 de sticle de vin","publisher":{"@id":"https:\/\/vinotecahugo.ro\/en\/#organization"},"potentialAction":[{"@type":"SearchAction","target":{"@type":"EntryPoint","urlTemplate":"https:\/\/vinotecahugo.ro\/en\/?s={search_term_string}"},"query-input":{"@type":"PropertyValueSpecification","valueRequired":true,"valueName":"search_term_string"}}],"inLanguage":"en-US"},{"@type":"Organization","@id":"https:\/\/vinotecahugo.ro\/en\/#organization","name":"Vinoteca Hugo","url":"https:\/\/vinotecahugo.ro\/en\/","logo":{"@type":"ImageObject","inLanguage":"en-US","@id":"https:\/\/vinotecahugo.ro\/en\/#\/schema\/logo\/image\/","url":"https:\/\/vinotecahugo.ro\/wp-content\/uploads\/2020\/04\/logo-vinoteca-hugo-160-120..jpg","contentUrl":"https:\/\/vinotecahugo.ro\/wp-content\/uploads\/2020\/04\/logo-vinoteca-hugo-160-120..jpg","width":160,"height":120,"caption":"Vinoteca Hugo"},"image":{"@id":"https:\/\/vinotecahugo.ro\/en\/#\/schema\/logo\/image\/"},"sameAs":["https:\/\/www.facebook.com\/VinotecaHugoAlbaIulia","https:\/\/www.instagram.com\/vinoteca_hugo\/","https:\/\/www.youtube.com\/channel\/UCpprt6bjcY4i-6P9WM-466g"]}]}},"_links":{"self":[{"href":"https:\/\/vinotecahugo.ro\/en\/wp-json\/wp\/v2\/product\/18404","targetHints":{"allow":["GET"]}}],"collection":[{"href":"https:\/\/vinotecahugo.ro\/en\/wp-json\/wp\/v2\/product"}],"about":[{"href":"https:\/\/vinotecahugo.ro\/en\/wp-json\/wp\/v2\/types\/product"}],"replies":[{"embeddable":true,"href":"https:\/\/vinotecahugo.ro\/en\/wp-json\/wp\/v2\/comments?post=18404"}],"wp:featuredmedia":[{"embeddable":true,"href":"https:\/\/vinotecahugo.ro\/en\/wp-json\/wp\/v2\/media\/18405"}],"wp:attachment":[{"href":"https:\/\/vinotecahugo.ro\/en\/wp-json\/wp\/v2\/media?parent=18404"}],"wp:term":[{"taxonomy":"product_brand","embeddable":true,"href":"https:\/\/vinotecahugo.ro\/en\/wp-json\/wp\/v2\/product_brand?post=18404"},{"taxonomy":"product_cat","embeddable":true,"href":"https:\/\/vinotecahugo.ro\/en\/wp-json\/wp\/v2\/product_cat?post=18404"},{"taxonomy":"product_tag","embeddable":true,"href":"https:\/\/vinotecahugo.ro\/en\/wp-json\/wp\/v2\/product_tag?post=18404"}],"curies":[{"name":"wp","href":"https:\/\/api.w.org\/{rel}","templated":true}]}}