{"id":18243,"date":"2022-05-23T16:58:30","date_gmt":"2022-05-23T13:58:30","guid":{"rendered":"https:\/\/vinotecahugo.ro\/?post_type=product&#038;p=18243"},"modified":"2025-12-15T16:11:33","modified_gmt":"2025-12-15T14:11:33","slug":"academia-purcari-saperavi-2019","status":"publish","type":"product","link":"https:\/\/vinotecahugo.ro\/en\/produs\/academia-purcari-saperavi-2019\/","title":{"rendered":"Academia Purcari SAPERAVI 2019"},"content":{"rendered":"<p>&nbsp;<\/p>\n<div class=\"video-shortcode\"><iframe title=\"Moldovan Winery thanks Norwegian consumers in ... Norwegian | Purcari | Takk, Norge!\" width=\"1100\" height=\"619\" src=\"https:\/\/www.youtube.com\/embed\/vBUekC1C_-w?feature=oembed\" frameborder=\"0\" allow=\"accelerometer; autoplay; clipboard-write; encrypted-media; gyroscope; picture-in-picture\" allowfullscreen><\/iframe><\/div>\n<p><strong>CHATEAU PURCARI<\/strong><\/p>\n<p>Istoria Purcari \u00eencepe \u00een secolul XVIII, c\u00e2nd coloni\u0219tii francezi au luat \u00een arend\u0103 p\u0103m\u00e2nturile de la M\u0103n\u0103stirea Afon-Zograf, oblig\u00e2ndu-se s\u0103 men\u021bin\u0103 podgoriile \u00een bun\u0103 ordine \u0219i s\u0103 fie pl\u0103tit\u0103 desetina din venituri \u0219i road\u0103. Francezi fiind, au intuit c\u0103 terroir-ul este unul special, asem\u0103n\u0103tor renumitei regiuni Bordeaux. Canada).<\/p>\n<p>\u00cen 1878 vin\u0103ria s\u0103rb\u0103tore\u0219te adev\u0103ratul triumf la Expozi\u021bia Mondial\u0103 de la Paris, c\u00e2nd \u00een cadrul unei degust\u0103ri \u00eenchise, exper\u0163ii francezi au fost impresiona\u0163i de un vin sec, de culoare intens- rubinie, fiind siguri c\u0103 este un vin de Bordeaux. Mare \u00eens\u0103 le-a fost mirarea s\u0103 afle c\u0103 vinul \u00ee\u0219i are originile \u00eentr-un s\u0103tuc necunoscut de pe malul Nistrului. Acesta este momentul c\u00e2nd Negru de Purcari a ob\u021binut prima sa medalie de aur la o expozi\u021bie interna\u021bional\u0103.<\/p>\n<p>O nou\u0103 er\u0103 \u00een istoria Purcari \u00eencepe \u00een 1950, c\u00e2nd vinificatorii moldoveni au restabilit tehnologia clasic\u0103 de producere a celebrelor vinuri. Unul dintre marii profesioni\u0219ti ai timpului Pimen Cupcea, a reconstituit re\u021beta legendarului vin Negru de Purcari, iar Ion Ungureanu a creat o nou\u0103 capodoper\u0103 \u2013 Purpuriu de Purcari.<\/p>\n<p>\u00cen 2003, odat\u0103 cu replantarea celor 250 ha de vi\u0163\u0103 de vie \u015fi dotarea vin\u0103riei cu cele mai performante utilaje, \u00eencepe perioada modern\u0103 din istoria Ch\u00e2teau Purcari.<\/p>\n<p>In prezent grupul Purcari este unul dintre principalii produc\u0103tori de vin \u0219i brandy din Europa Central\u0103 \u0219i de Est, gestion\u00e2nd aproximativ 1,000 de hectare de podgorii \u0219i 4 vin\u0103rii din Rom\u00e2nia \u0219i Republica Moldova: Purcari, Crama Ceptura, Bostavan \u0219i Bardar.<\/p>\n<p>Mai multe informatii despre acest producator gasiti <a href=\"https:\/\/purcari.wine\/ro\/page\/istoria\/\">AICI<\/a> .<\/p>\n<p>Pentru programul de degustari si oferte personalizate te invitam sa devii membrul clubului Vinoteca Hugo. Pentru mai multe informatii fa click <a href=\"https:\/\/vinotecahugo.ro\/evenimente\/\">AICI.<\/a><\/p>\n<p>&nbsp;<\/p>\n<p>&nbsp;<\/p>\n","protected":false},"excerpt":{"rendered":"<p>Academia Saperavi este esen\u021ba impresionantului soi georgian cu acela\u0219i nume, reinterpretat de c\u0103tre expresia pur\u0103 a terroir-ului de Purcari, ob\u021bin\u00e2nd, \u00een rezultat, un vin autentic cu arom\u0103 fulminant\u0103.<br \/>\nCrearea acestui vin a presupus simbioza c\u00e2torva elemente cheie: terroir-ul divers, vi\u021ba-de-vie ce transmite perfect muzica solului, un an al roadei absolut inedit \u0219i, nu \u00een ultimul r\u00e2nd, pasiunea \u0219i curajul vinificatorului. Fermentarea \u00een amfor\u0103 de lut \u0219i scurta odihn\u0103 \u00een butoi de stejar ne-au permis s\u0103 ob\u021binem un vin pur, ce a evoluat f\u0103r\u0103 implicarea altor factori. Un vin produs din cei mai buni struguri din Moldova, cur\u0103\u021ba\u021bi, r\u0103ci\u021bi \u0219i l\u0103sa\u021bi s\u0103-\u0219i urmeze calea spre fermentare \u00een mod firesc, pe care natura l-a pictat \u00eentr-un rubiniu intens cu reflexe purpurii \u0219i l-a parfumat cu arome explozive de prune \u0219i fructe coapte. \u00cendep\u0103rt\u00e2ndu-se de tendin\u021bele pie\u021bei, acest vin ro\u0219u sec cu taninuri catifelate, are un gust plin, opulent, cu un postgust lung \u0219i pl\u0103cut, cu arome complexe.<br \/>\nAcademia Saperavi cuprinde o cantitate foarte limitat\u0103 de sticle \u2013 6000 pentru c\u0103 exact cu at\u00e2ta timp \u00een urm\u0103 au fost \u00eenregistrate primele practici de utlizare a amphorelor \u00een vinifica\u021bie, \u00een Georgia.<\/p>\n","protected":false},"featured_media":18244,"comment_status":"open","ping_status":"closed","template":"","meta":[],"product_brand":[],"product_cat":[887,888,145],"product_tag":[],"class_list":{"0":"post-18243","1":"product","2":"type-product","3":"status-publish","4":"has-post-thumbnail","6":"product_cat-vin-rosu","7":"product_cat-vin-rosu-sec","8":"product_cat-vinuri-romanesti","10":"first","11":"instock","12":"taxable","13":"shipping-taxable","14":"purchasable","15":"product-type-simple"},"yoast_head":"<!-- This site is optimized with the Yoast SEO plugin v24.6 - https:\/\/yoast.com\/wordpress\/plugins\/seo\/ -->\n<title>Academia Purcari SAPERAVI 2019 - Vinoteca Hugo<\/title>\n<meta name=\"description\" content=\"Comand\u0103 online Academia Purcari SAPERAVI 2019 de la Vinoteca Hugo! Vinuri de top pentru momente speciale.\" \/>\n<meta name=\"robots\" content=\"index, follow, max-snippet:-1, max-image-preview:large, max-video-preview:-1\" \/>\n<link rel=\"canonical\" href=\"https:\/\/vinotecahugo.ro\/en\/produs\/academia-purcari-saperavi-2019\/\" \/>\n<meta property=\"og:locale\" content=\"en_US\" \/>\n<meta property=\"og:type\" content=\"article\" \/>\n<meta property=\"og:title\" content=\"Academia Purcari SAPERAVI 2019 - Vinoteca Hugo\" \/>\n<meta property=\"og:description\" content=\"Comand\u0103 online Academia Purcari SAPERAVI 2019 de la Vinoteca Hugo! Vinuri de top pentru momente speciale.\" \/>\n<meta property=\"og:url\" content=\"https:\/\/vinotecahugo.ro\/en\/produs\/academia-purcari-saperavi-2019\/\" \/>\n<meta property=\"og:site_name\" content=\"Vinoteca Hugo\" \/>\n<meta property=\"article:publisher\" content=\"https:\/\/www.facebook.com\/VinotecaHugoAlbaIulia\" \/>\n<meta property=\"article:modified_time\" content=\"2025-12-15T14:11:33+00:00\" \/>\n<meta property=\"og:image\" content=\"https:\/\/vinotecahugo.ro\/wp-content\/uploads\/2022\/05\/saperavi-academia-purcari.jpg\" \/>\n\t<meta property=\"og:image:width\" content=\"600\" \/>\n\t<meta property=\"og:image:height\" content=\"600\" \/>\n\t<meta property=\"og:image:type\" content=\"image\/jpeg\" \/>\n<meta name=\"twitter:card\" content=\"summary_large_image\" \/>\n<meta name=\"twitter:label1\" content=\"Est. reading time\" \/>\n\t<meta name=\"twitter:data1\" content=\"2 minutes\" \/>\n<script type=\"application\/ld+json\" class=\"yoast-schema-graph\">{\"@context\":\"https:\/\/schema.org\",\"@graph\":[{\"@type\":\"WebPage\",\"@id\":\"https:\/\/vinotecahugo.ro\/en\/produs\/academia-purcari-saperavi-2019\/\",\"url\":\"https:\/\/vinotecahugo.ro\/en\/produs\/academia-purcari-saperavi-2019\/\",\"name\":\"Academia Purcari SAPERAVI 2019 - Vinoteca Hugo\",\"isPartOf\":{\"@id\":\"https:\/\/vinotecahugo.ro\/en\/#website\"},\"primaryImageOfPage\":{\"@id\":\"https:\/\/vinotecahugo.ro\/en\/produs\/academia-purcari-saperavi-2019\/#primaryimage\"},\"image\":{\"@id\":\"https:\/\/vinotecahugo.ro\/en\/produs\/academia-purcari-saperavi-2019\/#primaryimage\"},\"thumbnailUrl\":\"https:\/\/vinotecahugo.ro\/wp-content\/uploads\/2022\/05\/saperavi-academia-purcari.jpg\",\"datePublished\":\"2022-05-23T13:58:30+00:00\",\"dateModified\":\"2025-12-15T14:11:33+00:00\",\"description\":\"Comand\u0103 online Academia Purcari SAPERAVI 2019 de la Vinoteca Hugo! Vinuri de top pentru momente speciale.\",\"breadcrumb\":{\"@id\":\"https:\/\/vinotecahugo.ro\/en\/produs\/academia-purcari-saperavi-2019\/#breadcrumb\"},\"inLanguage\":\"en-US\",\"potentialAction\":[{\"@type\":\"ReadAction\",\"target\":[\"https:\/\/vinotecahugo.ro\/en\/produs\/academia-purcari-saperavi-2019\/\"]}]},{\"@type\":\"ImageObject\",\"inLanguage\":\"en-US\",\"@id\":\"https:\/\/vinotecahugo.ro\/en\/produs\/academia-purcari-saperavi-2019\/#primaryimage\",\"url\":\"https:\/\/vinotecahugo.ro\/wp-content\/uploads\/2022\/05\/saperavi-academia-purcari.jpg\",\"contentUrl\":\"https:\/\/vinotecahugo.ro\/wp-content\/uploads\/2022\/05\/saperavi-academia-purcari.jpg\",\"width\":600,\"height\":600},{\"@type\":\"BreadcrumbList\",\"@id\":\"https:\/\/vinotecahugo.ro\/en\/produs\/academia-purcari-saperavi-2019\/#breadcrumb\",\"itemListElement\":[{\"@type\":\"ListItem\",\"position\":1,\"name\":\"Prima pagin\u0103\",\"item\":\"https:\/\/vinotecahugo.ro\/en\/\"},{\"@type\":\"ListItem\",\"position\":2,\"name\":\"Magazin\",\"item\":\"https:\/\/vinotecahugo.ro\/magazin\/\"},{\"@type\":\"ListItem\",\"position\":3,\"name\":\"Academia Purcari SAPERAVI 2019\"}]},{\"@type\":\"WebSite\",\"@id\":\"https:\/\/vinotecahugo.ro\/en\/#website\",\"url\":\"https:\/\/vinotecahugo.ro\/en\/\",\"name\":\"Vinoteca Hugo\",\"description\":\"vinotec\u0103 cu o colec\u021bie de peste 5000 de sticle de vin\",\"publisher\":{\"@id\":\"https:\/\/vinotecahugo.ro\/en\/#organization\"},\"potentialAction\":[{\"@type\":\"SearchAction\",\"target\":{\"@type\":\"EntryPoint\",\"urlTemplate\":\"https:\/\/vinotecahugo.ro\/en\/?s={search_term_string}\"},\"query-input\":{\"@type\":\"PropertyValueSpecification\",\"valueRequired\":true,\"valueName\":\"search_term_string\"}}],\"inLanguage\":\"en-US\"},{\"@type\":\"Organization\",\"@id\":\"https:\/\/vinotecahugo.ro\/en\/#organization\",\"name\":\"Vinoteca Hugo\",\"url\":\"https:\/\/vinotecahugo.ro\/en\/\",\"logo\":{\"@type\":\"ImageObject\",\"inLanguage\":\"en-US\",\"@id\":\"https:\/\/vinotecahugo.ro\/en\/#\/schema\/logo\/image\/\",\"url\":\"https:\/\/vinotecahugo.ro\/wp-content\/uploads\/2020\/04\/logo-vinoteca-hugo-160-120..jpg\",\"contentUrl\":\"https:\/\/vinotecahugo.ro\/wp-content\/uploads\/2020\/04\/logo-vinoteca-hugo-160-120..jpg\",\"width\":160,\"height\":120,\"caption\":\"Vinoteca Hugo\"},\"image\":{\"@id\":\"https:\/\/vinotecahugo.ro\/en\/#\/schema\/logo\/image\/\"},\"sameAs\":[\"https:\/\/www.facebook.com\/VinotecaHugoAlbaIulia\",\"https:\/\/www.instagram.com\/vinoteca_hugo\/\",\"https:\/\/www.youtube.com\/channel\/UCpprt6bjcY4i-6P9WM-466g\"]}]}<\/script>\n<!-- \/ Yoast SEO plugin. -->","yoast_head_json":{"title":"Academia Purcari SAPERAVI 2019 - Vinoteca Hugo","description":"Comand\u0103 online Academia Purcari SAPERAVI 2019 de la Vinoteca Hugo! Vinuri de top pentru momente speciale.","robots":{"index":"index","follow":"follow","max-snippet":"max-snippet:-1","max-image-preview":"max-image-preview:large","max-video-preview":"max-video-preview:-1"},"canonical":"https:\/\/vinotecahugo.ro\/en\/produs\/academia-purcari-saperavi-2019\/","og_locale":"en_US","og_type":"article","og_title":"Academia Purcari SAPERAVI 2019 - Vinoteca Hugo","og_description":"Comand\u0103 online Academia Purcari SAPERAVI 2019 de la Vinoteca Hugo! Vinuri de top pentru momente speciale.","og_url":"https:\/\/vinotecahugo.ro\/en\/produs\/academia-purcari-saperavi-2019\/","og_site_name":"Vinoteca Hugo","article_publisher":"https:\/\/www.facebook.com\/VinotecaHugoAlbaIulia","article_modified_time":"2025-12-15T14:11:33+00:00","og_image":[{"width":600,"height":600,"url":"https:\/\/vinotecahugo.ro\/wp-content\/uploads\/2022\/05\/saperavi-academia-purcari.jpg","type":"image\/jpeg"}],"twitter_card":"summary_large_image","twitter_misc":{"Est. reading time":"2 minutes"},"schema":{"@context":"https:\/\/schema.org","@graph":[{"@type":"WebPage","@id":"https:\/\/vinotecahugo.ro\/en\/produs\/academia-purcari-saperavi-2019\/","url":"https:\/\/vinotecahugo.ro\/en\/produs\/academia-purcari-saperavi-2019\/","name":"Academia Purcari SAPERAVI 2019 - Vinoteca Hugo","isPartOf":{"@id":"https:\/\/vinotecahugo.ro\/en\/#website"},"primaryImageOfPage":{"@id":"https:\/\/vinotecahugo.ro\/en\/produs\/academia-purcari-saperavi-2019\/#primaryimage"},"image":{"@id":"https:\/\/vinotecahugo.ro\/en\/produs\/academia-purcari-saperavi-2019\/#primaryimage"},"thumbnailUrl":"https:\/\/vinotecahugo.ro\/wp-content\/uploads\/2022\/05\/saperavi-academia-purcari.jpg","datePublished":"2022-05-23T13:58:30+00:00","dateModified":"2025-12-15T14:11:33+00:00","description":"Comand\u0103 online Academia Purcari SAPERAVI 2019 de la Vinoteca Hugo! Vinuri de top pentru momente speciale.","breadcrumb":{"@id":"https:\/\/vinotecahugo.ro\/en\/produs\/academia-purcari-saperavi-2019\/#breadcrumb"},"inLanguage":"en-US","potentialAction":[{"@type":"ReadAction","target":["https:\/\/vinotecahugo.ro\/en\/produs\/academia-purcari-saperavi-2019\/"]}]},{"@type":"ImageObject","inLanguage":"en-US","@id":"https:\/\/vinotecahugo.ro\/en\/produs\/academia-purcari-saperavi-2019\/#primaryimage","url":"https:\/\/vinotecahugo.ro\/wp-content\/uploads\/2022\/05\/saperavi-academia-purcari.jpg","contentUrl":"https:\/\/vinotecahugo.ro\/wp-content\/uploads\/2022\/05\/saperavi-academia-purcari.jpg","width":600,"height":600},{"@type":"BreadcrumbList","@id":"https:\/\/vinotecahugo.ro\/en\/produs\/academia-purcari-saperavi-2019\/#breadcrumb","itemListElement":[{"@type":"ListItem","position":1,"name":"Prima pagin\u0103","item":"https:\/\/vinotecahugo.ro\/en\/"},{"@type":"ListItem","position":2,"name":"Magazin","item":"https:\/\/vinotecahugo.ro\/magazin\/"},{"@type":"ListItem","position":3,"name":"Academia Purcari SAPERAVI 2019"}]},{"@type":"WebSite","@id":"https:\/\/vinotecahugo.ro\/en\/#website","url":"https:\/\/vinotecahugo.ro\/en\/","name":"Vinoteca Hugo","description":"vinotec\u0103 cu o colec\u021bie de peste 5000 de sticle de vin","publisher":{"@id":"https:\/\/vinotecahugo.ro\/en\/#organization"},"potentialAction":[{"@type":"SearchAction","target":{"@type":"EntryPoint","urlTemplate":"https:\/\/vinotecahugo.ro\/en\/?s={search_term_string}"},"query-input":{"@type":"PropertyValueSpecification","valueRequired":true,"valueName":"search_term_string"}}],"inLanguage":"en-US"},{"@type":"Organization","@id":"https:\/\/vinotecahugo.ro\/en\/#organization","name":"Vinoteca Hugo","url":"https:\/\/vinotecahugo.ro\/en\/","logo":{"@type":"ImageObject","inLanguage":"en-US","@id":"https:\/\/vinotecahugo.ro\/en\/#\/schema\/logo\/image\/","url":"https:\/\/vinotecahugo.ro\/wp-content\/uploads\/2020\/04\/logo-vinoteca-hugo-160-120..jpg","contentUrl":"https:\/\/vinotecahugo.ro\/wp-content\/uploads\/2020\/04\/logo-vinoteca-hugo-160-120..jpg","width":160,"height":120,"caption":"Vinoteca Hugo"},"image":{"@id":"https:\/\/vinotecahugo.ro\/en\/#\/schema\/logo\/image\/"},"sameAs":["https:\/\/www.facebook.com\/VinotecaHugoAlbaIulia","https:\/\/www.instagram.com\/vinoteca_hugo\/","https:\/\/www.youtube.com\/channel\/UCpprt6bjcY4i-6P9WM-466g"]}]}},"_links":{"self":[{"href":"https:\/\/vinotecahugo.ro\/en\/wp-json\/wp\/v2\/product\/18243","targetHints":{"allow":["GET"]}}],"collection":[{"href":"https:\/\/vinotecahugo.ro\/en\/wp-json\/wp\/v2\/product"}],"about":[{"href":"https:\/\/vinotecahugo.ro\/en\/wp-json\/wp\/v2\/types\/product"}],"replies":[{"embeddable":true,"href":"https:\/\/vinotecahugo.ro\/en\/wp-json\/wp\/v2\/comments?post=18243"}],"wp:featuredmedia":[{"embeddable":true,"href":"https:\/\/vinotecahugo.ro\/en\/wp-json\/wp\/v2\/media\/18244"}],"wp:attachment":[{"href":"https:\/\/vinotecahugo.ro\/en\/wp-json\/wp\/v2\/media?parent=18243"}],"wp:term":[{"taxonomy":"product_brand","embeddable":true,"href":"https:\/\/vinotecahugo.ro\/en\/wp-json\/wp\/v2\/product_brand?post=18243"},{"taxonomy":"product_cat","embeddable":true,"href":"https:\/\/vinotecahugo.ro\/en\/wp-json\/wp\/v2\/product_cat?post=18243"},{"taxonomy":"product_tag","embeddable":true,"href":"https:\/\/vinotecahugo.ro\/en\/wp-json\/wp\/v2\/product_tag?post=18243"}],"curies":[{"name":"wp","href":"https:\/\/api.w.org\/{rel}","templated":true}]}}