{"id":18151,"date":"2022-04-21T17:34:37","date_gmt":"2022-04-21T14:34:37","guid":{"rendered":"https:\/\/vinotecahugo.ro\/?post_type=product&#038;p=18151"},"modified":"2025-10-29T18:11:49","modified_gmt":"2025-10-29T16:11:49","slug":"josef-2017-pivnitele-birauas","status":"publish","type":"product","link":"https:\/\/vinotecahugo.ro\/en\/produs\/josef-2017-pivnitele-birauas\/","title":{"rendered":"Josef 2017 PIVNITELE BIRAUAS"},"content":{"rendered":"<p>PIVNITELE BIRAUAS<\/p>\n<div class=\"lbDescription\">\n<div class=\"elementor-column elementor-col-50 elementor-top-column elementor-element elementor-element-65d6e26\" data-id=\"65d6e26\" data-element_type=\"column\">\n<div class=\"elementor-column-wrap elementor-element-populated\">\n<div class=\"elementor-widget-wrap\">\n<div class=\"elementor-element elementor-element-20cb8bc3 elementor-widget elementor-widget-text-editor\" data-id=\"20cb8bc3\" data-element_type=\"widget\" data-widget_type=\"text-editor.default\">\n<div class=\"elementor-widget-container\">\n<div class=\"elementor-text-editor elementor-clearfix\">\n<p>Pivni\u021bele Bir\u0103ua\u0219 este o cram\u0103 unde tradi\u021bia face cel mai bun melanj cu pasiunea unei echipe devotate. Ne situ\u0103m \u00een mijlocul Ardealului viticol, unde ne bucur\u0103m de istoria bogat\u0103 a p\u0103m\u00e2ntului, de zona fantastic\u0103 a Mini\u0219ului cunoscut\u0103 pentru propriet\u0103\u021bile deosebite, atestate chiar din anul 1798.<\/p>\n<\/div>\n<\/div>\n<\/div>\n<\/div>\n<\/div>\n<\/div>\n<div class=\"elementor-column elementor-col-50 elementor-top-column elementor-element elementor-element-1beae3e\" data-id=\"1beae3e\" data-element_type=\"column\">\n<div class=\"elementor-column-wrap elementor-element-populated\">\n<div class=\"elementor-widget-wrap\">\n<div class=\"elementor-element elementor-element-8d8af01 elementor-widget elementor-widget-text-editor\" data-id=\"8d8af01\" data-element_type=\"widget\" data-widget_type=\"text-editor.default\">\n<div class=\"elementor-widget-container\">\n<div class=\"elementor-text-editor elementor-clearfix\">\n<p>Onor\u0103m aceast\u0103 zon\u0103 \u0219i tot ce are ea de oferit prin grij\u0103 \u0219i aten\u021bie \u00een toate etapele producerii vinului. De la culegerea strugurilor \u0219i p\u00e2n\u0103 la p\u0103strarea \u00een butoaie \u0219i transferul \u00een sticle, procesul de realizare a vinurilor premium este respectat de \u00eentreaga echip\u0103.<\/p>\n<\/div>\n<\/div>\n<\/div>\n<\/div>\n<\/div>\n<\/div>\n<p>Mai multe informatii despre acest producator gasiti <a href=\"https:\/\/pivnitelebirauas.ro\/despre-pivnitele-birauas\/\">AICI<\/a> .<\/p>\n<\/div>\n<p>Pentru programul de degustari si oferte personalizate te invitam sa devii membrul clubului Vinoteca Hugo. Pentru mai multe informatii fa click <a href=\"https:\/\/vinotecahugo.ro\/evenimente\/\">AICI.<\/a><\/p>\n<p>&nbsp;<\/p>\n<p>&nbsp;<\/p>\n","protected":false},"excerpt":{"rendered":"<p>Josef Cabernet Sauvignon are o culoare rubinie intens\u0103 \u0219i arome de cire\u0219e ro\u0219ii, mure \u0219i vi\u0219ine.<br \/>\nAromele sunt completate de aciditatea ridicat\u0103 \u0219i taninii puternici, arome de lemn \u0219i fum. Postgustul este lung.<br \/>\nJosef a fost maturat timp de 18 luni \u00een butoaie de stejar la a doua utilizare, tocmai pentru a p\u0103stra caracteristicile vinului f\u0103r\u0103 aromele conferite de butoaiele noi.<\/p>\n","protected":false},"featured_media":18152,"comment_status":"open","ping_status":"closed","template":"","meta":[],"product_brand":[],"product_cat":[887,888,145],"product_tag":[],"class_list":{"0":"post-18151","1":"product","2":"type-product","3":"status-publish","4":"has-post-thumbnail","6":"product_cat-vin-rosu","7":"product_cat-vin-rosu-sec","8":"product_cat-vinuri-romanesti","10":"first","11":"instock","12":"taxable","13":"shipping-taxable","14":"purchasable","15":"product-type-simple"},"yoast_head":"<!-- This site is optimized with the Yoast SEO plugin v24.6 - https:\/\/yoast.com\/wordpress\/plugins\/seo\/ -->\n<title>Josef 2017 PIVNITELE BIRAUAS - Vinoteca Hugo<\/title>\n<meta name=\"description\" content=\"Comand\u0103 online Josef 2017 PIVNITELE BIRAUAS de la Vinoteca Hugo! Vinuri de top pentru momente speciale.\" \/>\n<meta name=\"robots\" content=\"index, follow, max-snippet:-1, max-image-preview:large, max-video-preview:-1\" \/>\n<link rel=\"canonical\" href=\"https:\/\/vinotecahugo.ro\/en\/produs\/josef-2017-pivnitele-birauas\/\" \/>\n<meta property=\"og:locale\" content=\"en_US\" \/>\n<meta property=\"og:type\" content=\"article\" \/>\n<meta property=\"og:title\" content=\"Josef 2017 PIVNITELE BIRAUAS - Vinoteca Hugo\" \/>\n<meta property=\"og:description\" content=\"Comand\u0103 online Josef 2017 PIVNITELE BIRAUAS de la Vinoteca Hugo! Vinuri de top pentru momente speciale.\" \/>\n<meta property=\"og:url\" content=\"https:\/\/vinotecahugo.ro\/en\/produs\/josef-2017-pivnitele-birauas\/\" \/>\n<meta property=\"og:site_name\" content=\"Vinoteca Hugo\" \/>\n<meta property=\"article:publisher\" content=\"https:\/\/www.facebook.com\/VinotecaHugoAlbaIulia\" \/>\n<meta property=\"article:modified_time\" content=\"2025-10-29T16:11:49+00:00\" \/>\n<meta property=\"og:image\" content=\"https:\/\/vinotecahugo.ro\/wp-content\/uploads\/2022\/04\/Josef-2017.jpg\" \/>\n\t<meta property=\"og:image:width\" content=\"600\" \/>\n\t<meta property=\"og:image:height\" content=\"600\" \/>\n\t<meta property=\"og:image:type\" content=\"image\/jpeg\" \/>\n<meta name=\"twitter:card\" content=\"summary_large_image\" \/>\n<meta name=\"twitter:label1\" content=\"Est. reading time\" \/>\n\t<meta name=\"twitter:data1\" content=\"1 minute\" \/>\n<script type=\"application\/ld+json\" class=\"yoast-schema-graph\">{\"@context\":\"https:\/\/schema.org\",\"@graph\":[{\"@type\":\"WebPage\",\"@id\":\"https:\/\/vinotecahugo.ro\/en\/produs\/josef-2017-pivnitele-birauas\/\",\"url\":\"https:\/\/vinotecahugo.ro\/en\/produs\/josef-2017-pivnitele-birauas\/\",\"name\":\"Josef 2017 PIVNITELE BIRAUAS - Vinoteca Hugo\",\"isPartOf\":{\"@id\":\"https:\/\/vinotecahugo.ro\/en\/#website\"},\"primaryImageOfPage\":{\"@id\":\"https:\/\/vinotecahugo.ro\/en\/produs\/josef-2017-pivnitele-birauas\/#primaryimage\"},\"image\":{\"@id\":\"https:\/\/vinotecahugo.ro\/en\/produs\/josef-2017-pivnitele-birauas\/#primaryimage\"},\"thumbnailUrl\":\"https:\/\/vinotecahugo.ro\/wp-content\/uploads\/2022\/04\/Josef-2017.jpg\",\"datePublished\":\"2022-04-21T14:34:37+00:00\",\"dateModified\":\"2025-10-29T16:11:49+00:00\",\"description\":\"Comand\u0103 online Josef 2017 PIVNITELE BIRAUAS de la Vinoteca Hugo! Vinuri de top pentru momente speciale.\",\"breadcrumb\":{\"@id\":\"https:\/\/vinotecahugo.ro\/en\/produs\/josef-2017-pivnitele-birauas\/#breadcrumb\"},\"inLanguage\":\"en-US\",\"potentialAction\":[{\"@type\":\"ReadAction\",\"target\":[\"https:\/\/vinotecahugo.ro\/en\/produs\/josef-2017-pivnitele-birauas\/\"]}]},{\"@type\":\"ImageObject\",\"inLanguage\":\"en-US\",\"@id\":\"https:\/\/vinotecahugo.ro\/en\/produs\/josef-2017-pivnitele-birauas\/#primaryimage\",\"url\":\"https:\/\/vinotecahugo.ro\/wp-content\/uploads\/2022\/04\/Josef-2017.jpg\",\"contentUrl\":\"https:\/\/vinotecahugo.ro\/wp-content\/uploads\/2022\/04\/Josef-2017.jpg\",\"width\":600,\"height\":600},{\"@type\":\"BreadcrumbList\",\"@id\":\"https:\/\/vinotecahugo.ro\/en\/produs\/josef-2017-pivnitele-birauas\/#breadcrumb\",\"itemListElement\":[{\"@type\":\"ListItem\",\"position\":1,\"name\":\"Prima pagin\u0103\",\"item\":\"https:\/\/vinotecahugo.ro\/en\/\"},{\"@type\":\"ListItem\",\"position\":2,\"name\":\"Magazin\",\"item\":\"https:\/\/vinotecahugo.ro\/magazin\/\"},{\"@type\":\"ListItem\",\"position\":3,\"name\":\"Josef 2017 PIVNITELE BIRAUAS\"}]},{\"@type\":\"WebSite\",\"@id\":\"https:\/\/vinotecahugo.ro\/en\/#website\",\"url\":\"https:\/\/vinotecahugo.ro\/en\/\",\"name\":\"Vinoteca Hugo\",\"description\":\"vinotec\u0103 cu o colec\u021bie de peste 5000 de sticle de vin\",\"publisher\":{\"@id\":\"https:\/\/vinotecahugo.ro\/en\/#organization\"},\"potentialAction\":[{\"@type\":\"SearchAction\",\"target\":{\"@type\":\"EntryPoint\",\"urlTemplate\":\"https:\/\/vinotecahugo.ro\/en\/?s={search_term_string}\"},\"query-input\":{\"@type\":\"PropertyValueSpecification\",\"valueRequired\":true,\"valueName\":\"search_term_string\"}}],\"inLanguage\":\"en-US\"},{\"@type\":\"Organization\",\"@id\":\"https:\/\/vinotecahugo.ro\/en\/#organization\",\"name\":\"Vinoteca Hugo\",\"url\":\"https:\/\/vinotecahugo.ro\/en\/\",\"logo\":{\"@type\":\"ImageObject\",\"inLanguage\":\"en-US\",\"@id\":\"https:\/\/vinotecahugo.ro\/en\/#\/schema\/logo\/image\/\",\"url\":\"https:\/\/vinotecahugo.ro\/wp-content\/uploads\/2020\/04\/logo-vinoteca-hugo-160-120..jpg\",\"contentUrl\":\"https:\/\/vinotecahugo.ro\/wp-content\/uploads\/2020\/04\/logo-vinoteca-hugo-160-120..jpg\",\"width\":160,\"height\":120,\"caption\":\"Vinoteca Hugo\"},\"image\":{\"@id\":\"https:\/\/vinotecahugo.ro\/en\/#\/schema\/logo\/image\/\"},\"sameAs\":[\"https:\/\/www.facebook.com\/VinotecaHugoAlbaIulia\",\"https:\/\/www.instagram.com\/vinoteca_hugo\/\",\"https:\/\/www.youtube.com\/channel\/UCpprt6bjcY4i-6P9WM-466g\"]}]}<\/script>\n<!-- \/ Yoast SEO plugin. -->","yoast_head_json":{"title":"Josef 2017 PIVNITELE BIRAUAS - Vinoteca Hugo","description":"Comand\u0103 online Josef 2017 PIVNITELE BIRAUAS de la Vinoteca Hugo! Vinuri de top pentru momente speciale.","robots":{"index":"index","follow":"follow","max-snippet":"max-snippet:-1","max-image-preview":"max-image-preview:large","max-video-preview":"max-video-preview:-1"},"canonical":"https:\/\/vinotecahugo.ro\/en\/produs\/josef-2017-pivnitele-birauas\/","og_locale":"en_US","og_type":"article","og_title":"Josef 2017 PIVNITELE BIRAUAS - Vinoteca Hugo","og_description":"Comand\u0103 online Josef 2017 PIVNITELE BIRAUAS de la Vinoteca Hugo! Vinuri de top pentru momente speciale.","og_url":"https:\/\/vinotecahugo.ro\/en\/produs\/josef-2017-pivnitele-birauas\/","og_site_name":"Vinoteca Hugo","article_publisher":"https:\/\/www.facebook.com\/VinotecaHugoAlbaIulia","article_modified_time":"2025-10-29T16:11:49+00:00","og_image":[{"width":600,"height":600,"url":"https:\/\/vinotecahugo.ro\/wp-content\/uploads\/2022\/04\/Josef-2017.jpg","type":"image\/jpeg"}],"twitter_card":"summary_large_image","twitter_misc":{"Est. reading time":"1 minute"},"schema":{"@context":"https:\/\/schema.org","@graph":[{"@type":"WebPage","@id":"https:\/\/vinotecahugo.ro\/en\/produs\/josef-2017-pivnitele-birauas\/","url":"https:\/\/vinotecahugo.ro\/en\/produs\/josef-2017-pivnitele-birauas\/","name":"Josef 2017 PIVNITELE BIRAUAS - Vinoteca Hugo","isPartOf":{"@id":"https:\/\/vinotecahugo.ro\/en\/#website"},"primaryImageOfPage":{"@id":"https:\/\/vinotecahugo.ro\/en\/produs\/josef-2017-pivnitele-birauas\/#primaryimage"},"image":{"@id":"https:\/\/vinotecahugo.ro\/en\/produs\/josef-2017-pivnitele-birauas\/#primaryimage"},"thumbnailUrl":"https:\/\/vinotecahugo.ro\/wp-content\/uploads\/2022\/04\/Josef-2017.jpg","datePublished":"2022-04-21T14:34:37+00:00","dateModified":"2025-10-29T16:11:49+00:00","description":"Comand\u0103 online Josef 2017 PIVNITELE BIRAUAS de la Vinoteca Hugo! Vinuri de top pentru momente speciale.","breadcrumb":{"@id":"https:\/\/vinotecahugo.ro\/en\/produs\/josef-2017-pivnitele-birauas\/#breadcrumb"},"inLanguage":"en-US","potentialAction":[{"@type":"ReadAction","target":["https:\/\/vinotecahugo.ro\/en\/produs\/josef-2017-pivnitele-birauas\/"]}]},{"@type":"ImageObject","inLanguage":"en-US","@id":"https:\/\/vinotecahugo.ro\/en\/produs\/josef-2017-pivnitele-birauas\/#primaryimage","url":"https:\/\/vinotecahugo.ro\/wp-content\/uploads\/2022\/04\/Josef-2017.jpg","contentUrl":"https:\/\/vinotecahugo.ro\/wp-content\/uploads\/2022\/04\/Josef-2017.jpg","width":600,"height":600},{"@type":"BreadcrumbList","@id":"https:\/\/vinotecahugo.ro\/en\/produs\/josef-2017-pivnitele-birauas\/#breadcrumb","itemListElement":[{"@type":"ListItem","position":1,"name":"Prima pagin\u0103","item":"https:\/\/vinotecahugo.ro\/en\/"},{"@type":"ListItem","position":2,"name":"Magazin","item":"https:\/\/vinotecahugo.ro\/magazin\/"},{"@type":"ListItem","position":3,"name":"Josef 2017 PIVNITELE BIRAUAS"}]},{"@type":"WebSite","@id":"https:\/\/vinotecahugo.ro\/en\/#website","url":"https:\/\/vinotecahugo.ro\/en\/","name":"Vinoteca Hugo","description":"vinotec\u0103 cu o colec\u021bie de peste 5000 de sticle de vin","publisher":{"@id":"https:\/\/vinotecahugo.ro\/en\/#organization"},"potentialAction":[{"@type":"SearchAction","target":{"@type":"EntryPoint","urlTemplate":"https:\/\/vinotecahugo.ro\/en\/?s={search_term_string}"},"query-input":{"@type":"PropertyValueSpecification","valueRequired":true,"valueName":"search_term_string"}}],"inLanguage":"en-US"},{"@type":"Organization","@id":"https:\/\/vinotecahugo.ro\/en\/#organization","name":"Vinoteca Hugo","url":"https:\/\/vinotecahugo.ro\/en\/","logo":{"@type":"ImageObject","inLanguage":"en-US","@id":"https:\/\/vinotecahugo.ro\/en\/#\/schema\/logo\/image\/","url":"https:\/\/vinotecahugo.ro\/wp-content\/uploads\/2020\/04\/logo-vinoteca-hugo-160-120..jpg","contentUrl":"https:\/\/vinotecahugo.ro\/wp-content\/uploads\/2020\/04\/logo-vinoteca-hugo-160-120..jpg","width":160,"height":120,"caption":"Vinoteca Hugo"},"image":{"@id":"https:\/\/vinotecahugo.ro\/en\/#\/schema\/logo\/image\/"},"sameAs":["https:\/\/www.facebook.com\/VinotecaHugoAlbaIulia","https:\/\/www.instagram.com\/vinoteca_hugo\/","https:\/\/www.youtube.com\/channel\/UCpprt6bjcY4i-6P9WM-466g"]}]}},"_links":{"self":[{"href":"https:\/\/vinotecahugo.ro\/en\/wp-json\/wp\/v2\/product\/18151","targetHints":{"allow":["GET"]}}],"collection":[{"href":"https:\/\/vinotecahugo.ro\/en\/wp-json\/wp\/v2\/product"}],"about":[{"href":"https:\/\/vinotecahugo.ro\/en\/wp-json\/wp\/v2\/types\/product"}],"replies":[{"embeddable":true,"href":"https:\/\/vinotecahugo.ro\/en\/wp-json\/wp\/v2\/comments?post=18151"}],"wp:featuredmedia":[{"embeddable":true,"href":"https:\/\/vinotecahugo.ro\/en\/wp-json\/wp\/v2\/media\/18152"}],"wp:attachment":[{"href":"https:\/\/vinotecahugo.ro\/en\/wp-json\/wp\/v2\/media?parent=18151"}],"wp:term":[{"taxonomy":"product_brand","embeddable":true,"href":"https:\/\/vinotecahugo.ro\/en\/wp-json\/wp\/v2\/product_brand?post=18151"},{"taxonomy":"product_cat","embeddable":true,"href":"https:\/\/vinotecahugo.ro\/en\/wp-json\/wp\/v2\/product_cat?post=18151"},{"taxonomy":"product_tag","embeddable":true,"href":"https:\/\/vinotecahugo.ro\/en\/wp-json\/wp\/v2\/product_tag?post=18151"}],"curies":[{"name":"wp","href":"https:\/\/api.w.org\/{rel}","templated":true}]}}