{"id":17723,"date":"2021-11-26T12:36:07","date_gmt":"2021-11-26T10:36:07","guid":{"rendered":"https:\/\/vinotecahugo.ro\/?post_type=product&#038;p=17723"},"modified":"2022-12-23T17:28:05","modified_gmt":"2022-12-23T15:28:05","slug":"lechburg-feteasca-neagra-bio","status":"publish","type":"product","link":"https:\/\/vinotecahugo.ro\/en\/product\/lechburg-feteasca-neagra-bio\/","title":{"rendered":"Lechburg Feteasca Neagra BIO"},"content":{"rendered":"<p>Lechburg Feteasca Neagra BIO<\/p>\n<div class=\"video-shortcode\"><iframe title=\"WineUp Talks - Cristiano \u0219i Ettore Guarato - Lechburg\" width=\"1100\" height=\"619\" src=\"https:\/\/www.youtube.com\/embed\/-_Trm4a9LQ0?feature=oembed\" frameborder=\"0\" allow=\"accelerometer; autoplay; clipboard-write; encrypted-media; gyroscope; picture-in-picture\" allowfullscreen><\/iframe><\/div>\n<div class=\"lbDescription\">\n<p>Cu o istorie veche care dateaza din 1962, inconjurata de brazi, pini si castani, protejata de lantul muntos al Carpatilor, se afla crama Lechinta. Construita pe patru nivele, crama are o capacitate de 20.000 de hectolitri, fiecare nivel este dotat cu cisterne din ciment, care permit vinificarea in conditii perfect controlate. Prelucrarea vinului se face delicat, datorita proceselor de vinificare realizate gravitational, in fiecare etapa de producere a vinului.<\/p>\n<p>Crama Lechburg investe\u0219te \u00een agricultur\u0103 BIO, pentru asta p\u0103streaz\u0103 vegeta\u021bia \u00een cea mai bun\u0103 form\u0103 a sa \u0219i monitorizeaz\u0103 permanent calitatea terenurilor. Angaja\u021bii cramei \u0219tiu c\u0103 agricultura bio este cea care produce struguri de cea mai \u00eenalta calitate \u0219i care la r\u00e2ndul lor produc un vin deosebit.<\/p>\n<p>Mai multe informatii despre acest producator gasiti <a href=\"http:\/\/www.lechburg.com\/ro\/\">AICI<\/a>.<\/p>\n<\/div>\n<p>Pentru programul de degustari si oferte personalizate te invitam sa devii membrul clubului Vinoteca Hugo. Pentru mai multe informatii fa click <a href=\"https:\/\/vinotecahugo.ro\/evenimente\/\">AICI.<\/a><\/p>\n<p>&nbsp;<\/p>\n","protected":false},"excerpt":{"rendered":"<p>Lechburg Feteasca Neagra este un vin organic rosu sec cu o culoare rubinie compacta cu reflexii purpurii, de consistenta medie. Uime\u0219te nasul cu franchetea si generozitatea sa, oferind note delicioase de fructe rosii mici, dude si visine care apoi se transforma in arome florale si condimentate cu nuante de trandafiri salbatici, cuisoare si piper negru. In gura devine suculent, inzestrat cu prospetime si finete excelente. Intensitatea aromei fructate este la acelasi nivel cu taninii delicati, care ii ofera structura fara a ingreuna vinul.<\/p>\n<p>Este un bun insotitor pastele proaspete, mancaruri din carne de iepure sau coaste de porc la gratar.<\/p>\n","protected":false},"featured_media":17725,"comment_status":"open","ping_status":"closed","template":"","meta":[],"product_brand":[],"product_cat":[190,895,896],"product_tag":[880,881],"class_list":{"0":"post-17723","1":"product","2":"type-product","3":"status-publish","4":"has-post-thumbnail","6":"product_cat-romanian-wines","7":"product_cat-vin-rosu-en","8":"product_cat-vin-rosu-sec-en","9":"product_tag-bio-en","10":"product_tag-lechburg-en","12":"first","13":"outofstock","14":"taxable","15":"shipping-taxable","16":"purchasable","17":"product-type-simple"},"yoast_head":"<!-- This site is optimized with the Yoast SEO plugin v24.6 - https:\/\/yoast.com\/wordpress\/plugins\/seo\/ -->\n<title>Lechburg Feteasca Neagra BIO - Vinoteca Hugo<\/title>\n<meta name=\"description\" content=\"Comand\u0103 online Lechburg Feteasca Neagra BIO de la Vinoteca Hugo! Vinuri de top pentru momente speciale.\" \/>\n<meta name=\"robots\" content=\"index, follow, max-snippet:-1, max-image-preview:large, max-video-preview:-1\" \/>\n<link rel=\"canonical\" href=\"https:\/\/vinotecahugo.ro\/en\/product\/lechburg-feteasca-neagra-bio\/\" \/>\n<meta property=\"og:locale\" content=\"en_US\" \/>\n<meta property=\"og:type\" content=\"article\" \/>\n<meta property=\"og:title\" content=\"Lechburg Feteasca Neagra BIO - Vinoteca Hugo\" \/>\n<meta property=\"og:description\" content=\"Comand\u0103 online Lechburg Feteasca Neagra BIO de la Vinoteca Hugo! Vinuri de top pentru momente speciale.\" \/>\n<meta property=\"og:url\" content=\"https:\/\/vinotecahugo.ro\/en\/product\/lechburg-feteasca-neagra-bio\/\" \/>\n<meta property=\"og:site_name\" content=\"Vinoteca Hugo\" \/>\n<meta property=\"article:publisher\" content=\"https:\/\/www.facebook.com\/VinotecaHugoAlbaIulia\" \/>\n<meta property=\"article:modified_time\" content=\"2022-12-23T15:28:05+00:00\" \/>\n<meta property=\"og:image\" content=\"https:\/\/vinotecahugo.ro\/wp-content\/uploads\/2021\/11\/lechburg-feteasca-neagra-vin-organic-rosu-sec-075l.jpg\" \/>\n\t<meta property=\"og:image:width\" content=\"600\" \/>\n\t<meta property=\"og:image:height\" content=\"600\" \/>\n\t<meta property=\"og:image:type\" content=\"image\/jpeg\" \/>\n<meta name=\"twitter:card\" content=\"summary_large_image\" \/>\n<meta name=\"twitter:label1\" content=\"Est. reading time\" \/>\n\t<meta name=\"twitter:data1\" content=\"1 minute\" \/>\n<script type=\"application\/ld+json\" class=\"yoast-schema-graph\">{\"@context\":\"https:\/\/schema.org\",\"@graph\":[{\"@type\":\"WebPage\",\"@id\":\"https:\/\/vinotecahugo.ro\/en\/product\/lechburg-feteasca-neagra-bio\/\",\"url\":\"https:\/\/vinotecahugo.ro\/en\/product\/lechburg-feteasca-neagra-bio\/\",\"name\":\"Lechburg Feteasca Neagra BIO - Vinoteca Hugo\",\"isPartOf\":{\"@id\":\"https:\/\/vinotecahugo.ro\/en\/#website\"},\"primaryImageOfPage\":{\"@id\":\"https:\/\/vinotecahugo.ro\/en\/product\/lechburg-feteasca-neagra-bio\/#primaryimage\"},\"image\":{\"@id\":\"https:\/\/vinotecahugo.ro\/en\/product\/lechburg-feteasca-neagra-bio\/#primaryimage\"},\"thumbnailUrl\":\"https:\/\/vinotecahugo.ro\/wp-content\/uploads\/2021\/11\/lechburg-feteasca-neagra-vin-organic-rosu-sec-075l.jpg\",\"datePublished\":\"2021-11-26T10:36:07+00:00\",\"dateModified\":\"2022-12-23T15:28:05+00:00\",\"description\":\"Comand\u0103 online Lechburg Feteasca Neagra BIO de la Vinoteca Hugo! Vinuri de top pentru momente speciale.\",\"breadcrumb\":{\"@id\":\"https:\/\/vinotecahugo.ro\/en\/product\/lechburg-feteasca-neagra-bio\/#breadcrumb\"},\"inLanguage\":\"en-US\",\"potentialAction\":[{\"@type\":\"ReadAction\",\"target\":[\"https:\/\/vinotecahugo.ro\/en\/product\/lechburg-feteasca-neagra-bio\/\"]}]},{\"@type\":\"ImageObject\",\"inLanguage\":\"en-US\",\"@id\":\"https:\/\/vinotecahugo.ro\/en\/product\/lechburg-feteasca-neagra-bio\/#primaryimage\",\"url\":\"https:\/\/vinotecahugo.ro\/wp-content\/uploads\/2021\/11\/lechburg-feteasca-neagra-vin-organic-rosu-sec-075l.jpg\",\"contentUrl\":\"https:\/\/vinotecahugo.ro\/wp-content\/uploads\/2021\/11\/lechburg-feteasca-neagra-vin-organic-rosu-sec-075l.jpg\",\"width\":600,\"height\":600},{\"@type\":\"BreadcrumbList\",\"@id\":\"https:\/\/vinotecahugo.ro\/en\/product\/lechburg-feteasca-neagra-bio\/#breadcrumb\",\"itemListElement\":[{\"@type\":\"ListItem\",\"position\":1,\"name\":\"Prima pagin\u0103\",\"item\":\"https:\/\/vinotecahugo.ro\/en\/\"},{\"@type\":\"ListItem\",\"position\":2,\"name\":\"Magazin\",\"item\":\"https:\/\/vinotecahugo.ro\/magazin\/\"},{\"@type\":\"ListItem\",\"position\":3,\"name\":\"Lechburg Feteasca Neagra BIO\"}]},{\"@type\":\"WebSite\",\"@id\":\"https:\/\/vinotecahugo.ro\/en\/#website\",\"url\":\"https:\/\/vinotecahugo.ro\/en\/\",\"name\":\"Vinoteca Hugo\",\"description\":\"vinotec\u0103 cu o colec\u021bie de peste 5000 de sticle de vin\",\"publisher\":{\"@id\":\"https:\/\/vinotecahugo.ro\/en\/#organization\"},\"potentialAction\":[{\"@type\":\"SearchAction\",\"target\":{\"@type\":\"EntryPoint\",\"urlTemplate\":\"https:\/\/vinotecahugo.ro\/en\/?s={search_term_string}\"},\"query-input\":{\"@type\":\"PropertyValueSpecification\",\"valueRequired\":true,\"valueName\":\"search_term_string\"}}],\"inLanguage\":\"en-US\"},{\"@type\":\"Organization\",\"@id\":\"https:\/\/vinotecahugo.ro\/en\/#organization\",\"name\":\"Vinoteca Hugo\",\"url\":\"https:\/\/vinotecahugo.ro\/en\/\",\"logo\":{\"@type\":\"ImageObject\",\"inLanguage\":\"en-US\",\"@id\":\"https:\/\/vinotecahugo.ro\/en\/#\/schema\/logo\/image\/\",\"url\":\"https:\/\/vinotecahugo.ro\/wp-content\/uploads\/2020\/04\/logo-vinoteca-hugo-160-120..jpg\",\"contentUrl\":\"https:\/\/vinotecahugo.ro\/wp-content\/uploads\/2020\/04\/logo-vinoteca-hugo-160-120..jpg\",\"width\":160,\"height\":120,\"caption\":\"Vinoteca Hugo\"},\"image\":{\"@id\":\"https:\/\/vinotecahugo.ro\/en\/#\/schema\/logo\/image\/\"},\"sameAs\":[\"https:\/\/www.facebook.com\/VinotecaHugoAlbaIulia\",\"https:\/\/www.instagram.com\/vinoteca_hugo\/\",\"https:\/\/www.youtube.com\/channel\/UCpprt6bjcY4i-6P9WM-466g\"]}]}<\/script>\n<!-- \/ Yoast SEO plugin. -->","yoast_head_json":{"title":"Lechburg Feteasca Neagra BIO - Vinoteca Hugo","description":"Comand\u0103 online Lechburg Feteasca Neagra BIO de la Vinoteca Hugo! Vinuri de top pentru momente speciale.","robots":{"index":"index","follow":"follow","max-snippet":"max-snippet:-1","max-image-preview":"max-image-preview:large","max-video-preview":"max-video-preview:-1"},"canonical":"https:\/\/vinotecahugo.ro\/en\/product\/lechburg-feteasca-neagra-bio\/","og_locale":"en_US","og_type":"article","og_title":"Lechburg Feteasca Neagra BIO - Vinoteca Hugo","og_description":"Comand\u0103 online Lechburg Feteasca Neagra BIO de la Vinoteca Hugo! Vinuri de top pentru momente speciale.","og_url":"https:\/\/vinotecahugo.ro\/en\/product\/lechburg-feteasca-neagra-bio\/","og_site_name":"Vinoteca Hugo","article_publisher":"https:\/\/www.facebook.com\/VinotecaHugoAlbaIulia","article_modified_time":"2022-12-23T15:28:05+00:00","og_image":[{"width":600,"height":600,"url":"https:\/\/vinotecahugo.ro\/wp-content\/uploads\/2021\/11\/lechburg-feteasca-neagra-vin-organic-rosu-sec-075l.jpg","type":"image\/jpeg"}],"twitter_card":"summary_large_image","twitter_misc":{"Est. reading time":"1 minute"},"schema":{"@context":"https:\/\/schema.org","@graph":[{"@type":"WebPage","@id":"https:\/\/vinotecahugo.ro\/en\/product\/lechburg-feteasca-neagra-bio\/","url":"https:\/\/vinotecahugo.ro\/en\/product\/lechburg-feteasca-neagra-bio\/","name":"Lechburg Feteasca Neagra BIO - Vinoteca Hugo","isPartOf":{"@id":"https:\/\/vinotecahugo.ro\/en\/#website"},"primaryImageOfPage":{"@id":"https:\/\/vinotecahugo.ro\/en\/product\/lechburg-feteasca-neagra-bio\/#primaryimage"},"image":{"@id":"https:\/\/vinotecahugo.ro\/en\/product\/lechburg-feteasca-neagra-bio\/#primaryimage"},"thumbnailUrl":"https:\/\/vinotecahugo.ro\/wp-content\/uploads\/2021\/11\/lechburg-feteasca-neagra-vin-organic-rosu-sec-075l.jpg","datePublished":"2021-11-26T10:36:07+00:00","dateModified":"2022-12-23T15:28:05+00:00","description":"Comand\u0103 online Lechburg Feteasca Neagra BIO de la Vinoteca Hugo! Vinuri de top pentru momente speciale.","breadcrumb":{"@id":"https:\/\/vinotecahugo.ro\/en\/product\/lechburg-feteasca-neagra-bio\/#breadcrumb"},"inLanguage":"en-US","potentialAction":[{"@type":"ReadAction","target":["https:\/\/vinotecahugo.ro\/en\/product\/lechburg-feteasca-neagra-bio\/"]}]},{"@type":"ImageObject","inLanguage":"en-US","@id":"https:\/\/vinotecahugo.ro\/en\/product\/lechburg-feteasca-neagra-bio\/#primaryimage","url":"https:\/\/vinotecahugo.ro\/wp-content\/uploads\/2021\/11\/lechburg-feteasca-neagra-vin-organic-rosu-sec-075l.jpg","contentUrl":"https:\/\/vinotecahugo.ro\/wp-content\/uploads\/2021\/11\/lechburg-feteasca-neagra-vin-organic-rosu-sec-075l.jpg","width":600,"height":600},{"@type":"BreadcrumbList","@id":"https:\/\/vinotecahugo.ro\/en\/product\/lechburg-feteasca-neagra-bio\/#breadcrumb","itemListElement":[{"@type":"ListItem","position":1,"name":"Prima pagin\u0103","item":"https:\/\/vinotecahugo.ro\/en\/"},{"@type":"ListItem","position":2,"name":"Magazin","item":"https:\/\/vinotecahugo.ro\/magazin\/"},{"@type":"ListItem","position":3,"name":"Lechburg Feteasca Neagra BIO"}]},{"@type":"WebSite","@id":"https:\/\/vinotecahugo.ro\/en\/#website","url":"https:\/\/vinotecahugo.ro\/en\/","name":"Vinoteca Hugo","description":"vinotec\u0103 cu o colec\u021bie de peste 5000 de sticle de vin","publisher":{"@id":"https:\/\/vinotecahugo.ro\/en\/#organization"},"potentialAction":[{"@type":"SearchAction","target":{"@type":"EntryPoint","urlTemplate":"https:\/\/vinotecahugo.ro\/en\/?s={search_term_string}"},"query-input":{"@type":"PropertyValueSpecification","valueRequired":true,"valueName":"search_term_string"}}],"inLanguage":"en-US"},{"@type":"Organization","@id":"https:\/\/vinotecahugo.ro\/en\/#organization","name":"Vinoteca Hugo","url":"https:\/\/vinotecahugo.ro\/en\/","logo":{"@type":"ImageObject","inLanguage":"en-US","@id":"https:\/\/vinotecahugo.ro\/en\/#\/schema\/logo\/image\/","url":"https:\/\/vinotecahugo.ro\/wp-content\/uploads\/2020\/04\/logo-vinoteca-hugo-160-120..jpg","contentUrl":"https:\/\/vinotecahugo.ro\/wp-content\/uploads\/2020\/04\/logo-vinoteca-hugo-160-120..jpg","width":160,"height":120,"caption":"Vinoteca Hugo"},"image":{"@id":"https:\/\/vinotecahugo.ro\/en\/#\/schema\/logo\/image\/"},"sameAs":["https:\/\/www.facebook.com\/VinotecaHugoAlbaIulia","https:\/\/www.instagram.com\/vinoteca_hugo\/","https:\/\/www.youtube.com\/channel\/UCpprt6bjcY4i-6P9WM-466g"]}]}},"_links":{"self":[{"href":"https:\/\/vinotecahugo.ro\/en\/wp-json\/wp\/v2\/product\/17723","targetHints":{"allow":["GET"]}}],"collection":[{"href":"https:\/\/vinotecahugo.ro\/en\/wp-json\/wp\/v2\/product"}],"about":[{"href":"https:\/\/vinotecahugo.ro\/en\/wp-json\/wp\/v2\/types\/product"}],"replies":[{"embeddable":true,"href":"https:\/\/vinotecahugo.ro\/en\/wp-json\/wp\/v2\/comments?post=17723"}],"wp:featuredmedia":[{"embeddable":true,"href":"https:\/\/vinotecahugo.ro\/en\/wp-json\/wp\/v2\/media\/17725"}],"wp:attachment":[{"href":"https:\/\/vinotecahugo.ro\/en\/wp-json\/wp\/v2\/media?parent=17723"}],"wp:term":[{"taxonomy":"product_brand","embeddable":true,"href":"https:\/\/vinotecahugo.ro\/en\/wp-json\/wp\/v2\/product_brand?post=17723"},{"taxonomy":"product_cat","embeddable":true,"href":"https:\/\/vinotecahugo.ro\/en\/wp-json\/wp\/v2\/product_cat?post=17723"},{"taxonomy":"product_tag","embeddable":true,"href":"https:\/\/vinotecahugo.ro\/en\/wp-json\/wp\/v2\/product_tag?post=17723"}],"curies":[{"name":"wp","href":"https:\/\/api.w.org\/{rel}","templated":true}]}}