{"id":17420,"date":"2021-08-18T16:22:28","date_gmt":"2021-08-18T13:22:28","guid":{"rendered":"https:\/\/vinotecahugo.ro\/?post_type=product&#038;p=17420"},"modified":"2024-11-08T15:32:55","modified_gmt":"2024-11-08T13:32:55","slug":"balla-geza-cuvee-aradinum-2017","status":"publish","type":"product","link":"https:\/\/vinotecahugo.ro\/en\/produs\/balla-geza-cuvee-aradinum-2017\/","title":{"rendered":"Balla Geza CUVEE ARADINUM 2017"},"content":{"rendered":"<p><strong>Balla Geza<\/strong><\/p>\n<div class=\"video-shortcode\"><iframe title=\"Balla G\u00e9za Winery, CrameRomania.ro\" width=\"1100\" height=\"619\" src=\"https:\/\/www.youtube.com\/embed\/OXBn_XmjnAU?feature=oembed\" frameborder=\"0\" allow=\"accelerometer; autoplay; encrypted-media; gyroscope; picture-in-picture\" allowfullscreen><\/iframe><\/div>\n<div class=\"lbDescription\">\n<p>Un \u201cGrand Cuvee\u201d rar ca perlele negre. Culesul strugurilor s-a facut la supracoacere, s-au selectionat atat in vie cat si la crama, apoi s-au fermentat traditional pe bostina timp de 21 se zile. Maturarea vinului a avut loc timp de 24 luni in butoaie de stejar. Balla Geza CUVEE ARADINUM 2017 este un cupaj obtinut din selectia riguroasa a celor mai &#8220;frumoase&#8221; butoaie \u00een care eleganta si fructuozitatea Cabernet Francului si structura caracteristica a Cabernet Sauvignonului se completeaza reciproc, echilibrul perfect fiind obtinut prin condimentarea asamblajului cu Cadarc\u0103. Vin corpolent dar catifelat, ce poart\u0103 at\u00e2t amprenta soiurilor c\u00e2t \u0219i caracterul pronun\u021bat de al terroirului.<\/p>\n<p>Se serveste alaturi de preparate din carne de vanat si branzeturi maturate la o temperatura de 16-17 \u00b0 C.<\/p>\n<p>Mai multe informatii despre acest producator gasiti <a href=\"http:\/\/www.ballageza.com\/ro\/\">AICI<\/a> .<\/p>\n<\/div>\n<p>Pentru programul de degustari si oferte personalizate te invitam sa devii membrul clubului Vinoteca Hugo. Pentru mai multe informatii fa click <a href=\"https:\/\/vinotecahugo.ro\/evenimente\/\">AICI.<\/a><\/p>\n<p>&nbsp;<\/p>\n","protected":false},"excerpt":{"rendered":"<p><strong>Balla Geza CUVEE ARADINUM 2017<\/strong><\/p>\n<div class=\"vivino-widget vivino-wine-card-widget\" data-vivino-widget-type=\"wine\" data-vivino-vintage-id=\"9409924\" data-vivino-user-id=\"8551400\" data-vivino-widget-language=\"en\" data-vivino-widget-layout=\"medium\"><a href=\"https:\/\/www.vivino.com\/balla-geza-cmd-minis-grand-selection-cuvee-aradinum\/w\/2518863?year=U.V.\" target=\"_blank\" rel=\"noopener noreferrer\">Balla Geza Cuv\u00e9e Aradinum Grand Selection on Vivino<\/a><\/div>\n<p>Vinul este obtinut prin cupajarea soiurilor Cabernet Franc (40%), Cabernet Sauvignon (35%) si Cadarca (25%). Cupajul poart\u0103 numele ora\u0219ului Arad din anii 1700. Este un vin unic in peisajul romanesc este rezultatul interactiunii dintre pamant si cer ce poate fi creat doar in ani speciali cum a fost anul 2017.<\/p>\n<p>Balla Geza CUVEE ARADINUM 2017 este un cupaj obtinut din selectia riguroasa a celor mai &#8220;frumoase&#8221; butoaie \u00een care eleganta si fructuozitatea Cabernet Francului si structura caracteristica a Cabernet Sauvignonului se completeaza reciproc, echilibrul perfect fiind obtinut prin condimentarea asamblajului cu Cadarc\u0103. Vin corpolent dar catifelat, ce poart\u0103 at\u00e2t amprenta soiurilor c\u00e2t \u0219i caracterul pronun\u021bat de al terroirului.<\/p>\n<p>Se serveste alaturi de preparate din carne de vanat si branzeturi maturate la o temperatura de 16-17 \u00b0 C.<\/p>\n<p>&nbsp;<\/p>\n","protected":false},"featured_media":17422,"comment_status":"open","ping_status":"closed","template":"","meta":[],"product_brand":[],"product_cat":[887,888,145],"product_tag":[353,633,356,355],"class_list":{"0":"post-17420","1":"product","2":"type-product","3":"status-publish","4":"has-post-thumbnail","6":"product_cat-vin-rosu","7":"product_cat-vin-rosu-sec","8":"product_cat-vinuri-romanesti","9":"product_tag-balla-geza","10":"product_tag-cuvee-aradinum","11":"product_tag-vin-alba-iulia","12":"product_tag-vinoteca-hugo","14":"first","15":"instock","16":"taxable","17":"shipping-taxable","18":"purchasable","19":"product-type-simple"},"yoast_head":"<!-- This site is optimized with the Yoast SEO plugin v24.6 - https:\/\/yoast.com\/wordpress\/plugins\/seo\/ -->\n<title>Balla Geza CUVEE ARADINUM 2017 - Vinoteca Hugo<\/title>\n<meta name=\"description\" content=\"Comand\u0103 online Balla Geza CUVEE ARADINUM 2017 de la Vinoteca Hugo! Vinuri de top pentru momente speciale.\" \/>\n<meta name=\"robots\" content=\"index, follow, max-snippet:-1, max-image-preview:large, max-video-preview:-1\" \/>\n<link rel=\"canonical\" href=\"https:\/\/vinotecahugo.ro\/en\/produs\/balla-geza-cuvee-aradinum-2017\/\" \/>\n<meta property=\"og:locale\" content=\"en_US\" \/>\n<meta property=\"og:type\" content=\"article\" \/>\n<meta property=\"og:title\" content=\"Balla Geza CUVEE ARADINUM 2017 - Vinoteca Hugo\" \/>\n<meta property=\"og:description\" content=\"Comand\u0103 online Balla Geza CUVEE ARADINUM 2017 de la Vinoteca Hugo! Vinuri de top pentru momente speciale.\" \/>\n<meta property=\"og:url\" content=\"https:\/\/vinotecahugo.ro\/en\/produs\/balla-geza-cuvee-aradinum-2017\/\" \/>\n<meta property=\"og:site_name\" content=\"Vinoteca Hugo\" \/>\n<meta property=\"article:publisher\" content=\"https:\/\/www.facebook.com\/VinotecaHugoAlbaIulia\" \/>\n<meta property=\"article:modified_time\" content=\"2024-11-08T13:32:55+00:00\" \/>\n<meta property=\"og:image\" content=\"https:\/\/vinotecahugo.ro\/wp-content\/uploads\/2021\/08\/Balla-Geza-Cuvee-Aradinum-2.jpg\" \/>\n\t<meta property=\"og:image:width\" content=\"600\" \/>\n\t<meta property=\"og:image:height\" content=\"600\" \/>\n\t<meta property=\"og:image:type\" content=\"image\/jpeg\" \/>\n<meta name=\"twitter:card\" content=\"summary_large_image\" \/>\n<meta name=\"twitter:label1\" content=\"Est. reading time\" \/>\n\t<meta name=\"twitter:data1\" content=\"1 minute\" \/>\n<script type=\"application\/ld+json\" class=\"yoast-schema-graph\">{\"@context\":\"https:\/\/schema.org\",\"@graph\":[{\"@type\":\"WebPage\",\"@id\":\"https:\/\/vinotecahugo.ro\/en\/produs\/balla-geza-cuvee-aradinum-2017\/\",\"url\":\"https:\/\/vinotecahugo.ro\/en\/produs\/balla-geza-cuvee-aradinum-2017\/\",\"name\":\"Balla Geza CUVEE ARADINUM 2017 - Vinoteca Hugo\",\"isPartOf\":{\"@id\":\"https:\/\/vinotecahugo.ro\/en\/#website\"},\"primaryImageOfPage\":{\"@id\":\"https:\/\/vinotecahugo.ro\/en\/produs\/balla-geza-cuvee-aradinum-2017\/#primaryimage\"},\"image\":{\"@id\":\"https:\/\/vinotecahugo.ro\/en\/produs\/balla-geza-cuvee-aradinum-2017\/#primaryimage\"},\"thumbnailUrl\":\"https:\/\/vinotecahugo.ro\/wp-content\/uploads\/2021\/08\/Balla-Geza-Cuvee-Aradinum-2.jpg\",\"datePublished\":\"2021-08-18T13:22:28+00:00\",\"dateModified\":\"2024-11-08T13:32:55+00:00\",\"description\":\"Comand\u0103 online Balla Geza CUVEE ARADINUM 2017 de la Vinoteca Hugo! Vinuri de top pentru momente speciale.\",\"breadcrumb\":{\"@id\":\"https:\/\/vinotecahugo.ro\/en\/produs\/balla-geza-cuvee-aradinum-2017\/#breadcrumb\"},\"inLanguage\":\"en-US\",\"potentialAction\":[{\"@type\":\"ReadAction\",\"target\":[\"https:\/\/vinotecahugo.ro\/en\/produs\/balla-geza-cuvee-aradinum-2017\/\"]}]},{\"@type\":\"ImageObject\",\"inLanguage\":\"en-US\",\"@id\":\"https:\/\/vinotecahugo.ro\/en\/produs\/balla-geza-cuvee-aradinum-2017\/#primaryimage\",\"url\":\"https:\/\/vinotecahugo.ro\/wp-content\/uploads\/2021\/08\/Balla-Geza-Cuvee-Aradinum-2.jpg\",\"contentUrl\":\"https:\/\/vinotecahugo.ro\/wp-content\/uploads\/2021\/08\/Balla-Geza-Cuvee-Aradinum-2.jpg\",\"width\":600,\"height\":600},{\"@type\":\"BreadcrumbList\",\"@id\":\"https:\/\/vinotecahugo.ro\/en\/produs\/balla-geza-cuvee-aradinum-2017\/#breadcrumb\",\"itemListElement\":[{\"@type\":\"ListItem\",\"position\":1,\"name\":\"Prima pagin\u0103\",\"item\":\"https:\/\/vinotecahugo.ro\/en\/\"},{\"@type\":\"ListItem\",\"position\":2,\"name\":\"Magazin\",\"item\":\"https:\/\/vinotecahugo.ro\/magazin\/\"},{\"@type\":\"ListItem\",\"position\":3,\"name\":\"Balla Geza CUVEE ARADINUM 2017\"}]},{\"@type\":\"WebSite\",\"@id\":\"https:\/\/vinotecahugo.ro\/en\/#website\",\"url\":\"https:\/\/vinotecahugo.ro\/en\/\",\"name\":\"Vinoteca Hugo\",\"description\":\"vinotec\u0103 cu o colec\u021bie de peste 5000 de sticle de vin\",\"publisher\":{\"@id\":\"https:\/\/vinotecahugo.ro\/en\/#organization\"},\"potentialAction\":[{\"@type\":\"SearchAction\",\"target\":{\"@type\":\"EntryPoint\",\"urlTemplate\":\"https:\/\/vinotecahugo.ro\/en\/?s={search_term_string}\"},\"query-input\":{\"@type\":\"PropertyValueSpecification\",\"valueRequired\":true,\"valueName\":\"search_term_string\"}}],\"inLanguage\":\"en-US\"},{\"@type\":\"Organization\",\"@id\":\"https:\/\/vinotecahugo.ro\/en\/#organization\",\"name\":\"Vinoteca Hugo\",\"url\":\"https:\/\/vinotecahugo.ro\/en\/\",\"logo\":{\"@type\":\"ImageObject\",\"inLanguage\":\"en-US\",\"@id\":\"https:\/\/vinotecahugo.ro\/en\/#\/schema\/logo\/image\/\",\"url\":\"https:\/\/vinotecahugo.ro\/wp-content\/uploads\/2020\/04\/logo-vinoteca-hugo-160-120..jpg\",\"contentUrl\":\"https:\/\/vinotecahugo.ro\/wp-content\/uploads\/2020\/04\/logo-vinoteca-hugo-160-120..jpg\",\"width\":160,\"height\":120,\"caption\":\"Vinoteca Hugo\"},\"image\":{\"@id\":\"https:\/\/vinotecahugo.ro\/en\/#\/schema\/logo\/image\/\"},\"sameAs\":[\"https:\/\/www.facebook.com\/VinotecaHugoAlbaIulia\",\"https:\/\/www.instagram.com\/vinoteca_hugo\/\",\"https:\/\/www.youtube.com\/channel\/UCpprt6bjcY4i-6P9WM-466g\"]}]}<\/script>\n<!-- \/ Yoast SEO plugin. -->","yoast_head_json":{"title":"Balla Geza CUVEE ARADINUM 2017 - Vinoteca Hugo","description":"Comand\u0103 online Balla Geza CUVEE ARADINUM 2017 de la Vinoteca Hugo! Vinuri de top pentru momente speciale.","robots":{"index":"index","follow":"follow","max-snippet":"max-snippet:-1","max-image-preview":"max-image-preview:large","max-video-preview":"max-video-preview:-1"},"canonical":"https:\/\/vinotecahugo.ro\/en\/produs\/balla-geza-cuvee-aradinum-2017\/","og_locale":"en_US","og_type":"article","og_title":"Balla Geza CUVEE ARADINUM 2017 - Vinoteca Hugo","og_description":"Comand\u0103 online Balla Geza CUVEE ARADINUM 2017 de la Vinoteca Hugo! Vinuri de top pentru momente speciale.","og_url":"https:\/\/vinotecahugo.ro\/en\/produs\/balla-geza-cuvee-aradinum-2017\/","og_site_name":"Vinoteca Hugo","article_publisher":"https:\/\/www.facebook.com\/VinotecaHugoAlbaIulia","article_modified_time":"2024-11-08T13:32:55+00:00","og_image":[{"width":600,"height":600,"url":"https:\/\/vinotecahugo.ro\/wp-content\/uploads\/2021\/08\/Balla-Geza-Cuvee-Aradinum-2.jpg","type":"image\/jpeg"}],"twitter_card":"summary_large_image","twitter_misc":{"Est. reading time":"1 minute"},"schema":{"@context":"https:\/\/schema.org","@graph":[{"@type":"WebPage","@id":"https:\/\/vinotecahugo.ro\/en\/produs\/balla-geza-cuvee-aradinum-2017\/","url":"https:\/\/vinotecahugo.ro\/en\/produs\/balla-geza-cuvee-aradinum-2017\/","name":"Balla Geza CUVEE ARADINUM 2017 - Vinoteca Hugo","isPartOf":{"@id":"https:\/\/vinotecahugo.ro\/en\/#website"},"primaryImageOfPage":{"@id":"https:\/\/vinotecahugo.ro\/en\/produs\/balla-geza-cuvee-aradinum-2017\/#primaryimage"},"image":{"@id":"https:\/\/vinotecahugo.ro\/en\/produs\/balla-geza-cuvee-aradinum-2017\/#primaryimage"},"thumbnailUrl":"https:\/\/vinotecahugo.ro\/wp-content\/uploads\/2021\/08\/Balla-Geza-Cuvee-Aradinum-2.jpg","datePublished":"2021-08-18T13:22:28+00:00","dateModified":"2024-11-08T13:32:55+00:00","description":"Comand\u0103 online Balla Geza CUVEE ARADINUM 2017 de la Vinoteca Hugo! Vinuri de top pentru momente speciale.","breadcrumb":{"@id":"https:\/\/vinotecahugo.ro\/en\/produs\/balla-geza-cuvee-aradinum-2017\/#breadcrumb"},"inLanguage":"en-US","potentialAction":[{"@type":"ReadAction","target":["https:\/\/vinotecahugo.ro\/en\/produs\/balla-geza-cuvee-aradinum-2017\/"]}]},{"@type":"ImageObject","inLanguage":"en-US","@id":"https:\/\/vinotecahugo.ro\/en\/produs\/balla-geza-cuvee-aradinum-2017\/#primaryimage","url":"https:\/\/vinotecahugo.ro\/wp-content\/uploads\/2021\/08\/Balla-Geza-Cuvee-Aradinum-2.jpg","contentUrl":"https:\/\/vinotecahugo.ro\/wp-content\/uploads\/2021\/08\/Balla-Geza-Cuvee-Aradinum-2.jpg","width":600,"height":600},{"@type":"BreadcrumbList","@id":"https:\/\/vinotecahugo.ro\/en\/produs\/balla-geza-cuvee-aradinum-2017\/#breadcrumb","itemListElement":[{"@type":"ListItem","position":1,"name":"Prima pagin\u0103","item":"https:\/\/vinotecahugo.ro\/en\/"},{"@type":"ListItem","position":2,"name":"Magazin","item":"https:\/\/vinotecahugo.ro\/magazin\/"},{"@type":"ListItem","position":3,"name":"Balla Geza CUVEE ARADINUM 2017"}]},{"@type":"WebSite","@id":"https:\/\/vinotecahugo.ro\/en\/#website","url":"https:\/\/vinotecahugo.ro\/en\/","name":"Vinoteca Hugo","description":"vinotec\u0103 cu o colec\u021bie de peste 5000 de sticle de vin","publisher":{"@id":"https:\/\/vinotecahugo.ro\/en\/#organization"},"potentialAction":[{"@type":"SearchAction","target":{"@type":"EntryPoint","urlTemplate":"https:\/\/vinotecahugo.ro\/en\/?s={search_term_string}"},"query-input":{"@type":"PropertyValueSpecification","valueRequired":true,"valueName":"search_term_string"}}],"inLanguage":"en-US"},{"@type":"Organization","@id":"https:\/\/vinotecahugo.ro\/en\/#organization","name":"Vinoteca Hugo","url":"https:\/\/vinotecahugo.ro\/en\/","logo":{"@type":"ImageObject","inLanguage":"en-US","@id":"https:\/\/vinotecahugo.ro\/en\/#\/schema\/logo\/image\/","url":"https:\/\/vinotecahugo.ro\/wp-content\/uploads\/2020\/04\/logo-vinoteca-hugo-160-120..jpg","contentUrl":"https:\/\/vinotecahugo.ro\/wp-content\/uploads\/2020\/04\/logo-vinoteca-hugo-160-120..jpg","width":160,"height":120,"caption":"Vinoteca Hugo"},"image":{"@id":"https:\/\/vinotecahugo.ro\/en\/#\/schema\/logo\/image\/"},"sameAs":["https:\/\/www.facebook.com\/VinotecaHugoAlbaIulia","https:\/\/www.instagram.com\/vinoteca_hugo\/","https:\/\/www.youtube.com\/channel\/UCpprt6bjcY4i-6P9WM-466g"]}]}},"_links":{"self":[{"href":"https:\/\/vinotecahugo.ro\/en\/wp-json\/wp\/v2\/product\/17420","targetHints":{"allow":["GET"]}}],"collection":[{"href":"https:\/\/vinotecahugo.ro\/en\/wp-json\/wp\/v2\/product"}],"about":[{"href":"https:\/\/vinotecahugo.ro\/en\/wp-json\/wp\/v2\/types\/product"}],"replies":[{"embeddable":true,"href":"https:\/\/vinotecahugo.ro\/en\/wp-json\/wp\/v2\/comments?post=17420"}],"wp:featuredmedia":[{"embeddable":true,"href":"https:\/\/vinotecahugo.ro\/en\/wp-json\/wp\/v2\/media\/17422"}],"wp:attachment":[{"href":"https:\/\/vinotecahugo.ro\/en\/wp-json\/wp\/v2\/media?parent=17420"}],"wp:term":[{"taxonomy":"product_brand","embeddable":true,"href":"https:\/\/vinotecahugo.ro\/en\/wp-json\/wp\/v2\/product_brand?post=17420"},{"taxonomy":"product_cat","embeddable":true,"href":"https:\/\/vinotecahugo.ro\/en\/wp-json\/wp\/v2\/product_cat?post=17420"},{"taxonomy":"product_tag","embeddable":true,"href":"https:\/\/vinotecahugo.ro\/en\/wp-json\/wp\/v2\/product_tag?post=17420"}],"curies":[{"name":"wp","href":"https:\/\/api.w.org\/{rel}","templated":true}]}}