{"id":17407,"date":"2021-08-18T14:33:28","date_gmt":"2021-08-18T11:33:28","guid":{"rendered":"https:\/\/vinotecahugo.ro\/?post_type=product&#038;p=17407"},"modified":"2024-11-08T15:33:38","modified_gmt":"2024-11-08T13:33:38","slug":"catleya-freamat-rosu-2017","status":"publish","type":"product","link":"https:\/\/vinotecahugo.ro\/en\/produs\/catleya-freamat-rosu-2017\/","title":{"rendered":"Catleya Freamat rosu 2017"},"content":{"rendered":"<p><strong>Domeniul CATLEYA<\/strong><\/p>\n<div class=\"video-shortcode\"><iframe title=\"Catleya Wines - Corcova, Mehedin\u021bi\" width=\"1100\" height=\"619\" src=\"https:\/\/www.youtube.com\/embed\/POfYuXkhTf4?feature=oembed\" frameborder=\"0\" allow=\"accelerometer; autoplay; clipboard-write; encrypted-media; gyroscope; picture-in-picture\" allowfullscreen><\/iframe><\/div>\n<div class=\"lbDescription\">\n<p><b>Domeniul Catleya<\/b>\u00a0este situat \u00een regiunea\u00a0<b>Corcova<\/b>\u00a0din Rom\u00e2nia. Regiunea are un trecut bogat. In plin\u0103 perioad\u0103 de Belle \u00c9poque, printul Anton Bibescu, Marcel Proust \u0219i prietenii lor degustau la Paris vinurile de Corcova, \u00een timp ce evocau florile de p\u0103r din acel loc mitic.<\/p>\n<div class=\"column secondsmall\">\n<div class=\"desc\">\n<p>Bibescu, prin\u021bul francofil multi-talentat de origine rom\u00e2n\u0103 a fost cel ce a hot\u0103r\u00e2t s\u0103-\u0219i extind\u0103 via pe cele mai frumoase \u0219i bogate dealuri de la Corcova. Ajutat de agronomul francez Sauget, le-a dat acelor vinuri calit\u0103\u021bile \u0219i renumele lor.<\/p>\n<p>Proust, admirator \u0219i bun prieten al lui Bibescu, a dorit s\u0103 i se al\u0103ture la Corcova, dar boala l-a \u00eempiedicat s\u0103 c\u0103l\u0103toreasc\u0103.<\/p>\n<p>Evocarea acestui loc a r\u0103mas \u00eens\u0103 prezent\u0103 \u00een scrierile sale, ba chiar Bibescu a inspirat unul dintre personajele principale din romanul\u00a0<i>\u00cen c\u0103utarea timpului pierdut<\/i>.<\/p>\n<\/div>\n<\/div>\n<p>\u00cen aceast\u0103 capodoper\u0103 literal\u0103 a lui Marcel Proust, orhideea Catleya este simbolul iubirii.<\/p>\n<div class=\"column thirdsmall\">\n<div class=\"desc\">\n<p>Dup\u0103 anul 2007, trei francezi pasiona\u021bi de vinuri \u0219i \u00eendr\u0103gosti\u021bi de Rom\u00e2nia, au ales aceast\u0103 imagine proustian\u0103 pentru a simboliza vinurile ob\u021binute din viile replantate pe vechile p\u0103m\u00e2nturi ale printului Bibescu. A\u0219adar, ace\u0219tia trei sunt creatorii domeniului Catleya.<\/p>\n<p>Pentru c\u0103 evoc\u0103 at\u00e2t frumuse\u021bea, c\u00e2t \u0219i pl\u0103cerea timpului reg\u0103sit, parfumul \u00eemb\u0103t\u0103tor al florii sau al unui vin, Catleya lui Proust reflect\u0103 \u00eentocmai experien\u021ba sinestezic\u0103 pe care o sim\u021bi atunci c\u00e2nd degu\u0219ti unul dintre vinurile noastre.<\/p>\n<\/div>\n<\/div>\n<p>Mai multe informatii despre acest producator gasiti <a href=\"https:\/\/www.catleyawines.com\/ro\/index.php\">AICI<\/a> .<\/p>\n<\/div>\n<p>Pentru programul de degustari si oferte personalizate te invitam sa devii membrul clubului Vinoteca Hugo. Pentru mai multe informatii fa click <a href=\"https:\/\/vinotecahugo.ro\/evenimente\/\">AICI.<\/a><\/p>\n<p>&nbsp;<\/p>\n<p>&nbsp;<\/p>\n","protected":false},"excerpt":{"rendered":"<div class=\"desc\">Acest vin este un cupaj de Syrah (60%) \u0219i Cabernet Franc (40%).<\/div>\n<div class=\"descinterline\"><\/div>\n<div class=\"desc\">Acest vin \u00eent\u00e2mpin\u0103 cu arome proaspete, fructate, pentru ca apoi s\u0103 \u00eenc\u00e2nte cu aciditate pl\u0103cut\u0103 \u0219i gust elegant, persistent, cu note de fragi \u0219i piersici.<\/div>\n<div class=\"descinterline\"><\/div>\n<div class=\"desc\">Etapele principale de realizare ale vinului :<br \/>\n\u2022 Macerare timp de c\u00e2teva ore pentru extragerea aromelor \u0219i a culorii;<br \/>\n\u2022 Presarea lent\u0103 \u0219i progresiv\u0103;<br \/>\n\u2022 Fermentare \u00een rezervoare de inox, la temperatur\u0103 controlat\u0103;<br \/>\n\u2022 P\u0103strare pe drojdie timp de 4 luni, cu agitarea periodic\u0103 a vinului.<\/div>\n","protected":false},"featured_media":17409,"comment_status":"open","ping_status":"closed","template":"","meta":[],"product_brand":[],"product_cat":[887,888,145],"product_tag":[356,355],"class_list":{"0":"post-17407","1":"product","2":"type-product","3":"status-publish","4":"has-post-thumbnail","6":"product_cat-vin-rosu","7":"product_cat-vin-rosu-sec","8":"product_cat-vinuri-romanesti","9":"product_tag-vin-alba-iulia","10":"product_tag-vinoteca-hugo","12":"first","13":"instock","14":"taxable","15":"shipping-taxable","16":"purchasable","17":"product-type-simple"},"yoast_head":"<!-- This site is optimized with the Yoast SEO plugin v24.6 - https:\/\/yoast.com\/wordpress\/plugins\/seo\/ -->\n<title>Catleya Freamat rosu 2017 - Vinoteca Hugo<\/title>\n<meta name=\"description\" content=\"Comand\u0103 online Catleya Freamat rosu 2017 de la Vinoteca Hugo! Vinuri de top pentru momente speciale.\" \/>\n<meta name=\"robots\" content=\"index, follow, max-snippet:-1, max-image-preview:large, max-video-preview:-1\" \/>\n<link rel=\"canonical\" href=\"https:\/\/vinotecahugo.ro\/en\/produs\/catleya-freamat-rosu-2017\/\" \/>\n<meta property=\"og:locale\" content=\"en_US\" \/>\n<meta property=\"og:type\" content=\"article\" \/>\n<meta property=\"og:title\" content=\"Catleya Freamat rosu 2017 - Vinoteca Hugo\" \/>\n<meta property=\"og:description\" content=\"Comand\u0103 online Catleya Freamat rosu 2017 de la Vinoteca Hugo! Vinuri de top pentru momente speciale.\" \/>\n<meta property=\"og:url\" content=\"https:\/\/vinotecahugo.ro\/en\/produs\/catleya-freamat-rosu-2017\/\" \/>\n<meta property=\"og:site_name\" content=\"Vinoteca Hugo\" \/>\n<meta property=\"article:publisher\" content=\"https:\/\/www.facebook.com\/VinotecaHugoAlbaIulia\" \/>\n<meta property=\"article:modified_time\" content=\"2024-11-08T13:33:38+00:00\" \/>\n<meta property=\"og:image\" content=\"https:\/\/vinotecahugo.ro\/wp-content\/uploads\/2021\/08\/freamat-rosu-catleya.jpg\" \/>\n\t<meta property=\"og:image:width\" content=\"600\" \/>\n\t<meta property=\"og:image:height\" content=\"600\" \/>\n\t<meta property=\"og:image:type\" content=\"image\/jpeg\" \/>\n<meta name=\"twitter:card\" content=\"summary_large_image\" \/>\n<meta name=\"twitter:label1\" content=\"Est. reading time\" \/>\n\t<meta name=\"twitter:data1\" content=\"1 minute\" \/>\n<script type=\"application\/ld+json\" class=\"yoast-schema-graph\">{\"@context\":\"https:\/\/schema.org\",\"@graph\":[{\"@type\":\"WebPage\",\"@id\":\"https:\/\/vinotecahugo.ro\/en\/produs\/catleya-freamat-rosu-2017\/\",\"url\":\"https:\/\/vinotecahugo.ro\/en\/produs\/catleya-freamat-rosu-2017\/\",\"name\":\"Catleya Freamat rosu 2017 - Vinoteca Hugo\",\"isPartOf\":{\"@id\":\"https:\/\/vinotecahugo.ro\/en\/#website\"},\"primaryImageOfPage\":{\"@id\":\"https:\/\/vinotecahugo.ro\/en\/produs\/catleya-freamat-rosu-2017\/#primaryimage\"},\"image\":{\"@id\":\"https:\/\/vinotecahugo.ro\/en\/produs\/catleya-freamat-rosu-2017\/#primaryimage\"},\"thumbnailUrl\":\"https:\/\/vinotecahugo.ro\/wp-content\/uploads\/2021\/08\/freamat-rosu-catleya.jpg\",\"datePublished\":\"2021-08-18T11:33:28+00:00\",\"dateModified\":\"2024-11-08T13:33:38+00:00\",\"description\":\"Comand\u0103 online Catleya Freamat rosu 2017 de la Vinoteca Hugo! Vinuri de top pentru momente speciale.\",\"breadcrumb\":{\"@id\":\"https:\/\/vinotecahugo.ro\/en\/produs\/catleya-freamat-rosu-2017\/#breadcrumb\"},\"inLanguage\":\"en-US\",\"potentialAction\":[{\"@type\":\"ReadAction\",\"target\":[\"https:\/\/vinotecahugo.ro\/en\/produs\/catleya-freamat-rosu-2017\/\"]}]},{\"@type\":\"ImageObject\",\"inLanguage\":\"en-US\",\"@id\":\"https:\/\/vinotecahugo.ro\/en\/produs\/catleya-freamat-rosu-2017\/#primaryimage\",\"url\":\"https:\/\/vinotecahugo.ro\/wp-content\/uploads\/2021\/08\/freamat-rosu-catleya.jpg\",\"contentUrl\":\"https:\/\/vinotecahugo.ro\/wp-content\/uploads\/2021\/08\/freamat-rosu-catleya.jpg\",\"width\":600,\"height\":600},{\"@type\":\"BreadcrumbList\",\"@id\":\"https:\/\/vinotecahugo.ro\/en\/produs\/catleya-freamat-rosu-2017\/#breadcrumb\",\"itemListElement\":[{\"@type\":\"ListItem\",\"position\":1,\"name\":\"Prima pagin\u0103\",\"item\":\"https:\/\/vinotecahugo.ro\/en\/\"},{\"@type\":\"ListItem\",\"position\":2,\"name\":\"Magazin\",\"item\":\"https:\/\/vinotecahugo.ro\/magazin\/\"},{\"@type\":\"ListItem\",\"position\":3,\"name\":\"Catleya Freamat rosu 2017\"}]},{\"@type\":\"WebSite\",\"@id\":\"https:\/\/vinotecahugo.ro\/en\/#website\",\"url\":\"https:\/\/vinotecahugo.ro\/en\/\",\"name\":\"Vinoteca Hugo\",\"description\":\"vinotec\u0103 cu o colec\u021bie de peste 5000 de sticle de vin\",\"publisher\":{\"@id\":\"https:\/\/vinotecahugo.ro\/en\/#organization\"},\"potentialAction\":[{\"@type\":\"SearchAction\",\"target\":{\"@type\":\"EntryPoint\",\"urlTemplate\":\"https:\/\/vinotecahugo.ro\/en\/?s={search_term_string}\"},\"query-input\":{\"@type\":\"PropertyValueSpecification\",\"valueRequired\":true,\"valueName\":\"search_term_string\"}}],\"inLanguage\":\"en-US\"},{\"@type\":\"Organization\",\"@id\":\"https:\/\/vinotecahugo.ro\/en\/#organization\",\"name\":\"Vinoteca Hugo\",\"url\":\"https:\/\/vinotecahugo.ro\/en\/\",\"logo\":{\"@type\":\"ImageObject\",\"inLanguage\":\"en-US\",\"@id\":\"https:\/\/vinotecahugo.ro\/en\/#\/schema\/logo\/image\/\",\"url\":\"https:\/\/vinotecahugo.ro\/wp-content\/uploads\/2020\/04\/logo-vinoteca-hugo-160-120..jpg\",\"contentUrl\":\"https:\/\/vinotecahugo.ro\/wp-content\/uploads\/2020\/04\/logo-vinoteca-hugo-160-120..jpg\",\"width\":160,\"height\":120,\"caption\":\"Vinoteca Hugo\"},\"image\":{\"@id\":\"https:\/\/vinotecahugo.ro\/en\/#\/schema\/logo\/image\/\"},\"sameAs\":[\"https:\/\/www.facebook.com\/VinotecaHugoAlbaIulia\",\"https:\/\/www.instagram.com\/vinoteca_hugo\/\",\"https:\/\/www.youtube.com\/channel\/UCpprt6bjcY4i-6P9WM-466g\"]}]}<\/script>\n<!-- \/ Yoast SEO plugin. -->","yoast_head_json":{"title":"Catleya Freamat rosu 2017 - Vinoteca Hugo","description":"Comand\u0103 online Catleya Freamat rosu 2017 de la Vinoteca Hugo! Vinuri de top pentru momente speciale.","robots":{"index":"index","follow":"follow","max-snippet":"max-snippet:-1","max-image-preview":"max-image-preview:large","max-video-preview":"max-video-preview:-1"},"canonical":"https:\/\/vinotecahugo.ro\/en\/produs\/catleya-freamat-rosu-2017\/","og_locale":"en_US","og_type":"article","og_title":"Catleya Freamat rosu 2017 - Vinoteca Hugo","og_description":"Comand\u0103 online Catleya Freamat rosu 2017 de la Vinoteca Hugo! Vinuri de top pentru momente speciale.","og_url":"https:\/\/vinotecahugo.ro\/en\/produs\/catleya-freamat-rosu-2017\/","og_site_name":"Vinoteca Hugo","article_publisher":"https:\/\/www.facebook.com\/VinotecaHugoAlbaIulia","article_modified_time":"2024-11-08T13:33:38+00:00","og_image":[{"width":600,"height":600,"url":"https:\/\/vinotecahugo.ro\/wp-content\/uploads\/2021\/08\/freamat-rosu-catleya.jpg","type":"image\/jpeg"}],"twitter_card":"summary_large_image","twitter_misc":{"Est. reading time":"1 minute"},"schema":{"@context":"https:\/\/schema.org","@graph":[{"@type":"WebPage","@id":"https:\/\/vinotecahugo.ro\/en\/produs\/catleya-freamat-rosu-2017\/","url":"https:\/\/vinotecahugo.ro\/en\/produs\/catleya-freamat-rosu-2017\/","name":"Catleya Freamat rosu 2017 - Vinoteca Hugo","isPartOf":{"@id":"https:\/\/vinotecahugo.ro\/en\/#website"},"primaryImageOfPage":{"@id":"https:\/\/vinotecahugo.ro\/en\/produs\/catleya-freamat-rosu-2017\/#primaryimage"},"image":{"@id":"https:\/\/vinotecahugo.ro\/en\/produs\/catleya-freamat-rosu-2017\/#primaryimage"},"thumbnailUrl":"https:\/\/vinotecahugo.ro\/wp-content\/uploads\/2021\/08\/freamat-rosu-catleya.jpg","datePublished":"2021-08-18T11:33:28+00:00","dateModified":"2024-11-08T13:33:38+00:00","description":"Comand\u0103 online Catleya Freamat rosu 2017 de la Vinoteca Hugo! Vinuri de top pentru momente speciale.","breadcrumb":{"@id":"https:\/\/vinotecahugo.ro\/en\/produs\/catleya-freamat-rosu-2017\/#breadcrumb"},"inLanguage":"en-US","potentialAction":[{"@type":"ReadAction","target":["https:\/\/vinotecahugo.ro\/en\/produs\/catleya-freamat-rosu-2017\/"]}]},{"@type":"ImageObject","inLanguage":"en-US","@id":"https:\/\/vinotecahugo.ro\/en\/produs\/catleya-freamat-rosu-2017\/#primaryimage","url":"https:\/\/vinotecahugo.ro\/wp-content\/uploads\/2021\/08\/freamat-rosu-catleya.jpg","contentUrl":"https:\/\/vinotecahugo.ro\/wp-content\/uploads\/2021\/08\/freamat-rosu-catleya.jpg","width":600,"height":600},{"@type":"BreadcrumbList","@id":"https:\/\/vinotecahugo.ro\/en\/produs\/catleya-freamat-rosu-2017\/#breadcrumb","itemListElement":[{"@type":"ListItem","position":1,"name":"Prima pagin\u0103","item":"https:\/\/vinotecahugo.ro\/en\/"},{"@type":"ListItem","position":2,"name":"Magazin","item":"https:\/\/vinotecahugo.ro\/magazin\/"},{"@type":"ListItem","position":3,"name":"Catleya Freamat rosu 2017"}]},{"@type":"WebSite","@id":"https:\/\/vinotecahugo.ro\/en\/#website","url":"https:\/\/vinotecahugo.ro\/en\/","name":"Vinoteca Hugo","description":"vinotec\u0103 cu o colec\u021bie de peste 5000 de sticle de vin","publisher":{"@id":"https:\/\/vinotecahugo.ro\/en\/#organization"},"potentialAction":[{"@type":"SearchAction","target":{"@type":"EntryPoint","urlTemplate":"https:\/\/vinotecahugo.ro\/en\/?s={search_term_string}"},"query-input":{"@type":"PropertyValueSpecification","valueRequired":true,"valueName":"search_term_string"}}],"inLanguage":"en-US"},{"@type":"Organization","@id":"https:\/\/vinotecahugo.ro\/en\/#organization","name":"Vinoteca Hugo","url":"https:\/\/vinotecahugo.ro\/en\/","logo":{"@type":"ImageObject","inLanguage":"en-US","@id":"https:\/\/vinotecahugo.ro\/en\/#\/schema\/logo\/image\/","url":"https:\/\/vinotecahugo.ro\/wp-content\/uploads\/2020\/04\/logo-vinoteca-hugo-160-120..jpg","contentUrl":"https:\/\/vinotecahugo.ro\/wp-content\/uploads\/2020\/04\/logo-vinoteca-hugo-160-120..jpg","width":160,"height":120,"caption":"Vinoteca Hugo"},"image":{"@id":"https:\/\/vinotecahugo.ro\/en\/#\/schema\/logo\/image\/"},"sameAs":["https:\/\/www.facebook.com\/VinotecaHugoAlbaIulia","https:\/\/www.instagram.com\/vinoteca_hugo\/","https:\/\/www.youtube.com\/channel\/UCpprt6bjcY4i-6P9WM-466g"]}]}},"_links":{"self":[{"href":"https:\/\/vinotecahugo.ro\/en\/wp-json\/wp\/v2\/product\/17407","targetHints":{"allow":["GET"]}}],"collection":[{"href":"https:\/\/vinotecahugo.ro\/en\/wp-json\/wp\/v2\/product"}],"about":[{"href":"https:\/\/vinotecahugo.ro\/en\/wp-json\/wp\/v2\/types\/product"}],"replies":[{"embeddable":true,"href":"https:\/\/vinotecahugo.ro\/en\/wp-json\/wp\/v2\/comments?post=17407"}],"wp:featuredmedia":[{"embeddable":true,"href":"https:\/\/vinotecahugo.ro\/en\/wp-json\/wp\/v2\/media\/17409"}],"wp:attachment":[{"href":"https:\/\/vinotecahugo.ro\/en\/wp-json\/wp\/v2\/media?parent=17407"}],"wp:term":[{"taxonomy":"product_brand","embeddable":true,"href":"https:\/\/vinotecahugo.ro\/en\/wp-json\/wp\/v2\/product_brand?post=17407"},{"taxonomy":"product_cat","embeddable":true,"href":"https:\/\/vinotecahugo.ro\/en\/wp-json\/wp\/v2\/product_cat?post=17407"},{"taxonomy":"product_tag","embeddable":true,"href":"https:\/\/vinotecahugo.ro\/en\/wp-json\/wp\/v2\/product_tag?post=17407"}],"curies":[{"name":"wp","href":"https:\/\/api.w.org\/{rel}","templated":true}]}}