{"id":17341,"date":"2021-07-23T13:36:30","date_gmt":"2021-07-23T10:36:30","guid":{"rendered":"https:\/\/vinotecahugo.ro\/?post_type=product&#038;p=17341"},"modified":"2025-07-25T15:20:55","modified_gmt":"2025-07-25T12:20:55","slug":"privilegium-feteasca-alba-domeniul-ciumbrud","status":"publish","type":"product","link":"https:\/\/vinotecahugo.ro\/en\/produs\/privilegium-feteasca-alba-domeniul-ciumbrud\/","title":{"rendered":"Privilegium Feteasca Alba Domeniul Ciumbrud"},"content":{"rendered":"<p><strong>Domeniul Ciumbrud<\/strong><\/p>\n<div class=\"lbDescription\">\n<div class=\"video-shortcode\"><iframe title=\"Domeniul Ciumbrud Drona +cadre\" width=\"1100\" height=\"619\" src=\"https:\/\/www.youtube.com\/embed\/-I6rg6EGcd0?feature=oembed\" frameborder=\"0\" allow=\"accelerometer; autoplay; clipboard-write; encrypted-media; gyroscope; picture-in-picture\" allowfullscreen><\/iframe><\/div>\n<p>Tradi\u021bia cultiv\u0103rii vi\u021bei de vie dateaz\u0103 de sute de ani \u00een podgoriile de pe malul Mure\u0219ului. Cronicile ne spun c\u0103 vinul de Ciumbrud a fost \u201dPohta ce-am pohtit\u201d \u00een materie de vinuri a Domnitorului Mihai Viteazul din perioada \u00een care acesta a fost domnitorul \u021a\u0103rii Rom\u00e2ne\u0219ti, Moldovei \u0219i a Ardealului(1599-1600).<\/p>\n<p>Viile de la Ciumbrud, amplasate pe versan\u021bi \u00eensori\u021bi \u00een vecinat\u0103tea r\u00e2ului Mure\u0219, se bucur\u0103 de condi\u021bii excep\u021bionale de clim\u0103 \u0219i sol. Alternan\u021ba zilelor calde cu nop\u0163ile reci, conduce la o coacere lent\u0103 cu p\u0103strarea aromelor primare, \u00een perfect echilibru cu aciditatea fin\u0103, specific\u0103 locului. Condi\u021biilor naturale deosebite, \u00een armonie cu priceperea viticultorului \u0219i me\u0219te\u0219ugul vinificatorului fac din vinul de Ciumbrud, unul din cele mai fine pe care Podgoriile Ardealului le poate oferi.<\/p>\n<p>Soiuri precum Sauvignon Blanc, Feteasc\u0103 Regal\u0103, Riesling, Muscat Ottonel, Gewurztraminer (Traminer), Chardonnay \u015fi Pinot Gris, sunt cultivate aici cu succes \u015fi ofer\u0103 \u00een fiecare an o recolt\u0103 valoroas\u0103 de vinuri \u00eenobilate de o calitate deosebit\u0103.<\/p>\n<p>Calitatea vinurilor de Ciumbrud este dovedit\u0103 de multitudinea de premii ob\u021binute \u00een \u021bar\u0103 \u0219i str\u0103in\u0103tate pornind de la medalia de aur Napoleon al III-lea \u00een anul 1867 c\u00e2\u0219tigat\u0103 la Concursul Interna\u021bional de vinuri de la Paris. Aceast\u0103 distinc\u021bie spune multe despre calitatea vinurilor obtinu\u021be \u00een aceast\u0103 podgorie \u015fi faptul c\u0103 fiecare pic\u0103tur\u0103 de Ardeal este pre\u0163ioas\u0103.<\/p>\n<p>Mai multe informatii despre acest producator gasiti <a href=\"https:\/\/www.vindeciumbrud.ro\/\">AICI<\/a> .<\/p>\n<\/div>\n<p>Pentru programul de degustari si oferte personalizate te invitam sa devii membrul clubului Vinoteca Hugo. Pentru mai multe informatii fa click <a href=\"https:\/\/vinotecahugo.ro\/evenimente\/\">AICI.<\/a><\/p>\n<p>&nbsp;<\/p>\n<p>&nbsp;<\/p>\n","protected":false},"excerpt":{"rendered":"<p dir=\"ltr\">Feteasca Alba Privilegium sec este un vin elegant, cu o arom\u0103 floral\u0103 distinct\u0103 \u0219i se recomand\u0103 a fi servit rece al\u0103turi de preparate din pe\u0219te, crustacee sau specialit\u0103\u021bi din fructe de mare. Vinul este catifelat, suav, tandru, cu arom\u0103 ce o aminte\u0219te pe cea a f\u00e2nului de cur\u00e2nd cosit.<\/p>\n","protected":false},"featured_media":17344,"comment_status":"open","ping_status":"closed","template":"","meta":[],"product_brand":[],"product_cat":[882,884,145],"product_tag":[],"class_list":{"0":"post-17341","1":"product","2":"type-product","3":"status-publish","4":"has-post-thumbnail","6":"product_cat-vin-alb","7":"product_cat-vin-alb-sec","8":"product_cat-vinuri-romanesti","10":"first","11":"outofstock","12":"taxable","13":"shipping-taxable","14":"purchasable","15":"product-type-simple"},"yoast_head":"<!-- This site is optimized with the Yoast SEO plugin v24.6 - https:\/\/yoast.com\/wordpress\/plugins\/seo\/ -->\n<title>Privilegium Feteasca Alba Domeniul Ciumbrud - Vinoteca Hugo<\/title>\n<meta name=\"description\" content=\"Comand\u0103 online Privilegium Feteasca Alba Domeniul Ciumbrud de la Vinoteca Hugo! Vinuri de top pentru momente speciale.\" \/>\n<meta name=\"robots\" content=\"index, follow, max-snippet:-1, max-image-preview:large, max-video-preview:-1\" \/>\n<link rel=\"canonical\" href=\"https:\/\/vinotecahugo.ro\/en\/produs\/privilegium-feteasca-alba-domeniul-ciumbrud\/\" \/>\n<meta property=\"og:locale\" content=\"en_US\" \/>\n<meta property=\"og:type\" content=\"article\" \/>\n<meta property=\"og:title\" content=\"Privilegium Feteasca Alba Domeniul Ciumbrud - Vinoteca Hugo\" \/>\n<meta property=\"og:description\" content=\"Comand\u0103 online Privilegium Feteasca Alba Domeniul Ciumbrud de la Vinoteca Hugo! Vinuri de top pentru momente speciale.\" \/>\n<meta property=\"og:url\" content=\"https:\/\/vinotecahugo.ro\/en\/produs\/privilegium-feteasca-alba-domeniul-ciumbrud\/\" \/>\n<meta property=\"og:site_name\" content=\"Vinoteca Hugo\" \/>\n<meta property=\"article:publisher\" content=\"https:\/\/www.facebook.com\/VinotecaHugoAlbaIulia\" \/>\n<meta property=\"article:modified_time\" content=\"2025-07-25T12:20:55+00:00\" \/>\n<meta property=\"og:image\" content=\"https:\/\/vinotecahugo.ro\/wp-content\/uploads\/2021\/07\/privelegium-feteasca-alba-ciumbrud.jpg\" \/>\n\t<meta property=\"og:image:width\" content=\"600\" \/>\n\t<meta property=\"og:image:height\" content=\"600\" \/>\n\t<meta property=\"og:image:type\" content=\"image\/jpeg\" \/>\n<meta name=\"twitter:card\" content=\"summary_large_image\" \/>\n<meta name=\"twitter:label1\" content=\"Est. reading time\" \/>\n\t<meta name=\"twitter:data1\" content=\"1 minute\" \/>\n<script type=\"application\/ld+json\" class=\"yoast-schema-graph\">{\"@context\":\"https:\/\/schema.org\",\"@graph\":[{\"@type\":\"WebPage\",\"@id\":\"https:\/\/vinotecahugo.ro\/en\/produs\/privilegium-feteasca-alba-domeniul-ciumbrud\/\",\"url\":\"https:\/\/vinotecahugo.ro\/en\/produs\/privilegium-feteasca-alba-domeniul-ciumbrud\/\",\"name\":\"Privilegium Feteasca Alba Domeniul Ciumbrud - Vinoteca Hugo\",\"isPartOf\":{\"@id\":\"https:\/\/vinotecahugo.ro\/en\/#website\"},\"primaryImageOfPage\":{\"@id\":\"https:\/\/vinotecahugo.ro\/en\/produs\/privilegium-feteasca-alba-domeniul-ciumbrud\/#primaryimage\"},\"image\":{\"@id\":\"https:\/\/vinotecahugo.ro\/en\/produs\/privilegium-feteasca-alba-domeniul-ciumbrud\/#primaryimage\"},\"thumbnailUrl\":\"https:\/\/vinotecahugo.ro\/wp-content\/uploads\/2021\/07\/privelegium-feteasca-alba-ciumbrud.jpg\",\"datePublished\":\"2021-07-23T10:36:30+00:00\",\"dateModified\":\"2025-07-25T12:20:55+00:00\",\"description\":\"Comand\u0103 online Privilegium Feteasca Alba Domeniul Ciumbrud de la Vinoteca Hugo! Vinuri de top pentru momente speciale.\",\"breadcrumb\":{\"@id\":\"https:\/\/vinotecahugo.ro\/en\/produs\/privilegium-feteasca-alba-domeniul-ciumbrud\/#breadcrumb\"},\"inLanguage\":\"en-US\",\"potentialAction\":[{\"@type\":\"ReadAction\",\"target\":[\"https:\/\/vinotecahugo.ro\/en\/produs\/privilegium-feteasca-alba-domeniul-ciumbrud\/\"]}]},{\"@type\":\"ImageObject\",\"inLanguage\":\"en-US\",\"@id\":\"https:\/\/vinotecahugo.ro\/en\/produs\/privilegium-feteasca-alba-domeniul-ciumbrud\/#primaryimage\",\"url\":\"https:\/\/vinotecahugo.ro\/wp-content\/uploads\/2021\/07\/privelegium-feteasca-alba-ciumbrud.jpg\",\"contentUrl\":\"https:\/\/vinotecahugo.ro\/wp-content\/uploads\/2021\/07\/privelegium-feteasca-alba-ciumbrud.jpg\",\"width\":600,\"height\":600},{\"@type\":\"BreadcrumbList\",\"@id\":\"https:\/\/vinotecahugo.ro\/en\/produs\/privilegium-feteasca-alba-domeniul-ciumbrud\/#breadcrumb\",\"itemListElement\":[{\"@type\":\"ListItem\",\"position\":1,\"name\":\"Prima pagin\u0103\",\"item\":\"https:\/\/vinotecahugo.ro\/en\/\"},{\"@type\":\"ListItem\",\"position\":2,\"name\":\"Magazin\",\"item\":\"https:\/\/vinotecahugo.ro\/magazin\/\"},{\"@type\":\"ListItem\",\"position\":3,\"name\":\"Privilegium Feteasca Alba Domeniul Ciumbrud\"}]},{\"@type\":\"WebSite\",\"@id\":\"https:\/\/vinotecahugo.ro\/en\/#website\",\"url\":\"https:\/\/vinotecahugo.ro\/en\/\",\"name\":\"Vinoteca Hugo\",\"description\":\"vinotec\u0103 cu o colec\u021bie de peste 5000 de sticle de vin\",\"publisher\":{\"@id\":\"https:\/\/vinotecahugo.ro\/en\/#organization\"},\"potentialAction\":[{\"@type\":\"SearchAction\",\"target\":{\"@type\":\"EntryPoint\",\"urlTemplate\":\"https:\/\/vinotecahugo.ro\/en\/?s={search_term_string}\"},\"query-input\":{\"@type\":\"PropertyValueSpecification\",\"valueRequired\":true,\"valueName\":\"search_term_string\"}}],\"inLanguage\":\"en-US\"},{\"@type\":\"Organization\",\"@id\":\"https:\/\/vinotecahugo.ro\/en\/#organization\",\"name\":\"Vinoteca Hugo\",\"url\":\"https:\/\/vinotecahugo.ro\/en\/\",\"logo\":{\"@type\":\"ImageObject\",\"inLanguage\":\"en-US\",\"@id\":\"https:\/\/vinotecahugo.ro\/en\/#\/schema\/logo\/image\/\",\"url\":\"https:\/\/vinotecahugo.ro\/wp-content\/uploads\/2020\/04\/logo-vinoteca-hugo-160-120..jpg\",\"contentUrl\":\"https:\/\/vinotecahugo.ro\/wp-content\/uploads\/2020\/04\/logo-vinoteca-hugo-160-120..jpg\",\"width\":160,\"height\":120,\"caption\":\"Vinoteca Hugo\"},\"image\":{\"@id\":\"https:\/\/vinotecahugo.ro\/en\/#\/schema\/logo\/image\/\"},\"sameAs\":[\"https:\/\/www.facebook.com\/VinotecaHugoAlbaIulia\",\"https:\/\/www.instagram.com\/vinoteca_hugo\/\",\"https:\/\/www.youtube.com\/channel\/UCpprt6bjcY4i-6P9WM-466g\"]}]}<\/script>\n<!-- \/ Yoast SEO plugin. -->","yoast_head_json":{"title":"Privilegium Feteasca Alba Domeniul Ciumbrud - Vinoteca Hugo","description":"Comand\u0103 online Privilegium Feteasca Alba Domeniul Ciumbrud de la Vinoteca Hugo! Vinuri de top pentru momente speciale.","robots":{"index":"index","follow":"follow","max-snippet":"max-snippet:-1","max-image-preview":"max-image-preview:large","max-video-preview":"max-video-preview:-1"},"canonical":"https:\/\/vinotecahugo.ro\/en\/produs\/privilegium-feteasca-alba-domeniul-ciumbrud\/","og_locale":"en_US","og_type":"article","og_title":"Privilegium Feteasca Alba Domeniul Ciumbrud - Vinoteca Hugo","og_description":"Comand\u0103 online Privilegium Feteasca Alba Domeniul Ciumbrud de la Vinoteca Hugo! Vinuri de top pentru momente speciale.","og_url":"https:\/\/vinotecahugo.ro\/en\/produs\/privilegium-feteasca-alba-domeniul-ciumbrud\/","og_site_name":"Vinoteca Hugo","article_publisher":"https:\/\/www.facebook.com\/VinotecaHugoAlbaIulia","article_modified_time":"2025-07-25T12:20:55+00:00","og_image":[{"width":600,"height":600,"url":"https:\/\/vinotecahugo.ro\/wp-content\/uploads\/2021\/07\/privelegium-feteasca-alba-ciumbrud.jpg","type":"image\/jpeg"}],"twitter_card":"summary_large_image","twitter_misc":{"Est. reading time":"1 minute"},"schema":{"@context":"https:\/\/schema.org","@graph":[{"@type":"WebPage","@id":"https:\/\/vinotecahugo.ro\/en\/produs\/privilegium-feteasca-alba-domeniul-ciumbrud\/","url":"https:\/\/vinotecahugo.ro\/en\/produs\/privilegium-feteasca-alba-domeniul-ciumbrud\/","name":"Privilegium Feteasca Alba Domeniul Ciumbrud - Vinoteca Hugo","isPartOf":{"@id":"https:\/\/vinotecahugo.ro\/en\/#website"},"primaryImageOfPage":{"@id":"https:\/\/vinotecahugo.ro\/en\/produs\/privilegium-feteasca-alba-domeniul-ciumbrud\/#primaryimage"},"image":{"@id":"https:\/\/vinotecahugo.ro\/en\/produs\/privilegium-feteasca-alba-domeniul-ciumbrud\/#primaryimage"},"thumbnailUrl":"https:\/\/vinotecahugo.ro\/wp-content\/uploads\/2021\/07\/privelegium-feteasca-alba-ciumbrud.jpg","datePublished":"2021-07-23T10:36:30+00:00","dateModified":"2025-07-25T12:20:55+00:00","description":"Comand\u0103 online Privilegium Feteasca Alba Domeniul Ciumbrud de la Vinoteca Hugo! Vinuri de top pentru momente speciale.","breadcrumb":{"@id":"https:\/\/vinotecahugo.ro\/en\/produs\/privilegium-feteasca-alba-domeniul-ciumbrud\/#breadcrumb"},"inLanguage":"en-US","potentialAction":[{"@type":"ReadAction","target":["https:\/\/vinotecahugo.ro\/en\/produs\/privilegium-feteasca-alba-domeniul-ciumbrud\/"]}]},{"@type":"ImageObject","inLanguage":"en-US","@id":"https:\/\/vinotecahugo.ro\/en\/produs\/privilegium-feteasca-alba-domeniul-ciumbrud\/#primaryimage","url":"https:\/\/vinotecahugo.ro\/wp-content\/uploads\/2021\/07\/privelegium-feteasca-alba-ciumbrud.jpg","contentUrl":"https:\/\/vinotecahugo.ro\/wp-content\/uploads\/2021\/07\/privelegium-feteasca-alba-ciumbrud.jpg","width":600,"height":600},{"@type":"BreadcrumbList","@id":"https:\/\/vinotecahugo.ro\/en\/produs\/privilegium-feteasca-alba-domeniul-ciumbrud\/#breadcrumb","itemListElement":[{"@type":"ListItem","position":1,"name":"Prima pagin\u0103","item":"https:\/\/vinotecahugo.ro\/en\/"},{"@type":"ListItem","position":2,"name":"Magazin","item":"https:\/\/vinotecahugo.ro\/magazin\/"},{"@type":"ListItem","position":3,"name":"Privilegium Feteasca Alba Domeniul Ciumbrud"}]},{"@type":"WebSite","@id":"https:\/\/vinotecahugo.ro\/en\/#website","url":"https:\/\/vinotecahugo.ro\/en\/","name":"Vinoteca Hugo","description":"vinotec\u0103 cu o colec\u021bie de peste 5000 de sticle de vin","publisher":{"@id":"https:\/\/vinotecahugo.ro\/en\/#organization"},"potentialAction":[{"@type":"SearchAction","target":{"@type":"EntryPoint","urlTemplate":"https:\/\/vinotecahugo.ro\/en\/?s={search_term_string}"},"query-input":{"@type":"PropertyValueSpecification","valueRequired":true,"valueName":"search_term_string"}}],"inLanguage":"en-US"},{"@type":"Organization","@id":"https:\/\/vinotecahugo.ro\/en\/#organization","name":"Vinoteca Hugo","url":"https:\/\/vinotecahugo.ro\/en\/","logo":{"@type":"ImageObject","inLanguage":"en-US","@id":"https:\/\/vinotecahugo.ro\/en\/#\/schema\/logo\/image\/","url":"https:\/\/vinotecahugo.ro\/wp-content\/uploads\/2020\/04\/logo-vinoteca-hugo-160-120..jpg","contentUrl":"https:\/\/vinotecahugo.ro\/wp-content\/uploads\/2020\/04\/logo-vinoteca-hugo-160-120..jpg","width":160,"height":120,"caption":"Vinoteca Hugo"},"image":{"@id":"https:\/\/vinotecahugo.ro\/en\/#\/schema\/logo\/image\/"},"sameAs":["https:\/\/www.facebook.com\/VinotecaHugoAlbaIulia","https:\/\/www.instagram.com\/vinoteca_hugo\/","https:\/\/www.youtube.com\/channel\/UCpprt6bjcY4i-6P9WM-466g"]}]}},"_links":{"self":[{"href":"https:\/\/vinotecahugo.ro\/en\/wp-json\/wp\/v2\/product\/17341","targetHints":{"allow":["GET"]}}],"collection":[{"href":"https:\/\/vinotecahugo.ro\/en\/wp-json\/wp\/v2\/product"}],"about":[{"href":"https:\/\/vinotecahugo.ro\/en\/wp-json\/wp\/v2\/types\/product"}],"replies":[{"embeddable":true,"href":"https:\/\/vinotecahugo.ro\/en\/wp-json\/wp\/v2\/comments?post=17341"}],"wp:featuredmedia":[{"embeddable":true,"href":"https:\/\/vinotecahugo.ro\/en\/wp-json\/wp\/v2\/media\/17344"}],"wp:attachment":[{"href":"https:\/\/vinotecahugo.ro\/en\/wp-json\/wp\/v2\/media?parent=17341"}],"wp:term":[{"taxonomy":"product_brand","embeddable":true,"href":"https:\/\/vinotecahugo.ro\/en\/wp-json\/wp\/v2\/product_brand?post=17341"},{"taxonomy":"product_cat","embeddable":true,"href":"https:\/\/vinotecahugo.ro\/en\/wp-json\/wp\/v2\/product_cat?post=17341"},{"taxonomy":"product_tag","embeddable":true,"href":"https:\/\/vinotecahugo.ro\/en\/wp-json\/wp\/v2\/product_tag?post=17341"}],"curies":[{"name":"wp","href":"https:\/\/api.w.org\/{rel}","templated":true}]}}