{"id":17294,"date":"2021-07-15T16:31:20","date_gmt":"2021-07-15T13:31:20","guid":{"rendered":"https:\/\/vinotecahugo.ro\/?post_type=product&#038;p=17294"},"modified":"2022-02-08T17:44:25","modified_gmt":"2022-02-08T15:44:25","slug":"duchess-of-transylvania-2020-pivnita-savu","status":"publish","type":"product","link":"https:\/\/vinotecahugo.ro\/en\/produs\/duchess-of-transylvania-2020-pivnita-savu\/","title":{"rendered":"Duchess Of Transylvania 2020 Pivnita SAVU"},"content":{"rendered":"<p><strong>Duchess Of Transylvania 2020 Pivnita SAVU<\/strong><\/p>\n<div class=\"lbDescription\">\n<p>&nbsp;<\/p>\n<div class=\"video-shortcode\"><iframe title=\"Harvesting wine grapes - 2020\" width=\"1100\" height=\"619\" src=\"https:\/\/www.youtube.com\/embed\/Y0vA-tpuJjI?start=2&#038;feature=oembed\" frameborder=\"0\" allow=\"accelerometer; autoplay; clipboard-write; encrypted-media; gyroscope; picture-in-picture\" allowfullscreen><\/iframe><\/div>\n<p>&nbsp;<\/p>\n<div class=\"yiv0722492297\"><b>Pivni\u021ba Savu<\/b>\u00a0este o cram\u0103 de familie care cultiv\u0103 cele mai bune parcele cu vi\u0163\u0103 de vie din Ciumbrud. Fiecare sticl\u0103 care poart\u0103 semn\u0103tura noastr\u0103 este chintesen\u021ba vinului din Ciumbrud dar \u015fi o declara\u021bie personal\u0103.<\/div>\n<div class=\"yiv0722492297\">De la solul pe care-l cultiv\u0103m, p\u00e2n\u0103 la vinul pe care-l turn\u0103m \u00een pahare, suntem continuu preocupa\u021bi ca viitoarele genera\u021bii s\u0103 beneficieze de acelea\u0219i resurse de care noi ne bucur\u0103m ast\u0103zi.<\/div>\n<div class=\"yiv0722492297\">Avem privilegiul s\u0103 cultiv\u0103m vi\u021be vechi de peste 40 de ani care ne confer\u0103 rotunjime \u0219i o bogat\u0103 experien\u0163\u0103, dar \u0219i vi\u021be tinere care vin cu prospe\u021bime, parfum \u015fi un amalgam de arome puternice.<\/div>\n<p>Mai multe informatii despre acest producator gasiti <a href=\"https:\/\/pivnitasavu.com\/\">AICI<\/a> .<\/p>\n<\/div>\n<p>Pentru programul de degustari si oferte personalizate te invitam sa devii membrul clubului Vinoteca Hugo. Pentru mai multe informatii fa click <a href=\"https:\/\/vinotecahugo.ro\/evenimente\/\">AICI.<\/a><\/p>\n<p>&nbsp;<\/p>\n<p>&nbsp;<\/p>\n","protected":false},"excerpt":{"rendered":"<p>Un vin rose demidulce, produs din soiul Cabernet Sauvignon in zona Ciumbrud, judetul Alba.<\/p>\n<p class=\"p1\"><span class=\"s1\">\u00cen \u021binutul vinului alb, cu cele mai vechi mo\u0219ii din regiune, planta\u021biile noastre luxuriante sunt locul unde \u00eencepe povestea noastr\u0103, locul de na\u0219tere al celei mai iubite ducese. Captur\u00e2nd ro\u0219ul strugurilor de Cabernet Sauvignon \u00een elegan\u021ba reflexiilor, am reu\u0219it s\u0103 aducem la via\u021b\u0103 minunata duces\u0103 de Transilvania.<\/span><\/p>\n<p class=\"p1\"><span class=\"s1\">Duchess of Transylvania este \u00eentruparea dorin\u021bei de a \u00eendr\u0103zni. Este ne\u00eenbl\u00e2nzit\u0103, enigmatatic\u0103 \u0219i elegant\u0103 la fel ca \u0219i \u021binutul din care a luat na\u0219tere.<\/span><\/p>\n","protected":false},"featured_media":17296,"comment_status":"open","ping_status":"closed","template":"","meta":[],"product_brand":[],"product_cat":[892,894,145],"product_tag":[],"class_list":{"0":"post-17294","1":"product","2":"type-product","3":"status-publish","4":"has-post-thumbnail","6":"product_cat-vin-rose","7":"product_cat-vin-rose-demidulce","8":"product_cat-vinuri-romanesti","10":"first","11":"outofstock","12":"taxable","13":"shipping-taxable","14":"purchasable","15":"product-type-simple"},"yoast_head":"<!-- This site is optimized with the Yoast SEO plugin v24.6 - https:\/\/yoast.com\/wordpress\/plugins\/seo\/ -->\n<title>Duchess Of Transylvania 2020 Pivnita SAVU - Vinoteca Hugo<\/title>\n<meta name=\"description\" content=\"Comand\u0103 online Duchess Of Transylvania 2020 Pivnita SAVU de la Vinoteca Hugo! Vinuri de top pentru momente speciale.\" \/>\n<meta name=\"robots\" content=\"index, follow, max-snippet:-1, max-image-preview:large, max-video-preview:-1\" \/>\n<link rel=\"canonical\" href=\"https:\/\/vinotecahugo.ro\/en\/produs\/duchess-of-transylvania-2020-pivnita-savu\/\" \/>\n<meta property=\"og:locale\" content=\"en_US\" \/>\n<meta property=\"og:type\" content=\"article\" \/>\n<meta property=\"og:title\" content=\"Duchess Of Transylvania 2020 Pivnita SAVU - Vinoteca Hugo\" \/>\n<meta property=\"og:description\" content=\"Comand\u0103 online Duchess Of Transylvania 2020 Pivnita SAVU de la Vinoteca Hugo! Vinuri de top pentru momente speciale.\" \/>\n<meta property=\"og:url\" content=\"https:\/\/vinotecahugo.ro\/en\/produs\/duchess-of-transylvania-2020-pivnita-savu\/\" \/>\n<meta property=\"og:site_name\" content=\"Vinoteca Hugo\" \/>\n<meta property=\"article:publisher\" content=\"https:\/\/www.facebook.com\/VinotecaHugoAlbaIulia\" \/>\n<meta property=\"article:modified_time\" content=\"2022-02-08T15:44:25+00:00\" \/>\n<meta property=\"og:image\" content=\"https:\/\/vinotecahugo.ro\/wp-content\/uploads\/2021\/07\/duchess-of-transylvania-Savu.jpg\" \/>\n\t<meta property=\"og:image:width\" content=\"600\" \/>\n\t<meta property=\"og:image:height\" content=\"600\" \/>\n\t<meta property=\"og:image:type\" content=\"image\/jpeg\" \/>\n<meta name=\"twitter:card\" content=\"summary_large_image\" \/>\n<meta name=\"twitter:label1\" content=\"Est. reading time\" \/>\n\t<meta name=\"twitter:data1\" content=\"1 minute\" \/>\n<script type=\"application\/ld+json\" class=\"yoast-schema-graph\">{\"@context\":\"https:\/\/schema.org\",\"@graph\":[{\"@type\":\"WebPage\",\"@id\":\"https:\/\/vinotecahugo.ro\/en\/produs\/duchess-of-transylvania-2020-pivnita-savu\/\",\"url\":\"https:\/\/vinotecahugo.ro\/en\/produs\/duchess-of-transylvania-2020-pivnita-savu\/\",\"name\":\"Duchess Of Transylvania 2020 Pivnita SAVU - Vinoteca Hugo\",\"isPartOf\":{\"@id\":\"https:\/\/vinotecahugo.ro\/en\/#website\"},\"primaryImageOfPage\":{\"@id\":\"https:\/\/vinotecahugo.ro\/en\/produs\/duchess-of-transylvania-2020-pivnita-savu\/#primaryimage\"},\"image\":{\"@id\":\"https:\/\/vinotecahugo.ro\/en\/produs\/duchess-of-transylvania-2020-pivnita-savu\/#primaryimage\"},\"thumbnailUrl\":\"https:\/\/vinotecahugo.ro\/wp-content\/uploads\/2021\/07\/duchess-of-transylvania-Savu.jpg\",\"datePublished\":\"2021-07-15T13:31:20+00:00\",\"dateModified\":\"2022-02-08T15:44:25+00:00\",\"description\":\"Comand\u0103 online Duchess Of Transylvania 2020 Pivnita SAVU de la Vinoteca Hugo! Vinuri de top pentru momente speciale.\",\"breadcrumb\":{\"@id\":\"https:\/\/vinotecahugo.ro\/en\/produs\/duchess-of-transylvania-2020-pivnita-savu\/#breadcrumb\"},\"inLanguage\":\"en-US\",\"potentialAction\":[{\"@type\":\"ReadAction\",\"target\":[\"https:\/\/vinotecahugo.ro\/en\/produs\/duchess-of-transylvania-2020-pivnita-savu\/\"]}]},{\"@type\":\"ImageObject\",\"inLanguage\":\"en-US\",\"@id\":\"https:\/\/vinotecahugo.ro\/en\/produs\/duchess-of-transylvania-2020-pivnita-savu\/#primaryimage\",\"url\":\"https:\/\/vinotecahugo.ro\/wp-content\/uploads\/2021\/07\/duchess-of-transylvania-Savu.jpg\",\"contentUrl\":\"https:\/\/vinotecahugo.ro\/wp-content\/uploads\/2021\/07\/duchess-of-transylvania-Savu.jpg\",\"width\":600,\"height\":600},{\"@type\":\"BreadcrumbList\",\"@id\":\"https:\/\/vinotecahugo.ro\/en\/produs\/duchess-of-transylvania-2020-pivnita-savu\/#breadcrumb\",\"itemListElement\":[{\"@type\":\"ListItem\",\"position\":1,\"name\":\"Prima pagin\u0103\",\"item\":\"https:\/\/vinotecahugo.ro\/en\/\"},{\"@type\":\"ListItem\",\"position\":2,\"name\":\"Magazin\",\"item\":\"https:\/\/vinotecahugo.ro\/magazin\/\"},{\"@type\":\"ListItem\",\"position\":3,\"name\":\"Duchess Of Transylvania 2020 Pivnita SAVU\"}]},{\"@type\":\"WebSite\",\"@id\":\"https:\/\/vinotecahugo.ro\/en\/#website\",\"url\":\"https:\/\/vinotecahugo.ro\/en\/\",\"name\":\"Vinoteca Hugo\",\"description\":\"vinotec\u0103 cu o colec\u021bie de peste 5000 de sticle de vin\",\"publisher\":{\"@id\":\"https:\/\/vinotecahugo.ro\/en\/#organization\"},\"potentialAction\":[{\"@type\":\"SearchAction\",\"target\":{\"@type\":\"EntryPoint\",\"urlTemplate\":\"https:\/\/vinotecahugo.ro\/en\/?s={search_term_string}\"},\"query-input\":{\"@type\":\"PropertyValueSpecification\",\"valueRequired\":true,\"valueName\":\"search_term_string\"}}],\"inLanguage\":\"en-US\"},{\"@type\":\"Organization\",\"@id\":\"https:\/\/vinotecahugo.ro\/en\/#organization\",\"name\":\"Vinoteca Hugo\",\"url\":\"https:\/\/vinotecahugo.ro\/en\/\",\"logo\":{\"@type\":\"ImageObject\",\"inLanguage\":\"en-US\",\"@id\":\"https:\/\/vinotecahugo.ro\/en\/#\/schema\/logo\/image\/\",\"url\":\"https:\/\/vinotecahugo.ro\/wp-content\/uploads\/2020\/04\/logo-vinoteca-hugo-160-120..jpg\",\"contentUrl\":\"https:\/\/vinotecahugo.ro\/wp-content\/uploads\/2020\/04\/logo-vinoteca-hugo-160-120..jpg\",\"width\":160,\"height\":120,\"caption\":\"Vinoteca Hugo\"},\"image\":{\"@id\":\"https:\/\/vinotecahugo.ro\/en\/#\/schema\/logo\/image\/\"},\"sameAs\":[\"https:\/\/www.facebook.com\/VinotecaHugoAlbaIulia\",\"https:\/\/www.instagram.com\/vinoteca_hugo\/\",\"https:\/\/www.youtube.com\/channel\/UCpprt6bjcY4i-6P9WM-466g\"]}]}<\/script>\n<!-- \/ Yoast SEO plugin. -->","yoast_head_json":{"title":"Duchess Of Transylvania 2020 Pivnita SAVU - Vinoteca Hugo","description":"Comand\u0103 online Duchess Of Transylvania 2020 Pivnita SAVU de la Vinoteca Hugo! Vinuri de top pentru momente speciale.","robots":{"index":"index","follow":"follow","max-snippet":"max-snippet:-1","max-image-preview":"max-image-preview:large","max-video-preview":"max-video-preview:-1"},"canonical":"https:\/\/vinotecahugo.ro\/en\/produs\/duchess-of-transylvania-2020-pivnita-savu\/","og_locale":"en_US","og_type":"article","og_title":"Duchess Of Transylvania 2020 Pivnita SAVU - Vinoteca Hugo","og_description":"Comand\u0103 online Duchess Of Transylvania 2020 Pivnita SAVU de la Vinoteca Hugo! Vinuri de top pentru momente speciale.","og_url":"https:\/\/vinotecahugo.ro\/en\/produs\/duchess-of-transylvania-2020-pivnita-savu\/","og_site_name":"Vinoteca Hugo","article_publisher":"https:\/\/www.facebook.com\/VinotecaHugoAlbaIulia","article_modified_time":"2022-02-08T15:44:25+00:00","og_image":[{"width":600,"height":600,"url":"https:\/\/vinotecahugo.ro\/wp-content\/uploads\/2021\/07\/duchess-of-transylvania-Savu.jpg","type":"image\/jpeg"}],"twitter_card":"summary_large_image","twitter_misc":{"Est. reading time":"1 minute"},"schema":{"@context":"https:\/\/schema.org","@graph":[{"@type":"WebPage","@id":"https:\/\/vinotecahugo.ro\/en\/produs\/duchess-of-transylvania-2020-pivnita-savu\/","url":"https:\/\/vinotecahugo.ro\/en\/produs\/duchess-of-transylvania-2020-pivnita-savu\/","name":"Duchess Of Transylvania 2020 Pivnita SAVU - Vinoteca Hugo","isPartOf":{"@id":"https:\/\/vinotecahugo.ro\/en\/#website"},"primaryImageOfPage":{"@id":"https:\/\/vinotecahugo.ro\/en\/produs\/duchess-of-transylvania-2020-pivnita-savu\/#primaryimage"},"image":{"@id":"https:\/\/vinotecahugo.ro\/en\/produs\/duchess-of-transylvania-2020-pivnita-savu\/#primaryimage"},"thumbnailUrl":"https:\/\/vinotecahugo.ro\/wp-content\/uploads\/2021\/07\/duchess-of-transylvania-Savu.jpg","datePublished":"2021-07-15T13:31:20+00:00","dateModified":"2022-02-08T15:44:25+00:00","description":"Comand\u0103 online Duchess Of Transylvania 2020 Pivnita SAVU de la Vinoteca Hugo! Vinuri de top pentru momente speciale.","breadcrumb":{"@id":"https:\/\/vinotecahugo.ro\/en\/produs\/duchess-of-transylvania-2020-pivnita-savu\/#breadcrumb"},"inLanguage":"en-US","potentialAction":[{"@type":"ReadAction","target":["https:\/\/vinotecahugo.ro\/en\/produs\/duchess-of-transylvania-2020-pivnita-savu\/"]}]},{"@type":"ImageObject","inLanguage":"en-US","@id":"https:\/\/vinotecahugo.ro\/en\/produs\/duchess-of-transylvania-2020-pivnita-savu\/#primaryimage","url":"https:\/\/vinotecahugo.ro\/wp-content\/uploads\/2021\/07\/duchess-of-transylvania-Savu.jpg","contentUrl":"https:\/\/vinotecahugo.ro\/wp-content\/uploads\/2021\/07\/duchess-of-transylvania-Savu.jpg","width":600,"height":600},{"@type":"BreadcrumbList","@id":"https:\/\/vinotecahugo.ro\/en\/produs\/duchess-of-transylvania-2020-pivnita-savu\/#breadcrumb","itemListElement":[{"@type":"ListItem","position":1,"name":"Prima pagin\u0103","item":"https:\/\/vinotecahugo.ro\/en\/"},{"@type":"ListItem","position":2,"name":"Magazin","item":"https:\/\/vinotecahugo.ro\/magazin\/"},{"@type":"ListItem","position":3,"name":"Duchess Of Transylvania 2020 Pivnita SAVU"}]},{"@type":"WebSite","@id":"https:\/\/vinotecahugo.ro\/en\/#website","url":"https:\/\/vinotecahugo.ro\/en\/","name":"Vinoteca Hugo","description":"vinotec\u0103 cu o colec\u021bie de peste 5000 de sticle de vin","publisher":{"@id":"https:\/\/vinotecahugo.ro\/en\/#organization"},"potentialAction":[{"@type":"SearchAction","target":{"@type":"EntryPoint","urlTemplate":"https:\/\/vinotecahugo.ro\/en\/?s={search_term_string}"},"query-input":{"@type":"PropertyValueSpecification","valueRequired":true,"valueName":"search_term_string"}}],"inLanguage":"en-US"},{"@type":"Organization","@id":"https:\/\/vinotecahugo.ro\/en\/#organization","name":"Vinoteca Hugo","url":"https:\/\/vinotecahugo.ro\/en\/","logo":{"@type":"ImageObject","inLanguage":"en-US","@id":"https:\/\/vinotecahugo.ro\/en\/#\/schema\/logo\/image\/","url":"https:\/\/vinotecahugo.ro\/wp-content\/uploads\/2020\/04\/logo-vinoteca-hugo-160-120..jpg","contentUrl":"https:\/\/vinotecahugo.ro\/wp-content\/uploads\/2020\/04\/logo-vinoteca-hugo-160-120..jpg","width":160,"height":120,"caption":"Vinoteca Hugo"},"image":{"@id":"https:\/\/vinotecahugo.ro\/en\/#\/schema\/logo\/image\/"},"sameAs":["https:\/\/www.facebook.com\/VinotecaHugoAlbaIulia","https:\/\/www.instagram.com\/vinoteca_hugo\/","https:\/\/www.youtube.com\/channel\/UCpprt6bjcY4i-6P9WM-466g"]}]}},"_links":{"self":[{"href":"https:\/\/vinotecahugo.ro\/en\/wp-json\/wp\/v2\/product\/17294","targetHints":{"allow":["GET"]}}],"collection":[{"href":"https:\/\/vinotecahugo.ro\/en\/wp-json\/wp\/v2\/product"}],"about":[{"href":"https:\/\/vinotecahugo.ro\/en\/wp-json\/wp\/v2\/types\/product"}],"replies":[{"embeddable":true,"href":"https:\/\/vinotecahugo.ro\/en\/wp-json\/wp\/v2\/comments?post=17294"}],"wp:featuredmedia":[{"embeddable":true,"href":"https:\/\/vinotecahugo.ro\/en\/wp-json\/wp\/v2\/media\/17296"}],"wp:attachment":[{"href":"https:\/\/vinotecahugo.ro\/en\/wp-json\/wp\/v2\/media?parent=17294"}],"wp:term":[{"taxonomy":"product_brand","embeddable":true,"href":"https:\/\/vinotecahugo.ro\/en\/wp-json\/wp\/v2\/product_brand?post=17294"},{"taxonomy":"product_cat","embeddable":true,"href":"https:\/\/vinotecahugo.ro\/en\/wp-json\/wp\/v2\/product_cat?post=17294"},{"taxonomy":"product_tag","embeddable":true,"href":"https:\/\/vinotecahugo.ro\/en\/wp-json\/wp\/v2\/product_tag?post=17294"}],"curies":[{"name":"wp","href":"https:\/\/api.w.org\/{rel}","templated":true}]}}