{"id":17214,"date":"2021-06-09T11:57:38","date_gmt":"2021-06-09T08:57:38","guid":{"rendered":"https:\/\/vinotecahugo.ro\/?post_type=product&#038;p=17214"},"modified":"2024-11-08T15:36:23","modified_gmt":"2024-11-08T13:36:23","slug":"villa-vinea-rose-pinot-noir-2020","status":"publish","type":"product","link":"https:\/\/vinotecahugo.ro\/en\/produs\/villa-vinea-rose-pinot-noir-2020\/","title":{"rendered":"Villa Vinea Rose Pinot Noir 2020"},"content":{"rendered":"<div class=\"video-shortcode\"><iframe title=\"Villa Vinea\" width=\"1100\" height=\"619\" src=\"https:\/\/www.youtube.com\/embed\/Pwiyy4fPkLQ?feature=oembed\" frameborder=\"0\" allow=\"accelerometer; autoplay; encrypted-media; gyroscope; picture-in-picture\" allowfullscreen><\/iframe><\/div>\n<p><strong>Villa Vinea Rose Pinot Noir 2020<\/strong><\/p>\n<p>Situat\u0103 \u00een localitatea Mica, la 15 km de T\u00e2rn\u0103veni, crama Villa Vin\u00e8a cultiv\u0103 70 de hectare de vie, plantat\u0103 cu 12 soiuri locale \u0219i interna\u021bionale, printre care Feteasc\u0103 Regal\u0103, Feteasc\u0103 Alb\u0103, Gew\u00fcrztraminer sau Kerner. Terroirul impresionant, metodele de produc\u021bie \u0219i pasiunea, fac ca vinurile de pe T\u00e2rn\u0103ve de la Villa Vin\u00e8a s\u0103 fie extrem de apreciate pentru calitatea, savoarea \u0219i mineralitatea lor.<\/p>\n<p>Povestea Villa Vinea a \u00eenceput \u00een 2004, c\u00e2nd Heiner Oberrauch a descoperit \u00een mijlocul Transilvaniei, \u00een apropierea orasului T\u00eergu-Mure\u0219, un loc frumos \u0219i promi\u021b\u0103tor pentru vinuri de calitate.<\/p>\n<p>Zona este nu doar frumoas\u0103 dar \u0219i unic\u0103 pentru podgorii, ca \u0219i condi\u021bii climatice \u0219i geologice. Pantele de expunere sud-vestic\u0103 cu \u00een\u0103l\u021bimi de peste 300 de metri ofer\u0103 vi\u021bei lumin\u0103 \u0219i protec\u021bie natural\u0103 \u00eempotriva v\u00e2nturilor din prim\u0103var\u0103 \u0219i toamn\u0103, iar solul brun cu straturi alternative de lut, marmur\u0103 impermeabil\u0103, gresie \u0219i nisip, p\u0103streaz\u0103 c\u0103ldura \u0219i umiditatea. Pe T\u00e2rnave zilele de cea\u021b\u0103 care \u00eencep la sf\u00e2r\u0219itul verii \u0219i continu\u0103 p\u00e2n\u0103 \u00een septembrie \u0219i octombrie, contribuie la o maturizare lent\u0103 a strugurilor, sporindu-le aromele \u0219i aciditatea.<\/p>\n<p>Acest melanj de experien\u021be local \/ interna\u021bional a caracterizat \u0219i colaborarea celor doi viticultori \u2013 Celestino Lucin, declarat oenolog al anului 2009 \u00een Italia de celebra revist\u0103 Gambero Rosso \u2013 \u0219i Denes Mihaly, n\u0103scut \u0219i dedicat profesional podgoriilor de pe T\u00e2rnave; cei doi, \u00eempreun\u0103, au reu\u0219it \u00een ultimii ani, dup\u0103 un efort de un deceniu, s\u0103 realizeze c\u00e2teva serii de vinuri memorabile \u0219i reprezentative pentru aceasta zon\u0103.<\/p>\n<div class=\"lbDescription\">\n<p>Mai multe informatii despre acest producator gasiti <a href=\"https:\/\/villavinea.com\/\">AICI<\/a>.<\/p>\n<\/div>\n<p>Pentru programul de degustari si oferte personalizate te invitam sa devii membrul clubului Vinoteca Hugo. Pentru mai multe informatii fa click <a href=\"https:\/\/vinotecahugo.ro\/evenimente\/\">AICI.<\/a><\/p>\n<p>&nbsp;<\/p>\n","protected":false},"excerpt":{"rendered":"<div class=\"vivino-widget vivino-wine-card-widget\" data-vivino-widget-type=\"wine\" data-vivino-vintage-id=\"164041879\" data-vivino-user-id=\"45766651\" data-vivino-widget-language=\"en\" data-vivino-widget-layout=\"medium\"><a href=\"https:\/\/www.vivino.com\/villa-vinea-76276-rose\/w\/7461928?year=2019\" target=\"_blank\" rel=\"noopener noreferrer\">Villa Vinea Ros\u00e9 2019 on Vivino<\/a><\/div>\n<p>Un roz\u00e9 din Pinot Noir 100%, corpolent \u015fi intens din punct de vedere aromatic, un vin \u201ecu suflet de alb \u015fi corp de ro\u015fu\u201d, care face trimiteri stilistice la un rosado spaniol din regiunea Somontano.<\/p>\n<p>Culoarea vinului este roz pal, cu tent\u0103 discret c\u0103r\u0103mizie, iar nasul, impetuos, aduce un buchet de fructe ro\u015fii de p\u0103dure \u015fi subtile senza\u0163ii de cremene. Are o excelent\u0103 aciditate \u015fi un gust percutant, dominat de citrice am\u0103rui, c\u0103p\u015funi coapte \u015fi note exotice de mango. Postgustul lung, cu mult\u0103 prospe\u0163ime, las\u0103 pl\u0103cute arome de cire\u015fe de mai, ierburi mediteraneene condimentate \u015fi aluzii minerale. Per ansamblu, e un vin \u201ede curs\u0103 lung\u0103\u201d, dar \u015fi un excelent companion al gastronomiei.<\/p>\n<p>&nbsp;<\/p>\n","protected":false},"featured_media":17216,"comment_status":"open","ping_status":"closed","template":"","meta":[],"product_brand":[],"product_cat":[892,893,145],"product_tag":[368,759,581],"class_list":{"0":"post-17214","1":"product","2":"type-product","3":"status-publish","4":"has-post-thumbnail","6":"product_cat-vin-rose","7":"product_cat-vin-rose-sec","8":"product_cat-vinuri-romanesti","9":"product_tag-pinot-noir","10":"product_tag-rose","11":"product_tag-villa-vinea","13":"first","14":"outofstock","15":"taxable","16":"shipping-taxable","17":"purchasable","18":"product-type-simple"},"yoast_head":"<!-- This site is optimized with the Yoast SEO plugin v24.6 - https:\/\/yoast.com\/wordpress\/plugins\/seo\/ -->\n<title>Villa Vinea Rose Pinot Noir 2020 - Vinoteca Hugo<\/title>\n<meta name=\"description\" content=\"Comand\u0103 online Villa Vinea Rose Pinot Noir 2020 de la Vinoteca Hugo! Vinuri de top pentru momente speciale.\" \/>\n<meta name=\"robots\" content=\"index, follow, max-snippet:-1, max-image-preview:large, max-video-preview:-1\" \/>\n<link rel=\"canonical\" href=\"https:\/\/vinotecahugo.ro\/en\/produs\/villa-vinea-rose-pinot-noir-2020\/\" \/>\n<meta property=\"og:locale\" content=\"en_US\" \/>\n<meta property=\"og:type\" content=\"article\" \/>\n<meta property=\"og:title\" content=\"Villa Vinea Rose Pinot Noir 2020 - Vinoteca Hugo\" \/>\n<meta property=\"og:description\" content=\"Comand\u0103 online Villa Vinea Rose Pinot Noir 2020 de la Vinoteca Hugo! Vinuri de top pentru momente speciale.\" \/>\n<meta property=\"og:url\" content=\"https:\/\/vinotecahugo.ro\/en\/produs\/villa-vinea-rose-pinot-noir-2020\/\" \/>\n<meta property=\"og:site_name\" content=\"Vinoteca Hugo\" \/>\n<meta property=\"article:publisher\" content=\"https:\/\/www.facebook.com\/VinotecaHugoAlbaIulia\" \/>\n<meta property=\"article:modified_time\" content=\"2024-11-08T13:36:23+00:00\" \/>\n<meta property=\"og:image\" content=\"https:\/\/vinotecahugo.ro\/wp-content\/uploads\/2021\/06\/villa-vinea-Rose_Premium_SQ.jpg\" \/>\n\t<meta property=\"og:image:width\" content=\"800\" \/>\n\t<meta property=\"og:image:height\" content=\"800\" \/>\n\t<meta property=\"og:image:type\" content=\"image\/jpeg\" \/>\n<meta name=\"twitter:card\" content=\"summary_large_image\" \/>\n<meta name=\"twitter:label1\" content=\"Est. reading time\" \/>\n\t<meta name=\"twitter:data1\" content=\"2 minutes\" \/>\n<script type=\"application\/ld+json\" class=\"yoast-schema-graph\">{\"@context\":\"https:\/\/schema.org\",\"@graph\":[{\"@type\":\"WebPage\",\"@id\":\"https:\/\/vinotecahugo.ro\/en\/produs\/villa-vinea-rose-pinot-noir-2020\/\",\"url\":\"https:\/\/vinotecahugo.ro\/en\/produs\/villa-vinea-rose-pinot-noir-2020\/\",\"name\":\"Villa Vinea Rose Pinot Noir 2020 - Vinoteca Hugo\",\"isPartOf\":{\"@id\":\"https:\/\/vinotecahugo.ro\/en\/#website\"},\"primaryImageOfPage\":{\"@id\":\"https:\/\/vinotecahugo.ro\/en\/produs\/villa-vinea-rose-pinot-noir-2020\/#primaryimage\"},\"image\":{\"@id\":\"https:\/\/vinotecahugo.ro\/en\/produs\/villa-vinea-rose-pinot-noir-2020\/#primaryimage\"},\"thumbnailUrl\":\"https:\/\/vinotecahugo.ro\/wp-content\/uploads\/2021\/06\/villa-vinea-Rose_Premium_SQ.jpg\",\"datePublished\":\"2021-06-09T08:57:38+00:00\",\"dateModified\":\"2024-11-08T13:36:23+00:00\",\"description\":\"Comand\u0103 online Villa Vinea Rose Pinot Noir 2020 de la Vinoteca Hugo! Vinuri de top pentru momente speciale.\",\"breadcrumb\":{\"@id\":\"https:\/\/vinotecahugo.ro\/en\/produs\/villa-vinea-rose-pinot-noir-2020\/#breadcrumb\"},\"inLanguage\":\"en-US\",\"potentialAction\":[{\"@type\":\"ReadAction\",\"target\":[\"https:\/\/vinotecahugo.ro\/en\/produs\/villa-vinea-rose-pinot-noir-2020\/\"]}]},{\"@type\":\"ImageObject\",\"inLanguage\":\"en-US\",\"@id\":\"https:\/\/vinotecahugo.ro\/en\/produs\/villa-vinea-rose-pinot-noir-2020\/#primaryimage\",\"url\":\"https:\/\/vinotecahugo.ro\/wp-content\/uploads\/2021\/06\/villa-vinea-Rose_Premium_SQ.jpg\",\"contentUrl\":\"https:\/\/vinotecahugo.ro\/wp-content\/uploads\/2021\/06\/villa-vinea-Rose_Premium_SQ.jpg\",\"width\":800,\"height\":800},{\"@type\":\"BreadcrumbList\",\"@id\":\"https:\/\/vinotecahugo.ro\/en\/produs\/villa-vinea-rose-pinot-noir-2020\/#breadcrumb\",\"itemListElement\":[{\"@type\":\"ListItem\",\"position\":1,\"name\":\"Prima pagin\u0103\",\"item\":\"https:\/\/vinotecahugo.ro\/en\/\"},{\"@type\":\"ListItem\",\"position\":2,\"name\":\"Magazin\",\"item\":\"https:\/\/vinotecahugo.ro\/magazin\/\"},{\"@type\":\"ListItem\",\"position\":3,\"name\":\"Villa Vinea Rose Pinot Noir 2020\"}]},{\"@type\":\"WebSite\",\"@id\":\"https:\/\/vinotecahugo.ro\/en\/#website\",\"url\":\"https:\/\/vinotecahugo.ro\/en\/\",\"name\":\"Vinoteca Hugo\",\"description\":\"vinotec\u0103 cu o colec\u021bie de peste 5000 de sticle de vin\",\"publisher\":{\"@id\":\"https:\/\/vinotecahugo.ro\/en\/#organization\"},\"potentialAction\":[{\"@type\":\"SearchAction\",\"target\":{\"@type\":\"EntryPoint\",\"urlTemplate\":\"https:\/\/vinotecahugo.ro\/en\/?s={search_term_string}\"},\"query-input\":{\"@type\":\"PropertyValueSpecification\",\"valueRequired\":true,\"valueName\":\"search_term_string\"}}],\"inLanguage\":\"en-US\"},{\"@type\":\"Organization\",\"@id\":\"https:\/\/vinotecahugo.ro\/en\/#organization\",\"name\":\"Vinoteca Hugo\",\"url\":\"https:\/\/vinotecahugo.ro\/en\/\",\"logo\":{\"@type\":\"ImageObject\",\"inLanguage\":\"en-US\",\"@id\":\"https:\/\/vinotecahugo.ro\/en\/#\/schema\/logo\/image\/\",\"url\":\"https:\/\/vinotecahugo.ro\/wp-content\/uploads\/2020\/04\/logo-vinoteca-hugo-160-120..jpg\",\"contentUrl\":\"https:\/\/vinotecahugo.ro\/wp-content\/uploads\/2020\/04\/logo-vinoteca-hugo-160-120..jpg\",\"width\":160,\"height\":120,\"caption\":\"Vinoteca Hugo\"},\"image\":{\"@id\":\"https:\/\/vinotecahugo.ro\/en\/#\/schema\/logo\/image\/\"},\"sameAs\":[\"https:\/\/www.facebook.com\/VinotecaHugoAlbaIulia\",\"https:\/\/www.instagram.com\/vinoteca_hugo\/\",\"https:\/\/www.youtube.com\/channel\/UCpprt6bjcY4i-6P9WM-466g\"]}]}<\/script>\n<!-- \/ Yoast SEO plugin. -->","yoast_head_json":{"title":"Villa Vinea Rose Pinot Noir 2020 - Vinoteca Hugo","description":"Comand\u0103 online Villa Vinea Rose Pinot Noir 2020 de la Vinoteca Hugo! Vinuri de top pentru momente speciale.","robots":{"index":"index","follow":"follow","max-snippet":"max-snippet:-1","max-image-preview":"max-image-preview:large","max-video-preview":"max-video-preview:-1"},"canonical":"https:\/\/vinotecahugo.ro\/en\/produs\/villa-vinea-rose-pinot-noir-2020\/","og_locale":"en_US","og_type":"article","og_title":"Villa Vinea Rose Pinot Noir 2020 - Vinoteca Hugo","og_description":"Comand\u0103 online Villa Vinea Rose Pinot Noir 2020 de la Vinoteca Hugo! Vinuri de top pentru momente speciale.","og_url":"https:\/\/vinotecahugo.ro\/en\/produs\/villa-vinea-rose-pinot-noir-2020\/","og_site_name":"Vinoteca Hugo","article_publisher":"https:\/\/www.facebook.com\/VinotecaHugoAlbaIulia","article_modified_time":"2024-11-08T13:36:23+00:00","og_image":[{"width":800,"height":800,"url":"https:\/\/vinotecahugo.ro\/wp-content\/uploads\/2021\/06\/villa-vinea-Rose_Premium_SQ.jpg","type":"image\/jpeg"}],"twitter_card":"summary_large_image","twitter_misc":{"Est. reading time":"2 minutes"},"schema":{"@context":"https:\/\/schema.org","@graph":[{"@type":"WebPage","@id":"https:\/\/vinotecahugo.ro\/en\/produs\/villa-vinea-rose-pinot-noir-2020\/","url":"https:\/\/vinotecahugo.ro\/en\/produs\/villa-vinea-rose-pinot-noir-2020\/","name":"Villa Vinea Rose Pinot Noir 2020 - Vinoteca Hugo","isPartOf":{"@id":"https:\/\/vinotecahugo.ro\/en\/#website"},"primaryImageOfPage":{"@id":"https:\/\/vinotecahugo.ro\/en\/produs\/villa-vinea-rose-pinot-noir-2020\/#primaryimage"},"image":{"@id":"https:\/\/vinotecahugo.ro\/en\/produs\/villa-vinea-rose-pinot-noir-2020\/#primaryimage"},"thumbnailUrl":"https:\/\/vinotecahugo.ro\/wp-content\/uploads\/2021\/06\/villa-vinea-Rose_Premium_SQ.jpg","datePublished":"2021-06-09T08:57:38+00:00","dateModified":"2024-11-08T13:36:23+00:00","description":"Comand\u0103 online Villa Vinea Rose Pinot Noir 2020 de la Vinoteca Hugo! Vinuri de top pentru momente speciale.","breadcrumb":{"@id":"https:\/\/vinotecahugo.ro\/en\/produs\/villa-vinea-rose-pinot-noir-2020\/#breadcrumb"},"inLanguage":"en-US","potentialAction":[{"@type":"ReadAction","target":["https:\/\/vinotecahugo.ro\/en\/produs\/villa-vinea-rose-pinot-noir-2020\/"]}]},{"@type":"ImageObject","inLanguage":"en-US","@id":"https:\/\/vinotecahugo.ro\/en\/produs\/villa-vinea-rose-pinot-noir-2020\/#primaryimage","url":"https:\/\/vinotecahugo.ro\/wp-content\/uploads\/2021\/06\/villa-vinea-Rose_Premium_SQ.jpg","contentUrl":"https:\/\/vinotecahugo.ro\/wp-content\/uploads\/2021\/06\/villa-vinea-Rose_Premium_SQ.jpg","width":800,"height":800},{"@type":"BreadcrumbList","@id":"https:\/\/vinotecahugo.ro\/en\/produs\/villa-vinea-rose-pinot-noir-2020\/#breadcrumb","itemListElement":[{"@type":"ListItem","position":1,"name":"Prima pagin\u0103","item":"https:\/\/vinotecahugo.ro\/en\/"},{"@type":"ListItem","position":2,"name":"Magazin","item":"https:\/\/vinotecahugo.ro\/magazin\/"},{"@type":"ListItem","position":3,"name":"Villa Vinea Rose Pinot Noir 2020"}]},{"@type":"WebSite","@id":"https:\/\/vinotecahugo.ro\/en\/#website","url":"https:\/\/vinotecahugo.ro\/en\/","name":"Vinoteca Hugo","description":"vinotec\u0103 cu o colec\u021bie de peste 5000 de sticle de vin","publisher":{"@id":"https:\/\/vinotecahugo.ro\/en\/#organization"},"potentialAction":[{"@type":"SearchAction","target":{"@type":"EntryPoint","urlTemplate":"https:\/\/vinotecahugo.ro\/en\/?s={search_term_string}"},"query-input":{"@type":"PropertyValueSpecification","valueRequired":true,"valueName":"search_term_string"}}],"inLanguage":"en-US"},{"@type":"Organization","@id":"https:\/\/vinotecahugo.ro\/en\/#organization","name":"Vinoteca Hugo","url":"https:\/\/vinotecahugo.ro\/en\/","logo":{"@type":"ImageObject","inLanguage":"en-US","@id":"https:\/\/vinotecahugo.ro\/en\/#\/schema\/logo\/image\/","url":"https:\/\/vinotecahugo.ro\/wp-content\/uploads\/2020\/04\/logo-vinoteca-hugo-160-120..jpg","contentUrl":"https:\/\/vinotecahugo.ro\/wp-content\/uploads\/2020\/04\/logo-vinoteca-hugo-160-120..jpg","width":160,"height":120,"caption":"Vinoteca Hugo"},"image":{"@id":"https:\/\/vinotecahugo.ro\/en\/#\/schema\/logo\/image\/"},"sameAs":["https:\/\/www.facebook.com\/VinotecaHugoAlbaIulia","https:\/\/www.instagram.com\/vinoteca_hugo\/","https:\/\/www.youtube.com\/channel\/UCpprt6bjcY4i-6P9WM-466g"]}]}},"_links":{"self":[{"href":"https:\/\/vinotecahugo.ro\/en\/wp-json\/wp\/v2\/product\/17214","targetHints":{"allow":["GET"]}}],"collection":[{"href":"https:\/\/vinotecahugo.ro\/en\/wp-json\/wp\/v2\/product"}],"about":[{"href":"https:\/\/vinotecahugo.ro\/en\/wp-json\/wp\/v2\/types\/product"}],"replies":[{"embeddable":true,"href":"https:\/\/vinotecahugo.ro\/en\/wp-json\/wp\/v2\/comments?post=17214"}],"wp:featuredmedia":[{"embeddable":true,"href":"https:\/\/vinotecahugo.ro\/en\/wp-json\/wp\/v2\/media\/17216"}],"wp:attachment":[{"href":"https:\/\/vinotecahugo.ro\/en\/wp-json\/wp\/v2\/media?parent=17214"}],"wp:term":[{"taxonomy":"product_brand","embeddable":true,"href":"https:\/\/vinotecahugo.ro\/en\/wp-json\/wp\/v2\/product_brand?post=17214"},{"taxonomy":"product_cat","embeddable":true,"href":"https:\/\/vinotecahugo.ro\/en\/wp-json\/wp\/v2\/product_cat?post=17214"},{"taxonomy":"product_tag","embeddable":true,"href":"https:\/\/vinotecahugo.ro\/en\/wp-json\/wp\/v2\/product_tag?post=17214"}],"curies":[{"name":"wp","href":"https:\/\/api.w.org\/{rel}","templated":true}]}}