{"id":17177,"date":"2021-05-27T14:44:04","date_gmt":"2021-05-27T11:44:04","guid":{"rendered":"https:\/\/vinotecahugo.ro\/?post_type=product&#038;p=17177"},"modified":"2024-12-11T14:30:17","modified_gmt":"2024-12-11T12:30:17","slug":"minima-moralia-daruire-vinoteca-2010-domeniul-coroanei-segarcea","status":"publish","type":"product","link":"https:\/\/vinotecahugo.ro\/en\/produs\/minima-moralia-daruire-vinoteca-2010-domeniul-coroanei-segarcea\/","title":{"rendered":"Minima Moralia Daruire Vinoteca 2010 Domeniul Coroanei Segarcea"},"content":{"rendered":"<p><strong>Minima Moralia Daruire Vinoteca 2010 Domeniul Coroanei Segarcea<\/strong><\/p>\n<div class=\"lbDescription\">\n<div class=\"video-shortcode\"><iframe title=\"Minima Moralia\u2014The brand story\" width=\"1100\" height=\"619\" src=\"https:\/\/www.youtube.com\/embed\/CofMyC90W3M?feature=oembed\" frameborder=\"0\" allow=\"accelerometer; autoplay; encrypted-media; gyroscope; picture-in-picture\" allowfullscreen><\/iframe><\/div>\n<p>Minima Moralia poate fi o defini\u021bie a valorilor umanit\u0103\u021bii noastre, iar un vin care se nume\u0219te Minima Moralia nu poate s\u0103 accepte jum\u0103t\u0103\u021bi de m\u0103sur\u0103, ci doar s\u0103 caute simplitatea perfec\u021biunii.<\/p>\n<p>Minima Moralia este numele setului de valori pe care s-a construit umanitatea: piloni stabili, ancora\u021bi puternic, dar \u00eenal\u021bi c\u00e2t universul. \u0218i de ce ar vrea cineva s\u0103 mediteze la principii de via\u021b\u0103 \u00een timp ce savureaz\u0103 un pahar cu vin? Pentru c\u0103 leg\u0103tura \u00eentre valori \u0219i vin este etern\u0103, iar vinul \u0219i moralitatea par s\u0103 aib\u0103 r\u0103d\u0103cini comune.<\/p>\n<p>ONOARE, RESPECT, D\u0102RUIRE, SPERAN\u021a\u0102, RECUNO\u0218TIN\u021a\u0102, SINCERITATE sunt numele unor cupaje speciale, baricate \u0219i mature, a\u0219a cum numai maturitatea \u0219tie s\u0103 \u0219lefuiasc\u0103 un caracter. Medit\u00e2nd la umanitate \u0219i bucur\u00e2ndu-te de compania acestor caractere rafinate ai putea s\u0103 crezi c\u0103, natura \u0219i natura uman\u0103, nu sunt at\u00e2t de diferite p\u00e2n\u0103 la urm\u0103\u2026<\/p>\n<p>Mai multe informatii despre acest producator gasiti <a href=\"https:\/\/domeniulcoroanei.com\/\">AICI<\/a>.<\/p>\n<\/div>\n<p>Pentru programul de degustari si oferte personalizate te invitam sa devii membrul clubului Vinoteca Hugo. Pentru mai multe informatii fa click <a href=\"https:\/\/vinotecahugo.ro\/evenimente\/\">AICI.<\/a><\/p>\n<p>&nbsp;<\/p>\n","protected":false},"excerpt":{"rendered":"<div class=\"vivino-widget vivino-wine-card-widget\" data-vivino-widget-type=\"wine\" data-vivino-vintage-id=\"4918045\" data-vivino-user-id=\"45766651\" data-vivino-widget-language=\"en\" data-vivino-widget-layout=\"medium\"><a href=\"https:\/\/www.vivino.com\/minima-moralia-daruire-devotion\/w\/2175368\" target=\"_blank\" rel=\"noopener noreferrer\">Minima Moralia D\u0103ruire (Devotion) on Vivino<\/a><\/div>\n<p>La prima vedere, este un vin care debuteaz\u0103 timid, cu tonuri \u00eenchise, de smochine uscate \u015fi lemn, p\u0103m\u00e2nt reav\u0103n \u015fi \u00eentunecimi de cerneal\u0103. Imediat \u00eens\u0103, \u00ee\u015fi descoper\u0103 rapid \u015fi nuan\u0163ele de gemuri \u015fi fructe proaspete, dublate de un spectru de arome mai pu\u0163in sesizabile care contribuie la completarea \u00eentregului: tabac, piele fin\u0103, piperuri \u0219i condimente, un strop de vanilie \u015fi o aluzie imperceptibil\u0103 la fructe exotice. Gustul p cu taninurile bine dozate \u015fi perfect integrate d\u00e2nd greutate \u015fi balans \u00een fa\u0163a unei acidit\u0103\u0163i bune, care mai reduce un pic din tonurile foarte sobre ale vinului. Este necesar\u0103 decantarea cu aerare a vinului\u00a0 minim o or\u0103 \u00eenainte de servire.<\/p>\n<p>Strugurii s-au cules mecanizat. Pentru Cabernet Sauvignon \u0219i Marselan s-a folosit o macerare \u2013 fermentare clasica, in vinificatoare cu piston. iar pentru Syrah s-a ales macerarea carbonic\u0103, cu struguri nedesciorchina\u021bi. Maturarea s-a f\u0103cut la butoaie de prima \u0219i a douatrecere, de stejar francez \u0219i american, pentru perioade cuprinse \u00eentre 6 \u0219i 12<br \/>\nluni.<\/p>\n<p>&nbsp;<\/p>\n","protected":false},"featured_media":17179,"comment_status":"open","ping_status":"closed","template":"","meta":[],"product_brand":[],"product_cat":[887,888,145],"product_tag":[713,346],"class_list":{"0":"post-17177","1":"product","2":"type-product","3":"status-publish","4":"has-post-thumbnail","6":"product_cat-vin-rosu","7":"product_cat-vin-rosu-sec","8":"product_cat-vinuri-romanesti","9":"product_tag-domeniul-coroanei-segarcea","10":"product_tag-vin-rosu","12":"first","13":"outofstock","14":"taxable","15":"shipping-taxable","16":"purchasable","17":"product-type-simple"},"yoast_head":"<!-- This site is optimized with the Yoast SEO plugin v24.6 - https:\/\/yoast.com\/wordpress\/plugins\/seo\/ -->\n<title>Minima Moralia Daruire Vinoteca 2010 Domeniul Coroanei Segarcea - Vinoteca Hugo<\/title>\n<meta name=\"description\" content=\"Comand\u0103 online Minima Moralia Daruire Vinoteca 2010 Domeniul Coroanei Segarcea de la Vinoteca Hugo! Vinuri de top pentru momente speciale.\" \/>\n<meta name=\"robots\" content=\"index, follow, max-snippet:-1, max-image-preview:large, max-video-preview:-1\" \/>\n<link rel=\"canonical\" href=\"https:\/\/vinotecahugo.ro\/en\/produs\/minima-moralia-daruire-vinoteca-2010-domeniul-coroanei-segarcea\/\" \/>\n<meta property=\"og:locale\" content=\"en_US\" \/>\n<meta property=\"og:type\" content=\"article\" \/>\n<meta property=\"og:title\" content=\"Minima Moralia Daruire Vinoteca 2010 Domeniul Coroanei Segarcea - Vinoteca Hugo\" \/>\n<meta property=\"og:description\" content=\"Comand\u0103 online Minima Moralia Daruire Vinoteca 2010 Domeniul Coroanei Segarcea de la Vinoteca Hugo! Vinuri de top pentru momente speciale.\" \/>\n<meta property=\"og:url\" content=\"https:\/\/vinotecahugo.ro\/en\/produs\/minima-moralia-daruire-vinoteca-2010-domeniul-coroanei-segarcea\/\" \/>\n<meta property=\"og:site_name\" content=\"Vinoteca Hugo\" \/>\n<meta property=\"article:publisher\" content=\"https:\/\/www.facebook.com\/VinotecaHugoAlbaIulia\" \/>\n<meta property=\"article:modified_time\" content=\"2024-12-11T12:30:17+00:00\" \/>\n<meta property=\"og:image\" content=\"https:\/\/vinotecahugo.ro\/wp-content\/uploads\/2021\/05\/Daruire.jpg\" \/>\n\t<meta property=\"og:image:width\" content=\"600\" \/>\n\t<meta property=\"og:image:height\" content=\"600\" \/>\n\t<meta property=\"og:image:type\" content=\"image\/jpeg\" \/>\n<meta name=\"twitter:card\" content=\"summary_large_image\" \/>\n<meta name=\"twitter:label1\" content=\"Est. reading time\" \/>\n\t<meta name=\"twitter:data1\" content=\"1 minute\" \/>\n<script type=\"application\/ld+json\" class=\"yoast-schema-graph\">{\"@context\":\"https:\/\/schema.org\",\"@graph\":[{\"@type\":\"WebPage\",\"@id\":\"https:\/\/vinotecahugo.ro\/en\/produs\/minima-moralia-daruire-vinoteca-2010-domeniul-coroanei-segarcea\/\",\"url\":\"https:\/\/vinotecahugo.ro\/en\/produs\/minima-moralia-daruire-vinoteca-2010-domeniul-coroanei-segarcea\/\",\"name\":\"Minima Moralia Daruire Vinoteca 2010 Domeniul Coroanei Segarcea - Vinoteca Hugo\",\"isPartOf\":{\"@id\":\"https:\/\/vinotecahugo.ro\/en\/#website\"},\"primaryImageOfPage\":{\"@id\":\"https:\/\/vinotecahugo.ro\/en\/produs\/minima-moralia-daruire-vinoteca-2010-domeniul-coroanei-segarcea\/#primaryimage\"},\"image\":{\"@id\":\"https:\/\/vinotecahugo.ro\/en\/produs\/minima-moralia-daruire-vinoteca-2010-domeniul-coroanei-segarcea\/#primaryimage\"},\"thumbnailUrl\":\"https:\/\/vinotecahugo.ro\/wp-content\/uploads\/2021\/05\/Daruire.jpg\",\"datePublished\":\"2021-05-27T11:44:04+00:00\",\"dateModified\":\"2024-12-11T12:30:17+00:00\",\"description\":\"Comand\u0103 online Minima Moralia Daruire Vinoteca 2010 Domeniul Coroanei Segarcea de la Vinoteca Hugo! Vinuri de top pentru momente speciale.\",\"breadcrumb\":{\"@id\":\"https:\/\/vinotecahugo.ro\/en\/produs\/minima-moralia-daruire-vinoteca-2010-domeniul-coroanei-segarcea\/#breadcrumb\"},\"inLanguage\":\"en-US\",\"potentialAction\":[{\"@type\":\"ReadAction\",\"target\":[\"https:\/\/vinotecahugo.ro\/en\/produs\/minima-moralia-daruire-vinoteca-2010-domeniul-coroanei-segarcea\/\"]}]},{\"@type\":\"ImageObject\",\"inLanguage\":\"en-US\",\"@id\":\"https:\/\/vinotecahugo.ro\/en\/produs\/minima-moralia-daruire-vinoteca-2010-domeniul-coroanei-segarcea\/#primaryimage\",\"url\":\"https:\/\/vinotecahugo.ro\/wp-content\/uploads\/2021\/05\/Daruire.jpg\",\"contentUrl\":\"https:\/\/vinotecahugo.ro\/wp-content\/uploads\/2021\/05\/Daruire.jpg\",\"width\":600,\"height\":600},{\"@type\":\"BreadcrumbList\",\"@id\":\"https:\/\/vinotecahugo.ro\/en\/produs\/minima-moralia-daruire-vinoteca-2010-domeniul-coroanei-segarcea\/#breadcrumb\",\"itemListElement\":[{\"@type\":\"ListItem\",\"position\":1,\"name\":\"Prima pagin\u0103\",\"item\":\"https:\/\/vinotecahugo.ro\/en\/\"},{\"@type\":\"ListItem\",\"position\":2,\"name\":\"Magazin\",\"item\":\"https:\/\/vinotecahugo.ro\/magazin\/\"},{\"@type\":\"ListItem\",\"position\":3,\"name\":\"Minima Moralia Daruire Vinoteca 2010 Domeniul Coroanei Segarcea\"}]},{\"@type\":\"WebSite\",\"@id\":\"https:\/\/vinotecahugo.ro\/en\/#website\",\"url\":\"https:\/\/vinotecahugo.ro\/en\/\",\"name\":\"Vinoteca Hugo\",\"description\":\"vinotec\u0103 cu o colec\u021bie de peste 5000 de sticle de vin\",\"publisher\":{\"@id\":\"https:\/\/vinotecahugo.ro\/en\/#organization\"},\"potentialAction\":[{\"@type\":\"SearchAction\",\"target\":{\"@type\":\"EntryPoint\",\"urlTemplate\":\"https:\/\/vinotecahugo.ro\/en\/?s={search_term_string}\"},\"query-input\":{\"@type\":\"PropertyValueSpecification\",\"valueRequired\":true,\"valueName\":\"search_term_string\"}}],\"inLanguage\":\"en-US\"},{\"@type\":\"Organization\",\"@id\":\"https:\/\/vinotecahugo.ro\/en\/#organization\",\"name\":\"Vinoteca Hugo\",\"url\":\"https:\/\/vinotecahugo.ro\/en\/\",\"logo\":{\"@type\":\"ImageObject\",\"inLanguage\":\"en-US\",\"@id\":\"https:\/\/vinotecahugo.ro\/en\/#\/schema\/logo\/image\/\",\"url\":\"https:\/\/vinotecahugo.ro\/wp-content\/uploads\/2020\/04\/logo-vinoteca-hugo-160-120..jpg\",\"contentUrl\":\"https:\/\/vinotecahugo.ro\/wp-content\/uploads\/2020\/04\/logo-vinoteca-hugo-160-120..jpg\",\"width\":160,\"height\":120,\"caption\":\"Vinoteca Hugo\"},\"image\":{\"@id\":\"https:\/\/vinotecahugo.ro\/en\/#\/schema\/logo\/image\/\"},\"sameAs\":[\"https:\/\/www.facebook.com\/VinotecaHugoAlbaIulia\",\"https:\/\/www.instagram.com\/vinoteca_hugo\/\",\"https:\/\/www.youtube.com\/channel\/UCpprt6bjcY4i-6P9WM-466g\"]}]}<\/script>\n<!-- \/ Yoast SEO plugin. -->","yoast_head_json":{"title":"Minima Moralia Daruire Vinoteca 2010 Domeniul Coroanei Segarcea - Vinoteca Hugo","description":"Comand\u0103 online Minima Moralia Daruire Vinoteca 2010 Domeniul Coroanei Segarcea de la Vinoteca Hugo! Vinuri de top pentru momente speciale.","robots":{"index":"index","follow":"follow","max-snippet":"max-snippet:-1","max-image-preview":"max-image-preview:large","max-video-preview":"max-video-preview:-1"},"canonical":"https:\/\/vinotecahugo.ro\/en\/produs\/minima-moralia-daruire-vinoteca-2010-domeniul-coroanei-segarcea\/","og_locale":"en_US","og_type":"article","og_title":"Minima Moralia Daruire Vinoteca 2010 Domeniul Coroanei Segarcea - Vinoteca Hugo","og_description":"Comand\u0103 online Minima Moralia Daruire Vinoteca 2010 Domeniul Coroanei Segarcea de la Vinoteca Hugo! Vinuri de top pentru momente speciale.","og_url":"https:\/\/vinotecahugo.ro\/en\/produs\/minima-moralia-daruire-vinoteca-2010-domeniul-coroanei-segarcea\/","og_site_name":"Vinoteca Hugo","article_publisher":"https:\/\/www.facebook.com\/VinotecaHugoAlbaIulia","article_modified_time":"2024-12-11T12:30:17+00:00","og_image":[{"width":600,"height":600,"url":"https:\/\/vinotecahugo.ro\/wp-content\/uploads\/2021\/05\/Daruire.jpg","type":"image\/jpeg"}],"twitter_card":"summary_large_image","twitter_misc":{"Est. reading time":"1 minute"},"schema":{"@context":"https:\/\/schema.org","@graph":[{"@type":"WebPage","@id":"https:\/\/vinotecahugo.ro\/en\/produs\/minima-moralia-daruire-vinoteca-2010-domeniul-coroanei-segarcea\/","url":"https:\/\/vinotecahugo.ro\/en\/produs\/minima-moralia-daruire-vinoteca-2010-domeniul-coroanei-segarcea\/","name":"Minima Moralia Daruire Vinoteca 2010 Domeniul Coroanei Segarcea - Vinoteca Hugo","isPartOf":{"@id":"https:\/\/vinotecahugo.ro\/en\/#website"},"primaryImageOfPage":{"@id":"https:\/\/vinotecahugo.ro\/en\/produs\/minima-moralia-daruire-vinoteca-2010-domeniul-coroanei-segarcea\/#primaryimage"},"image":{"@id":"https:\/\/vinotecahugo.ro\/en\/produs\/minima-moralia-daruire-vinoteca-2010-domeniul-coroanei-segarcea\/#primaryimage"},"thumbnailUrl":"https:\/\/vinotecahugo.ro\/wp-content\/uploads\/2021\/05\/Daruire.jpg","datePublished":"2021-05-27T11:44:04+00:00","dateModified":"2024-12-11T12:30:17+00:00","description":"Comand\u0103 online Minima Moralia Daruire Vinoteca 2010 Domeniul Coroanei Segarcea de la Vinoteca Hugo! Vinuri de top pentru momente speciale.","breadcrumb":{"@id":"https:\/\/vinotecahugo.ro\/en\/produs\/minima-moralia-daruire-vinoteca-2010-domeniul-coroanei-segarcea\/#breadcrumb"},"inLanguage":"en-US","potentialAction":[{"@type":"ReadAction","target":["https:\/\/vinotecahugo.ro\/en\/produs\/minima-moralia-daruire-vinoteca-2010-domeniul-coroanei-segarcea\/"]}]},{"@type":"ImageObject","inLanguage":"en-US","@id":"https:\/\/vinotecahugo.ro\/en\/produs\/minima-moralia-daruire-vinoteca-2010-domeniul-coroanei-segarcea\/#primaryimage","url":"https:\/\/vinotecahugo.ro\/wp-content\/uploads\/2021\/05\/Daruire.jpg","contentUrl":"https:\/\/vinotecahugo.ro\/wp-content\/uploads\/2021\/05\/Daruire.jpg","width":600,"height":600},{"@type":"BreadcrumbList","@id":"https:\/\/vinotecahugo.ro\/en\/produs\/minima-moralia-daruire-vinoteca-2010-domeniul-coroanei-segarcea\/#breadcrumb","itemListElement":[{"@type":"ListItem","position":1,"name":"Prima pagin\u0103","item":"https:\/\/vinotecahugo.ro\/en\/"},{"@type":"ListItem","position":2,"name":"Magazin","item":"https:\/\/vinotecahugo.ro\/magazin\/"},{"@type":"ListItem","position":3,"name":"Minima Moralia Daruire Vinoteca 2010 Domeniul Coroanei Segarcea"}]},{"@type":"WebSite","@id":"https:\/\/vinotecahugo.ro\/en\/#website","url":"https:\/\/vinotecahugo.ro\/en\/","name":"Vinoteca Hugo","description":"vinotec\u0103 cu o colec\u021bie de peste 5000 de sticle de vin","publisher":{"@id":"https:\/\/vinotecahugo.ro\/en\/#organization"},"potentialAction":[{"@type":"SearchAction","target":{"@type":"EntryPoint","urlTemplate":"https:\/\/vinotecahugo.ro\/en\/?s={search_term_string}"},"query-input":{"@type":"PropertyValueSpecification","valueRequired":true,"valueName":"search_term_string"}}],"inLanguage":"en-US"},{"@type":"Organization","@id":"https:\/\/vinotecahugo.ro\/en\/#organization","name":"Vinoteca Hugo","url":"https:\/\/vinotecahugo.ro\/en\/","logo":{"@type":"ImageObject","inLanguage":"en-US","@id":"https:\/\/vinotecahugo.ro\/en\/#\/schema\/logo\/image\/","url":"https:\/\/vinotecahugo.ro\/wp-content\/uploads\/2020\/04\/logo-vinoteca-hugo-160-120..jpg","contentUrl":"https:\/\/vinotecahugo.ro\/wp-content\/uploads\/2020\/04\/logo-vinoteca-hugo-160-120..jpg","width":160,"height":120,"caption":"Vinoteca Hugo"},"image":{"@id":"https:\/\/vinotecahugo.ro\/en\/#\/schema\/logo\/image\/"},"sameAs":["https:\/\/www.facebook.com\/VinotecaHugoAlbaIulia","https:\/\/www.instagram.com\/vinoteca_hugo\/","https:\/\/www.youtube.com\/channel\/UCpprt6bjcY4i-6P9WM-466g"]}]}},"_links":{"self":[{"href":"https:\/\/vinotecahugo.ro\/en\/wp-json\/wp\/v2\/product\/17177","targetHints":{"allow":["GET"]}}],"collection":[{"href":"https:\/\/vinotecahugo.ro\/en\/wp-json\/wp\/v2\/product"}],"about":[{"href":"https:\/\/vinotecahugo.ro\/en\/wp-json\/wp\/v2\/types\/product"}],"replies":[{"embeddable":true,"href":"https:\/\/vinotecahugo.ro\/en\/wp-json\/wp\/v2\/comments?post=17177"}],"wp:featuredmedia":[{"embeddable":true,"href":"https:\/\/vinotecahugo.ro\/en\/wp-json\/wp\/v2\/media\/17179"}],"wp:attachment":[{"href":"https:\/\/vinotecahugo.ro\/en\/wp-json\/wp\/v2\/media?parent=17177"}],"wp:term":[{"taxonomy":"product_brand","embeddable":true,"href":"https:\/\/vinotecahugo.ro\/en\/wp-json\/wp\/v2\/product_brand?post=17177"},{"taxonomy":"product_cat","embeddable":true,"href":"https:\/\/vinotecahugo.ro\/en\/wp-json\/wp\/v2\/product_cat?post=17177"},{"taxonomy":"product_tag","embeddable":true,"href":"https:\/\/vinotecahugo.ro\/en\/wp-json\/wp\/v2\/product_tag?post=17177"}],"curies":[{"name":"wp","href":"https:\/\/api.w.org\/{rel}","templated":true}]}}