{"id":17163,"date":"2021-05-19T16:33:52","date_gmt":"2021-05-19T13:33:52","guid":{"rendered":"https:\/\/vinotecahugo.ro\/?post_type=product&#038;p=17163"},"modified":"2024-09-17T17:11:49","modified_gmt":"2024-09-17T14:11:49","slug":"petro-vaselo-ovas-2018","status":"publish","type":"product","link":"https:\/\/vinotecahugo.ro\/en\/produs\/petro-vaselo-ovas-2018\/","title":{"rendered":"Petro Vaselo OVAS 2018"},"content":{"rendered":"<div class=\"video-shortcode\"><iframe title=\"Petro Vaselo\" width=\"1100\" height=\"619\" src=\"https:\/\/www.youtube.com\/embed\/7u-Kt14uHc0?start=18&#038;feature=oembed\" frameborder=\"0\" allow=\"accelerometer; autoplay; encrypted-media; gyroscope; picture-in-picture\" allowfullscreen><\/iframe><\/div>\n<p><strong>Petro Vaselo OVAS 2018<\/strong><\/p>\n<p>Petro Vaselo OVAS 2018 e<strong>ste un c<\/strong>upaj din\u00a0<b>Cabernet Sauvignon &amp; Merlot. <\/b>Vinul este produs din struguri atent selectionati, cultivati pe o colina domoala cu expunere estica cu sol argilos-mlastinos, la altitudine de 220m deasupra nivelului marii, in regiunea viticola Dealurile Banatului, DOC Recas.<br \/>\nMaturat intre 9 si 18 luni in recipiente din lemn de stejar de diverse dimensiuni si apoi cateva luni in sticla, vinul este opulent, puternic, corpolent, cu arome de coacaze negre, afine, visine, condimente si tanini rotunzi.<\/p>\n<p>Mai multe informatii despre acest producator gasiti <a href=\"https:\/\/petrovaselo.com\/ro\/\">AICI<\/a> .<\/p>\n<p>Pentru programul de degustari si oferte personalizate te invitam sa devii membrul clubului Vinoteca Hugo. Pentru mai multe informatii fa click <a href=\"https:\/\/vinotecahugo.ro\/evenimente\/\">AICI<\/a>.<\/p>\n","protected":false},"excerpt":{"rendered":"<div id=\"tabs_content\" class=\"cm-tabs-content ty-tabs__content clearfix\">\n<div id=\"content_description\" class=\"ty-wysiwyg-content content-description\">\n<div class=\"span8\">\n<div class=\"vivino-widget vivino-wine-card-widget\" data-vivino-widget-type=\"wine\" data-vivino-vintage-id=\"157019654\" data-vivino-user-id=\"45766651\" data-vivino-widget-language=\"en\" data-vivino-widget-layout=\"medium\"><a href=\"https:\/\/www.vivino.com\/petro-vaselo-ovas\/w\/1487136?year=2018\" target=\"_blank\" rel=\"noopener noreferrer\">Petro Vaselo Ovas 2018 on Vivino<\/a><\/div>\n<p>Condi\u0163iile climatice ale anului 2018 au permis ob\u0163inerea unei maturit\u0103\u0163i fenolice \u00eenalte, gra\u0163ie absen\u0163ei presiunii fitosanitare, care au permis recoltarea strugurilor la momentul potrivit. Deshidratarea u\u0219oar\u0103 a conferit rotunjime.<\/p>\n<p>Intens, corpolent, luxuriant si opulent. Interpretarea teritoriala a unui cupaj clasic de Bordeaux ce exprima potentialul nostru prin posibilitatea comparatiei. Arome de coacaze negre, afine si visine, condimente si o structura solida bazata pe tanini usor neimblanziti.<br \/>\nPetro Vaselo \u2013 \u201cThe Soul of our Soil\u201d. Petro Vaselo este o vie biologic certificata unde strugurii, odata ajunsi in pivnita, trec prin doua selectii manuale pentru a indeparta orice manunchi considerat impropriu. De-a lungul procesului de productie vinul este tratat in absenta oricarui contact cu oxigenul; acest lucru permite sa se ajunga la sfarsitul fermentatiei fara a adauga nici un fel de antioxidant. Toate vinurile sunt supuse unei perioade de rafinare dupa procesul de fermentatie. Rafinamentul este manipulat atat in recipiente mici (butoaie de 225 L) cat si in vase de lemn de mare capacitate (pana la 7500 de litri).<\/p>\n<\/div>\n<\/div>\n<div id=\"content_discussion\" class=\"ty-wysiwyg-content content-discussion\"><\/div>\n<div id=\"content_files\" class=\"ty-wysiwyg-content content-files\"><\/div>\n<div id=\"content_tags\" class=\"ty-wysiwyg-content content-tags\"><\/div>\n<div id=\"content_attachments\" class=\"ty-wysiwyg-content content-attachments\"><\/div>\n<\/div>\n","protected":false},"featured_media":14866,"comment_status":"open","ping_status":"closed","template":"","meta":[],"product_brand":[],"product_cat":[887,888,145],"product_tag":[378,367,346],"class_list":{"0":"post-17163","1":"product","2":"type-product","3":"status-publish","4":"has-post-thumbnail","6":"product_cat-vin-rosu","7":"product_cat-vin-rosu-sec","8":"product_cat-vinuri-romanesti","9":"product_tag-ovas","10":"product_tag-petro-vaselo","11":"product_tag-vin-rosu","13":"first","14":"outofstock","15":"taxable","16":"shipping-taxable","17":"purchasable","18":"product-type-simple"},"yoast_head":"<!-- This site is optimized with the Yoast SEO plugin v24.6 - https:\/\/yoast.com\/wordpress\/plugins\/seo\/ -->\n<title>Petro Vaselo OVAS 2018 - Vinoteca Hugo<\/title>\n<meta name=\"description\" content=\"Petro Vaselo OVAS 2015 este un cupaj din\u00a0Cabernet Sauvignon &amp; Merlot. Cumpara vinul preferat la cel mai bun pret la Vinoteca Hugo Petro Vaselo OVAS 2018\" \/>\n<meta name=\"robots\" content=\"index, follow, max-snippet:-1, max-image-preview:large, max-video-preview:-1\" \/>\n<link rel=\"canonical\" href=\"https:\/\/vinotecahugo.ro\/en\/produs\/petro-vaselo-ovas-2018\/\" \/>\n<meta property=\"og:locale\" content=\"en_US\" \/>\n<meta property=\"og:type\" content=\"article\" \/>\n<meta property=\"og:title\" content=\"Petro Vaselo OVAS 2018 - Vinoteca Hugo\" \/>\n<meta property=\"og:description\" content=\"Petro Vaselo OVAS 2015 este un cupaj din\u00a0Cabernet Sauvignon &amp; Merlot. Cumpara vinul preferat la cel mai bun pret la Vinoteca Hugo Petro Vaselo OVAS 2018\" \/>\n<meta property=\"og:url\" content=\"https:\/\/vinotecahugo.ro\/en\/produs\/petro-vaselo-ovas-2018\/\" \/>\n<meta property=\"og:site_name\" content=\"Vinoteca Hugo\" \/>\n<meta property=\"article:publisher\" content=\"https:\/\/www.facebook.com\/VinotecaHugoAlbaIulia\" \/>\n<meta property=\"article:modified_time\" content=\"2024-09-17T14:11:49+00:00\" \/>\n<meta property=\"og:image\" content=\"https:\/\/vinotecahugo.ro\/wp-content\/uploads\/2019\/10\/Petro-VASELO-OVASA.jpg\" \/>\n\t<meta property=\"og:image:width\" content=\"600\" \/>\n\t<meta property=\"og:image:height\" content=\"600\" \/>\n\t<meta property=\"og:image:type\" content=\"image\/jpeg\" \/>\n<meta name=\"twitter:card\" content=\"summary_large_image\" \/>\n<meta name=\"twitter:label1\" content=\"Est. reading time\" \/>\n\t<meta name=\"twitter:data1\" content=\"1 minute\" \/>\n<script type=\"application\/ld+json\" class=\"yoast-schema-graph\">{\"@context\":\"https:\/\/schema.org\",\"@graph\":[{\"@type\":\"WebPage\",\"@id\":\"https:\/\/vinotecahugo.ro\/en\/produs\/petro-vaselo-ovas-2018\/\",\"url\":\"https:\/\/vinotecahugo.ro\/en\/produs\/petro-vaselo-ovas-2018\/\",\"name\":\"Petro Vaselo OVAS 2018 - Vinoteca Hugo\",\"isPartOf\":{\"@id\":\"https:\/\/vinotecahugo.ro\/en\/#website\"},\"primaryImageOfPage\":{\"@id\":\"https:\/\/vinotecahugo.ro\/en\/produs\/petro-vaselo-ovas-2018\/#primaryimage\"},\"image\":{\"@id\":\"https:\/\/vinotecahugo.ro\/en\/produs\/petro-vaselo-ovas-2018\/#primaryimage\"},\"thumbnailUrl\":\"https:\/\/vinotecahugo.ro\/wp-content\/uploads\/2019\/10\/Petro-VASELO-OVASA.jpg\",\"datePublished\":\"2021-05-19T13:33:52+00:00\",\"dateModified\":\"2024-09-17T14:11:49+00:00\",\"description\":\"Petro Vaselo OVAS 2015 este un cupaj din\u00a0Cabernet Sauvignon & Merlot. Cumpara vinul preferat la cel mai bun pret la Vinoteca Hugo Petro Vaselo OVAS 2018\",\"breadcrumb\":{\"@id\":\"https:\/\/vinotecahugo.ro\/en\/produs\/petro-vaselo-ovas-2018\/#breadcrumb\"},\"inLanguage\":\"en-US\",\"potentialAction\":[{\"@type\":\"ReadAction\",\"target\":[\"https:\/\/vinotecahugo.ro\/en\/produs\/petro-vaselo-ovas-2018\/\"]}]},{\"@type\":\"ImageObject\",\"inLanguage\":\"en-US\",\"@id\":\"https:\/\/vinotecahugo.ro\/en\/produs\/petro-vaselo-ovas-2018\/#primaryimage\",\"url\":\"https:\/\/vinotecahugo.ro\/wp-content\/uploads\/2019\/10\/Petro-VASELO-OVASA.jpg\",\"contentUrl\":\"https:\/\/vinotecahugo.ro\/wp-content\/uploads\/2019\/10\/Petro-VASELO-OVASA.jpg\",\"width\":600,\"height\":600,\"caption\":\"PETRO VASELO OVAS\"},{\"@type\":\"BreadcrumbList\",\"@id\":\"https:\/\/vinotecahugo.ro\/en\/produs\/petro-vaselo-ovas-2018\/#breadcrumb\",\"itemListElement\":[{\"@type\":\"ListItem\",\"position\":1,\"name\":\"Prima pagin\u0103\",\"item\":\"https:\/\/vinotecahugo.ro\/en\/\"},{\"@type\":\"ListItem\",\"position\":2,\"name\":\"Magazin\",\"item\":\"https:\/\/vinotecahugo.ro\/magazin\/\"},{\"@type\":\"ListItem\",\"position\":3,\"name\":\"Petro Vaselo OVAS 2018\"}]},{\"@type\":\"WebSite\",\"@id\":\"https:\/\/vinotecahugo.ro\/en\/#website\",\"url\":\"https:\/\/vinotecahugo.ro\/en\/\",\"name\":\"Vinoteca Hugo\",\"description\":\"vinotec\u0103 cu o colec\u021bie de peste 5000 de sticle de vin\",\"publisher\":{\"@id\":\"https:\/\/vinotecahugo.ro\/en\/#organization\"},\"potentialAction\":[{\"@type\":\"SearchAction\",\"target\":{\"@type\":\"EntryPoint\",\"urlTemplate\":\"https:\/\/vinotecahugo.ro\/en\/?s={search_term_string}\"},\"query-input\":{\"@type\":\"PropertyValueSpecification\",\"valueRequired\":true,\"valueName\":\"search_term_string\"}}],\"inLanguage\":\"en-US\"},{\"@type\":\"Organization\",\"@id\":\"https:\/\/vinotecahugo.ro\/en\/#organization\",\"name\":\"Vinoteca Hugo\",\"url\":\"https:\/\/vinotecahugo.ro\/en\/\",\"logo\":{\"@type\":\"ImageObject\",\"inLanguage\":\"en-US\",\"@id\":\"https:\/\/vinotecahugo.ro\/en\/#\/schema\/logo\/image\/\",\"url\":\"https:\/\/vinotecahugo.ro\/wp-content\/uploads\/2020\/04\/logo-vinoteca-hugo-160-120..jpg\",\"contentUrl\":\"https:\/\/vinotecahugo.ro\/wp-content\/uploads\/2020\/04\/logo-vinoteca-hugo-160-120..jpg\",\"width\":160,\"height\":120,\"caption\":\"Vinoteca Hugo\"},\"image\":{\"@id\":\"https:\/\/vinotecahugo.ro\/en\/#\/schema\/logo\/image\/\"},\"sameAs\":[\"https:\/\/www.facebook.com\/VinotecaHugoAlbaIulia\",\"https:\/\/www.instagram.com\/vinoteca_hugo\/\",\"https:\/\/www.youtube.com\/channel\/UCpprt6bjcY4i-6P9WM-466g\"]}]}<\/script>\n<!-- \/ Yoast SEO plugin. -->","yoast_head_json":{"title":"Petro Vaselo OVAS 2018 - Vinoteca Hugo","description":"Petro Vaselo OVAS 2015 este un cupaj din\u00a0Cabernet Sauvignon & Merlot. Cumpara vinul preferat la cel mai bun pret la Vinoteca Hugo Petro Vaselo OVAS 2018","robots":{"index":"index","follow":"follow","max-snippet":"max-snippet:-1","max-image-preview":"max-image-preview:large","max-video-preview":"max-video-preview:-1"},"canonical":"https:\/\/vinotecahugo.ro\/en\/produs\/petro-vaselo-ovas-2018\/","og_locale":"en_US","og_type":"article","og_title":"Petro Vaselo OVAS 2018 - Vinoteca Hugo","og_description":"Petro Vaselo OVAS 2015 este un cupaj din\u00a0Cabernet Sauvignon & Merlot. Cumpara vinul preferat la cel mai bun pret la Vinoteca Hugo Petro Vaselo OVAS 2018","og_url":"https:\/\/vinotecahugo.ro\/en\/produs\/petro-vaselo-ovas-2018\/","og_site_name":"Vinoteca Hugo","article_publisher":"https:\/\/www.facebook.com\/VinotecaHugoAlbaIulia","article_modified_time":"2024-09-17T14:11:49+00:00","og_image":[{"width":600,"height":600,"url":"https:\/\/vinotecahugo.ro\/wp-content\/uploads\/2019\/10\/Petro-VASELO-OVASA.jpg","type":"image\/jpeg"}],"twitter_card":"summary_large_image","twitter_misc":{"Est. reading time":"1 minute"},"schema":{"@context":"https:\/\/schema.org","@graph":[{"@type":"WebPage","@id":"https:\/\/vinotecahugo.ro\/en\/produs\/petro-vaselo-ovas-2018\/","url":"https:\/\/vinotecahugo.ro\/en\/produs\/petro-vaselo-ovas-2018\/","name":"Petro Vaselo OVAS 2018 - Vinoteca Hugo","isPartOf":{"@id":"https:\/\/vinotecahugo.ro\/en\/#website"},"primaryImageOfPage":{"@id":"https:\/\/vinotecahugo.ro\/en\/produs\/petro-vaselo-ovas-2018\/#primaryimage"},"image":{"@id":"https:\/\/vinotecahugo.ro\/en\/produs\/petro-vaselo-ovas-2018\/#primaryimage"},"thumbnailUrl":"https:\/\/vinotecahugo.ro\/wp-content\/uploads\/2019\/10\/Petro-VASELO-OVASA.jpg","datePublished":"2021-05-19T13:33:52+00:00","dateModified":"2024-09-17T14:11:49+00:00","description":"Petro Vaselo OVAS 2015 este un cupaj din\u00a0Cabernet Sauvignon & Merlot. Cumpara vinul preferat la cel mai bun pret la Vinoteca Hugo Petro Vaselo OVAS 2018","breadcrumb":{"@id":"https:\/\/vinotecahugo.ro\/en\/produs\/petro-vaselo-ovas-2018\/#breadcrumb"},"inLanguage":"en-US","potentialAction":[{"@type":"ReadAction","target":["https:\/\/vinotecahugo.ro\/en\/produs\/petro-vaselo-ovas-2018\/"]}]},{"@type":"ImageObject","inLanguage":"en-US","@id":"https:\/\/vinotecahugo.ro\/en\/produs\/petro-vaselo-ovas-2018\/#primaryimage","url":"https:\/\/vinotecahugo.ro\/wp-content\/uploads\/2019\/10\/Petro-VASELO-OVASA.jpg","contentUrl":"https:\/\/vinotecahugo.ro\/wp-content\/uploads\/2019\/10\/Petro-VASELO-OVASA.jpg","width":600,"height":600,"caption":"PETRO VASELO OVAS"},{"@type":"BreadcrumbList","@id":"https:\/\/vinotecahugo.ro\/en\/produs\/petro-vaselo-ovas-2018\/#breadcrumb","itemListElement":[{"@type":"ListItem","position":1,"name":"Prima pagin\u0103","item":"https:\/\/vinotecahugo.ro\/en\/"},{"@type":"ListItem","position":2,"name":"Magazin","item":"https:\/\/vinotecahugo.ro\/magazin\/"},{"@type":"ListItem","position":3,"name":"Petro Vaselo OVAS 2018"}]},{"@type":"WebSite","@id":"https:\/\/vinotecahugo.ro\/en\/#website","url":"https:\/\/vinotecahugo.ro\/en\/","name":"Vinoteca Hugo","description":"vinotec\u0103 cu o colec\u021bie de peste 5000 de sticle de vin","publisher":{"@id":"https:\/\/vinotecahugo.ro\/en\/#organization"},"potentialAction":[{"@type":"SearchAction","target":{"@type":"EntryPoint","urlTemplate":"https:\/\/vinotecahugo.ro\/en\/?s={search_term_string}"},"query-input":{"@type":"PropertyValueSpecification","valueRequired":true,"valueName":"search_term_string"}}],"inLanguage":"en-US"},{"@type":"Organization","@id":"https:\/\/vinotecahugo.ro\/en\/#organization","name":"Vinoteca Hugo","url":"https:\/\/vinotecahugo.ro\/en\/","logo":{"@type":"ImageObject","inLanguage":"en-US","@id":"https:\/\/vinotecahugo.ro\/en\/#\/schema\/logo\/image\/","url":"https:\/\/vinotecahugo.ro\/wp-content\/uploads\/2020\/04\/logo-vinoteca-hugo-160-120..jpg","contentUrl":"https:\/\/vinotecahugo.ro\/wp-content\/uploads\/2020\/04\/logo-vinoteca-hugo-160-120..jpg","width":160,"height":120,"caption":"Vinoteca Hugo"},"image":{"@id":"https:\/\/vinotecahugo.ro\/en\/#\/schema\/logo\/image\/"},"sameAs":["https:\/\/www.facebook.com\/VinotecaHugoAlbaIulia","https:\/\/www.instagram.com\/vinoteca_hugo\/","https:\/\/www.youtube.com\/channel\/UCpprt6bjcY4i-6P9WM-466g"]}]}},"_links":{"self":[{"href":"https:\/\/vinotecahugo.ro\/en\/wp-json\/wp\/v2\/product\/17163","targetHints":{"allow":["GET"]}}],"collection":[{"href":"https:\/\/vinotecahugo.ro\/en\/wp-json\/wp\/v2\/product"}],"about":[{"href":"https:\/\/vinotecahugo.ro\/en\/wp-json\/wp\/v2\/types\/product"}],"replies":[{"embeddable":true,"href":"https:\/\/vinotecahugo.ro\/en\/wp-json\/wp\/v2\/comments?post=17163"}],"wp:featuredmedia":[{"embeddable":true,"href":"https:\/\/vinotecahugo.ro\/en\/wp-json\/wp\/v2\/media\/14866"}],"wp:attachment":[{"href":"https:\/\/vinotecahugo.ro\/en\/wp-json\/wp\/v2\/media?parent=17163"}],"wp:term":[{"taxonomy":"product_brand","embeddable":true,"href":"https:\/\/vinotecahugo.ro\/en\/wp-json\/wp\/v2\/product_brand?post=17163"},{"taxonomy":"product_cat","embeddable":true,"href":"https:\/\/vinotecahugo.ro\/en\/wp-json\/wp\/v2\/product_cat?post=17163"},{"taxonomy":"product_tag","embeddable":true,"href":"https:\/\/vinotecahugo.ro\/en\/wp-json\/wp\/v2\/product_tag?post=17163"}],"curies":[{"name":"wp","href":"https:\/\/api.w.org\/{rel}","templated":true}]}}