{"id":17159,"date":"2021-05-18T17:23:50","date_gmt":"2021-05-18T14:23:50","guid":{"rendered":"https:\/\/vinotecahugo.ro\/?post_type=product&#038;p=17159"},"modified":"2024-11-08T15:37:03","modified_gmt":"2024-11-08T13:37:03","slug":"davino-rezerva-rosu-2013","status":"publish","type":"product","link":"https:\/\/vinotecahugo.ro\/en\/produs\/davino-rezerva-rosu-2013\/","title":{"rendered":"DAVINO Rezerva Rosu 2013"},"content":{"rendered":"<p>DAVINO Rezerva Rosu 2013<\/p>\n<div class=\"video-shortcode\"><iframe title=\"Davino\" width=\"1100\" height=\"619\" src=\"https:\/\/www.youtube.com\/embed\/NCiU6MsIqZk?feature=oembed\" frameborder=\"0\" allow=\"accelerometer; autoplay; clipboard-write; encrypted-media; gyroscope; picture-in-picture\" allowfullscreen><\/iframe><\/div>\n<div class=\"lbDescription\">\n<p>DAVINO consider\u0103 c\u0103 vinul nu se bea, ci se tr\u0103ieste. De aceea, de aproape 20 de ani al\u0103turi de oamenii care au tr\u0103it dintotdeauna pentru vin, am g\u0103sit o modalitate de a ob\u021bine esen\u021ba, vinul DAVINO. 68 Ha \u00een propietate, 18 Ha lucrate \u00een arend\u0103, maxim 200.000 de butelii DAVINO pe an, nu mai mult de 5.000 de kilograme de struguri la hectar, din vie lucrat\u0103 prin dirijarea cre\u015fterii, t\u0103iere \u00een verde \u0219i cizelarea strugurilor. DAVINO produce \u00een special cupaje, dar \u0219i dou\u0103 vinuri din cele mai reprezentative soiuri rom\u00e2ne\u0219ti &#8211; Feteasc\u0103 Alb\u0103 \u0219i Feteasc\u0103 Neagr\u0103, pentru a ar\u0103ta lumii valoarea excep\u0163ional\u0103 \u0219i originalitatea viticulturii rom\u00e2ne\u0219ti.<\/p>\n<p>Materialul didactic folosit at\u00e2t de Catedra de Viticultur\u0103 \u0219i Vinifica\u021bie din cadrul Universita\u021bii de \u0218tiinte Agronomice Bucure\u0219ti c\u00e2t \u0219i de Catedra de Oenologie a Universita\u021bii de \u0218tiinte Agricole \u0219i Medicina Veterinara \u201eIon Ionescu de la Brad\u201d pentru realizarea de lucr\u0103ri \u0219tiintifice, este furnizat de DAVINO, vinurile soi pur fiind considerate reprezentative din punct de vedere al tipicit\u0103\u021bii.<\/p>\n<p>Mai multe informatii despre acest producator gasiti <a href=\"https:\/\/davino.ro\/\">AICI<\/a> .<\/p>\n<\/div>\n<p>Pentru programul de degustari si oferte personalizate te invitam sa devii membrul clubului Vinoteca Hugo. Pentru mai multe informatii fa click <a href=\"https:\/\/vinotecahugo.ro\/evenimente\/\">AICI.<\/a><\/p>\n<p>&nbsp;<\/p>\n<p>&nbsp;<\/p>\n","protected":false},"excerpt":{"rendered":"<div class=\"vivino-widget vivino-wine-card-widget\" data-vivino-widget-type=\"wine\" data-vivino-vintage-id=\"2142260\" data-vivino-user-id=\"45766651\" data-vivino-widget-language=\"en\" data-vivino-widget-layout=\"medium\"><a href=\"https:\/\/www.vivino.com\/davino-reserva\/w\/1515647\" target=\"_blank\" rel=\"noopener noreferrer\">Davino Rezerva on Vivino<\/a><\/div>\n<p>Anul 2013 va r\u0103m\u00e2ne probabil \u00een istoria agriculturii rom\u00e2ne\u0219ti drept un an al produc\u021biilor record. Condi\u021biile acestui an s-au \u00eencadrat \u00een limitele unui an normal, f\u0103r\u0103 geruri excesive, echilibrat \u00een precipita\u021bii, f\u0103r\u0103 temperaturi exagerate \u00een timpul verii. Anul a fost relativ u\u0219or din punctul de vedere al presiunii bolilor, cu mici probleme cauzate de ploile din perioada de p\u00e2rg\u0103. Toamna lung\u0103 \u0219i frumoas\u0103, cu temperaturi de peste 20 grade chiar \u0219i la \u00eenceputul lunii Noiembrie a avantajat maturarea de bun\u0103 calitate.<\/p>\n<p>Davino Rezerva Rosu se produce numai \u00een anii favorabili prin vinificarea separat\u0103 a celor trei soiuri din cupaj. Struguri selecta\u021bi pe banda de triere, flux menajat de prelucrare. Metoda de vinifica\u021bie \u00een ro\u0219u: clasic\u0103 pe bo\u0219tin\u0103, \u00een vase mici de inox la 24-26 \u00b0C Cabernet Sauvignon &#8211; timp de 29 zile, Merlot \u2013 23 \u0219i Feteasca Neagr\u0103 &#8211; 19 zile. Fermenta\u021bie malolactic\u0103 des\u0103v\u00e2r\u0219it\u0103 imediat dup\u0103 cea alcoolic\u0103.<br \/>\nMaturare \u00een baricuri 100% noi de stejar rom\u00e2nesc timp de 12 luni, cu batonaj pe depozit de drojdii fine. Asamblajul este rezultatul selec\u021biei celor mai bune baricuri, procentele de participare al fiecarui soi stabilindu-se dupa 1-2 luni<br \/>\nde tatonare prin microprobe.<\/p>\n<p>Un vin rosu-rubiniu intens cu reflexe purpurii, miros complex, persistent si intens, cu nuante condimentate de piper verde, cafea si piele tabacita, fructe rosii de padure si miez de nuca. Complex si expresiv, amplu, puternic dar rotund. Evolutie pe o panta lunga, cu un postgust permanent usor condimentat, ce pune in evident taninurile fine si elaborate.<\/p>\n<p><strong>ASOCIERE CULINARA:<\/strong>\u00a0Carne de miel la gratar sau cuptor, carne de vita \u00eempanata, carne de v\u00e2nat, branzeturi uscate \u00eembatr\u00e2nite mediu.<\/p>\n<p>&nbsp;<\/p>\n","protected":false},"featured_media":17157,"comment_status":"open","ping_status":"closed","template":"","meta":[],"product_brand":[],"product_cat":[887,888,145],"product_tag":[848],"class_list":{"0":"post-17159","1":"product","2":"type-product","3":"status-publish","4":"has-post-thumbnail","6":"product_cat-vin-rosu","7":"product_cat-vin-rosu-sec","8":"product_cat-vinuri-romanesti","9":"product_tag-davino","11":"first","12":"outofstock","13":"taxable","14":"shipping-taxable","15":"purchasable","16":"product-type-simple"},"yoast_head":"<!-- This site is optimized with the Yoast SEO plugin v24.6 - https:\/\/yoast.com\/wordpress\/plugins\/seo\/ -->\n<title>DAVINO Rezerva Rosu 2013 - Vinoteca Hugo<\/title>\n<meta name=\"description\" content=\"Comand\u0103 online DAVINO Rezerva Rosu 2013 de la Vinoteca Hugo! Vinuri de top pentru momente speciale.\" \/>\n<meta name=\"robots\" content=\"index, follow, max-snippet:-1, max-image-preview:large, max-video-preview:-1\" \/>\n<link rel=\"canonical\" href=\"https:\/\/vinotecahugo.ro\/en\/produs\/davino-rezerva-rosu-2013\/\" \/>\n<meta property=\"og:locale\" content=\"en_US\" \/>\n<meta property=\"og:type\" content=\"article\" \/>\n<meta property=\"og:title\" content=\"DAVINO Rezerva Rosu 2013 - Vinoteca Hugo\" \/>\n<meta property=\"og:description\" content=\"Comand\u0103 online DAVINO Rezerva Rosu 2013 de la Vinoteca Hugo! Vinuri de top pentru momente speciale.\" \/>\n<meta property=\"og:url\" content=\"https:\/\/vinotecahugo.ro\/en\/produs\/davino-rezerva-rosu-2013\/\" \/>\n<meta property=\"og:site_name\" content=\"Vinoteca Hugo\" \/>\n<meta property=\"article:publisher\" content=\"https:\/\/www.facebook.com\/VinotecaHugoAlbaIulia\" \/>\n<meta property=\"article:modified_time\" content=\"2024-11-08T13:37:03+00:00\" \/>\n<meta property=\"og:image\" content=\"https:\/\/vinotecahugo.ro\/wp-content\/uploads\/2021\/05\/davino-rezerva-rosu-2012.jpg\" \/>\n\t<meta property=\"og:image:width\" content=\"600\" \/>\n\t<meta property=\"og:image:height\" content=\"600\" \/>\n\t<meta property=\"og:image:type\" content=\"image\/jpeg\" \/>\n<meta name=\"twitter:card\" content=\"summary_large_image\" \/>\n<meta name=\"twitter:label1\" content=\"Est. reading time\" \/>\n\t<meta name=\"twitter:data1\" content=\"1 minute\" \/>\n<script type=\"application\/ld+json\" class=\"yoast-schema-graph\">{\"@context\":\"https:\/\/schema.org\",\"@graph\":[{\"@type\":\"WebPage\",\"@id\":\"https:\/\/vinotecahugo.ro\/en\/produs\/davino-rezerva-rosu-2013\/\",\"url\":\"https:\/\/vinotecahugo.ro\/en\/produs\/davino-rezerva-rosu-2013\/\",\"name\":\"DAVINO Rezerva Rosu 2013 - Vinoteca Hugo\",\"isPartOf\":{\"@id\":\"https:\/\/vinotecahugo.ro\/en\/#website\"},\"primaryImageOfPage\":{\"@id\":\"https:\/\/vinotecahugo.ro\/en\/produs\/davino-rezerva-rosu-2013\/#primaryimage\"},\"image\":{\"@id\":\"https:\/\/vinotecahugo.ro\/en\/produs\/davino-rezerva-rosu-2013\/#primaryimage\"},\"thumbnailUrl\":\"https:\/\/vinotecahugo.ro\/wp-content\/uploads\/2021\/05\/davino-rezerva-rosu-2012.jpg\",\"datePublished\":\"2021-05-18T14:23:50+00:00\",\"dateModified\":\"2024-11-08T13:37:03+00:00\",\"description\":\"Comand\u0103 online DAVINO Rezerva Rosu 2013 de la Vinoteca Hugo! Vinuri de top pentru momente speciale.\",\"breadcrumb\":{\"@id\":\"https:\/\/vinotecahugo.ro\/en\/produs\/davino-rezerva-rosu-2013\/#breadcrumb\"},\"inLanguage\":\"en-US\",\"potentialAction\":[{\"@type\":\"ReadAction\",\"target\":[\"https:\/\/vinotecahugo.ro\/en\/produs\/davino-rezerva-rosu-2013\/\"]}]},{\"@type\":\"ImageObject\",\"inLanguage\":\"en-US\",\"@id\":\"https:\/\/vinotecahugo.ro\/en\/produs\/davino-rezerva-rosu-2013\/#primaryimage\",\"url\":\"https:\/\/vinotecahugo.ro\/wp-content\/uploads\/2021\/05\/davino-rezerva-rosu-2012.jpg\",\"contentUrl\":\"https:\/\/vinotecahugo.ro\/wp-content\/uploads\/2021\/05\/davino-rezerva-rosu-2012.jpg\",\"width\":600,\"height\":600},{\"@type\":\"BreadcrumbList\",\"@id\":\"https:\/\/vinotecahugo.ro\/en\/produs\/davino-rezerva-rosu-2013\/#breadcrumb\",\"itemListElement\":[{\"@type\":\"ListItem\",\"position\":1,\"name\":\"Prima pagin\u0103\",\"item\":\"https:\/\/vinotecahugo.ro\/en\/\"},{\"@type\":\"ListItem\",\"position\":2,\"name\":\"Magazin\",\"item\":\"https:\/\/vinotecahugo.ro\/magazin\/\"},{\"@type\":\"ListItem\",\"position\":3,\"name\":\"DAVINO Rezerva Rosu 2013\"}]},{\"@type\":\"WebSite\",\"@id\":\"https:\/\/vinotecahugo.ro\/en\/#website\",\"url\":\"https:\/\/vinotecahugo.ro\/en\/\",\"name\":\"Vinoteca Hugo\",\"description\":\"vinotec\u0103 cu o colec\u021bie de peste 5000 de sticle de vin\",\"publisher\":{\"@id\":\"https:\/\/vinotecahugo.ro\/en\/#organization\"},\"potentialAction\":[{\"@type\":\"SearchAction\",\"target\":{\"@type\":\"EntryPoint\",\"urlTemplate\":\"https:\/\/vinotecahugo.ro\/en\/?s={search_term_string}\"},\"query-input\":{\"@type\":\"PropertyValueSpecification\",\"valueRequired\":true,\"valueName\":\"search_term_string\"}}],\"inLanguage\":\"en-US\"},{\"@type\":\"Organization\",\"@id\":\"https:\/\/vinotecahugo.ro\/en\/#organization\",\"name\":\"Vinoteca Hugo\",\"url\":\"https:\/\/vinotecahugo.ro\/en\/\",\"logo\":{\"@type\":\"ImageObject\",\"inLanguage\":\"en-US\",\"@id\":\"https:\/\/vinotecahugo.ro\/en\/#\/schema\/logo\/image\/\",\"url\":\"https:\/\/vinotecahugo.ro\/wp-content\/uploads\/2020\/04\/logo-vinoteca-hugo-160-120..jpg\",\"contentUrl\":\"https:\/\/vinotecahugo.ro\/wp-content\/uploads\/2020\/04\/logo-vinoteca-hugo-160-120..jpg\",\"width\":160,\"height\":120,\"caption\":\"Vinoteca Hugo\"},\"image\":{\"@id\":\"https:\/\/vinotecahugo.ro\/en\/#\/schema\/logo\/image\/\"},\"sameAs\":[\"https:\/\/www.facebook.com\/VinotecaHugoAlbaIulia\",\"https:\/\/www.instagram.com\/vinoteca_hugo\/\",\"https:\/\/www.youtube.com\/channel\/UCpprt6bjcY4i-6P9WM-466g\"]}]}<\/script>\n<!-- \/ Yoast SEO plugin. -->","yoast_head_json":{"title":"DAVINO Rezerva Rosu 2013 - Vinoteca Hugo","description":"Comand\u0103 online DAVINO Rezerva Rosu 2013 de la Vinoteca Hugo! Vinuri de top pentru momente speciale.","robots":{"index":"index","follow":"follow","max-snippet":"max-snippet:-1","max-image-preview":"max-image-preview:large","max-video-preview":"max-video-preview:-1"},"canonical":"https:\/\/vinotecahugo.ro\/en\/produs\/davino-rezerva-rosu-2013\/","og_locale":"en_US","og_type":"article","og_title":"DAVINO Rezerva Rosu 2013 - Vinoteca Hugo","og_description":"Comand\u0103 online DAVINO Rezerva Rosu 2013 de la Vinoteca Hugo! Vinuri de top pentru momente speciale.","og_url":"https:\/\/vinotecahugo.ro\/en\/produs\/davino-rezerva-rosu-2013\/","og_site_name":"Vinoteca Hugo","article_publisher":"https:\/\/www.facebook.com\/VinotecaHugoAlbaIulia","article_modified_time":"2024-11-08T13:37:03+00:00","og_image":[{"width":600,"height":600,"url":"https:\/\/vinotecahugo.ro\/wp-content\/uploads\/2021\/05\/davino-rezerva-rosu-2012.jpg","type":"image\/jpeg"}],"twitter_card":"summary_large_image","twitter_misc":{"Est. reading time":"1 minute"},"schema":{"@context":"https:\/\/schema.org","@graph":[{"@type":"WebPage","@id":"https:\/\/vinotecahugo.ro\/en\/produs\/davino-rezerva-rosu-2013\/","url":"https:\/\/vinotecahugo.ro\/en\/produs\/davino-rezerva-rosu-2013\/","name":"DAVINO Rezerva Rosu 2013 - Vinoteca Hugo","isPartOf":{"@id":"https:\/\/vinotecahugo.ro\/en\/#website"},"primaryImageOfPage":{"@id":"https:\/\/vinotecahugo.ro\/en\/produs\/davino-rezerva-rosu-2013\/#primaryimage"},"image":{"@id":"https:\/\/vinotecahugo.ro\/en\/produs\/davino-rezerva-rosu-2013\/#primaryimage"},"thumbnailUrl":"https:\/\/vinotecahugo.ro\/wp-content\/uploads\/2021\/05\/davino-rezerva-rosu-2012.jpg","datePublished":"2021-05-18T14:23:50+00:00","dateModified":"2024-11-08T13:37:03+00:00","description":"Comand\u0103 online DAVINO Rezerva Rosu 2013 de la Vinoteca Hugo! Vinuri de top pentru momente speciale.","breadcrumb":{"@id":"https:\/\/vinotecahugo.ro\/en\/produs\/davino-rezerva-rosu-2013\/#breadcrumb"},"inLanguage":"en-US","potentialAction":[{"@type":"ReadAction","target":["https:\/\/vinotecahugo.ro\/en\/produs\/davino-rezerva-rosu-2013\/"]}]},{"@type":"ImageObject","inLanguage":"en-US","@id":"https:\/\/vinotecahugo.ro\/en\/produs\/davino-rezerva-rosu-2013\/#primaryimage","url":"https:\/\/vinotecahugo.ro\/wp-content\/uploads\/2021\/05\/davino-rezerva-rosu-2012.jpg","contentUrl":"https:\/\/vinotecahugo.ro\/wp-content\/uploads\/2021\/05\/davino-rezerva-rosu-2012.jpg","width":600,"height":600},{"@type":"BreadcrumbList","@id":"https:\/\/vinotecahugo.ro\/en\/produs\/davino-rezerva-rosu-2013\/#breadcrumb","itemListElement":[{"@type":"ListItem","position":1,"name":"Prima pagin\u0103","item":"https:\/\/vinotecahugo.ro\/en\/"},{"@type":"ListItem","position":2,"name":"Magazin","item":"https:\/\/vinotecahugo.ro\/magazin\/"},{"@type":"ListItem","position":3,"name":"DAVINO Rezerva Rosu 2013"}]},{"@type":"WebSite","@id":"https:\/\/vinotecahugo.ro\/en\/#website","url":"https:\/\/vinotecahugo.ro\/en\/","name":"Vinoteca Hugo","description":"vinotec\u0103 cu o colec\u021bie de peste 5000 de sticle de vin","publisher":{"@id":"https:\/\/vinotecahugo.ro\/en\/#organization"},"potentialAction":[{"@type":"SearchAction","target":{"@type":"EntryPoint","urlTemplate":"https:\/\/vinotecahugo.ro\/en\/?s={search_term_string}"},"query-input":{"@type":"PropertyValueSpecification","valueRequired":true,"valueName":"search_term_string"}}],"inLanguage":"en-US"},{"@type":"Organization","@id":"https:\/\/vinotecahugo.ro\/en\/#organization","name":"Vinoteca Hugo","url":"https:\/\/vinotecahugo.ro\/en\/","logo":{"@type":"ImageObject","inLanguage":"en-US","@id":"https:\/\/vinotecahugo.ro\/en\/#\/schema\/logo\/image\/","url":"https:\/\/vinotecahugo.ro\/wp-content\/uploads\/2020\/04\/logo-vinoteca-hugo-160-120..jpg","contentUrl":"https:\/\/vinotecahugo.ro\/wp-content\/uploads\/2020\/04\/logo-vinoteca-hugo-160-120..jpg","width":160,"height":120,"caption":"Vinoteca Hugo"},"image":{"@id":"https:\/\/vinotecahugo.ro\/en\/#\/schema\/logo\/image\/"},"sameAs":["https:\/\/www.facebook.com\/VinotecaHugoAlbaIulia","https:\/\/www.instagram.com\/vinoteca_hugo\/","https:\/\/www.youtube.com\/channel\/UCpprt6bjcY4i-6P9WM-466g"]}]}},"_links":{"self":[{"href":"https:\/\/vinotecahugo.ro\/en\/wp-json\/wp\/v2\/product\/17159","targetHints":{"allow":["GET"]}}],"collection":[{"href":"https:\/\/vinotecahugo.ro\/en\/wp-json\/wp\/v2\/product"}],"about":[{"href":"https:\/\/vinotecahugo.ro\/en\/wp-json\/wp\/v2\/types\/product"}],"replies":[{"embeddable":true,"href":"https:\/\/vinotecahugo.ro\/en\/wp-json\/wp\/v2\/comments?post=17159"}],"wp:featuredmedia":[{"embeddable":true,"href":"https:\/\/vinotecahugo.ro\/en\/wp-json\/wp\/v2\/media\/17157"}],"wp:attachment":[{"href":"https:\/\/vinotecahugo.ro\/en\/wp-json\/wp\/v2\/media?parent=17159"}],"wp:term":[{"taxonomy":"product_brand","embeddable":true,"href":"https:\/\/vinotecahugo.ro\/en\/wp-json\/wp\/v2\/product_brand?post=17159"},{"taxonomy":"product_cat","embeddable":true,"href":"https:\/\/vinotecahugo.ro\/en\/wp-json\/wp\/v2\/product_cat?post=17159"},{"taxonomy":"product_tag","embeddable":true,"href":"https:\/\/vinotecahugo.ro\/en\/wp-json\/wp\/v2\/product_tag?post=17159"}],"curies":[{"name":"wp","href":"https:\/\/api.w.org\/{rel}","templated":true}]}}