{"id":16956,"date":"2021-02-05T12:42:53","date_gmt":"2021-02-05T10:42:53","guid":{"rendered":"https:\/\/vinotecahugo.ro\/?post_type=product&#038;p=16956"},"modified":"2024-05-15T12:51:44","modified_gmt":"2024-05-15T09:51:44","slug":"vin-vinoteca-pinot-gris-1958-demisec-b12","status":"publish","type":"product","link":"https:\/\/vinotecahugo.ro\/en\/produs\/vin-vinoteca-pinot-gris-1958-demisec-b12\/","title":{"rendered":"Vin vinoteca Pinot Gris 1958 demisec (B12)  fara cutie lemn"},"content":{"rendered":"<p><strong>Vin vinoteca Pinot Gris 1958 demisec (B12)<\/strong><\/p>\n<div class=\"lbDescription\">\n<div class=\"video-shortcode\"><iframe title=\"Vinoteca Hugo (long movie) RO\" width=\"1100\" height=\"619\" src=\"https:\/\/www.youtube.com\/embed\/Hg0yk-Ulb8I?feature=oembed\" frameborder=\"0\" allow=\"accelerometer; autoplay; clipboard-write; encrypted-media; gyroscope; picture-in-picture\" allowfullscreen><\/iframe><\/div>\n<div class=\"text_exposed_show\">\n<div class=\"et_pb_row_inner et_pb_row_inner_6\">\n<div class=\"et_pb_column et_pb_column_3_8 et_pb_column_inner et_pb_column_inner_8\">\n<div class=\"et_pb_module et_pb_text et_pb_text_5 et_pb_text_align_left et_pb_bg_layout_light\">\n<div class=\"et_pb_text_inner\">Afla ultimile noutati despre noi <a href=\"https:\/\/web.facebook.com\/VinotecaHugoAlbaIulia\/\">AICI<\/a><\/div>\n<\/div>\n<\/div>\n<\/div>\n<\/div>\n<p>Pentru programul de degustari si oferte personalizate te invitam sa devii membrul clubului Vinoteca Hugo. Pentru mai multe informatii fa click <a href=\"https:\/\/vinotecahugo.ro\/evenimente\/\">AICI.<\/a><\/p>\n<\/div>\n<p>&nbsp;<\/p>\n","protected":false},"excerpt":{"rendered":"<div class=\"\" data-block=\"true\" data-editor=\"dh49k\" data-offset-key=\"4qk36-0-0\"><\/div>\n<div class=\"\" data-block=\"true\" data-editor=\"dh49k\" data-offset-key=\"bvetf-0-0\">\n<div class=\"_1mf _1mj\" data-offset-key=\"bvetf-0-0\">\n<div dir=\"auto\">In colectia Vinoteca HUGO, pe langa vinurile din soiuri autohtone, iubitorii de licori bahice pot gasi si vinuri din soiuri internationale. Pinot Gris 1958 demisec, este unul din ele. Calitatea vinului imbuteliat cu peste 50 ani in urma, au contribuit la evolutia in timp a unui caracter organoleptic deosebit.<\/div>\n<div dir=\"auto\">Pinot gris , pinot grigio sau Grauburgunder este un soi de struguri de vin alb din specia Vitis vinifera . Considerat a fi o clon\u0103 mutant\u0103 a soiului pinot noir , are \u00een mod normal un fruct albastru-cenu\u0219iu, reprezent\u00e2nd numele s\u0103u, dar strugurii pot avea un aspect roz maroniu p\u00e2n\u0103 la negru \u0219i chiar alb.<\/div>\n<div dir=\"auto\">Pinot gris este cunoscut \u00eenc\u0103 din Evul Mediu \u00een regiunea Burgundia , unde probabil a fost numit Fromenteau . S-a r\u0103sp\u00e2ndit din Burgundia, \u00eempreun\u0103 cu Pinot noir , ajung\u00e2nd \u00een Elve\u021bia p\u00e2n\u0103 \u00een 1300. Strugurele ar fi fost favoritul \u00eemp\u0103ratului Carol al IV-lea , care a avut buta\u0219i importa\u021bi \u00een Ungaria de c\u0103lug\u0103rii cistercieni : fra\u021bii au plantat vi\u021ba de vie pe versan\u021bii Badacsony, care se \u00eenvecineaz\u0103 cu lacul. Balaton \u00een 1375. Vi\u021ba de vie a dezvoltat la scurt timp denumirea de Sz\u00fcrkebar\u00e1t care \u00eenseamn\u0103 \u201ec\u0103lug\u0103r gri\u201d. \u00cen 1711, un negustor german, pe nume Johann Seger Ruland (re) a descoperit un strugure \u00een cre\u0219tere s\u0103lbatic\u0103 pe c\u00e2mpurile Palatinatului . Vinul ulterior pe care l-a produs a devenit cunoscut sub numele de Rul\u00e4nder, iar vi\u021ba de vie a fost descoperit\u0103 mai t\u00e2rziu a fi Pinot gris.<\/div>\n<div dir=\"auto\">Pinot gris &#8211; https:\/\/ro.qaz.wiki\/wiki\/Pinot_gris<\/div>\n<div dir=\"auto\"><\/div>\n<\/div>\n<\/div>\n<p>NOTA: Cutia de lemn nu este inclusa in pret. <strong><a href=\"https:\/\/vinotecahugo.ro\/produs\/cutie-de-lemn-1-sticla\/\">CUTIA POATE FI COMANDATA AICI (CLICK)<\/a><\/strong><\/p>\n","protected":false},"featured_media":16958,"comment_status":"open","ping_status":"closed","template":"","meta":[],"product_brand":[],"product_cat":[882,883,54,58,145],"product_tag":[356,355,792,790],"class_list":{"0":"post-16956","1":"product","2":"type-product","3":"status-publish","4":"has-post-thumbnail","6":"product_cat-vin-alb","7":"product_cat-vin-alb-demisec","8":"product_cat-vinuri-de-colectie","9":"product_cat-vinuri-de-vinoteca","10":"product_cat-vinuri-romanesti","11":"product_tag-vin-alba-iulia","12":"product_tag-vinoteca-hugo","13":"product_tag-vinuri-colectie","14":"product_tag-vinuri-vechi","16":"first","17":"instock","18":"taxable","19":"shipping-taxable","20":"purchasable","21":"product-type-simple"},"yoast_head":"<!-- This site is optimized with the Yoast SEO plugin v24.6 - https:\/\/yoast.com\/wordpress\/plugins\/seo\/ -->\n<title>Vin vinoteca Pinot Gris 1958 demisec (B12) fara cutie lemn - Vinoteca Hugo<\/title>\n<meta name=\"description\" content=\"Comand\u0103 online Vin vinoteca Pinot Gris 1958 demisec (B12) fara cutie lemn de la Vinoteca Hugo! Vinuri de top pentru momente speciale.\" \/>\n<meta name=\"robots\" content=\"index, follow, max-snippet:-1, max-image-preview:large, max-video-preview:-1\" \/>\n<link rel=\"canonical\" href=\"https:\/\/vinotecahugo.ro\/en\/produs\/vin-vinoteca-pinot-gris-1958-demisec-b12\/\" \/>\n<meta property=\"og:locale\" content=\"en_US\" \/>\n<meta property=\"og:type\" content=\"article\" \/>\n<meta property=\"og:title\" content=\"Vin vinoteca Pinot Gris 1958 demisec (B12) fara cutie lemn - Vinoteca Hugo\" \/>\n<meta property=\"og:description\" content=\"Comand\u0103 online Vin vinoteca Pinot Gris 1958 demisec (B12) fara cutie lemn de la Vinoteca Hugo! Vinuri de top pentru momente speciale.\" \/>\n<meta property=\"og:url\" content=\"https:\/\/vinotecahugo.ro\/en\/produs\/vin-vinoteca-pinot-gris-1958-demisec-b12\/\" \/>\n<meta property=\"og:site_name\" content=\"Vinoteca Hugo\" \/>\n<meta property=\"article:publisher\" content=\"https:\/\/www.facebook.com\/VinotecaHugoAlbaIulia\" \/>\n<meta property=\"article:modified_time\" content=\"2024-05-15T09:51:44+00:00\" \/>\n<meta property=\"og:image\" content=\"https:\/\/vinotecahugo.ro\/wp-content\/uploads\/2021\/02\/Pinot-Gris-1958-demisec.jpg\" \/>\n\t<meta property=\"og:image:width\" content=\"1200\" \/>\n\t<meta property=\"og:image:height\" content=\"1200\" \/>\n\t<meta property=\"og:image:type\" content=\"image\/jpeg\" \/>\n<meta name=\"twitter:card\" content=\"summary_large_image\" \/>\n<script type=\"application\/ld+json\" class=\"yoast-schema-graph\">{\"@context\":\"https:\/\/schema.org\",\"@graph\":[{\"@type\":\"WebPage\",\"@id\":\"https:\/\/vinotecahugo.ro\/en\/produs\/vin-vinoteca-pinot-gris-1958-demisec-b12\/\",\"url\":\"https:\/\/vinotecahugo.ro\/en\/produs\/vin-vinoteca-pinot-gris-1958-demisec-b12\/\",\"name\":\"Vin vinoteca Pinot Gris 1958 demisec (B12) fara cutie lemn - Vinoteca Hugo\",\"isPartOf\":{\"@id\":\"https:\/\/vinotecahugo.ro\/en\/#website\"},\"primaryImageOfPage\":{\"@id\":\"https:\/\/vinotecahugo.ro\/en\/produs\/vin-vinoteca-pinot-gris-1958-demisec-b12\/#primaryimage\"},\"image\":{\"@id\":\"https:\/\/vinotecahugo.ro\/en\/produs\/vin-vinoteca-pinot-gris-1958-demisec-b12\/#primaryimage\"},\"thumbnailUrl\":\"https:\/\/vinotecahugo.ro\/wp-content\/uploads\/2021\/02\/Pinot-Gris-1958-demisec.jpg\",\"datePublished\":\"2021-02-05T10:42:53+00:00\",\"dateModified\":\"2024-05-15T09:51:44+00:00\",\"description\":\"Comand\u0103 online Vin vinoteca Pinot Gris 1958 demisec (B12) fara cutie lemn de la Vinoteca Hugo! Vinuri de top pentru momente speciale.\",\"breadcrumb\":{\"@id\":\"https:\/\/vinotecahugo.ro\/en\/produs\/vin-vinoteca-pinot-gris-1958-demisec-b12\/#breadcrumb\"},\"inLanguage\":\"en-US\",\"potentialAction\":[{\"@type\":\"ReadAction\",\"target\":[\"https:\/\/vinotecahugo.ro\/en\/produs\/vin-vinoteca-pinot-gris-1958-demisec-b12\/\"]}]},{\"@type\":\"ImageObject\",\"inLanguage\":\"en-US\",\"@id\":\"https:\/\/vinotecahugo.ro\/en\/produs\/vin-vinoteca-pinot-gris-1958-demisec-b12\/#primaryimage\",\"url\":\"https:\/\/vinotecahugo.ro\/wp-content\/uploads\/2021\/02\/Pinot-Gris-1958-demisec.jpg\",\"contentUrl\":\"https:\/\/vinotecahugo.ro\/wp-content\/uploads\/2021\/02\/Pinot-Gris-1958-demisec.jpg\",\"width\":1200,\"height\":1200},{\"@type\":\"BreadcrumbList\",\"@id\":\"https:\/\/vinotecahugo.ro\/en\/produs\/vin-vinoteca-pinot-gris-1958-demisec-b12\/#breadcrumb\",\"itemListElement\":[{\"@type\":\"ListItem\",\"position\":1,\"name\":\"Prima pagin\u0103\",\"item\":\"https:\/\/vinotecahugo.ro\/en\/\"},{\"@type\":\"ListItem\",\"position\":2,\"name\":\"Magazin\",\"item\":\"https:\/\/vinotecahugo.ro\/magazin\/\"},{\"@type\":\"ListItem\",\"position\":3,\"name\":\"Vin vinoteca Pinot Gris 1958 demisec (B12) fara cutie lemn\"}]},{\"@type\":\"WebSite\",\"@id\":\"https:\/\/vinotecahugo.ro\/en\/#website\",\"url\":\"https:\/\/vinotecahugo.ro\/en\/\",\"name\":\"Vinoteca Hugo\",\"description\":\"vinotec\u0103 cu o colec\u021bie de peste 5000 de sticle de vin\",\"publisher\":{\"@id\":\"https:\/\/vinotecahugo.ro\/en\/#organization\"},\"potentialAction\":[{\"@type\":\"SearchAction\",\"target\":{\"@type\":\"EntryPoint\",\"urlTemplate\":\"https:\/\/vinotecahugo.ro\/en\/?s={search_term_string}\"},\"query-input\":{\"@type\":\"PropertyValueSpecification\",\"valueRequired\":true,\"valueName\":\"search_term_string\"}}],\"inLanguage\":\"en-US\"},{\"@type\":\"Organization\",\"@id\":\"https:\/\/vinotecahugo.ro\/en\/#organization\",\"name\":\"Vinoteca Hugo\",\"url\":\"https:\/\/vinotecahugo.ro\/en\/\",\"logo\":{\"@type\":\"ImageObject\",\"inLanguage\":\"en-US\",\"@id\":\"https:\/\/vinotecahugo.ro\/en\/#\/schema\/logo\/image\/\",\"url\":\"https:\/\/vinotecahugo.ro\/wp-content\/uploads\/2020\/04\/logo-vinoteca-hugo-160-120..jpg\",\"contentUrl\":\"https:\/\/vinotecahugo.ro\/wp-content\/uploads\/2020\/04\/logo-vinoteca-hugo-160-120..jpg\",\"width\":160,\"height\":120,\"caption\":\"Vinoteca Hugo\"},\"image\":{\"@id\":\"https:\/\/vinotecahugo.ro\/en\/#\/schema\/logo\/image\/\"},\"sameAs\":[\"https:\/\/www.facebook.com\/VinotecaHugoAlbaIulia\",\"https:\/\/www.instagram.com\/vinoteca_hugo\/\",\"https:\/\/www.youtube.com\/channel\/UCpprt6bjcY4i-6P9WM-466g\"]}]}<\/script>\n<!-- \/ Yoast SEO plugin. -->","yoast_head_json":{"title":"Vin vinoteca Pinot Gris 1958 demisec (B12) fara cutie lemn - Vinoteca Hugo","description":"Comand\u0103 online Vin vinoteca Pinot Gris 1958 demisec (B12) fara cutie lemn de la Vinoteca Hugo! Vinuri de top pentru momente speciale.","robots":{"index":"index","follow":"follow","max-snippet":"max-snippet:-1","max-image-preview":"max-image-preview:large","max-video-preview":"max-video-preview:-1"},"canonical":"https:\/\/vinotecahugo.ro\/en\/produs\/vin-vinoteca-pinot-gris-1958-demisec-b12\/","og_locale":"en_US","og_type":"article","og_title":"Vin vinoteca Pinot Gris 1958 demisec (B12) fara cutie lemn - Vinoteca Hugo","og_description":"Comand\u0103 online Vin vinoteca Pinot Gris 1958 demisec (B12) fara cutie lemn de la Vinoteca Hugo! Vinuri de top pentru momente speciale.","og_url":"https:\/\/vinotecahugo.ro\/en\/produs\/vin-vinoteca-pinot-gris-1958-demisec-b12\/","og_site_name":"Vinoteca Hugo","article_publisher":"https:\/\/www.facebook.com\/VinotecaHugoAlbaIulia","article_modified_time":"2024-05-15T09:51:44+00:00","og_image":[{"width":1200,"height":1200,"url":"https:\/\/vinotecahugo.ro\/wp-content\/uploads\/2021\/02\/Pinot-Gris-1958-demisec.jpg","type":"image\/jpeg"}],"twitter_card":"summary_large_image","schema":{"@context":"https:\/\/schema.org","@graph":[{"@type":"WebPage","@id":"https:\/\/vinotecahugo.ro\/en\/produs\/vin-vinoteca-pinot-gris-1958-demisec-b12\/","url":"https:\/\/vinotecahugo.ro\/en\/produs\/vin-vinoteca-pinot-gris-1958-demisec-b12\/","name":"Vin vinoteca Pinot Gris 1958 demisec (B12) fara cutie lemn - Vinoteca Hugo","isPartOf":{"@id":"https:\/\/vinotecahugo.ro\/en\/#website"},"primaryImageOfPage":{"@id":"https:\/\/vinotecahugo.ro\/en\/produs\/vin-vinoteca-pinot-gris-1958-demisec-b12\/#primaryimage"},"image":{"@id":"https:\/\/vinotecahugo.ro\/en\/produs\/vin-vinoteca-pinot-gris-1958-demisec-b12\/#primaryimage"},"thumbnailUrl":"https:\/\/vinotecahugo.ro\/wp-content\/uploads\/2021\/02\/Pinot-Gris-1958-demisec.jpg","datePublished":"2021-02-05T10:42:53+00:00","dateModified":"2024-05-15T09:51:44+00:00","description":"Comand\u0103 online Vin vinoteca Pinot Gris 1958 demisec (B12) fara cutie lemn de la Vinoteca Hugo! Vinuri de top pentru momente speciale.","breadcrumb":{"@id":"https:\/\/vinotecahugo.ro\/en\/produs\/vin-vinoteca-pinot-gris-1958-demisec-b12\/#breadcrumb"},"inLanguage":"en-US","potentialAction":[{"@type":"ReadAction","target":["https:\/\/vinotecahugo.ro\/en\/produs\/vin-vinoteca-pinot-gris-1958-demisec-b12\/"]}]},{"@type":"ImageObject","inLanguage":"en-US","@id":"https:\/\/vinotecahugo.ro\/en\/produs\/vin-vinoteca-pinot-gris-1958-demisec-b12\/#primaryimage","url":"https:\/\/vinotecahugo.ro\/wp-content\/uploads\/2021\/02\/Pinot-Gris-1958-demisec.jpg","contentUrl":"https:\/\/vinotecahugo.ro\/wp-content\/uploads\/2021\/02\/Pinot-Gris-1958-demisec.jpg","width":1200,"height":1200},{"@type":"BreadcrumbList","@id":"https:\/\/vinotecahugo.ro\/en\/produs\/vin-vinoteca-pinot-gris-1958-demisec-b12\/#breadcrumb","itemListElement":[{"@type":"ListItem","position":1,"name":"Prima pagin\u0103","item":"https:\/\/vinotecahugo.ro\/en\/"},{"@type":"ListItem","position":2,"name":"Magazin","item":"https:\/\/vinotecahugo.ro\/magazin\/"},{"@type":"ListItem","position":3,"name":"Vin vinoteca Pinot Gris 1958 demisec (B12) fara cutie lemn"}]},{"@type":"WebSite","@id":"https:\/\/vinotecahugo.ro\/en\/#website","url":"https:\/\/vinotecahugo.ro\/en\/","name":"Vinoteca Hugo","description":"vinotec\u0103 cu o colec\u021bie de peste 5000 de sticle de vin","publisher":{"@id":"https:\/\/vinotecahugo.ro\/en\/#organization"},"potentialAction":[{"@type":"SearchAction","target":{"@type":"EntryPoint","urlTemplate":"https:\/\/vinotecahugo.ro\/en\/?s={search_term_string}"},"query-input":{"@type":"PropertyValueSpecification","valueRequired":true,"valueName":"search_term_string"}}],"inLanguage":"en-US"},{"@type":"Organization","@id":"https:\/\/vinotecahugo.ro\/en\/#organization","name":"Vinoteca Hugo","url":"https:\/\/vinotecahugo.ro\/en\/","logo":{"@type":"ImageObject","inLanguage":"en-US","@id":"https:\/\/vinotecahugo.ro\/en\/#\/schema\/logo\/image\/","url":"https:\/\/vinotecahugo.ro\/wp-content\/uploads\/2020\/04\/logo-vinoteca-hugo-160-120..jpg","contentUrl":"https:\/\/vinotecahugo.ro\/wp-content\/uploads\/2020\/04\/logo-vinoteca-hugo-160-120..jpg","width":160,"height":120,"caption":"Vinoteca Hugo"},"image":{"@id":"https:\/\/vinotecahugo.ro\/en\/#\/schema\/logo\/image\/"},"sameAs":["https:\/\/www.facebook.com\/VinotecaHugoAlbaIulia","https:\/\/www.instagram.com\/vinoteca_hugo\/","https:\/\/www.youtube.com\/channel\/UCpprt6bjcY4i-6P9WM-466g"]}]}},"_links":{"self":[{"href":"https:\/\/vinotecahugo.ro\/en\/wp-json\/wp\/v2\/product\/16956","targetHints":{"allow":["GET"]}}],"collection":[{"href":"https:\/\/vinotecahugo.ro\/en\/wp-json\/wp\/v2\/product"}],"about":[{"href":"https:\/\/vinotecahugo.ro\/en\/wp-json\/wp\/v2\/types\/product"}],"replies":[{"embeddable":true,"href":"https:\/\/vinotecahugo.ro\/en\/wp-json\/wp\/v2\/comments?post=16956"}],"wp:featuredmedia":[{"embeddable":true,"href":"https:\/\/vinotecahugo.ro\/en\/wp-json\/wp\/v2\/media\/16958"}],"wp:attachment":[{"href":"https:\/\/vinotecahugo.ro\/en\/wp-json\/wp\/v2\/media?parent=16956"}],"wp:term":[{"taxonomy":"product_brand","embeddable":true,"href":"https:\/\/vinotecahugo.ro\/en\/wp-json\/wp\/v2\/product_brand?post=16956"},{"taxonomy":"product_cat","embeddable":true,"href":"https:\/\/vinotecahugo.ro\/en\/wp-json\/wp\/v2\/product_cat?post=16956"},{"taxonomy":"product_tag","embeddable":true,"href":"https:\/\/vinotecahugo.ro\/en\/wp-json\/wp\/v2\/product_tag?post=16956"}],"curies":[{"name":"wp","href":"https:\/\/api.w.org\/{rel}","templated":true}]}}