{"id":16927,"date":"2021-01-19T16:20:12","date_gmt":"2021-01-19T14:20:12","guid":{"rendered":"https:\/\/vinotecahugo.ro\/?post_type=product&#038;p=16927"},"modified":"2024-02-14T00:06:08","modified_gmt":"2024-02-13T22:06:08","slug":"vin-vinoteca-muscat-1959-demisec-b135","status":"publish","type":"product","link":"https:\/\/vinotecahugo.ro\/en\/produs\/vin-vinoteca-muscat-1959-demisec-b135\/","title":{"rendered":"Vin vinoteca Muscat 1959 demisec (B135)  fara cutie lemn"},"content":{"rendered":"<p><strong>Vin vinoteca Muscat 1959 demisec (B135)<\/strong><\/p>\n<div class=\"lbDescription\">\n<div class=\"video-shortcode\"><iframe title=\"Vinoteca Hugo (long movie) RO\" width=\"1100\" height=\"619\" src=\"https:\/\/www.youtube.com\/embed\/Hg0yk-Ulb8I?feature=oembed\" frameborder=\"0\" allow=\"accelerometer; autoplay; clipboard-write; encrypted-media; gyroscope; picture-in-picture\" allowfullscreen><\/iframe><\/div>\n<div class=\"text_exposed_show\">\n<div class=\"et_pb_row_inner et_pb_row_inner_6\">\n<div class=\"et_pb_column et_pb_column_3_8 et_pb_column_inner et_pb_column_inner_8\">\n<div class=\"et_pb_module et_pb_text et_pb_text_5 et_pb_text_align_left et_pb_bg_layout_light\">\n<div>Vinul a \u00eemb\u0103tr\u00e2nit cu r\u0103bdare \u00een butoaie de stejar, ad\u0103postite \u00een beciuri r\u0103coroase \u0219i uitate de timp. Multe dintre ele sunt mai vechi dec\u00e2t noi. Vinurile de colec\u021bie \u0219optesc secretele tradi\u021biei milenare \u0219i valideaz\u0103 trecutul din perspectiva prezentului, d\u00e2nd via\u021b\u0103 celor mai frumoase tr\u0103iri. Bogat \u00een istorie, acest aur lichid poart\u0103 \u00een el pe l\u00e2ng\u0103 lumina soarelui \u0219i bun\u0103tatea p\u0103m\u00e2ntului \u0219i ceva din sufletul f\u0103urarului.<\/div>\n<div><\/div>\n<div class=\"et_pb_text_inner\">Afla ultimile noutati despre noi <a href=\"https:\/\/web.facebook.com\/VinotecaHugoAlbaIulia\/\">AICI<\/a><\/div>\n<\/div>\n<\/div>\n<\/div>\n<\/div>\n<p>Pentru programul de degustari si oferte personalizate te invitam sa devii membrul clubului Vinoteca Hugo. Pentru mai multe informatii fa click <a href=\"https:\/\/vinotecahugo.ro\/evenimente\/\">AICI.<\/a><\/p>\n<\/div>\n<p>&nbsp;<\/p>\n","protected":false},"excerpt":{"rendered":"<div class=\"\" data-block=\"true\" data-editor=\"dh49k\" data-offset-key=\"4qk36-0-0\">\n<div class=\"\" data-block=\"true\" data-editor=\"dh49k\" data-offset-key=\"4qk36-0-0\">\n<div class=\"_1mf _1mj\" data-offset-key=\"4qk36-0-0\"><span data-offset-key=\"4qk36-0-0\">O alta legenda VIE din colectia\u00a0<\/span><span class=\"diy96o5h\" spellcheck=\"false\" data-offset-key=\"4qk36-1-0\"><span data-offset-key=\"4qk36-1-0\">Vinoteca HUGO<\/span><\/span><span data-offset-key=\"4qk36-2-0\"> \u2013 Muscat Ottonel 1959(demisec).\u00a0<\/span><\/div>\n<\/div>\n<div class=\"\" data-block=\"true\" data-editor=\"dh49k\" data-offset-key=\"bvetf-0-0\"><\/div>\n<\/div>\n<div class=\"\" data-block=\"true\" data-editor=\"dh49k\" data-offset-key=\"bvetf-0-0\">\n<div class=\"_1mf _1mj\" data-offset-key=\"bvetf-0-0\">\n<div dir=\"auto\">Soiul Muscat Ottonel isi poarta istoria pana in anul 1852, in Franta. Atunci, un cutivator pe nume Moreau Robert a incrucisat hibrizii Chasselas \u0219i Muscat de Saumur, iar rezultatul a fost, da ati ghicit, soiul despre care vorbim astazi. Intital, numele qcestuia a fost \u201eMuscat d\u2019Eisenstadt\u201d, doar ca, pe parcurs a capatat diverse denumiri, precum: Muskat-Ottonel, Muskotaly, Tamaioasa Ottonel. \u00cen prezent, soiul se regaseste in diverse zone ale lumii, precum Austria, Rom\u00e2nia, Ungaria, Elve\u021bia, Croa\u021bia \u0219i Serbia.<\/div>\n<\/div>\n<\/div>\n<p>NOTA: Cutia de lemn nu este inclusa in pret. <strong><a href=\"https:\/\/vinotecahugo.ro\/produs\/cutie-de-lemn-1-sticla\/\">CUTIA POATE FI COMANDATA AICI (CLICK)<\/a><\/strong><\/p>\n","protected":false},"featured_media":16929,"comment_status":"open","ping_status":"closed","template":"","meta":[],"product_brand":[],"product_cat":[882,883,54,58,145],"product_tag":[356,355,792,790],"class_list":{"0":"post-16927","1":"product","2":"type-product","3":"status-publish","4":"has-post-thumbnail","6":"product_cat-vin-alb","7":"product_cat-vin-alb-demisec","8":"product_cat-vinuri-de-colectie","9":"product_cat-vinuri-de-vinoteca","10":"product_cat-vinuri-romanesti","11":"product_tag-vin-alba-iulia","12":"product_tag-vinoteca-hugo","13":"product_tag-vinuri-colectie","14":"product_tag-vinuri-vechi","16":"first","17":"outofstock","18":"taxable","19":"shipping-taxable","20":"purchasable","21":"product-type-simple"},"yoast_head":"<!-- This site is optimized with the Yoast SEO plugin v24.6 - https:\/\/yoast.com\/wordpress\/plugins\/seo\/ -->\n<title>Vin vinoteca Muscat 1959 demisec (B135) fara cutie lemn - Vinoteca Hugo<\/title>\n<meta name=\"description\" content=\"Comand\u0103 online Vin vinoteca Muscat 1959 demisec (B135) fara cutie lemn de la Vinoteca Hugo! Vinuri de top pentru momente speciale.\" \/>\n<meta name=\"robots\" content=\"index, follow, max-snippet:-1, max-image-preview:large, max-video-preview:-1\" \/>\n<link rel=\"canonical\" href=\"https:\/\/vinotecahugo.ro\/en\/produs\/vin-vinoteca-muscat-1959-demisec-b135\/\" \/>\n<meta property=\"og:locale\" content=\"en_US\" \/>\n<meta property=\"og:type\" content=\"article\" \/>\n<meta property=\"og:title\" content=\"Vin vinoteca Muscat 1959 demisec (B135) fara cutie lemn - Vinoteca Hugo\" \/>\n<meta property=\"og:description\" content=\"Comand\u0103 online Vin vinoteca Muscat 1959 demisec (B135) fara cutie lemn de la Vinoteca Hugo! Vinuri de top pentru momente speciale.\" \/>\n<meta property=\"og:url\" content=\"https:\/\/vinotecahugo.ro\/en\/produs\/vin-vinoteca-muscat-1959-demisec-b135\/\" \/>\n<meta property=\"og:site_name\" content=\"Vinoteca Hugo\" \/>\n<meta property=\"article:publisher\" content=\"https:\/\/www.facebook.com\/VinotecaHugoAlbaIulia\" \/>\n<meta property=\"article:modified_time\" content=\"2024-02-13T22:06:08+00:00\" \/>\n<meta property=\"og:image\" content=\"https:\/\/vinotecahugo.ro\/wp-content\/uploads\/2021\/01\/muscat-1959-demisec.jpg\" \/>\n\t<meta property=\"og:image:width\" content=\"1200\" \/>\n\t<meta property=\"og:image:height\" content=\"1200\" \/>\n\t<meta property=\"og:image:type\" content=\"image\/jpeg\" \/>\n<meta name=\"twitter:card\" content=\"summary_large_image\" \/>\n<meta name=\"twitter:label1\" content=\"Est. reading time\" \/>\n\t<meta name=\"twitter:data1\" content=\"1 minute\" \/>\n<script type=\"application\/ld+json\" class=\"yoast-schema-graph\">{\"@context\":\"https:\/\/schema.org\",\"@graph\":[{\"@type\":\"WebPage\",\"@id\":\"https:\/\/vinotecahugo.ro\/en\/produs\/vin-vinoteca-muscat-1959-demisec-b135\/\",\"url\":\"https:\/\/vinotecahugo.ro\/en\/produs\/vin-vinoteca-muscat-1959-demisec-b135\/\",\"name\":\"Vin vinoteca Muscat 1959 demisec (B135) fara cutie lemn - Vinoteca Hugo\",\"isPartOf\":{\"@id\":\"https:\/\/vinotecahugo.ro\/en\/#website\"},\"primaryImageOfPage\":{\"@id\":\"https:\/\/vinotecahugo.ro\/en\/produs\/vin-vinoteca-muscat-1959-demisec-b135\/#primaryimage\"},\"image\":{\"@id\":\"https:\/\/vinotecahugo.ro\/en\/produs\/vin-vinoteca-muscat-1959-demisec-b135\/#primaryimage\"},\"thumbnailUrl\":\"https:\/\/vinotecahugo.ro\/wp-content\/uploads\/2021\/01\/muscat-1959-demisec.jpg\",\"datePublished\":\"2021-01-19T14:20:12+00:00\",\"dateModified\":\"2024-02-13T22:06:08+00:00\",\"description\":\"Comand\u0103 online Vin vinoteca Muscat 1959 demisec (B135) fara cutie lemn de la Vinoteca Hugo! Vinuri de top pentru momente speciale.\",\"breadcrumb\":{\"@id\":\"https:\/\/vinotecahugo.ro\/en\/produs\/vin-vinoteca-muscat-1959-demisec-b135\/#breadcrumb\"},\"inLanguage\":\"en-US\",\"potentialAction\":[{\"@type\":\"ReadAction\",\"target\":[\"https:\/\/vinotecahugo.ro\/en\/produs\/vin-vinoteca-muscat-1959-demisec-b135\/\"]}]},{\"@type\":\"ImageObject\",\"inLanguage\":\"en-US\",\"@id\":\"https:\/\/vinotecahugo.ro\/en\/produs\/vin-vinoteca-muscat-1959-demisec-b135\/#primaryimage\",\"url\":\"https:\/\/vinotecahugo.ro\/wp-content\/uploads\/2021\/01\/muscat-1959-demisec.jpg\",\"contentUrl\":\"https:\/\/vinotecahugo.ro\/wp-content\/uploads\/2021\/01\/muscat-1959-demisec.jpg\",\"width\":1200,\"height\":1200},{\"@type\":\"BreadcrumbList\",\"@id\":\"https:\/\/vinotecahugo.ro\/en\/produs\/vin-vinoteca-muscat-1959-demisec-b135\/#breadcrumb\",\"itemListElement\":[{\"@type\":\"ListItem\",\"position\":1,\"name\":\"Prima pagin\u0103\",\"item\":\"https:\/\/vinotecahugo.ro\/en\/\"},{\"@type\":\"ListItem\",\"position\":2,\"name\":\"Magazin\",\"item\":\"https:\/\/vinotecahugo.ro\/magazin\/\"},{\"@type\":\"ListItem\",\"position\":3,\"name\":\"Vin vinoteca Muscat 1959 demisec (B135) fara cutie lemn\"}]},{\"@type\":\"WebSite\",\"@id\":\"https:\/\/vinotecahugo.ro\/en\/#website\",\"url\":\"https:\/\/vinotecahugo.ro\/en\/\",\"name\":\"Vinoteca Hugo\",\"description\":\"vinotec\u0103 cu o colec\u021bie de peste 5000 de sticle de vin\",\"publisher\":{\"@id\":\"https:\/\/vinotecahugo.ro\/en\/#organization\"},\"potentialAction\":[{\"@type\":\"SearchAction\",\"target\":{\"@type\":\"EntryPoint\",\"urlTemplate\":\"https:\/\/vinotecahugo.ro\/en\/?s={search_term_string}\"},\"query-input\":{\"@type\":\"PropertyValueSpecification\",\"valueRequired\":true,\"valueName\":\"search_term_string\"}}],\"inLanguage\":\"en-US\"},{\"@type\":\"Organization\",\"@id\":\"https:\/\/vinotecahugo.ro\/en\/#organization\",\"name\":\"Vinoteca Hugo\",\"url\":\"https:\/\/vinotecahugo.ro\/en\/\",\"logo\":{\"@type\":\"ImageObject\",\"inLanguage\":\"en-US\",\"@id\":\"https:\/\/vinotecahugo.ro\/en\/#\/schema\/logo\/image\/\",\"url\":\"https:\/\/vinotecahugo.ro\/wp-content\/uploads\/2020\/04\/logo-vinoteca-hugo-160-120..jpg\",\"contentUrl\":\"https:\/\/vinotecahugo.ro\/wp-content\/uploads\/2020\/04\/logo-vinoteca-hugo-160-120..jpg\",\"width\":160,\"height\":120,\"caption\":\"Vinoteca Hugo\"},\"image\":{\"@id\":\"https:\/\/vinotecahugo.ro\/en\/#\/schema\/logo\/image\/\"},\"sameAs\":[\"https:\/\/www.facebook.com\/VinotecaHugoAlbaIulia\",\"https:\/\/www.instagram.com\/vinoteca_hugo\/\",\"https:\/\/www.youtube.com\/channel\/UCpprt6bjcY4i-6P9WM-466g\"]}]}<\/script>\n<!-- \/ Yoast SEO plugin. -->","yoast_head_json":{"title":"Vin vinoteca Muscat 1959 demisec (B135) fara cutie lemn - Vinoteca Hugo","description":"Comand\u0103 online Vin vinoteca Muscat 1959 demisec (B135) fara cutie lemn de la Vinoteca Hugo! Vinuri de top pentru momente speciale.","robots":{"index":"index","follow":"follow","max-snippet":"max-snippet:-1","max-image-preview":"max-image-preview:large","max-video-preview":"max-video-preview:-1"},"canonical":"https:\/\/vinotecahugo.ro\/en\/produs\/vin-vinoteca-muscat-1959-demisec-b135\/","og_locale":"en_US","og_type":"article","og_title":"Vin vinoteca Muscat 1959 demisec (B135) fara cutie lemn - Vinoteca Hugo","og_description":"Comand\u0103 online Vin vinoteca Muscat 1959 demisec (B135) fara cutie lemn de la Vinoteca Hugo! Vinuri de top pentru momente speciale.","og_url":"https:\/\/vinotecahugo.ro\/en\/produs\/vin-vinoteca-muscat-1959-demisec-b135\/","og_site_name":"Vinoteca Hugo","article_publisher":"https:\/\/www.facebook.com\/VinotecaHugoAlbaIulia","article_modified_time":"2024-02-13T22:06:08+00:00","og_image":[{"width":1200,"height":1200,"url":"https:\/\/vinotecahugo.ro\/wp-content\/uploads\/2021\/01\/muscat-1959-demisec.jpg","type":"image\/jpeg"}],"twitter_card":"summary_large_image","twitter_misc":{"Est. reading time":"1 minute"},"schema":{"@context":"https:\/\/schema.org","@graph":[{"@type":"WebPage","@id":"https:\/\/vinotecahugo.ro\/en\/produs\/vin-vinoteca-muscat-1959-demisec-b135\/","url":"https:\/\/vinotecahugo.ro\/en\/produs\/vin-vinoteca-muscat-1959-demisec-b135\/","name":"Vin vinoteca Muscat 1959 demisec (B135) fara cutie lemn - Vinoteca Hugo","isPartOf":{"@id":"https:\/\/vinotecahugo.ro\/en\/#website"},"primaryImageOfPage":{"@id":"https:\/\/vinotecahugo.ro\/en\/produs\/vin-vinoteca-muscat-1959-demisec-b135\/#primaryimage"},"image":{"@id":"https:\/\/vinotecahugo.ro\/en\/produs\/vin-vinoteca-muscat-1959-demisec-b135\/#primaryimage"},"thumbnailUrl":"https:\/\/vinotecahugo.ro\/wp-content\/uploads\/2021\/01\/muscat-1959-demisec.jpg","datePublished":"2021-01-19T14:20:12+00:00","dateModified":"2024-02-13T22:06:08+00:00","description":"Comand\u0103 online Vin vinoteca Muscat 1959 demisec (B135) fara cutie lemn de la Vinoteca Hugo! Vinuri de top pentru momente speciale.","breadcrumb":{"@id":"https:\/\/vinotecahugo.ro\/en\/produs\/vin-vinoteca-muscat-1959-demisec-b135\/#breadcrumb"},"inLanguage":"en-US","potentialAction":[{"@type":"ReadAction","target":["https:\/\/vinotecahugo.ro\/en\/produs\/vin-vinoteca-muscat-1959-demisec-b135\/"]}]},{"@type":"ImageObject","inLanguage":"en-US","@id":"https:\/\/vinotecahugo.ro\/en\/produs\/vin-vinoteca-muscat-1959-demisec-b135\/#primaryimage","url":"https:\/\/vinotecahugo.ro\/wp-content\/uploads\/2021\/01\/muscat-1959-demisec.jpg","contentUrl":"https:\/\/vinotecahugo.ro\/wp-content\/uploads\/2021\/01\/muscat-1959-demisec.jpg","width":1200,"height":1200},{"@type":"BreadcrumbList","@id":"https:\/\/vinotecahugo.ro\/en\/produs\/vin-vinoteca-muscat-1959-demisec-b135\/#breadcrumb","itemListElement":[{"@type":"ListItem","position":1,"name":"Prima pagin\u0103","item":"https:\/\/vinotecahugo.ro\/en\/"},{"@type":"ListItem","position":2,"name":"Magazin","item":"https:\/\/vinotecahugo.ro\/magazin\/"},{"@type":"ListItem","position":3,"name":"Vin vinoteca Muscat 1959 demisec (B135) fara cutie lemn"}]},{"@type":"WebSite","@id":"https:\/\/vinotecahugo.ro\/en\/#website","url":"https:\/\/vinotecahugo.ro\/en\/","name":"Vinoteca Hugo","description":"vinotec\u0103 cu o colec\u021bie de peste 5000 de sticle de vin","publisher":{"@id":"https:\/\/vinotecahugo.ro\/en\/#organization"},"potentialAction":[{"@type":"SearchAction","target":{"@type":"EntryPoint","urlTemplate":"https:\/\/vinotecahugo.ro\/en\/?s={search_term_string}"},"query-input":{"@type":"PropertyValueSpecification","valueRequired":true,"valueName":"search_term_string"}}],"inLanguage":"en-US"},{"@type":"Organization","@id":"https:\/\/vinotecahugo.ro\/en\/#organization","name":"Vinoteca Hugo","url":"https:\/\/vinotecahugo.ro\/en\/","logo":{"@type":"ImageObject","inLanguage":"en-US","@id":"https:\/\/vinotecahugo.ro\/en\/#\/schema\/logo\/image\/","url":"https:\/\/vinotecahugo.ro\/wp-content\/uploads\/2020\/04\/logo-vinoteca-hugo-160-120..jpg","contentUrl":"https:\/\/vinotecahugo.ro\/wp-content\/uploads\/2020\/04\/logo-vinoteca-hugo-160-120..jpg","width":160,"height":120,"caption":"Vinoteca Hugo"},"image":{"@id":"https:\/\/vinotecahugo.ro\/en\/#\/schema\/logo\/image\/"},"sameAs":["https:\/\/www.facebook.com\/VinotecaHugoAlbaIulia","https:\/\/www.instagram.com\/vinoteca_hugo\/","https:\/\/www.youtube.com\/channel\/UCpprt6bjcY4i-6P9WM-466g"]}]}},"_links":{"self":[{"href":"https:\/\/vinotecahugo.ro\/en\/wp-json\/wp\/v2\/product\/16927","targetHints":{"allow":["GET"]}}],"collection":[{"href":"https:\/\/vinotecahugo.ro\/en\/wp-json\/wp\/v2\/product"}],"about":[{"href":"https:\/\/vinotecahugo.ro\/en\/wp-json\/wp\/v2\/types\/product"}],"replies":[{"embeddable":true,"href":"https:\/\/vinotecahugo.ro\/en\/wp-json\/wp\/v2\/comments?post=16927"}],"wp:featuredmedia":[{"embeddable":true,"href":"https:\/\/vinotecahugo.ro\/en\/wp-json\/wp\/v2\/media\/16929"}],"wp:attachment":[{"href":"https:\/\/vinotecahugo.ro\/en\/wp-json\/wp\/v2\/media?parent=16927"}],"wp:term":[{"taxonomy":"product_brand","embeddable":true,"href":"https:\/\/vinotecahugo.ro\/en\/wp-json\/wp\/v2\/product_brand?post=16927"},{"taxonomy":"product_cat","embeddable":true,"href":"https:\/\/vinotecahugo.ro\/en\/wp-json\/wp\/v2\/product_cat?post=16927"},{"taxonomy":"product_tag","embeddable":true,"href":"https:\/\/vinotecahugo.ro\/en\/wp-json\/wp\/v2\/product_tag?post=16927"}],"curies":[{"name":"wp","href":"https:\/\/api.w.org\/{rel}","templated":true}]}}