{"id":16822,"date":"2020-12-08T17:01:59","date_gmt":"2020-12-08T15:01:59","guid":{"rendered":"https:\/\/vinotecahugo.ro\/?post_type=product&#038;p=16822"},"modified":"2024-10-30T23:13:36","modified_gmt":"2024-10-30T21:13:36","slug":"vin-vinoteca-feteasca-regala-1953-demisec","status":"publish","type":"product","link":"https:\/\/vinotecahugo.ro\/en\/produs\/vin-vinoteca-feteasca-regala-1953-demisec\/","title":{"rendered":"Vin vinoteca Feteasca Regala 1953 demisec (B14)  fara cutie lemn"},"content":{"rendered":"<p><strong>Vin vinoteca Feteasca Regala 1953 demisec<\/strong><\/p>\n<div class=\"lbDescription\">\n<div class=\"video-shortcode\"><iframe title=\"Vinoteca Hugo (long movie) RO\" width=\"1100\" height=\"619\" src=\"https:\/\/www.youtube.com\/embed\/Hg0yk-Ulb8I?feature=oembed\" frameborder=\"0\" allow=\"accelerometer; autoplay; clipboard-write; encrypted-media; gyroscope; picture-in-picture\" allowfullscreen><\/iframe><\/div>\n<div class=\"text_exposed_show\">\n<div class=\"et_pb_row_inner et_pb_row_inner_6\">\n<div class=\"et_pb_column et_pb_column_3_8 et_pb_column_inner et_pb_column_inner_8\">\n<div class=\"et_pb_module et_pb_text et_pb_text_5 et_pb_text_align_left et_pb_bg_layout_light\">\n<div class=\"et_pb_text_inner\"><\/div>\n<\/div>\n<\/div>\n<\/div>\n<div class=\"et_pb_row_inner et_pb_row_inner_7\">\n<div class=\"et_pb_column et_pb_column_4_4 et_pb_column_inner et_pb_column_inner_10 et-last-child\">\n<div class=\"et_pb_module et_pb_text et_pb_text_7 et_pb_text_align_left et_pb_bg_layout_light\">\n<div class=\"et_pb_text_inner\">\n<p>&nbsp;<\/p>\n<\/div>\n<\/div>\n<\/div>\n<\/div>\n<p>Afla ultimile noutati despre noi <a href=\"https:\/\/web.facebook.com\/VinotecaHugoAlbaIulia\/\">AICI<\/a><\/p>\n<\/div>\n<p>Pentru programul de degustari si oferte personalizate te invitam sa devii membrul clubului Vinoteca Hugo. Pentru mai multe informatii fa click <a href=\"https:\/\/vinotecahugo.ro\/evenimente\/\">AICI.<\/a><\/p>\n<\/div>\n<p>&nbsp;<\/p>\n","protected":false},"excerpt":{"rendered":"<div class=\"\" data-block=\"true\" data-editor=\"dh49k\" data-offset-key=\"4qk36-0-0\">\n<div class=\"_1mf _1mj\" data-offset-key=\"4qk36-0-0\"><span data-offset-key=\"4qk36-0-0\">O alta legenda VIE din colectia <\/span><span class=\"diy96o5h\" spellcheck=\"false\" data-offset-key=\"4qk36-1-0\"><span data-offset-key=\"4qk36-1-0\">Vinoteca HUGO<\/span><\/span><span data-offset-key=\"4qk36-2-0\"> &#8211; Feteasca Regala 1953(demisec). Unul din cele mai vechi vinuri din Romania care au la baza acest soi autohton, si care poate fi gasit inca in vanzare. Produs in regiunea viticola Podisul Transilvaniei, la doar 25 ani, dupa prezentarea oficiala a soiului Feteasca Regala la Expozi\u021bia Na\u021bional\u0103 de Vinuri \u0219i Fructe de la Bucure\u0219ti (1928). Dupa aproape 67 ani, inca ne poate incanta cu caracteristici organoleptice deosebite.\u00a0<\/span><\/div>\n<\/div>\n<div class=\"\" data-block=\"true\" data-editor=\"dh49k\" data-offset-key=\"bvetf-0-0\">\n<div class=\"_1mf _1mj\" data-offset-key=\"bvetf-0-0\"><span data-offset-key=\"bvetf-0-0\">Feteasca Regala este un soi romanesc de struguri albi rezultat din hibridarea natural\u0103 dintre soiurile Feteasc\u0103 Alb\u0103 \u0219i Fr\u00e2ncu\u0219\u0103. Soiul a fost identificat \u00een jurul anului 1903 \u00een comuna Dane\u0219 (judetul Mures). \u00cen prezent, este cel mai cultivat soi din Rom\u00e2nia, ocup\u00e2nd o suprafa\u021b\u0103 de 12.639,3181 ha .<\/span><\/div>\n<\/div>\n<p>NOTA: Cutia de lemn nu este inclusa in pret. <strong><a href=\"https:\/\/vinotecahugo.ro\/produs\/cutie-de-lemn-1-sticla\/\">CUTIA POATE FI COMANDATA AICI (CLICK)<\/a><\/strong><\/p>\n","protected":false},"featured_media":16824,"comment_status":"open","ping_status":"closed","template":"","meta":[],"product_brand":[],"product_cat":[882,883,54,58,145],"product_tag":[356,355,792,790],"class_list":{"0":"post-16822","1":"product","2":"type-product","3":"status-publish","4":"has-post-thumbnail","6":"product_cat-vin-alb","7":"product_cat-vin-alb-demisec","8":"product_cat-vinuri-de-colectie","9":"product_cat-vinuri-de-vinoteca","10":"product_cat-vinuri-romanesti","11":"product_tag-vin-alba-iulia","12":"product_tag-vinoteca-hugo","13":"product_tag-vinuri-colectie","14":"product_tag-vinuri-vechi","16":"first","17":"outofstock","18":"sale","19":"taxable","20":"shipping-taxable","21":"purchasable","22":"product-type-simple"},"yoast_head":"<!-- This site is optimized with the Yoast SEO plugin v24.6 - https:\/\/yoast.com\/wordpress\/plugins\/seo\/ -->\n<title>Vin vinoteca Feteasca Regala 1953 demisec (B14) fara cutie lemn - Vinoteca Hugo<\/title>\n<meta name=\"description\" content=\"Comand\u0103 online Vin vinoteca Feteasca Regala 1953 demisec (B14) fara cutie lemn de la Vinoteca Hugo! Vinuri de top pentru momente speciale.\" \/>\n<meta name=\"robots\" content=\"index, follow, max-snippet:-1, max-image-preview:large, max-video-preview:-1\" \/>\n<link rel=\"canonical\" href=\"https:\/\/vinotecahugo.ro\/en\/produs\/vin-vinoteca-feteasca-regala-1953-demisec\/\" \/>\n<meta property=\"og:locale\" content=\"en_US\" \/>\n<meta property=\"og:type\" content=\"article\" \/>\n<meta property=\"og:title\" content=\"Vin vinoteca Feteasca Regala 1953 demisec (B14) fara cutie lemn - Vinoteca Hugo\" \/>\n<meta property=\"og:description\" content=\"Comand\u0103 online Vin vinoteca Feteasca Regala 1953 demisec (B14) fara cutie lemn de la Vinoteca Hugo! Vinuri de top pentru momente speciale.\" \/>\n<meta property=\"og:url\" content=\"https:\/\/vinotecahugo.ro\/en\/produs\/vin-vinoteca-feteasca-regala-1953-demisec\/\" \/>\n<meta property=\"og:site_name\" content=\"Vinoteca Hugo\" \/>\n<meta property=\"article:publisher\" content=\"https:\/\/www.facebook.com\/VinotecaHugoAlbaIulia\" \/>\n<meta property=\"article:modified_time\" content=\"2024-10-30T21:13:36+00:00\" \/>\n<meta property=\"og:image\" content=\"https:\/\/vinotecahugo.ro\/wp-content\/uploads\/2020\/12\/feteasca-regala-1953.jpg\" \/>\n\t<meta property=\"og:image:width\" content=\"1200\" \/>\n\t<meta property=\"og:image:height\" content=\"1200\" \/>\n\t<meta property=\"og:image:type\" content=\"image\/jpeg\" \/>\n<meta name=\"twitter:card\" content=\"summary_large_image\" \/>\n<script type=\"application\/ld+json\" class=\"yoast-schema-graph\">{\"@context\":\"https:\/\/schema.org\",\"@graph\":[{\"@type\":\"WebPage\",\"@id\":\"https:\/\/vinotecahugo.ro\/en\/produs\/vin-vinoteca-feteasca-regala-1953-demisec\/\",\"url\":\"https:\/\/vinotecahugo.ro\/en\/produs\/vin-vinoteca-feteasca-regala-1953-demisec\/\",\"name\":\"Vin vinoteca Feteasca Regala 1953 demisec (B14) fara cutie lemn - Vinoteca Hugo\",\"isPartOf\":{\"@id\":\"https:\/\/vinotecahugo.ro\/en\/#website\"},\"primaryImageOfPage\":{\"@id\":\"https:\/\/vinotecahugo.ro\/en\/produs\/vin-vinoteca-feteasca-regala-1953-demisec\/#primaryimage\"},\"image\":{\"@id\":\"https:\/\/vinotecahugo.ro\/en\/produs\/vin-vinoteca-feteasca-regala-1953-demisec\/#primaryimage\"},\"thumbnailUrl\":\"https:\/\/vinotecahugo.ro\/wp-content\/uploads\/2020\/12\/feteasca-regala-1953.jpg\",\"datePublished\":\"2020-12-08T15:01:59+00:00\",\"dateModified\":\"2024-10-30T21:13:36+00:00\",\"description\":\"Comand\u0103 online Vin vinoteca Feteasca Regala 1953 demisec (B14) fara cutie lemn de la Vinoteca Hugo! Vinuri de top pentru momente speciale.\",\"breadcrumb\":{\"@id\":\"https:\/\/vinotecahugo.ro\/en\/produs\/vin-vinoteca-feteasca-regala-1953-demisec\/#breadcrumb\"},\"inLanguage\":\"en-US\",\"potentialAction\":[{\"@type\":\"ReadAction\",\"target\":[\"https:\/\/vinotecahugo.ro\/en\/produs\/vin-vinoteca-feteasca-regala-1953-demisec\/\"]}]},{\"@type\":\"ImageObject\",\"inLanguage\":\"en-US\",\"@id\":\"https:\/\/vinotecahugo.ro\/en\/produs\/vin-vinoteca-feteasca-regala-1953-demisec\/#primaryimage\",\"url\":\"https:\/\/vinotecahugo.ro\/wp-content\/uploads\/2020\/12\/feteasca-regala-1953.jpg\",\"contentUrl\":\"https:\/\/vinotecahugo.ro\/wp-content\/uploads\/2020\/12\/feteasca-regala-1953.jpg\",\"width\":1200,\"height\":1200},{\"@type\":\"BreadcrumbList\",\"@id\":\"https:\/\/vinotecahugo.ro\/en\/produs\/vin-vinoteca-feteasca-regala-1953-demisec\/#breadcrumb\",\"itemListElement\":[{\"@type\":\"ListItem\",\"position\":1,\"name\":\"Prima pagin\u0103\",\"item\":\"https:\/\/vinotecahugo.ro\/en\/\"},{\"@type\":\"ListItem\",\"position\":2,\"name\":\"Magazin\",\"item\":\"https:\/\/vinotecahugo.ro\/magazin\/\"},{\"@type\":\"ListItem\",\"position\":3,\"name\":\"Vin vinoteca Feteasca Regala 1953 demisec (B14) fara cutie lemn\"}]},{\"@type\":\"WebSite\",\"@id\":\"https:\/\/vinotecahugo.ro\/en\/#website\",\"url\":\"https:\/\/vinotecahugo.ro\/en\/\",\"name\":\"Vinoteca Hugo\",\"description\":\"vinotec\u0103 cu o colec\u021bie de peste 5000 de sticle de vin\",\"publisher\":{\"@id\":\"https:\/\/vinotecahugo.ro\/en\/#organization\"},\"potentialAction\":[{\"@type\":\"SearchAction\",\"target\":{\"@type\":\"EntryPoint\",\"urlTemplate\":\"https:\/\/vinotecahugo.ro\/en\/?s={search_term_string}\"},\"query-input\":{\"@type\":\"PropertyValueSpecification\",\"valueRequired\":true,\"valueName\":\"search_term_string\"}}],\"inLanguage\":\"en-US\"},{\"@type\":\"Organization\",\"@id\":\"https:\/\/vinotecahugo.ro\/en\/#organization\",\"name\":\"Vinoteca Hugo\",\"url\":\"https:\/\/vinotecahugo.ro\/en\/\",\"logo\":{\"@type\":\"ImageObject\",\"inLanguage\":\"en-US\",\"@id\":\"https:\/\/vinotecahugo.ro\/en\/#\/schema\/logo\/image\/\",\"url\":\"https:\/\/vinotecahugo.ro\/wp-content\/uploads\/2020\/04\/logo-vinoteca-hugo-160-120..jpg\",\"contentUrl\":\"https:\/\/vinotecahugo.ro\/wp-content\/uploads\/2020\/04\/logo-vinoteca-hugo-160-120..jpg\",\"width\":160,\"height\":120,\"caption\":\"Vinoteca Hugo\"},\"image\":{\"@id\":\"https:\/\/vinotecahugo.ro\/en\/#\/schema\/logo\/image\/\"},\"sameAs\":[\"https:\/\/www.facebook.com\/VinotecaHugoAlbaIulia\",\"https:\/\/www.instagram.com\/vinoteca_hugo\/\",\"https:\/\/www.youtube.com\/channel\/UCpprt6bjcY4i-6P9WM-466g\"]}]}<\/script>\n<!-- \/ Yoast SEO plugin. -->","yoast_head_json":{"title":"Vin vinoteca Feteasca Regala 1953 demisec (B14) fara cutie lemn - Vinoteca Hugo","description":"Comand\u0103 online Vin vinoteca Feteasca Regala 1953 demisec (B14) fara cutie lemn de la Vinoteca Hugo! Vinuri de top pentru momente speciale.","robots":{"index":"index","follow":"follow","max-snippet":"max-snippet:-1","max-image-preview":"max-image-preview:large","max-video-preview":"max-video-preview:-1"},"canonical":"https:\/\/vinotecahugo.ro\/en\/produs\/vin-vinoteca-feteasca-regala-1953-demisec\/","og_locale":"en_US","og_type":"article","og_title":"Vin vinoteca Feteasca Regala 1953 demisec (B14) fara cutie lemn - Vinoteca Hugo","og_description":"Comand\u0103 online Vin vinoteca Feteasca Regala 1953 demisec (B14) fara cutie lemn de la Vinoteca Hugo! Vinuri de top pentru momente speciale.","og_url":"https:\/\/vinotecahugo.ro\/en\/produs\/vin-vinoteca-feteasca-regala-1953-demisec\/","og_site_name":"Vinoteca Hugo","article_publisher":"https:\/\/www.facebook.com\/VinotecaHugoAlbaIulia","article_modified_time":"2024-10-30T21:13:36+00:00","og_image":[{"width":1200,"height":1200,"url":"https:\/\/vinotecahugo.ro\/wp-content\/uploads\/2020\/12\/feteasca-regala-1953.jpg","type":"image\/jpeg"}],"twitter_card":"summary_large_image","schema":{"@context":"https:\/\/schema.org","@graph":[{"@type":"WebPage","@id":"https:\/\/vinotecahugo.ro\/en\/produs\/vin-vinoteca-feteasca-regala-1953-demisec\/","url":"https:\/\/vinotecahugo.ro\/en\/produs\/vin-vinoteca-feteasca-regala-1953-demisec\/","name":"Vin vinoteca Feteasca Regala 1953 demisec (B14) fara cutie lemn - Vinoteca Hugo","isPartOf":{"@id":"https:\/\/vinotecahugo.ro\/en\/#website"},"primaryImageOfPage":{"@id":"https:\/\/vinotecahugo.ro\/en\/produs\/vin-vinoteca-feteasca-regala-1953-demisec\/#primaryimage"},"image":{"@id":"https:\/\/vinotecahugo.ro\/en\/produs\/vin-vinoteca-feteasca-regala-1953-demisec\/#primaryimage"},"thumbnailUrl":"https:\/\/vinotecahugo.ro\/wp-content\/uploads\/2020\/12\/feteasca-regala-1953.jpg","datePublished":"2020-12-08T15:01:59+00:00","dateModified":"2024-10-30T21:13:36+00:00","description":"Comand\u0103 online Vin vinoteca Feteasca Regala 1953 demisec (B14) fara cutie lemn de la Vinoteca Hugo! Vinuri de top pentru momente speciale.","breadcrumb":{"@id":"https:\/\/vinotecahugo.ro\/en\/produs\/vin-vinoteca-feteasca-regala-1953-demisec\/#breadcrumb"},"inLanguage":"en-US","potentialAction":[{"@type":"ReadAction","target":["https:\/\/vinotecahugo.ro\/en\/produs\/vin-vinoteca-feteasca-regala-1953-demisec\/"]}]},{"@type":"ImageObject","inLanguage":"en-US","@id":"https:\/\/vinotecahugo.ro\/en\/produs\/vin-vinoteca-feteasca-regala-1953-demisec\/#primaryimage","url":"https:\/\/vinotecahugo.ro\/wp-content\/uploads\/2020\/12\/feteasca-regala-1953.jpg","contentUrl":"https:\/\/vinotecahugo.ro\/wp-content\/uploads\/2020\/12\/feteasca-regala-1953.jpg","width":1200,"height":1200},{"@type":"BreadcrumbList","@id":"https:\/\/vinotecahugo.ro\/en\/produs\/vin-vinoteca-feteasca-regala-1953-demisec\/#breadcrumb","itemListElement":[{"@type":"ListItem","position":1,"name":"Prima pagin\u0103","item":"https:\/\/vinotecahugo.ro\/en\/"},{"@type":"ListItem","position":2,"name":"Magazin","item":"https:\/\/vinotecahugo.ro\/magazin\/"},{"@type":"ListItem","position":3,"name":"Vin vinoteca Feteasca Regala 1953 demisec (B14) fara cutie lemn"}]},{"@type":"WebSite","@id":"https:\/\/vinotecahugo.ro\/en\/#website","url":"https:\/\/vinotecahugo.ro\/en\/","name":"Vinoteca Hugo","description":"vinotec\u0103 cu o colec\u021bie de peste 5000 de sticle de vin","publisher":{"@id":"https:\/\/vinotecahugo.ro\/en\/#organization"},"potentialAction":[{"@type":"SearchAction","target":{"@type":"EntryPoint","urlTemplate":"https:\/\/vinotecahugo.ro\/en\/?s={search_term_string}"},"query-input":{"@type":"PropertyValueSpecification","valueRequired":true,"valueName":"search_term_string"}}],"inLanguage":"en-US"},{"@type":"Organization","@id":"https:\/\/vinotecahugo.ro\/en\/#organization","name":"Vinoteca Hugo","url":"https:\/\/vinotecahugo.ro\/en\/","logo":{"@type":"ImageObject","inLanguage":"en-US","@id":"https:\/\/vinotecahugo.ro\/en\/#\/schema\/logo\/image\/","url":"https:\/\/vinotecahugo.ro\/wp-content\/uploads\/2020\/04\/logo-vinoteca-hugo-160-120..jpg","contentUrl":"https:\/\/vinotecahugo.ro\/wp-content\/uploads\/2020\/04\/logo-vinoteca-hugo-160-120..jpg","width":160,"height":120,"caption":"Vinoteca Hugo"},"image":{"@id":"https:\/\/vinotecahugo.ro\/en\/#\/schema\/logo\/image\/"},"sameAs":["https:\/\/www.facebook.com\/VinotecaHugoAlbaIulia","https:\/\/www.instagram.com\/vinoteca_hugo\/","https:\/\/www.youtube.com\/channel\/UCpprt6bjcY4i-6P9WM-466g"]}]}},"_links":{"self":[{"href":"https:\/\/vinotecahugo.ro\/en\/wp-json\/wp\/v2\/product\/16822","targetHints":{"allow":["GET"]}}],"collection":[{"href":"https:\/\/vinotecahugo.ro\/en\/wp-json\/wp\/v2\/product"}],"about":[{"href":"https:\/\/vinotecahugo.ro\/en\/wp-json\/wp\/v2\/types\/product"}],"replies":[{"embeddable":true,"href":"https:\/\/vinotecahugo.ro\/en\/wp-json\/wp\/v2\/comments?post=16822"}],"wp:featuredmedia":[{"embeddable":true,"href":"https:\/\/vinotecahugo.ro\/en\/wp-json\/wp\/v2\/media\/16824"}],"wp:attachment":[{"href":"https:\/\/vinotecahugo.ro\/en\/wp-json\/wp\/v2\/media?parent=16822"}],"wp:term":[{"taxonomy":"product_brand","embeddable":true,"href":"https:\/\/vinotecahugo.ro\/en\/wp-json\/wp\/v2\/product_brand?post=16822"},{"taxonomy":"product_cat","embeddable":true,"href":"https:\/\/vinotecahugo.ro\/en\/wp-json\/wp\/v2\/product_cat?post=16822"},{"taxonomy":"product_tag","embeddable":true,"href":"https:\/\/vinotecahugo.ro\/en\/wp-json\/wp\/v2\/product_tag?post=16822"}],"curies":[{"name":"wp","href":"https:\/\/api.w.org\/{rel}","templated":true}]}}