{"id":16747,"date":"2020-10-30T17:21:32","date_gmt":"2020-10-30T15:21:32","guid":{"rendered":"https:\/\/vinotecahugo.ro\/?post_type=product&#038;p=16747"},"modified":"2021-06-17T16:43:49","modified_gmt":"2021-06-17T13:43:49","slug":"ghidul-nu-stiu-nimic-despre-vin-dar-vreau-sa-invat","status":"publish","type":"product","link":"https:\/\/vinotecahugo.ro\/en\/produs\/ghidul-nu-stiu-nimic-despre-vin-dar-vreau-sa-invat\/","title":{"rendered":"GHIDUL \u201dNU \u0218TIU NIMIC DESPRE VIN, DAR VREAU S\u0102 \u00ceNV\u0102\u021a!\u201d"},"content":{"rendered":"<p><strong>GHIDUL \u201dNU \u0218TIU NIMIC DESPRE VIN, DAR VREAU S\u0102 \u00ceNV\u0102\u021a!\u201d<\/strong><\/p>\n<p><strong>De la autor:<\/strong><\/p>\n<p><em>\u00a0 \u00a0 \u201dNu \u0219tiu nimic despre vin, dar vreau s\u0103 \u00eenv\u0103\u021b!\u201d Sunt cuvintele pe care mi le-am spus mie \u00eensumi acum aproape un an. \u0218i, pornind de la ele, am \u00eenceput\u2026 S\u0103 citesc, s\u0103 m\u0103 documentez, s\u0103 \u00eei urm\u0103resc pe speciali\u0219ti, s\u0103 \u00eentreb, s\u0103 beau vin, s\u0103 scriu pe blog, \u0219i a\u0219a mai departe. Slav\u0103 Domnului, sunt sute de surse de informare disponibile! Dar lipsea ceva\u2026 Sim\u021beam nevoia ca toate informa\u021biile acestea \u2013 \u00een special cele de care aveam eu nevoie: de baz\u0103, esen\u021biale, de pornire, s\u0103 fie str\u00e2nse la un loc, toate, sau c\u00e2t mai multe! S\u0103 nu mai fie \u00eemp\u0103\u0219tiate \u00een 20 de c\u0103r\u021bi \u0219i pe 20 de site-uri, s\u0103 fie restr\u00e2nse, explicate \u0219i prezentate \u00eentr-o singur\u0103 form\u0103, mai pe \u00een\u021belesul meu. Mai la nivelul meu. De la zero.<\/em><\/p>\n<p><em>\u00a0Astfel s-au n\u0103scut aceaste dou\u0103 idei\u2026\u00a0\u201dInforma\u021biile esen\u021biale \u00een doar 90 de minute\u201d\u00a0\u0219i\u00a0\u201dO carte ridicol de simpl\u0103, util\u0103 \u0219i pl\u0103cut\u0103\u201d. O carte pe care eu, ca \u00eencep\u0103tor, neini\u021biat, necunosc\u0103tor, amator, sau cum vre\u021bi s\u0103 \u00eei spune\u021bi, mi-a\u0219 fi dorit s\u0103 o am atunci la \u00eendem\u00e2n\u0103!<\/em><\/p>\n<p><em>\u00a0 \u00a0 \u0218i, pentru c\u0103 nu am avut-o, am decis s\u0103 o scriu eu \u2013 un \u00eencep\u0103tor! Mul\u021bi poate vor privi cu reticen\u021b\u0103 acest proiect. Pentru c\u0103 nu am studii \u00een domeniu, nu am preg\u0103tire profesional\u0103, nu am experien\u021b\u0103\u2026 Dar tocmai acest lucru spun eu c\u0103 este avantajul principal: faptul c\u0103, fiind \u00eencep\u0103tor, pot s\u0103 p\u0103strez totul simplu. \u0218i s\u0103 prezint totul simplu. Pentru cei ca mine. V\u0103 las pe voi s\u0103 descoperi\u021bi cum \u0219i dac\u0103 am reu\u0219it acest lucru.<\/em><\/p>\n<div class=\"lbDescription\">\n<div class=\"video-shortcode\"><iframe title=\"Introduction To Winemaking\" width=\"1100\" height=\"619\" src=\"https:\/\/www.youtube.com\/embed\/2PIvfUvlBvg?feature=oembed\" frameborder=\"0\" allow=\"accelerometer; autoplay; clipboard-write; encrypted-media; gyroscope; picture-in-picture\" allowfullscreen><\/iframe><\/div>\n<p>Mai multe informatii despre autor gasiti <a href=\"https:\/\/albrosusauroze.ro\/despre-mine\/\">AICI<\/a> .<\/p>\n<\/div>\n<p>Pentru programul de degustari si oferte personalizate te invitam sa devii membrul clubului Vinoteca Hugo. Pentru mai multe informatii fa click <a href=\"https:\/\/vinotecahugo.ro\/evenimente\/\">AICI.<\/a><\/p>\n","protected":false},"excerpt":{"rendered":"<p>Descoper\u0103 primul ghid scris \u00een limba rom\u00e2n\u0103, dedicat celor care m\u0103car o singur\u0103 dat\u0103 s-au g\u00e2ndit la fraza: \u201dNU \u0218TIU NIMIC DESPRE VIN, DAR VREAU S\u0102 \u00ceNV\u0102\u021a!\u201d. O \u00eencercare f\u0103cut\u0103 de\u00a0 Alexandru Mihai Ghenie, autorul c\u0103r\u0163ii, de a prezenta informa\u0163ii simple \u015fi u\u015for de \u00een\u0163eles pentru cei care sunt la \u00eenceputul ,,rela\u0163iei&#8221; lor cu vinul.<\/p>\n<p>Aceast\u0103 carte se cite\u0219te \u00een mai pu\u021bin de 90 de minute. Iar informa\u021biile din ea\u2026 Cum s\u0103 v\u0103 spun pe scurt? Ne poart\u0103 pe noi, ca cititori \u0219i iubitori de vin, de deasupra P\u0103m\u00e2ntului, de deasupra podgoriilor\u2026 p\u00e2n\u0103 vinul ne ajunge \u00een s\u00e2nge, \u00een creier \u0219i \u00een inim\u0103. Un drum povestit frumos, o lectur\u0103 pl\u0103cut\u0103 \u0219i u\u0219oar\u0103, cu informa\u021bii practice, utile \u0219i interesante. Ridicol de simple. Dar necesare. \u0218i bine-venite.<\/p>\n<p>&nbsp;<\/p>\n","protected":false},"featured_media":16755,"comment_status":"open","ping_status":"closed","template":"","meta":[],"product_brand":[],"product_cat":[145],"product_tag":[789],"class_list":{"0":"post-16747","1":"product","2":"type-product","3":"status-publish","4":"has-post-thumbnail","6":"product_cat-vinuri-romanesti","7":"product_tag-carte","8":"product_shipping_class-livrare-20-ron","10":"first","11":"instock","12":"taxable","13":"shipping-taxable","14":"purchasable","15":"product-type-simple"},"yoast_head":"<!-- This site is optimized with the Yoast SEO plugin v24.6 - https:\/\/yoast.com\/wordpress\/plugins\/seo\/ -->\n<title>GHIDUL \u201dNU \u0218TIU NIMIC DESPRE VIN, DAR VREAU S\u0102 \u00ceNV\u0102\u021a!\u201d - Vinoteca Hugo<\/title>\n<meta name=\"description\" content=\"Comand\u0103 online GHIDUL \u201dNU \u0218TIU NIMIC DESPRE VIN, DAR VREAU S\u0102 \u00ceNV\u0102\u021a!\u201d de la Vinoteca Hugo! Vinuri de top pentru momente speciale.\" \/>\n<meta name=\"robots\" content=\"index, follow, max-snippet:-1, max-image-preview:large, max-video-preview:-1\" \/>\n<link rel=\"canonical\" href=\"https:\/\/vinotecahugo.ro\/en\/produs\/ghidul-nu-stiu-nimic-despre-vin-dar-vreau-sa-invat\/\" \/>\n<meta property=\"og:locale\" content=\"en_US\" \/>\n<meta property=\"og:type\" content=\"article\" \/>\n<meta property=\"og:title\" content=\"GHIDUL \u201dNU \u0218TIU NIMIC DESPRE VIN, DAR VREAU S\u0102 \u00ceNV\u0102\u021a!\u201d - Vinoteca Hugo\" \/>\n<meta property=\"og:description\" content=\"Comand\u0103 online GHIDUL \u201dNU \u0218TIU NIMIC DESPRE VIN, DAR VREAU S\u0102 \u00ceNV\u0102\u021a!\u201d de la Vinoteca Hugo! Vinuri de top pentru momente speciale.\" \/>\n<meta property=\"og:url\" content=\"https:\/\/vinotecahugo.ro\/en\/produs\/ghidul-nu-stiu-nimic-despre-vin-dar-vreau-sa-invat\/\" \/>\n<meta property=\"og:site_name\" content=\"Vinoteca Hugo\" \/>\n<meta property=\"article:publisher\" content=\"https:\/\/www.facebook.com\/VinotecaHugoAlbaIulia\" \/>\n<meta property=\"article:modified_time\" content=\"2021-06-17T13:43:49+00:00\" \/>\n<meta property=\"og:image\" content=\"https:\/\/vinotecahugo.ro\/wp-content\/uploads\/2020\/10\/Fara-titlu.jpg\" \/>\n\t<meta property=\"og:image:width\" content=\"600\" \/>\n\t<meta property=\"og:image:height\" content=\"600\" \/>\n\t<meta property=\"og:image:type\" content=\"image\/jpeg\" \/>\n<meta name=\"twitter:card\" content=\"summary_large_image\" \/>\n<meta name=\"twitter:label1\" content=\"Est. reading time\" \/>\n\t<meta name=\"twitter:data1\" content=\"2 minutes\" \/>\n<script type=\"application\/ld+json\" class=\"yoast-schema-graph\">{\"@context\":\"https:\/\/schema.org\",\"@graph\":[{\"@type\":\"WebPage\",\"@id\":\"https:\/\/vinotecahugo.ro\/en\/produs\/ghidul-nu-stiu-nimic-despre-vin-dar-vreau-sa-invat\/\",\"url\":\"https:\/\/vinotecahugo.ro\/en\/produs\/ghidul-nu-stiu-nimic-despre-vin-dar-vreau-sa-invat\/\",\"name\":\"GHIDUL \u201dNU \u0218TIU NIMIC DESPRE VIN, DAR VREAU S\u0102 \u00ceNV\u0102\u021a!\u201d - Vinoteca Hugo\",\"isPartOf\":{\"@id\":\"https:\/\/vinotecahugo.ro\/en\/#website\"},\"primaryImageOfPage\":{\"@id\":\"https:\/\/vinotecahugo.ro\/en\/produs\/ghidul-nu-stiu-nimic-despre-vin-dar-vreau-sa-invat\/#primaryimage\"},\"image\":{\"@id\":\"https:\/\/vinotecahugo.ro\/en\/produs\/ghidul-nu-stiu-nimic-despre-vin-dar-vreau-sa-invat\/#primaryimage\"},\"thumbnailUrl\":\"https:\/\/vinotecahugo.ro\/wp-content\/uploads\/2020\/10\/Fara-titlu.jpg\",\"datePublished\":\"2020-10-30T15:21:32+00:00\",\"dateModified\":\"2021-06-17T13:43:49+00:00\",\"description\":\"Comand\u0103 online GHIDUL \u201dNU \u0218TIU NIMIC DESPRE VIN, DAR VREAU S\u0102 \u00ceNV\u0102\u021a!\u201d de la Vinoteca Hugo! Vinuri de top pentru momente speciale.\",\"breadcrumb\":{\"@id\":\"https:\/\/vinotecahugo.ro\/en\/produs\/ghidul-nu-stiu-nimic-despre-vin-dar-vreau-sa-invat\/#breadcrumb\"},\"inLanguage\":\"en-US\",\"potentialAction\":[{\"@type\":\"ReadAction\",\"target\":[\"https:\/\/vinotecahugo.ro\/en\/produs\/ghidul-nu-stiu-nimic-despre-vin-dar-vreau-sa-invat\/\"]}]},{\"@type\":\"ImageObject\",\"inLanguage\":\"en-US\",\"@id\":\"https:\/\/vinotecahugo.ro\/en\/produs\/ghidul-nu-stiu-nimic-despre-vin-dar-vreau-sa-invat\/#primaryimage\",\"url\":\"https:\/\/vinotecahugo.ro\/wp-content\/uploads\/2020\/10\/Fara-titlu.jpg\",\"contentUrl\":\"https:\/\/vinotecahugo.ro\/wp-content\/uploads\/2020\/10\/Fara-titlu.jpg\",\"width\":600,\"height\":600},{\"@type\":\"BreadcrumbList\",\"@id\":\"https:\/\/vinotecahugo.ro\/en\/produs\/ghidul-nu-stiu-nimic-despre-vin-dar-vreau-sa-invat\/#breadcrumb\",\"itemListElement\":[{\"@type\":\"ListItem\",\"position\":1,\"name\":\"Prima pagin\u0103\",\"item\":\"https:\/\/vinotecahugo.ro\/en\/\"},{\"@type\":\"ListItem\",\"position\":2,\"name\":\"Magazin\",\"item\":\"https:\/\/vinotecahugo.ro\/magazin\/\"},{\"@type\":\"ListItem\",\"position\":3,\"name\":\"GHIDUL \u201dNU \u0218TIU NIMIC DESPRE VIN, DAR VREAU S\u0102 \u00ceNV\u0102\u021a!\u201d\"}]},{\"@type\":\"WebSite\",\"@id\":\"https:\/\/vinotecahugo.ro\/en\/#website\",\"url\":\"https:\/\/vinotecahugo.ro\/en\/\",\"name\":\"Vinoteca Hugo\",\"description\":\"vinotec\u0103 cu o colec\u021bie de peste 5000 de sticle de vin\",\"publisher\":{\"@id\":\"https:\/\/vinotecahugo.ro\/en\/#organization\"},\"potentialAction\":[{\"@type\":\"SearchAction\",\"target\":{\"@type\":\"EntryPoint\",\"urlTemplate\":\"https:\/\/vinotecahugo.ro\/en\/?s={search_term_string}\"},\"query-input\":{\"@type\":\"PropertyValueSpecification\",\"valueRequired\":true,\"valueName\":\"search_term_string\"}}],\"inLanguage\":\"en-US\"},{\"@type\":\"Organization\",\"@id\":\"https:\/\/vinotecahugo.ro\/en\/#organization\",\"name\":\"Vinoteca Hugo\",\"url\":\"https:\/\/vinotecahugo.ro\/en\/\",\"logo\":{\"@type\":\"ImageObject\",\"inLanguage\":\"en-US\",\"@id\":\"https:\/\/vinotecahugo.ro\/en\/#\/schema\/logo\/image\/\",\"url\":\"https:\/\/vinotecahugo.ro\/wp-content\/uploads\/2020\/04\/logo-vinoteca-hugo-160-120..jpg\",\"contentUrl\":\"https:\/\/vinotecahugo.ro\/wp-content\/uploads\/2020\/04\/logo-vinoteca-hugo-160-120..jpg\",\"width\":160,\"height\":120,\"caption\":\"Vinoteca Hugo\"},\"image\":{\"@id\":\"https:\/\/vinotecahugo.ro\/en\/#\/schema\/logo\/image\/\"},\"sameAs\":[\"https:\/\/www.facebook.com\/VinotecaHugoAlbaIulia\",\"https:\/\/www.instagram.com\/vinoteca_hugo\/\",\"https:\/\/www.youtube.com\/channel\/UCpprt6bjcY4i-6P9WM-466g\"]}]}<\/script>\n<!-- \/ Yoast SEO plugin. -->","yoast_head_json":{"title":"GHIDUL \u201dNU \u0218TIU NIMIC DESPRE VIN, DAR VREAU S\u0102 \u00ceNV\u0102\u021a!\u201d - Vinoteca Hugo","description":"Comand\u0103 online GHIDUL \u201dNU \u0218TIU NIMIC DESPRE VIN, DAR VREAU S\u0102 \u00ceNV\u0102\u021a!\u201d de la Vinoteca Hugo! Vinuri de top pentru momente speciale.","robots":{"index":"index","follow":"follow","max-snippet":"max-snippet:-1","max-image-preview":"max-image-preview:large","max-video-preview":"max-video-preview:-1"},"canonical":"https:\/\/vinotecahugo.ro\/en\/produs\/ghidul-nu-stiu-nimic-despre-vin-dar-vreau-sa-invat\/","og_locale":"en_US","og_type":"article","og_title":"GHIDUL \u201dNU \u0218TIU NIMIC DESPRE VIN, DAR VREAU S\u0102 \u00ceNV\u0102\u021a!\u201d - Vinoteca Hugo","og_description":"Comand\u0103 online GHIDUL \u201dNU \u0218TIU NIMIC DESPRE VIN, DAR VREAU S\u0102 \u00ceNV\u0102\u021a!\u201d de la Vinoteca Hugo! Vinuri de top pentru momente speciale.","og_url":"https:\/\/vinotecahugo.ro\/en\/produs\/ghidul-nu-stiu-nimic-despre-vin-dar-vreau-sa-invat\/","og_site_name":"Vinoteca Hugo","article_publisher":"https:\/\/www.facebook.com\/VinotecaHugoAlbaIulia","article_modified_time":"2021-06-17T13:43:49+00:00","og_image":[{"width":600,"height":600,"url":"https:\/\/vinotecahugo.ro\/wp-content\/uploads\/2020\/10\/Fara-titlu.jpg","type":"image\/jpeg"}],"twitter_card":"summary_large_image","twitter_misc":{"Est. reading time":"2 minutes"},"schema":{"@context":"https:\/\/schema.org","@graph":[{"@type":"WebPage","@id":"https:\/\/vinotecahugo.ro\/en\/produs\/ghidul-nu-stiu-nimic-despre-vin-dar-vreau-sa-invat\/","url":"https:\/\/vinotecahugo.ro\/en\/produs\/ghidul-nu-stiu-nimic-despre-vin-dar-vreau-sa-invat\/","name":"GHIDUL \u201dNU \u0218TIU NIMIC DESPRE VIN, DAR VREAU S\u0102 \u00ceNV\u0102\u021a!\u201d - Vinoteca Hugo","isPartOf":{"@id":"https:\/\/vinotecahugo.ro\/en\/#website"},"primaryImageOfPage":{"@id":"https:\/\/vinotecahugo.ro\/en\/produs\/ghidul-nu-stiu-nimic-despre-vin-dar-vreau-sa-invat\/#primaryimage"},"image":{"@id":"https:\/\/vinotecahugo.ro\/en\/produs\/ghidul-nu-stiu-nimic-despre-vin-dar-vreau-sa-invat\/#primaryimage"},"thumbnailUrl":"https:\/\/vinotecahugo.ro\/wp-content\/uploads\/2020\/10\/Fara-titlu.jpg","datePublished":"2020-10-30T15:21:32+00:00","dateModified":"2021-06-17T13:43:49+00:00","description":"Comand\u0103 online GHIDUL \u201dNU \u0218TIU NIMIC DESPRE VIN, DAR VREAU S\u0102 \u00ceNV\u0102\u021a!\u201d de la Vinoteca Hugo! Vinuri de top pentru momente speciale.","breadcrumb":{"@id":"https:\/\/vinotecahugo.ro\/en\/produs\/ghidul-nu-stiu-nimic-despre-vin-dar-vreau-sa-invat\/#breadcrumb"},"inLanguage":"en-US","potentialAction":[{"@type":"ReadAction","target":["https:\/\/vinotecahugo.ro\/en\/produs\/ghidul-nu-stiu-nimic-despre-vin-dar-vreau-sa-invat\/"]}]},{"@type":"ImageObject","inLanguage":"en-US","@id":"https:\/\/vinotecahugo.ro\/en\/produs\/ghidul-nu-stiu-nimic-despre-vin-dar-vreau-sa-invat\/#primaryimage","url":"https:\/\/vinotecahugo.ro\/wp-content\/uploads\/2020\/10\/Fara-titlu.jpg","contentUrl":"https:\/\/vinotecahugo.ro\/wp-content\/uploads\/2020\/10\/Fara-titlu.jpg","width":600,"height":600},{"@type":"BreadcrumbList","@id":"https:\/\/vinotecahugo.ro\/en\/produs\/ghidul-nu-stiu-nimic-despre-vin-dar-vreau-sa-invat\/#breadcrumb","itemListElement":[{"@type":"ListItem","position":1,"name":"Prima pagin\u0103","item":"https:\/\/vinotecahugo.ro\/en\/"},{"@type":"ListItem","position":2,"name":"Magazin","item":"https:\/\/vinotecahugo.ro\/magazin\/"},{"@type":"ListItem","position":3,"name":"GHIDUL \u201dNU \u0218TIU NIMIC DESPRE VIN, DAR VREAU S\u0102 \u00ceNV\u0102\u021a!\u201d"}]},{"@type":"WebSite","@id":"https:\/\/vinotecahugo.ro\/en\/#website","url":"https:\/\/vinotecahugo.ro\/en\/","name":"Vinoteca Hugo","description":"vinotec\u0103 cu o colec\u021bie de peste 5000 de sticle de vin","publisher":{"@id":"https:\/\/vinotecahugo.ro\/en\/#organization"},"potentialAction":[{"@type":"SearchAction","target":{"@type":"EntryPoint","urlTemplate":"https:\/\/vinotecahugo.ro\/en\/?s={search_term_string}"},"query-input":{"@type":"PropertyValueSpecification","valueRequired":true,"valueName":"search_term_string"}}],"inLanguage":"en-US"},{"@type":"Organization","@id":"https:\/\/vinotecahugo.ro\/en\/#organization","name":"Vinoteca Hugo","url":"https:\/\/vinotecahugo.ro\/en\/","logo":{"@type":"ImageObject","inLanguage":"en-US","@id":"https:\/\/vinotecahugo.ro\/en\/#\/schema\/logo\/image\/","url":"https:\/\/vinotecahugo.ro\/wp-content\/uploads\/2020\/04\/logo-vinoteca-hugo-160-120..jpg","contentUrl":"https:\/\/vinotecahugo.ro\/wp-content\/uploads\/2020\/04\/logo-vinoteca-hugo-160-120..jpg","width":160,"height":120,"caption":"Vinoteca Hugo"},"image":{"@id":"https:\/\/vinotecahugo.ro\/en\/#\/schema\/logo\/image\/"},"sameAs":["https:\/\/www.facebook.com\/VinotecaHugoAlbaIulia","https:\/\/www.instagram.com\/vinoteca_hugo\/","https:\/\/www.youtube.com\/channel\/UCpprt6bjcY4i-6P9WM-466g"]}]}},"_links":{"self":[{"href":"https:\/\/vinotecahugo.ro\/en\/wp-json\/wp\/v2\/product\/16747","targetHints":{"allow":["GET"]}}],"collection":[{"href":"https:\/\/vinotecahugo.ro\/en\/wp-json\/wp\/v2\/product"}],"about":[{"href":"https:\/\/vinotecahugo.ro\/en\/wp-json\/wp\/v2\/types\/product"}],"replies":[{"embeddable":true,"href":"https:\/\/vinotecahugo.ro\/en\/wp-json\/wp\/v2\/comments?post=16747"}],"wp:featuredmedia":[{"embeddable":true,"href":"https:\/\/vinotecahugo.ro\/en\/wp-json\/wp\/v2\/media\/16755"}],"wp:attachment":[{"href":"https:\/\/vinotecahugo.ro\/en\/wp-json\/wp\/v2\/media?parent=16747"}],"wp:term":[{"taxonomy":"product_brand","embeddable":true,"href":"https:\/\/vinotecahugo.ro\/en\/wp-json\/wp\/v2\/product_brand?post=16747"},{"taxonomy":"product_cat","embeddable":true,"href":"https:\/\/vinotecahugo.ro\/en\/wp-json\/wp\/v2\/product_cat?post=16747"},{"taxonomy":"product_tag","embeddable":true,"href":"https:\/\/vinotecahugo.ro\/en\/wp-json\/wp\/v2\/product_tag?post=16747"}],"curies":[{"name":"wp","href":"https:\/\/api.w.org\/{rel}","templated":true}]}}