{"id":16707,"date":"2020-10-05T15:50:43","date_gmt":"2020-10-05T12:50:43","guid":{"rendered":"https:\/\/vinotecahugo.ro\/?post_type=product&#038;p=16707"},"modified":"2024-11-08T15:11:43","modified_gmt":"2024-11-08T13:11:43","slug":"thesaurus-amadoc-cabernet-sauvignon","status":"publish","type":"product","link":"https:\/\/vinotecahugo.ro\/en\/produs\/thesaurus-amadoc-cabernet-sauvignon\/","title":{"rendered":"Thesaurus AMADOC CABERNET SAUVIGNON"},"content":{"rendered":"<p><strong>Thesaurus AMADOC CABERNET SAUVIGNON <\/strong><\/p>\n<div class=\"video-shortcode\"><iframe title=\"Thesaurus Wines - Silagiu - Banat\" width=\"1100\" height=\"619\" src=\"https:\/\/www.youtube.com\/embed\/kbbcQ39X0Jk?feature=oembed\" frameborder=\"0\" allow=\"accelerometer; autoplay; clipboard-write; encrypted-media; gyroscope; picture-in-picture\" allowfullscreen><\/iframe><\/div>\n<div class=\"lbDescription\">\n<p>&nbsp;<\/p>\n<p>Povestea a inceput din pasiune. Pasiunea unor oameni pentru perfectiunea vinului.<\/p>\n<p>Dupa ani de zile de degustari si teste, a luat nastere Thesaurus.<br \/>\nThesaurus inseamna mai mult decat un vin. Este o cautare. Cautarea tezaurului din solurile Dealului Silagiului si desavarsirea acestei comori intr-o sticla de vin. Doar cautarea perpetua poate desavarsi munca si scoate la iveala caracterul specific al vinului ce se formeaza. Odata gustat, un vin Thesaurus va ramane mult timp in mintea celui care cauta aceasta desavarsire a strugurilor.<\/p>\n<p>Vinaria Thesaurus a fost construita pe Dealul Silagiului, chiar langa plantatiile de vita de vie. Vinaria foloseste tehnologii moderne care se imbina cu procedeele traditionale, asigurand astfel pastrarea calitatii strugurilor si a vinului pe tot parcursul procesului tehnologic. Umiditatea este mentinuta intre 60% si 70%, iar temperatura variaza intre 13 grade iarna si 17 grade vara, intr-un mod natural, astfel incat atmosfera sa nu fie ionizata.<\/p>\n<p>Vinaria detine si o crama in care sunt depozitate optim vinurile, asteptand momentul cel mai bun pentru a ajunge in paharele clientilor. Aici, vinurile pot fi degustate, in hanul podgoriei, unde vinul este cel mai aproape de origini.<\/p>\n<\/div>\n<div>Mai multe informatii despre acest producator gasiti <a href=\"https:\/\/www.thesauruswines.ro\/\" target=\"_blank\" rel=\"noopener\">AICI<\/a> .<\/div>\n<p>Pentru programul de degustari si oferte personalizate te invitam sa devii membrul clubului Vinoteca Hugo. Pentru mai multe informatii fa click <a href=\"https:\/\/vinotecahugo.ro\/evenimente\/\">AICI.<\/a><\/p>\n<p>&nbsp;<\/p>\n<p>&nbsp;<\/p>\n","protected":false},"excerpt":{"rendered":"<div class=\"vivino-widget vivino-wine-card-widget\" data-vivino-widget-type=\"wine\" data-vivino-vintage-id=\"152855531\" data-vivino-user-id=\"45766651\" data-vivino-widget-language=\"en\" data-vivino-widget-layout=\"medium\"><a href=\"https:\/\/www.vivino.com\/thesaurus-dwelq-amadoc-cabernet-sauvignon\/w\/5494411\" target=\"_blank\" rel=\"noopener noreferrer\">Thesaurus Amadoc Cabernet Sauvignon U.V. on Vivino<\/a><\/div>\n<p>Un vin intens colorat, ale c\u0103rui arome de stafid\u0103 neagr\u0103, ierburi aromate sau stejar \u00ee\u021bi vor r\u0103m\u00e2ne mult timp \u00eentip\u0103rite \u00een minte, fiind companionul perfect al unei mese bogate dup\u0103 un aperitiv de br\u00e2nzeturi aspre.<\/p>\n<p>&nbsp;<\/p>\n","protected":false},"featured_media":16709,"comment_status":"open","ping_status":"closed","template":"","meta":[],"product_brand":[],"product_cat":[887,888,145],"product_tag":[781,348,777],"class_list":{"0":"post-16707","1":"product","2":"type-product","3":"status-publish","4":"has-post-thumbnail","6":"product_cat-vin-rosu","7":"product_cat-vin-rosu-sec","8":"product_cat-vinuri-romanesti","9":"product_tag-amadoc","10":"product_tag-cabernet-sauvignon","11":"product_tag-thesaurus-wine","13":"first","14":"instock","15":"taxable","16":"shipping-taxable","17":"purchasable","18":"product-type-simple"},"yoast_head":"<!-- This site is optimized with the Yoast SEO plugin v24.6 - https:\/\/yoast.com\/wordpress\/plugins\/seo\/ -->\n<title>Thesaurus AMADOC CABERNET SAUVIGNON - Vinoteca Hugo<\/title>\n<meta name=\"description\" content=\"Comand\u0103 online Thesaurus AMADOC CABERNET SAUVIGNON de la Vinoteca Hugo! Vinuri de top pentru momente speciale.\" \/>\n<meta name=\"robots\" content=\"index, follow, max-snippet:-1, max-image-preview:large, max-video-preview:-1\" \/>\n<link rel=\"canonical\" href=\"https:\/\/vinotecahugo.ro\/en\/produs\/thesaurus-amadoc-cabernet-sauvignon\/\" \/>\n<meta property=\"og:locale\" content=\"en_US\" \/>\n<meta property=\"og:type\" content=\"article\" \/>\n<meta property=\"og:title\" content=\"Thesaurus AMADOC CABERNET SAUVIGNON - Vinoteca Hugo\" \/>\n<meta property=\"og:description\" content=\"Comand\u0103 online Thesaurus AMADOC CABERNET SAUVIGNON de la Vinoteca Hugo! Vinuri de top pentru momente speciale.\" \/>\n<meta property=\"og:url\" content=\"https:\/\/vinotecahugo.ro\/en\/produs\/thesaurus-amadoc-cabernet-sauvignon\/\" \/>\n<meta property=\"og:site_name\" content=\"Vinoteca Hugo\" \/>\n<meta property=\"article:publisher\" content=\"https:\/\/www.facebook.com\/VinotecaHugoAlbaIulia\" \/>\n<meta property=\"article:modified_time\" content=\"2024-11-08T13:11:43+00:00\" \/>\n<meta property=\"og:image\" content=\"https:\/\/vinotecahugo.ro\/wp-content\/uploads\/2020\/10\/l-thesaurus-amadoc-cabernet-sauvignon.jpg\" \/>\n\t<meta property=\"og:image:width\" content=\"600\" \/>\n\t<meta property=\"og:image:height\" content=\"600\" \/>\n\t<meta property=\"og:image:type\" content=\"image\/jpeg\" \/>\n<meta name=\"twitter:card\" content=\"summary_large_image\" \/>\n<meta name=\"twitter:label1\" content=\"Est. reading time\" \/>\n\t<meta name=\"twitter:data1\" content=\"1 minute\" \/>\n<script type=\"application\/ld+json\" class=\"yoast-schema-graph\">{\"@context\":\"https:\/\/schema.org\",\"@graph\":[{\"@type\":\"WebPage\",\"@id\":\"https:\/\/vinotecahugo.ro\/en\/produs\/thesaurus-amadoc-cabernet-sauvignon\/\",\"url\":\"https:\/\/vinotecahugo.ro\/en\/produs\/thesaurus-amadoc-cabernet-sauvignon\/\",\"name\":\"Thesaurus AMADOC CABERNET SAUVIGNON - Vinoteca Hugo\",\"isPartOf\":{\"@id\":\"https:\/\/vinotecahugo.ro\/en\/#website\"},\"primaryImageOfPage\":{\"@id\":\"https:\/\/vinotecahugo.ro\/en\/produs\/thesaurus-amadoc-cabernet-sauvignon\/#primaryimage\"},\"image\":{\"@id\":\"https:\/\/vinotecahugo.ro\/en\/produs\/thesaurus-amadoc-cabernet-sauvignon\/#primaryimage\"},\"thumbnailUrl\":\"https:\/\/vinotecahugo.ro\/wp-content\/uploads\/2020\/10\/l-thesaurus-amadoc-cabernet-sauvignon.jpg\",\"datePublished\":\"2020-10-05T12:50:43+00:00\",\"dateModified\":\"2024-11-08T13:11:43+00:00\",\"description\":\"Comand\u0103 online Thesaurus AMADOC CABERNET SAUVIGNON de la Vinoteca Hugo! Vinuri de top pentru momente speciale.\",\"breadcrumb\":{\"@id\":\"https:\/\/vinotecahugo.ro\/en\/produs\/thesaurus-amadoc-cabernet-sauvignon\/#breadcrumb\"},\"inLanguage\":\"en-US\",\"potentialAction\":[{\"@type\":\"ReadAction\",\"target\":[\"https:\/\/vinotecahugo.ro\/en\/produs\/thesaurus-amadoc-cabernet-sauvignon\/\"]}]},{\"@type\":\"ImageObject\",\"inLanguage\":\"en-US\",\"@id\":\"https:\/\/vinotecahugo.ro\/en\/produs\/thesaurus-amadoc-cabernet-sauvignon\/#primaryimage\",\"url\":\"https:\/\/vinotecahugo.ro\/wp-content\/uploads\/2020\/10\/l-thesaurus-amadoc-cabernet-sauvignon.jpg\",\"contentUrl\":\"https:\/\/vinotecahugo.ro\/wp-content\/uploads\/2020\/10\/l-thesaurus-amadoc-cabernet-sauvignon.jpg\",\"width\":600,\"height\":600},{\"@type\":\"BreadcrumbList\",\"@id\":\"https:\/\/vinotecahugo.ro\/en\/produs\/thesaurus-amadoc-cabernet-sauvignon\/#breadcrumb\",\"itemListElement\":[{\"@type\":\"ListItem\",\"position\":1,\"name\":\"Prima pagin\u0103\",\"item\":\"https:\/\/vinotecahugo.ro\/en\/\"},{\"@type\":\"ListItem\",\"position\":2,\"name\":\"Magazin\",\"item\":\"https:\/\/vinotecahugo.ro\/magazin\/\"},{\"@type\":\"ListItem\",\"position\":3,\"name\":\"Thesaurus AMADOC CABERNET SAUVIGNON\"}]},{\"@type\":\"WebSite\",\"@id\":\"https:\/\/vinotecahugo.ro\/en\/#website\",\"url\":\"https:\/\/vinotecahugo.ro\/en\/\",\"name\":\"Vinoteca Hugo\",\"description\":\"vinotec\u0103 cu o colec\u021bie de peste 5000 de sticle de vin\",\"publisher\":{\"@id\":\"https:\/\/vinotecahugo.ro\/en\/#organization\"},\"potentialAction\":[{\"@type\":\"SearchAction\",\"target\":{\"@type\":\"EntryPoint\",\"urlTemplate\":\"https:\/\/vinotecahugo.ro\/en\/?s={search_term_string}\"},\"query-input\":{\"@type\":\"PropertyValueSpecification\",\"valueRequired\":true,\"valueName\":\"search_term_string\"}}],\"inLanguage\":\"en-US\"},{\"@type\":\"Organization\",\"@id\":\"https:\/\/vinotecahugo.ro\/en\/#organization\",\"name\":\"Vinoteca Hugo\",\"url\":\"https:\/\/vinotecahugo.ro\/en\/\",\"logo\":{\"@type\":\"ImageObject\",\"inLanguage\":\"en-US\",\"@id\":\"https:\/\/vinotecahugo.ro\/en\/#\/schema\/logo\/image\/\",\"url\":\"https:\/\/vinotecahugo.ro\/wp-content\/uploads\/2020\/04\/logo-vinoteca-hugo-160-120..jpg\",\"contentUrl\":\"https:\/\/vinotecahugo.ro\/wp-content\/uploads\/2020\/04\/logo-vinoteca-hugo-160-120..jpg\",\"width\":160,\"height\":120,\"caption\":\"Vinoteca Hugo\"},\"image\":{\"@id\":\"https:\/\/vinotecahugo.ro\/en\/#\/schema\/logo\/image\/\"},\"sameAs\":[\"https:\/\/www.facebook.com\/VinotecaHugoAlbaIulia\",\"https:\/\/www.instagram.com\/vinoteca_hugo\/\",\"https:\/\/www.youtube.com\/channel\/UCpprt6bjcY4i-6P9WM-466g\"]}]}<\/script>\n<!-- \/ Yoast SEO plugin. -->","yoast_head_json":{"title":"Thesaurus AMADOC CABERNET SAUVIGNON - Vinoteca Hugo","description":"Comand\u0103 online Thesaurus AMADOC CABERNET SAUVIGNON de la Vinoteca Hugo! Vinuri de top pentru momente speciale.","robots":{"index":"index","follow":"follow","max-snippet":"max-snippet:-1","max-image-preview":"max-image-preview:large","max-video-preview":"max-video-preview:-1"},"canonical":"https:\/\/vinotecahugo.ro\/en\/produs\/thesaurus-amadoc-cabernet-sauvignon\/","og_locale":"en_US","og_type":"article","og_title":"Thesaurus AMADOC CABERNET SAUVIGNON - Vinoteca Hugo","og_description":"Comand\u0103 online Thesaurus AMADOC CABERNET SAUVIGNON de la Vinoteca Hugo! Vinuri de top pentru momente speciale.","og_url":"https:\/\/vinotecahugo.ro\/en\/produs\/thesaurus-amadoc-cabernet-sauvignon\/","og_site_name":"Vinoteca Hugo","article_publisher":"https:\/\/www.facebook.com\/VinotecaHugoAlbaIulia","article_modified_time":"2024-11-08T13:11:43+00:00","og_image":[{"width":600,"height":600,"url":"https:\/\/vinotecahugo.ro\/wp-content\/uploads\/2020\/10\/l-thesaurus-amadoc-cabernet-sauvignon.jpg","type":"image\/jpeg"}],"twitter_card":"summary_large_image","twitter_misc":{"Est. reading time":"1 minute"},"schema":{"@context":"https:\/\/schema.org","@graph":[{"@type":"WebPage","@id":"https:\/\/vinotecahugo.ro\/en\/produs\/thesaurus-amadoc-cabernet-sauvignon\/","url":"https:\/\/vinotecahugo.ro\/en\/produs\/thesaurus-amadoc-cabernet-sauvignon\/","name":"Thesaurus AMADOC CABERNET SAUVIGNON - Vinoteca Hugo","isPartOf":{"@id":"https:\/\/vinotecahugo.ro\/en\/#website"},"primaryImageOfPage":{"@id":"https:\/\/vinotecahugo.ro\/en\/produs\/thesaurus-amadoc-cabernet-sauvignon\/#primaryimage"},"image":{"@id":"https:\/\/vinotecahugo.ro\/en\/produs\/thesaurus-amadoc-cabernet-sauvignon\/#primaryimage"},"thumbnailUrl":"https:\/\/vinotecahugo.ro\/wp-content\/uploads\/2020\/10\/l-thesaurus-amadoc-cabernet-sauvignon.jpg","datePublished":"2020-10-05T12:50:43+00:00","dateModified":"2024-11-08T13:11:43+00:00","description":"Comand\u0103 online Thesaurus AMADOC CABERNET SAUVIGNON de la Vinoteca Hugo! Vinuri de top pentru momente speciale.","breadcrumb":{"@id":"https:\/\/vinotecahugo.ro\/en\/produs\/thesaurus-amadoc-cabernet-sauvignon\/#breadcrumb"},"inLanguage":"en-US","potentialAction":[{"@type":"ReadAction","target":["https:\/\/vinotecahugo.ro\/en\/produs\/thesaurus-amadoc-cabernet-sauvignon\/"]}]},{"@type":"ImageObject","inLanguage":"en-US","@id":"https:\/\/vinotecahugo.ro\/en\/produs\/thesaurus-amadoc-cabernet-sauvignon\/#primaryimage","url":"https:\/\/vinotecahugo.ro\/wp-content\/uploads\/2020\/10\/l-thesaurus-amadoc-cabernet-sauvignon.jpg","contentUrl":"https:\/\/vinotecahugo.ro\/wp-content\/uploads\/2020\/10\/l-thesaurus-amadoc-cabernet-sauvignon.jpg","width":600,"height":600},{"@type":"BreadcrumbList","@id":"https:\/\/vinotecahugo.ro\/en\/produs\/thesaurus-amadoc-cabernet-sauvignon\/#breadcrumb","itemListElement":[{"@type":"ListItem","position":1,"name":"Prima pagin\u0103","item":"https:\/\/vinotecahugo.ro\/en\/"},{"@type":"ListItem","position":2,"name":"Magazin","item":"https:\/\/vinotecahugo.ro\/magazin\/"},{"@type":"ListItem","position":3,"name":"Thesaurus AMADOC CABERNET SAUVIGNON"}]},{"@type":"WebSite","@id":"https:\/\/vinotecahugo.ro\/en\/#website","url":"https:\/\/vinotecahugo.ro\/en\/","name":"Vinoteca Hugo","description":"vinotec\u0103 cu o colec\u021bie de peste 5000 de sticle de vin","publisher":{"@id":"https:\/\/vinotecahugo.ro\/en\/#organization"},"potentialAction":[{"@type":"SearchAction","target":{"@type":"EntryPoint","urlTemplate":"https:\/\/vinotecahugo.ro\/en\/?s={search_term_string}"},"query-input":{"@type":"PropertyValueSpecification","valueRequired":true,"valueName":"search_term_string"}}],"inLanguage":"en-US"},{"@type":"Organization","@id":"https:\/\/vinotecahugo.ro\/en\/#organization","name":"Vinoteca Hugo","url":"https:\/\/vinotecahugo.ro\/en\/","logo":{"@type":"ImageObject","inLanguage":"en-US","@id":"https:\/\/vinotecahugo.ro\/en\/#\/schema\/logo\/image\/","url":"https:\/\/vinotecahugo.ro\/wp-content\/uploads\/2020\/04\/logo-vinoteca-hugo-160-120..jpg","contentUrl":"https:\/\/vinotecahugo.ro\/wp-content\/uploads\/2020\/04\/logo-vinoteca-hugo-160-120..jpg","width":160,"height":120,"caption":"Vinoteca Hugo"},"image":{"@id":"https:\/\/vinotecahugo.ro\/en\/#\/schema\/logo\/image\/"},"sameAs":["https:\/\/www.facebook.com\/VinotecaHugoAlbaIulia","https:\/\/www.instagram.com\/vinoteca_hugo\/","https:\/\/www.youtube.com\/channel\/UCpprt6bjcY4i-6P9WM-466g"]}]}},"_links":{"self":[{"href":"https:\/\/vinotecahugo.ro\/en\/wp-json\/wp\/v2\/product\/16707","targetHints":{"allow":["GET"]}}],"collection":[{"href":"https:\/\/vinotecahugo.ro\/en\/wp-json\/wp\/v2\/product"}],"about":[{"href":"https:\/\/vinotecahugo.ro\/en\/wp-json\/wp\/v2\/types\/product"}],"replies":[{"embeddable":true,"href":"https:\/\/vinotecahugo.ro\/en\/wp-json\/wp\/v2\/comments?post=16707"}],"wp:featuredmedia":[{"embeddable":true,"href":"https:\/\/vinotecahugo.ro\/en\/wp-json\/wp\/v2\/media\/16709"}],"wp:attachment":[{"href":"https:\/\/vinotecahugo.ro\/en\/wp-json\/wp\/v2\/media?parent=16707"}],"wp:term":[{"taxonomy":"product_brand","embeddable":true,"href":"https:\/\/vinotecahugo.ro\/en\/wp-json\/wp\/v2\/product_brand?post=16707"},{"taxonomy":"product_cat","embeddable":true,"href":"https:\/\/vinotecahugo.ro\/en\/wp-json\/wp\/v2\/product_cat?post=16707"},{"taxonomy":"product_tag","embeddable":true,"href":"https:\/\/vinotecahugo.ro\/en\/wp-json\/wp\/v2\/product_tag?post=16707"}],"curies":[{"name":"wp","href":"https:\/\/api.w.org\/{rel}","templated":true}]}}