{"id":16681,"date":"2020-10-02T12:51:44","date_gmt":"2020-10-02T09:51:44","guid":{"rendered":"https:\/\/vinotecahugo.ro\/?post_type=product&#038;p=16681"},"modified":"2024-11-08T15:12:35","modified_gmt":"2024-11-08T13:12:35","slug":"sauvignon-blanc-balla-geza","status":"publish","type":"product","link":"https:\/\/vinotecahugo.ro\/en\/produs\/sauvignon-blanc-balla-geza\/","title":{"rendered":"Sauvignon Blanc KOLNA Balla Geza"},"content":{"rendered":"<p><strong>Sauvignon Blanc Balla Geza <\/strong><\/p>\n<div class=\"video-shortcode\"><iframe title=\"Balla G\u00e9za Winery, CrameRomania.ro\" width=\"1100\" height=\"619\" src=\"https:\/\/www.youtube.com\/embed\/OXBn_XmjnAU?feature=oembed\" frameborder=\"0\" allow=\"accelerometer; autoplay; encrypted-media; gyroscope; picture-in-picture\" allowfullscreen><\/iframe><\/div>\n<div class=\"lbDescription\">\n<p>Podgoria Aradului pe vremuri, actualmente Podgoria Mini\u0219-M\u0103derat, se afl\u0103 la 26 km distan\u021b\u0103 Est de ora\u0219ul Arad, la poalele Mun\u021bilor Z\u0103randului, \u00een imediata apropiere a r\u00e2ului Mure\u0219. Se \u00eentinde pe o lungime de 40 km \u00eentre localit\u0103\u021bile Bara\u021bca \u2013 \u0218iria -Mocrea \u2013 \u0218ilindia.<\/p>\n<p>Vinul de mini\u0219 \u201c\u2026 Aprinde sc\u00e2nteia dragostei, d\u0103 aripi g\u00e2ndurilor \u015fi eman\u0103 focul prieteniei\u201d. (dr. Cs\u00e1vossy Gy\u00f6rgy)<\/p>\n<p>Mini\u0219 \u2013 o podgorie viticol\u0103 renumit\u0103 din regiunea aradului, uitat\u0103 \u00een negura vremii datorit\u0103 promov\u0103rii cantit\u0103\u0163ii \u00een detrimentul calit\u0103\u0163ii vinurilor.<\/p>\n<p>Mai multe informatii despre acest producator gasiti <a href=\"http:\/\/www.ballageza.com\/ro\/\" target=\"_blank\" rel=\"noopener\">AICI<\/a> .<\/p>\n<\/div>\n<p>Pentru programul de degustari si oferte personalizate te invitam sa devii membrul clubului Vinoteca Hugo. Pentru mai multe informatii fa click <a href=\"https:\/\/vinotecahugo.ro\/evenimente\/\">AICI.<\/a><\/p>\n<p>&nbsp;<\/p>\n<p>&nbsp;<\/p>\n","protected":false},"excerpt":{"rendered":"<div class=\"vivino-widget vivino-wine-card-widget\" data-vivino-widget-type=\"wine\" data-vivino-vintage-id=\"152242836\" data-vivino-user-id=\"45766651\" data-vivino-widget-language=\"en\" data-vivino-widget-layout=\"medium\"><a href=\"https:\/\/www.vivino.com\/balla-geza-minis-sauvignon-blanc-vin-alb-sec\/w\/5371070\" target=\"_blank\" rel=\"noopener noreferrer\">Balla Geza Sauvignon Blanc U.V. on Vivino<\/a><\/div>\n<p>Soiul Sauvignon Blanc a fost prezent \u00een regiunea Mini\u0219 \u00eenaintea filoxerei. Fermentat la temperatura sc\u0103zut\u0103 \u00een tancuri de inox prezint\u0103 arome ierboase, f\u00e2n proasp\u0103t \u0219i de ardei gras specifice soiului Sauvignon Blanc acompaniat cu note u\u0219oare de flori de soc. Gust crocant, vibrant cu fructe dulcege, tropicale sus\u021binut\u0103 de o aciditate pronun\u021bat\u0103 dar echilibrat\u0103.<\/p>\n<p>&nbsp;<\/p>\n","protected":false},"featured_media":17763,"comment_status":"open","ping_status":"closed","template":"","meta":[],"product_brand":[],"product_cat":[882,884,145],"product_tag":[353,337],"class_list":{"0":"post-16681","1":"product","2":"type-product","3":"status-publish","4":"has-post-thumbnail","6":"product_cat-vin-alb","7":"product_cat-vin-alb-sec","8":"product_cat-vinuri-romanesti","9":"product_tag-balla-geza","10":"product_tag-sauvignon-blanc","12":"first","13":"outofstock","14":"taxable","15":"shipping-taxable","16":"purchasable","17":"product-type-simple"},"yoast_head":"<!-- This site is optimized with the Yoast SEO plugin v24.6 - https:\/\/yoast.com\/wordpress\/plugins\/seo\/ -->\n<title>Sauvignon Blanc KOLNA Balla Geza - Vinoteca Hugo<\/title>\n<meta name=\"description\" content=\"Comand\u0103 online Sauvignon Blanc KOLNA Balla Geza de la Vinoteca Hugo! Vinuri de top pentru momente speciale.\" \/>\n<meta name=\"robots\" content=\"index, follow, max-snippet:-1, max-image-preview:large, max-video-preview:-1\" \/>\n<link rel=\"canonical\" href=\"https:\/\/vinotecahugo.ro\/en\/produs\/sauvignon-blanc-balla-geza\/\" \/>\n<meta property=\"og:locale\" content=\"en_US\" \/>\n<meta property=\"og:type\" content=\"article\" \/>\n<meta property=\"og:title\" content=\"Sauvignon Blanc KOLNA Balla Geza - Vinoteca Hugo\" \/>\n<meta property=\"og:description\" content=\"Comand\u0103 online Sauvignon Blanc KOLNA Balla Geza de la Vinoteca Hugo! Vinuri de top pentru momente speciale.\" \/>\n<meta property=\"og:url\" content=\"https:\/\/vinotecahugo.ro\/en\/produs\/sauvignon-blanc-balla-geza\/\" \/>\n<meta property=\"og:site_name\" content=\"Vinoteca Hugo\" \/>\n<meta property=\"article:publisher\" content=\"https:\/\/www.facebook.com\/VinotecaHugoAlbaIulia\" \/>\n<meta property=\"article:modified_time\" content=\"2024-11-08T13:12:35+00:00\" \/>\n<meta property=\"og:image\" content=\"https:\/\/vinotecahugo.ro\/wp-content\/uploads\/2020\/10\/KOLNA-SAUVIGNON-BLANC-2020.jpg\" \/>\n\t<meta property=\"og:image:width\" content=\"1000\" \/>\n\t<meta property=\"og:image:height\" content=\"1000\" \/>\n\t<meta property=\"og:image:type\" content=\"image\/jpeg\" \/>\n<meta name=\"twitter:card\" content=\"summary_large_image\" \/>\n<meta name=\"twitter:label1\" content=\"Est. reading time\" \/>\n\t<meta name=\"twitter:data1\" content=\"1 minute\" \/>\n<script type=\"application\/ld+json\" class=\"yoast-schema-graph\">{\"@context\":\"https:\/\/schema.org\",\"@graph\":[{\"@type\":\"WebPage\",\"@id\":\"https:\/\/vinotecahugo.ro\/en\/produs\/sauvignon-blanc-balla-geza\/\",\"url\":\"https:\/\/vinotecahugo.ro\/en\/produs\/sauvignon-blanc-balla-geza\/\",\"name\":\"Sauvignon Blanc KOLNA Balla Geza - Vinoteca Hugo\",\"isPartOf\":{\"@id\":\"https:\/\/vinotecahugo.ro\/en\/#website\"},\"primaryImageOfPage\":{\"@id\":\"https:\/\/vinotecahugo.ro\/en\/produs\/sauvignon-blanc-balla-geza\/#primaryimage\"},\"image\":{\"@id\":\"https:\/\/vinotecahugo.ro\/en\/produs\/sauvignon-blanc-balla-geza\/#primaryimage\"},\"thumbnailUrl\":\"https:\/\/vinotecahugo.ro\/wp-content\/uploads\/2020\/10\/KOLNA-SAUVIGNON-BLANC-2020.jpg\",\"datePublished\":\"2020-10-02T09:51:44+00:00\",\"dateModified\":\"2024-11-08T13:12:35+00:00\",\"description\":\"Comand\u0103 online Sauvignon Blanc KOLNA Balla Geza de la Vinoteca Hugo! Vinuri de top pentru momente speciale.\",\"breadcrumb\":{\"@id\":\"https:\/\/vinotecahugo.ro\/en\/produs\/sauvignon-blanc-balla-geza\/#breadcrumb\"},\"inLanguage\":\"en-US\",\"potentialAction\":[{\"@type\":\"ReadAction\",\"target\":[\"https:\/\/vinotecahugo.ro\/en\/produs\/sauvignon-blanc-balla-geza\/\"]}]},{\"@type\":\"ImageObject\",\"inLanguage\":\"en-US\",\"@id\":\"https:\/\/vinotecahugo.ro\/en\/produs\/sauvignon-blanc-balla-geza\/#primaryimage\",\"url\":\"https:\/\/vinotecahugo.ro\/wp-content\/uploads\/2020\/10\/KOLNA-SAUVIGNON-BLANC-2020.jpg\",\"contentUrl\":\"https:\/\/vinotecahugo.ro\/wp-content\/uploads\/2020\/10\/KOLNA-SAUVIGNON-BLANC-2020.jpg\",\"width\":1000,\"height\":1000},{\"@type\":\"BreadcrumbList\",\"@id\":\"https:\/\/vinotecahugo.ro\/en\/produs\/sauvignon-blanc-balla-geza\/#breadcrumb\",\"itemListElement\":[{\"@type\":\"ListItem\",\"position\":1,\"name\":\"Prima pagin\u0103\",\"item\":\"https:\/\/vinotecahugo.ro\/en\/\"},{\"@type\":\"ListItem\",\"position\":2,\"name\":\"Magazin\",\"item\":\"https:\/\/vinotecahugo.ro\/magazin\/\"},{\"@type\":\"ListItem\",\"position\":3,\"name\":\"Sauvignon Blanc KOLNA Balla Geza\"}]},{\"@type\":\"WebSite\",\"@id\":\"https:\/\/vinotecahugo.ro\/en\/#website\",\"url\":\"https:\/\/vinotecahugo.ro\/en\/\",\"name\":\"Vinoteca Hugo\",\"description\":\"vinotec\u0103 cu o colec\u021bie de peste 5000 de sticle de vin\",\"publisher\":{\"@id\":\"https:\/\/vinotecahugo.ro\/en\/#organization\"},\"potentialAction\":[{\"@type\":\"SearchAction\",\"target\":{\"@type\":\"EntryPoint\",\"urlTemplate\":\"https:\/\/vinotecahugo.ro\/en\/?s={search_term_string}\"},\"query-input\":{\"@type\":\"PropertyValueSpecification\",\"valueRequired\":true,\"valueName\":\"search_term_string\"}}],\"inLanguage\":\"en-US\"},{\"@type\":\"Organization\",\"@id\":\"https:\/\/vinotecahugo.ro\/en\/#organization\",\"name\":\"Vinoteca Hugo\",\"url\":\"https:\/\/vinotecahugo.ro\/en\/\",\"logo\":{\"@type\":\"ImageObject\",\"inLanguage\":\"en-US\",\"@id\":\"https:\/\/vinotecahugo.ro\/en\/#\/schema\/logo\/image\/\",\"url\":\"https:\/\/vinotecahugo.ro\/wp-content\/uploads\/2020\/04\/logo-vinoteca-hugo-160-120..jpg\",\"contentUrl\":\"https:\/\/vinotecahugo.ro\/wp-content\/uploads\/2020\/04\/logo-vinoteca-hugo-160-120..jpg\",\"width\":160,\"height\":120,\"caption\":\"Vinoteca Hugo\"},\"image\":{\"@id\":\"https:\/\/vinotecahugo.ro\/en\/#\/schema\/logo\/image\/\"},\"sameAs\":[\"https:\/\/www.facebook.com\/VinotecaHugoAlbaIulia\",\"https:\/\/www.instagram.com\/vinoteca_hugo\/\",\"https:\/\/www.youtube.com\/channel\/UCpprt6bjcY4i-6P9WM-466g\"]}]}<\/script>\n<!-- \/ Yoast SEO plugin. -->","yoast_head_json":{"title":"Sauvignon Blanc KOLNA Balla Geza - Vinoteca Hugo","description":"Comand\u0103 online Sauvignon Blanc KOLNA Balla Geza de la Vinoteca Hugo! Vinuri de top pentru momente speciale.","robots":{"index":"index","follow":"follow","max-snippet":"max-snippet:-1","max-image-preview":"max-image-preview:large","max-video-preview":"max-video-preview:-1"},"canonical":"https:\/\/vinotecahugo.ro\/en\/produs\/sauvignon-blanc-balla-geza\/","og_locale":"en_US","og_type":"article","og_title":"Sauvignon Blanc KOLNA Balla Geza - Vinoteca Hugo","og_description":"Comand\u0103 online Sauvignon Blanc KOLNA Balla Geza de la Vinoteca Hugo! Vinuri de top pentru momente speciale.","og_url":"https:\/\/vinotecahugo.ro\/en\/produs\/sauvignon-blanc-balla-geza\/","og_site_name":"Vinoteca Hugo","article_publisher":"https:\/\/www.facebook.com\/VinotecaHugoAlbaIulia","article_modified_time":"2024-11-08T13:12:35+00:00","og_image":[{"width":1000,"height":1000,"url":"https:\/\/vinotecahugo.ro\/wp-content\/uploads\/2020\/10\/KOLNA-SAUVIGNON-BLANC-2020.jpg","type":"image\/jpeg"}],"twitter_card":"summary_large_image","twitter_misc":{"Est. reading time":"1 minute"},"schema":{"@context":"https:\/\/schema.org","@graph":[{"@type":"WebPage","@id":"https:\/\/vinotecahugo.ro\/en\/produs\/sauvignon-blanc-balla-geza\/","url":"https:\/\/vinotecahugo.ro\/en\/produs\/sauvignon-blanc-balla-geza\/","name":"Sauvignon Blanc KOLNA Balla Geza - Vinoteca Hugo","isPartOf":{"@id":"https:\/\/vinotecahugo.ro\/en\/#website"},"primaryImageOfPage":{"@id":"https:\/\/vinotecahugo.ro\/en\/produs\/sauvignon-blanc-balla-geza\/#primaryimage"},"image":{"@id":"https:\/\/vinotecahugo.ro\/en\/produs\/sauvignon-blanc-balla-geza\/#primaryimage"},"thumbnailUrl":"https:\/\/vinotecahugo.ro\/wp-content\/uploads\/2020\/10\/KOLNA-SAUVIGNON-BLANC-2020.jpg","datePublished":"2020-10-02T09:51:44+00:00","dateModified":"2024-11-08T13:12:35+00:00","description":"Comand\u0103 online Sauvignon Blanc KOLNA Balla Geza de la Vinoteca Hugo! Vinuri de top pentru momente speciale.","breadcrumb":{"@id":"https:\/\/vinotecahugo.ro\/en\/produs\/sauvignon-blanc-balla-geza\/#breadcrumb"},"inLanguage":"en-US","potentialAction":[{"@type":"ReadAction","target":["https:\/\/vinotecahugo.ro\/en\/produs\/sauvignon-blanc-balla-geza\/"]}]},{"@type":"ImageObject","inLanguage":"en-US","@id":"https:\/\/vinotecahugo.ro\/en\/produs\/sauvignon-blanc-balla-geza\/#primaryimage","url":"https:\/\/vinotecahugo.ro\/wp-content\/uploads\/2020\/10\/KOLNA-SAUVIGNON-BLANC-2020.jpg","contentUrl":"https:\/\/vinotecahugo.ro\/wp-content\/uploads\/2020\/10\/KOLNA-SAUVIGNON-BLANC-2020.jpg","width":1000,"height":1000},{"@type":"BreadcrumbList","@id":"https:\/\/vinotecahugo.ro\/en\/produs\/sauvignon-blanc-balla-geza\/#breadcrumb","itemListElement":[{"@type":"ListItem","position":1,"name":"Prima pagin\u0103","item":"https:\/\/vinotecahugo.ro\/en\/"},{"@type":"ListItem","position":2,"name":"Magazin","item":"https:\/\/vinotecahugo.ro\/magazin\/"},{"@type":"ListItem","position":3,"name":"Sauvignon Blanc KOLNA Balla Geza"}]},{"@type":"WebSite","@id":"https:\/\/vinotecahugo.ro\/en\/#website","url":"https:\/\/vinotecahugo.ro\/en\/","name":"Vinoteca Hugo","description":"vinotec\u0103 cu o colec\u021bie de peste 5000 de sticle de vin","publisher":{"@id":"https:\/\/vinotecahugo.ro\/en\/#organization"},"potentialAction":[{"@type":"SearchAction","target":{"@type":"EntryPoint","urlTemplate":"https:\/\/vinotecahugo.ro\/en\/?s={search_term_string}"},"query-input":{"@type":"PropertyValueSpecification","valueRequired":true,"valueName":"search_term_string"}}],"inLanguage":"en-US"},{"@type":"Organization","@id":"https:\/\/vinotecahugo.ro\/en\/#organization","name":"Vinoteca Hugo","url":"https:\/\/vinotecahugo.ro\/en\/","logo":{"@type":"ImageObject","inLanguage":"en-US","@id":"https:\/\/vinotecahugo.ro\/en\/#\/schema\/logo\/image\/","url":"https:\/\/vinotecahugo.ro\/wp-content\/uploads\/2020\/04\/logo-vinoteca-hugo-160-120..jpg","contentUrl":"https:\/\/vinotecahugo.ro\/wp-content\/uploads\/2020\/04\/logo-vinoteca-hugo-160-120..jpg","width":160,"height":120,"caption":"Vinoteca Hugo"},"image":{"@id":"https:\/\/vinotecahugo.ro\/en\/#\/schema\/logo\/image\/"},"sameAs":["https:\/\/www.facebook.com\/VinotecaHugoAlbaIulia","https:\/\/www.instagram.com\/vinoteca_hugo\/","https:\/\/www.youtube.com\/channel\/UCpprt6bjcY4i-6P9WM-466g"]}]}},"_links":{"self":[{"href":"https:\/\/vinotecahugo.ro\/en\/wp-json\/wp\/v2\/product\/16681","targetHints":{"allow":["GET"]}}],"collection":[{"href":"https:\/\/vinotecahugo.ro\/en\/wp-json\/wp\/v2\/product"}],"about":[{"href":"https:\/\/vinotecahugo.ro\/en\/wp-json\/wp\/v2\/types\/product"}],"replies":[{"embeddable":true,"href":"https:\/\/vinotecahugo.ro\/en\/wp-json\/wp\/v2\/comments?post=16681"}],"wp:featuredmedia":[{"embeddable":true,"href":"https:\/\/vinotecahugo.ro\/en\/wp-json\/wp\/v2\/media\/17763"}],"wp:attachment":[{"href":"https:\/\/vinotecahugo.ro\/en\/wp-json\/wp\/v2\/media?parent=16681"}],"wp:term":[{"taxonomy":"product_brand","embeddable":true,"href":"https:\/\/vinotecahugo.ro\/en\/wp-json\/wp\/v2\/product_brand?post=16681"},{"taxonomy":"product_cat","embeddable":true,"href":"https:\/\/vinotecahugo.ro\/en\/wp-json\/wp\/v2\/product_cat?post=16681"},{"taxonomy":"product_tag","embeddable":true,"href":"https:\/\/vinotecahugo.ro\/en\/wp-json\/wp\/v2\/product_tag?post=16681"}],"curies":[{"name":"wp","href":"https:\/\/api.w.org\/{rel}","templated":true}]}}