{"id":16587,"date":"2020-08-25T15:13:57","date_gmt":"2020-08-25T12:13:57","guid":{"rendered":"https:\/\/vinotecahugo.ro\/?post_type=product&#038;p=16587"},"modified":"2026-03-17T18:28:59","modified_gmt":"2026-03-17T16:28:59","slug":"crama-ferdi-cuvee-francisc","status":"publish","type":"product","link":"https:\/\/vinotecahugo.ro\/en\/produs\/crama-ferdi-cuvee-francisc\/","title":{"rendered":"Crama Ferdi Cuvee Francisc 2017"},"content":{"rendered":"<p><strong>Crama Ferdi <\/strong><\/p>\n<div class=\"video-shortcode\"><iframe title=\"Promo Crama Ferdi\" width=\"1100\" height=\"619\" src=\"https:\/\/www.youtube.com\/embed\/Zs9tJ7_UaYU?feature=oembed\" frameborder=\"0\" allow=\"accelerometer; autoplay; encrypted-media; gyroscope; picture-in-picture\" allowfullscreen><\/iframe><\/div>\n<div class=\"lbDescription\">\n<p><b>Crama\u00a0Ferdi<\/b>\u00a0este o cram\u0103 de tip boutique \u2013 premium care ofer\u0103 iubitorului de vin privilegiul de a degusta un vin lucrat exclusiv manual \u0219i \u00een edi\u021bii foarte limitate. Sistemul de vinifica\u021bie este unul de perspectiv\u0103 \u00eendelungat\u0103, av\u00e2nd \u00een vedere c\u0103 vinurile ro\u0219ii sunt maturate, de la 1 la 2 ani, \u00een butoaie de stejar american, francez \u0219i rom\u00e2nesc, re\u00eennoite la fiecare 3 &#8211; 4 ani.<\/p>\n<p>Via se afl\u0103 \u00een \u00eensorita regiune viticol\u0103 Dealu Mare, pe o suprafa\u021b\u0103 de 3 hectare \u0219i are o vechime de 10 ani.\u00a0Crama produce vin din 10 soiuri de struguri, dintre care 7 ro\u0219ii: Feteasc\u0103 Neagr\u0103, Cabernet Sauvignon, Cabernet Franc, Shiraz, Merlot, Burgund Mare, Pinot Noir \u0219i 3 albe: Sauvignon Blanc, T\u0103m\u00e2ioasa Rom\u00e2neasc\u0103 \u0219i Riesling Italian, produc\u021bia anual\u0103 total\u0103 fiind aproximativ de 10.000 de sticle.<\/p>\n<p>Vinurile Cramei Ferdi se disting prin naturale\u021be, consisten\u021b\u0103, aciditate \u0219i elegan\u021b\u0103. Utilizarea metodei tradi\u021bionale de f\u0103cut vinul are ca rezultat o gam\u0103 de vinuri echilibrate \u0219i rafinate.<\/p>\n<p>Mai multe informatii despre acest producator gasiti <a href=\"https:\/\/www.cramaferdi.ro\/\" target=\"_blank\" rel=\"noopener\">AICI<\/a> .<\/p>\n<\/div>\n<p>Pentru programul de degustari si oferte personalizate te invitam sa devii membrul clubului Vinoteca Hugo. Pentru mai multe informatii fa click <a href=\"https:\/\/vinotecahugo.ro\/evenimente\/\">AICI.<\/a><\/p>\n<p>&nbsp;<\/p>\n<p>&nbsp;<\/p>\n","protected":false},"excerpt":{"rendered":"<p><strong>Crama Ferdi Cuvee Francisc <\/strong><\/p>\n<div class=\"vivino-widget vivino-wine-card-widget\" data-vivino-widget-type=\"wine\" data-vivino-vintage-id=\"158713624\" data-vivino-user-id=\"45766651\" data-vivino-widget-language=\"en\" data-vivino-widget-layout=\"medium\"><a href=\"https:\/\/www.vivino.com\/crama-ferdi-cuvee-francisc\/w\/6801930\" target=\"_blank\" rel=\"noopener noreferrer\">Crama Ferdi Cuv\u00e9e Francisc U.V. on Vivino<\/a><\/div>\n<p>Cabernet Franc \u0219i Merlot, dou\u0103 soiuri de struguri care se completeaz\u0103 perfect \u00eentr-un blend ce ofer\u0103 un caracter unic, un poten\u021bial bun de \u00eenvechire \u0219i o comoar\u0103 artizanal\u0103. Vinul este pl\u0103cut pentru aromele sale intense, aciditatea medie spre \u00eenalt\u0103 \u0219i gustul ierbos. Anul recoltei este 2017 iar maturarea a avut loc timp de 18 luni \u00een butoaie de stejar. Gradul alcoolic este 14,9%.<br \/>\n<b><i>Recomandare decantare: minim 1h.<\/i><\/b><\/p>\n<p>&nbsp;<\/p>\n","protected":false},"featured_media":16589,"comment_status":"open","ping_status":"closed","template":"","meta":[],"product_brand":[],"product_cat":[887,888,145],"product_tag":[736,740,356,355],"class_list":{"0":"post-16587","1":"product","2":"type-product","3":"status-publish","4":"has-post-thumbnail","6":"product_cat-vin-rosu","7":"product_cat-vin-rosu-sec","8":"product_cat-vinuri-romanesti","9":"product_tag-crama-ferdi","10":"product_tag-cuvee-francisc","11":"product_tag-vin-alba-iulia","12":"product_tag-vinoteca-hugo","14":"first","15":"outofstock","16":"taxable","17":"shipping-taxable","18":"purchasable","19":"product-type-simple"},"yoast_head":"<!-- This site is optimized with the Yoast SEO plugin v24.6 - https:\/\/yoast.com\/wordpress\/plugins\/seo\/ -->\n<title>Crama Ferdi Cuvee Francisc 2017 - Vinoteca Hugo<\/title>\n<meta name=\"description\" content=\"Comand\u0103 online Crama Ferdi Cuvee Francisc 2017 de la Vinoteca Hugo! Vinuri de top pentru momente speciale.\" \/>\n<meta name=\"robots\" content=\"index, follow, max-snippet:-1, max-image-preview:large, max-video-preview:-1\" \/>\n<link rel=\"canonical\" href=\"https:\/\/vinotecahugo.ro\/en\/produs\/crama-ferdi-cuvee-francisc\/\" \/>\n<meta property=\"og:locale\" content=\"en_US\" \/>\n<meta property=\"og:type\" content=\"article\" \/>\n<meta property=\"og:title\" content=\"Crama Ferdi Cuvee Francisc 2017 - Vinoteca Hugo\" \/>\n<meta property=\"og:description\" content=\"Comand\u0103 online Crama Ferdi Cuvee Francisc 2017 de la Vinoteca Hugo! Vinuri de top pentru momente speciale.\" \/>\n<meta property=\"og:url\" content=\"https:\/\/vinotecahugo.ro\/en\/produs\/crama-ferdi-cuvee-francisc\/\" \/>\n<meta property=\"og:site_name\" content=\"Vinoteca Hugo\" \/>\n<meta property=\"article:publisher\" content=\"https:\/\/www.facebook.com\/VinotecaHugoAlbaIulia\" \/>\n<meta property=\"article:modified_time\" content=\"2026-03-17T16:28:59+00:00\" \/>\n<meta property=\"og:image\" content=\"https:\/\/vinotecahugo.ro\/wp-content\/uploads\/2020\/08\/cuvee-francisc.jpg\" \/>\n\t<meta property=\"og:image:width\" content=\"600\" \/>\n\t<meta property=\"og:image:height\" content=\"600\" \/>\n\t<meta property=\"og:image:type\" content=\"image\/jpeg\" \/>\n<meta name=\"twitter:card\" content=\"summary_large_image\" \/>\n<meta name=\"twitter:label1\" content=\"Est. reading time\" \/>\n\t<meta name=\"twitter:data1\" content=\"1 minute\" \/>\n<script type=\"application\/ld+json\" class=\"yoast-schema-graph\">{\"@context\":\"https:\/\/schema.org\",\"@graph\":[{\"@type\":\"WebPage\",\"@id\":\"https:\/\/vinotecahugo.ro\/en\/produs\/crama-ferdi-cuvee-francisc\/\",\"url\":\"https:\/\/vinotecahugo.ro\/en\/produs\/crama-ferdi-cuvee-francisc\/\",\"name\":\"Crama Ferdi Cuvee Francisc 2017 - Vinoteca Hugo\",\"isPartOf\":{\"@id\":\"https:\/\/vinotecahugo.ro\/en\/#website\"},\"primaryImageOfPage\":{\"@id\":\"https:\/\/vinotecahugo.ro\/en\/produs\/crama-ferdi-cuvee-francisc\/#primaryimage\"},\"image\":{\"@id\":\"https:\/\/vinotecahugo.ro\/en\/produs\/crama-ferdi-cuvee-francisc\/#primaryimage\"},\"thumbnailUrl\":\"https:\/\/vinotecahugo.ro\/wp-content\/uploads\/2020\/08\/cuvee-francisc.jpg\",\"datePublished\":\"2020-08-25T12:13:57+00:00\",\"dateModified\":\"2026-03-17T16:28:59+00:00\",\"description\":\"Comand\u0103 online Crama Ferdi Cuvee Francisc 2017 de la Vinoteca Hugo! Vinuri de top pentru momente speciale.\",\"breadcrumb\":{\"@id\":\"https:\/\/vinotecahugo.ro\/en\/produs\/crama-ferdi-cuvee-francisc\/#breadcrumb\"},\"inLanguage\":\"en-US\",\"potentialAction\":[{\"@type\":\"ReadAction\",\"target\":[\"https:\/\/vinotecahugo.ro\/en\/produs\/crama-ferdi-cuvee-francisc\/\"]}]},{\"@type\":\"ImageObject\",\"inLanguage\":\"en-US\",\"@id\":\"https:\/\/vinotecahugo.ro\/en\/produs\/crama-ferdi-cuvee-francisc\/#primaryimage\",\"url\":\"https:\/\/vinotecahugo.ro\/wp-content\/uploads\/2020\/08\/cuvee-francisc.jpg\",\"contentUrl\":\"https:\/\/vinotecahugo.ro\/wp-content\/uploads\/2020\/08\/cuvee-francisc.jpg\",\"width\":600,\"height\":600},{\"@type\":\"BreadcrumbList\",\"@id\":\"https:\/\/vinotecahugo.ro\/en\/produs\/crama-ferdi-cuvee-francisc\/#breadcrumb\",\"itemListElement\":[{\"@type\":\"ListItem\",\"position\":1,\"name\":\"Prima pagin\u0103\",\"item\":\"https:\/\/vinotecahugo.ro\/en\/\"},{\"@type\":\"ListItem\",\"position\":2,\"name\":\"Magazin\",\"item\":\"https:\/\/vinotecahugo.ro\/magazin\/\"},{\"@type\":\"ListItem\",\"position\":3,\"name\":\"Crama Ferdi Cuvee Francisc 2017\"}]},{\"@type\":\"WebSite\",\"@id\":\"https:\/\/vinotecahugo.ro\/en\/#website\",\"url\":\"https:\/\/vinotecahugo.ro\/en\/\",\"name\":\"Vinoteca Hugo\",\"description\":\"vinotec\u0103 cu o colec\u021bie de peste 5000 de sticle de vin\",\"publisher\":{\"@id\":\"https:\/\/vinotecahugo.ro\/en\/#organization\"},\"potentialAction\":[{\"@type\":\"SearchAction\",\"target\":{\"@type\":\"EntryPoint\",\"urlTemplate\":\"https:\/\/vinotecahugo.ro\/en\/?s={search_term_string}\"},\"query-input\":{\"@type\":\"PropertyValueSpecification\",\"valueRequired\":true,\"valueName\":\"search_term_string\"}}],\"inLanguage\":\"en-US\"},{\"@type\":\"Organization\",\"@id\":\"https:\/\/vinotecahugo.ro\/en\/#organization\",\"name\":\"Vinoteca Hugo\",\"url\":\"https:\/\/vinotecahugo.ro\/en\/\",\"logo\":{\"@type\":\"ImageObject\",\"inLanguage\":\"en-US\",\"@id\":\"https:\/\/vinotecahugo.ro\/en\/#\/schema\/logo\/image\/\",\"url\":\"https:\/\/vinotecahugo.ro\/wp-content\/uploads\/2020\/04\/logo-vinoteca-hugo-160-120..jpg\",\"contentUrl\":\"https:\/\/vinotecahugo.ro\/wp-content\/uploads\/2020\/04\/logo-vinoteca-hugo-160-120..jpg\",\"width\":160,\"height\":120,\"caption\":\"Vinoteca Hugo\"},\"image\":{\"@id\":\"https:\/\/vinotecahugo.ro\/en\/#\/schema\/logo\/image\/\"},\"sameAs\":[\"https:\/\/www.facebook.com\/VinotecaHugoAlbaIulia\",\"https:\/\/www.instagram.com\/vinoteca_hugo\/\",\"https:\/\/www.youtube.com\/channel\/UCpprt6bjcY4i-6P9WM-466g\"]}]}<\/script>\n<!-- \/ Yoast SEO plugin. -->","yoast_head_json":{"title":"Crama Ferdi Cuvee Francisc 2017 - Vinoteca Hugo","description":"Comand\u0103 online Crama Ferdi Cuvee Francisc 2017 de la Vinoteca Hugo! Vinuri de top pentru momente speciale.","robots":{"index":"index","follow":"follow","max-snippet":"max-snippet:-1","max-image-preview":"max-image-preview:large","max-video-preview":"max-video-preview:-1"},"canonical":"https:\/\/vinotecahugo.ro\/en\/produs\/crama-ferdi-cuvee-francisc\/","og_locale":"en_US","og_type":"article","og_title":"Crama Ferdi Cuvee Francisc 2017 - Vinoteca Hugo","og_description":"Comand\u0103 online Crama Ferdi Cuvee Francisc 2017 de la Vinoteca Hugo! Vinuri de top pentru momente speciale.","og_url":"https:\/\/vinotecahugo.ro\/en\/produs\/crama-ferdi-cuvee-francisc\/","og_site_name":"Vinoteca Hugo","article_publisher":"https:\/\/www.facebook.com\/VinotecaHugoAlbaIulia","article_modified_time":"2026-03-17T16:28:59+00:00","og_image":[{"width":600,"height":600,"url":"https:\/\/vinotecahugo.ro\/wp-content\/uploads\/2020\/08\/cuvee-francisc.jpg","type":"image\/jpeg"}],"twitter_card":"summary_large_image","twitter_misc":{"Est. reading time":"1 minute"},"schema":{"@context":"https:\/\/schema.org","@graph":[{"@type":"WebPage","@id":"https:\/\/vinotecahugo.ro\/en\/produs\/crama-ferdi-cuvee-francisc\/","url":"https:\/\/vinotecahugo.ro\/en\/produs\/crama-ferdi-cuvee-francisc\/","name":"Crama Ferdi Cuvee Francisc 2017 - Vinoteca Hugo","isPartOf":{"@id":"https:\/\/vinotecahugo.ro\/en\/#website"},"primaryImageOfPage":{"@id":"https:\/\/vinotecahugo.ro\/en\/produs\/crama-ferdi-cuvee-francisc\/#primaryimage"},"image":{"@id":"https:\/\/vinotecahugo.ro\/en\/produs\/crama-ferdi-cuvee-francisc\/#primaryimage"},"thumbnailUrl":"https:\/\/vinotecahugo.ro\/wp-content\/uploads\/2020\/08\/cuvee-francisc.jpg","datePublished":"2020-08-25T12:13:57+00:00","dateModified":"2026-03-17T16:28:59+00:00","description":"Comand\u0103 online Crama Ferdi Cuvee Francisc 2017 de la Vinoteca Hugo! Vinuri de top pentru momente speciale.","breadcrumb":{"@id":"https:\/\/vinotecahugo.ro\/en\/produs\/crama-ferdi-cuvee-francisc\/#breadcrumb"},"inLanguage":"en-US","potentialAction":[{"@type":"ReadAction","target":["https:\/\/vinotecahugo.ro\/en\/produs\/crama-ferdi-cuvee-francisc\/"]}]},{"@type":"ImageObject","inLanguage":"en-US","@id":"https:\/\/vinotecahugo.ro\/en\/produs\/crama-ferdi-cuvee-francisc\/#primaryimage","url":"https:\/\/vinotecahugo.ro\/wp-content\/uploads\/2020\/08\/cuvee-francisc.jpg","contentUrl":"https:\/\/vinotecahugo.ro\/wp-content\/uploads\/2020\/08\/cuvee-francisc.jpg","width":600,"height":600},{"@type":"BreadcrumbList","@id":"https:\/\/vinotecahugo.ro\/en\/produs\/crama-ferdi-cuvee-francisc\/#breadcrumb","itemListElement":[{"@type":"ListItem","position":1,"name":"Prima pagin\u0103","item":"https:\/\/vinotecahugo.ro\/en\/"},{"@type":"ListItem","position":2,"name":"Magazin","item":"https:\/\/vinotecahugo.ro\/magazin\/"},{"@type":"ListItem","position":3,"name":"Crama Ferdi Cuvee Francisc 2017"}]},{"@type":"WebSite","@id":"https:\/\/vinotecahugo.ro\/en\/#website","url":"https:\/\/vinotecahugo.ro\/en\/","name":"Vinoteca Hugo","description":"vinotec\u0103 cu o colec\u021bie de peste 5000 de sticle de vin","publisher":{"@id":"https:\/\/vinotecahugo.ro\/en\/#organization"},"potentialAction":[{"@type":"SearchAction","target":{"@type":"EntryPoint","urlTemplate":"https:\/\/vinotecahugo.ro\/en\/?s={search_term_string}"},"query-input":{"@type":"PropertyValueSpecification","valueRequired":true,"valueName":"search_term_string"}}],"inLanguage":"en-US"},{"@type":"Organization","@id":"https:\/\/vinotecahugo.ro\/en\/#organization","name":"Vinoteca Hugo","url":"https:\/\/vinotecahugo.ro\/en\/","logo":{"@type":"ImageObject","inLanguage":"en-US","@id":"https:\/\/vinotecahugo.ro\/en\/#\/schema\/logo\/image\/","url":"https:\/\/vinotecahugo.ro\/wp-content\/uploads\/2020\/04\/logo-vinoteca-hugo-160-120..jpg","contentUrl":"https:\/\/vinotecahugo.ro\/wp-content\/uploads\/2020\/04\/logo-vinoteca-hugo-160-120..jpg","width":160,"height":120,"caption":"Vinoteca Hugo"},"image":{"@id":"https:\/\/vinotecahugo.ro\/en\/#\/schema\/logo\/image\/"},"sameAs":["https:\/\/www.facebook.com\/VinotecaHugoAlbaIulia","https:\/\/www.instagram.com\/vinoteca_hugo\/","https:\/\/www.youtube.com\/channel\/UCpprt6bjcY4i-6P9WM-466g"]}]}},"_links":{"self":[{"href":"https:\/\/vinotecahugo.ro\/en\/wp-json\/wp\/v2\/product\/16587","targetHints":{"allow":["GET"]}}],"collection":[{"href":"https:\/\/vinotecahugo.ro\/en\/wp-json\/wp\/v2\/product"}],"about":[{"href":"https:\/\/vinotecahugo.ro\/en\/wp-json\/wp\/v2\/types\/product"}],"replies":[{"embeddable":true,"href":"https:\/\/vinotecahugo.ro\/en\/wp-json\/wp\/v2\/comments?post=16587"}],"wp:featuredmedia":[{"embeddable":true,"href":"https:\/\/vinotecahugo.ro\/en\/wp-json\/wp\/v2\/media\/16589"}],"wp:attachment":[{"href":"https:\/\/vinotecahugo.ro\/en\/wp-json\/wp\/v2\/media?parent=16587"}],"wp:term":[{"taxonomy":"product_brand","embeddable":true,"href":"https:\/\/vinotecahugo.ro\/en\/wp-json\/wp\/v2\/product_brand?post=16587"},{"taxonomy":"product_cat","embeddable":true,"href":"https:\/\/vinotecahugo.ro\/en\/wp-json\/wp\/v2\/product_cat?post=16587"},{"taxonomy":"product_tag","embeddable":true,"href":"https:\/\/vinotecahugo.ro\/en\/wp-json\/wp\/v2\/product_tag?post=16587"}],"curies":[{"name":"wp","href":"https:\/\/api.w.org\/{rel}","templated":true}]}}