{"id":16553,"date":"2020-08-12T17:08:27","date_gmt":"2020-08-12T14:08:27","guid":{"rendered":"https:\/\/vinotecahugo.ro\/?post_type=product&#038;p=16553"},"modified":"2023-06-19T12:32:08","modified_gmt":"2023-06-19T09:32:08","slug":"domeniile-panciu-feteasca-neagra-grand-riservadomeniile-panciu-cuvee-prestige-copiaza","status":"publish","type":"product","link":"https:\/\/vinotecahugo.ro\/en\/produs\/domeniile-panciu-feteasca-neagra-grand-riservadomeniile-panciu-cuvee-prestige-copiaza\/","title":{"rendered":"Domeniile Panciu Feteasca Neagra Grand Riserva"},"content":{"rendered":"<div class=\"video-shortcode\"><iframe title=\"Casa Panciu\" width=\"1100\" height=\"619\" src=\"https:\/\/www.youtube.com\/embed\/PYf8YX2rQFk?feature=oembed\" frameborder=\"0\" allow=\"accelerometer; autoplay; encrypted-media; gyroscope; picture-in-picture\" allowfullscreen><\/iframe><\/div>\n<p><strong>Domeniile Panciu Feteasca Neagra Grand Riserva<\/strong><\/p>\n<p class=\"despreNoiPage__text despreNoiPage__text--mode\">Din 2009 Domeniile Panciu sunt inima \u015fi sufletul vinurilor provenite din cele peste 120 hectare de vi\u0163\u0103 de vie situate pe Dealul S\u00e2rbilor. Am pornit la drum cu o misiune care de-a lungul anilor a stat la baza activit\u0103\u0163ilor \u015fi deciziilor luate: <b>Fabricarea unui produs Natural de Calitate Rom\u00e2nesc prin valorificarea continu\u0103 a poten\u0163ialului podgoriei Panciu.<\/b> Astfel munca grea \u015fi dedicat\u0103 a echipei se fructific\u0103 prin prezen\u0163a pe pia\u0163a a unui portofoliu ce cuprinde vinuri lini\u015ftite\u00a0 \u015fi efervescente. Toate \u00eencadrate \u00een 5 game: Grand Riserva, Vinoteca, Domeniile Panciu, Panciu Riserva \u015fi Casa Panciu.<\/p>\n<p>Mai multe informatii despre acest producator gasiti <a href=\"https:\/\/domeniilepanciu.ro\/\" target=\"_blank\" rel=\"noopener\">AICI<\/a>.<\/p>\n<p>Pentru programul de degustari si oferte personalizate te invitam sa devii membrul clubului Vinoteca Hugo. Pentru mai multe informatii fa click <a href=\"https:\/\/vinotecahugo.ro\/evenimente\/\">AICI.<\/a><\/p>\n<p>&nbsp;<\/p>\n","protected":false},"excerpt":{"rendered":"<div class=\"vivino-widget vivino-wine-card-widget\" data-vivino-widget-type=\"wine\" data-vivino-vintage-id=\"2255247\" data-vivino-user-id=\"8551400\" data-vivino-widget-language=\"en\" data-vivino-widget-layout=\"medium\"><a href=\"https:\/\/www.vivino.com\/panciu-panciu\/w\/70134\" target=\"_blank\" rel=\"noopener noreferrer\">Domeniile Panciu Grand Riserva U.V. on Vivino<\/a><\/div>\n<p>Domeniile Panciu Grand Riserva reprezint\u0103 vinurile ob\u0163inute \u00een anii cu cele mai bune recolte, odat\u0103 \u00een 4-5 ani. Grand Riserva Feteasc\u0103 Neagr\u0103 etaleaz\u0103 un caracter sofisticat, un profil aromatic intens \u015fi un echilibru excelent, calit\u0103\u0163i demne de un vin cu preten\u0163ii, creat doar \u00een cei mai buni ani de recolt\u0103. Maturat 12 luni \u00een baricuri de stejar \u015fi o perioad\u0103 \u00eendelungat\u0103 de maturare \u00een sticl\u0103, de aceea are nevoie de\u00a0 decantare cu aerare de 20-30 de minute \u00eenainte de servire.<\/p>\n<p>Un vin ro\u015fu rubiniu intens, cu arome de fructe de p\u0103dure, prune, vi\u015fine dulci \u015fi subtile note de cui\u015foare. Un buchet complex \u015fi juc\u0103u\u015f, cu un final de gust armonios, cu note de mure, zmeur\u0103 \u015fi nuan\u0163e vanilate derivate din maturarea \u00een baric. Lemnul este bine integrat \u00een buchet \u015fi \u00eencununeaz\u0103 cu succes \u00eentreaga experien\u021b\u0103 a degust\u0103rii. Savura\u0163i vinul la 16-18 \u00b0C \u00eempreun\u0103 cu br\u00e2nzeturi tari, costi\u0163\u0103 de miel sau T-bone.<\/p>\n","protected":false},"featured_media":16555,"comment_status":"open","ping_status":"closed","template":"","meta":[],"product_brand":[],"product_cat":[887,888,145],"product_tag":[693,432,727,346],"class_list":{"0":"post-16553","1":"product","2":"type-product","3":"status-publish","4":"has-post-thumbnail","6":"product_cat-vin-rosu","7":"product_cat-vin-rosu-sec","8":"product_cat-vinuri-romanesti","9":"product_tag-domeniile-panciu","10":"product_tag-feteasca-neagra","11":"product_tag-grand-riserva","12":"product_tag-vin-rosu","14":"first","15":"outofstock","16":"taxable","17":"shipping-taxable","18":"purchasable","19":"product-type-simple"},"yoast_head":"<!-- This site is optimized with the Yoast SEO plugin v24.6 - https:\/\/yoast.com\/wordpress\/plugins\/seo\/ -->\n<title>Domeniile Panciu Feteasca Neagra Grand Riserva - Vinoteca Hugo<\/title>\n<meta name=\"description\" content=\"Comand\u0103 online Domeniile Panciu Feteasca Neagra Grand Riserva de la Vinoteca Hugo! Vinuri de top pentru momente speciale.\" \/>\n<meta name=\"robots\" content=\"index, follow, max-snippet:-1, max-image-preview:large, max-video-preview:-1\" \/>\n<link rel=\"canonical\" href=\"https:\/\/vinotecahugo.ro\/en\/produs\/domeniile-panciu-feteasca-neagra-grand-riservadomeniile-panciu-cuvee-prestige-copiaza\/\" \/>\n<meta property=\"og:locale\" content=\"en_US\" \/>\n<meta property=\"og:type\" content=\"article\" \/>\n<meta property=\"og:title\" content=\"Domeniile Panciu Feteasca Neagra Grand Riserva - Vinoteca Hugo\" \/>\n<meta property=\"og:description\" content=\"Comand\u0103 online Domeniile Panciu Feteasca Neagra Grand Riserva de la Vinoteca Hugo! Vinuri de top pentru momente speciale.\" \/>\n<meta property=\"og:url\" content=\"https:\/\/vinotecahugo.ro\/en\/produs\/domeniile-panciu-feteasca-neagra-grand-riservadomeniile-panciu-cuvee-prestige-copiaza\/\" \/>\n<meta property=\"og:site_name\" content=\"Vinoteca Hugo\" \/>\n<meta property=\"article:publisher\" content=\"https:\/\/www.facebook.com\/VinotecaHugoAlbaIulia\" \/>\n<meta property=\"article:modified_time\" content=\"2023-06-19T09:32:08+00:00\" \/>\n<meta property=\"og:image\" content=\"https:\/\/vinotecahugo.ro\/wp-content\/uploads\/2020\/08\/grand-riserva-fn.jpg\" \/>\n\t<meta property=\"og:image:width\" content=\"600\" \/>\n\t<meta property=\"og:image:height\" content=\"600\" \/>\n\t<meta property=\"og:image:type\" content=\"image\/jpeg\" \/>\n<meta name=\"twitter:card\" content=\"summary_large_image\" \/>\n<meta name=\"twitter:label1\" content=\"Est. reading time\" \/>\n\t<meta name=\"twitter:data1\" content=\"1 minute\" \/>\n<script type=\"application\/ld+json\" class=\"yoast-schema-graph\">{\"@context\":\"https:\/\/schema.org\",\"@graph\":[{\"@type\":\"WebPage\",\"@id\":\"https:\/\/vinotecahugo.ro\/en\/produs\/domeniile-panciu-feteasca-neagra-grand-riservadomeniile-panciu-cuvee-prestige-copiaza\/\",\"url\":\"https:\/\/vinotecahugo.ro\/en\/produs\/domeniile-panciu-feteasca-neagra-grand-riservadomeniile-panciu-cuvee-prestige-copiaza\/\",\"name\":\"Domeniile Panciu Feteasca Neagra Grand Riserva - Vinoteca Hugo\",\"isPartOf\":{\"@id\":\"https:\/\/vinotecahugo.ro\/en\/#website\"},\"primaryImageOfPage\":{\"@id\":\"https:\/\/vinotecahugo.ro\/en\/produs\/domeniile-panciu-feteasca-neagra-grand-riservadomeniile-panciu-cuvee-prestige-copiaza\/#primaryimage\"},\"image\":{\"@id\":\"https:\/\/vinotecahugo.ro\/en\/produs\/domeniile-panciu-feteasca-neagra-grand-riservadomeniile-panciu-cuvee-prestige-copiaza\/#primaryimage\"},\"thumbnailUrl\":\"https:\/\/vinotecahugo.ro\/wp-content\/uploads\/2020\/08\/grand-riserva-fn.jpg\",\"datePublished\":\"2020-08-12T14:08:27+00:00\",\"dateModified\":\"2023-06-19T09:32:08+00:00\",\"description\":\"Comand\u0103 online Domeniile Panciu Feteasca Neagra Grand Riserva de la Vinoteca Hugo! Vinuri de top pentru momente speciale.\",\"breadcrumb\":{\"@id\":\"https:\/\/vinotecahugo.ro\/en\/produs\/domeniile-panciu-feteasca-neagra-grand-riservadomeniile-panciu-cuvee-prestige-copiaza\/#breadcrumb\"},\"inLanguage\":\"en-US\",\"potentialAction\":[{\"@type\":\"ReadAction\",\"target\":[\"https:\/\/vinotecahugo.ro\/en\/produs\/domeniile-panciu-feteasca-neagra-grand-riservadomeniile-panciu-cuvee-prestige-copiaza\/\"]}]},{\"@type\":\"ImageObject\",\"inLanguage\":\"en-US\",\"@id\":\"https:\/\/vinotecahugo.ro\/en\/produs\/domeniile-panciu-feteasca-neagra-grand-riservadomeniile-panciu-cuvee-prestige-copiaza\/#primaryimage\",\"url\":\"https:\/\/vinotecahugo.ro\/wp-content\/uploads\/2020\/08\/grand-riserva-fn.jpg\",\"contentUrl\":\"https:\/\/vinotecahugo.ro\/wp-content\/uploads\/2020\/08\/grand-riserva-fn.jpg\",\"width\":600,\"height\":600},{\"@type\":\"BreadcrumbList\",\"@id\":\"https:\/\/vinotecahugo.ro\/en\/produs\/domeniile-panciu-feteasca-neagra-grand-riservadomeniile-panciu-cuvee-prestige-copiaza\/#breadcrumb\",\"itemListElement\":[{\"@type\":\"ListItem\",\"position\":1,\"name\":\"Prima pagin\u0103\",\"item\":\"https:\/\/vinotecahugo.ro\/en\/\"},{\"@type\":\"ListItem\",\"position\":2,\"name\":\"Magazin\",\"item\":\"https:\/\/vinotecahugo.ro\/magazin\/\"},{\"@type\":\"ListItem\",\"position\":3,\"name\":\"Domeniile Panciu Feteasca Neagra Grand Riserva\"}]},{\"@type\":\"WebSite\",\"@id\":\"https:\/\/vinotecahugo.ro\/en\/#website\",\"url\":\"https:\/\/vinotecahugo.ro\/en\/\",\"name\":\"Vinoteca Hugo\",\"description\":\"vinotec\u0103 cu o colec\u021bie de peste 5000 de sticle de vin\",\"publisher\":{\"@id\":\"https:\/\/vinotecahugo.ro\/en\/#organization\"},\"potentialAction\":[{\"@type\":\"SearchAction\",\"target\":{\"@type\":\"EntryPoint\",\"urlTemplate\":\"https:\/\/vinotecahugo.ro\/en\/?s={search_term_string}\"},\"query-input\":{\"@type\":\"PropertyValueSpecification\",\"valueRequired\":true,\"valueName\":\"search_term_string\"}}],\"inLanguage\":\"en-US\"},{\"@type\":\"Organization\",\"@id\":\"https:\/\/vinotecahugo.ro\/en\/#organization\",\"name\":\"Vinoteca Hugo\",\"url\":\"https:\/\/vinotecahugo.ro\/en\/\",\"logo\":{\"@type\":\"ImageObject\",\"inLanguage\":\"en-US\",\"@id\":\"https:\/\/vinotecahugo.ro\/en\/#\/schema\/logo\/image\/\",\"url\":\"https:\/\/vinotecahugo.ro\/wp-content\/uploads\/2020\/04\/logo-vinoteca-hugo-160-120..jpg\",\"contentUrl\":\"https:\/\/vinotecahugo.ro\/wp-content\/uploads\/2020\/04\/logo-vinoteca-hugo-160-120..jpg\",\"width\":160,\"height\":120,\"caption\":\"Vinoteca Hugo\"},\"image\":{\"@id\":\"https:\/\/vinotecahugo.ro\/en\/#\/schema\/logo\/image\/\"},\"sameAs\":[\"https:\/\/www.facebook.com\/VinotecaHugoAlbaIulia\",\"https:\/\/www.instagram.com\/vinoteca_hugo\/\",\"https:\/\/www.youtube.com\/channel\/UCpprt6bjcY4i-6P9WM-466g\"]}]}<\/script>\n<!-- \/ Yoast SEO plugin. -->","yoast_head_json":{"title":"Domeniile Panciu Feteasca Neagra Grand Riserva - Vinoteca Hugo","description":"Comand\u0103 online Domeniile Panciu Feteasca Neagra Grand Riserva de la Vinoteca Hugo! Vinuri de top pentru momente speciale.","robots":{"index":"index","follow":"follow","max-snippet":"max-snippet:-1","max-image-preview":"max-image-preview:large","max-video-preview":"max-video-preview:-1"},"canonical":"https:\/\/vinotecahugo.ro\/en\/produs\/domeniile-panciu-feteasca-neagra-grand-riservadomeniile-panciu-cuvee-prestige-copiaza\/","og_locale":"en_US","og_type":"article","og_title":"Domeniile Panciu Feteasca Neagra Grand Riserva - Vinoteca Hugo","og_description":"Comand\u0103 online Domeniile Panciu Feteasca Neagra Grand Riserva de la Vinoteca Hugo! Vinuri de top pentru momente speciale.","og_url":"https:\/\/vinotecahugo.ro\/en\/produs\/domeniile-panciu-feteasca-neagra-grand-riservadomeniile-panciu-cuvee-prestige-copiaza\/","og_site_name":"Vinoteca Hugo","article_publisher":"https:\/\/www.facebook.com\/VinotecaHugoAlbaIulia","article_modified_time":"2023-06-19T09:32:08+00:00","og_image":[{"width":600,"height":600,"url":"https:\/\/vinotecahugo.ro\/wp-content\/uploads\/2020\/08\/grand-riserva-fn.jpg","type":"image\/jpeg"}],"twitter_card":"summary_large_image","twitter_misc":{"Est. reading time":"1 minute"},"schema":{"@context":"https:\/\/schema.org","@graph":[{"@type":"WebPage","@id":"https:\/\/vinotecahugo.ro\/en\/produs\/domeniile-panciu-feteasca-neagra-grand-riservadomeniile-panciu-cuvee-prestige-copiaza\/","url":"https:\/\/vinotecahugo.ro\/en\/produs\/domeniile-panciu-feteasca-neagra-grand-riservadomeniile-panciu-cuvee-prestige-copiaza\/","name":"Domeniile Panciu Feteasca Neagra Grand Riserva - Vinoteca Hugo","isPartOf":{"@id":"https:\/\/vinotecahugo.ro\/en\/#website"},"primaryImageOfPage":{"@id":"https:\/\/vinotecahugo.ro\/en\/produs\/domeniile-panciu-feteasca-neagra-grand-riservadomeniile-panciu-cuvee-prestige-copiaza\/#primaryimage"},"image":{"@id":"https:\/\/vinotecahugo.ro\/en\/produs\/domeniile-panciu-feteasca-neagra-grand-riservadomeniile-panciu-cuvee-prestige-copiaza\/#primaryimage"},"thumbnailUrl":"https:\/\/vinotecahugo.ro\/wp-content\/uploads\/2020\/08\/grand-riserva-fn.jpg","datePublished":"2020-08-12T14:08:27+00:00","dateModified":"2023-06-19T09:32:08+00:00","description":"Comand\u0103 online Domeniile Panciu Feteasca Neagra Grand Riserva de la Vinoteca Hugo! Vinuri de top pentru momente speciale.","breadcrumb":{"@id":"https:\/\/vinotecahugo.ro\/en\/produs\/domeniile-panciu-feteasca-neagra-grand-riservadomeniile-panciu-cuvee-prestige-copiaza\/#breadcrumb"},"inLanguage":"en-US","potentialAction":[{"@type":"ReadAction","target":["https:\/\/vinotecahugo.ro\/en\/produs\/domeniile-panciu-feteasca-neagra-grand-riservadomeniile-panciu-cuvee-prestige-copiaza\/"]}]},{"@type":"ImageObject","inLanguage":"en-US","@id":"https:\/\/vinotecahugo.ro\/en\/produs\/domeniile-panciu-feteasca-neagra-grand-riservadomeniile-panciu-cuvee-prestige-copiaza\/#primaryimage","url":"https:\/\/vinotecahugo.ro\/wp-content\/uploads\/2020\/08\/grand-riserva-fn.jpg","contentUrl":"https:\/\/vinotecahugo.ro\/wp-content\/uploads\/2020\/08\/grand-riserva-fn.jpg","width":600,"height":600},{"@type":"BreadcrumbList","@id":"https:\/\/vinotecahugo.ro\/en\/produs\/domeniile-panciu-feteasca-neagra-grand-riservadomeniile-panciu-cuvee-prestige-copiaza\/#breadcrumb","itemListElement":[{"@type":"ListItem","position":1,"name":"Prima pagin\u0103","item":"https:\/\/vinotecahugo.ro\/en\/"},{"@type":"ListItem","position":2,"name":"Magazin","item":"https:\/\/vinotecahugo.ro\/magazin\/"},{"@type":"ListItem","position":3,"name":"Domeniile Panciu Feteasca Neagra Grand Riserva"}]},{"@type":"WebSite","@id":"https:\/\/vinotecahugo.ro\/en\/#website","url":"https:\/\/vinotecahugo.ro\/en\/","name":"Vinoteca Hugo","description":"vinotec\u0103 cu o colec\u021bie de peste 5000 de sticle de vin","publisher":{"@id":"https:\/\/vinotecahugo.ro\/en\/#organization"},"potentialAction":[{"@type":"SearchAction","target":{"@type":"EntryPoint","urlTemplate":"https:\/\/vinotecahugo.ro\/en\/?s={search_term_string}"},"query-input":{"@type":"PropertyValueSpecification","valueRequired":true,"valueName":"search_term_string"}}],"inLanguage":"en-US"},{"@type":"Organization","@id":"https:\/\/vinotecahugo.ro\/en\/#organization","name":"Vinoteca Hugo","url":"https:\/\/vinotecahugo.ro\/en\/","logo":{"@type":"ImageObject","inLanguage":"en-US","@id":"https:\/\/vinotecahugo.ro\/en\/#\/schema\/logo\/image\/","url":"https:\/\/vinotecahugo.ro\/wp-content\/uploads\/2020\/04\/logo-vinoteca-hugo-160-120..jpg","contentUrl":"https:\/\/vinotecahugo.ro\/wp-content\/uploads\/2020\/04\/logo-vinoteca-hugo-160-120..jpg","width":160,"height":120,"caption":"Vinoteca Hugo"},"image":{"@id":"https:\/\/vinotecahugo.ro\/en\/#\/schema\/logo\/image\/"},"sameAs":["https:\/\/www.facebook.com\/VinotecaHugoAlbaIulia","https:\/\/www.instagram.com\/vinoteca_hugo\/","https:\/\/www.youtube.com\/channel\/UCpprt6bjcY4i-6P9WM-466g"]}]}},"_links":{"self":[{"href":"https:\/\/vinotecahugo.ro\/en\/wp-json\/wp\/v2\/product\/16553","targetHints":{"allow":["GET"]}}],"collection":[{"href":"https:\/\/vinotecahugo.ro\/en\/wp-json\/wp\/v2\/product"}],"about":[{"href":"https:\/\/vinotecahugo.ro\/en\/wp-json\/wp\/v2\/types\/product"}],"replies":[{"embeddable":true,"href":"https:\/\/vinotecahugo.ro\/en\/wp-json\/wp\/v2\/comments?post=16553"}],"wp:featuredmedia":[{"embeddable":true,"href":"https:\/\/vinotecahugo.ro\/en\/wp-json\/wp\/v2\/media\/16555"}],"wp:attachment":[{"href":"https:\/\/vinotecahugo.ro\/en\/wp-json\/wp\/v2\/media?parent=16553"}],"wp:term":[{"taxonomy":"product_brand","embeddable":true,"href":"https:\/\/vinotecahugo.ro\/en\/wp-json\/wp\/v2\/product_brand?post=16553"},{"taxonomy":"product_cat","embeddable":true,"href":"https:\/\/vinotecahugo.ro\/en\/wp-json\/wp\/v2\/product_cat?post=16553"},{"taxonomy":"product_tag","embeddable":true,"href":"https:\/\/vinotecahugo.ro\/en\/wp-json\/wp\/v2\/product_tag?post=16553"}],"curies":[{"name":"wp","href":"https:\/\/api.w.org\/{rel}","templated":true}]}}