{"id":16540,"date":"2020-08-12T16:13:55","date_gmt":"2020-08-12T13:13:55","guid":{"rendered":"https:\/\/vinotecahugo.ro\/?post_type=product&#038;p=16540"},"modified":"2026-01-18T19:53:20","modified_gmt":"2026-01-18T17:53:20","slug":"epiphanie-feteasca-neagra-2017-sarica-niculitel","status":"publish","type":"product","link":"https:\/\/vinotecahugo.ro\/en\/produs\/epiphanie-feteasca-neagra-2017-sarica-niculitel\/","title":{"rendered":"Epiphanie Feteasca Neagra Sarica Niculitel"},"content":{"rendered":"<p><strong>Epiphanie Feteasca Neagra\u00a0 Sarica Niculitel<\/strong><\/p>\n<div class=\"lbDescription\">\n<div class=\"video-shortcode\"><iframe title=\"Via Viticola - M\u0103 g\u00e2ndesc la tine (full)\" width=\"1100\" height=\"619\" src=\"https:\/\/www.youtube.com\/embed\/cJESKrD0mKY?feature=oembed\" frameborder=\"0\" allow=\"accelerometer; autoplay; encrypted-media; gyroscope; picture-in-picture\" allowfullscreen><\/iframe><\/div>\n<p>Mai multe informatii despre acest producator gasiti <a href=\"https:\/\/www.viaviticola.ro\/via-viticola-sarica-niculitel\">AICI<\/a>.<\/p>\n<\/div>\n<p>Pentru programul de degustari si oferte personalizate te invitam sa devii membrul clubului Vinoteca Hugo. Pentru mai multe informatii fa click <a href=\"https:\/\/vinotecahugo.ro\/evenimente\/\">AICI.<\/a><\/p>\n<p>&nbsp;<\/p>\n","protected":false},"excerpt":{"rendered":"<div class=\"vivino-widget vivino-wine-card-widget\" data-vivino-widget-type=\"wine\" data-vivino-vintage-id=\"160844972\" data-vivino-user-id=\"8551400\" data-vivino-widget-language=\"en\" data-vivino-widget-layout=\"medium\"><a href=\"https:\/\/www.vivino.com\/sarica-epiphanie-feteasca-neagra\/w\/7360126\" target=\"_blank\" rel=\"noopener noreferrer\">Sarica \u00c9piphanie Feteasc\u0103 Neagr\u0103 U.V. on Vivino<\/a><\/div>\n<p>Originar din cea mai veche podgorie dobrogean\u0103, Sarica Niculi\u021bel Epiphanie Feteasc\u0103 Neagr\u0103 este un vin ro\u0219u sec m\u00e2ng\u00e2iat de soare \u0219i r\u0103corit de Dun\u0103re. Unul dintre cele mai vechi \u0219i nobile soiuri de struguri rom\u00e2ne\u0219ti, Feteasca Neagr\u0103, semneaz\u0103 non\u015falant acest vin care se dovede\u015fte a fi, f\u0103r\u0103 doar \u015fi poate, o adev\u0103rat\u0103 epifanie pentru iubitorii de sortimente ro\u015fii. Vinul popose\u015fte 12 luni pline \u00een baricuri noi de stejar francez, pentru ca mai apoi s\u0103 se odihneasc\u0103 \u015fi \u00een sticl\u0103, \u00eenc\u0103 12 luni. Rezultatul? Un buchet aromatic intens fructat, care dezv\u0103luie note profunde \u0219i irezistibile, excelent structurate, recomandat a fi savurat al\u0103turi de preparate din v\u00e2nat, br\u00e2nzeturi nobile sau deserturi pe baz\u0103 de ciocolat\u0103 neagr\u0103. Pentru a-i resim\u0163i pe deplin complexitatea aromatic\u0103, Sarica Niculi\u021bel Epiphanie Feteasc\u0103 Neagr\u0103 trebuie servit la o temperatur\u0103 cuprins\u0103 \u00eentre 16 \u0219i 18 grade.<\/p>\n<p>Aerat \u00een prealabil 45 de minute, se poate asocia preparatelor din v\u00e2nat de talie mare cu blan\u0103, br\u00e2nzeturi maturate cu mucegai nobil, deserturi din ciocolat\u0103 neagr\u0103 cu fructe de p\u0103dure<\/p>\n<p>&nbsp;<\/p>\n","protected":false},"featured_media":16543,"comment_status":"open","ping_status":"closed","template":"","meta":[],"product_brand":[],"product_cat":[887,888,145],"product_tag":[723,432,722,346],"class_list":{"0":"post-16540","1":"product","2":"type-product","3":"status-publish","4":"has-post-thumbnail","6":"product_cat-vin-rosu","7":"product_cat-vin-rosu-sec","8":"product_cat-vinuri-romanesti","9":"product_tag-epiphanie","10":"product_tag-feteasca-neagra","11":"product_tag-sarica-niculitel","12":"product_tag-vin-rosu","14":"first","15":"instock","16":"taxable","17":"shipping-taxable","18":"purchasable","19":"product-type-simple"},"yoast_head":"<!-- This site is optimized with the Yoast SEO plugin v24.6 - https:\/\/yoast.com\/wordpress\/plugins\/seo\/ -->\n<title>Epiphanie Feteasca Neagra Sarica Niculitel - Vinoteca Hugo<\/title>\n<meta name=\"description\" content=\"Comand\u0103 online Epiphanie Feteasca Neagra Sarica Niculitel de la Vinoteca Hugo! Vinuri de top pentru momente speciale.\" \/>\n<meta name=\"robots\" content=\"index, follow, max-snippet:-1, max-image-preview:large, max-video-preview:-1\" \/>\n<link rel=\"canonical\" href=\"https:\/\/vinotecahugo.ro\/en\/produs\/epiphanie-feteasca-neagra-2017-sarica-niculitel\/\" \/>\n<meta property=\"og:locale\" content=\"en_US\" \/>\n<meta property=\"og:type\" content=\"article\" \/>\n<meta property=\"og:title\" content=\"Epiphanie Feteasca Neagra Sarica Niculitel - Vinoteca Hugo\" \/>\n<meta property=\"og:description\" content=\"Comand\u0103 online Epiphanie Feteasca Neagra Sarica Niculitel de la Vinoteca Hugo! Vinuri de top pentru momente speciale.\" \/>\n<meta property=\"og:url\" content=\"https:\/\/vinotecahugo.ro\/en\/produs\/epiphanie-feteasca-neagra-2017-sarica-niculitel\/\" \/>\n<meta property=\"og:site_name\" content=\"Vinoteca Hugo\" \/>\n<meta property=\"article:publisher\" content=\"https:\/\/www.facebook.com\/VinotecaHugoAlbaIulia\" \/>\n<meta property=\"article:modified_time\" content=\"2026-01-18T17:53:20+00:00\" \/>\n<meta property=\"og:image\" content=\"https:\/\/vinotecahugo.ro\/wp-content\/uploads\/2020\/08\/epiphanie.jpg\" \/>\n\t<meta property=\"og:image:width\" content=\"600\" \/>\n\t<meta property=\"og:image:height\" content=\"600\" \/>\n\t<meta property=\"og:image:type\" content=\"image\/jpeg\" \/>\n<meta name=\"twitter:card\" content=\"summary_large_image\" \/>\n<script type=\"application\/ld+json\" class=\"yoast-schema-graph\">{\"@context\":\"https:\/\/schema.org\",\"@graph\":[{\"@type\":\"WebPage\",\"@id\":\"https:\/\/vinotecahugo.ro\/en\/produs\/epiphanie-feteasca-neagra-2017-sarica-niculitel\/\",\"url\":\"https:\/\/vinotecahugo.ro\/en\/produs\/epiphanie-feteasca-neagra-2017-sarica-niculitel\/\",\"name\":\"Epiphanie Feteasca Neagra Sarica Niculitel - Vinoteca Hugo\",\"isPartOf\":{\"@id\":\"https:\/\/vinotecahugo.ro\/en\/#website\"},\"primaryImageOfPage\":{\"@id\":\"https:\/\/vinotecahugo.ro\/en\/produs\/epiphanie-feteasca-neagra-2017-sarica-niculitel\/#primaryimage\"},\"image\":{\"@id\":\"https:\/\/vinotecahugo.ro\/en\/produs\/epiphanie-feteasca-neagra-2017-sarica-niculitel\/#primaryimage\"},\"thumbnailUrl\":\"https:\/\/vinotecahugo.ro\/wp-content\/uploads\/2020\/08\/epiphanie.jpg\",\"datePublished\":\"2020-08-12T13:13:55+00:00\",\"dateModified\":\"2026-01-18T17:53:20+00:00\",\"description\":\"Comand\u0103 online Epiphanie Feteasca Neagra Sarica Niculitel de la Vinoteca Hugo! Vinuri de top pentru momente speciale.\",\"breadcrumb\":{\"@id\":\"https:\/\/vinotecahugo.ro\/en\/produs\/epiphanie-feteasca-neagra-2017-sarica-niculitel\/#breadcrumb\"},\"inLanguage\":\"en-US\",\"potentialAction\":[{\"@type\":\"ReadAction\",\"target\":[\"https:\/\/vinotecahugo.ro\/en\/produs\/epiphanie-feteasca-neagra-2017-sarica-niculitel\/\"]}]},{\"@type\":\"ImageObject\",\"inLanguage\":\"en-US\",\"@id\":\"https:\/\/vinotecahugo.ro\/en\/produs\/epiphanie-feteasca-neagra-2017-sarica-niculitel\/#primaryimage\",\"url\":\"https:\/\/vinotecahugo.ro\/wp-content\/uploads\/2020\/08\/epiphanie.jpg\",\"contentUrl\":\"https:\/\/vinotecahugo.ro\/wp-content\/uploads\/2020\/08\/epiphanie.jpg\",\"width\":600,\"height\":600},{\"@type\":\"BreadcrumbList\",\"@id\":\"https:\/\/vinotecahugo.ro\/en\/produs\/epiphanie-feteasca-neagra-2017-sarica-niculitel\/#breadcrumb\",\"itemListElement\":[{\"@type\":\"ListItem\",\"position\":1,\"name\":\"Prima pagin\u0103\",\"item\":\"https:\/\/vinotecahugo.ro\/en\/\"},{\"@type\":\"ListItem\",\"position\":2,\"name\":\"Magazin\",\"item\":\"https:\/\/vinotecahugo.ro\/magazin\/\"},{\"@type\":\"ListItem\",\"position\":3,\"name\":\"Epiphanie Feteasca Neagra Sarica Niculitel\"}]},{\"@type\":\"WebSite\",\"@id\":\"https:\/\/vinotecahugo.ro\/en\/#website\",\"url\":\"https:\/\/vinotecahugo.ro\/en\/\",\"name\":\"Vinoteca Hugo\",\"description\":\"vinotec\u0103 cu o colec\u021bie de peste 5000 de sticle de vin\",\"publisher\":{\"@id\":\"https:\/\/vinotecahugo.ro\/en\/#organization\"},\"potentialAction\":[{\"@type\":\"SearchAction\",\"target\":{\"@type\":\"EntryPoint\",\"urlTemplate\":\"https:\/\/vinotecahugo.ro\/en\/?s={search_term_string}\"},\"query-input\":{\"@type\":\"PropertyValueSpecification\",\"valueRequired\":true,\"valueName\":\"search_term_string\"}}],\"inLanguage\":\"en-US\"},{\"@type\":\"Organization\",\"@id\":\"https:\/\/vinotecahugo.ro\/en\/#organization\",\"name\":\"Vinoteca Hugo\",\"url\":\"https:\/\/vinotecahugo.ro\/en\/\",\"logo\":{\"@type\":\"ImageObject\",\"inLanguage\":\"en-US\",\"@id\":\"https:\/\/vinotecahugo.ro\/en\/#\/schema\/logo\/image\/\",\"url\":\"https:\/\/vinotecahugo.ro\/wp-content\/uploads\/2020\/04\/logo-vinoteca-hugo-160-120..jpg\",\"contentUrl\":\"https:\/\/vinotecahugo.ro\/wp-content\/uploads\/2020\/04\/logo-vinoteca-hugo-160-120..jpg\",\"width\":160,\"height\":120,\"caption\":\"Vinoteca Hugo\"},\"image\":{\"@id\":\"https:\/\/vinotecahugo.ro\/en\/#\/schema\/logo\/image\/\"},\"sameAs\":[\"https:\/\/www.facebook.com\/VinotecaHugoAlbaIulia\",\"https:\/\/www.instagram.com\/vinoteca_hugo\/\",\"https:\/\/www.youtube.com\/channel\/UCpprt6bjcY4i-6P9WM-466g\"]}]}<\/script>\n<!-- \/ Yoast SEO plugin. -->","yoast_head_json":{"title":"Epiphanie Feteasca Neagra Sarica Niculitel - Vinoteca Hugo","description":"Comand\u0103 online Epiphanie Feteasca Neagra Sarica Niculitel de la Vinoteca Hugo! Vinuri de top pentru momente speciale.","robots":{"index":"index","follow":"follow","max-snippet":"max-snippet:-1","max-image-preview":"max-image-preview:large","max-video-preview":"max-video-preview:-1"},"canonical":"https:\/\/vinotecahugo.ro\/en\/produs\/epiphanie-feteasca-neagra-2017-sarica-niculitel\/","og_locale":"en_US","og_type":"article","og_title":"Epiphanie Feteasca Neagra Sarica Niculitel - Vinoteca Hugo","og_description":"Comand\u0103 online Epiphanie Feteasca Neagra Sarica Niculitel de la Vinoteca Hugo! Vinuri de top pentru momente speciale.","og_url":"https:\/\/vinotecahugo.ro\/en\/produs\/epiphanie-feteasca-neagra-2017-sarica-niculitel\/","og_site_name":"Vinoteca Hugo","article_publisher":"https:\/\/www.facebook.com\/VinotecaHugoAlbaIulia","article_modified_time":"2026-01-18T17:53:20+00:00","og_image":[{"width":600,"height":600,"url":"https:\/\/vinotecahugo.ro\/wp-content\/uploads\/2020\/08\/epiphanie.jpg","type":"image\/jpeg"}],"twitter_card":"summary_large_image","schema":{"@context":"https:\/\/schema.org","@graph":[{"@type":"WebPage","@id":"https:\/\/vinotecahugo.ro\/en\/produs\/epiphanie-feteasca-neagra-2017-sarica-niculitel\/","url":"https:\/\/vinotecahugo.ro\/en\/produs\/epiphanie-feteasca-neagra-2017-sarica-niculitel\/","name":"Epiphanie Feteasca Neagra Sarica Niculitel - Vinoteca Hugo","isPartOf":{"@id":"https:\/\/vinotecahugo.ro\/en\/#website"},"primaryImageOfPage":{"@id":"https:\/\/vinotecahugo.ro\/en\/produs\/epiphanie-feteasca-neagra-2017-sarica-niculitel\/#primaryimage"},"image":{"@id":"https:\/\/vinotecahugo.ro\/en\/produs\/epiphanie-feteasca-neagra-2017-sarica-niculitel\/#primaryimage"},"thumbnailUrl":"https:\/\/vinotecahugo.ro\/wp-content\/uploads\/2020\/08\/epiphanie.jpg","datePublished":"2020-08-12T13:13:55+00:00","dateModified":"2026-01-18T17:53:20+00:00","description":"Comand\u0103 online Epiphanie Feteasca Neagra Sarica Niculitel de la Vinoteca Hugo! Vinuri de top pentru momente speciale.","breadcrumb":{"@id":"https:\/\/vinotecahugo.ro\/en\/produs\/epiphanie-feteasca-neagra-2017-sarica-niculitel\/#breadcrumb"},"inLanguage":"en-US","potentialAction":[{"@type":"ReadAction","target":["https:\/\/vinotecahugo.ro\/en\/produs\/epiphanie-feteasca-neagra-2017-sarica-niculitel\/"]}]},{"@type":"ImageObject","inLanguage":"en-US","@id":"https:\/\/vinotecahugo.ro\/en\/produs\/epiphanie-feteasca-neagra-2017-sarica-niculitel\/#primaryimage","url":"https:\/\/vinotecahugo.ro\/wp-content\/uploads\/2020\/08\/epiphanie.jpg","contentUrl":"https:\/\/vinotecahugo.ro\/wp-content\/uploads\/2020\/08\/epiphanie.jpg","width":600,"height":600},{"@type":"BreadcrumbList","@id":"https:\/\/vinotecahugo.ro\/en\/produs\/epiphanie-feteasca-neagra-2017-sarica-niculitel\/#breadcrumb","itemListElement":[{"@type":"ListItem","position":1,"name":"Prima pagin\u0103","item":"https:\/\/vinotecahugo.ro\/en\/"},{"@type":"ListItem","position":2,"name":"Magazin","item":"https:\/\/vinotecahugo.ro\/magazin\/"},{"@type":"ListItem","position":3,"name":"Epiphanie Feteasca Neagra Sarica Niculitel"}]},{"@type":"WebSite","@id":"https:\/\/vinotecahugo.ro\/en\/#website","url":"https:\/\/vinotecahugo.ro\/en\/","name":"Vinoteca Hugo","description":"vinotec\u0103 cu o colec\u021bie de peste 5000 de sticle de vin","publisher":{"@id":"https:\/\/vinotecahugo.ro\/en\/#organization"},"potentialAction":[{"@type":"SearchAction","target":{"@type":"EntryPoint","urlTemplate":"https:\/\/vinotecahugo.ro\/en\/?s={search_term_string}"},"query-input":{"@type":"PropertyValueSpecification","valueRequired":true,"valueName":"search_term_string"}}],"inLanguage":"en-US"},{"@type":"Organization","@id":"https:\/\/vinotecahugo.ro\/en\/#organization","name":"Vinoteca Hugo","url":"https:\/\/vinotecahugo.ro\/en\/","logo":{"@type":"ImageObject","inLanguage":"en-US","@id":"https:\/\/vinotecahugo.ro\/en\/#\/schema\/logo\/image\/","url":"https:\/\/vinotecahugo.ro\/wp-content\/uploads\/2020\/04\/logo-vinoteca-hugo-160-120..jpg","contentUrl":"https:\/\/vinotecahugo.ro\/wp-content\/uploads\/2020\/04\/logo-vinoteca-hugo-160-120..jpg","width":160,"height":120,"caption":"Vinoteca Hugo"},"image":{"@id":"https:\/\/vinotecahugo.ro\/en\/#\/schema\/logo\/image\/"},"sameAs":["https:\/\/www.facebook.com\/VinotecaHugoAlbaIulia","https:\/\/www.instagram.com\/vinoteca_hugo\/","https:\/\/www.youtube.com\/channel\/UCpprt6bjcY4i-6P9WM-466g"]}]}},"_links":{"self":[{"href":"https:\/\/vinotecahugo.ro\/en\/wp-json\/wp\/v2\/product\/16540","targetHints":{"allow":["GET"]}}],"collection":[{"href":"https:\/\/vinotecahugo.ro\/en\/wp-json\/wp\/v2\/product"}],"about":[{"href":"https:\/\/vinotecahugo.ro\/en\/wp-json\/wp\/v2\/types\/product"}],"replies":[{"embeddable":true,"href":"https:\/\/vinotecahugo.ro\/en\/wp-json\/wp\/v2\/comments?post=16540"}],"wp:featuredmedia":[{"embeddable":true,"href":"https:\/\/vinotecahugo.ro\/en\/wp-json\/wp\/v2\/media\/16543"}],"wp:attachment":[{"href":"https:\/\/vinotecahugo.ro\/en\/wp-json\/wp\/v2\/media?parent=16540"}],"wp:term":[{"taxonomy":"product_brand","embeddable":true,"href":"https:\/\/vinotecahugo.ro\/en\/wp-json\/wp\/v2\/product_brand?post=16540"},{"taxonomy":"product_cat","embeddable":true,"href":"https:\/\/vinotecahugo.ro\/en\/wp-json\/wp\/v2\/product_cat?post=16540"},{"taxonomy":"product_tag","embeddable":true,"href":"https:\/\/vinotecahugo.ro\/en\/wp-json\/wp\/v2\/product_tag?post=16540"}],"curies":[{"name":"wp","href":"https:\/\/api.w.org\/{rel}","templated":true}]}}