{"id":16533,"date":"2020-08-12T15:25:56","date_gmt":"2020-08-12T12:25:56","guid":{"rendered":"https:\/\/vinotecahugo.ro\/?post_type=product&#038;p=16533"},"modified":"2024-11-08T15:16:27","modified_gmt":"2024-11-08T13:16:27","slug":"taittinger-les-folies-de-marquetterie","status":"publish","type":"product","link":"https:\/\/vinotecahugo.ro\/en\/produs\/taittinger-les-folies-de-marquetterie\/","title":{"rendered":"Taittinger Les Folies de Marquetterie"},"content":{"rendered":"<p><strong>Taittinger Les Folies de Marquetterie <\/strong><\/p>\n<div class=\"lbDescription\">\n<div class=\"video-shortcode\"><iframe title=\"JAMESSUCKLING.COM - Champagne - Taittinger - Les Folies de la Marquetterie\" width=\"1100\" height=\"619\" src=\"https:\/\/www.youtube.com\/embed\/0BRaqnRAyqk?feature=oembed\" frameborder=\"0\" allow=\"accelerometer; autoplay; encrypted-media; gyroscope; picture-in-picture\" allowfullscreen><\/iframe><\/div>\n<div class=\"video-shortcode\"><iframe title=\"Champagne Taittinger\" width=\"1100\" height=\"619\" src=\"https:\/\/www.youtube.com\/embed\/1Z8ZHPt7_YY?feature=oembed\" frameborder=\"0\" allow=\"accelerometer; autoplay; encrypted-media; gyroscope; picture-in-picture\" allowfullscreen><\/iframe><\/div>\n<p>Mai multe informatii despre acest producator gasiti <a href=\"https:\/\/www.taittinger.com\/en\" target=\"_blank\" rel=\"noopener\">AICI<\/a> .<\/p>\n<\/div>\n<p>Pentru programul de degustari si oferte personalizate te invitam sa devii membrul clubului Vinoteca Hugo. Pentru mai multe informatii fa click <a href=\"https:\/\/vinotecahugo.ro\/evenimente\/\">AICI.<\/a><\/p>\n<p>&nbsp;<\/p>\n","protected":false},"excerpt":{"rendered":"<p style=\"text-align: left;\"><strong>Taittinger Les Folies de Marquetterie<\/strong><\/p>\n<div class=\"vivino-widget vivino-wine-card-widget\" data-vivino-widget-type=\"wine\" data-vivino-vintage-id=\"1759166\" data-vivino-user-id=\"8551400\" data-vivino-widget-language=\"en\" data-vivino-widget-layout=\"big\"><a href=\"https:\/\/www.vivino.com\/taittinger-les-folies-de-la-marquetterie-champagne\/w\/1254786\" target=\"_blank\" rel=\"noopener noreferrer\">Taittinger Les Folies de la Marquetterie Champagne U.V. on Vivino<\/a><\/div>\n<p>Prima \u201eChampagne de Domaine\u201d\u00a0 sau \u201esingle vineyard\u201d al casei Taittinger. Les Folies de la Marquetterie este un cupaj de Chardonnays (45%)\u00a0 Pinot Noi (55%), ob\u021binu\u021bi exclusiv din struguri din Podgoria Folies, situat\u0103 \u00een imediata apropiere a Ch\u00e2teau de la Marquetterie,<br \/>\nlocul de na\u0219tere al \u0219ampaniei familiei Taittinger. Dup\u0103 recoltarea manual\u0103 strugurii sunt presa\u021bi direct f\u0103r\u0103 zdrobire sau desciorchinare, \u0219i este folosit doar mustul ravac \u0219i prima presare. Vinul materie prim\u0103 este maturat \u00een butoaie de stejar cel pu\u021bin 6 luni, dup\u0103 care este tirajat. Maturarea \u00een sticl\u0103 pe sedimentul de drojdii, are loc minim 5 ani.<\/p>\n<p>\u0218ampania are o culoare galben\u0103 intens\u0103 cu note aurii. Perlare intens\u0103 cu bule mici. Arome fructate intense care te duc cu g\u00e2ndul la aromele de gem de piersici \u0219i caise, indicii subtile de brio\u0219\u0103,\u00a0 crem\u0103 de vanilie \u0219i p\u00e2ine pr\u0103jit\u0103. Gust plin, echilibrat cu note fructate, \u00een care domin\u0103 piersicul \u0219i caisele. Post-gust distinctiv \u0219i expresiv cu u\u0219oare note de lemn de stejar.<\/p>\n","protected":false},"featured_media":16537,"comment_status":"open","ping_status":"closed","template":"","meta":[],"product_brand":[],"product_cat":[882,281],"product_tag":[394,648,368,645,718,356,355],"class_list":{"0":"post-16533","1":"product","2":"type-product","3":"status-publish","4":"has-post-thumbnail","6":"product_cat-vin-alb","7":"product_cat-vinuri-internationale","8":"product_tag-chardonnay","9":"product_tag-franta","10":"product_tag-pinot-noir","11":"product_tag-sampanie","12":"product_tag-taittinger","13":"product_tag-vin-alba-iulia","14":"product_tag-vinoteca-hugo","16":"first","17":"instock","18":"taxable","19":"shipping-taxable","20":"purchasable","21":"product-type-simple"},"yoast_head":"<!-- This site is optimized with the Yoast SEO plugin v24.6 - https:\/\/yoast.com\/wordpress\/plugins\/seo\/ -->\n<title>Taittinger Les Folies de Marquetterie - Vinoteca Hugo<\/title>\n<meta name=\"description\" content=\"Comand\u0103 online Taittinger Les Folies de Marquetterie de la Vinoteca Hugo! Vinuri de top pentru momente speciale.\" \/>\n<meta name=\"robots\" content=\"index, follow, max-snippet:-1, max-image-preview:large, max-video-preview:-1\" \/>\n<link rel=\"canonical\" href=\"https:\/\/vinotecahugo.ro\/en\/produs\/taittinger-les-folies-de-marquetterie\/\" \/>\n<meta property=\"og:locale\" content=\"en_US\" \/>\n<meta property=\"og:type\" content=\"article\" \/>\n<meta property=\"og:title\" content=\"Taittinger Les Folies de Marquetterie - Vinoteca Hugo\" \/>\n<meta property=\"og:description\" content=\"Comand\u0103 online Taittinger Les Folies de Marquetterie de la Vinoteca Hugo! Vinuri de top pentru momente speciale.\" \/>\n<meta property=\"og:url\" content=\"https:\/\/vinotecahugo.ro\/en\/produs\/taittinger-les-folies-de-marquetterie\/\" \/>\n<meta property=\"og:site_name\" content=\"Vinoteca Hugo\" \/>\n<meta property=\"article:publisher\" content=\"https:\/\/www.facebook.com\/VinotecaHugoAlbaIulia\" \/>\n<meta property=\"article:modified_time\" content=\"2024-11-08T13:16:27+00:00\" \/>\n<meta property=\"og:image\" content=\"https:\/\/vinotecahugo.ro\/wp-content\/uploads\/2020\/08\/f-5jCTDZRAWNXtOCJzL17g_pb_600x600.png\" \/>\n\t<meta property=\"og:image:width\" content=\"600\" \/>\n\t<meta property=\"og:image:height\" content=\"600\" \/>\n\t<meta property=\"og:image:type\" content=\"image\/png\" \/>\n<meta name=\"twitter:card\" content=\"summary_large_image\" \/>\n<meta name=\"twitter:label1\" content=\"Est. reading time\" \/>\n\t<meta name=\"twitter:data1\" content=\"1 minute\" \/>\n<script type=\"application\/ld+json\" class=\"yoast-schema-graph\">{\"@context\":\"https:\/\/schema.org\",\"@graph\":[{\"@type\":\"WebPage\",\"@id\":\"https:\/\/vinotecahugo.ro\/en\/produs\/taittinger-les-folies-de-marquetterie\/\",\"url\":\"https:\/\/vinotecahugo.ro\/en\/produs\/taittinger-les-folies-de-marquetterie\/\",\"name\":\"Taittinger Les Folies de Marquetterie - Vinoteca Hugo\",\"isPartOf\":{\"@id\":\"https:\/\/vinotecahugo.ro\/en\/#website\"},\"primaryImageOfPage\":{\"@id\":\"https:\/\/vinotecahugo.ro\/en\/produs\/taittinger-les-folies-de-marquetterie\/#primaryimage\"},\"image\":{\"@id\":\"https:\/\/vinotecahugo.ro\/en\/produs\/taittinger-les-folies-de-marquetterie\/#primaryimage\"},\"thumbnailUrl\":\"https:\/\/vinotecahugo.ro\/wp-content\/uploads\/2020\/08\/f-5jCTDZRAWNXtOCJzL17g_pb_600x600.png\",\"datePublished\":\"2020-08-12T12:25:56+00:00\",\"dateModified\":\"2024-11-08T13:16:27+00:00\",\"description\":\"Comand\u0103 online Taittinger Les Folies de Marquetterie de la Vinoteca Hugo! Vinuri de top pentru momente speciale.\",\"breadcrumb\":{\"@id\":\"https:\/\/vinotecahugo.ro\/en\/produs\/taittinger-les-folies-de-marquetterie\/#breadcrumb\"},\"inLanguage\":\"en-US\",\"potentialAction\":[{\"@type\":\"ReadAction\",\"target\":[\"https:\/\/vinotecahugo.ro\/en\/produs\/taittinger-les-folies-de-marquetterie\/\"]}]},{\"@type\":\"ImageObject\",\"inLanguage\":\"en-US\",\"@id\":\"https:\/\/vinotecahugo.ro\/en\/produs\/taittinger-les-folies-de-marquetterie\/#primaryimage\",\"url\":\"https:\/\/vinotecahugo.ro\/wp-content\/uploads\/2020\/08\/f-5jCTDZRAWNXtOCJzL17g_pb_600x600.png\",\"contentUrl\":\"https:\/\/vinotecahugo.ro\/wp-content\/uploads\/2020\/08\/f-5jCTDZRAWNXtOCJzL17g_pb_600x600.png\",\"width\":600,\"height\":600},{\"@type\":\"BreadcrumbList\",\"@id\":\"https:\/\/vinotecahugo.ro\/en\/produs\/taittinger-les-folies-de-marquetterie\/#breadcrumb\",\"itemListElement\":[{\"@type\":\"ListItem\",\"position\":1,\"name\":\"Prima pagin\u0103\",\"item\":\"https:\/\/vinotecahugo.ro\/en\/\"},{\"@type\":\"ListItem\",\"position\":2,\"name\":\"Magazin\",\"item\":\"https:\/\/vinotecahugo.ro\/magazin\/\"},{\"@type\":\"ListItem\",\"position\":3,\"name\":\"Taittinger Les Folies de Marquetterie\"}]},{\"@type\":\"WebSite\",\"@id\":\"https:\/\/vinotecahugo.ro\/en\/#website\",\"url\":\"https:\/\/vinotecahugo.ro\/en\/\",\"name\":\"Vinoteca Hugo\",\"description\":\"vinotec\u0103 cu o colec\u021bie de peste 5000 de sticle de vin\",\"publisher\":{\"@id\":\"https:\/\/vinotecahugo.ro\/en\/#organization\"},\"potentialAction\":[{\"@type\":\"SearchAction\",\"target\":{\"@type\":\"EntryPoint\",\"urlTemplate\":\"https:\/\/vinotecahugo.ro\/en\/?s={search_term_string}\"},\"query-input\":{\"@type\":\"PropertyValueSpecification\",\"valueRequired\":true,\"valueName\":\"search_term_string\"}}],\"inLanguage\":\"en-US\"},{\"@type\":\"Organization\",\"@id\":\"https:\/\/vinotecahugo.ro\/en\/#organization\",\"name\":\"Vinoteca Hugo\",\"url\":\"https:\/\/vinotecahugo.ro\/en\/\",\"logo\":{\"@type\":\"ImageObject\",\"inLanguage\":\"en-US\",\"@id\":\"https:\/\/vinotecahugo.ro\/en\/#\/schema\/logo\/image\/\",\"url\":\"https:\/\/vinotecahugo.ro\/wp-content\/uploads\/2020\/04\/logo-vinoteca-hugo-160-120..jpg\",\"contentUrl\":\"https:\/\/vinotecahugo.ro\/wp-content\/uploads\/2020\/04\/logo-vinoteca-hugo-160-120..jpg\",\"width\":160,\"height\":120,\"caption\":\"Vinoteca Hugo\"},\"image\":{\"@id\":\"https:\/\/vinotecahugo.ro\/en\/#\/schema\/logo\/image\/\"},\"sameAs\":[\"https:\/\/www.facebook.com\/VinotecaHugoAlbaIulia\",\"https:\/\/www.instagram.com\/vinoteca_hugo\/\",\"https:\/\/www.youtube.com\/channel\/UCpprt6bjcY4i-6P9WM-466g\"]}]}<\/script>\n<!-- \/ Yoast SEO plugin. -->","yoast_head_json":{"title":"Taittinger Les Folies de Marquetterie - Vinoteca Hugo","description":"Comand\u0103 online Taittinger Les Folies de Marquetterie de la Vinoteca Hugo! Vinuri de top pentru momente speciale.","robots":{"index":"index","follow":"follow","max-snippet":"max-snippet:-1","max-image-preview":"max-image-preview:large","max-video-preview":"max-video-preview:-1"},"canonical":"https:\/\/vinotecahugo.ro\/en\/produs\/taittinger-les-folies-de-marquetterie\/","og_locale":"en_US","og_type":"article","og_title":"Taittinger Les Folies de Marquetterie - Vinoteca Hugo","og_description":"Comand\u0103 online Taittinger Les Folies de Marquetterie de la Vinoteca Hugo! Vinuri de top pentru momente speciale.","og_url":"https:\/\/vinotecahugo.ro\/en\/produs\/taittinger-les-folies-de-marquetterie\/","og_site_name":"Vinoteca Hugo","article_publisher":"https:\/\/www.facebook.com\/VinotecaHugoAlbaIulia","article_modified_time":"2024-11-08T13:16:27+00:00","og_image":[{"width":600,"height":600,"url":"https:\/\/vinotecahugo.ro\/wp-content\/uploads\/2020\/08\/f-5jCTDZRAWNXtOCJzL17g_pb_600x600.png","type":"image\/png"}],"twitter_card":"summary_large_image","twitter_misc":{"Est. reading time":"1 minute"},"schema":{"@context":"https:\/\/schema.org","@graph":[{"@type":"WebPage","@id":"https:\/\/vinotecahugo.ro\/en\/produs\/taittinger-les-folies-de-marquetterie\/","url":"https:\/\/vinotecahugo.ro\/en\/produs\/taittinger-les-folies-de-marquetterie\/","name":"Taittinger Les Folies de Marquetterie - Vinoteca Hugo","isPartOf":{"@id":"https:\/\/vinotecahugo.ro\/en\/#website"},"primaryImageOfPage":{"@id":"https:\/\/vinotecahugo.ro\/en\/produs\/taittinger-les-folies-de-marquetterie\/#primaryimage"},"image":{"@id":"https:\/\/vinotecahugo.ro\/en\/produs\/taittinger-les-folies-de-marquetterie\/#primaryimage"},"thumbnailUrl":"https:\/\/vinotecahugo.ro\/wp-content\/uploads\/2020\/08\/f-5jCTDZRAWNXtOCJzL17g_pb_600x600.png","datePublished":"2020-08-12T12:25:56+00:00","dateModified":"2024-11-08T13:16:27+00:00","description":"Comand\u0103 online Taittinger Les Folies de Marquetterie de la Vinoteca Hugo! Vinuri de top pentru momente speciale.","breadcrumb":{"@id":"https:\/\/vinotecahugo.ro\/en\/produs\/taittinger-les-folies-de-marquetterie\/#breadcrumb"},"inLanguage":"en-US","potentialAction":[{"@type":"ReadAction","target":["https:\/\/vinotecahugo.ro\/en\/produs\/taittinger-les-folies-de-marquetterie\/"]}]},{"@type":"ImageObject","inLanguage":"en-US","@id":"https:\/\/vinotecahugo.ro\/en\/produs\/taittinger-les-folies-de-marquetterie\/#primaryimage","url":"https:\/\/vinotecahugo.ro\/wp-content\/uploads\/2020\/08\/f-5jCTDZRAWNXtOCJzL17g_pb_600x600.png","contentUrl":"https:\/\/vinotecahugo.ro\/wp-content\/uploads\/2020\/08\/f-5jCTDZRAWNXtOCJzL17g_pb_600x600.png","width":600,"height":600},{"@type":"BreadcrumbList","@id":"https:\/\/vinotecahugo.ro\/en\/produs\/taittinger-les-folies-de-marquetterie\/#breadcrumb","itemListElement":[{"@type":"ListItem","position":1,"name":"Prima pagin\u0103","item":"https:\/\/vinotecahugo.ro\/en\/"},{"@type":"ListItem","position":2,"name":"Magazin","item":"https:\/\/vinotecahugo.ro\/magazin\/"},{"@type":"ListItem","position":3,"name":"Taittinger Les Folies de Marquetterie"}]},{"@type":"WebSite","@id":"https:\/\/vinotecahugo.ro\/en\/#website","url":"https:\/\/vinotecahugo.ro\/en\/","name":"Vinoteca Hugo","description":"vinotec\u0103 cu o colec\u021bie de peste 5000 de sticle de vin","publisher":{"@id":"https:\/\/vinotecahugo.ro\/en\/#organization"},"potentialAction":[{"@type":"SearchAction","target":{"@type":"EntryPoint","urlTemplate":"https:\/\/vinotecahugo.ro\/en\/?s={search_term_string}"},"query-input":{"@type":"PropertyValueSpecification","valueRequired":true,"valueName":"search_term_string"}}],"inLanguage":"en-US"},{"@type":"Organization","@id":"https:\/\/vinotecahugo.ro\/en\/#organization","name":"Vinoteca Hugo","url":"https:\/\/vinotecahugo.ro\/en\/","logo":{"@type":"ImageObject","inLanguage":"en-US","@id":"https:\/\/vinotecahugo.ro\/en\/#\/schema\/logo\/image\/","url":"https:\/\/vinotecahugo.ro\/wp-content\/uploads\/2020\/04\/logo-vinoteca-hugo-160-120..jpg","contentUrl":"https:\/\/vinotecahugo.ro\/wp-content\/uploads\/2020\/04\/logo-vinoteca-hugo-160-120..jpg","width":160,"height":120,"caption":"Vinoteca Hugo"},"image":{"@id":"https:\/\/vinotecahugo.ro\/en\/#\/schema\/logo\/image\/"},"sameAs":["https:\/\/www.facebook.com\/VinotecaHugoAlbaIulia","https:\/\/www.instagram.com\/vinoteca_hugo\/","https:\/\/www.youtube.com\/channel\/UCpprt6bjcY4i-6P9WM-466g"]}]}},"_links":{"self":[{"href":"https:\/\/vinotecahugo.ro\/en\/wp-json\/wp\/v2\/product\/16533","targetHints":{"allow":["GET"]}}],"collection":[{"href":"https:\/\/vinotecahugo.ro\/en\/wp-json\/wp\/v2\/product"}],"about":[{"href":"https:\/\/vinotecahugo.ro\/en\/wp-json\/wp\/v2\/types\/product"}],"replies":[{"embeddable":true,"href":"https:\/\/vinotecahugo.ro\/en\/wp-json\/wp\/v2\/comments?post=16533"}],"wp:featuredmedia":[{"embeddable":true,"href":"https:\/\/vinotecahugo.ro\/en\/wp-json\/wp\/v2\/media\/16537"}],"wp:attachment":[{"href":"https:\/\/vinotecahugo.ro\/en\/wp-json\/wp\/v2\/media?parent=16533"}],"wp:term":[{"taxonomy":"product_brand","embeddable":true,"href":"https:\/\/vinotecahugo.ro\/en\/wp-json\/wp\/v2\/product_brand?post=16533"},{"taxonomy":"product_cat","embeddable":true,"href":"https:\/\/vinotecahugo.ro\/en\/wp-json\/wp\/v2\/product_cat?post=16533"},{"taxonomy":"product_tag","embeddable":true,"href":"https:\/\/vinotecahugo.ro\/en\/wp-json\/wp\/v2\/product_tag?post=16533"}],"curies":[{"name":"wp","href":"https:\/\/api.w.org\/{rel}","templated":true}]}}