{"id":16528,"date":"2020-08-12T11:55:49","date_gmt":"2020-08-12T08:55:49","guid":{"rendered":"https:\/\/vinotecahugo.ro\/?post_type=product&#038;p=16528"},"modified":"2023-04-11T13:24:30","modified_gmt":"2023-04-11T10:24:30","slug":"domeniul-coroanei-segarcea-marama-feteasca-neagra","status":"publish","type":"product","link":"https:\/\/vinotecahugo.ro\/en\/produs\/domeniul-coroanei-segarcea-marama-feteasca-neagra\/","title":{"rendered":"Domeniul Coroanei Segarcea Marama Feteasca Neagra"},"content":{"rendered":"<p><strong>Domeniul Coroanei Segarcea Marama Feteasca Neagra<\/strong><\/p>\n<div class=\"lbDescription\">\n<div class=\"video-shortcode\"><iframe title=\"Minima Moralia\u2014The brand story\" width=\"1100\" height=\"619\" src=\"https:\/\/www.youtube.com\/embed\/CofMyC90W3M?feature=oembed\" frameborder=\"0\" allow=\"accelerometer; autoplay; encrypted-media; gyroscope; picture-in-picture\" allowfullscreen><\/iframe><\/div>\n<p>Mai multe informatii despre acest producator gasiti <a href=\"https:\/\/domeniulcoroanei.com\/\">AICI<\/a>.<\/p>\n<\/div>\n<p>Pentru programul de degustari si oferte personalizate te invitam sa devii membrul clubului Vinoteca Hugo. Pentru mai multe informatii fa click <a href=\"https:\/\/vinotecahugo.ro\/evenimente\/\">AICI.<\/a><\/p>\n<p>&nbsp;<\/p>\n","protected":false},"excerpt":{"rendered":"<div class=\"vivino-widget vivino-wine-card-widget\" data-vivino-widget-type=\"wine\" data-vivino-vintage-id=\"160348323\" data-vivino-user-id=\"8551400\" data-vivino-widget-language=\"en\" data-vivino-widget-layout=\"medium\"><a href=\"https:\/\/www.vivino.com\/marama-feteasca-neagra\/w\/7230905\" target=\"_blank\" rel=\"noopener noreferrer\">Marama Feteasc\u0103 Neagr\u0103 U.V. on Vivino<\/a><\/div>\n<p>Cule\u0219i din cele 13 hectare ale cramei, strugurii Feteasc\u0103 Negar\u0103 selec\u0163iona\u0163i special pentru a crea acest vin varietal absolut splendid sunt presa\u021bi u\u0219or, cu grij\u0103, mustul astfel ob\u021binut fiind apoi fermentat timp de 14 zile. Urmeaz\u0103 \u00eenvechirea, care de aceast\u0103 dat\u0103 nu are loc \u00een lemn deoarece se dore\u0219te ob\u021binerea unui vin vioi \u0219i t\u00e2n\u0103r, astfel c\u0103 Segarcea Marama Feteasc\u0103 Neagr\u0103 dezvolt\u0103 \u00een final un caracter intens fructat, care p\u0103streaz\u0103 c\u00e2t mai fidel posibil tipicitatea soiului. Aromele de fructe ro\u015fii, condimentele \u015fi tonurile balsamice contureaz\u0103 o expresie aparte, care servit\u0103 la temperaturi cuprinse \u00eentre 16 \u0219i 18 grade \u00ee\u015fi dezv\u0103luie \u00eentregul poten\u0163ial \u015fi care culinar se potrive\u015fte excelent cu preparate tradi\u021bionale rom\u00e2ne\u0219ti din porc, pui sau miel, dar \u0219i cu br\u00e2nzeturi maturate.<\/p>\n","protected":false},"featured_media":16531,"comment_status":"open","ping_status":"closed","template":"","meta":[],"product_brand":[],"product_cat":[887,888,145],"product_tag":[713,432,714,715,346],"class_list":{"0":"post-16528","1":"product","2":"type-product","3":"status-publish","4":"has-post-thumbnail","6":"product_cat-vin-rosu","7":"product_cat-vin-rosu-sec","8":"product_cat-vinuri-romanesti","9":"product_tag-domeniul-coroanei-segarcea","10":"product_tag-feteasca-neagra","11":"product_tag-marama","12":"product_tag-oltenia","13":"product_tag-vin-rosu","15":"first","16":"outofstock","17":"taxable","18":"shipping-taxable","19":"purchasable","20":"product-type-simple"},"yoast_head":"<!-- This site is optimized with the Yoast SEO plugin v24.6 - https:\/\/yoast.com\/wordpress\/plugins\/seo\/ -->\n<title>Domeniul Coroanei Segarcea Marama Feteasca Neagra - Vinoteca Hugo<\/title>\n<meta name=\"description\" content=\"Comand\u0103 online Domeniul Coroanei Segarcea Marama Feteasca Neagra de la Vinoteca Hugo! Vinuri de top pentru momente speciale.\" \/>\n<meta name=\"robots\" content=\"index, follow, max-snippet:-1, max-image-preview:large, max-video-preview:-1\" \/>\n<link rel=\"canonical\" href=\"https:\/\/vinotecahugo.ro\/en\/produs\/domeniul-coroanei-segarcea-marama-feteasca-neagra\/\" \/>\n<meta property=\"og:locale\" content=\"en_US\" \/>\n<meta property=\"og:type\" content=\"article\" \/>\n<meta property=\"og:title\" content=\"Domeniul Coroanei Segarcea Marama Feteasca Neagra - Vinoteca Hugo\" \/>\n<meta property=\"og:description\" content=\"Comand\u0103 online Domeniul Coroanei Segarcea Marama Feteasca Neagra de la Vinoteca Hugo! Vinuri de top pentru momente speciale.\" \/>\n<meta property=\"og:url\" content=\"https:\/\/vinotecahugo.ro\/en\/produs\/domeniul-coroanei-segarcea-marama-feteasca-neagra\/\" \/>\n<meta property=\"og:site_name\" content=\"Vinoteca Hugo\" \/>\n<meta property=\"article:publisher\" content=\"https:\/\/www.facebook.com\/VinotecaHugoAlbaIulia\" \/>\n<meta property=\"article:modified_time\" content=\"2023-04-11T10:24:30+00:00\" \/>\n<meta property=\"og:image\" content=\"https:\/\/vinotecahugo.ro\/wp-content\/uploads\/2020\/08\/marama-fn.jpg\" \/>\n\t<meta property=\"og:image:width\" content=\"600\" \/>\n\t<meta property=\"og:image:height\" content=\"600\" \/>\n\t<meta property=\"og:image:type\" content=\"image\/jpeg\" \/>\n<meta name=\"twitter:card\" content=\"summary_large_image\" \/>\n<script type=\"application\/ld+json\" class=\"yoast-schema-graph\">{\"@context\":\"https:\/\/schema.org\",\"@graph\":[{\"@type\":\"WebPage\",\"@id\":\"https:\/\/vinotecahugo.ro\/en\/produs\/domeniul-coroanei-segarcea-marama-feteasca-neagra\/\",\"url\":\"https:\/\/vinotecahugo.ro\/en\/produs\/domeniul-coroanei-segarcea-marama-feteasca-neagra\/\",\"name\":\"Domeniul Coroanei Segarcea Marama Feteasca Neagra - Vinoteca Hugo\",\"isPartOf\":{\"@id\":\"https:\/\/vinotecahugo.ro\/en\/#website\"},\"primaryImageOfPage\":{\"@id\":\"https:\/\/vinotecahugo.ro\/en\/produs\/domeniul-coroanei-segarcea-marama-feteasca-neagra\/#primaryimage\"},\"image\":{\"@id\":\"https:\/\/vinotecahugo.ro\/en\/produs\/domeniul-coroanei-segarcea-marama-feteasca-neagra\/#primaryimage\"},\"thumbnailUrl\":\"https:\/\/vinotecahugo.ro\/wp-content\/uploads\/2020\/08\/marama-fn.jpg\",\"datePublished\":\"2020-08-12T08:55:49+00:00\",\"dateModified\":\"2023-04-11T10:24:30+00:00\",\"description\":\"Comand\u0103 online Domeniul Coroanei Segarcea Marama Feteasca Neagra de la Vinoteca Hugo! Vinuri de top pentru momente speciale.\",\"breadcrumb\":{\"@id\":\"https:\/\/vinotecahugo.ro\/en\/produs\/domeniul-coroanei-segarcea-marama-feteasca-neagra\/#breadcrumb\"},\"inLanguage\":\"en-US\",\"potentialAction\":[{\"@type\":\"ReadAction\",\"target\":[\"https:\/\/vinotecahugo.ro\/en\/produs\/domeniul-coroanei-segarcea-marama-feteasca-neagra\/\"]}]},{\"@type\":\"ImageObject\",\"inLanguage\":\"en-US\",\"@id\":\"https:\/\/vinotecahugo.ro\/en\/produs\/domeniul-coroanei-segarcea-marama-feteasca-neagra\/#primaryimage\",\"url\":\"https:\/\/vinotecahugo.ro\/wp-content\/uploads\/2020\/08\/marama-fn.jpg\",\"contentUrl\":\"https:\/\/vinotecahugo.ro\/wp-content\/uploads\/2020\/08\/marama-fn.jpg\",\"width\":600,\"height\":600},{\"@type\":\"BreadcrumbList\",\"@id\":\"https:\/\/vinotecahugo.ro\/en\/produs\/domeniul-coroanei-segarcea-marama-feteasca-neagra\/#breadcrumb\",\"itemListElement\":[{\"@type\":\"ListItem\",\"position\":1,\"name\":\"Prima pagin\u0103\",\"item\":\"https:\/\/vinotecahugo.ro\/en\/\"},{\"@type\":\"ListItem\",\"position\":2,\"name\":\"Magazin\",\"item\":\"https:\/\/vinotecahugo.ro\/magazin\/\"},{\"@type\":\"ListItem\",\"position\":3,\"name\":\"Domeniul Coroanei Segarcea Marama Feteasca Neagra\"}]},{\"@type\":\"WebSite\",\"@id\":\"https:\/\/vinotecahugo.ro\/en\/#website\",\"url\":\"https:\/\/vinotecahugo.ro\/en\/\",\"name\":\"Vinoteca Hugo\",\"description\":\"vinotec\u0103 cu o colec\u021bie de peste 5000 de sticle de vin\",\"publisher\":{\"@id\":\"https:\/\/vinotecahugo.ro\/en\/#organization\"},\"potentialAction\":[{\"@type\":\"SearchAction\",\"target\":{\"@type\":\"EntryPoint\",\"urlTemplate\":\"https:\/\/vinotecahugo.ro\/en\/?s={search_term_string}\"},\"query-input\":{\"@type\":\"PropertyValueSpecification\",\"valueRequired\":true,\"valueName\":\"search_term_string\"}}],\"inLanguage\":\"en-US\"},{\"@type\":\"Organization\",\"@id\":\"https:\/\/vinotecahugo.ro\/en\/#organization\",\"name\":\"Vinoteca Hugo\",\"url\":\"https:\/\/vinotecahugo.ro\/en\/\",\"logo\":{\"@type\":\"ImageObject\",\"inLanguage\":\"en-US\",\"@id\":\"https:\/\/vinotecahugo.ro\/en\/#\/schema\/logo\/image\/\",\"url\":\"https:\/\/vinotecahugo.ro\/wp-content\/uploads\/2020\/04\/logo-vinoteca-hugo-160-120..jpg\",\"contentUrl\":\"https:\/\/vinotecahugo.ro\/wp-content\/uploads\/2020\/04\/logo-vinoteca-hugo-160-120..jpg\",\"width\":160,\"height\":120,\"caption\":\"Vinoteca Hugo\"},\"image\":{\"@id\":\"https:\/\/vinotecahugo.ro\/en\/#\/schema\/logo\/image\/\"},\"sameAs\":[\"https:\/\/www.facebook.com\/VinotecaHugoAlbaIulia\",\"https:\/\/www.instagram.com\/vinoteca_hugo\/\",\"https:\/\/www.youtube.com\/channel\/UCpprt6bjcY4i-6P9WM-466g\"]}]}<\/script>\n<!-- \/ Yoast SEO plugin. -->","yoast_head_json":{"title":"Domeniul Coroanei Segarcea Marama Feteasca Neagra - Vinoteca Hugo","description":"Comand\u0103 online Domeniul Coroanei Segarcea Marama Feteasca Neagra de la Vinoteca Hugo! Vinuri de top pentru momente speciale.","robots":{"index":"index","follow":"follow","max-snippet":"max-snippet:-1","max-image-preview":"max-image-preview:large","max-video-preview":"max-video-preview:-1"},"canonical":"https:\/\/vinotecahugo.ro\/en\/produs\/domeniul-coroanei-segarcea-marama-feteasca-neagra\/","og_locale":"en_US","og_type":"article","og_title":"Domeniul Coroanei Segarcea Marama Feteasca Neagra - Vinoteca Hugo","og_description":"Comand\u0103 online Domeniul Coroanei Segarcea Marama Feteasca Neagra de la Vinoteca Hugo! Vinuri de top pentru momente speciale.","og_url":"https:\/\/vinotecahugo.ro\/en\/produs\/domeniul-coroanei-segarcea-marama-feteasca-neagra\/","og_site_name":"Vinoteca Hugo","article_publisher":"https:\/\/www.facebook.com\/VinotecaHugoAlbaIulia","article_modified_time":"2023-04-11T10:24:30+00:00","og_image":[{"width":600,"height":600,"url":"https:\/\/vinotecahugo.ro\/wp-content\/uploads\/2020\/08\/marama-fn.jpg","type":"image\/jpeg"}],"twitter_card":"summary_large_image","schema":{"@context":"https:\/\/schema.org","@graph":[{"@type":"WebPage","@id":"https:\/\/vinotecahugo.ro\/en\/produs\/domeniul-coroanei-segarcea-marama-feteasca-neagra\/","url":"https:\/\/vinotecahugo.ro\/en\/produs\/domeniul-coroanei-segarcea-marama-feteasca-neagra\/","name":"Domeniul Coroanei Segarcea Marama Feteasca Neagra - Vinoteca Hugo","isPartOf":{"@id":"https:\/\/vinotecahugo.ro\/en\/#website"},"primaryImageOfPage":{"@id":"https:\/\/vinotecahugo.ro\/en\/produs\/domeniul-coroanei-segarcea-marama-feteasca-neagra\/#primaryimage"},"image":{"@id":"https:\/\/vinotecahugo.ro\/en\/produs\/domeniul-coroanei-segarcea-marama-feteasca-neagra\/#primaryimage"},"thumbnailUrl":"https:\/\/vinotecahugo.ro\/wp-content\/uploads\/2020\/08\/marama-fn.jpg","datePublished":"2020-08-12T08:55:49+00:00","dateModified":"2023-04-11T10:24:30+00:00","description":"Comand\u0103 online Domeniul Coroanei Segarcea Marama Feteasca Neagra de la Vinoteca Hugo! Vinuri de top pentru momente speciale.","breadcrumb":{"@id":"https:\/\/vinotecahugo.ro\/en\/produs\/domeniul-coroanei-segarcea-marama-feteasca-neagra\/#breadcrumb"},"inLanguage":"en-US","potentialAction":[{"@type":"ReadAction","target":["https:\/\/vinotecahugo.ro\/en\/produs\/domeniul-coroanei-segarcea-marama-feteasca-neagra\/"]}]},{"@type":"ImageObject","inLanguage":"en-US","@id":"https:\/\/vinotecahugo.ro\/en\/produs\/domeniul-coroanei-segarcea-marama-feteasca-neagra\/#primaryimage","url":"https:\/\/vinotecahugo.ro\/wp-content\/uploads\/2020\/08\/marama-fn.jpg","contentUrl":"https:\/\/vinotecahugo.ro\/wp-content\/uploads\/2020\/08\/marama-fn.jpg","width":600,"height":600},{"@type":"BreadcrumbList","@id":"https:\/\/vinotecahugo.ro\/en\/produs\/domeniul-coroanei-segarcea-marama-feteasca-neagra\/#breadcrumb","itemListElement":[{"@type":"ListItem","position":1,"name":"Prima pagin\u0103","item":"https:\/\/vinotecahugo.ro\/en\/"},{"@type":"ListItem","position":2,"name":"Magazin","item":"https:\/\/vinotecahugo.ro\/magazin\/"},{"@type":"ListItem","position":3,"name":"Domeniul Coroanei Segarcea Marama Feteasca Neagra"}]},{"@type":"WebSite","@id":"https:\/\/vinotecahugo.ro\/en\/#website","url":"https:\/\/vinotecahugo.ro\/en\/","name":"Vinoteca Hugo","description":"vinotec\u0103 cu o colec\u021bie de peste 5000 de sticle de vin","publisher":{"@id":"https:\/\/vinotecahugo.ro\/en\/#organization"},"potentialAction":[{"@type":"SearchAction","target":{"@type":"EntryPoint","urlTemplate":"https:\/\/vinotecahugo.ro\/en\/?s={search_term_string}"},"query-input":{"@type":"PropertyValueSpecification","valueRequired":true,"valueName":"search_term_string"}}],"inLanguage":"en-US"},{"@type":"Organization","@id":"https:\/\/vinotecahugo.ro\/en\/#organization","name":"Vinoteca Hugo","url":"https:\/\/vinotecahugo.ro\/en\/","logo":{"@type":"ImageObject","inLanguage":"en-US","@id":"https:\/\/vinotecahugo.ro\/en\/#\/schema\/logo\/image\/","url":"https:\/\/vinotecahugo.ro\/wp-content\/uploads\/2020\/04\/logo-vinoteca-hugo-160-120..jpg","contentUrl":"https:\/\/vinotecahugo.ro\/wp-content\/uploads\/2020\/04\/logo-vinoteca-hugo-160-120..jpg","width":160,"height":120,"caption":"Vinoteca Hugo"},"image":{"@id":"https:\/\/vinotecahugo.ro\/en\/#\/schema\/logo\/image\/"},"sameAs":["https:\/\/www.facebook.com\/VinotecaHugoAlbaIulia","https:\/\/www.instagram.com\/vinoteca_hugo\/","https:\/\/www.youtube.com\/channel\/UCpprt6bjcY4i-6P9WM-466g"]}]}},"_links":{"self":[{"href":"https:\/\/vinotecahugo.ro\/en\/wp-json\/wp\/v2\/product\/16528","targetHints":{"allow":["GET"]}}],"collection":[{"href":"https:\/\/vinotecahugo.ro\/en\/wp-json\/wp\/v2\/product"}],"about":[{"href":"https:\/\/vinotecahugo.ro\/en\/wp-json\/wp\/v2\/types\/product"}],"replies":[{"embeddable":true,"href":"https:\/\/vinotecahugo.ro\/en\/wp-json\/wp\/v2\/comments?post=16528"}],"wp:featuredmedia":[{"embeddable":true,"href":"https:\/\/vinotecahugo.ro\/en\/wp-json\/wp\/v2\/media\/16531"}],"wp:attachment":[{"href":"https:\/\/vinotecahugo.ro\/en\/wp-json\/wp\/v2\/media?parent=16528"}],"wp:term":[{"taxonomy":"product_brand","embeddable":true,"href":"https:\/\/vinotecahugo.ro\/en\/wp-json\/wp\/v2\/product_brand?post=16528"},{"taxonomy":"product_cat","embeddable":true,"href":"https:\/\/vinotecahugo.ro\/en\/wp-json\/wp\/v2\/product_cat?post=16528"},{"taxonomy":"product_tag","embeddable":true,"href":"https:\/\/vinotecahugo.ro\/en\/wp-json\/wp\/v2\/product_tag?post=16528"}],"curies":[{"name":"wp","href":"https:\/\/api.w.org\/{rel}","templated":true}]}}