{"id":16415,"date":"2020-07-09T12:40:55","date_gmt":"2020-07-09T09:40:55","guid":{"rendered":"https:\/\/vinotecahugo.ro\/?post_type=product&#038;p=16415"},"modified":"2024-11-08T15:16:45","modified_gmt":"2024-11-08T13:16:45","slug":"gere-attila-kopar-cuvee-2016","status":"publish","type":"product","link":"https:\/\/vinotecahugo.ro\/en\/produs\/gere-attila-kopar-cuvee-2016\/","title":{"rendered":"GERE ATTILA KOPAR CUV\u00c9E 2016"},"content":{"rendered":"<p><strong>GERE ATTILA KOPAR CUV\u00c9E 2016<\/strong><\/p>\n<div class=\"lbDescription\">\n<div class=\"video-shortcode\"><iframe title=\"GERE Attila Winery - Gere Attila Pinc\u00e9szete\" width=\"1100\" height=\"619\" src=\"https:\/\/www.youtube.com\/embed\/RM0o7AybpeQ?feature=oembed\" frameborder=\"0\" allow=\"accelerometer; autoplay; encrypted-media; gyroscope; picture-in-picture\" allowfullscreen><\/iframe><\/div>\n<p>Mai multe informatii despre acest producator gasiti <a href=\"https:\/\/pinceszet.gere.hu\/en\/\">AICI<\/a>.<\/p>\n<\/div>\n<p>Pentru programul de degustari si oferte personalizate te invitam sa devii membrul clubului Vinoteca Hugo. Pentru mai multe informatii fa click <a href=\"https:\/\/vinotecahugo.ro\/evenimente\/\">AICI.<\/a><\/p>\n<p>&nbsp;<\/p>\n","protected":false},"excerpt":{"rendered":"<div class=\"vivino-widget vivino-wine-card-widget\" data-vivino-widget-type=\"wine\" data-vivino-vintage-id=\"1499967\" data-vivino-user-id=\"8551400\" data-vivino-widget-language=\"en\" data-vivino-widget-layout=\"medium\"><a href=\"https:\/\/www.vivino.com\/hu-gere-kopar\/w\/58884\" target=\"_blank\" rel=\"noopener noreferrer\">Gere Kop\u00e1r on Vivino<\/a><\/div>\n<p>Un vin LEGEND\u0102 al regiunii Vill\u00e1ny &#8211; cea mai cunoscut\u0103 regiune viticol\u0103 din Ungaria pentru cupajele de vin ro\u0219u. Acesta este vinul emblematic al vinificatorului GERE ATTILA &#8211; produs doar \u00een anii cei mai buni, cu struguri selecta\u021bi din cele mai bune podgorii (Kop\u00e1r, Csillagv\u00f6lgy, Konkoly \u0219i \u00d6rd\u00f6g\u00e1rok). Este un cupaj din 3 soiuri de struguri : Cabernet Franc (50%), Merlot (40%) \u0219i Cabernet Sauvignon (10%). 80% din vinul cupajat este maturat 16 luni \u00een barriqe-uri noi de stejar unguresc, \u015fi restul\u00a0 18 luni \u00een barriqe-uri de stejar de a II-a trecere.Produs \u00een edi\u021bie limitat\u0103, astfel vinul este o raritate chiar \u0219i \u00een Ungaria.<\/p>\n<p>Un vin cu o culoare ro\u015fie rubinie intens\u0103 cu nuan\u0163e de rodii coapte spre marginea paharului. Buchet complex \u015fi puternic, cu arome de fructe ro\u015fii coapte: cire\u0219e negre, prune, coac\u0103ze negre, mure, zmeur\u0103 neagr\u0103, prune \u0219i vi\u0219ine\u00a0 uscate. Ulterior aromele primare se completeaz\u0103 cu note elegante de lemn de stejar, piper negru, nuc\u0219oar\u0103, cui\u0219oare, mocha, vanilie, tutun dulce \u0219i un pic de scor\u021bi\u0219oar\u0103. Gust expresiv cu corp bogat \u015fi plin \u00een stil &#8220;lumea nou\u0103&#8221;, un pic am\u0103rui, crocant \u0219i bine structurat, cu o aciditate cople\u0219itoare pe palat, care demonstraz\u0103 un poten\u0163ial de \u00eenvechire de cel pu\u0163in 15 ani (2035).<\/p>\n","protected":false},"featured_media":16417,"comment_status":"open","ping_status":"closed","template":"","meta":[],"product_brand":[],"product_cat":[887,888,281],"product_tag":[710,708,661,356,355,707],"class_list":{"0":"post-16415","1":"product","2":"type-product","3":"status-publish","4":"has-post-thumbnail","6":"product_cat-vin-rosu","7":"product_cat-vin-rosu-sec","8":"product_cat-vinuri-internationale","9":"product_tag-cuvee-kopar","10":"product_tag-gere-attila","11":"product_tag-ungaria","12":"product_tag-vin-alba-iulia","13":"product_tag-vinoteca-hugo","14":"product_tag-vinuri-ungaria","16":"first","17":"instock","18":"taxable","19":"shipping-taxable","20":"purchasable","21":"product-type-simple"},"yoast_head":"<!-- This site is optimized with the Yoast SEO plugin v24.6 - https:\/\/yoast.com\/wordpress\/plugins\/seo\/ -->\n<title>GERE ATTILA KOPAR CUV\u00c9E 2016 - Vinoteca Hugo<\/title>\n<meta name=\"description\" content=\"Comand\u0103 online GERE ATTILA KOPAR CUV\u00c9E 2016 de la Vinoteca Hugo! Vinuri de top pentru momente speciale.\" \/>\n<meta name=\"robots\" content=\"index, follow, max-snippet:-1, max-image-preview:large, max-video-preview:-1\" \/>\n<link rel=\"canonical\" href=\"https:\/\/vinotecahugo.ro\/en\/produs\/gere-attila-kopar-cuvee-2016\/\" \/>\n<meta property=\"og:locale\" content=\"en_US\" \/>\n<meta property=\"og:type\" content=\"article\" \/>\n<meta property=\"og:title\" content=\"GERE ATTILA KOPAR CUV\u00c9E 2016 - Vinoteca Hugo\" \/>\n<meta property=\"og:description\" content=\"Comand\u0103 online GERE ATTILA KOPAR CUV\u00c9E 2016 de la Vinoteca Hugo! Vinuri de top pentru momente speciale.\" \/>\n<meta property=\"og:url\" content=\"https:\/\/vinotecahugo.ro\/en\/produs\/gere-attila-kopar-cuvee-2016\/\" \/>\n<meta property=\"og:site_name\" content=\"Vinoteca Hugo\" \/>\n<meta property=\"article:publisher\" content=\"https:\/\/www.facebook.com\/VinotecaHugoAlbaIulia\" \/>\n<meta property=\"article:modified_time\" content=\"2024-11-08T13:16:45+00:00\" \/>\n<meta property=\"og:image\" content=\"https:\/\/vinotecahugo.ro\/wp-content\/uploads\/2020\/07\/KOPAR-CUVEE.jpg\" \/>\n\t<meta property=\"og:image:width\" content=\"600\" \/>\n\t<meta property=\"og:image:height\" content=\"600\" \/>\n\t<meta property=\"og:image:type\" content=\"image\/jpeg\" \/>\n<meta name=\"twitter:card\" content=\"summary_large_image\" \/>\n<script type=\"application\/ld+json\" class=\"yoast-schema-graph\">{\"@context\":\"https:\/\/schema.org\",\"@graph\":[{\"@type\":\"WebPage\",\"@id\":\"https:\/\/vinotecahugo.ro\/en\/produs\/gere-attila-kopar-cuvee-2016\/\",\"url\":\"https:\/\/vinotecahugo.ro\/en\/produs\/gere-attila-kopar-cuvee-2016\/\",\"name\":\"GERE ATTILA KOPAR CUV\u00c9E 2016 - Vinoteca Hugo\",\"isPartOf\":{\"@id\":\"https:\/\/vinotecahugo.ro\/en\/#website\"},\"primaryImageOfPage\":{\"@id\":\"https:\/\/vinotecahugo.ro\/en\/produs\/gere-attila-kopar-cuvee-2016\/#primaryimage\"},\"image\":{\"@id\":\"https:\/\/vinotecahugo.ro\/en\/produs\/gere-attila-kopar-cuvee-2016\/#primaryimage\"},\"thumbnailUrl\":\"https:\/\/vinotecahugo.ro\/wp-content\/uploads\/2020\/07\/KOPAR-CUVEE.jpg\",\"datePublished\":\"2020-07-09T09:40:55+00:00\",\"dateModified\":\"2024-11-08T13:16:45+00:00\",\"description\":\"Comand\u0103 online GERE ATTILA KOPAR CUV\u00c9E 2016 de la Vinoteca Hugo! Vinuri de top pentru momente speciale.\",\"breadcrumb\":{\"@id\":\"https:\/\/vinotecahugo.ro\/en\/produs\/gere-attila-kopar-cuvee-2016\/#breadcrumb\"},\"inLanguage\":\"en-US\",\"potentialAction\":[{\"@type\":\"ReadAction\",\"target\":[\"https:\/\/vinotecahugo.ro\/en\/produs\/gere-attila-kopar-cuvee-2016\/\"]}]},{\"@type\":\"ImageObject\",\"inLanguage\":\"en-US\",\"@id\":\"https:\/\/vinotecahugo.ro\/en\/produs\/gere-attila-kopar-cuvee-2016\/#primaryimage\",\"url\":\"https:\/\/vinotecahugo.ro\/wp-content\/uploads\/2020\/07\/KOPAR-CUVEE.jpg\",\"contentUrl\":\"https:\/\/vinotecahugo.ro\/wp-content\/uploads\/2020\/07\/KOPAR-CUVEE.jpg\",\"width\":600,\"height\":600},{\"@type\":\"BreadcrumbList\",\"@id\":\"https:\/\/vinotecahugo.ro\/en\/produs\/gere-attila-kopar-cuvee-2016\/#breadcrumb\",\"itemListElement\":[{\"@type\":\"ListItem\",\"position\":1,\"name\":\"Prima pagin\u0103\",\"item\":\"https:\/\/vinotecahugo.ro\/en\/\"},{\"@type\":\"ListItem\",\"position\":2,\"name\":\"Magazin\",\"item\":\"https:\/\/vinotecahugo.ro\/magazin\/\"},{\"@type\":\"ListItem\",\"position\":3,\"name\":\"GERE ATTILA KOPAR CUV\u00c9E 2016\"}]},{\"@type\":\"WebSite\",\"@id\":\"https:\/\/vinotecahugo.ro\/en\/#website\",\"url\":\"https:\/\/vinotecahugo.ro\/en\/\",\"name\":\"Vinoteca Hugo\",\"description\":\"vinotec\u0103 cu o colec\u021bie de peste 5000 de sticle de vin\",\"publisher\":{\"@id\":\"https:\/\/vinotecahugo.ro\/en\/#organization\"},\"potentialAction\":[{\"@type\":\"SearchAction\",\"target\":{\"@type\":\"EntryPoint\",\"urlTemplate\":\"https:\/\/vinotecahugo.ro\/en\/?s={search_term_string}\"},\"query-input\":{\"@type\":\"PropertyValueSpecification\",\"valueRequired\":true,\"valueName\":\"search_term_string\"}}],\"inLanguage\":\"en-US\"},{\"@type\":\"Organization\",\"@id\":\"https:\/\/vinotecahugo.ro\/en\/#organization\",\"name\":\"Vinoteca Hugo\",\"url\":\"https:\/\/vinotecahugo.ro\/en\/\",\"logo\":{\"@type\":\"ImageObject\",\"inLanguage\":\"en-US\",\"@id\":\"https:\/\/vinotecahugo.ro\/en\/#\/schema\/logo\/image\/\",\"url\":\"https:\/\/vinotecahugo.ro\/wp-content\/uploads\/2020\/04\/logo-vinoteca-hugo-160-120..jpg\",\"contentUrl\":\"https:\/\/vinotecahugo.ro\/wp-content\/uploads\/2020\/04\/logo-vinoteca-hugo-160-120..jpg\",\"width\":160,\"height\":120,\"caption\":\"Vinoteca Hugo\"},\"image\":{\"@id\":\"https:\/\/vinotecahugo.ro\/en\/#\/schema\/logo\/image\/\"},\"sameAs\":[\"https:\/\/www.facebook.com\/VinotecaHugoAlbaIulia\",\"https:\/\/www.instagram.com\/vinoteca_hugo\/\",\"https:\/\/www.youtube.com\/channel\/UCpprt6bjcY4i-6P9WM-466g\"]}]}<\/script>\n<!-- \/ Yoast SEO plugin. -->","yoast_head_json":{"title":"GERE ATTILA KOPAR CUV\u00c9E 2016 - Vinoteca Hugo","description":"Comand\u0103 online GERE ATTILA KOPAR CUV\u00c9E 2016 de la Vinoteca Hugo! Vinuri de top pentru momente speciale.","robots":{"index":"index","follow":"follow","max-snippet":"max-snippet:-1","max-image-preview":"max-image-preview:large","max-video-preview":"max-video-preview:-1"},"canonical":"https:\/\/vinotecahugo.ro\/en\/produs\/gere-attila-kopar-cuvee-2016\/","og_locale":"en_US","og_type":"article","og_title":"GERE ATTILA KOPAR CUV\u00c9E 2016 - Vinoteca Hugo","og_description":"Comand\u0103 online GERE ATTILA KOPAR CUV\u00c9E 2016 de la Vinoteca Hugo! Vinuri de top pentru momente speciale.","og_url":"https:\/\/vinotecahugo.ro\/en\/produs\/gere-attila-kopar-cuvee-2016\/","og_site_name":"Vinoteca Hugo","article_publisher":"https:\/\/www.facebook.com\/VinotecaHugoAlbaIulia","article_modified_time":"2024-11-08T13:16:45+00:00","og_image":[{"width":600,"height":600,"url":"https:\/\/vinotecahugo.ro\/wp-content\/uploads\/2020\/07\/KOPAR-CUVEE.jpg","type":"image\/jpeg"}],"twitter_card":"summary_large_image","schema":{"@context":"https:\/\/schema.org","@graph":[{"@type":"WebPage","@id":"https:\/\/vinotecahugo.ro\/en\/produs\/gere-attila-kopar-cuvee-2016\/","url":"https:\/\/vinotecahugo.ro\/en\/produs\/gere-attila-kopar-cuvee-2016\/","name":"GERE ATTILA KOPAR CUV\u00c9E 2016 - Vinoteca Hugo","isPartOf":{"@id":"https:\/\/vinotecahugo.ro\/en\/#website"},"primaryImageOfPage":{"@id":"https:\/\/vinotecahugo.ro\/en\/produs\/gere-attila-kopar-cuvee-2016\/#primaryimage"},"image":{"@id":"https:\/\/vinotecahugo.ro\/en\/produs\/gere-attila-kopar-cuvee-2016\/#primaryimage"},"thumbnailUrl":"https:\/\/vinotecahugo.ro\/wp-content\/uploads\/2020\/07\/KOPAR-CUVEE.jpg","datePublished":"2020-07-09T09:40:55+00:00","dateModified":"2024-11-08T13:16:45+00:00","description":"Comand\u0103 online GERE ATTILA KOPAR CUV\u00c9E 2016 de la Vinoteca Hugo! Vinuri de top pentru momente speciale.","breadcrumb":{"@id":"https:\/\/vinotecahugo.ro\/en\/produs\/gere-attila-kopar-cuvee-2016\/#breadcrumb"},"inLanguage":"en-US","potentialAction":[{"@type":"ReadAction","target":["https:\/\/vinotecahugo.ro\/en\/produs\/gere-attila-kopar-cuvee-2016\/"]}]},{"@type":"ImageObject","inLanguage":"en-US","@id":"https:\/\/vinotecahugo.ro\/en\/produs\/gere-attila-kopar-cuvee-2016\/#primaryimage","url":"https:\/\/vinotecahugo.ro\/wp-content\/uploads\/2020\/07\/KOPAR-CUVEE.jpg","contentUrl":"https:\/\/vinotecahugo.ro\/wp-content\/uploads\/2020\/07\/KOPAR-CUVEE.jpg","width":600,"height":600},{"@type":"BreadcrumbList","@id":"https:\/\/vinotecahugo.ro\/en\/produs\/gere-attila-kopar-cuvee-2016\/#breadcrumb","itemListElement":[{"@type":"ListItem","position":1,"name":"Prima pagin\u0103","item":"https:\/\/vinotecahugo.ro\/en\/"},{"@type":"ListItem","position":2,"name":"Magazin","item":"https:\/\/vinotecahugo.ro\/magazin\/"},{"@type":"ListItem","position":3,"name":"GERE ATTILA KOPAR CUV\u00c9E 2016"}]},{"@type":"WebSite","@id":"https:\/\/vinotecahugo.ro\/en\/#website","url":"https:\/\/vinotecahugo.ro\/en\/","name":"Vinoteca Hugo","description":"vinotec\u0103 cu o colec\u021bie de peste 5000 de sticle de vin","publisher":{"@id":"https:\/\/vinotecahugo.ro\/en\/#organization"},"potentialAction":[{"@type":"SearchAction","target":{"@type":"EntryPoint","urlTemplate":"https:\/\/vinotecahugo.ro\/en\/?s={search_term_string}"},"query-input":{"@type":"PropertyValueSpecification","valueRequired":true,"valueName":"search_term_string"}}],"inLanguage":"en-US"},{"@type":"Organization","@id":"https:\/\/vinotecahugo.ro\/en\/#organization","name":"Vinoteca Hugo","url":"https:\/\/vinotecahugo.ro\/en\/","logo":{"@type":"ImageObject","inLanguage":"en-US","@id":"https:\/\/vinotecahugo.ro\/en\/#\/schema\/logo\/image\/","url":"https:\/\/vinotecahugo.ro\/wp-content\/uploads\/2020\/04\/logo-vinoteca-hugo-160-120..jpg","contentUrl":"https:\/\/vinotecahugo.ro\/wp-content\/uploads\/2020\/04\/logo-vinoteca-hugo-160-120..jpg","width":160,"height":120,"caption":"Vinoteca Hugo"},"image":{"@id":"https:\/\/vinotecahugo.ro\/en\/#\/schema\/logo\/image\/"},"sameAs":["https:\/\/www.facebook.com\/VinotecaHugoAlbaIulia","https:\/\/www.instagram.com\/vinoteca_hugo\/","https:\/\/www.youtube.com\/channel\/UCpprt6bjcY4i-6P9WM-466g"]}]}},"_links":{"self":[{"href":"https:\/\/vinotecahugo.ro\/en\/wp-json\/wp\/v2\/product\/16415","targetHints":{"allow":["GET"]}}],"collection":[{"href":"https:\/\/vinotecahugo.ro\/en\/wp-json\/wp\/v2\/product"}],"about":[{"href":"https:\/\/vinotecahugo.ro\/en\/wp-json\/wp\/v2\/types\/product"}],"replies":[{"embeddable":true,"href":"https:\/\/vinotecahugo.ro\/en\/wp-json\/wp\/v2\/comments?post=16415"}],"wp:featuredmedia":[{"embeddable":true,"href":"https:\/\/vinotecahugo.ro\/en\/wp-json\/wp\/v2\/media\/16417"}],"wp:attachment":[{"href":"https:\/\/vinotecahugo.ro\/en\/wp-json\/wp\/v2\/media?parent=16415"}],"wp:term":[{"taxonomy":"product_brand","embeddable":true,"href":"https:\/\/vinotecahugo.ro\/en\/wp-json\/wp\/v2\/product_brand?post=16415"},{"taxonomy":"product_cat","embeddable":true,"href":"https:\/\/vinotecahugo.ro\/en\/wp-json\/wp\/v2\/product_cat?post=16415"},{"taxonomy":"product_tag","embeddable":true,"href":"https:\/\/vinotecahugo.ro\/en\/wp-json\/wp\/v2\/product_tag?post=16415"}],"curies":[{"name":"wp","href":"https:\/\/api.w.org\/{rel}","templated":true}]}}