{"id":16404,"date":"2020-07-08T16:33:44","date_gmt":"2020-07-08T13:33:44","guid":{"rendered":"https:\/\/vinotecahugo.ro\/?post_type=product&#038;p=16404"},"modified":"2024-11-08T15:17:23","modified_gmt":"2024-11-08T13:17:23","slug":"domeniul-bogdan-cuvee-experience-rosu-bio","status":"publish","type":"product","link":"https:\/\/vinotecahugo.ro\/en\/produs\/domeniul-bogdan-cuvee-experience-rosu-bio\/","title":{"rendered":"Domeniul Bogdan Cuvee Experience Rosu BIO"},"content":{"rendered":"<p><strong>Domeniul Bogdan Cuvee Experience Rosu BIO<\/strong><\/p>\n<div class=\"lbDescription\">\n<div class=\"video-shortcode\"><iframe title=\"Domeniul Bogdan | www.domeniulbogdan.ro\" width=\"1100\" height=\"619\" src=\"https:\/\/www.youtube.com\/embed\/UwnhGs7EC5c?feature=oembed\" frameborder=\"0\" allow=\"accelerometer; autoplay; encrypted-media; gyroscope; picture-in-picture\" allowfullscreen><\/iframe><\/div>\n<p><span style=\"font-family: Arial;\">Viile plantate in anul 2011 se intind pe 154 de hectare situate in Dobrogea, in apropierea satului Pestera, zona cu traditie in cultivarea strugurilor inca din antichitate. Intreaga suprafata a fost cultivata dupa principiile agriculturii biodinamice, sistemul de cultura cu cea mai accentuata abordare holistica. Asadar a luat fiinta prima ferma viticola biodinamica din Romania, strugurii fiind certificati ca ecologici\/organici de catre Austria Bio Garantie din 2016.<\/span><\/p>\n<p>Mai multe informatii despre acest producator gasiti <a href=\"https:\/\/domeniulbogdan.ro\/\">AICI<\/a>.<\/p>\n<\/div>\n<p>Pentru programul de degustari si oferte personalizate te invitam sa devii membrul clubului Vinoteca Hugo. Pentru mai multe informatii fa click <a href=\"https:\/\/vinotecahugo.ro\/evenimente\/\">AICI.<\/a><\/p>\n<p>&nbsp;<\/p>\n","protected":false},"excerpt":{"rendered":"<div class=\"vivino-widget vivino-wine-card-widget\" data-vivino-widget-type=\"wine\" data-vivino-vintage-id=\"161510898\" data-vivino-user-id=\"8551400\" data-vivino-widget-language=\"en\" data-vivino-widget-layout=\"medium\"><a href=\"https:\/\/www.vivino.com\/domeniul-bogdan-cuvee-experience\/w\/7529089\" target=\"_blank\" rel=\"noopener noreferrer\">Domeniul Bogdan Cuvee Experience on Vivino<\/a><\/div>\n<p><strong>Cuvee Experience Ro\u015fu 2017<\/strong> este un vin elegant, ob\u0163inut din soiurile <b>Feteasca Neagra, Merlot<\/b>\u00a0si\u00a0<b>Syrah, <\/b>\u00een care se reg\u0103sesc elemente din fiecare soi, fructoziatea, condimentele \u0219i caracterul lemnos. De culoare rosu visiniu, olfactiv se prezinta elegant, usor condimentat cu tuse de piper verde si lemn dulce, iar gustativ incanta prin taninuri catifelate si arome puternic fructate cu note de cacao. Par\u021bial baricat, are corp mediu \u0219i taninuri bl\u00e2nde, tipice zonei Dobrogea.<\/p>\n<p>Aproximativ 15% din acest vin a fost maturat \u00een butoaie din stejar francez de 500L timp de 12 luni. Dup\u0103 \u00eembuteliere, acesta a fost invechit minim 2 luni la sticl\u0103.<br \/>\nCuvee Experience reprezint\u0103 o interpretare unic\u0103 a cupaj\u0103rii, diferit\u0103 de la an la an. Fiecare vin ofer\u0103 note clasice, complexitate \u0219i armonie \u00eentre soiuri.<\/p>\n<p>Poate fi asociat cu miel la cuptor, piept de ra\u021b\u0103, coaste de porc \u0219i br\u00e2nzeturi maturate.<\/p>\n","protected":false},"featured_media":16406,"comment_status":"open","ping_status":"closed","template":"","meta":[],"product_brand":[],"product_cat":[887,888,145],"product_tag":[687,702,686,432,433,685,434,356,701,355],"class_list":{"0":"post-16404","1":"product","2":"type-product","3":"status-publish","4":"has-post-thumbnail","6":"product_cat-vin-rosu","7":"product_cat-vin-rosu-sec","8":"product_cat-vinuri-romanesti","9":"product_tag-bio","10":"product_tag-cuvee-experience","11":"product_tag-domeniul-bogdan","12":"product_tag-feteasca-neagra","13":"product_tag-merlot","14":"product_tag-murfatlar","15":"product_tag-syrah","16":"product_tag-vin-alba-iulia","17":"product_tag-vin-organic","18":"product_tag-vinoteca-hugo","20":"first","21":"instock","22":"taxable","23":"shipping-taxable","24":"purchasable","25":"product-type-simple"},"yoast_head":"<!-- This site is optimized with the Yoast SEO plugin v24.6 - https:\/\/yoast.com\/wordpress\/plugins\/seo\/ -->\n<title>Domeniul Bogdan Cuvee Experience Rosu BIO - Vinoteca Hugo<\/title>\n<meta name=\"description\" content=\"Comand\u0103 online Domeniul Bogdan Cuvee Experience Rosu BIO de la Vinoteca Hugo! Vinuri de top pentru momente speciale.\" \/>\n<meta name=\"robots\" content=\"index, follow, max-snippet:-1, max-image-preview:large, max-video-preview:-1\" \/>\n<link rel=\"canonical\" href=\"https:\/\/vinotecahugo.ro\/en\/produs\/domeniul-bogdan-cuvee-experience-rosu-bio\/\" \/>\n<meta property=\"og:locale\" content=\"en_US\" \/>\n<meta property=\"og:type\" content=\"article\" \/>\n<meta property=\"og:title\" content=\"Domeniul Bogdan Cuvee Experience Rosu BIO - Vinoteca Hugo\" \/>\n<meta property=\"og:description\" content=\"Comand\u0103 online Domeniul Bogdan Cuvee Experience Rosu BIO de la Vinoteca Hugo! Vinuri de top pentru momente speciale.\" \/>\n<meta property=\"og:url\" content=\"https:\/\/vinotecahugo.ro\/en\/produs\/domeniul-bogdan-cuvee-experience-rosu-bio\/\" \/>\n<meta property=\"og:site_name\" content=\"Vinoteca Hugo\" \/>\n<meta property=\"article:publisher\" content=\"https:\/\/www.facebook.com\/VinotecaHugoAlbaIulia\" \/>\n<meta property=\"article:modified_time\" content=\"2024-11-08T13:17:23+00:00\" \/>\n<meta property=\"og:image\" content=\"https:\/\/vinotecahugo.ro\/wp-content\/uploads\/2020\/07\/Cuvee_Experience_Rosu_2017_site.jpg\" \/>\n\t<meta property=\"og:image:width\" content=\"600\" \/>\n\t<meta property=\"og:image:height\" content=\"600\" \/>\n\t<meta property=\"og:image:type\" content=\"image\/jpeg\" \/>\n<meta name=\"twitter:card\" content=\"summary_large_image\" \/>\n<meta name=\"twitter:label1\" content=\"Est. reading time\" \/>\n\t<meta name=\"twitter:data1\" content=\"1 minute\" \/>\n<script type=\"application\/ld+json\" class=\"yoast-schema-graph\">{\"@context\":\"https:\/\/schema.org\",\"@graph\":[{\"@type\":\"WebPage\",\"@id\":\"https:\/\/vinotecahugo.ro\/en\/produs\/domeniul-bogdan-cuvee-experience-rosu-bio\/\",\"url\":\"https:\/\/vinotecahugo.ro\/en\/produs\/domeniul-bogdan-cuvee-experience-rosu-bio\/\",\"name\":\"Domeniul Bogdan Cuvee Experience Rosu BIO - Vinoteca Hugo\",\"isPartOf\":{\"@id\":\"https:\/\/vinotecahugo.ro\/en\/#website\"},\"primaryImageOfPage\":{\"@id\":\"https:\/\/vinotecahugo.ro\/en\/produs\/domeniul-bogdan-cuvee-experience-rosu-bio\/#primaryimage\"},\"image\":{\"@id\":\"https:\/\/vinotecahugo.ro\/en\/produs\/domeniul-bogdan-cuvee-experience-rosu-bio\/#primaryimage\"},\"thumbnailUrl\":\"https:\/\/vinotecahugo.ro\/wp-content\/uploads\/2020\/07\/Cuvee_Experience_Rosu_2017_site.jpg\",\"datePublished\":\"2020-07-08T13:33:44+00:00\",\"dateModified\":\"2024-11-08T13:17:23+00:00\",\"description\":\"Comand\u0103 online Domeniul Bogdan Cuvee Experience Rosu BIO de la Vinoteca Hugo! Vinuri de top pentru momente speciale.\",\"breadcrumb\":{\"@id\":\"https:\/\/vinotecahugo.ro\/en\/produs\/domeniul-bogdan-cuvee-experience-rosu-bio\/#breadcrumb\"},\"inLanguage\":\"en-US\",\"potentialAction\":[{\"@type\":\"ReadAction\",\"target\":[\"https:\/\/vinotecahugo.ro\/en\/produs\/domeniul-bogdan-cuvee-experience-rosu-bio\/\"]}]},{\"@type\":\"ImageObject\",\"inLanguage\":\"en-US\",\"@id\":\"https:\/\/vinotecahugo.ro\/en\/produs\/domeniul-bogdan-cuvee-experience-rosu-bio\/#primaryimage\",\"url\":\"https:\/\/vinotecahugo.ro\/wp-content\/uploads\/2020\/07\/Cuvee_Experience_Rosu_2017_site.jpg\",\"contentUrl\":\"https:\/\/vinotecahugo.ro\/wp-content\/uploads\/2020\/07\/Cuvee_Experience_Rosu_2017_site.jpg\",\"width\":600,\"height\":600},{\"@type\":\"BreadcrumbList\",\"@id\":\"https:\/\/vinotecahugo.ro\/en\/produs\/domeniul-bogdan-cuvee-experience-rosu-bio\/#breadcrumb\",\"itemListElement\":[{\"@type\":\"ListItem\",\"position\":1,\"name\":\"Prima pagin\u0103\",\"item\":\"https:\/\/vinotecahugo.ro\/en\/\"},{\"@type\":\"ListItem\",\"position\":2,\"name\":\"Magazin\",\"item\":\"https:\/\/vinotecahugo.ro\/magazin\/\"},{\"@type\":\"ListItem\",\"position\":3,\"name\":\"Domeniul Bogdan Cuvee Experience Rosu BIO\"}]},{\"@type\":\"WebSite\",\"@id\":\"https:\/\/vinotecahugo.ro\/en\/#website\",\"url\":\"https:\/\/vinotecahugo.ro\/en\/\",\"name\":\"Vinoteca Hugo\",\"description\":\"vinotec\u0103 cu o colec\u021bie de peste 5000 de sticle de vin\",\"publisher\":{\"@id\":\"https:\/\/vinotecahugo.ro\/en\/#organization\"},\"potentialAction\":[{\"@type\":\"SearchAction\",\"target\":{\"@type\":\"EntryPoint\",\"urlTemplate\":\"https:\/\/vinotecahugo.ro\/en\/?s={search_term_string}\"},\"query-input\":{\"@type\":\"PropertyValueSpecification\",\"valueRequired\":true,\"valueName\":\"search_term_string\"}}],\"inLanguage\":\"en-US\"},{\"@type\":\"Organization\",\"@id\":\"https:\/\/vinotecahugo.ro\/en\/#organization\",\"name\":\"Vinoteca Hugo\",\"url\":\"https:\/\/vinotecahugo.ro\/en\/\",\"logo\":{\"@type\":\"ImageObject\",\"inLanguage\":\"en-US\",\"@id\":\"https:\/\/vinotecahugo.ro\/en\/#\/schema\/logo\/image\/\",\"url\":\"https:\/\/vinotecahugo.ro\/wp-content\/uploads\/2020\/04\/logo-vinoteca-hugo-160-120..jpg\",\"contentUrl\":\"https:\/\/vinotecahugo.ro\/wp-content\/uploads\/2020\/04\/logo-vinoteca-hugo-160-120..jpg\",\"width\":160,\"height\":120,\"caption\":\"Vinoteca Hugo\"},\"image\":{\"@id\":\"https:\/\/vinotecahugo.ro\/en\/#\/schema\/logo\/image\/\"},\"sameAs\":[\"https:\/\/www.facebook.com\/VinotecaHugoAlbaIulia\",\"https:\/\/www.instagram.com\/vinoteca_hugo\/\",\"https:\/\/www.youtube.com\/channel\/UCpprt6bjcY4i-6P9WM-466g\"]}]}<\/script>\n<!-- \/ Yoast SEO plugin. -->","yoast_head_json":{"title":"Domeniul Bogdan Cuvee Experience Rosu BIO - Vinoteca Hugo","description":"Comand\u0103 online Domeniul Bogdan Cuvee Experience Rosu BIO de la Vinoteca Hugo! Vinuri de top pentru momente speciale.","robots":{"index":"index","follow":"follow","max-snippet":"max-snippet:-1","max-image-preview":"max-image-preview:large","max-video-preview":"max-video-preview:-1"},"canonical":"https:\/\/vinotecahugo.ro\/en\/produs\/domeniul-bogdan-cuvee-experience-rosu-bio\/","og_locale":"en_US","og_type":"article","og_title":"Domeniul Bogdan Cuvee Experience Rosu BIO - Vinoteca Hugo","og_description":"Comand\u0103 online Domeniul Bogdan Cuvee Experience Rosu BIO de la Vinoteca Hugo! Vinuri de top pentru momente speciale.","og_url":"https:\/\/vinotecahugo.ro\/en\/produs\/domeniul-bogdan-cuvee-experience-rosu-bio\/","og_site_name":"Vinoteca Hugo","article_publisher":"https:\/\/www.facebook.com\/VinotecaHugoAlbaIulia","article_modified_time":"2024-11-08T13:17:23+00:00","og_image":[{"width":600,"height":600,"url":"https:\/\/vinotecahugo.ro\/wp-content\/uploads\/2020\/07\/Cuvee_Experience_Rosu_2017_site.jpg","type":"image\/jpeg"}],"twitter_card":"summary_large_image","twitter_misc":{"Est. reading time":"1 minute"},"schema":{"@context":"https:\/\/schema.org","@graph":[{"@type":"WebPage","@id":"https:\/\/vinotecahugo.ro\/en\/produs\/domeniul-bogdan-cuvee-experience-rosu-bio\/","url":"https:\/\/vinotecahugo.ro\/en\/produs\/domeniul-bogdan-cuvee-experience-rosu-bio\/","name":"Domeniul Bogdan Cuvee Experience Rosu BIO - Vinoteca Hugo","isPartOf":{"@id":"https:\/\/vinotecahugo.ro\/en\/#website"},"primaryImageOfPage":{"@id":"https:\/\/vinotecahugo.ro\/en\/produs\/domeniul-bogdan-cuvee-experience-rosu-bio\/#primaryimage"},"image":{"@id":"https:\/\/vinotecahugo.ro\/en\/produs\/domeniul-bogdan-cuvee-experience-rosu-bio\/#primaryimage"},"thumbnailUrl":"https:\/\/vinotecahugo.ro\/wp-content\/uploads\/2020\/07\/Cuvee_Experience_Rosu_2017_site.jpg","datePublished":"2020-07-08T13:33:44+00:00","dateModified":"2024-11-08T13:17:23+00:00","description":"Comand\u0103 online Domeniul Bogdan Cuvee Experience Rosu BIO de la Vinoteca Hugo! Vinuri de top pentru momente speciale.","breadcrumb":{"@id":"https:\/\/vinotecahugo.ro\/en\/produs\/domeniul-bogdan-cuvee-experience-rosu-bio\/#breadcrumb"},"inLanguage":"en-US","potentialAction":[{"@type":"ReadAction","target":["https:\/\/vinotecahugo.ro\/en\/produs\/domeniul-bogdan-cuvee-experience-rosu-bio\/"]}]},{"@type":"ImageObject","inLanguage":"en-US","@id":"https:\/\/vinotecahugo.ro\/en\/produs\/domeniul-bogdan-cuvee-experience-rosu-bio\/#primaryimage","url":"https:\/\/vinotecahugo.ro\/wp-content\/uploads\/2020\/07\/Cuvee_Experience_Rosu_2017_site.jpg","contentUrl":"https:\/\/vinotecahugo.ro\/wp-content\/uploads\/2020\/07\/Cuvee_Experience_Rosu_2017_site.jpg","width":600,"height":600},{"@type":"BreadcrumbList","@id":"https:\/\/vinotecahugo.ro\/en\/produs\/domeniul-bogdan-cuvee-experience-rosu-bio\/#breadcrumb","itemListElement":[{"@type":"ListItem","position":1,"name":"Prima pagin\u0103","item":"https:\/\/vinotecahugo.ro\/en\/"},{"@type":"ListItem","position":2,"name":"Magazin","item":"https:\/\/vinotecahugo.ro\/magazin\/"},{"@type":"ListItem","position":3,"name":"Domeniul Bogdan Cuvee Experience Rosu BIO"}]},{"@type":"WebSite","@id":"https:\/\/vinotecahugo.ro\/en\/#website","url":"https:\/\/vinotecahugo.ro\/en\/","name":"Vinoteca Hugo","description":"vinotec\u0103 cu o colec\u021bie de peste 5000 de sticle de vin","publisher":{"@id":"https:\/\/vinotecahugo.ro\/en\/#organization"},"potentialAction":[{"@type":"SearchAction","target":{"@type":"EntryPoint","urlTemplate":"https:\/\/vinotecahugo.ro\/en\/?s={search_term_string}"},"query-input":{"@type":"PropertyValueSpecification","valueRequired":true,"valueName":"search_term_string"}}],"inLanguage":"en-US"},{"@type":"Organization","@id":"https:\/\/vinotecahugo.ro\/en\/#organization","name":"Vinoteca Hugo","url":"https:\/\/vinotecahugo.ro\/en\/","logo":{"@type":"ImageObject","inLanguage":"en-US","@id":"https:\/\/vinotecahugo.ro\/en\/#\/schema\/logo\/image\/","url":"https:\/\/vinotecahugo.ro\/wp-content\/uploads\/2020\/04\/logo-vinoteca-hugo-160-120..jpg","contentUrl":"https:\/\/vinotecahugo.ro\/wp-content\/uploads\/2020\/04\/logo-vinoteca-hugo-160-120..jpg","width":160,"height":120,"caption":"Vinoteca Hugo"},"image":{"@id":"https:\/\/vinotecahugo.ro\/en\/#\/schema\/logo\/image\/"},"sameAs":["https:\/\/www.facebook.com\/VinotecaHugoAlbaIulia","https:\/\/www.instagram.com\/vinoteca_hugo\/","https:\/\/www.youtube.com\/channel\/UCpprt6bjcY4i-6P9WM-466g"]}]}},"_links":{"self":[{"href":"https:\/\/vinotecahugo.ro\/en\/wp-json\/wp\/v2\/product\/16404","targetHints":{"allow":["GET"]}}],"collection":[{"href":"https:\/\/vinotecahugo.ro\/en\/wp-json\/wp\/v2\/product"}],"about":[{"href":"https:\/\/vinotecahugo.ro\/en\/wp-json\/wp\/v2\/types\/product"}],"replies":[{"embeddable":true,"href":"https:\/\/vinotecahugo.ro\/en\/wp-json\/wp\/v2\/comments?post=16404"}],"wp:featuredmedia":[{"embeddable":true,"href":"https:\/\/vinotecahugo.ro\/en\/wp-json\/wp\/v2\/media\/16406"}],"wp:attachment":[{"href":"https:\/\/vinotecahugo.ro\/en\/wp-json\/wp\/v2\/media?parent=16404"}],"wp:term":[{"taxonomy":"product_brand","embeddable":true,"href":"https:\/\/vinotecahugo.ro\/en\/wp-json\/wp\/v2\/product_brand?post=16404"},{"taxonomy":"product_cat","embeddable":true,"href":"https:\/\/vinotecahugo.ro\/en\/wp-json\/wp\/v2\/product_cat?post=16404"},{"taxonomy":"product_tag","embeddable":true,"href":"https:\/\/vinotecahugo.ro\/en\/wp-json\/wp\/v2\/product_tag?post=16404"}],"curies":[{"name":"wp","href":"https:\/\/api.w.org\/{rel}","templated":true}]}}