{"id":16396,"date":"2020-07-08T15:28:39","date_gmt":"2020-07-08T12:28:39","guid":{"rendered":"https:\/\/vinotecahugo.ro\/?post_type=product&#038;p=16396"},"modified":"2024-11-08T15:17:46","modified_gmt":"2024-11-08T13:17:46","slug":"domeniul-bogdan-cuvee-experience-alb-bio","status":"publish","type":"product","link":"https:\/\/vinotecahugo.ro\/en\/produs\/domeniul-bogdan-cuvee-experience-alb-bio\/","title":{"rendered":"Domeniul Bogdan Cuvee Experience Alb BIO"},"content":{"rendered":"<p><strong>Domeniul Bogdan Cuvee Experience Alb BIO<\/strong><\/p>\n<div class=\"lbDescription\">\n<div class=\"video-shortcode\"><iframe title=\"Domeniul Bogdan | www.domeniulbogdan.ro\" width=\"1100\" height=\"619\" src=\"https:\/\/www.youtube.com\/embed\/UwnhGs7EC5c?feature=oembed\" frameborder=\"0\" allow=\"accelerometer; autoplay; encrypted-media; gyroscope; picture-in-picture\" allowfullscreen><\/iframe><\/div>\n<p><span style=\"font-family: Arial;\">Viile plantate in anul 2011 se intind pe 154 de hectare situate in Dobrogea, in apropierea satului Pestera, zona cu traditie in cultivarea strugurilor inca din antichitate. Intreaga suprafata a fost cultivata dupa principiile agriculturii biodinamice, sistemul de cultura cu cea mai accentuata abordare holistica. Asadar a luat fiinta prima ferma viticola biodinamica din Romania, strugurii fiind certificati ca ecologici\/organici de catre Austria Bio Garantie din 2016.<\/span><\/p>\n<p>Mai multe informatii despre acest producator gasiti <a href=\"https:\/\/domeniulbogdan.ro\/\">AICI<\/a>.<\/p>\n<\/div>\n<p>Pentru programul de degustari si oferte personalizate te invitam sa devii membrul clubului Vinoteca Hugo. Pentru mai multe informatii fa click <a href=\"https:\/\/vinotecahugo.ro\/evenimente\/\">AICI.<\/a><\/p>\n<p>&nbsp;<\/p>\n","protected":false},"excerpt":{"rendered":"<p><strong>Cuvee Experience alb <\/strong>este un vin prietenos, care prezint\u0103 mai \u00eent\u00e2i aroma specific\u0103 de Muscat, urmat\u0103 de fructuozitatea dat\u0103 de Sauvignon \u0219i Chardonnay. Complex \u0219i u\u0219or migdalat pe final.<\/p>\n<p>Cuvee Experience reprezint\u0103 o interpretare unic\u0103 a cupaj\u0103rii, diferit\u0103 de la an la an. Fiecare vin ofer\u0103 note clasice, complexitate \u0219i armonie \u00eentre soiuri.<\/p>\n<p>Poate fi asociat cu musaca dobrogean\u0103, curcan la cuptor cu rozmarin si vin alb, Br\u00e2nz\u0103 de capr\u0103 semimaturat\u0103.<\/p>\n","protected":false},"featured_media":16398,"comment_status":"open","ping_status":"closed","template":"","meta":[],"product_brand":[],"product_cat":[882,884,145],"product_tag":[687,394,702,686,685,703,337,356,701,355],"class_list":{"0":"post-16396","1":"product","2":"type-product","3":"status-publish","4":"has-post-thumbnail","6":"product_cat-vin-alb","7":"product_cat-vin-alb-sec","8":"product_cat-vinuri-romanesti","9":"product_tag-bio","10":"product_tag-chardonnay","11":"product_tag-cuvee-experience","12":"product_tag-domeniul-bogdan","13":"product_tag-murfatlar","14":"product_tag-muscat","15":"product_tag-sauvignon-blanc","16":"product_tag-vin-alba-iulia","17":"product_tag-vin-organic","18":"product_tag-vinoteca-hugo","20":"first","21":"instock","22":"taxable","23":"shipping-taxable","24":"purchasable","25":"product-type-simple"},"yoast_head":"<!-- This site is optimized with the Yoast SEO plugin v24.6 - https:\/\/yoast.com\/wordpress\/plugins\/seo\/ -->\n<title>Domeniul Bogdan Cuvee Experience Alb BIO - Vinoteca Hugo<\/title>\n<meta name=\"description\" content=\"Comand\u0103 online Domeniul Bogdan Cuvee Experience Alb BIO de la Vinoteca Hugo! Vinuri de top pentru momente speciale.\" \/>\n<meta name=\"robots\" content=\"index, follow, max-snippet:-1, max-image-preview:large, max-video-preview:-1\" \/>\n<link rel=\"canonical\" href=\"https:\/\/vinotecahugo.ro\/en\/produs\/domeniul-bogdan-cuvee-experience-alb-bio\/\" \/>\n<meta property=\"og:locale\" content=\"en_US\" \/>\n<meta property=\"og:type\" content=\"article\" \/>\n<meta property=\"og:title\" content=\"Domeniul Bogdan Cuvee Experience Alb BIO - Vinoteca Hugo\" \/>\n<meta property=\"og:description\" content=\"Comand\u0103 online Domeniul Bogdan Cuvee Experience Alb BIO de la Vinoteca Hugo! Vinuri de top pentru momente speciale.\" \/>\n<meta property=\"og:url\" content=\"https:\/\/vinotecahugo.ro\/en\/produs\/domeniul-bogdan-cuvee-experience-alb-bio\/\" \/>\n<meta property=\"og:site_name\" content=\"Vinoteca Hugo\" \/>\n<meta property=\"article:publisher\" content=\"https:\/\/www.facebook.com\/VinotecaHugoAlbaIulia\" \/>\n<meta property=\"article:modified_time\" content=\"2024-11-08T13:17:46+00:00\" \/>\n<meta property=\"og:image\" content=\"https:\/\/vinotecahugo.ro\/wp-content\/uploads\/2020\/07\/Cuvee_Experience_Alb_2018.jpg\" \/>\n\t<meta property=\"og:image:width\" content=\"600\" \/>\n\t<meta property=\"og:image:height\" content=\"600\" \/>\n\t<meta property=\"og:image:type\" content=\"image\/jpeg\" \/>\n<meta name=\"twitter:card\" content=\"summary_large_image\" \/>\n<meta name=\"twitter:label1\" content=\"Est. reading time\" \/>\n\t<meta name=\"twitter:data1\" content=\"1 minute\" \/>\n<script type=\"application\/ld+json\" class=\"yoast-schema-graph\">{\"@context\":\"https:\/\/schema.org\",\"@graph\":[{\"@type\":\"WebPage\",\"@id\":\"https:\/\/vinotecahugo.ro\/en\/produs\/domeniul-bogdan-cuvee-experience-alb-bio\/\",\"url\":\"https:\/\/vinotecahugo.ro\/en\/produs\/domeniul-bogdan-cuvee-experience-alb-bio\/\",\"name\":\"Domeniul Bogdan Cuvee Experience Alb BIO - Vinoteca Hugo\",\"isPartOf\":{\"@id\":\"https:\/\/vinotecahugo.ro\/en\/#website\"},\"primaryImageOfPage\":{\"@id\":\"https:\/\/vinotecahugo.ro\/en\/produs\/domeniul-bogdan-cuvee-experience-alb-bio\/#primaryimage\"},\"image\":{\"@id\":\"https:\/\/vinotecahugo.ro\/en\/produs\/domeniul-bogdan-cuvee-experience-alb-bio\/#primaryimage\"},\"thumbnailUrl\":\"https:\/\/vinotecahugo.ro\/wp-content\/uploads\/2020\/07\/Cuvee_Experience_Alb_2018.jpg\",\"datePublished\":\"2020-07-08T12:28:39+00:00\",\"dateModified\":\"2024-11-08T13:17:46+00:00\",\"description\":\"Comand\u0103 online Domeniul Bogdan Cuvee Experience Alb BIO de la Vinoteca Hugo! Vinuri de top pentru momente speciale.\",\"breadcrumb\":{\"@id\":\"https:\/\/vinotecahugo.ro\/en\/produs\/domeniul-bogdan-cuvee-experience-alb-bio\/#breadcrumb\"},\"inLanguage\":\"en-US\",\"potentialAction\":[{\"@type\":\"ReadAction\",\"target\":[\"https:\/\/vinotecahugo.ro\/en\/produs\/domeniul-bogdan-cuvee-experience-alb-bio\/\"]}]},{\"@type\":\"ImageObject\",\"inLanguage\":\"en-US\",\"@id\":\"https:\/\/vinotecahugo.ro\/en\/produs\/domeniul-bogdan-cuvee-experience-alb-bio\/#primaryimage\",\"url\":\"https:\/\/vinotecahugo.ro\/wp-content\/uploads\/2020\/07\/Cuvee_Experience_Alb_2018.jpg\",\"contentUrl\":\"https:\/\/vinotecahugo.ro\/wp-content\/uploads\/2020\/07\/Cuvee_Experience_Alb_2018.jpg\",\"width\":600,\"height\":600},{\"@type\":\"BreadcrumbList\",\"@id\":\"https:\/\/vinotecahugo.ro\/en\/produs\/domeniul-bogdan-cuvee-experience-alb-bio\/#breadcrumb\",\"itemListElement\":[{\"@type\":\"ListItem\",\"position\":1,\"name\":\"Prima pagin\u0103\",\"item\":\"https:\/\/vinotecahugo.ro\/en\/\"},{\"@type\":\"ListItem\",\"position\":2,\"name\":\"Magazin\",\"item\":\"https:\/\/vinotecahugo.ro\/magazin\/\"},{\"@type\":\"ListItem\",\"position\":3,\"name\":\"Domeniul Bogdan Cuvee Experience Alb BIO\"}]},{\"@type\":\"WebSite\",\"@id\":\"https:\/\/vinotecahugo.ro\/en\/#website\",\"url\":\"https:\/\/vinotecahugo.ro\/en\/\",\"name\":\"Vinoteca Hugo\",\"description\":\"vinotec\u0103 cu o colec\u021bie de peste 5000 de sticle de vin\",\"publisher\":{\"@id\":\"https:\/\/vinotecahugo.ro\/en\/#organization\"},\"potentialAction\":[{\"@type\":\"SearchAction\",\"target\":{\"@type\":\"EntryPoint\",\"urlTemplate\":\"https:\/\/vinotecahugo.ro\/en\/?s={search_term_string}\"},\"query-input\":{\"@type\":\"PropertyValueSpecification\",\"valueRequired\":true,\"valueName\":\"search_term_string\"}}],\"inLanguage\":\"en-US\"},{\"@type\":\"Organization\",\"@id\":\"https:\/\/vinotecahugo.ro\/en\/#organization\",\"name\":\"Vinoteca Hugo\",\"url\":\"https:\/\/vinotecahugo.ro\/en\/\",\"logo\":{\"@type\":\"ImageObject\",\"inLanguage\":\"en-US\",\"@id\":\"https:\/\/vinotecahugo.ro\/en\/#\/schema\/logo\/image\/\",\"url\":\"https:\/\/vinotecahugo.ro\/wp-content\/uploads\/2020\/04\/logo-vinoteca-hugo-160-120..jpg\",\"contentUrl\":\"https:\/\/vinotecahugo.ro\/wp-content\/uploads\/2020\/04\/logo-vinoteca-hugo-160-120..jpg\",\"width\":160,\"height\":120,\"caption\":\"Vinoteca Hugo\"},\"image\":{\"@id\":\"https:\/\/vinotecahugo.ro\/en\/#\/schema\/logo\/image\/\"},\"sameAs\":[\"https:\/\/www.facebook.com\/VinotecaHugoAlbaIulia\",\"https:\/\/www.instagram.com\/vinoteca_hugo\/\",\"https:\/\/www.youtube.com\/channel\/UCpprt6bjcY4i-6P9WM-466g\"]}]}<\/script>\n<!-- \/ Yoast SEO plugin. -->","yoast_head_json":{"title":"Domeniul Bogdan Cuvee Experience Alb BIO - Vinoteca Hugo","description":"Comand\u0103 online Domeniul Bogdan Cuvee Experience Alb BIO de la Vinoteca Hugo! Vinuri de top pentru momente speciale.","robots":{"index":"index","follow":"follow","max-snippet":"max-snippet:-1","max-image-preview":"max-image-preview:large","max-video-preview":"max-video-preview:-1"},"canonical":"https:\/\/vinotecahugo.ro\/en\/produs\/domeniul-bogdan-cuvee-experience-alb-bio\/","og_locale":"en_US","og_type":"article","og_title":"Domeniul Bogdan Cuvee Experience Alb BIO - Vinoteca Hugo","og_description":"Comand\u0103 online Domeniul Bogdan Cuvee Experience Alb BIO de la Vinoteca Hugo! Vinuri de top pentru momente speciale.","og_url":"https:\/\/vinotecahugo.ro\/en\/produs\/domeniul-bogdan-cuvee-experience-alb-bio\/","og_site_name":"Vinoteca Hugo","article_publisher":"https:\/\/www.facebook.com\/VinotecaHugoAlbaIulia","article_modified_time":"2024-11-08T13:17:46+00:00","og_image":[{"width":600,"height":600,"url":"https:\/\/vinotecahugo.ro\/wp-content\/uploads\/2020\/07\/Cuvee_Experience_Alb_2018.jpg","type":"image\/jpeg"}],"twitter_card":"summary_large_image","twitter_misc":{"Est. reading time":"1 minute"},"schema":{"@context":"https:\/\/schema.org","@graph":[{"@type":"WebPage","@id":"https:\/\/vinotecahugo.ro\/en\/produs\/domeniul-bogdan-cuvee-experience-alb-bio\/","url":"https:\/\/vinotecahugo.ro\/en\/produs\/domeniul-bogdan-cuvee-experience-alb-bio\/","name":"Domeniul Bogdan Cuvee Experience Alb BIO - Vinoteca Hugo","isPartOf":{"@id":"https:\/\/vinotecahugo.ro\/en\/#website"},"primaryImageOfPage":{"@id":"https:\/\/vinotecahugo.ro\/en\/produs\/domeniul-bogdan-cuvee-experience-alb-bio\/#primaryimage"},"image":{"@id":"https:\/\/vinotecahugo.ro\/en\/produs\/domeniul-bogdan-cuvee-experience-alb-bio\/#primaryimage"},"thumbnailUrl":"https:\/\/vinotecahugo.ro\/wp-content\/uploads\/2020\/07\/Cuvee_Experience_Alb_2018.jpg","datePublished":"2020-07-08T12:28:39+00:00","dateModified":"2024-11-08T13:17:46+00:00","description":"Comand\u0103 online Domeniul Bogdan Cuvee Experience Alb BIO de la Vinoteca Hugo! Vinuri de top pentru momente speciale.","breadcrumb":{"@id":"https:\/\/vinotecahugo.ro\/en\/produs\/domeniul-bogdan-cuvee-experience-alb-bio\/#breadcrumb"},"inLanguage":"en-US","potentialAction":[{"@type":"ReadAction","target":["https:\/\/vinotecahugo.ro\/en\/produs\/domeniul-bogdan-cuvee-experience-alb-bio\/"]}]},{"@type":"ImageObject","inLanguage":"en-US","@id":"https:\/\/vinotecahugo.ro\/en\/produs\/domeniul-bogdan-cuvee-experience-alb-bio\/#primaryimage","url":"https:\/\/vinotecahugo.ro\/wp-content\/uploads\/2020\/07\/Cuvee_Experience_Alb_2018.jpg","contentUrl":"https:\/\/vinotecahugo.ro\/wp-content\/uploads\/2020\/07\/Cuvee_Experience_Alb_2018.jpg","width":600,"height":600},{"@type":"BreadcrumbList","@id":"https:\/\/vinotecahugo.ro\/en\/produs\/domeniul-bogdan-cuvee-experience-alb-bio\/#breadcrumb","itemListElement":[{"@type":"ListItem","position":1,"name":"Prima pagin\u0103","item":"https:\/\/vinotecahugo.ro\/en\/"},{"@type":"ListItem","position":2,"name":"Magazin","item":"https:\/\/vinotecahugo.ro\/magazin\/"},{"@type":"ListItem","position":3,"name":"Domeniul Bogdan Cuvee Experience Alb BIO"}]},{"@type":"WebSite","@id":"https:\/\/vinotecahugo.ro\/en\/#website","url":"https:\/\/vinotecahugo.ro\/en\/","name":"Vinoteca Hugo","description":"vinotec\u0103 cu o colec\u021bie de peste 5000 de sticle de vin","publisher":{"@id":"https:\/\/vinotecahugo.ro\/en\/#organization"},"potentialAction":[{"@type":"SearchAction","target":{"@type":"EntryPoint","urlTemplate":"https:\/\/vinotecahugo.ro\/en\/?s={search_term_string}"},"query-input":{"@type":"PropertyValueSpecification","valueRequired":true,"valueName":"search_term_string"}}],"inLanguage":"en-US"},{"@type":"Organization","@id":"https:\/\/vinotecahugo.ro\/en\/#organization","name":"Vinoteca Hugo","url":"https:\/\/vinotecahugo.ro\/en\/","logo":{"@type":"ImageObject","inLanguage":"en-US","@id":"https:\/\/vinotecahugo.ro\/en\/#\/schema\/logo\/image\/","url":"https:\/\/vinotecahugo.ro\/wp-content\/uploads\/2020\/04\/logo-vinoteca-hugo-160-120..jpg","contentUrl":"https:\/\/vinotecahugo.ro\/wp-content\/uploads\/2020\/04\/logo-vinoteca-hugo-160-120..jpg","width":160,"height":120,"caption":"Vinoteca Hugo"},"image":{"@id":"https:\/\/vinotecahugo.ro\/en\/#\/schema\/logo\/image\/"},"sameAs":["https:\/\/www.facebook.com\/VinotecaHugoAlbaIulia","https:\/\/www.instagram.com\/vinoteca_hugo\/","https:\/\/www.youtube.com\/channel\/UCpprt6bjcY4i-6P9WM-466g"]}]}},"_links":{"self":[{"href":"https:\/\/vinotecahugo.ro\/en\/wp-json\/wp\/v2\/product\/16396","targetHints":{"allow":["GET"]}}],"collection":[{"href":"https:\/\/vinotecahugo.ro\/en\/wp-json\/wp\/v2\/product"}],"about":[{"href":"https:\/\/vinotecahugo.ro\/en\/wp-json\/wp\/v2\/types\/product"}],"replies":[{"embeddable":true,"href":"https:\/\/vinotecahugo.ro\/en\/wp-json\/wp\/v2\/comments?post=16396"}],"wp:featuredmedia":[{"embeddable":true,"href":"https:\/\/vinotecahugo.ro\/en\/wp-json\/wp\/v2\/media\/16398"}],"wp:attachment":[{"href":"https:\/\/vinotecahugo.ro\/en\/wp-json\/wp\/v2\/media?parent=16396"}],"wp:term":[{"taxonomy":"product_brand","embeddable":true,"href":"https:\/\/vinotecahugo.ro\/en\/wp-json\/wp\/v2\/product_brand?post=16396"},{"taxonomy":"product_cat","embeddable":true,"href":"https:\/\/vinotecahugo.ro\/en\/wp-json\/wp\/v2\/product_cat?post=16396"},{"taxonomy":"product_tag","embeddable":true,"href":"https:\/\/vinotecahugo.ro\/en\/wp-json\/wp\/v2\/product_tag?post=16396"}],"curies":[{"name":"wp","href":"https:\/\/api.w.org\/{rel}","templated":true}]}}