{"id":16377,"date":"2020-07-08T13:25:06","date_gmt":"2020-07-08T10:25:06","guid":{"rendered":"https:\/\/vinotecahugo.ro\/?post_type=product&#038;p=16377"},"modified":"2026-03-07T15:14:21","modified_gmt":"2026-03-07T13:14:21","slug":"domeniile-panciu-cuvee-prestige","status":"publish","type":"product","link":"https:\/\/vinotecahugo.ro\/en\/produs\/domeniile-panciu-cuvee-prestige\/","title":{"rendered":"Domeniile Panciu Cuvee Prestige"},"content":{"rendered":"<div class=\"video-shortcode\"><iframe title=\"Casa Panciu\" width=\"1100\" height=\"619\" src=\"https:\/\/www.youtube.com\/embed\/PYf8YX2rQFk?feature=oembed\" frameborder=\"0\" allow=\"accelerometer; autoplay; encrypted-media; gyroscope; picture-in-picture\" allowfullscreen><\/iframe><\/div>\n<p><strong>Domeniile Panciu Cuvee Prestige<\/strong><\/p>\n<p>Pentru realizarea acestui spumant, a fost ales un cuv\u00e9e din 2 soiuri interna\u0163ionale de struguri &#8211; <strong>Chardonnay<\/strong>\u00a0\u015fi <strong>Pinot Noir<\/strong> al\u0103turi de vedeta podgoriei &#8211; soiul rom\u00e2nesc, <strong>Feteasca Regal\u0103<\/strong>. Prin alegerea cu deosebit\u0103 aten\u0163ie a compozi\u0163iei cupajului de vin, fermentarea secundar\u0103 la sticl\u0103, maturarea lor \u00een condi\u0163ii speciale timp de minim 30\u00a0 luni \u015fi degorjarea \u201e\u00e0 la vol\u00e9e\u201d (f\u0103r\u0103 refrigerarea buteliei),\u00a0 s-a reu\u015fit p\u0103strarea rafinamentul spumantelor\u00a0 <strong>\u00een stilul vestitului c\u0103lug\u0103r Dom Perignon<\/strong> completat de amprenta terroir-ului de Panciu.<\/p>\n<p class=\"despreNoiPage__text despreNoiPage__text--mode\">Din 2009 Domeniile Panciu sunt inima \u015fi sufletul vinurilor provenite din cele peste 120 hectare de vi\u0163\u0103 de vie situate \u00een aceast\u0103 zon\u0103. Am pornit la drum cu o misiune care de-a lungul anilor a stat la baza activit\u0103\u0163ilor \u015fi deciziilor luate:\u00a0<b>Fabricarea unui produs Natural de Calitate Rom\u00e2nesc prin valorificarea continu\u0103 a poten\u0163ialului podgoriei Panciu.<\/b>\u00a0Astfel munca grea \u015fi dedicat\u0103 a echipei se fructific\u0103 prin prezen\u0163a pe pia\u0163a a unui portofoliu ce cuprinde vinuri lini\u015ftite albe, roze \u015fi ro\u015fii, frizzante, \u015fi spumante, toate \u00eencadrate \u00een 3 game: Domeniile Panciu, Panciu Riserva \u015fi Casa Panciu.<\/p>\n<p>Mai multe informatii despre acest producator gasiti <a href=\"https:\/\/domeniilepanciu.ro\/\" target=\"_blank\" rel=\"noopener\">AICI<\/a>.<\/p>\n<p>Pentru programul de degustari si oferte personalizate te invitam sa devii membrul clubului Vinoteca Hugo. Pentru mai multe informatii fa click <a href=\"https:\/\/vinotecahugo.ro\/evenimente\/\">AICI.<\/a><\/p>\n<p>&nbsp;<\/p>\n","protected":false},"excerpt":{"rendered":"<div class=\"vivino-widget vivino-wine-card-widget\" data-vivino-widget-type=\"wine\" data-vivino-vintage-id=\"153178353\" data-vivino-user-id=\"8551400\" data-vivino-widget-language=\"en\" data-vivino-widget-layout=\"medium\"><a href=\"https:\/\/www.vivino.com\/panciu-cuvee-prestige-brut-classic-method\/w\/5407010\" target=\"_blank\" rel=\"noopener noreferrer\">Domeniile Panciu Cuv\u00e9e Prestige Brut on Vivino<\/a><\/div>\n<p>Spumant clasic produs prin cupajarea vinurilor din 3 soiuri Pinot Noir (40%), Feteasc\u0103 Regal\u0103 (40%) \u015fi Chardonnay (20%), cu maturare la sticl\u0103 minim 32 luni. Culoarea galben pai este \u00eennobilat\u0103 de efervescen\u0163a perfect\u0103 \u015fi de aromele de cozonac care evolueaz\u0103 treptat \u00een arome de fructe uscate \u015fi miere de albine. Gustul complex de smochine, caise uscate, nuci pr\u0103jite \u015fi u\u015foare note de citrice e prelungit de un postgust persistent \u015fi pl\u0103cut care ne readuce aminte de produsele de patiserie fin\u0103 fran\u0163uzeasc\u0103.<\/p>\n<p>Prin asocierea spumantului Cuv\u00e9e Prestige Domeniile Panciu cu\u00a0 specialit\u0103\u0163i din crab, somon afumat, caviar de sturioni, crevete de ap\u0103 dulce \u015fi foie gras\u00a0 putem descoperi noi experien\u0163e gastronomice superbe. Perfect doar pentru cele mai speciale evenimente al\u0103turi de cei dragi.<\/p>\n","protected":false},"featured_media":16379,"comment_status":"open","ping_status":"closed","template":"","meta":[],"product_brand":[],"product_cat":[882,145],"product_tag":[695,693,524,368,564],"class_list":{"0":"post-16377","1":"product","2":"type-product","3":"status-publish","4":"has-post-thumbnail","6":"product_cat-vin-alb","7":"product_cat-vinuri-romanesti","8":"product_tag-chadonnay","9":"product_tag-domeniile-panciu","10":"product_tag-feteasca-regala","11":"product_tag-pinot-noir","12":"product_tag-vin-spumant-clasic","14":"first","15":"instock","16":"taxable","17":"shipping-taxable","18":"purchasable","19":"product-type-simple"},"yoast_head":"<!-- This site is optimized with the Yoast SEO plugin v24.6 - https:\/\/yoast.com\/wordpress\/plugins\/seo\/ -->\n<title>Domeniile Panciu Cuvee Prestige - Vinoteca Hugo<\/title>\n<meta name=\"description\" content=\"Comand\u0103 online Domeniile Panciu Cuvee Prestige de la Vinoteca Hugo! Vinuri de top pentru momente speciale.\" \/>\n<meta name=\"robots\" content=\"index, follow, max-snippet:-1, max-image-preview:large, max-video-preview:-1\" \/>\n<link rel=\"canonical\" href=\"https:\/\/vinotecahugo.ro\/en\/produs\/domeniile-panciu-cuvee-prestige\/\" \/>\n<meta property=\"og:locale\" content=\"en_US\" \/>\n<meta property=\"og:type\" content=\"article\" \/>\n<meta property=\"og:title\" content=\"Domeniile Panciu Cuvee Prestige - Vinoteca Hugo\" \/>\n<meta property=\"og:description\" content=\"Comand\u0103 online Domeniile Panciu Cuvee Prestige de la Vinoteca Hugo! Vinuri de top pentru momente speciale.\" \/>\n<meta property=\"og:url\" content=\"https:\/\/vinotecahugo.ro\/en\/produs\/domeniile-panciu-cuvee-prestige\/\" \/>\n<meta property=\"og:site_name\" content=\"Vinoteca Hugo\" \/>\n<meta property=\"article:publisher\" content=\"https:\/\/www.facebook.com\/VinotecaHugoAlbaIulia\" \/>\n<meta property=\"article:modified_time\" content=\"2026-03-07T13:14:21+00:00\" \/>\n<meta property=\"og:image\" content=\"https:\/\/vinotecahugo.ro\/wp-content\/uploads\/2020\/07\/cuvee-prestige.jpg\" \/>\n\t<meta property=\"og:image:width\" content=\"600\" \/>\n\t<meta property=\"og:image:height\" content=\"600\" \/>\n\t<meta property=\"og:image:type\" content=\"image\/jpeg\" \/>\n<meta name=\"twitter:card\" content=\"summary_large_image\" \/>\n<meta name=\"twitter:label1\" content=\"Est. reading time\" \/>\n\t<meta name=\"twitter:data1\" content=\"2 minutes\" \/>\n<script type=\"application\/ld+json\" class=\"yoast-schema-graph\">{\"@context\":\"https:\/\/schema.org\",\"@graph\":[{\"@type\":\"WebPage\",\"@id\":\"https:\/\/vinotecahugo.ro\/en\/produs\/domeniile-panciu-cuvee-prestige\/\",\"url\":\"https:\/\/vinotecahugo.ro\/en\/produs\/domeniile-panciu-cuvee-prestige\/\",\"name\":\"Domeniile Panciu Cuvee Prestige - Vinoteca Hugo\",\"isPartOf\":{\"@id\":\"https:\/\/vinotecahugo.ro\/en\/#website\"},\"primaryImageOfPage\":{\"@id\":\"https:\/\/vinotecahugo.ro\/en\/produs\/domeniile-panciu-cuvee-prestige\/#primaryimage\"},\"image\":{\"@id\":\"https:\/\/vinotecahugo.ro\/en\/produs\/domeniile-panciu-cuvee-prestige\/#primaryimage\"},\"thumbnailUrl\":\"https:\/\/vinotecahugo.ro\/wp-content\/uploads\/2020\/07\/cuvee-prestige.jpg\",\"datePublished\":\"2020-07-08T10:25:06+00:00\",\"dateModified\":\"2026-03-07T13:14:21+00:00\",\"description\":\"Comand\u0103 online Domeniile Panciu Cuvee Prestige de la Vinoteca Hugo! Vinuri de top pentru momente speciale.\",\"breadcrumb\":{\"@id\":\"https:\/\/vinotecahugo.ro\/en\/produs\/domeniile-panciu-cuvee-prestige\/#breadcrumb\"},\"inLanguage\":\"en-US\",\"potentialAction\":[{\"@type\":\"ReadAction\",\"target\":[\"https:\/\/vinotecahugo.ro\/en\/produs\/domeniile-panciu-cuvee-prestige\/\"]}]},{\"@type\":\"ImageObject\",\"inLanguage\":\"en-US\",\"@id\":\"https:\/\/vinotecahugo.ro\/en\/produs\/domeniile-panciu-cuvee-prestige\/#primaryimage\",\"url\":\"https:\/\/vinotecahugo.ro\/wp-content\/uploads\/2020\/07\/cuvee-prestige.jpg\",\"contentUrl\":\"https:\/\/vinotecahugo.ro\/wp-content\/uploads\/2020\/07\/cuvee-prestige.jpg\",\"width\":600,\"height\":600},{\"@type\":\"BreadcrumbList\",\"@id\":\"https:\/\/vinotecahugo.ro\/en\/produs\/domeniile-panciu-cuvee-prestige\/#breadcrumb\",\"itemListElement\":[{\"@type\":\"ListItem\",\"position\":1,\"name\":\"Prima pagin\u0103\",\"item\":\"https:\/\/vinotecahugo.ro\/en\/\"},{\"@type\":\"ListItem\",\"position\":2,\"name\":\"Magazin\",\"item\":\"https:\/\/vinotecahugo.ro\/magazin\/\"},{\"@type\":\"ListItem\",\"position\":3,\"name\":\"Domeniile Panciu Cuvee Prestige\"}]},{\"@type\":\"WebSite\",\"@id\":\"https:\/\/vinotecahugo.ro\/en\/#website\",\"url\":\"https:\/\/vinotecahugo.ro\/en\/\",\"name\":\"Vinoteca Hugo\",\"description\":\"vinotec\u0103 cu o colec\u021bie de peste 5000 de sticle de vin\",\"publisher\":{\"@id\":\"https:\/\/vinotecahugo.ro\/en\/#organization\"},\"potentialAction\":[{\"@type\":\"SearchAction\",\"target\":{\"@type\":\"EntryPoint\",\"urlTemplate\":\"https:\/\/vinotecahugo.ro\/en\/?s={search_term_string}\"},\"query-input\":{\"@type\":\"PropertyValueSpecification\",\"valueRequired\":true,\"valueName\":\"search_term_string\"}}],\"inLanguage\":\"en-US\"},{\"@type\":\"Organization\",\"@id\":\"https:\/\/vinotecahugo.ro\/en\/#organization\",\"name\":\"Vinoteca Hugo\",\"url\":\"https:\/\/vinotecahugo.ro\/en\/\",\"logo\":{\"@type\":\"ImageObject\",\"inLanguage\":\"en-US\",\"@id\":\"https:\/\/vinotecahugo.ro\/en\/#\/schema\/logo\/image\/\",\"url\":\"https:\/\/vinotecahugo.ro\/wp-content\/uploads\/2020\/04\/logo-vinoteca-hugo-160-120..jpg\",\"contentUrl\":\"https:\/\/vinotecahugo.ro\/wp-content\/uploads\/2020\/04\/logo-vinoteca-hugo-160-120..jpg\",\"width\":160,\"height\":120,\"caption\":\"Vinoteca Hugo\"},\"image\":{\"@id\":\"https:\/\/vinotecahugo.ro\/en\/#\/schema\/logo\/image\/\"},\"sameAs\":[\"https:\/\/www.facebook.com\/VinotecaHugoAlbaIulia\",\"https:\/\/www.instagram.com\/vinoteca_hugo\/\",\"https:\/\/www.youtube.com\/channel\/UCpprt6bjcY4i-6P9WM-466g\"]}]}<\/script>\n<!-- \/ Yoast SEO plugin. -->","yoast_head_json":{"title":"Domeniile Panciu Cuvee Prestige - Vinoteca Hugo","description":"Comand\u0103 online Domeniile Panciu Cuvee Prestige de la Vinoteca Hugo! Vinuri de top pentru momente speciale.","robots":{"index":"index","follow":"follow","max-snippet":"max-snippet:-1","max-image-preview":"max-image-preview:large","max-video-preview":"max-video-preview:-1"},"canonical":"https:\/\/vinotecahugo.ro\/en\/produs\/domeniile-panciu-cuvee-prestige\/","og_locale":"en_US","og_type":"article","og_title":"Domeniile Panciu Cuvee Prestige - Vinoteca Hugo","og_description":"Comand\u0103 online Domeniile Panciu Cuvee Prestige de la Vinoteca Hugo! Vinuri de top pentru momente speciale.","og_url":"https:\/\/vinotecahugo.ro\/en\/produs\/domeniile-panciu-cuvee-prestige\/","og_site_name":"Vinoteca Hugo","article_publisher":"https:\/\/www.facebook.com\/VinotecaHugoAlbaIulia","article_modified_time":"2026-03-07T13:14:21+00:00","og_image":[{"width":600,"height":600,"url":"https:\/\/vinotecahugo.ro\/wp-content\/uploads\/2020\/07\/cuvee-prestige.jpg","type":"image\/jpeg"}],"twitter_card":"summary_large_image","twitter_misc":{"Est. reading time":"2 minutes"},"schema":{"@context":"https:\/\/schema.org","@graph":[{"@type":"WebPage","@id":"https:\/\/vinotecahugo.ro\/en\/produs\/domeniile-panciu-cuvee-prestige\/","url":"https:\/\/vinotecahugo.ro\/en\/produs\/domeniile-panciu-cuvee-prestige\/","name":"Domeniile Panciu Cuvee Prestige - Vinoteca Hugo","isPartOf":{"@id":"https:\/\/vinotecahugo.ro\/en\/#website"},"primaryImageOfPage":{"@id":"https:\/\/vinotecahugo.ro\/en\/produs\/domeniile-panciu-cuvee-prestige\/#primaryimage"},"image":{"@id":"https:\/\/vinotecahugo.ro\/en\/produs\/domeniile-panciu-cuvee-prestige\/#primaryimage"},"thumbnailUrl":"https:\/\/vinotecahugo.ro\/wp-content\/uploads\/2020\/07\/cuvee-prestige.jpg","datePublished":"2020-07-08T10:25:06+00:00","dateModified":"2026-03-07T13:14:21+00:00","description":"Comand\u0103 online Domeniile Panciu Cuvee Prestige de la Vinoteca Hugo! Vinuri de top pentru momente speciale.","breadcrumb":{"@id":"https:\/\/vinotecahugo.ro\/en\/produs\/domeniile-panciu-cuvee-prestige\/#breadcrumb"},"inLanguage":"en-US","potentialAction":[{"@type":"ReadAction","target":["https:\/\/vinotecahugo.ro\/en\/produs\/domeniile-panciu-cuvee-prestige\/"]}]},{"@type":"ImageObject","inLanguage":"en-US","@id":"https:\/\/vinotecahugo.ro\/en\/produs\/domeniile-panciu-cuvee-prestige\/#primaryimage","url":"https:\/\/vinotecahugo.ro\/wp-content\/uploads\/2020\/07\/cuvee-prestige.jpg","contentUrl":"https:\/\/vinotecahugo.ro\/wp-content\/uploads\/2020\/07\/cuvee-prestige.jpg","width":600,"height":600},{"@type":"BreadcrumbList","@id":"https:\/\/vinotecahugo.ro\/en\/produs\/domeniile-panciu-cuvee-prestige\/#breadcrumb","itemListElement":[{"@type":"ListItem","position":1,"name":"Prima pagin\u0103","item":"https:\/\/vinotecahugo.ro\/en\/"},{"@type":"ListItem","position":2,"name":"Magazin","item":"https:\/\/vinotecahugo.ro\/magazin\/"},{"@type":"ListItem","position":3,"name":"Domeniile Panciu Cuvee Prestige"}]},{"@type":"WebSite","@id":"https:\/\/vinotecahugo.ro\/en\/#website","url":"https:\/\/vinotecahugo.ro\/en\/","name":"Vinoteca Hugo","description":"vinotec\u0103 cu o colec\u021bie de peste 5000 de sticle de vin","publisher":{"@id":"https:\/\/vinotecahugo.ro\/en\/#organization"},"potentialAction":[{"@type":"SearchAction","target":{"@type":"EntryPoint","urlTemplate":"https:\/\/vinotecahugo.ro\/en\/?s={search_term_string}"},"query-input":{"@type":"PropertyValueSpecification","valueRequired":true,"valueName":"search_term_string"}}],"inLanguage":"en-US"},{"@type":"Organization","@id":"https:\/\/vinotecahugo.ro\/en\/#organization","name":"Vinoteca Hugo","url":"https:\/\/vinotecahugo.ro\/en\/","logo":{"@type":"ImageObject","inLanguage":"en-US","@id":"https:\/\/vinotecahugo.ro\/en\/#\/schema\/logo\/image\/","url":"https:\/\/vinotecahugo.ro\/wp-content\/uploads\/2020\/04\/logo-vinoteca-hugo-160-120..jpg","contentUrl":"https:\/\/vinotecahugo.ro\/wp-content\/uploads\/2020\/04\/logo-vinoteca-hugo-160-120..jpg","width":160,"height":120,"caption":"Vinoteca Hugo"},"image":{"@id":"https:\/\/vinotecahugo.ro\/en\/#\/schema\/logo\/image\/"},"sameAs":["https:\/\/www.facebook.com\/VinotecaHugoAlbaIulia","https:\/\/www.instagram.com\/vinoteca_hugo\/","https:\/\/www.youtube.com\/channel\/UCpprt6bjcY4i-6P9WM-466g"]}]}},"_links":{"self":[{"href":"https:\/\/vinotecahugo.ro\/en\/wp-json\/wp\/v2\/product\/16377","targetHints":{"allow":["GET"]}}],"collection":[{"href":"https:\/\/vinotecahugo.ro\/en\/wp-json\/wp\/v2\/product"}],"about":[{"href":"https:\/\/vinotecahugo.ro\/en\/wp-json\/wp\/v2\/types\/product"}],"replies":[{"embeddable":true,"href":"https:\/\/vinotecahugo.ro\/en\/wp-json\/wp\/v2\/comments?post=16377"}],"wp:featuredmedia":[{"embeddable":true,"href":"https:\/\/vinotecahugo.ro\/en\/wp-json\/wp\/v2\/media\/16379"}],"wp:attachment":[{"href":"https:\/\/vinotecahugo.ro\/en\/wp-json\/wp\/v2\/media?parent=16377"}],"wp:term":[{"taxonomy":"product_brand","embeddable":true,"href":"https:\/\/vinotecahugo.ro\/en\/wp-json\/wp\/v2\/product_brand?post=16377"},{"taxonomy":"product_cat","embeddable":true,"href":"https:\/\/vinotecahugo.ro\/en\/wp-json\/wp\/v2\/product_cat?post=16377"},{"taxonomy":"product_tag","embeddable":true,"href":"https:\/\/vinotecahugo.ro\/en\/wp-json\/wp\/v2\/product_tag?post=16377"}],"curies":[{"name":"wp","href":"https:\/\/api.w.org\/{rel}","templated":true}]}}