{"id":16366,"date":"2020-07-08T10:44:34","date_gmt":"2020-07-08T07:44:34","guid":{"rendered":"https:\/\/vinotecahugo.ro\/?post_type=product&#038;p=16366"},"modified":"2026-03-07T15:14:21","modified_gmt":"2026-03-07T13:14:21","slug":"domeniile-panciu-blancs-de-blancs","status":"publish","type":"product","link":"https:\/\/vinotecahugo.ro\/en\/produs\/domeniile-panciu-blancs-de-blancs\/","title":{"rendered":"Domeniile Panciu Blancs de Blancs"},"content":{"rendered":"<div class=\"video-shortcode\"><iframe title=\"Casa Panciu\" width=\"1100\" height=\"619\" src=\"https:\/\/www.youtube.com\/embed\/PYf8YX2rQFk?feature=oembed\" frameborder=\"0\" allow=\"accelerometer; autoplay; encrypted-media; gyroscope; picture-in-picture\" allowfullscreen><\/iframe><\/div>\n<p><strong>Domeniile Panciu Blancs de Blancs<\/strong><\/p>\n<p>Spumantele produse in stilul Blanc de Blancs sunt\u00a0 catalogate drept cele mai fructat \u015fi fin dintre toate vinurile efervescente fabricate prin metoda clasica. Dac\u0103 tradi\u0163ional un vin spumant este produs din cupaje de soiuri specifice albe \u015fi ro\u015fii, atunci Blanc de Blancs are la baz\u0103 doar vinuri din struguri albi. Domeniile Panciu Blanc de Blancs\u00a0 a fost produs <strong>sut\u0103 la sut\u0103 din soiul Chardonnay.<\/strong> Datorit\u0103 terroir-ului podgoriei vinul materie prim\u0103 a dezvoltat un <strong>caracter fructat<\/strong>\u00a0specific soiului, intensificat de aciditatea ridicat\u0103.<\/p>\n<p class=\"despreNoiPage__text despreNoiPage__text--mode\">Din 2009 Domeniile Panciu sunt inima \u015fi sufletul vinurilor provenite din cele peste 120 hectare de vi\u0163\u0103 de vie situate \u00een aceast\u0103 zon\u0103. Am pornit la drum cu o misiune care de-a lungul anilor a stat la baza activit\u0103\u0163ilor \u015fi deciziilor luate:\u00a0<b>Fabricarea unui produs Natural de Calitate Rom\u00e2nesc prin valorificarea continu\u0103 a poten\u0163ialului podgoriei Panciu.<\/b>\u00a0Astfel munca grea \u015fi dedicat\u0103 a echipei se fructific\u0103 prin prezen\u0163a pe pia\u0163a a unui portofoliu ce cuprinde vinuri lini\u015ftite albe, roze \u015fi ro\u015fii, frizzante, \u015fi spumante, toate \u00eencadrate \u00een 3 game: Domeniile Panciu, Panciu Riserva \u015fi Casa Panciu.<\/p>\n<p>Mai multe informatii despre acest producator gasiti <a href=\"https:\/\/domeniilepanciu.ro\/\">AICI<\/a>.<\/p>\n<p>Pentru programul de degustari si oferte personalizate te invitam sa devii membrul clubului Vinoteca Hugo. Pentru mai multe informatii fa click <a href=\"https:\/\/vinotecahugo.ro\/evenimente\/\">AICI.<\/a><\/p>\n<p>&nbsp;<\/p>\n","protected":false},"excerpt":{"rendered":"<div class=\"vivino-widget vivino-wine-card-widget\" data-vivino-widget-type=\"wine\" data-vivino-vintage-id=\"150879272\" data-vivino-user-id=\"8551400\" data-vivino-widget-language=\"en\" data-vivino-widget-layout=\"medium\"><a href=\"https:\/\/www.vivino.com\/panciu-blanc-de-blancs-brut-classic-method\/w\/5236815\" target=\"_blank\" rel=\"noopener noreferrer\">Domeniile Panciu Blanc de Blancs Brut on Vivino<\/a><\/div>\n<p>Fermentarea la sticl\u0103 \u015fi maturarea tip de minim 30 luni pe drojdie ne aduc \u00een pahare o culoare galben pai verzuie cu arome de flori albe de c\u00e2mp, coaj\u0103 de p\u00e2ine proasp\u0103t\u0103, citrice \u015fi discrete note minerale. \u00cen gustul complex, proasp\u0103t \u015fi echilibrat reg\u0103sim un mix de nuan\u0163e de mere verzi, pere asiatice, pomelo \u015fi nuci pr\u0103jite. Postgust catifelat cu note untoase de mascarpone pe fundal.<\/p>\n<p>Spumantul Domeniile Panciu Blanc de Blancs vine ca o asociere perfect\u0103 pentru cele mai sofisticate farfurii din categoria fine dining care au la baz\u0103 produsele de mare ca stridiile, caviarul auriu de ceg\u0103, ca\u015fcavaluri cremoase Brie \u015fi Brillat Savarin. Completare ideal\u0103 pentru specialit\u0103\u0163i rafinate ca homarul sau sushi nigiri cu ton.<\/p>\n","protected":false},"featured_media":16369,"comment_status":"open","ping_status":"closed","template":"","meta":[],"product_brand":[],"product_cat":[882,145],"product_tag":[697,394,693,564],"class_list":{"0":"post-16366","1":"product","2":"type-product","3":"status-publish","4":"has-post-thumbnail","6":"product_cat-vin-alb","7":"product_cat-vinuri-romanesti","8":"product_tag-blanc-de-blancs","9":"product_tag-chardonnay","10":"product_tag-domeniile-panciu","11":"product_tag-vin-spumant-clasic","13":"first","14":"instock","15":"taxable","16":"shipping-taxable","17":"purchasable","18":"product-type-simple"},"yoast_head":"<!-- This site is optimized with the Yoast SEO plugin v24.6 - https:\/\/yoast.com\/wordpress\/plugins\/seo\/ -->\n<title>Domeniile Panciu Blancs de Blancs - Vinoteca Hugo<\/title>\n<meta name=\"description\" content=\"Comand\u0103 online Domeniile Panciu Blancs de Blancs de la Vinoteca Hugo! Vinuri de top pentru momente speciale.\" \/>\n<meta name=\"robots\" content=\"index, follow, max-snippet:-1, max-image-preview:large, max-video-preview:-1\" \/>\n<link rel=\"canonical\" href=\"https:\/\/vinotecahugo.ro\/en\/produs\/domeniile-panciu-blancs-de-blancs\/\" \/>\n<meta property=\"og:locale\" content=\"en_US\" \/>\n<meta property=\"og:type\" content=\"article\" \/>\n<meta property=\"og:title\" content=\"Domeniile Panciu Blancs de Blancs - Vinoteca Hugo\" \/>\n<meta property=\"og:description\" content=\"Comand\u0103 online Domeniile Panciu Blancs de Blancs de la Vinoteca Hugo! Vinuri de top pentru momente speciale.\" \/>\n<meta property=\"og:url\" content=\"https:\/\/vinotecahugo.ro\/en\/produs\/domeniile-panciu-blancs-de-blancs\/\" \/>\n<meta property=\"og:site_name\" content=\"Vinoteca Hugo\" \/>\n<meta property=\"article:publisher\" content=\"https:\/\/www.facebook.com\/VinotecaHugoAlbaIulia\" \/>\n<meta property=\"article:modified_time\" content=\"2026-03-07T13:14:21+00:00\" \/>\n<meta property=\"og:image\" content=\"https:\/\/vinotecahugo.ro\/wp-content\/uploads\/2020\/07\/blanc-de-blancs.jpg\" \/>\n\t<meta property=\"og:image:width\" content=\"600\" \/>\n\t<meta property=\"og:image:height\" content=\"600\" \/>\n\t<meta property=\"og:image:type\" content=\"image\/jpeg\" \/>\n<meta name=\"twitter:card\" content=\"summary_large_image\" \/>\n<meta name=\"twitter:label1\" content=\"Est. reading time\" \/>\n\t<meta name=\"twitter:data1\" content=\"2 minutes\" \/>\n<script type=\"application\/ld+json\" class=\"yoast-schema-graph\">{\"@context\":\"https:\/\/schema.org\",\"@graph\":[{\"@type\":\"WebPage\",\"@id\":\"https:\/\/vinotecahugo.ro\/en\/produs\/domeniile-panciu-blancs-de-blancs\/\",\"url\":\"https:\/\/vinotecahugo.ro\/en\/produs\/domeniile-panciu-blancs-de-blancs\/\",\"name\":\"Domeniile Panciu Blancs de Blancs - Vinoteca Hugo\",\"isPartOf\":{\"@id\":\"https:\/\/vinotecahugo.ro\/en\/#website\"},\"primaryImageOfPage\":{\"@id\":\"https:\/\/vinotecahugo.ro\/en\/produs\/domeniile-panciu-blancs-de-blancs\/#primaryimage\"},\"image\":{\"@id\":\"https:\/\/vinotecahugo.ro\/en\/produs\/domeniile-panciu-blancs-de-blancs\/#primaryimage\"},\"thumbnailUrl\":\"https:\/\/vinotecahugo.ro\/wp-content\/uploads\/2020\/07\/blanc-de-blancs.jpg\",\"datePublished\":\"2020-07-08T07:44:34+00:00\",\"dateModified\":\"2026-03-07T13:14:21+00:00\",\"description\":\"Comand\u0103 online Domeniile Panciu Blancs de Blancs de la Vinoteca Hugo! Vinuri de top pentru momente speciale.\",\"breadcrumb\":{\"@id\":\"https:\/\/vinotecahugo.ro\/en\/produs\/domeniile-panciu-blancs-de-blancs\/#breadcrumb\"},\"inLanguage\":\"en-US\",\"potentialAction\":[{\"@type\":\"ReadAction\",\"target\":[\"https:\/\/vinotecahugo.ro\/en\/produs\/domeniile-panciu-blancs-de-blancs\/\"]}]},{\"@type\":\"ImageObject\",\"inLanguage\":\"en-US\",\"@id\":\"https:\/\/vinotecahugo.ro\/en\/produs\/domeniile-panciu-blancs-de-blancs\/#primaryimage\",\"url\":\"https:\/\/vinotecahugo.ro\/wp-content\/uploads\/2020\/07\/blanc-de-blancs.jpg\",\"contentUrl\":\"https:\/\/vinotecahugo.ro\/wp-content\/uploads\/2020\/07\/blanc-de-blancs.jpg\",\"width\":600,\"height\":600},{\"@type\":\"BreadcrumbList\",\"@id\":\"https:\/\/vinotecahugo.ro\/en\/produs\/domeniile-panciu-blancs-de-blancs\/#breadcrumb\",\"itemListElement\":[{\"@type\":\"ListItem\",\"position\":1,\"name\":\"Prima pagin\u0103\",\"item\":\"https:\/\/vinotecahugo.ro\/en\/\"},{\"@type\":\"ListItem\",\"position\":2,\"name\":\"Magazin\",\"item\":\"https:\/\/vinotecahugo.ro\/magazin\/\"},{\"@type\":\"ListItem\",\"position\":3,\"name\":\"Domeniile Panciu Blancs de Blancs\"}]},{\"@type\":\"WebSite\",\"@id\":\"https:\/\/vinotecahugo.ro\/en\/#website\",\"url\":\"https:\/\/vinotecahugo.ro\/en\/\",\"name\":\"Vinoteca Hugo\",\"description\":\"vinotec\u0103 cu o colec\u021bie de peste 5000 de sticle de vin\",\"publisher\":{\"@id\":\"https:\/\/vinotecahugo.ro\/en\/#organization\"},\"potentialAction\":[{\"@type\":\"SearchAction\",\"target\":{\"@type\":\"EntryPoint\",\"urlTemplate\":\"https:\/\/vinotecahugo.ro\/en\/?s={search_term_string}\"},\"query-input\":{\"@type\":\"PropertyValueSpecification\",\"valueRequired\":true,\"valueName\":\"search_term_string\"}}],\"inLanguage\":\"en-US\"},{\"@type\":\"Organization\",\"@id\":\"https:\/\/vinotecahugo.ro\/en\/#organization\",\"name\":\"Vinoteca Hugo\",\"url\":\"https:\/\/vinotecahugo.ro\/en\/\",\"logo\":{\"@type\":\"ImageObject\",\"inLanguage\":\"en-US\",\"@id\":\"https:\/\/vinotecahugo.ro\/en\/#\/schema\/logo\/image\/\",\"url\":\"https:\/\/vinotecahugo.ro\/wp-content\/uploads\/2020\/04\/logo-vinoteca-hugo-160-120..jpg\",\"contentUrl\":\"https:\/\/vinotecahugo.ro\/wp-content\/uploads\/2020\/04\/logo-vinoteca-hugo-160-120..jpg\",\"width\":160,\"height\":120,\"caption\":\"Vinoteca Hugo\"},\"image\":{\"@id\":\"https:\/\/vinotecahugo.ro\/en\/#\/schema\/logo\/image\/\"},\"sameAs\":[\"https:\/\/www.facebook.com\/VinotecaHugoAlbaIulia\",\"https:\/\/www.instagram.com\/vinoteca_hugo\/\",\"https:\/\/www.youtube.com\/channel\/UCpprt6bjcY4i-6P9WM-466g\"]}]}<\/script>\n<!-- \/ Yoast SEO plugin. -->","yoast_head_json":{"title":"Domeniile Panciu Blancs de Blancs - Vinoteca Hugo","description":"Comand\u0103 online Domeniile Panciu Blancs de Blancs de la Vinoteca Hugo! Vinuri de top pentru momente speciale.","robots":{"index":"index","follow":"follow","max-snippet":"max-snippet:-1","max-image-preview":"max-image-preview:large","max-video-preview":"max-video-preview:-1"},"canonical":"https:\/\/vinotecahugo.ro\/en\/produs\/domeniile-panciu-blancs-de-blancs\/","og_locale":"en_US","og_type":"article","og_title":"Domeniile Panciu Blancs de Blancs - Vinoteca Hugo","og_description":"Comand\u0103 online Domeniile Panciu Blancs de Blancs de la Vinoteca Hugo! Vinuri de top pentru momente speciale.","og_url":"https:\/\/vinotecahugo.ro\/en\/produs\/domeniile-panciu-blancs-de-blancs\/","og_site_name":"Vinoteca Hugo","article_publisher":"https:\/\/www.facebook.com\/VinotecaHugoAlbaIulia","article_modified_time":"2026-03-07T13:14:21+00:00","og_image":[{"width":600,"height":600,"url":"https:\/\/vinotecahugo.ro\/wp-content\/uploads\/2020\/07\/blanc-de-blancs.jpg","type":"image\/jpeg"}],"twitter_card":"summary_large_image","twitter_misc":{"Est. reading time":"2 minutes"},"schema":{"@context":"https:\/\/schema.org","@graph":[{"@type":"WebPage","@id":"https:\/\/vinotecahugo.ro\/en\/produs\/domeniile-panciu-blancs-de-blancs\/","url":"https:\/\/vinotecahugo.ro\/en\/produs\/domeniile-panciu-blancs-de-blancs\/","name":"Domeniile Panciu Blancs de Blancs - Vinoteca Hugo","isPartOf":{"@id":"https:\/\/vinotecahugo.ro\/en\/#website"},"primaryImageOfPage":{"@id":"https:\/\/vinotecahugo.ro\/en\/produs\/domeniile-panciu-blancs-de-blancs\/#primaryimage"},"image":{"@id":"https:\/\/vinotecahugo.ro\/en\/produs\/domeniile-panciu-blancs-de-blancs\/#primaryimage"},"thumbnailUrl":"https:\/\/vinotecahugo.ro\/wp-content\/uploads\/2020\/07\/blanc-de-blancs.jpg","datePublished":"2020-07-08T07:44:34+00:00","dateModified":"2026-03-07T13:14:21+00:00","description":"Comand\u0103 online Domeniile Panciu Blancs de Blancs de la Vinoteca Hugo! Vinuri de top pentru momente speciale.","breadcrumb":{"@id":"https:\/\/vinotecahugo.ro\/en\/produs\/domeniile-panciu-blancs-de-blancs\/#breadcrumb"},"inLanguage":"en-US","potentialAction":[{"@type":"ReadAction","target":["https:\/\/vinotecahugo.ro\/en\/produs\/domeniile-panciu-blancs-de-blancs\/"]}]},{"@type":"ImageObject","inLanguage":"en-US","@id":"https:\/\/vinotecahugo.ro\/en\/produs\/domeniile-panciu-blancs-de-blancs\/#primaryimage","url":"https:\/\/vinotecahugo.ro\/wp-content\/uploads\/2020\/07\/blanc-de-blancs.jpg","contentUrl":"https:\/\/vinotecahugo.ro\/wp-content\/uploads\/2020\/07\/blanc-de-blancs.jpg","width":600,"height":600},{"@type":"BreadcrumbList","@id":"https:\/\/vinotecahugo.ro\/en\/produs\/domeniile-panciu-blancs-de-blancs\/#breadcrumb","itemListElement":[{"@type":"ListItem","position":1,"name":"Prima pagin\u0103","item":"https:\/\/vinotecahugo.ro\/en\/"},{"@type":"ListItem","position":2,"name":"Magazin","item":"https:\/\/vinotecahugo.ro\/magazin\/"},{"@type":"ListItem","position":3,"name":"Domeniile Panciu Blancs de Blancs"}]},{"@type":"WebSite","@id":"https:\/\/vinotecahugo.ro\/en\/#website","url":"https:\/\/vinotecahugo.ro\/en\/","name":"Vinoteca Hugo","description":"vinotec\u0103 cu o colec\u021bie de peste 5000 de sticle de vin","publisher":{"@id":"https:\/\/vinotecahugo.ro\/en\/#organization"},"potentialAction":[{"@type":"SearchAction","target":{"@type":"EntryPoint","urlTemplate":"https:\/\/vinotecahugo.ro\/en\/?s={search_term_string}"},"query-input":{"@type":"PropertyValueSpecification","valueRequired":true,"valueName":"search_term_string"}}],"inLanguage":"en-US"},{"@type":"Organization","@id":"https:\/\/vinotecahugo.ro\/en\/#organization","name":"Vinoteca Hugo","url":"https:\/\/vinotecahugo.ro\/en\/","logo":{"@type":"ImageObject","inLanguage":"en-US","@id":"https:\/\/vinotecahugo.ro\/en\/#\/schema\/logo\/image\/","url":"https:\/\/vinotecahugo.ro\/wp-content\/uploads\/2020\/04\/logo-vinoteca-hugo-160-120..jpg","contentUrl":"https:\/\/vinotecahugo.ro\/wp-content\/uploads\/2020\/04\/logo-vinoteca-hugo-160-120..jpg","width":160,"height":120,"caption":"Vinoteca Hugo"},"image":{"@id":"https:\/\/vinotecahugo.ro\/en\/#\/schema\/logo\/image\/"},"sameAs":["https:\/\/www.facebook.com\/VinotecaHugoAlbaIulia","https:\/\/www.instagram.com\/vinoteca_hugo\/","https:\/\/www.youtube.com\/channel\/UCpprt6bjcY4i-6P9WM-466g"]}]}},"_links":{"self":[{"href":"https:\/\/vinotecahugo.ro\/en\/wp-json\/wp\/v2\/product\/16366","targetHints":{"allow":["GET"]}}],"collection":[{"href":"https:\/\/vinotecahugo.ro\/en\/wp-json\/wp\/v2\/product"}],"about":[{"href":"https:\/\/vinotecahugo.ro\/en\/wp-json\/wp\/v2\/types\/product"}],"replies":[{"embeddable":true,"href":"https:\/\/vinotecahugo.ro\/en\/wp-json\/wp\/v2\/comments?post=16366"}],"wp:featuredmedia":[{"embeddable":true,"href":"https:\/\/vinotecahugo.ro\/en\/wp-json\/wp\/v2\/media\/16369"}],"wp:attachment":[{"href":"https:\/\/vinotecahugo.ro\/en\/wp-json\/wp\/v2\/media?parent=16366"}],"wp:term":[{"taxonomy":"product_brand","embeddable":true,"href":"https:\/\/vinotecahugo.ro\/en\/wp-json\/wp\/v2\/product_brand?post=16366"},{"taxonomy":"product_cat","embeddable":true,"href":"https:\/\/vinotecahugo.ro\/en\/wp-json\/wp\/v2\/product_cat?post=16366"},{"taxonomy":"product_tag","embeddable":true,"href":"https:\/\/vinotecahugo.ro\/en\/wp-json\/wp\/v2\/product_tag?post=16366"}],"curies":[{"name":"wp","href":"https:\/\/api.w.org\/{rel}","templated":true}]}}