{"id":16361,"date":"2020-07-07T15:49:17","date_gmt":"2020-07-07T12:49:17","guid":{"rendered":"https:\/\/vinotecahugo.ro\/?post_type=product&#038;p=16361"},"modified":"2025-12-17T15:46:40","modified_gmt":"2025-12-17T13:46:40","slug":"carastelec-carassia-blanc-de-blancs","status":"publish","type":"product","link":"https:\/\/vinotecahugo.ro\/en\/produs\/carastelec-carassia-blanc-de-blancs\/","title":{"rendered":"Carastelec CARASSIA Blanc de Blancs"},"content":{"rendered":"<div class=\"video-shortcode\"><iframe title=\"The sparkling terroir\" width=\"1100\" height=\"619\" src=\"https:\/\/www.youtube.com\/embed\/v4Z3NnTN7yQ?feature=oembed\" frameborder=\"0\" allow=\"accelerometer; autoplay; encrypted-media; gyroscope; picture-in-picture\" allowfullscreen><\/iframe><\/div>\n<p><strong>Carastelec CARASSIA Blanc de Blancs <\/strong><\/p>\n<p>Vinurile spumante din protofoliul cramei Carastelec sunt produse exclusiv prin metoda tradi\u021bional\u0103, champenoise, adic\u0103 prin maturare \u00een sticl\u0103, \u00een cazul spumantelor CARASSIA prin maturare \u00eendelungat\u0103 de minim dou\u0103zeci de luni, folosind soiuri tradi\u021bionale. \u00centreg procesul de vinificare, \u00eencep\u00e2nd cu prima \u0219i a doua fermentare, trec\u00e2nd prin degorjare, p\u00e2n\u0103 la \u00eembuteliere \u0219i etichetare, sunt efectuate \u00een propria cram\u0103 cu cele mai moderne echipamente.<\/p>\n<p>Mai multe informatii despre acest producator gasiti <a href=\"https:\/\/www.carastelecwinery.com\/ro\/ez-egy-minta-oldal-3\/\" target=\"_blank\" rel=\"noopener\">AICI<\/a>.<\/p>\n<p>Pentru programul de degustari si oferte personalizate te invitam sa devii membrul clubului Vinoteca Hugo. Pentru mai multe informatii fa click <a href=\"https:\/\/vinotecahugo.ro\/evenimente\/\">AICI.<\/a><\/p>\n<p>&nbsp;<\/p>\n","protected":false},"excerpt":{"rendered":"<div class=\"vivino-widget vivino-wine-card-widget\" data-vivino-widget-type=\"wine\" data-vivino-vintage-id=\"153113119\" data-vivino-user-id=\"8551400\" data-vivino-widget-language=\"en\" data-vivino-widget-layout=\"medium\"><a href=\"https:\/\/www.vivino.com\/carassia-blanc-de-blanc-brut\/w\/5550364\" target=\"_blank\" rel=\"noopener noreferrer\">Carassia Blanc de Blanc Brut on Vivino<\/a><\/div>\n<p><strong>Carastelec CARASSIA Blanc de Blancs<\/strong>\u00a0are o culoare galben pai elegant\u0103, mousse fin \u0219i note autolitice pronun\u021bate. Aceste note specifice autolizei provin din perioada extins\u0103 de 22 de luni de maturare \u00een sticl\u0103. Notele elegante de brio\u0219\u0103, drojdie \u0219i cremozitatea vinului se combin\u0103 \u0219i se completeaz\u0103 cu prospe\u021bimea aromelor de fructe proaspete, arome fine de citrice, pere, mere, piersici, fiind sus\u021binute de aciditatea vinului \u0219i echilibrate cu dozajul. Perlajul fin \u0219i persistent \u00eenv\u0103luie palatul \u0219i dau elegan\u021b\u0103 vinului nu doar vizual ci \u0219i prin textura fin\u0103 care le ofer\u0103. Postgust persistent cu note de fructe \u0219i flori albe. Structur\u0103 armonioas\u0103, echilibru perfect \u00eentre prospe\u021bime \u0219i maturitate.<\/p>\n<p>Asocieri culinare: branza de capra proaspata, sparanghel, sushi, peste, foie gras, paste si carne cu sosuri pe baza de unt.<\/p>\n","protected":false},"featured_media":16364,"comment_status":"open","ping_status":"closed","template":"","meta":[],"product_brand":[],"product_cat":[882,145],"product_tag":[563,562,368,564],"class_list":{"0":"post-16361","1":"product","2":"type-product","3":"status-publish","4":"has-post-thumbnail","6":"product_cat-vin-alb","7":"product_cat-vinuri-romanesti","8":"product_tag-carassia-rose","9":"product_tag-carastelec","10":"product_tag-pinot-noir","11":"product_tag-vin-spumant-clasic","13":"first","14":"outofstock","15":"taxable","16":"shipping-taxable","17":"purchasable","18":"product-type-simple"},"yoast_head":"<!-- This site is optimized with the Yoast SEO plugin v24.6 - https:\/\/yoast.com\/wordpress\/plugins\/seo\/ -->\n<title>Carastelec CARASSIA Blanc de Blancs - Vinoteca Hugo<\/title>\n<meta name=\"description\" content=\"Comand\u0103 online Carastelec CARASSIA Blanc de Blancs de la Vinoteca Hugo! Vinuri de top pentru momente speciale.\" \/>\n<meta name=\"robots\" content=\"index, follow, max-snippet:-1, max-image-preview:large, max-video-preview:-1\" \/>\n<link rel=\"canonical\" href=\"https:\/\/vinotecahugo.ro\/en\/produs\/carastelec-carassia-blanc-de-blancs\/\" \/>\n<meta property=\"og:locale\" content=\"en_US\" \/>\n<meta property=\"og:type\" content=\"article\" \/>\n<meta property=\"og:title\" content=\"Carastelec CARASSIA Blanc de Blancs - Vinoteca Hugo\" \/>\n<meta property=\"og:description\" content=\"Comand\u0103 online Carastelec CARASSIA Blanc de Blancs de la Vinoteca Hugo! Vinuri de top pentru momente speciale.\" \/>\n<meta property=\"og:url\" content=\"https:\/\/vinotecahugo.ro\/en\/produs\/carastelec-carassia-blanc-de-blancs\/\" \/>\n<meta property=\"og:site_name\" content=\"Vinoteca Hugo\" \/>\n<meta property=\"article:publisher\" content=\"https:\/\/www.facebook.com\/VinotecaHugoAlbaIulia\" \/>\n<meta property=\"article:modified_time\" content=\"2025-12-17T13:46:40+00:00\" \/>\n<meta property=\"og:image\" content=\"https:\/\/vinotecahugo.ro\/wp-content\/uploads\/2020\/07\/carassia-blanc-de-blancs-brut.jpg\" \/>\n\t<meta property=\"og:image:width\" content=\"600\" \/>\n\t<meta property=\"og:image:height\" content=\"600\" \/>\n\t<meta property=\"og:image:type\" content=\"image\/jpeg\" \/>\n<meta name=\"twitter:card\" content=\"summary_large_image\" \/>\n<meta name=\"twitter:label1\" content=\"Est. reading time\" \/>\n\t<meta name=\"twitter:data1\" content=\"1 minute\" \/>\n<script type=\"application\/ld+json\" class=\"yoast-schema-graph\">{\"@context\":\"https:\/\/schema.org\",\"@graph\":[{\"@type\":\"WebPage\",\"@id\":\"https:\/\/vinotecahugo.ro\/en\/produs\/carastelec-carassia-blanc-de-blancs\/\",\"url\":\"https:\/\/vinotecahugo.ro\/en\/produs\/carastelec-carassia-blanc-de-blancs\/\",\"name\":\"Carastelec CARASSIA Blanc de Blancs - Vinoteca Hugo\",\"isPartOf\":{\"@id\":\"https:\/\/vinotecahugo.ro\/en\/#website\"},\"primaryImageOfPage\":{\"@id\":\"https:\/\/vinotecahugo.ro\/en\/produs\/carastelec-carassia-blanc-de-blancs\/#primaryimage\"},\"image\":{\"@id\":\"https:\/\/vinotecahugo.ro\/en\/produs\/carastelec-carassia-blanc-de-blancs\/#primaryimage\"},\"thumbnailUrl\":\"https:\/\/vinotecahugo.ro\/wp-content\/uploads\/2020\/07\/carassia-blanc-de-blancs-brut.jpg\",\"datePublished\":\"2020-07-07T12:49:17+00:00\",\"dateModified\":\"2025-12-17T13:46:40+00:00\",\"description\":\"Comand\u0103 online Carastelec CARASSIA Blanc de Blancs de la Vinoteca Hugo! Vinuri de top pentru momente speciale.\",\"breadcrumb\":{\"@id\":\"https:\/\/vinotecahugo.ro\/en\/produs\/carastelec-carassia-blanc-de-blancs\/#breadcrumb\"},\"inLanguage\":\"en-US\",\"potentialAction\":[{\"@type\":\"ReadAction\",\"target\":[\"https:\/\/vinotecahugo.ro\/en\/produs\/carastelec-carassia-blanc-de-blancs\/\"]}]},{\"@type\":\"ImageObject\",\"inLanguage\":\"en-US\",\"@id\":\"https:\/\/vinotecahugo.ro\/en\/produs\/carastelec-carassia-blanc-de-blancs\/#primaryimage\",\"url\":\"https:\/\/vinotecahugo.ro\/wp-content\/uploads\/2020\/07\/carassia-blanc-de-blancs-brut.jpg\",\"contentUrl\":\"https:\/\/vinotecahugo.ro\/wp-content\/uploads\/2020\/07\/carassia-blanc-de-blancs-brut.jpg\",\"width\":600,\"height\":600},{\"@type\":\"BreadcrumbList\",\"@id\":\"https:\/\/vinotecahugo.ro\/en\/produs\/carastelec-carassia-blanc-de-blancs\/#breadcrumb\",\"itemListElement\":[{\"@type\":\"ListItem\",\"position\":1,\"name\":\"Prima pagin\u0103\",\"item\":\"https:\/\/vinotecahugo.ro\/en\/\"},{\"@type\":\"ListItem\",\"position\":2,\"name\":\"Magazin\",\"item\":\"https:\/\/vinotecahugo.ro\/magazin\/\"},{\"@type\":\"ListItem\",\"position\":3,\"name\":\"Carastelec CARASSIA Blanc de Blancs\"}]},{\"@type\":\"WebSite\",\"@id\":\"https:\/\/vinotecahugo.ro\/en\/#website\",\"url\":\"https:\/\/vinotecahugo.ro\/en\/\",\"name\":\"Vinoteca Hugo\",\"description\":\"vinotec\u0103 cu o colec\u021bie de peste 5000 de sticle de vin\",\"publisher\":{\"@id\":\"https:\/\/vinotecahugo.ro\/en\/#organization\"},\"potentialAction\":[{\"@type\":\"SearchAction\",\"target\":{\"@type\":\"EntryPoint\",\"urlTemplate\":\"https:\/\/vinotecahugo.ro\/en\/?s={search_term_string}\"},\"query-input\":{\"@type\":\"PropertyValueSpecification\",\"valueRequired\":true,\"valueName\":\"search_term_string\"}}],\"inLanguage\":\"en-US\"},{\"@type\":\"Organization\",\"@id\":\"https:\/\/vinotecahugo.ro\/en\/#organization\",\"name\":\"Vinoteca Hugo\",\"url\":\"https:\/\/vinotecahugo.ro\/en\/\",\"logo\":{\"@type\":\"ImageObject\",\"inLanguage\":\"en-US\",\"@id\":\"https:\/\/vinotecahugo.ro\/en\/#\/schema\/logo\/image\/\",\"url\":\"https:\/\/vinotecahugo.ro\/wp-content\/uploads\/2020\/04\/logo-vinoteca-hugo-160-120..jpg\",\"contentUrl\":\"https:\/\/vinotecahugo.ro\/wp-content\/uploads\/2020\/04\/logo-vinoteca-hugo-160-120..jpg\",\"width\":160,\"height\":120,\"caption\":\"Vinoteca Hugo\"},\"image\":{\"@id\":\"https:\/\/vinotecahugo.ro\/en\/#\/schema\/logo\/image\/\"},\"sameAs\":[\"https:\/\/www.facebook.com\/VinotecaHugoAlbaIulia\",\"https:\/\/www.instagram.com\/vinoteca_hugo\/\",\"https:\/\/www.youtube.com\/channel\/UCpprt6bjcY4i-6P9WM-466g\"]}]}<\/script>\n<!-- \/ Yoast SEO plugin. -->","yoast_head_json":{"title":"Carastelec CARASSIA Blanc de Blancs - Vinoteca Hugo","description":"Comand\u0103 online Carastelec CARASSIA Blanc de Blancs de la Vinoteca Hugo! Vinuri de top pentru momente speciale.","robots":{"index":"index","follow":"follow","max-snippet":"max-snippet:-1","max-image-preview":"max-image-preview:large","max-video-preview":"max-video-preview:-1"},"canonical":"https:\/\/vinotecahugo.ro\/en\/produs\/carastelec-carassia-blanc-de-blancs\/","og_locale":"en_US","og_type":"article","og_title":"Carastelec CARASSIA Blanc de Blancs - Vinoteca Hugo","og_description":"Comand\u0103 online Carastelec CARASSIA Blanc de Blancs de la Vinoteca Hugo! Vinuri de top pentru momente speciale.","og_url":"https:\/\/vinotecahugo.ro\/en\/produs\/carastelec-carassia-blanc-de-blancs\/","og_site_name":"Vinoteca Hugo","article_publisher":"https:\/\/www.facebook.com\/VinotecaHugoAlbaIulia","article_modified_time":"2025-12-17T13:46:40+00:00","og_image":[{"width":600,"height":600,"url":"https:\/\/vinotecahugo.ro\/wp-content\/uploads\/2020\/07\/carassia-blanc-de-blancs-brut.jpg","type":"image\/jpeg"}],"twitter_card":"summary_large_image","twitter_misc":{"Est. reading time":"1 minute"},"schema":{"@context":"https:\/\/schema.org","@graph":[{"@type":"WebPage","@id":"https:\/\/vinotecahugo.ro\/en\/produs\/carastelec-carassia-blanc-de-blancs\/","url":"https:\/\/vinotecahugo.ro\/en\/produs\/carastelec-carassia-blanc-de-blancs\/","name":"Carastelec CARASSIA Blanc de Blancs - Vinoteca Hugo","isPartOf":{"@id":"https:\/\/vinotecahugo.ro\/en\/#website"},"primaryImageOfPage":{"@id":"https:\/\/vinotecahugo.ro\/en\/produs\/carastelec-carassia-blanc-de-blancs\/#primaryimage"},"image":{"@id":"https:\/\/vinotecahugo.ro\/en\/produs\/carastelec-carassia-blanc-de-blancs\/#primaryimage"},"thumbnailUrl":"https:\/\/vinotecahugo.ro\/wp-content\/uploads\/2020\/07\/carassia-blanc-de-blancs-brut.jpg","datePublished":"2020-07-07T12:49:17+00:00","dateModified":"2025-12-17T13:46:40+00:00","description":"Comand\u0103 online Carastelec CARASSIA Blanc de Blancs de la Vinoteca Hugo! Vinuri de top pentru momente speciale.","breadcrumb":{"@id":"https:\/\/vinotecahugo.ro\/en\/produs\/carastelec-carassia-blanc-de-blancs\/#breadcrumb"},"inLanguage":"en-US","potentialAction":[{"@type":"ReadAction","target":["https:\/\/vinotecahugo.ro\/en\/produs\/carastelec-carassia-blanc-de-blancs\/"]}]},{"@type":"ImageObject","inLanguage":"en-US","@id":"https:\/\/vinotecahugo.ro\/en\/produs\/carastelec-carassia-blanc-de-blancs\/#primaryimage","url":"https:\/\/vinotecahugo.ro\/wp-content\/uploads\/2020\/07\/carassia-blanc-de-blancs-brut.jpg","contentUrl":"https:\/\/vinotecahugo.ro\/wp-content\/uploads\/2020\/07\/carassia-blanc-de-blancs-brut.jpg","width":600,"height":600},{"@type":"BreadcrumbList","@id":"https:\/\/vinotecahugo.ro\/en\/produs\/carastelec-carassia-blanc-de-blancs\/#breadcrumb","itemListElement":[{"@type":"ListItem","position":1,"name":"Prima pagin\u0103","item":"https:\/\/vinotecahugo.ro\/en\/"},{"@type":"ListItem","position":2,"name":"Magazin","item":"https:\/\/vinotecahugo.ro\/magazin\/"},{"@type":"ListItem","position":3,"name":"Carastelec CARASSIA Blanc de Blancs"}]},{"@type":"WebSite","@id":"https:\/\/vinotecahugo.ro\/en\/#website","url":"https:\/\/vinotecahugo.ro\/en\/","name":"Vinoteca Hugo","description":"vinotec\u0103 cu o colec\u021bie de peste 5000 de sticle de vin","publisher":{"@id":"https:\/\/vinotecahugo.ro\/en\/#organization"},"potentialAction":[{"@type":"SearchAction","target":{"@type":"EntryPoint","urlTemplate":"https:\/\/vinotecahugo.ro\/en\/?s={search_term_string}"},"query-input":{"@type":"PropertyValueSpecification","valueRequired":true,"valueName":"search_term_string"}}],"inLanguage":"en-US"},{"@type":"Organization","@id":"https:\/\/vinotecahugo.ro\/en\/#organization","name":"Vinoteca Hugo","url":"https:\/\/vinotecahugo.ro\/en\/","logo":{"@type":"ImageObject","inLanguage":"en-US","@id":"https:\/\/vinotecahugo.ro\/en\/#\/schema\/logo\/image\/","url":"https:\/\/vinotecahugo.ro\/wp-content\/uploads\/2020\/04\/logo-vinoteca-hugo-160-120..jpg","contentUrl":"https:\/\/vinotecahugo.ro\/wp-content\/uploads\/2020\/04\/logo-vinoteca-hugo-160-120..jpg","width":160,"height":120,"caption":"Vinoteca Hugo"},"image":{"@id":"https:\/\/vinotecahugo.ro\/en\/#\/schema\/logo\/image\/"},"sameAs":["https:\/\/www.facebook.com\/VinotecaHugoAlbaIulia","https:\/\/www.instagram.com\/vinoteca_hugo\/","https:\/\/www.youtube.com\/channel\/UCpprt6bjcY4i-6P9WM-466g"]}]}},"_links":{"self":[{"href":"https:\/\/vinotecahugo.ro\/en\/wp-json\/wp\/v2\/product\/16361","targetHints":{"allow":["GET"]}}],"collection":[{"href":"https:\/\/vinotecahugo.ro\/en\/wp-json\/wp\/v2\/product"}],"about":[{"href":"https:\/\/vinotecahugo.ro\/en\/wp-json\/wp\/v2\/types\/product"}],"replies":[{"embeddable":true,"href":"https:\/\/vinotecahugo.ro\/en\/wp-json\/wp\/v2\/comments?post=16361"}],"wp:featuredmedia":[{"embeddable":true,"href":"https:\/\/vinotecahugo.ro\/en\/wp-json\/wp\/v2\/media\/16364"}],"wp:attachment":[{"href":"https:\/\/vinotecahugo.ro\/en\/wp-json\/wp\/v2\/media?parent=16361"}],"wp:term":[{"taxonomy":"product_brand","embeddable":true,"href":"https:\/\/vinotecahugo.ro\/en\/wp-json\/wp\/v2\/product_brand?post=16361"},{"taxonomy":"product_cat","embeddable":true,"href":"https:\/\/vinotecahugo.ro\/en\/wp-json\/wp\/v2\/product_cat?post=16361"},{"taxonomy":"product_tag","embeddable":true,"href":"https:\/\/vinotecahugo.ro\/en\/wp-json\/wp\/v2\/product_tag?post=16361"}],"curies":[{"name":"wp","href":"https:\/\/api.w.org\/{rel}","templated":true}]}}