{"id":16355,"date":"2020-06-30T17:05:53","date_gmt":"2020-06-30T14:05:53","guid":{"rendered":"https:\/\/vinotecahugo.ro\/?post_type=product&#038;p=16355"},"modified":"2023-12-10T01:14:46","modified_gmt":"2023-12-09T23:14:46","slug":"domeniul-bogdan-patrar-merlot-2017","status":"publish","type":"product","link":"https:\/\/vinotecahugo.ro\/en\/produs\/domeniul-bogdan-patrar-merlot-2017\/","title":{"rendered":"Domeniul Bogdan Patrar Merlot 2017"},"content":{"rendered":"<p><strong>Domeniul Bogdan Patrar Merlot 2017 <\/strong><\/p>\n<div class=\"lbDescription\">\n<div class=\"video-shortcode\"><iframe title=\"Domeniul Bogdan | www.domeniulbogdan.ro\" width=\"1100\" height=\"619\" src=\"https:\/\/www.youtube.com\/embed\/UwnhGs7EC5c?feature=oembed\" frameborder=\"0\" allow=\"accelerometer; autoplay; encrypted-media; gyroscope; picture-in-picture\" allowfullscreen><\/iframe><\/div>\n<p>&nbsp;<\/p>\n<p>Mai multe informatii despre acest producator gasiti <a href=\"https:\/\/domeniulbogdan.ro\/\">AICI<\/a>.<\/p>\n<\/div>\n<p>Pentru programul de degustari si oferte personalizate te invitam sa devii membrul clubului Vinoteca Hugo. Pentru mai multe informatii fa click <a href=\"https:\/\/vinotecahugo.ro\/evenimente\/\">AICI.<\/a><\/p>\n<p>&nbsp;<\/p>\n","protected":false},"excerpt":{"rendered":"<p>Primul vin din soiul Merlot certificat BIODINAMIC, produs \u00een Romania.<\/p>\n<p><strong>Acest vin a fost produs f\u0103r\u0103 utilizarea de pesticide, fungicide, antibiotice, \u00eengr\u0103\u0219\u0103minte chimice.<\/strong><\/p>\n<p><strong>VIN BIODINAMIC &#8211;<\/strong> un vin viu prin excelen\u021b\u0103. Strugurii din care e ob\u021binut sunt neatin\u0219i de progresul tehnologiei, ci doar de fr\u0103m\u00e2nt\u0103rile naturii. Maturat 6 luni \u00een cisterne de beton, apoi 12 luni \u00een butoaie de stejar iar dup\u0103 \u00eembuteliere cel pu\u0163in 6 luni \u00een sticl\u0103. Vin nefiltrat. Poate con\u0163ine depuneri.<\/p>\n<p><strong>Domeniul Bogdan Patrar Merlot 2017 <\/strong>exprim\u0103 c\u00e2t se poate de fidel terroirul de Dobrogea. N\u0103scut din solul cel mai bogat \u00een humus, cernoziomul, cu capriciile climei temperat-continental\u0103, se arat\u0103 de un ro\u0219u rubiniu intens. Este de o fructuozitate generoas\u0103 care ne aminte\u0219te de \u021bar\u0103 \u0219i p\u0103dure, foarte bine structurat, cu taninuri ferme \u0219i un caracter puternic.<\/p>\n<p><em>\u201cDac\u0103 vedem o p\u0103dure, ne \u00eentreb\u0103m cine a udat-o, cine a fertilizat-o? Nimeni! Totul a f\u0103cut natura, f\u0103r\u0103 ajutorul nim\u0103nui. La fel se \u00eent\u00e2mpl\u0103 \u0219i cu vi\u021ba de vie. Viile noastre se hr\u0103nesc doar cu ceea ce p\u0103m\u00e2ntul \u0219i cerul ofer\u0103, cu ploile care le ud\u0103, iar gerul \u0219i c\u0103ldura le sculpteaz\u0103. Vi\u021bei de vie nu \u00eei lipse\u0219te nimic \u0219i, ve\u021bi vedea, nici vinului! C\u00e2nd \u00eel ve\u021bi bea, ve\u021bi \u00eentelege, cu siguran\u021b\u0103, ce \u00eenseamn\u0103 agricultura biodinamic\u0103.\u201d<\/em><\/p>\n<div><strong><em>Leonello Anello<\/em><\/strong><\/div>\n","protected":false},"featured_media":16352,"comment_status":"open","ping_status":"closed","template":"","meta":[],"product_brand":[],"product_cat":[145],"product_tag":[687,684,686,433,685,356,355],"class_list":{"0":"post-16355","1":"product","2":"type-product","3":"status-publish","4":"has-post-thumbnail","6":"product_cat-vinuri-romanesti","7":"product_tag-bio","8":"product_tag-biodinamic","9":"product_tag-domeniul-bogdan","10":"product_tag-merlot","11":"product_tag-murfatlar","12":"product_tag-vin-alba-iulia","13":"product_tag-vinoteca-hugo","15":"first","16":"outofstock","17":"taxable","18":"shipping-taxable","19":"purchasable","20":"product-type-simple"},"yoast_head":"<!-- This site is optimized with the Yoast SEO plugin v24.6 - https:\/\/yoast.com\/wordpress\/plugins\/seo\/ -->\n<title>Domeniul Bogdan Patrar Merlot 2017 - Vinoteca Hugo<\/title>\n<meta name=\"description\" content=\"Comand\u0103 online Domeniul Bogdan Patrar Merlot 2017 de la Vinoteca Hugo! Vinuri de top pentru momente speciale.\" \/>\n<meta name=\"robots\" content=\"index, follow, max-snippet:-1, max-image-preview:large, max-video-preview:-1\" \/>\n<link rel=\"canonical\" href=\"https:\/\/vinotecahugo.ro\/en\/produs\/domeniul-bogdan-patrar-merlot-2017\/\" \/>\n<meta property=\"og:locale\" content=\"en_US\" \/>\n<meta property=\"og:type\" content=\"article\" \/>\n<meta property=\"og:title\" content=\"Domeniul Bogdan Patrar Merlot 2017 - Vinoteca Hugo\" \/>\n<meta property=\"og:description\" content=\"Comand\u0103 online Domeniul Bogdan Patrar Merlot 2017 de la Vinoteca Hugo! Vinuri de top pentru momente speciale.\" \/>\n<meta property=\"og:url\" content=\"https:\/\/vinotecahugo.ro\/en\/produs\/domeniul-bogdan-patrar-merlot-2017\/\" \/>\n<meta property=\"og:site_name\" content=\"Vinoteca Hugo\" \/>\n<meta property=\"article:publisher\" content=\"https:\/\/www.facebook.com\/VinotecaHugoAlbaIulia\" \/>\n<meta property=\"article:modified_time\" content=\"2023-12-09T23:14:46+00:00\" \/>\n<meta property=\"og:image\" content=\"https:\/\/vinotecahugo.ro\/wp-content\/uploads\/2020\/06\/patrar-feteasca-neagra.jpg\" \/>\n\t<meta property=\"og:image:width\" content=\"600\" \/>\n\t<meta property=\"og:image:height\" content=\"600\" \/>\n\t<meta property=\"og:image:type\" content=\"image\/jpeg\" \/>\n<meta name=\"twitter:card\" content=\"summary_large_image\" \/>\n<script type=\"application\/ld+json\" class=\"yoast-schema-graph\">{\"@context\":\"https:\/\/schema.org\",\"@graph\":[{\"@type\":\"WebPage\",\"@id\":\"https:\/\/vinotecahugo.ro\/en\/produs\/domeniul-bogdan-patrar-merlot-2017\/\",\"url\":\"https:\/\/vinotecahugo.ro\/en\/produs\/domeniul-bogdan-patrar-merlot-2017\/\",\"name\":\"Domeniul Bogdan Patrar Merlot 2017 - Vinoteca Hugo\",\"isPartOf\":{\"@id\":\"https:\/\/vinotecahugo.ro\/en\/#website\"},\"primaryImageOfPage\":{\"@id\":\"https:\/\/vinotecahugo.ro\/en\/produs\/domeniul-bogdan-patrar-merlot-2017\/#primaryimage\"},\"image\":{\"@id\":\"https:\/\/vinotecahugo.ro\/en\/produs\/domeniul-bogdan-patrar-merlot-2017\/#primaryimage\"},\"thumbnailUrl\":\"https:\/\/vinotecahugo.ro\/wp-content\/uploads\/2020\/06\/patrar-feteasca-neagra.jpg\",\"datePublished\":\"2020-06-30T14:05:53+00:00\",\"dateModified\":\"2023-12-09T23:14:46+00:00\",\"description\":\"Comand\u0103 online Domeniul Bogdan Patrar Merlot 2017 de la Vinoteca Hugo! Vinuri de top pentru momente speciale.\",\"breadcrumb\":{\"@id\":\"https:\/\/vinotecahugo.ro\/en\/produs\/domeniul-bogdan-patrar-merlot-2017\/#breadcrumb\"},\"inLanguage\":\"en-US\",\"potentialAction\":[{\"@type\":\"ReadAction\",\"target\":[\"https:\/\/vinotecahugo.ro\/en\/produs\/domeniul-bogdan-patrar-merlot-2017\/\"]}]},{\"@type\":\"ImageObject\",\"inLanguage\":\"en-US\",\"@id\":\"https:\/\/vinotecahugo.ro\/en\/produs\/domeniul-bogdan-patrar-merlot-2017\/#primaryimage\",\"url\":\"https:\/\/vinotecahugo.ro\/wp-content\/uploads\/2020\/06\/patrar-feteasca-neagra.jpg\",\"contentUrl\":\"https:\/\/vinotecahugo.ro\/wp-content\/uploads\/2020\/06\/patrar-feteasca-neagra.jpg\",\"width\":600,\"height\":600},{\"@type\":\"BreadcrumbList\",\"@id\":\"https:\/\/vinotecahugo.ro\/en\/produs\/domeniul-bogdan-patrar-merlot-2017\/#breadcrumb\",\"itemListElement\":[{\"@type\":\"ListItem\",\"position\":1,\"name\":\"Prima pagin\u0103\",\"item\":\"https:\/\/vinotecahugo.ro\/en\/\"},{\"@type\":\"ListItem\",\"position\":2,\"name\":\"Magazin\",\"item\":\"https:\/\/vinotecahugo.ro\/magazin\/\"},{\"@type\":\"ListItem\",\"position\":3,\"name\":\"Domeniul Bogdan Patrar Merlot 2017\"}]},{\"@type\":\"WebSite\",\"@id\":\"https:\/\/vinotecahugo.ro\/en\/#website\",\"url\":\"https:\/\/vinotecahugo.ro\/en\/\",\"name\":\"Vinoteca Hugo\",\"description\":\"vinotec\u0103 cu o colec\u021bie de peste 5000 de sticle de vin\",\"publisher\":{\"@id\":\"https:\/\/vinotecahugo.ro\/en\/#organization\"},\"potentialAction\":[{\"@type\":\"SearchAction\",\"target\":{\"@type\":\"EntryPoint\",\"urlTemplate\":\"https:\/\/vinotecahugo.ro\/en\/?s={search_term_string}\"},\"query-input\":{\"@type\":\"PropertyValueSpecification\",\"valueRequired\":true,\"valueName\":\"search_term_string\"}}],\"inLanguage\":\"en-US\"},{\"@type\":\"Organization\",\"@id\":\"https:\/\/vinotecahugo.ro\/en\/#organization\",\"name\":\"Vinoteca Hugo\",\"url\":\"https:\/\/vinotecahugo.ro\/en\/\",\"logo\":{\"@type\":\"ImageObject\",\"inLanguage\":\"en-US\",\"@id\":\"https:\/\/vinotecahugo.ro\/en\/#\/schema\/logo\/image\/\",\"url\":\"https:\/\/vinotecahugo.ro\/wp-content\/uploads\/2020\/04\/logo-vinoteca-hugo-160-120..jpg\",\"contentUrl\":\"https:\/\/vinotecahugo.ro\/wp-content\/uploads\/2020\/04\/logo-vinoteca-hugo-160-120..jpg\",\"width\":160,\"height\":120,\"caption\":\"Vinoteca Hugo\"},\"image\":{\"@id\":\"https:\/\/vinotecahugo.ro\/en\/#\/schema\/logo\/image\/\"},\"sameAs\":[\"https:\/\/www.facebook.com\/VinotecaHugoAlbaIulia\",\"https:\/\/www.instagram.com\/vinoteca_hugo\/\",\"https:\/\/www.youtube.com\/channel\/UCpprt6bjcY4i-6P9WM-466g\"]}]}<\/script>\n<!-- \/ Yoast SEO plugin. -->","yoast_head_json":{"title":"Domeniul Bogdan Patrar Merlot 2017 - Vinoteca Hugo","description":"Comand\u0103 online Domeniul Bogdan Patrar Merlot 2017 de la Vinoteca Hugo! Vinuri de top pentru momente speciale.","robots":{"index":"index","follow":"follow","max-snippet":"max-snippet:-1","max-image-preview":"max-image-preview:large","max-video-preview":"max-video-preview:-1"},"canonical":"https:\/\/vinotecahugo.ro\/en\/produs\/domeniul-bogdan-patrar-merlot-2017\/","og_locale":"en_US","og_type":"article","og_title":"Domeniul Bogdan Patrar Merlot 2017 - Vinoteca Hugo","og_description":"Comand\u0103 online Domeniul Bogdan Patrar Merlot 2017 de la Vinoteca Hugo! Vinuri de top pentru momente speciale.","og_url":"https:\/\/vinotecahugo.ro\/en\/produs\/domeniul-bogdan-patrar-merlot-2017\/","og_site_name":"Vinoteca Hugo","article_publisher":"https:\/\/www.facebook.com\/VinotecaHugoAlbaIulia","article_modified_time":"2023-12-09T23:14:46+00:00","og_image":[{"width":600,"height":600,"url":"https:\/\/vinotecahugo.ro\/wp-content\/uploads\/2020\/06\/patrar-feteasca-neagra.jpg","type":"image\/jpeg"}],"twitter_card":"summary_large_image","schema":{"@context":"https:\/\/schema.org","@graph":[{"@type":"WebPage","@id":"https:\/\/vinotecahugo.ro\/en\/produs\/domeniul-bogdan-patrar-merlot-2017\/","url":"https:\/\/vinotecahugo.ro\/en\/produs\/domeniul-bogdan-patrar-merlot-2017\/","name":"Domeniul Bogdan Patrar Merlot 2017 - Vinoteca Hugo","isPartOf":{"@id":"https:\/\/vinotecahugo.ro\/en\/#website"},"primaryImageOfPage":{"@id":"https:\/\/vinotecahugo.ro\/en\/produs\/domeniul-bogdan-patrar-merlot-2017\/#primaryimage"},"image":{"@id":"https:\/\/vinotecahugo.ro\/en\/produs\/domeniul-bogdan-patrar-merlot-2017\/#primaryimage"},"thumbnailUrl":"https:\/\/vinotecahugo.ro\/wp-content\/uploads\/2020\/06\/patrar-feteasca-neagra.jpg","datePublished":"2020-06-30T14:05:53+00:00","dateModified":"2023-12-09T23:14:46+00:00","description":"Comand\u0103 online Domeniul Bogdan Patrar Merlot 2017 de la Vinoteca Hugo! Vinuri de top pentru momente speciale.","breadcrumb":{"@id":"https:\/\/vinotecahugo.ro\/en\/produs\/domeniul-bogdan-patrar-merlot-2017\/#breadcrumb"},"inLanguage":"en-US","potentialAction":[{"@type":"ReadAction","target":["https:\/\/vinotecahugo.ro\/en\/produs\/domeniul-bogdan-patrar-merlot-2017\/"]}]},{"@type":"ImageObject","inLanguage":"en-US","@id":"https:\/\/vinotecahugo.ro\/en\/produs\/domeniul-bogdan-patrar-merlot-2017\/#primaryimage","url":"https:\/\/vinotecahugo.ro\/wp-content\/uploads\/2020\/06\/patrar-feteasca-neagra.jpg","contentUrl":"https:\/\/vinotecahugo.ro\/wp-content\/uploads\/2020\/06\/patrar-feteasca-neagra.jpg","width":600,"height":600},{"@type":"BreadcrumbList","@id":"https:\/\/vinotecahugo.ro\/en\/produs\/domeniul-bogdan-patrar-merlot-2017\/#breadcrumb","itemListElement":[{"@type":"ListItem","position":1,"name":"Prima pagin\u0103","item":"https:\/\/vinotecahugo.ro\/en\/"},{"@type":"ListItem","position":2,"name":"Magazin","item":"https:\/\/vinotecahugo.ro\/magazin\/"},{"@type":"ListItem","position":3,"name":"Domeniul Bogdan Patrar Merlot 2017"}]},{"@type":"WebSite","@id":"https:\/\/vinotecahugo.ro\/en\/#website","url":"https:\/\/vinotecahugo.ro\/en\/","name":"Vinoteca Hugo","description":"vinotec\u0103 cu o colec\u021bie de peste 5000 de sticle de vin","publisher":{"@id":"https:\/\/vinotecahugo.ro\/en\/#organization"},"potentialAction":[{"@type":"SearchAction","target":{"@type":"EntryPoint","urlTemplate":"https:\/\/vinotecahugo.ro\/en\/?s={search_term_string}"},"query-input":{"@type":"PropertyValueSpecification","valueRequired":true,"valueName":"search_term_string"}}],"inLanguage":"en-US"},{"@type":"Organization","@id":"https:\/\/vinotecahugo.ro\/en\/#organization","name":"Vinoteca Hugo","url":"https:\/\/vinotecahugo.ro\/en\/","logo":{"@type":"ImageObject","inLanguage":"en-US","@id":"https:\/\/vinotecahugo.ro\/en\/#\/schema\/logo\/image\/","url":"https:\/\/vinotecahugo.ro\/wp-content\/uploads\/2020\/04\/logo-vinoteca-hugo-160-120..jpg","contentUrl":"https:\/\/vinotecahugo.ro\/wp-content\/uploads\/2020\/04\/logo-vinoteca-hugo-160-120..jpg","width":160,"height":120,"caption":"Vinoteca Hugo"},"image":{"@id":"https:\/\/vinotecahugo.ro\/en\/#\/schema\/logo\/image\/"},"sameAs":["https:\/\/www.facebook.com\/VinotecaHugoAlbaIulia","https:\/\/www.instagram.com\/vinoteca_hugo\/","https:\/\/www.youtube.com\/channel\/UCpprt6bjcY4i-6P9WM-466g"]}]}},"_links":{"self":[{"href":"https:\/\/vinotecahugo.ro\/en\/wp-json\/wp\/v2\/product\/16355","targetHints":{"allow":["GET"]}}],"collection":[{"href":"https:\/\/vinotecahugo.ro\/en\/wp-json\/wp\/v2\/product"}],"about":[{"href":"https:\/\/vinotecahugo.ro\/en\/wp-json\/wp\/v2\/types\/product"}],"replies":[{"embeddable":true,"href":"https:\/\/vinotecahugo.ro\/en\/wp-json\/wp\/v2\/comments?post=16355"}],"wp:featuredmedia":[{"embeddable":true,"href":"https:\/\/vinotecahugo.ro\/en\/wp-json\/wp\/v2\/media\/16352"}],"wp:attachment":[{"href":"https:\/\/vinotecahugo.ro\/en\/wp-json\/wp\/v2\/media?parent=16355"}],"wp:term":[{"taxonomy":"product_brand","embeddable":true,"href":"https:\/\/vinotecahugo.ro\/en\/wp-json\/wp\/v2\/product_brand?post=16355"},{"taxonomy":"product_cat","embeddable":true,"href":"https:\/\/vinotecahugo.ro\/en\/wp-json\/wp\/v2\/product_cat?post=16355"},{"taxonomy":"product_tag","embeddable":true,"href":"https:\/\/vinotecahugo.ro\/en\/wp-json\/wp\/v2\/product_tag?post=16355"}],"curies":[{"name":"wp","href":"https:\/\/api.w.org\/{rel}","templated":true}]}}