{"id":15182,"date":"2020-04-18T01:15:03","date_gmt":"2020-04-17T22:15:03","guid":{"rendered":"https:\/\/vinotecahugo.ro\/?post_type=product&#038;p=15182"},"modified":"2024-11-08T15:21:49","modified_gmt":"2024-11-08T13:21:49","slug":"balla-geza-feteasca-neagra-cabernet-franc","status":"publish","type":"product","link":"https:\/\/vinotecahugo.ro\/en\/produs\/balla-geza-feteasca-neagra-cabernet-franc\/","title":{"rendered":"Balla Geza Feteasca Neagra &#038; Cabernet Franc"},"content":{"rendered":"<p><strong>Balla Geza FETEASCA NEAGRA &amp; CABERNET FRANC 2016<\/strong><\/p>\n<div class=\"video-shortcode\"><iframe title=\"Balla G\u00e9za Winery, CrameRomania.ro\" width=\"1100\" height=\"619\" src=\"https:\/\/www.youtube.com\/embed\/OXBn_XmjnAU?feature=oembed\" frameborder=\"0\" allow=\"accelerometer; autoplay; encrypted-media; gyroscope; picture-in-picture\" allowfullscreen><\/iframe><\/div>\n<div class=\"lbDescription\">\n<p>Balla Geza a avut inspira\u021bia de a crea un vin cu ADN rom\u00e2nesc \u0219i francez, o \u00eenfr\u0103\u021bire a soiurilor Feteasc\u0103 Neagr\u0103 \u0219i Cabernet Franc, favorizat\u0103 \u0219i p\u00e2m\u00e2nt, de timp \u0219i de oameni. Vinul este un cupaj cu personalitate t\u00e2n\u0103r\u0103 \u0219i vibrant\u0103 adus\u0103 de fructe \u0219i condimente.<\/p>\n<p>Balla Geza Feteasca Neagra &amp; Cabernet Franc 2016 este un \u00a0vin foarte intens colorat, echilibrat, plin, un vin \u201db\u0103rb\u0103tesc\u201d f\u0103r\u0103 etalarea caracterelor tipice de soi.\u00a0 Este o asamblare foarte curajoas\u0103 a dou\u0103 vinuri cu caractere total deosebite, dar care se completeaz\u0103 reciproc foarte bine. Un vin de mare poten\u021bial cu o evolu\u021bie excelent\u0103 \u00een timpul \u00eenvechirii la butelii. Cupajarea are loc cu cca 2-3 luni \u00eenainte de \u00eembuteliere dup\u0103 o \u00eenprealabil\u0103 maturare la butoi. Se poate asocia perfect cu un steak de vit\u0103 sau miel la gr\u0103tar, gula\u015f de porc mistre\u0163 cu ardei cop\u0163i \u015fi m\u0103m\u0103lig\u0103, ra\u021b\u0103 la cuptor cu glazur\u0103, prepeli\u0163e la cuptor. Delicios la un desert cu ciocolat\u0103 neagr\u0103. Temperatura de servire 18 &#8211; 20\u00b0C. Poten\u021bial de maturare de 10 p\u00e2n\u0103 la 15 ani din momentul imbutelierii. <span lang=\"RO\">Este recomandat\u0103 decantarea timp de 30 de minute<\/span>.<\/p>\n<p>Mai multe informatii despre acest producator gasiti <a href=\"http:\/\/www.ballageza.com\/ro\/\">AICI<\/a> .<\/p>\n<\/div>\n<p>Pentru programul de degustari si oferte personalizate te invitam sa devii membrul clubului Vinoteca Hugo. Pentru mai multe informatii fa click <a href=\"https:\/\/vinotecahugo.ro\/evenimente\/\">AICI.<\/a><\/p>\n<p>&nbsp;<\/p>\n","protected":false},"excerpt":{"rendered":"<p><strong>Balla Geza FETEASCA NEAGRA &amp; CABERNET FRANC<\/strong><\/p>\n<p>Un cupaj rosu sec din Feteasca Neagra &amp; Cabernet Franc, cu o culoare rosie intensa. Olfactiv ne aduce arome elegante de fructe rosii cu note complexe de vanilie \u0219i condimente. Gust plin si echilibrat. Un vin complex cu post-gust lung, aromat, ce \u00ee\u0219i merit\u0103 aprecierile din plin. Se poate asocia perfect cu un steak de vit\u0103 sau miel la gr\u0103tar, gula\u015f de porc mistre\u0163 cu ardei cop\u0163i \u015fi m\u0103m\u0103lig\u0103, ra\u021b\u0103 la cuptor cu glazur\u0103, prepeli\u0163e la cuptor. Poten\u021bial de maturare de 10 p\u00e2n\u0103 la 15 ani din momentul imbutelierii. <span lang=\"RO\">Este recomandat\u0103 decantarea timp de 30 de minute<\/span>.<\/p>\n<p>&nbsp;<\/p>\n<p>&nbsp;<\/p>\n","protected":false},"featured_media":15184,"comment_status":"open","ping_status":"closed","template":"","meta":[],"product_brand":[],"product_cat":[887,888,145],"product_tag":[353,624,432,625,356,355],"class_list":{"0":"post-15182","1":"product","2":"type-product","3":"status-publish","4":"has-post-thumbnail","6":"product_cat-vin-rosu","7":"product_cat-vin-rosu-sec","8":"product_cat-vinuri-romanesti","9":"product_tag-balla-geza","10":"product_tag-cabernet-franc","11":"product_tag-feteasca-neagra","12":"product_tag-stone-wine","13":"product_tag-vin-alba-iulia","14":"product_tag-vinoteca-hugo","16":"first","17":"instock","18":"taxable","19":"shipping-taxable","20":"purchasable","21":"product-type-simple"},"yoast_head":"<!-- This site is optimized with the Yoast SEO plugin v24.6 - https:\/\/yoast.com\/wordpress\/plugins\/seo\/ -->\n<title>Balla Geza Feteasca Neagra &amp; Cabernet Franc - Vinoteca Hugo<\/title>\n<meta name=\"description\" content=\"Comand\u0103 online Balla Geza Feteasca Neagra &amp; Cabernet Franc de la Vinoteca Hugo! Vinuri de top pentru momente speciale.\" \/>\n<meta name=\"robots\" content=\"index, follow, max-snippet:-1, max-image-preview:large, max-video-preview:-1\" \/>\n<link rel=\"canonical\" href=\"https:\/\/vinotecahugo.ro\/en\/produs\/balla-geza-feteasca-neagra-cabernet-franc\/\" \/>\n<meta property=\"og:locale\" content=\"en_US\" \/>\n<meta property=\"og:type\" content=\"article\" \/>\n<meta property=\"og:title\" content=\"Balla Geza Feteasca Neagra &amp; Cabernet Franc - Vinoteca Hugo\" \/>\n<meta property=\"og:description\" content=\"Comand\u0103 online Balla Geza Feteasca Neagra &amp; Cabernet Franc de la Vinoteca Hugo! Vinuri de top pentru momente speciale.\" \/>\n<meta property=\"og:url\" content=\"https:\/\/vinotecahugo.ro\/en\/produs\/balla-geza-feteasca-neagra-cabernet-franc\/\" \/>\n<meta property=\"og:site_name\" content=\"Vinoteca Hugo\" \/>\n<meta property=\"article:publisher\" content=\"https:\/\/www.facebook.com\/VinotecaHugoAlbaIulia\" \/>\n<meta property=\"article:modified_time\" content=\"2024-11-08T13:21:49+00:00\" \/>\n<meta property=\"og:image\" content=\"https:\/\/vinotecahugo.ro\/wp-content\/uploads\/2020\/04\/Balla-Geza-Wine-Princess-StoneWine-Feteasca-Neagra-si-Cabernet-Franc.jpg\" \/>\n\t<meta property=\"og:image:width\" content=\"600\" \/>\n\t<meta property=\"og:image:height\" content=\"600\" \/>\n\t<meta property=\"og:image:type\" content=\"image\/jpeg\" \/>\n<meta name=\"twitter:card\" content=\"summary_large_image\" \/>\n<meta name=\"twitter:label1\" content=\"Est. reading time\" \/>\n\t<meta name=\"twitter:data1\" content=\"1 minute\" \/>\n<script type=\"application\/ld+json\" class=\"yoast-schema-graph\">{\"@context\":\"https:\/\/schema.org\",\"@graph\":[{\"@type\":\"WebPage\",\"@id\":\"https:\/\/vinotecahugo.ro\/en\/produs\/balla-geza-feteasca-neagra-cabernet-franc\/\",\"url\":\"https:\/\/vinotecahugo.ro\/en\/produs\/balla-geza-feteasca-neagra-cabernet-franc\/\",\"name\":\"Balla Geza Feteasca Neagra & Cabernet Franc - Vinoteca Hugo\",\"isPartOf\":{\"@id\":\"https:\/\/vinotecahugo.ro\/en\/#website\"},\"primaryImageOfPage\":{\"@id\":\"https:\/\/vinotecahugo.ro\/en\/produs\/balla-geza-feteasca-neagra-cabernet-franc\/#primaryimage\"},\"image\":{\"@id\":\"https:\/\/vinotecahugo.ro\/en\/produs\/balla-geza-feteasca-neagra-cabernet-franc\/#primaryimage\"},\"thumbnailUrl\":\"https:\/\/vinotecahugo.ro\/wp-content\/uploads\/2020\/04\/Balla-Geza-Wine-Princess-StoneWine-Feteasca-Neagra-si-Cabernet-Franc.jpg\",\"datePublished\":\"2020-04-17T22:15:03+00:00\",\"dateModified\":\"2024-11-08T13:21:49+00:00\",\"description\":\"Comand\u0103 online Balla Geza Feteasca Neagra & Cabernet Franc de la Vinoteca Hugo! Vinuri de top pentru momente speciale.\",\"breadcrumb\":{\"@id\":\"https:\/\/vinotecahugo.ro\/en\/produs\/balla-geza-feteasca-neagra-cabernet-franc\/#breadcrumb\"},\"inLanguage\":\"en-US\",\"potentialAction\":[{\"@type\":\"ReadAction\",\"target\":[\"https:\/\/vinotecahugo.ro\/en\/produs\/balla-geza-feteasca-neagra-cabernet-franc\/\"]}]},{\"@type\":\"ImageObject\",\"inLanguage\":\"en-US\",\"@id\":\"https:\/\/vinotecahugo.ro\/en\/produs\/balla-geza-feteasca-neagra-cabernet-franc\/#primaryimage\",\"url\":\"https:\/\/vinotecahugo.ro\/wp-content\/uploads\/2020\/04\/Balla-Geza-Wine-Princess-StoneWine-Feteasca-Neagra-si-Cabernet-Franc.jpg\",\"contentUrl\":\"https:\/\/vinotecahugo.ro\/wp-content\/uploads\/2020\/04\/Balla-Geza-Wine-Princess-StoneWine-Feteasca-Neagra-si-Cabernet-Franc.jpg\",\"width\":600,\"height\":600},{\"@type\":\"BreadcrumbList\",\"@id\":\"https:\/\/vinotecahugo.ro\/en\/produs\/balla-geza-feteasca-neagra-cabernet-franc\/#breadcrumb\",\"itemListElement\":[{\"@type\":\"ListItem\",\"position\":1,\"name\":\"Prima pagin\u0103\",\"item\":\"https:\/\/vinotecahugo.ro\/en\/\"},{\"@type\":\"ListItem\",\"position\":2,\"name\":\"Magazin\",\"item\":\"https:\/\/vinotecahugo.ro\/magazin\/\"},{\"@type\":\"ListItem\",\"position\":3,\"name\":\"Balla Geza Feteasca Neagra &#038; Cabernet Franc\"}]},{\"@type\":\"WebSite\",\"@id\":\"https:\/\/vinotecahugo.ro\/en\/#website\",\"url\":\"https:\/\/vinotecahugo.ro\/en\/\",\"name\":\"Vinoteca Hugo\",\"description\":\"vinotec\u0103 cu o colec\u021bie de peste 5000 de sticle de vin\",\"publisher\":{\"@id\":\"https:\/\/vinotecahugo.ro\/en\/#organization\"},\"potentialAction\":[{\"@type\":\"SearchAction\",\"target\":{\"@type\":\"EntryPoint\",\"urlTemplate\":\"https:\/\/vinotecahugo.ro\/en\/?s={search_term_string}\"},\"query-input\":{\"@type\":\"PropertyValueSpecification\",\"valueRequired\":true,\"valueName\":\"search_term_string\"}}],\"inLanguage\":\"en-US\"},{\"@type\":\"Organization\",\"@id\":\"https:\/\/vinotecahugo.ro\/en\/#organization\",\"name\":\"Vinoteca Hugo\",\"url\":\"https:\/\/vinotecahugo.ro\/en\/\",\"logo\":{\"@type\":\"ImageObject\",\"inLanguage\":\"en-US\",\"@id\":\"https:\/\/vinotecahugo.ro\/en\/#\/schema\/logo\/image\/\",\"url\":\"https:\/\/vinotecahugo.ro\/wp-content\/uploads\/2020\/04\/logo-vinoteca-hugo-160-120..jpg\",\"contentUrl\":\"https:\/\/vinotecahugo.ro\/wp-content\/uploads\/2020\/04\/logo-vinoteca-hugo-160-120..jpg\",\"width\":160,\"height\":120,\"caption\":\"Vinoteca Hugo\"},\"image\":{\"@id\":\"https:\/\/vinotecahugo.ro\/en\/#\/schema\/logo\/image\/\"},\"sameAs\":[\"https:\/\/www.facebook.com\/VinotecaHugoAlbaIulia\",\"https:\/\/www.instagram.com\/vinoteca_hugo\/\",\"https:\/\/www.youtube.com\/channel\/UCpprt6bjcY4i-6P9WM-466g\"]}]}<\/script>\n<!-- \/ Yoast SEO plugin. -->","yoast_head_json":{"title":"Balla Geza Feteasca Neagra & Cabernet Franc - Vinoteca Hugo","description":"Comand\u0103 online Balla Geza Feteasca Neagra & Cabernet Franc de la Vinoteca Hugo! Vinuri de top pentru momente speciale.","robots":{"index":"index","follow":"follow","max-snippet":"max-snippet:-1","max-image-preview":"max-image-preview:large","max-video-preview":"max-video-preview:-1"},"canonical":"https:\/\/vinotecahugo.ro\/en\/produs\/balla-geza-feteasca-neagra-cabernet-franc\/","og_locale":"en_US","og_type":"article","og_title":"Balla Geza Feteasca Neagra & Cabernet Franc - Vinoteca Hugo","og_description":"Comand\u0103 online Balla Geza Feteasca Neagra & Cabernet Franc de la Vinoteca Hugo! Vinuri de top pentru momente speciale.","og_url":"https:\/\/vinotecahugo.ro\/en\/produs\/balla-geza-feteasca-neagra-cabernet-franc\/","og_site_name":"Vinoteca Hugo","article_publisher":"https:\/\/www.facebook.com\/VinotecaHugoAlbaIulia","article_modified_time":"2024-11-08T13:21:49+00:00","og_image":[{"width":600,"height":600,"url":"https:\/\/vinotecahugo.ro\/wp-content\/uploads\/2020\/04\/Balla-Geza-Wine-Princess-StoneWine-Feteasca-Neagra-si-Cabernet-Franc.jpg","type":"image\/jpeg"}],"twitter_card":"summary_large_image","twitter_misc":{"Est. reading time":"1 minute"},"schema":{"@context":"https:\/\/schema.org","@graph":[{"@type":"WebPage","@id":"https:\/\/vinotecahugo.ro\/en\/produs\/balla-geza-feteasca-neagra-cabernet-franc\/","url":"https:\/\/vinotecahugo.ro\/en\/produs\/balla-geza-feteasca-neagra-cabernet-franc\/","name":"Balla Geza Feteasca Neagra & Cabernet Franc - Vinoteca Hugo","isPartOf":{"@id":"https:\/\/vinotecahugo.ro\/en\/#website"},"primaryImageOfPage":{"@id":"https:\/\/vinotecahugo.ro\/en\/produs\/balla-geza-feteasca-neagra-cabernet-franc\/#primaryimage"},"image":{"@id":"https:\/\/vinotecahugo.ro\/en\/produs\/balla-geza-feteasca-neagra-cabernet-franc\/#primaryimage"},"thumbnailUrl":"https:\/\/vinotecahugo.ro\/wp-content\/uploads\/2020\/04\/Balla-Geza-Wine-Princess-StoneWine-Feteasca-Neagra-si-Cabernet-Franc.jpg","datePublished":"2020-04-17T22:15:03+00:00","dateModified":"2024-11-08T13:21:49+00:00","description":"Comand\u0103 online Balla Geza Feteasca Neagra & Cabernet Franc de la Vinoteca Hugo! Vinuri de top pentru momente speciale.","breadcrumb":{"@id":"https:\/\/vinotecahugo.ro\/en\/produs\/balla-geza-feteasca-neagra-cabernet-franc\/#breadcrumb"},"inLanguage":"en-US","potentialAction":[{"@type":"ReadAction","target":["https:\/\/vinotecahugo.ro\/en\/produs\/balla-geza-feteasca-neagra-cabernet-franc\/"]}]},{"@type":"ImageObject","inLanguage":"en-US","@id":"https:\/\/vinotecahugo.ro\/en\/produs\/balla-geza-feteasca-neagra-cabernet-franc\/#primaryimage","url":"https:\/\/vinotecahugo.ro\/wp-content\/uploads\/2020\/04\/Balla-Geza-Wine-Princess-StoneWine-Feteasca-Neagra-si-Cabernet-Franc.jpg","contentUrl":"https:\/\/vinotecahugo.ro\/wp-content\/uploads\/2020\/04\/Balla-Geza-Wine-Princess-StoneWine-Feteasca-Neagra-si-Cabernet-Franc.jpg","width":600,"height":600},{"@type":"BreadcrumbList","@id":"https:\/\/vinotecahugo.ro\/en\/produs\/balla-geza-feteasca-neagra-cabernet-franc\/#breadcrumb","itemListElement":[{"@type":"ListItem","position":1,"name":"Prima pagin\u0103","item":"https:\/\/vinotecahugo.ro\/en\/"},{"@type":"ListItem","position":2,"name":"Magazin","item":"https:\/\/vinotecahugo.ro\/magazin\/"},{"@type":"ListItem","position":3,"name":"Balla Geza Feteasca Neagra &#038; Cabernet Franc"}]},{"@type":"WebSite","@id":"https:\/\/vinotecahugo.ro\/en\/#website","url":"https:\/\/vinotecahugo.ro\/en\/","name":"Vinoteca Hugo","description":"vinotec\u0103 cu o colec\u021bie de peste 5000 de sticle de vin","publisher":{"@id":"https:\/\/vinotecahugo.ro\/en\/#organization"},"potentialAction":[{"@type":"SearchAction","target":{"@type":"EntryPoint","urlTemplate":"https:\/\/vinotecahugo.ro\/en\/?s={search_term_string}"},"query-input":{"@type":"PropertyValueSpecification","valueRequired":true,"valueName":"search_term_string"}}],"inLanguage":"en-US"},{"@type":"Organization","@id":"https:\/\/vinotecahugo.ro\/en\/#organization","name":"Vinoteca Hugo","url":"https:\/\/vinotecahugo.ro\/en\/","logo":{"@type":"ImageObject","inLanguage":"en-US","@id":"https:\/\/vinotecahugo.ro\/en\/#\/schema\/logo\/image\/","url":"https:\/\/vinotecahugo.ro\/wp-content\/uploads\/2020\/04\/logo-vinoteca-hugo-160-120..jpg","contentUrl":"https:\/\/vinotecahugo.ro\/wp-content\/uploads\/2020\/04\/logo-vinoteca-hugo-160-120..jpg","width":160,"height":120,"caption":"Vinoteca Hugo"},"image":{"@id":"https:\/\/vinotecahugo.ro\/en\/#\/schema\/logo\/image\/"},"sameAs":["https:\/\/www.facebook.com\/VinotecaHugoAlbaIulia","https:\/\/www.instagram.com\/vinoteca_hugo\/","https:\/\/www.youtube.com\/channel\/UCpprt6bjcY4i-6P9WM-466g"]}]}},"_links":{"self":[{"href":"https:\/\/vinotecahugo.ro\/en\/wp-json\/wp\/v2\/product\/15182","targetHints":{"allow":["GET"]}}],"collection":[{"href":"https:\/\/vinotecahugo.ro\/en\/wp-json\/wp\/v2\/product"}],"about":[{"href":"https:\/\/vinotecahugo.ro\/en\/wp-json\/wp\/v2\/types\/product"}],"replies":[{"embeddable":true,"href":"https:\/\/vinotecahugo.ro\/en\/wp-json\/wp\/v2\/comments?post=15182"}],"wp:featuredmedia":[{"embeddable":true,"href":"https:\/\/vinotecahugo.ro\/en\/wp-json\/wp\/v2\/media\/15184"}],"wp:attachment":[{"href":"https:\/\/vinotecahugo.ro\/en\/wp-json\/wp\/v2\/media?parent=15182"}],"wp:term":[{"taxonomy":"product_brand","embeddable":true,"href":"https:\/\/vinotecahugo.ro\/en\/wp-json\/wp\/v2\/product_brand?post=15182"},{"taxonomy":"product_cat","embeddable":true,"href":"https:\/\/vinotecahugo.ro\/en\/wp-json\/wp\/v2\/product_cat?post=15182"},{"taxonomy":"product_tag","embeddable":true,"href":"https:\/\/vinotecahugo.ro\/en\/wp-json\/wp\/v2\/product_tag?post=15182"}],"curies":[{"name":"wp","href":"https:\/\/api.w.org\/{rel}","templated":true}]}}