{"id":13038,"date":"2019-10-18T11:37:49","date_gmt":"2019-10-18T08:37:49","guid":{"rendered":"https:\/\/vinotecahugo.ro\/produs\/agape-cabernet-savuvignon\/"},"modified":"2022-01-09T15:49:35","modified_gmt":"2022-01-09T13:49:35","slug":"agape-cabernet-savuvignon","status":"publish","type":"product","link":"https:\/\/vinotecahugo.ro\/en\/produs\/agape-cabernet-savuvignon\/","title":{"rendered":"Agape Cabernet Sauvignon 2016"},"content":{"rendered":"<p><strong>Agape &#8211; Cabernet Sauvignon 2016<\/strong><\/p>\n<p>\u201dProiectul Agape Art\u0103 &amp; Natur\u0103 este un proiect personal care ia na\u0219tere \u00een urma pasiunilor mele pentru vin \u0219i art\u0103\u201d &#8211; Adalbert Marton<\/p>\n<p style=\"text-align: justify;\">Micro-vinifica\u021bia a stat la baza acestui <strong>Agape &#8211; Cabernet Sauvignon 2016<\/strong> (CabS 2016). Doar 1600 de sticle, vinificate f\u0103r\u0103 tehnologie oenologic\u0103 direct \u00een butoaie de lemn.<\/p>\n<p style=\"text-align: justify;\"><strong>90% Cabernet Sauvignon \u0219i 10% Syrah<\/strong><\/p>\n<p>Silagiu este o zon\u0103 viticol\u0103 cu tradi\u021bie. Primele \u00eensemn\u0103ri g\u0103site fac referire la anul 1825 c\u00e2nd Sigismund Ormos de\u021binea patru lan\u021be de vie \u0219i mergea \u00eempreun\u0103 cu localnicii la munc\u0103 \u00een vie. Din p\u0103cate, viile au fost abandonate la un moment dat \u0219i din fericire, recent \u00een ultimii ani, au fost replantate fie prin programe de reconversie, fie prin investi\u021bii directe.<\/p>\n<p>Mai multe informatii despre acest producator gasiti <a href=\"https:\/\/www.facebook.com\/agapewinenature\/\">AICI<\/a> .<\/p>\n<p>Pentru programul de degustari si oferte personalizate te invitam sa devii membrul clubului Vinoteca Hugo. Pentru mai multe informatii fa click <a href=\"https:\/\/vinotecahugo.ro\/evenimente\/\">AICI.<\/a><\/p>\n","protected":false},"excerpt":{"rendered":"<p><strong>Agape &#8211; Cabernet Sauvignon 2016<\/strong><\/p>\n<p>\u201dProiectul Agape Art\u0103 &amp; Natur\u0103 este un proiect personal care ia na\u0219tere \u00een urma pasiunilor mele pentru vin \u0219i art\u0103\u201d &#8211; Adalbert Marton<\/p>\n<p><a id=\"js_zp\" class=\"profileLink\" href=\"https:\/\/www.facebook.com\/agapewinenature\/?__tn__=K-R&amp;eid=ARAyNVbLlPcnmO26jDlIuWxObS_suxoxmaDTTYt6QIEEVbYQpTUZJbDrNb9KWxw0STpJbwYCHioSMaDf&amp;fref=mentions&amp;__xts__%5B0%5D=68.ARC1oR2Kf99yT5s6GnXr6SfBV2hJscKfNizdJ4Uw2t7pp0epYuJPgr0Uov-9-FZdNBDFETuwzdWyX2xO03TgZLYK18jaXF4yoh3rpakyQ0t20CBk3z4Z7BCqNAdLXF6XjlcrHDCcj5bv5YpGTtW37lS_AdLDF-ba2hY-14Mm20clUaZZVQuQDyHJGJIpr3STixQPyln7YOsWBu0uLIl5RGjhLFfryrCjzHh9SdtRF2jqVGy39ZPxy7Ni36AHlufxrxyic_h9SUSEMTPR6z6qy6giXxWmoHoII6p79qa5dyieKj9DpkLZmGEL-JUw8bDRZxuBWvoe1eB_QfEMzZvD6lePfs3R\" data-hovercard=\"\/ajax\/hovercard\/page.php?id=419790551887333&amp;extragetparams=%7B%22__tn__%22%3A%22%2CdK-R-R%22%2C%22eid%22%3A%22ARAyNVbLlPcnmO26jDlIuWxObS_suxoxmaDTTYt6QIEEVbYQpTUZJbDrNb9KWxw0STpJbwYCHioSMaDf%22%2C%22fref%22%3A%22mentions%22%7D\" data-hovercard-prefer-more-content-show=\"1\" aria-describedby=\"u_50_1\" aria-owns=\"\">Agape art\u0103&amp;natur\u0103<\/a>\u00a0Cabernet Sauvignon 2016 &#8211; un alt vin deosebit din colectia\u00a0<a class=\"profileLink\" href=\"https:\/\/www.facebook.com\/VinotecaHugoAlbaIulia\/?__tn__=K-R&amp;eid=ARBr78_LiLhcpfnnSIF25hwb6eD34apLx1tIY5Xbk3OmXzpbR5EBiqc-YKtIVHCj1ms1fIpYTifCSqVA&amp;fref=mentions&amp;__xts__%5B0%5D=68.ARC1oR2Kf99yT5s6GnXr6SfBV2hJscKfNizdJ4Uw2t7pp0epYuJPgr0Uov-9-FZdNBDFETuwzdWyX2xO03TgZLYK18jaXF4yoh3rpakyQ0t20CBk3z4Z7BCqNAdLXF6XjlcrHDCcj5bv5YpGTtW37lS_AdLDF-ba2hY-14Mm20clUaZZVQuQDyHJGJIpr3STixQPyln7YOsWBu0uLIl5RGjhLFfryrCjzHh9SdtRF2jqVGy39ZPxy7Ni36AHlufxrxyic_h9SUSEMTPR6z6qy6giXxWmoHoII6p79qa5dyieKj9DpkLZmGEL-JUw8bDRZxuBWvoe1eB_QfEMzZvD6lePfs3R\" data-hovercard=\"\/ajax\/hovercard\/page.php?id=1747410438672909&amp;extragetparams=%7B%22__tn__%22%3A%22%2CdK-R-R%22%2C%22eid%22%3A%22ARBr78_LiLhcpfnnSIF25hwb6eD34apLx1tIY5Xbk3OmXzpbR5EBiqc-YKtIVHCj1ms1fIpYTifCSqVA%22%2C%22fref%22%3A%22mentions%22%7D\" data-hovercard-prefer-more-content-show=\"1\">Vinoteca HUGO<\/a>. Produs in editie limitata (1600 sticle) de catre talentatul enolog Adalbert Marton in zona DOC Buzias-Silagiu, vinul are la baza o tehnologie minim invaziva, fara folosirea drojdiilor selec\u021bionate sau a altor protocoale tehnologice moderne. Scopul vinificatorului a fost de a oferi iubitorilor de vin posibilitatea de a gusta &#8220;mesajul naturii&#8221; de pe terroirul in care strugurii au fost crescuti.<\/p>\n","protected":false},"featured_media":14853,"comment_status":"open","ping_status":"closed","template":"","meta":[],"product_brand":[],"product_cat":[887,145],"product_tag":[339,348,346],"class_list":{"0":"post-13038","1":"product","2":"type-product","3":"status-publish","4":"has-post-thumbnail","6":"product_cat-vin-rosu","7":"product_cat-vinuri-romanesti","8":"product_tag-aramic","9":"product_tag-cabernet-sauvignon","10":"product_tag-vin-rosu","12":"first","13":"outofstock","14":"taxable","15":"shipping-taxable","16":"purchasable","17":"product-type-simple"},"yoast_head":"<!-- This site is optimized with the Yoast SEO plugin v24.6 - https:\/\/yoast.com\/wordpress\/plugins\/seo\/ -->\n<title>Agape Cabernet Sauvignon 2016 - Vinoteca Hugo<\/title>\n<meta name=\"description\" content=\"Comand\u0103 online Agape Cabernet Sauvignon 2016 de la Vinoteca Hugo! Vinuri de top pentru momente speciale.\" \/>\n<meta name=\"robots\" content=\"index, follow, max-snippet:-1, max-image-preview:large, max-video-preview:-1\" \/>\n<link rel=\"canonical\" href=\"https:\/\/vinotecahugo.ro\/en\/produs\/agape-cabernet-savuvignon\/\" \/>\n<meta property=\"og:locale\" content=\"en_US\" \/>\n<meta property=\"og:type\" content=\"article\" \/>\n<meta property=\"og:title\" content=\"Agape Cabernet Sauvignon 2016 - Vinoteca Hugo\" \/>\n<meta property=\"og:description\" content=\"Comand\u0103 online Agape Cabernet Sauvignon 2016 de la Vinoteca Hugo! Vinuri de top pentru momente speciale.\" \/>\n<meta property=\"og:url\" content=\"https:\/\/vinotecahugo.ro\/en\/produs\/agape-cabernet-savuvignon\/\" \/>\n<meta property=\"og:site_name\" content=\"Vinoteca Hugo\" \/>\n<meta property=\"article:publisher\" content=\"https:\/\/www.facebook.com\/VinotecaHugoAlbaIulia\" \/>\n<meta property=\"article:modified_time\" content=\"2022-01-09T13:49:35+00:00\" \/>\n<meta property=\"og:image\" content=\"https:\/\/vinotecahugo.ro\/wp-content\/uploads\/2019\/10\/ARAMIC-AGAPE-CABERNET-SAUVIGNON.jpg\" \/>\n\t<meta property=\"og:image:width\" content=\"600\" \/>\n\t<meta property=\"og:image:height\" content=\"600\" \/>\n\t<meta property=\"og:image:type\" content=\"image\/jpeg\" \/>\n<meta name=\"twitter:card\" content=\"summary_large_image\" \/>\n<meta name=\"twitter:label1\" content=\"Est. reading time\" \/>\n\t<meta name=\"twitter:data1\" content=\"1 minute\" \/>\n<script type=\"application\/ld+json\" class=\"yoast-schema-graph\">{\"@context\":\"https:\/\/schema.org\",\"@graph\":[{\"@type\":\"WebPage\",\"@id\":\"https:\/\/vinotecahugo.ro\/en\/produs\/agape-cabernet-savuvignon\/\",\"url\":\"https:\/\/vinotecahugo.ro\/en\/produs\/agape-cabernet-savuvignon\/\",\"name\":\"Agape Cabernet Sauvignon 2016 - Vinoteca Hugo\",\"isPartOf\":{\"@id\":\"https:\/\/vinotecahugo.ro\/en\/#website\"},\"primaryImageOfPage\":{\"@id\":\"https:\/\/vinotecahugo.ro\/en\/produs\/agape-cabernet-savuvignon\/#primaryimage\"},\"image\":{\"@id\":\"https:\/\/vinotecahugo.ro\/en\/produs\/agape-cabernet-savuvignon\/#primaryimage\"},\"thumbnailUrl\":\"https:\/\/vinotecahugo.ro\/wp-content\/uploads\/2019\/10\/ARAMIC-AGAPE-CABERNET-SAUVIGNON.jpg\",\"datePublished\":\"2019-10-18T08:37:49+00:00\",\"dateModified\":\"2022-01-09T13:49:35+00:00\",\"description\":\"Comand\u0103 online Agape Cabernet Sauvignon 2016 de la Vinoteca Hugo! Vinuri de top pentru momente speciale.\",\"breadcrumb\":{\"@id\":\"https:\/\/vinotecahugo.ro\/en\/produs\/agape-cabernet-savuvignon\/#breadcrumb\"},\"inLanguage\":\"en-US\",\"potentialAction\":[{\"@type\":\"ReadAction\",\"target\":[\"https:\/\/vinotecahugo.ro\/en\/produs\/agape-cabernet-savuvignon\/\"]}]},{\"@type\":\"ImageObject\",\"inLanguage\":\"en-US\",\"@id\":\"https:\/\/vinotecahugo.ro\/en\/produs\/agape-cabernet-savuvignon\/#primaryimage\",\"url\":\"https:\/\/vinotecahugo.ro\/wp-content\/uploads\/2019\/10\/ARAMIC-AGAPE-CABERNET-SAUVIGNON.jpg\",\"contentUrl\":\"https:\/\/vinotecahugo.ro\/wp-content\/uploads\/2019\/10\/ARAMIC-AGAPE-CABERNET-SAUVIGNON.jpg\",\"width\":600,\"height\":600},{\"@type\":\"BreadcrumbList\",\"@id\":\"https:\/\/vinotecahugo.ro\/en\/produs\/agape-cabernet-savuvignon\/#breadcrumb\",\"itemListElement\":[{\"@type\":\"ListItem\",\"position\":1,\"name\":\"Prima pagin\u0103\",\"item\":\"https:\/\/vinotecahugo.ro\/en\/\"},{\"@type\":\"ListItem\",\"position\":2,\"name\":\"Magazin\",\"item\":\"https:\/\/vinotecahugo.ro\/magazin\/\"},{\"@type\":\"ListItem\",\"position\":3,\"name\":\"Agape Cabernet Sauvignon 2016\"}]},{\"@type\":\"WebSite\",\"@id\":\"https:\/\/vinotecahugo.ro\/en\/#website\",\"url\":\"https:\/\/vinotecahugo.ro\/en\/\",\"name\":\"Vinoteca Hugo\",\"description\":\"vinotec\u0103 cu o colec\u021bie de peste 5000 de sticle de vin\",\"publisher\":{\"@id\":\"https:\/\/vinotecahugo.ro\/en\/#organization\"},\"potentialAction\":[{\"@type\":\"SearchAction\",\"target\":{\"@type\":\"EntryPoint\",\"urlTemplate\":\"https:\/\/vinotecahugo.ro\/en\/?s={search_term_string}\"},\"query-input\":{\"@type\":\"PropertyValueSpecification\",\"valueRequired\":true,\"valueName\":\"search_term_string\"}}],\"inLanguage\":\"en-US\"},{\"@type\":\"Organization\",\"@id\":\"https:\/\/vinotecahugo.ro\/en\/#organization\",\"name\":\"Vinoteca Hugo\",\"url\":\"https:\/\/vinotecahugo.ro\/en\/\",\"logo\":{\"@type\":\"ImageObject\",\"inLanguage\":\"en-US\",\"@id\":\"https:\/\/vinotecahugo.ro\/en\/#\/schema\/logo\/image\/\",\"url\":\"https:\/\/vinotecahugo.ro\/wp-content\/uploads\/2020\/04\/logo-vinoteca-hugo-160-120..jpg\",\"contentUrl\":\"https:\/\/vinotecahugo.ro\/wp-content\/uploads\/2020\/04\/logo-vinoteca-hugo-160-120..jpg\",\"width\":160,\"height\":120,\"caption\":\"Vinoteca Hugo\"},\"image\":{\"@id\":\"https:\/\/vinotecahugo.ro\/en\/#\/schema\/logo\/image\/\"},\"sameAs\":[\"https:\/\/www.facebook.com\/VinotecaHugoAlbaIulia\",\"https:\/\/www.instagram.com\/vinoteca_hugo\/\",\"https:\/\/www.youtube.com\/channel\/UCpprt6bjcY4i-6P9WM-466g\"]}]}<\/script>\n<!-- \/ Yoast SEO plugin. -->","yoast_head_json":{"title":"Agape Cabernet Sauvignon 2016 - Vinoteca Hugo","description":"Comand\u0103 online Agape Cabernet Sauvignon 2016 de la Vinoteca Hugo! Vinuri de top pentru momente speciale.","robots":{"index":"index","follow":"follow","max-snippet":"max-snippet:-1","max-image-preview":"max-image-preview:large","max-video-preview":"max-video-preview:-1"},"canonical":"https:\/\/vinotecahugo.ro\/en\/produs\/agape-cabernet-savuvignon\/","og_locale":"en_US","og_type":"article","og_title":"Agape Cabernet Sauvignon 2016 - Vinoteca Hugo","og_description":"Comand\u0103 online Agape Cabernet Sauvignon 2016 de la Vinoteca Hugo! Vinuri de top pentru momente speciale.","og_url":"https:\/\/vinotecahugo.ro\/en\/produs\/agape-cabernet-savuvignon\/","og_site_name":"Vinoteca Hugo","article_publisher":"https:\/\/www.facebook.com\/VinotecaHugoAlbaIulia","article_modified_time":"2022-01-09T13:49:35+00:00","og_image":[{"width":600,"height":600,"url":"https:\/\/vinotecahugo.ro\/wp-content\/uploads\/2019\/10\/ARAMIC-AGAPE-CABERNET-SAUVIGNON.jpg","type":"image\/jpeg"}],"twitter_card":"summary_large_image","twitter_misc":{"Est. reading time":"1 minute"},"schema":{"@context":"https:\/\/schema.org","@graph":[{"@type":"WebPage","@id":"https:\/\/vinotecahugo.ro\/en\/produs\/agape-cabernet-savuvignon\/","url":"https:\/\/vinotecahugo.ro\/en\/produs\/agape-cabernet-savuvignon\/","name":"Agape Cabernet Sauvignon 2016 - Vinoteca Hugo","isPartOf":{"@id":"https:\/\/vinotecahugo.ro\/en\/#website"},"primaryImageOfPage":{"@id":"https:\/\/vinotecahugo.ro\/en\/produs\/agape-cabernet-savuvignon\/#primaryimage"},"image":{"@id":"https:\/\/vinotecahugo.ro\/en\/produs\/agape-cabernet-savuvignon\/#primaryimage"},"thumbnailUrl":"https:\/\/vinotecahugo.ro\/wp-content\/uploads\/2019\/10\/ARAMIC-AGAPE-CABERNET-SAUVIGNON.jpg","datePublished":"2019-10-18T08:37:49+00:00","dateModified":"2022-01-09T13:49:35+00:00","description":"Comand\u0103 online Agape Cabernet Sauvignon 2016 de la Vinoteca Hugo! Vinuri de top pentru momente speciale.","breadcrumb":{"@id":"https:\/\/vinotecahugo.ro\/en\/produs\/agape-cabernet-savuvignon\/#breadcrumb"},"inLanguage":"en-US","potentialAction":[{"@type":"ReadAction","target":["https:\/\/vinotecahugo.ro\/en\/produs\/agape-cabernet-savuvignon\/"]}]},{"@type":"ImageObject","inLanguage":"en-US","@id":"https:\/\/vinotecahugo.ro\/en\/produs\/agape-cabernet-savuvignon\/#primaryimage","url":"https:\/\/vinotecahugo.ro\/wp-content\/uploads\/2019\/10\/ARAMIC-AGAPE-CABERNET-SAUVIGNON.jpg","contentUrl":"https:\/\/vinotecahugo.ro\/wp-content\/uploads\/2019\/10\/ARAMIC-AGAPE-CABERNET-SAUVIGNON.jpg","width":600,"height":600},{"@type":"BreadcrumbList","@id":"https:\/\/vinotecahugo.ro\/en\/produs\/agape-cabernet-savuvignon\/#breadcrumb","itemListElement":[{"@type":"ListItem","position":1,"name":"Prima pagin\u0103","item":"https:\/\/vinotecahugo.ro\/en\/"},{"@type":"ListItem","position":2,"name":"Magazin","item":"https:\/\/vinotecahugo.ro\/magazin\/"},{"@type":"ListItem","position":3,"name":"Agape Cabernet Sauvignon 2016"}]},{"@type":"WebSite","@id":"https:\/\/vinotecahugo.ro\/en\/#website","url":"https:\/\/vinotecahugo.ro\/en\/","name":"Vinoteca Hugo","description":"vinotec\u0103 cu o colec\u021bie de peste 5000 de sticle de vin","publisher":{"@id":"https:\/\/vinotecahugo.ro\/en\/#organization"},"potentialAction":[{"@type":"SearchAction","target":{"@type":"EntryPoint","urlTemplate":"https:\/\/vinotecahugo.ro\/en\/?s={search_term_string}"},"query-input":{"@type":"PropertyValueSpecification","valueRequired":true,"valueName":"search_term_string"}}],"inLanguage":"en-US"},{"@type":"Organization","@id":"https:\/\/vinotecahugo.ro\/en\/#organization","name":"Vinoteca Hugo","url":"https:\/\/vinotecahugo.ro\/en\/","logo":{"@type":"ImageObject","inLanguage":"en-US","@id":"https:\/\/vinotecahugo.ro\/en\/#\/schema\/logo\/image\/","url":"https:\/\/vinotecahugo.ro\/wp-content\/uploads\/2020\/04\/logo-vinoteca-hugo-160-120..jpg","contentUrl":"https:\/\/vinotecahugo.ro\/wp-content\/uploads\/2020\/04\/logo-vinoteca-hugo-160-120..jpg","width":160,"height":120,"caption":"Vinoteca Hugo"},"image":{"@id":"https:\/\/vinotecahugo.ro\/en\/#\/schema\/logo\/image\/"},"sameAs":["https:\/\/www.facebook.com\/VinotecaHugoAlbaIulia","https:\/\/www.instagram.com\/vinoteca_hugo\/","https:\/\/www.youtube.com\/channel\/UCpprt6bjcY4i-6P9WM-466g"]}]}},"_links":{"self":[{"href":"https:\/\/vinotecahugo.ro\/en\/wp-json\/wp\/v2\/product\/13038","targetHints":{"allow":["GET"]}}],"collection":[{"href":"https:\/\/vinotecahugo.ro\/en\/wp-json\/wp\/v2\/product"}],"about":[{"href":"https:\/\/vinotecahugo.ro\/en\/wp-json\/wp\/v2\/types\/product"}],"replies":[{"embeddable":true,"href":"https:\/\/vinotecahugo.ro\/en\/wp-json\/wp\/v2\/comments?post=13038"}],"wp:featuredmedia":[{"embeddable":true,"href":"https:\/\/vinotecahugo.ro\/en\/wp-json\/wp\/v2\/media\/14853"}],"wp:attachment":[{"href":"https:\/\/vinotecahugo.ro\/en\/wp-json\/wp\/v2\/media?parent=13038"}],"wp:term":[{"taxonomy":"product_brand","embeddable":true,"href":"https:\/\/vinotecahugo.ro\/en\/wp-json\/wp\/v2\/product_brand?post=13038"},{"taxonomy":"product_cat","embeddable":true,"href":"https:\/\/vinotecahugo.ro\/en\/wp-json\/wp\/v2\/product_cat?post=13038"},{"taxonomy":"product_tag","embeddable":true,"href":"https:\/\/vinotecahugo.ro\/en\/wp-json\/wp\/v2\/product_tag?post=13038"}],"curies":[{"name":"wp","href":"https:\/\/api.w.org\/{rel}","templated":true}]}}