{"id":13035,"date":"2019-10-18T11:37:48","date_gmt":"2019-10-18T08:37:48","guid":{"rendered":"https:\/\/vinotecahugo.ro\/produs\/aramic-feteasca-neagra\/"},"modified":"2025-10-05T10:01:34","modified_gmt":"2025-10-05T07:01:34","slug":"aramic-feteasca-neagra","status":"publish","type":"product","link":"https:\/\/vinotecahugo.ro\/en\/produs\/aramic-feteasca-neagra\/","title":{"rendered":"Crama Aramic FETEASCA NEAGRA 2017"},"content":{"rendered":"<p><strong>Crama Aramic FETEASCA NEAGRA 2017<\/strong><\/p>\n<p>Feteasca Neagr\u0103 este atestat\u0103 ca fiind unul dintre cele mai vechi soiuri de struguri din zona Rom\u00e2niei, izvoarele istorice vorbind despre cultivarea sa \u00eenc\u0103 de acum 2.000 de ani, din vremea dacilor. Se pare c\u0103 acest soi de struguri a ap\u0103rut prima dat\u0103 \u00een zona Prutului, iar cu timpul s-a extins \u0219i c\u0103tre alte zone ale \u021b\u0103rii, p\u00e2n\u0103 la podgoriile mai \u00eensorite. \u00cempreun\u0103 cu aceast\u0103 extindere, soiul Feteasc\u0103 Neagr\u0103 a dezvoltat \u0219i alte propriet\u0103\u021bi, \u00een anii favorabili concur\u00e2nd inclusiv cu Cabernet Sauvignon, considerat cel mai bun soi pentru vinurile ro\u0219ii. Secretul strugurilor Feteasc\u0103 Neagr\u0103 st\u0103 \u00een rezisten\u021ba la frig \u0219i secet\u0103. \u00cen general, vinurile produse din Feteasc\u0103 Neagr\u0103 sunt seci \u015fi apreciate pentru aroma lor sofisticat\u0103. Aramic Feteasc\u0103 Neagr\u0103 este \u015fi el un vin ro\u0219u sec, care surprinde prin culoarea sa intens\u0103, dar \u0219i prin aromele bogate de prune, cire\u0219e \u0219i accente afumate. La final, aromele fructate las\u0103 loc tonurilor spicy de cui\u0219oare pentru a completa cum se cuvine o experien\u021b\u0103 gustativ\u0103 cu adev\u0103rat extraordinar\u0103. Recomand\u0103m asocierea cu preparate din berbecu\u021b \u0219i vit\u0103. Temperatura recomandata pentru servire 16-18 \u00b0 C.<\/p>\n","protected":false},"excerpt":{"rendered":"<p><strong>Crama Aramic FETEASCA NEAGRA 2017<\/strong><\/p>\n<p>Cu o culoare ro\u0219ie rubinie\u00a0 intens\u0103, aceast\u0103 Feteasc\u0103 Neagr\u0103 ne dezv\u0103luie arome bogate de cire\u0219e negre \u015fi prune zemoase, la care se adaug\u0103 tonuri fin afumate. Gustativ, cire\u0219ele negre\u00a0 sunt dominante pentru ca \u00een postgustul lung s\u0103 \u00eent\u00e2lnim note de cui\u0219oare.\u00a0 Recomand\u0103m asocierea cu preparate din berbecu\u021b \u0219i vit\u0103.<\/p>\n<p>&nbsp;<\/p>\n","protected":false},"featured_media":15066,"comment_status":"open","ping_status":"closed","template":"","meta":[],"product_brand":[],"product_cat":[887,888,145],"product_tag":[340,432],"class_list":{"0":"post-13035","1":"product","2":"type-product","3":"status-publish","4":"has-post-thumbnail","6":"product_cat-vin-rosu","7":"product_cat-vin-rosu-sec","8":"product_cat-vinuri-romanesti","9":"product_tag-crama-aramic","10":"product_tag-feteasca-neagra","12":"first","13":"instock","14":"taxable","15":"shipping-taxable","16":"purchasable","17":"product-type-simple"},"yoast_head":"<!-- This site is optimized with the Yoast SEO plugin v24.6 - https:\/\/yoast.com\/wordpress\/plugins\/seo\/ -->\n<title>Crama Aramic FETEASCA NEAGRA 2017 - Vinoteca Hugo<\/title>\n<meta name=\"description\" content=\"Comand\u0103 online Crama Aramic FETEASCA NEAGRA 2017 de la Vinoteca Hugo! Vinuri de top pentru momente speciale.\" \/>\n<meta name=\"robots\" content=\"index, follow, max-snippet:-1, max-image-preview:large, max-video-preview:-1\" \/>\n<link rel=\"canonical\" href=\"https:\/\/vinotecahugo.ro\/en\/produs\/aramic-feteasca-neagra\/\" \/>\n<meta property=\"og:locale\" content=\"en_US\" \/>\n<meta property=\"og:type\" content=\"article\" \/>\n<meta property=\"og:title\" content=\"Crama Aramic FETEASCA NEAGRA 2017 - Vinoteca Hugo\" \/>\n<meta property=\"og:description\" content=\"Comand\u0103 online Crama Aramic FETEASCA NEAGRA 2017 de la Vinoteca Hugo! Vinuri de top pentru momente speciale.\" \/>\n<meta property=\"og:url\" content=\"https:\/\/vinotecahugo.ro\/en\/produs\/aramic-feteasca-neagra\/\" \/>\n<meta property=\"og:site_name\" content=\"Vinoteca Hugo\" \/>\n<meta property=\"article:publisher\" content=\"https:\/\/www.facebook.com\/VinotecaHugoAlbaIulia\" \/>\n<meta property=\"article:modified_time\" content=\"2025-10-05T07:01:34+00:00\" \/>\n<meta property=\"og:image\" content=\"https:\/\/vinotecahugo.ro\/wp-content\/uploads\/2019\/10\/aramic-feteasca-neagra.jpg\" \/>\n\t<meta property=\"og:image:width\" content=\"600\" \/>\n\t<meta property=\"og:image:height\" content=\"600\" \/>\n\t<meta property=\"og:image:type\" content=\"image\/jpeg\" \/>\n<meta name=\"twitter:card\" content=\"summary_large_image\" \/>\n<meta name=\"twitter:label1\" content=\"Est. reading time\" \/>\n\t<meta name=\"twitter:data1\" content=\"1 minute\" \/>\n<script type=\"application\/ld+json\" class=\"yoast-schema-graph\">{\"@context\":\"https:\/\/schema.org\",\"@graph\":[{\"@type\":\"WebPage\",\"@id\":\"https:\/\/vinotecahugo.ro\/en\/produs\/aramic-feteasca-neagra\/\",\"url\":\"https:\/\/vinotecahugo.ro\/en\/produs\/aramic-feteasca-neagra\/\",\"name\":\"Crama Aramic FETEASCA NEAGRA 2017 - Vinoteca Hugo\",\"isPartOf\":{\"@id\":\"https:\/\/vinotecahugo.ro\/en\/#website\"},\"primaryImageOfPage\":{\"@id\":\"https:\/\/vinotecahugo.ro\/en\/produs\/aramic-feteasca-neagra\/#primaryimage\"},\"image\":{\"@id\":\"https:\/\/vinotecahugo.ro\/en\/produs\/aramic-feteasca-neagra\/#primaryimage\"},\"thumbnailUrl\":\"https:\/\/vinotecahugo.ro\/wp-content\/uploads\/2019\/10\/aramic-feteasca-neagra.jpg\",\"datePublished\":\"2019-10-18T08:37:48+00:00\",\"dateModified\":\"2025-10-05T07:01:34+00:00\",\"description\":\"Comand\u0103 online Crama Aramic FETEASCA NEAGRA 2017 de la Vinoteca Hugo! Vinuri de top pentru momente speciale.\",\"breadcrumb\":{\"@id\":\"https:\/\/vinotecahugo.ro\/en\/produs\/aramic-feteasca-neagra\/#breadcrumb\"},\"inLanguage\":\"en-US\",\"potentialAction\":[{\"@type\":\"ReadAction\",\"target\":[\"https:\/\/vinotecahugo.ro\/en\/produs\/aramic-feteasca-neagra\/\"]}]},{\"@type\":\"ImageObject\",\"inLanguage\":\"en-US\",\"@id\":\"https:\/\/vinotecahugo.ro\/en\/produs\/aramic-feteasca-neagra\/#primaryimage\",\"url\":\"https:\/\/vinotecahugo.ro\/wp-content\/uploads\/2019\/10\/aramic-feteasca-neagra.jpg\",\"contentUrl\":\"https:\/\/vinotecahugo.ro\/wp-content\/uploads\/2019\/10\/aramic-feteasca-neagra.jpg\",\"width\":600,\"height\":600},{\"@type\":\"BreadcrumbList\",\"@id\":\"https:\/\/vinotecahugo.ro\/en\/produs\/aramic-feteasca-neagra\/#breadcrumb\",\"itemListElement\":[{\"@type\":\"ListItem\",\"position\":1,\"name\":\"Prima pagin\u0103\",\"item\":\"https:\/\/vinotecahugo.ro\/en\/\"},{\"@type\":\"ListItem\",\"position\":2,\"name\":\"Magazin\",\"item\":\"https:\/\/vinotecahugo.ro\/magazin\/\"},{\"@type\":\"ListItem\",\"position\":3,\"name\":\"Crama Aramic FETEASCA NEAGRA 2017\"}]},{\"@type\":\"WebSite\",\"@id\":\"https:\/\/vinotecahugo.ro\/en\/#website\",\"url\":\"https:\/\/vinotecahugo.ro\/en\/\",\"name\":\"Vinoteca Hugo\",\"description\":\"vinotec\u0103 cu o colec\u021bie de peste 5000 de sticle de vin\",\"publisher\":{\"@id\":\"https:\/\/vinotecahugo.ro\/en\/#organization\"},\"potentialAction\":[{\"@type\":\"SearchAction\",\"target\":{\"@type\":\"EntryPoint\",\"urlTemplate\":\"https:\/\/vinotecahugo.ro\/en\/?s={search_term_string}\"},\"query-input\":{\"@type\":\"PropertyValueSpecification\",\"valueRequired\":true,\"valueName\":\"search_term_string\"}}],\"inLanguage\":\"en-US\"},{\"@type\":\"Organization\",\"@id\":\"https:\/\/vinotecahugo.ro\/en\/#organization\",\"name\":\"Vinoteca Hugo\",\"url\":\"https:\/\/vinotecahugo.ro\/en\/\",\"logo\":{\"@type\":\"ImageObject\",\"inLanguage\":\"en-US\",\"@id\":\"https:\/\/vinotecahugo.ro\/en\/#\/schema\/logo\/image\/\",\"url\":\"https:\/\/vinotecahugo.ro\/wp-content\/uploads\/2020\/04\/logo-vinoteca-hugo-160-120..jpg\",\"contentUrl\":\"https:\/\/vinotecahugo.ro\/wp-content\/uploads\/2020\/04\/logo-vinoteca-hugo-160-120..jpg\",\"width\":160,\"height\":120,\"caption\":\"Vinoteca Hugo\"},\"image\":{\"@id\":\"https:\/\/vinotecahugo.ro\/en\/#\/schema\/logo\/image\/\"},\"sameAs\":[\"https:\/\/www.facebook.com\/VinotecaHugoAlbaIulia\",\"https:\/\/www.instagram.com\/vinoteca_hugo\/\",\"https:\/\/www.youtube.com\/channel\/UCpprt6bjcY4i-6P9WM-466g\"]}]}<\/script>\n<!-- \/ Yoast SEO plugin. -->","yoast_head_json":{"title":"Crama Aramic FETEASCA NEAGRA 2017 - Vinoteca Hugo","description":"Comand\u0103 online Crama Aramic FETEASCA NEAGRA 2017 de la Vinoteca Hugo! Vinuri de top pentru momente speciale.","robots":{"index":"index","follow":"follow","max-snippet":"max-snippet:-1","max-image-preview":"max-image-preview:large","max-video-preview":"max-video-preview:-1"},"canonical":"https:\/\/vinotecahugo.ro\/en\/produs\/aramic-feteasca-neagra\/","og_locale":"en_US","og_type":"article","og_title":"Crama Aramic FETEASCA NEAGRA 2017 - Vinoteca Hugo","og_description":"Comand\u0103 online Crama Aramic FETEASCA NEAGRA 2017 de la Vinoteca Hugo! Vinuri de top pentru momente speciale.","og_url":"https:\/\/vinotecahugo.ro\/en\/produs\/aramic-feteasca-neagra\/","og_site_name":"Vinoteca Hugo","article_publisher":"https:\/\/www.facebook.com\/VinotecaHugoAlbaIulia","article_modified_time":"2025-10-05T07:01:34+00:00","og_image":[{"width":600,"height":600,"url":"https:\/\/vinotecahugo.ro\/wp-content\/uploads\/2019\/10\/aramic-feteasca-neagra.jpg","type":"image\/jpeg"}],"twitter_card":"summary_large_image","twitter_misc":{"Est. reading time":"1 minute"},"schema":{"@context":"https:\/\/schema.org","@graph":[{"@type":"WebPage","@id":"https:\/\/vinotecahugo.ro\/en\/produs\/aramic-feteasca-neagra\/","url":"https:\/\/vinotecahugo.ro\/en\/produs\/aramic-feteasca-neagra\/","name":"Crama Aramic FETEASCA NEAGRA 2017 - Vinoteca Hugo","isPartOf":{"@id":"https:\/\/vinotecahugo.ro\/en\/#website"},"primaryImageOfPage":{"@id":"https:\/\/vinotecahugo.ro\/en\/produs\/aramic-feteasca-neagra\/#primaryimage"},"image":{"@id":"https:\/\/vinotecahugo.ro\/en\/produs\/aramic-feteasca-neagra\/#primaryimage"},"thumbnailUrl":"https:\/\/vinotecahugo.ro\/wp-content\/uploads\/2019\/10\/aramic-feteasca-neagra.jpg","datePublished":"2019-10-18T08:37:48+00:00","dateModified":"2025-10-05T07:01:34+00:00","description":"Comand\u0103 online Crama Aramic FETEASCA NEAGRA 2017 de la Vinoteca Hugo! Vinuri de top pentru momente speciale.","breadcrumb":{"@id":"https:\/\/vinotecahugo.ro\/en\/produs\/aramic-feteasca-neagra\/#breadcrumb"},"inLanguage":"en-US","potentialAction":[{"@type":"ReadAction","target":["https:\/\/vinotecahugo.ro\/en\/produs\/aramic-feteasca-neagra\/"]}]},{"@type":"ImageObject","inLanguage":"en-US","@id":"https:\/\/vinotecahugo.ro\/en\/produs\/aramic-feteasca-neagra\/#primaryimage","url":"https:\/\/vinotecahugo.ro\/wp-content\/uploads\/2019\/10\/aramic-feteasca-neagra.jpg","contentUrl":"https:\/\/vinotecahugo.ro\/wp-content\/uploads\/2019\/10\/aramic-feteasca-neagra.jpg","width":600,"height":600},{"@type":"BreadcrumbList","@id":"https:\/\/vinotecahugo.ro\/en\/produs\/aramic-feteasca-neagra\/#breadcrumb","itemListElement":[{"@type":"ListItem","position":1,"name":"Prima pagin\u0103","item":"https:\/\/vinotecahugo.ro\/en\/"},{"@type":"ListItem","position":2,"name":"Magazin","item":"https:\/\/vinotecahugo.ro\/magazin\/"},{"@type":"ListItem","position":3,"name":"Crama Aramic FETEASCA NEAGRA 2017"}]},{"@type":"WebSite","@id":"https:\/\/vinotecahugo.ro\/en\/#website","url":"https:\/\/vinotecahugo.ro\/en\/","name":"Vinoteca Hugo","description":"vinotec\u0103 cu o colec\u021bie de peste 5000 de sticle de vin","publisher":{"@id":"https:\/\/vinotecahugo.ro\/en\/#organization"},"potentialAction":[{"@type":"SearchAction","target":{"@type":"EntryPoint","urlTemplate":"https:\/\/vinotecahugo.ro\/en\/?s={search_term_string}"},"query-input":{"@type":"PropertyValueSpecification","valueRequired":true,"valueName":"search_term_string"}}],"inLanguage":"en-US"},{"@type":"Organization","@id":"https:\/\/vinotecahugo.ro\/en\/#organization","name":"Vinoteca Hugo","url":"https:\/\/vinotecahugo.ro\/en\/","logo":{"@type":"ImageObject","inLanguage":"en-US","@id":"https:\/\/vinotecahugo.ro\/en\/#\/schema\/logo\/image\/","url":"https:\/\/vinotecahugo.ro\/wp-content\/uploads\/2020\/04\/logo-vinoteca-hugo-160-120..jpg","contentUrl":"https:\/\/vinotecahugo.ro\/wp-content\/uploads\/2020\/04\/logo-vinoteca-hugo-160-120..jpg","width":160,"height":120,"caption":"Vinoteca Hugo"},"image":{"@id":"https:\/\/vinotecahugo.ro\/en\/#\/schema\/logo\/image\/"},"sameAs":["https:\/\/www.facebook.com\/VinotecaHugoAlbaIulia","https:\/\/www.instagram.com\/vinoteca_hugo\/","https:\/\/www.youtube.com\/channel\/UCpprt6bjcY4i-6P9WM-466g"]}]}},"_links":{"self":[{"href":"https:\/\/vinotecahugo.ro\/en\/wp-json\/wp\/v2\/product\/13035","targetHints":{"allow":["GET"]}}],"collection":[{"href":"https:\/\/vinotecahugo.ro\/en\/wp-json\/wp\/v2\/product"}],"about":[{"href":"https:\/\/vinotecahugo.ro\/en\/wp-json\/wp\/v2\/types\/product"}],"replies":[{"embeddable":true,"href":"https:\/\/vinotecahugo.ro\/en\/wp-json\/wp\/v2\/comments?post=13035"}],"wp:featuredmedia":[{"embeddable":true,"href":"https:\/\/vinotecahugo.ro\/en\/wp-json\/wp\/v2\/media\/15066"}],"wp:attachment":[{"href":"https:\/\/vinotecahugo.ro\/en\/wp-json\/wp\/v2\/media?parent=13035"}],"wp:term":[{"taxonomy":"product_brand","embeddable":true,"href":"https:\/\/vinotecahugo.ro\/en\/wp-json\/wp\/v2\/product_brand?post=13035"},{"taxonomy":"product_cat","embeddable":true,"href":"https:\/\/vinotecahugo.ro\/en\/wp-json\/wp\/v2\/product_cat?post=13035"},{"taxonomy":"product_tag","embeddable":true,"href":"https:\/\/vinotecahugo.ro\/en\/wp-json\/wp\/v2\/product_tag?post=13035"}],"curies":[{"name":"wp","href":"https:\/\/api.w.org\/{rel}","templated":true}]}}