{"id":13027,"date":"2019-10-18T11:37:46","date_gmt":"2019-10-18T08:37:46","guid":{"rendered":"https:\/\/vinotecahugo.ro\/produs\/pinot-noir\/"},"modified":"2024-11-08T15:08:18","modified_gmt":"2024-11-08T13:08:18","slug":"pinot-noir","status":"publish","type":"product","link":"https:\/\/vinotecahugo.ro\/en\/produs\/pinot-noir\/","title":{"rendered":"Vitis Metamorfosis Via Marchizului PINOT NOIR 2016"},"content":{"rendered":"<div class=\"video-shortcode\"><iframe title=\"Metamorfosis\" width=\"1100\" height=\"619\" src=\"https:\/\/www.youtube.com\/embed\/og8GjjC-jA0?feature=oembed\" frameborder=\"0\" allow=\"accelerometer; autoplay; encrypted-media; gyroscope; picture-in-picture\" allowfullscreen><\/iframe><\/div>\n<p><strong>Vitis Metamorfosis Via Marchizului\u00a0 PINOT NOIR 2016<\/strong><\/p>\n<p>In momentul in care ajungi sa degusti acest Pinot Noir de Dealu Mare, orice preconceptie legata de delicatetea soiului capata o noua dimensiune. Este ca atunci cand te astepti sa primesti un The Beatles, jovial,direct si \u201cinflorat\u201d, dar in schimb ti se ofera un David Bowie, in cea mai pura forma. Sobru, intens, amplu si complex! Aromatic, nu ascunde deloc faptul ca a fost maturat in lemn de stejar, punand laolalta tonurile de fructe negre de padure langa cele de condimente proaspat zdrobite. In acelasi sablon se construieste si gustul impunator al acestui vin. Demareaza catifelat si fructat, insa, dupa un timp, scoate in fata structura construita cu ajutorul taninurilor, dar mai ales in jurul aportului alcoolic. Astfel, fiecare inghititura lasa in urma sa o electrizanta senzatie de piper zdrobit, ce rezoneaza puternic intr-un postgust fructat-tonic. Ideal a fi savurat la o temperatura de 16-18 grade Celsius. Recomandari culinare ideale: tocanita de vitel cu ciuperci, friptura de curcan la cuptor, piept de rata cu portocale, tarta cu mere.<\/p>\n","protected":false},"excerpt":{"rendered":"<p><strong>Vitis Metamorfosis Via Marchizului\u00a0 PINOT NOIR 2016<\/strong><\/p>\n<p>Cele 1,25 hectare cultivate ecologic pe Plaiul Viticol Fin\u021be\u015fti cu Pinot Noir au fost separate de restul viei pentru a permite echipei s\u0103 acorde o aten\u021bie sporit\u0103 acestor soiuri excep\u021bionale, lucru care a contribuit la ob\u021binerea unor vinuri de o calitate deosebit\u0103. In 2016 au fost produse doar 1860 de sticle.\u00a0 E un vin ro\u015fu str\u0103lucitor ce etaleaz\u0103 aromele clasice de fructe ro\u015fii, \u00een special vi\u015fine, ale soiului. La acestea se adaug\u0103 caracterul afumat \u015fi condimentat al butoiului de stejar \u00een care a fost maturat timp de 10 luni. Sec, echilibrat, cu tanini discre\u021bi \u015fi un post-gust persistent \u015fi elegant. Recomandari culinare ideale: tocanita de vitel cu ciuperci, friptura de curcan la cuptor, piept de rata cu portocale, tarta cu mere.<\/p>\n","protected":false},"featured_media":15111,"comment_status":"open","ping_status":"closed","template":"","meta":[],"product_brand":[],"product_cat":[887,888,145],"product_tag":[409,459,368,601],"class_list":{"0":"post-13027","1":"product","2":"type-product","3":"status-publish","4":"has-post-thumbnail","6":"product_cat-vin-rosu","7":"product_cat-vin-rosu-sec","8":"product_cat-vinuri-romanesti","9":"product_tag-dealul-mare","10":"product_tag-metamorfosis","11":"product_tag-pinot-noir","12":"product_tag-via-marchizului","14":"first","15":"instock","16":"taxable","17":"shipping-taxable","18":"purchasable","19":"product-type-simple"},"yoast_head":"<!-- This site is optimized with the Yoast SEO plugin v24.6 - https:\/\/yoast.com\/wordpress\/plugins\/seo\/ -->\n<title>Vitis Metamorfosis Via Marchizului PINOT NOIR 2016 - Vinoteca Hugo<\/title>\n<meta name=\"description\" content=\"Comand\u0103 online Vitis Metamorfosis Via Marchizului PINOT NOIR 2016 de la Vinoteca Hugo! Vinuri de top pentru momente speciale.\" \/>\n<meta name=\"robots\" content=\"index, follow, max-snippet:-1, max-image-preview:large, max-video-preview:-1\" \/>\n<link rel=\"canonical\" href=\"https:\/\/vinotecahugo.ro\/en\/produs\/pinot-noir\/\" \/>\n<meta property=\"og:locale\" content=\"en_US\" \/>\n<meta property=\"og:type\" content=\"article\" \/>\n<meta property=\"og:title\" content=\"Vitis Metamorfosis Via Marchizului PINOT NOIR 2016 - Vinoteca Hugo\" \/>\n<meta property=\"og:description\" content=\"Comand\u0103 online Vitis Metamorfosis Via Marchizului PINOT NOIR 2016 de la Vinoteca Hugo! Vinuri de top pentru momente speciale.\" \/>\n<meta property=\"og:url\" content=\"https:\/\/vinotecahugo.ro\/en\/produs\/pinot-noir\/\" \/>\n<meta property=\"og:site_name\" content=\"Vinoteca Hugo\" \/>\n<meta property=\"article:publisher\" content=\"https:\/\/www.facebook.com\/VinotecaHugoAlbaIulia\" \/>\n<meta property=\"article:modified_time\" content=\"2024-11-08T13:08:18+00:00\" \/>\n<meta property=\"og:image\" content=\"https:\/\/vinotecahugo.ro\/wp-content\/uploads\/2019\/10\/metamorfosis-pinot-noir.jpg\" \/>\n\t<meta property=\"og:image:width\" content=\"600\" \/>\n\t<meta property=\"og:image:height\" content=\"600\" \/>\n\t<meta property=\"og:image:type\" content=\"image\/jpeg\" \/>\n<meta name=\"twitter:card\" content=\"summary_large_image\" \/>\n<meta name=\"twitter:label1\" content=\"Est. reading time\" \/>\n\t<meta name=\"twitter:data1\" content=\"1 minute\" \/>\n<script type=\"application\/ld+json\" class=\"yoast-schema-graph\">{\"@context\":\"https:\/\/schema.org\",\"@graph\":[{\"@type\":\"WebPage\",\"@id\":\"https:\/\/vinotecahugo.ro\/en\/produs\/pinot-noir\/\",\"url\":\"https:\/\/vinotecahugo.ro\/en\/produs\/pinot-noir\/\",\"name\":\"Vitis Metamorfosis Via Marchizului PINOT NOIR 2016 - Vinoteca Hugo\",\"isPartOf\":{\"@id\":\"https:\/\/vinotecahugo.ro\/en\/#website\"},\"primaryImageOfPage\":{\"@id\":\"https:\/\/vinotecahugo.ro\/en\/produs\/pinot-noir\/#primaryimage\"},\"image\":{\"@id\":\"https:\/\/vinotecahugo.ro\/en\/produs\/pinot-noir\/#primaryimage\"},\"thumbnailUrl\":\"https:\/\/vinotecahugo.ro\/wp-content\/uploads\/2019\/10\/metamorfosis-pinot-noir.jpg\",\"datePublished\":\"2019-10-18T08:37:46+00:00\",\"dateModified\":\"2024-11-08T13:08:18+00:00\",\"description\":\"Comand\u0103 online Vitis Metamorfosis Via Marchizului PINOT NOIR 2016 de la Vinoteca Hugo! Vinuri de top pentru momente speciale.\",\"breadcrumb\":{\"@id\":\"https:\/\/vinotecahugo.ro\/en\/produs\/pinot-noir\/#breadcrumb\"},\"inLanguage\":\"en-US\",\"potentialAction\":[{\"@type\":\"ReadAction\",\"target\":[\"https:\/\/vinotecahugo.ro\/en\/produs\/pinot-noir\/\"]}]},{\"@type\":\"ImageObject\",\"inLanguage\":\"en-US\",\"@id\":\"https:\/\/vinotecahugo.ro\/en\/produs\/pinot-noir\/#primaryimage\",\"url\":\"https:\/\/vinotecahugo.ro\/wp-content\/uploads\/2019\/10\/metamorfosis-pinot-noir.jpg\",\"contentUrl\":\"https:\/\/vinotecahugo.ro\/wp-content\/uploads\/2019\/10\/metamorfosis-pinot-noir.jpg\",\"width\":600,\"height\":600},{\"@type\":\"BreadcrumbList\",\"@id\":\"https:\/\/vinotecahugo.ro\/en\/produs\/pinot-noir\/#breadcrumb\",\"itemListElement\":[{\"@type\":\"ListItem\",\"position\":1,\"name\":\"Prima pagin\u0103\",\"item\":\"https:\/\/vinotecahugo.ro\/en\/\"},{\"@type\":\"ListItem\",\"position\":2,\"name\":\"Magazin\",\"item\":\"https:\/\/vinotecahugo.ro\/magazin\/\"},{\"@type\":\"ListItem\",\"position\":3,\"name\":\"Vitis Metamorfosis Via Marchizului PINOT NOIR 2016\"}]},{\"@type\":\"WebSite\",\"@id\":\"https:\/\/vinotecahugo.ro\/en\/#website\",\"url\":\"https:\/\/vinotecahugo.ro\/en\/\",\"name\":\"Vinoteca Hugo\",\"description\":\"vinotec\u0103 cu o colec\u021bie de peste 5000 de sticle de vin\",\"publisher\":{\"@id\":\"https:\/\/vinotecahugo.ro\/en\/#organization\"},\"potentialAction\":[{\"@type\":\"SearchAction\",\"target\":{\"@type\":\"EntryPoint\",\"urlTemplate\":\"https:\/\/vinotecahugo.ro\/en\/?s={search_term_string}\"},\"query-input\":{\"@type\":\"PropertyValueSpecification\",\"valueRequired\":true,\"valueName\":\"search_term_string\"}}],\"inLanguage\":\"en-US\"},{\"@type\":\"Organization\",\"@id\":\"https:\/\/vinotecahugo.ro\/en\/#organization\",\"name\":\"Vinoteca Hugo\",\"url\":\"https:\/\/vinotecahugo.ro\/en\/\",\"logo\":{\"@type\":\"ImageObject\",\"inLanguage\":\"en-US\",\"@id\":\"https:\/\/vinotecahugo.ro\/en\/#\/schema\/logo\/image\/\",\"url\":\"https:\/\/vinotecahugo.ro\/wp-content\/uploads\/2020\/04\/logo-vinoteca-hugo-160-120..jpg\",\"contentUrl\":\"https:\/\/vinotecahugo.ro\/wp-content\/uploads\/2020\/04\/logo-vinoteca-hugo-160-120..jpg\",\"width\":160,\"height\":120,\"caption\":\"Vinoteca Hugo\"},\"image\":{\"@id\":\"https:\/\/vinotecahugo.ro\/en\/#\/schema\/logo\/image\/\"},\"sameAs\":[\"https:\/\/www.facebook.com\/VinotecaHugoAlbaIulia\",\"https:\/\/www.instagram.com\/vinoteca_hugo\/\",\"https:\/\/www.youtube.com\/channel\/UCpprt6bjcY4i-6P9WM-466g\"]}]}<\/script>\n<!-- \/ Yoast SEO plugin. -->","yoast_head_json":{"title":"Vitis Metamorfosis Via Marchizului PINOT NOIR 2016 - Vinoteca Hugo","description":"Comand\u0103 online Vitis Metamorfosis Via Marchizului PINOT NOIR 2016 de la Vinoteca Hugo! Vinuri de top pentru momente speciale.","robots":{"index":"index","follow":"follow","max-snippet":"max-snippet:-1","max-image-preview":"max-image-preview:large","max-video-preview":"max-video-preview:-1"},"canonical":"https:\/\/vinotecahugo.ro\/en\/produs\/pinot-noir\/","og_locale":"en_US","og_type":"article","og_title":"Vitis Metamorfosis Via Marchizului PINOT NOIR 2016 - Vinoteca Hugo","og_description":"Comand\u0103 online Vitis Metamorfosis Via Marchizului PINOT NOIR 2016 de la Vinoteca Hugo! Vinuri de top pentru momente speciale.","og_url":"https:\/\/vinotecahugo.ro\/en\/produs\/pinot-noir\/","og_site_name":"Vinoteca Hugo","article_publisher":"https:\/\/www.facebook.com\/VinotecaHugoAlbaIulia","article_modified_time":"2024-11-08T13:08:18+00:00","og_image":[{"width":600,"height":600,"url":"https:\/\/vinotecahugo.ro\/wp-content\/uploads\/2019\/10\/metamorfosis-pinot-noir.jpg","type":"image\/jpeg"}],"twitter_card":"summary_large_image","twitter_misc":{"Est. reading time":"1 minute"},"schema":{"@context":"https:\/\/schema.org","@graph":[{"@type":"WebPage","@id":"https:\/\/vinotecahugo.ro\/en\/produs\/pinot-noir\/","url":"https:\/\/vinotecahugo.ro\/en\/produs\/pinot-noir\/","name":"Vitis Metamorfosis Via Marchizului PINOT NOIR 2016 - Vinoteca Hugo","isPartOf":{"@id":"https:\/\/vinotecahugo.ro\/en\/#website"},"primaryImageOfPage":{"@id":"https:\/\/vinotecahugo.ro\/en\/produs\/pinot-noir\/#primaryimage"},"image":{"@id":"https:\/\/vinotecahugo.ro\/en\/produs\/pinot-noir\/#primaryimage"},"thumbnailUrl":"https:\/\/vinotecahugo.ro\/wp-content\/uploads\/2019\/10\/metamorfosis-pinot-noir.jpg","datePublished":"2019-10-18T08:37:46+00:00","dateModified":"2024-11-08T13:08:18+00:00","description":"Comand\u0103 online Vitis Metamorfosis Via Marchizului PINOT NOIR 2016 de la Vinoteca Hugo! Vinuri de top pentru momente speciale.","breadcrumb":{"@id":"https:\/\/vinotecahugo.ro\/en\/produs\/pinot-noir\/#breadcrumb"},"inLanguage":"en-US","potentialAction":[{"@type":"ReadAction","target":["https:\/\/vinotecahugo.ro\/en\/produs\/pinot-noir\/"]}]},{"@type":"ImageObject","inLanguage":"en-US","@id":"https:\/\/vinotecahugo.ro\/en\/produs\/pinot-noir\/#primaryimage","url":"https:\/\/vinotecahugo.ro\/wp-content\/uploads\/2019\/10\/metamorfosis-pinot-noir.jpg","contentUrl":"https:\/\/vinotecahugo.ro\/wp-content\/uploads\/2019\/10\/metamorfosis-pinot-noir.jpg","width":600,"height":600},{"@type":"BreadcrumbList","@id":"https:\/\/vinotecahugo.ro\/en\/produs\/pinot-noir\/#breadcrumb","itemListElement":[{"@type":"ListItem","position":1,"name":"Prima pagin\u0103","item":"https:\/\/vinotecahugo.ro\/en\/"},{"@type":"ListItem","position":2,"name":"Magazin","item":"https:\/\/vinotecahugo.ro\/magazin\/"},{"@type":"ListItem","position":3,"name":"Vitis Metamorfosis Via Marchizului PINOT NOIR 2016"}]},{"@type":"WebSite","@id":"https:\/\/vinotecahugo.ro\/en\/#website","url":"https:\/\/vinotecahugo.ro\/en\/","name":"Vinoteca Hugo","description":"vinotec\u0103 cu o colec\u021bie de peste 5000 de sticle de vin","publisher":{"@id":"https:\/\/vinotecahugo.ro\/en\/#organization"},"potentialAction":[{"@type":"SearchAction","target":{"@type":"EntryPoint","urlTemplate":"https:\/\/vinotecahugo.ro\/en\/?s={search_term_string}"},"query-input":{"@type":"PropertyValueSpecification","valueRequired":true,"valueName":"search_term_string"}}],"inLanguage":"en-US"},{"@type":"Organization","@id":"https:\/\/vinotecahugo.ro\/en\/#organization","name":"Vinoteca Hugo","url":"https:\/\/vinotecahugo.ro\/en\/","logo":{"@type":"ImageObject","inLanguage":"en-US","@id":"https:\/\/vinotecahugo.ro\/en\/#\/schema\/logo\/image\/","url":"https:\/\/vinotecahugo.ro\/wp-content\/uploads\/2020\/04\/logo-vinoteca-hugo-160-120..jpg","contentUrl":"https:\/\/vinotecahugo.ro\/wp-content\/uploads\/2020\/04\/logo-vinoteca-hugo-160-120..jpg","width":160,"height":120,"caption":"Vinoteca Hugo"},"image":{"@id":"https:\/\/vinotecahugo.ro\/en\/#\/schema\/logo\/image\/"},"sameAs":["https:\/\/www.facebook.com\/VinotecaHugoAlbaIulia","https:\/\/www.instagram.com\/vinoteca_hugo\/","https:\/\/www.youtube.com\/channel\/UCpprt6bjcY4i-6P9WM-466g"]}]}},"_links":{"self":[{"href":"https:\/\/vinotecahugo.ro\/en\/wp-json\/wp\/v2\/product\/13027","targetHints":{"allow":["GET"]}}],"collection":[{"href":"https:\/\/vinotecahugo.ro\/en\/wp-json\/wp\/v2\/product"}],"about":[{"href":"https:\/\/vinotecahugo.ro\/en\/wp-json\/wp\/v2\/types\/product"}],"replies":[{"embeddable":true,"href":"https:\/\/vinotecahugo.ro\/en\/wp-json\/wp\/v2\/comments?post=13027"}],"wp:featuredmedia":[{"embeddable":true,"href":"https:\/\/vinotecahugo.ro\/en\/wp-json\/wp\/v2\/media\/15111"}],"wp:attachment":[{"href":"https:\/\/vinotecahugo.ro\/en\/wp-json\/wp\/v2\/media?parent=13027"}],"wp:term":[{"taxonomy":"product_brand","embeddable":true,"href":"https:\/\/vinotecahugo.ro\/en\/wp-json\/wp\/v2\/product_brand?post=13027"},{"taxonomy":"product_cat","embeddable":true,"href":"https:\/\/vinotecahugo.ro\/en\/wp-json\/wp\/v2\/product_cat?post=13027"},{"taxonomy":"product_tag","embeddable":true,"href":"https:\/\/vinotecahugo.ro\/en\/wp-json\/wp\/v2\/product_tag?post=13027"}],"curies":[{"name":"wp","href":"https:\/\/api.w.org\/{rel}","templated":true}]}}