{"id":13024,"date":"2019-10-18T11:37:46","date_gmt":"2019-10-18T08:37:46","guid":{"rendered":"https:\/\/vinotecahugo.ro\/produs\/antinori-marchese-chianti-riserva\/"},"modified":"2025-03-13T10:14:07","modified_gmt":"2025-03-13T08:14:07","slug":"antinori-marchese-chianti-riserva","status":"publish","type":"product","link":"https:\/\/vinotecahugo.ro\/en\/produs\/antinori-marchese-chianti-riserva\/","title":{"rendered":"Villa Antinori Chianti Classico Riserva"},"content":{"rendered":"<h2>Villa Antinori Chianti Classico Riserva<\/h2>\n<p>Vila Antinori Chianti Classico este o referin\u021b\u0103 important\u0103 \u00een regiune, deoarece numele acesta este asociat la peste 100 de ani de istorie \u0219i tradi\u021bie. Unul dintre principiile esen\u021biale este cercetarea continu\u0103 pentru ca standarde de calitate s\u0103 fie tot mai ridicate&#8230; plec\u00e2nd de aici, s-au produs dou\u0103 vinuri diferite care au \u00een comun, pasiunea pentru calitate: Villa Antinori Rosso \u0219i Villa Antinori Bianco.<\/p>\n<p>Vinurile de la Vila Antinori au fost produse prima dat\u0103 \u00een 1928 de Marchese Niccol\u00f2 Antinori ca fiind Chianti Classico, vinuri cu poten\u021bial ridicat de \u00eenvechire, fapt confirmat dup\u0103 trecerea anilor. La scurt timp, vinurile de la Villa Antinori au fost g\u0103site \u00een cele mai prestigioase crame private, \u00een diferite ambasade, case regale, hoteluri de lux \u0219i restaurante importante. \u00cen 1931, vinul Villa Antinori Bianco a fost produs exclusiv din struguri tradi\u021bionali italieni din soiul Trebbiano. \u00cen anii 1980, un procent foarte mic de Chardonnay a fost ad\u0103ugat pentru a oferi vinului o structur\u0103 mai bun\u0103, aciditate \u0219i complexitate.<\/p>\n<p><img decoding=\"async\" class=\"alignnone size-medium wp-image-14606\" src=\"https:\/\/vinotecahugo.ro\/wp-content\/uploads\/2019\/10\/Antinori-300x236.jpg\" alt=\"\" width=\"300\" height=\"236\" srcset=\"https:\/\/vinotecahugo.ro\/wp-content\/uploads\/2019\/10\/Antinori-200x158.jpg 200w, https:\/\/vinotecahugo.ro\/wp-content\/uploads\/2019\/10\/Antinori-300x236.jpg 300w, https:\/\/vinotecahugo.ro\/wp-content\/uploads\/2019\/10\/Antinori-400x315.jpg 400w, https:\/\/vinotecahugo.ro\/wp-content\/uploads\/2019\/10\/Antinori-500x394.jpg 500w, https:\/\/vinotecahugo.ro\/wp-content\/uploads\/2019\/10\/Antinori-600x473.jpg 600w, https:\/\/vinotecahugo.ro\/wp-content\/uploads\/2019\/10\/Antinori-700x552.jpg 700w, https:\/\/vinotecahugo.ro\/wp-content\/uploads\/2019\/10\/Antinori-768x605.jpg 768w, https:\/\/vinotecahugo.ro\/wp-content\/uploads\/2019\/10\/Antinori-800x630.jpg 800w, https:\/\/vinotecahugo.ro\/wp-content\/uploads\/2019\/10\/Antinori.jpg 920w\" sizes=\"(max-width: 300px) 100vw, 300px\" \/><\/p>\n<p>Villa Antinori Chianti Classico Riserva este un amestec de Sangiovese (majoritar) cu alte soiuri, un omagiu pentru eticheta istoric\u0103 a lui Antinori, care a \u00eenso\u021bit tradi\u021biile vitivinicole ale familiei de-a lungul anilor. Noul vin Vila Antinori Chianti Classico a inspirat familia s\u0103 reinterpreteze acest clasic toscan \u00eentr-un vin de calitate premium, cu un stil inconfundabil, Riserva, fiind un vin cu personalitate \u0219i elegant\u0103.<\/p>\n<p>Villa Antinori Chianti Classico Riserva are o culoare ro\u0219ie rubinie. Nasul prezint\u0103 note intense de fructe, cire\u0219e coapte, coac\u0103ze ro\u0219ii \u0219i fructe de p\u0103dure s\u0103lbatice, \u00eempreun\u0103 cu note bine integrate de stejar pr\u0103jit \u0219i tutun \u0219i un subtil parfum balsamic . Gustul este amplu \u0219i \u00eenv\u0103luitor, savuros, moale \u00een taninurile sale \u0219i de textur\u0103 catifelat\u0103, post gust lung \u0219i persistent.<\/p>\n","protected":false},"excerpt":{"rendered":"<p>Villa Antinori Chianti Classico Riserva are o culoare ro\u0219ie rubinie. Nasul prezint\u0103 note intense de fructe, cire\u0219e coapte, coac\u0103ze ro\u0219ii \u0219i fructe de p\u0103dure s\u0103lbatice, \u00eempreun\u0103 cu note bine integrate de stejar pr\u0103jit \u0219i tutun \u0219i un subtil parfum balsamic . Gustul este amplu \u0219i \u00eenv\u0103luitor, savuros, moale \u00een taninurile sale \u0219i de textur\u0103 catifelat\u0103, post gust lung \u0219i persistent.<\/p>\n","protected":false},"featured_media":16902,"comment_status":"open","ping_status":"closed","template":"","meta":[],"product_brand":[],"product_cat":[887,281],"product_tag":[],"class_list":{"0":"post-13024","1":"product","2":"type-product","3":"status-publish","4":"has-post-thumbnail","6":"product_cat-vin-rosu","7":"product_cat-vinuri-internationale","9":"first","10":"instock","11":"taxable","12":"shipping-taxable","13":"purchasable","14":"product-type-simple"},"yoast_head":"<!-- This site is optimized with the Yoast SEO plugin v24.6 - https:\/\/yoast.com\/wordpress\/plugins\/seo\/ -->\n<title>Villa Antinori Chianti Classico Riserva - Vinoteca Hugo<\/title>\n<meta name=\"description\" content=\"Comand\u0103 online Villa Antinori Chianti Classico Riserva de la Vinoteca Hugo! Vinuri de top pentru momente speciale.\" \/>\n<meta name=\"robots\" content=\"index, follow, max-snippet:-1, max-image-preview:large, max-video-preview:-1\" \/>\n<link rel=\"canonical\" href=\"https:\/\/vinotecahugo.ro\/en\/produs\/antinori-marchese-chianti-riserva\/\" \/>\n<meta property=\"og:locale\" content=\"en_US\" \/>\n<meta property=\"og:type\" content=\"article\" \/>\n<meta property=\"og:title\" content=\"Villa Antinori Chianti Classico Riserva - Vinoteca Hugo\" \/>\n<meta property=\"og:description\" content=\"Comand\u0103 online Villa Antinori Chianti Classico Riserva de la Vinoteca Hugo! Vinuri de top pentru momente speciale.\" \/>\n<meta property=\"og:url\" content=\"https:\/\/vinotecahugo.ro\/en\/produs\/antinori-marchese-chianti-riserva\/\" \/>\n<meta property=\"og:site_name\" content=\"Vinoteca Hugo\" \/>\n<meta property=\"article:publisher\" content=\"https:\/\/www.facebook.com\/VinotecaHugoAlbaIulia\" \/>\n<meta property=\"article:modified_time\" content=\"2025-03-13T08:14:07+00:00\" \/>\n<meta property=\"og:image\" content=\"https:\/\/vinotecahugo.ro\/wp-content\/uploads\/2019\/10\/Villa-Antinori-Chianti-Classico-Riserva-1.jpg\" \/>\n\t<meta property=\"og:image:width\" content=\"600\" \/>\n\t<meta property=\"og:image:height\" content=\"600\" \/>\n\t<meta property=\"og:image:type\" content=\"image\/jpeg\" \/>\n<meta name=\"twitter:card\" content=\"summary_large_image\" \/>\n<meta name=\"twitter:label1\" content=\"Est. reading time\" \/>\n\t<meta name=\"twitter:data1\" content=\"2 minutes\" \/>\n<script type=\"application\/ld+json\" class=\"yoast-schema-graph\">{\"@context\":\"https:\/\/schema.org\",\"@graph\":[{\"@type\":\"WebPage\",\"@id\":\"https:\/\/vinotecahugo.ro\/en\/produs\/antinori-marchese-chianti-riserva\/\",\"url\":\"https:\/\/vinotecahugo.ro\/en\/produs\/antinori-marchese-chianti-riserva\/\",\"name\":\"Villa Antinori Chianti Classico Riserva - Vinoteca Hugo\",\"isPartOf\":{\"@id\":\"https:\/\/vinotecahugo.ro\/en\/#website\"},\"primaryImageOfPage\":{\"@id\":\"https:\/\/vinotecahugo.ro\/en\/produs\/antinori-marchese-chianti-riserva\/#primaryimage\"},\"image\":{\"@id\":\"https:\/\/vinotecahugo.ro\/en\/produs\/antinori-marchese-chianti-riserva\/#primaryimage\"},\"thumbnailUrl\":\"https:\/\/vinotecahugo.ro\/wp-content\/uploads\/2019\/10\/Villa-Antinori-Chianti-Classico-Riserva-1.jpg\",\"datePublished\":\"2019-10-18T08:37:46+00:00\",\"dateModified\":\"2025-03-13T08:14:07+00:00\",\"description\":\"Comand\u0103 online Villa Antinori Chianti Classico Riserva de la Vinoteca Hugo! Vinuri de top pentru momente speciale.\",\"breadcrumb\":{\"@id\":\"https:\/\/vinotecahugo.ro\/en\/produs\/antinori-marchese-chianti-riserva\/#breadcrumb\"},\"inLanguage\":\"en-US\",\"potentialAction\":[{\"@type\":\"ReadAction\",\"target\":[\"https:\/\/vinotecahugo.ro\/en\/produs\/antinori-marchese-chianti-riserva\/\"]}]},{\"@type\":\"ImageObject\",\"inLanguage\":\"en-US\",\"@id\":\"https:\/\/vinotecahugo.ro\/en\/produs\/antinori-marchese-chianti-riserva\/#primaryimage\",\"url\":\"https:\/\/vinotecahugo.ro\/wp-content\/uploads\/2019\/10\/Villa-Antinori-Chianti-Classico-Riserva-1.jpg\",\"contentUrl\":\"https:\/\/vinotecahugo.ro\/wp-content\/uploads\/2019\/10\/Villa-Antinori-Chianti-Classico-Riserva-1.jpg\",\"width\":600,\"height\":600},{\"@type\":\"BreadcrumbList\",\"@id\":\"https:\/\/vinotecahugo.ro\/en\/produs\/antinori-marchese-chianti-riserva\/#breadcrumb\",\"itemListElement\":[{\"@type\":\"ListItem\",\"position\":1,\"name\":\"Prima pagin\u0103\",\"item\":\"https:\/\/vinotecahugo.ro\/en\/\"},{\"@type\":\"ListItem\",\"position\":2,\"name\":\"Magazin\",\"item\":\"https:\/\/vinotecahugo.ro\/magazin\/\"},{\"@type\":\"ListItem\",\"position\":3,\"name\":\"Villa Antinori Chianti Classico Riserva\"}]},{\"@type\":\"WebSite\",\"@id\":\"https:\/\/vinotecahugo.ro\/en\/#website\",\"url\":\"https:\/\/vinotecahugo.ro\/en\/\",\"name\":\"Vinoteca Hugo\",\"description\":\"vinotec\u0103 cu o colec\u021bie de peste 5000 de sticle de vin\",\"publisher\":{\"@id\":\"https:\/\/vinotecahugo.ro\/en\/#organization\"},\"potentialAction\":[{\"@type\":\"SearchAction\",\"target\":{\"@type\":\"EntryPoint\",\"urlTemplate\":\"https:\/\/vinotecahugo.ro\/en\/?s={search_term_string}\"},\"query-input\":{\"@type\":\"PropertyValueSpecification\",\"valueRequired\":true,\"valueName\":\"search_term_string\"}}],\"inLanguage\":\"en-US\"},{\"@type\":\"Organization\",\"@id\":\"https:\/\/vinotecahugo.ro\/en\/#organization\",\"name\":\"Vinoteca Hugo\",\"url\":\"https:\/\/vinotecahugo.ro\/en\/\",\"logo\":{\"@type\":\"ImageObject\",\"inLanguage\":\"en-US\",\"@id\":\"https:\/\/vinotecahugo.ro\/en\/#\/schema\/logo\/image\/\",\"url\":\"https:\/\/vinotecahugo.ro\/wp-content\/uploads\/2020\/04\/logo-vinoteca-hugo-160-120..jpg\",\"contentUrl\":\"https:\/\/vinotecahugo.ro\/wp-content\/uploads\/2020\/04\/logo-vinoteca-hugo-160-120..jpg\",\"width\":160,\"height\":120,\"caption\":\"Vinoteca Hugo\"},\"image\":{\"@id\":\"https:\/\/vinotecahugo.ro\/en\/#\/schema\/logo\/image\/\"},\"sameAs\":[\"https:\/\/www.facebook.com\/VinotecaHugoAlbaIulia\",\"https:\/\/www.instagram.com\/vinoteca_hugo\/\",\"https:\/\/www.youtube.com\/channel\/UCpprt6bjcY4i-6P9WM-466g\"]}]}<\/script>\n<!-- \/ Yoast SEO plugin. -->","yoast_head_json":{"title":"Villa Antinori Chianti Classico Riserva - Vinoteca Hugo","description":"Comand\u0103 online Villa Antinori Chianti Classico Riserva de la Vinoteca Hugo! Vinuri de top pentru momente speciale.","robots":{"index":"index","follow":"follow","max-snippet":"max-snippet:-1","max-image-preview":"max-image-preview:large","max-video-preview":"max-video-preview:-1"},"canonical":"https:\/\/vinotecahugo.ro\/en\/produs\/antinori-marchese-chianti-riserva\/","og_locale":"en_US","og_type":"article","og_title":"Villa Antinori Chianti Classico Riserva - Vinoteca Hugo","og_description":"Comand\u0103 online Villa Antinori Chianti Classico Riserva de la Vinoteca Hugo! Vinuri de top pentru momente speciale.","og_url":"https:\/\/vinotecahugo.ro\/en\/produs\/antinori-marchese-chianti-riserva\/","og_site_name":"Vinoteca Hugo","article_publisher":"https:\/\/www.facebook.com\/VinotecaHugoAlbaIulia","article_modified_time":"2025-03-13T08:14:07+00:00","og_image":[{"width":600,"height":600,"url":"https:\/\/vinotecahugo.ro\/wp-content\/uploads\/2019\/10\/Villa-Antinori-Chianti-Classico-Riserva-1.jpg","type":"image\/jpeg"}],"twitter_card":"summary_large_image","twitter_misc":{"Est. reading time":"2 minutes"},"schema":{"@context":"https:\/\/schema.org","@graph":[{"@type":"WebPage","@id":"https:\/\/vinotecahugo.ro\/en\/produs\/antinori-marchese-chianti-riserva\/","url":"https:\/\/vinotecahugo.ro\/en\/produs\/antinori-marchese-chianti-riserva\/","name":"Villa Antinori Chianti Classico Riserva - Vinoteca Hugo","isPartOf":{"@id":"https:\/\/vinotecahugo.ro\/en\/#website"},"primaryImageOfPage":{"@id":"https:\/\/vinotecahugo.ro\/en\/produs\/antinori-marchese-chianti-riserva\/#primaryimage"},"image":{"@id":"https:\/\/vinotecahugo.ro\/en\/produs\/antinori-marchese-chianti-riserva\/#primaryimage"},"thumbnailUrl":"https:\/\/vinotecahugo.ro\/wp-content\/uploads\/2019\/10\/Villa-Antinori-Chianti-Classico-Riserva-1.jpg","datePublished":"2019-10-18T08:37:46+00:00","dateModified":"2025-03-13T08:14:07+00:00","description":"Comand\u0103 online Villa Antinori Chianti Classico Riserva de la Vinoteca Hugo! Vinuri de top pentru momente speciale.","breadcrumb":{"@id":"https:\/\/vinotecahugo.ro\/en\/produs\/antinori-marchese-chianti-riserva\/#breadcrumb"},"inLanguage":"en-US","potentialAction":[{"@type":"ReadAction","target":["https:\/\/vinotecahugo.ro\/en\/produs\/antinori-marchese-chianti-riserva\/"]}]},{"@type":"ImageObject","inLanguage":"en-US","@id":"https:\/\/vinotecahugo.ro\/en\/produs\/antinori-marchese-chianti-riserva\/#primaryimage","url":"https:\/\/vinotecahugo.ro\/wp-content\/uploads\/2019\/10\/Villa-Antinori-Chianti-Classico-Riserva-1.jpg","contentUrl":"https:\/\/vinotecahugo.ro\/wp-content\/uploads\/2019\/10\/Villa-Antinori-Chianti-Classico-Riserva-1.jpg","width":600,"height":600},{"@type":"BreadcrumbList","@id":"https:\/\/vinotecahugo.ro\/en\/produs\/antinori-marchese-chianti-riserva\/#breadcrumb","itemListElement":[{"@type":"ListItem","position":1,"name":"Prima pagin\u0103","item":"https:\/\/vinotecahugo.ro\/en\/"},{"@type":"ListItem","position":2,"name":"Magazin","item":"https:\/\/vinotecahugo.ro\/magazin\/"},{"@type":"ListItem","position":3,"name":"Villa Antinori Chianti Classico Riserva"}]},{"@type":"WebSite","@id":"https:\/\/vinotecahugo.ro\/en\/#website","url":"https:\/\/vinotecahugo.ro\/en\/","name":"Vinoteca Hugo","description":"vinotec\u0103 cu o colec\u021bie de peste 5000 de sticle de vin","publisher":{"@id":"https:\/\/vinotecahugo.ro\/en\/#organization"},"potentialAction":[{"@type":"SearchAction","target":{"@type":"EntryPoint","urlTemplate":"https:\/\/vinotecahugo.ro\/en\/?s={search_term_string}"},"query-input":{"@type":"PropertyValueSpecification","valueRequired":true,"valueName":"search_term_string"}}],"inLanguage":"en-US"},{"@type":"Organization","@id":"https:\/\/vinotecahugo.ro\/en\/#organization","name":"Vinoteca Hugo","url":"https:\/\/vinotecahugo.ro\/en\/","logo":{"@type":"ImageObject","inLanguage":"en-US","@id":"https:\/\/vinotecahugo.ro\/en\/#\/schema\/logo\/image\/","url":"https:\/\/vinotecahugo.ro\/wp-content\/uploads\/2020\/04\/logo-vinoteca-hugo-160-120..jpg","contentUrl":"https:\/\/vinotecahugo.ro\/wp-content\/uploads\/2020\/04\/logo-vinoteca-hugo-160-120..jpg","width":160,"height":120,"caption":"Vinoteca Hugo"},"image":{"@id":"https:\/\/vinotecahugo.ro\/en\/#\/schema\/logo\/image\/"},"sameAs":["https:\/\/www.facebook.com\/VinotecaHugoAlbaIulia","https:\/\/www.instagram.com\/vinoteca_hugo\/","https:\/\/www.youtube.com\/channel\/UCpprt6bjcY4i-6P9WM-466g"]}]}},"_links":{"self":[{"href":"https:\/\/vinotecahugo.ro\/en\/wp-json\/wp\/v2\/product\/13024","targetHints":{"allow":["GET"]}}],"collection":[{"href":"https:\/\/vinotecahugo.ro\/en\/wp-json\/wp\/v2\/product"}],"about":[{"href":"https:\/\/vinotecahugo.ro\/en\/wp-json\/wp\/v2\/types\/product"}],"replies":[{"embeddable":true,"href":"https:\/\/vinotecahugo.ro\/en\/wp-json\/wp\/v2\/comments?post=13024"}],"wp:featuredmedia":[{"embeddable":true,"href":"https:\/\/vinotecahugo.ro\/en\/wp-json\/wp\/v2\/media\/16902"}],"wp:attachment":[{"href":"https:\/\/vinotecahugo.ro\/en\/wp-json\/wp\/v2\/media?parent=13024"}],"wp:term":[{"taxonomy":"product_brand","embeddable":true,"href":"https:\/\/vinotecahugo.ro\/en\/wp-json\/wp\/v2\/product_brand?post=13024"},{"taxonomy":"product_cat","embeddable":true,"href":"https:\/\/vinotecahugo.ro\/en\/wp-json\/wp\/v2\/product_cat?post=13024"},{"taxonomy":"product_tag","embeddable":true,"href":"https:\/\/vinotecahugo.ro\/en\/wp-json\/wp\/v2\/product_tag?post=13024"}],"curies":[{"name":"wp","href":"https:\/\/api.w.org\/{rel}","templated":true}]}}