{"id":13023,"date":"2019-10-18T11:37:46","date_gmt":"2019-10-18T08:37:46","guid":{"rendered":"https:\/\/vinotecahugo.ro\/produs\/antinori-contugo-bolgheri\/"},"modified":"2024-12-24T11:38:05","modified_gmt":"2024-12-24T09:38:05","slug":"antinori-contugo-bolgheri","status":"publish","type":"product","link":"https:\/\/vinotecahugo.ro\/en\/produs\/antinori-contugo-bolgheri\/","title":{"rendered":"Marchesi Antinori  Cont&#8217;Ugo  Bolgheri"},"content":{"rendered":"<h2>Marchesi Antinori &#8211; Tenuta Guado al Tasso &#8211; Bolgheri Cont&#8217;Ugo<\/h2>\n<p>Proprietatea Guado al Tasso este situat\u0103 \u00een micu\u021bul dar prestigiosul DOC Bolgheri, pe coasta Maremma superioare, la aproximativ o 100 de kilometri sud-vest de ora\u0219ul Floren\u021ba. Aceast\u0103 denumire are o istorie relativ recent\u0103, DOC Bolgheri a fost aprobat\u0103 doar \u00een 1994 \u0219i a devenit de atunci un punct de referin\u021b\u0103 recunoscut interna\u021bional pentru produc\u021bia de vin italian de prestigiu. Proprietatea se \u00eentinde pe o suprafa\u021b\u0103 de peste 1000 de hectare, dintre care 320 sunt plantate cu vi\u021b\u0103 de vie&#8230; \u00een rest, se cultiv\u0103 gr\u00e2u, floarea-soarelui \u0219i m\u0103slini, pe o frumoas\u0103 c\u00e2mpie \u00eenconjurat\u0103 de dealuri, cunoscut\u0103 sub numele de \u201eAmfiteatrul Bolgheri\u201d datorit\u0103 formei sale particulare. Vi\u021ba de vie este plantat\u0103 cu Cabernet Sauvignon, Merlot, Syrah, Cabernet Franc, Petit Verdot \u0219i Vermentino. Podgoria este situat\u0103 la doi pa\u0219i de Marea Liguric\u0103 care ofer\u0103 un climat bl\u00e2nd, cu brize constante, care atenueaz\u0103 c\u0103ldura verii \u0219i amelioreaz\u0103 climatul dur de iarn\u0103, men\u021bin\u00e2nd un cer senin \u0219i un nivel ridicat de expunere la soare. Solurile aluviale ale regiunii, variind de la nisip p\u00e2n\u0103 la lut\/argil\u0103 bogat\u0103 \u0219i un pietris foarte fin, tipic pentru Bolgheri, influen\u021beaz\u0103 caracterul \u0219i personalitatea vinurilor de aici \u0219i le confer\u0103 o identitate de \u201dterroir\u201d distinct\u0103.<\/p>\n<p><img decoding=\"async\" class=\"alignnone size-medium wp-image-14586\" src=\"https:\/\/vinotecahugo.ro\/wp-content\/uploads\/2019\/10\/Sol-Bolgheri-300x236.jpg\" alt=\"\" width=\"300\" height=\"236\" srcset=\"https:\/\/vinotecahugo.ro\/wp-content\/uploads\/2019\/10\/Sol-Bolgheri-200x158.jpg 200w, https:\/\/vinotecahugo.ro\/wp-content\/uploads\/2019\/10\/Sol-Bolgheri-300x236.jpg 300w, https:\/\/vinotecahugo.ro\/wp-content\/uploads\/2019\/10\/Sol-Bolgheri-400x315.jpg 400w, https:\/\/vinotecahugo.ro\/wp-content\/uploads\/2019\/10\/Sol-Bolgheri-500x394.jpg 500w, https:\/\/vinotecahugo.ro\/wp-content\/uploads\/2019\/10\/Sol-Bolgheri-600x473.jpg 600w, https:\/\/vinotecahugo.ro\/wp-content\/uploads\/2019\/10\/Sol-Bolgheri-700x552.jpg 700w, https:\/\/vinotecahugo.ro\/wp-content\/uploads\/2019\/10\/Sol-Bolgheri-768x605.jpg 768w, https:\/\/vinotecahugo.ro\/wp-content\/uploads\/2019\/10\/Sol-Bolgheri-800x630.jpg 800w, https:\/\/vinotecahugo.ro\/wp-content\/uploads\/2019\/10\/Sol-Bolgheri.jpg 920w\" sizes=\"(max-width: 300px) 100vw, 300px\" \/><\/p>\n<p>Vinul Cont\u2019Ugo este produs 100% din Merlot ca o nou\u0103 interpretare a \u201dterroir\u201d de Bolgheri. Podgoriile sunt situate la o altitudine care variaz\u0103 \u00eentre 45 \u0219i 60 de metri deasupra nivelului m\u0103rii pe soluri argiloase de origine aluviale, care confer\u0103 vinului note de complexitate, p\u0103str\u00e2nd parfumul \u0219i prospe\u021bimea tipic\u0103 a soiului Merlot.<\/p>\n<p>&nbsp;<\/p>\n","protected":false},"excerpt":{"rendered":"<p>Vinul Cont\u2019Ugo este produs 100% din Merlot ca o nou\u0103 interpretare a \u201dterroir\u201d de Bolgheri. Podgoriile sunt situate la o altitudine care variaz\u0103 \u00eentre 45 \u0219i 60 de metri deasupra nivelului m\u0103rii pe soluri argiloase de origine aluviale, care confer\u0103 vinului note de complexitate, p\u0103str\u00e2nd parfumul \u0219i prospe\u021bimea tipic\u0103 a soiului Merlot.<\/p>\n","protected":false},"featured_media":15105,"comment_status":"open","ping_status":"closed","template":"","meta":[],"product_brand":[],"product_cat":[887,281],"product_tag":[],"class_list":{"0":"post-13023","1":"product","2":"type-product","3":"status-publish","4":"has-post-thumbnail","6":"product_cat-vin-rosu","7":"product_cat-vinuri-internationale","9":"first","10":"instock","11":"taxable","12":"shipping-taxable","13":"purchasable","14":"product-type-simple"},"yoast_head":"<!-- This site is optimized with the Yoast SEO plugin v24.6 - https:\/\/yoast.com\/wordpress\/plugins\/seo\/ -->\n<title>Marchesi Antinori Cont&#039;Ugo Bolgheri - Vinoteca Hugo<\/title>\n<meta name=\"description\" content=\"Comand\u0103 online Marchesi Antinori Cont&#039;Ugo Bolgheri de la Vinoteca Hugo! Vinuri de top pentru momente speciale.\" \/>\n<meta name=\"robots\" content=\"index, follow, max-snippet:-1, max-image-preview:large, max-video-preview:-1\" \/>\n<link rel=\"canonical\" href=\"https:\/\/vinotecahugo.ro\/en\/produs\/antinori-contugo-bolgheri\/\" \/>\n<meta property=\"og:locale\" content=\"en_US\" \/>\n<meta property=\"og:type\" content=\"article\" \/>\n<meta property=\"og:title\" content=\"Marchesi Antinori Cont&#039;Ugo Bolgheri - Vinoteca Hugo\" \/>\n<meta property=\"og:description\" content=\"Comand\u0103 online Marchesi Antinori Cont&#039;Ugo Bolgheri de la Vinoteca Hugo! Vinuri de top pentru momente speciale.\" \/>\n<meta property=\"og:url\" content=\"https:\/\/vinotecahugo.ro\/en\/produs\/antinori-contugo-bolgheri\/\" \/>\n<meta property=\"og:site_name\" content=\"Vinoteca Hugo\" \/>\n<meta property=\"article:publisher\" content=\"https:\/\/www.facebook.com\/VinotecaHugoAlbaIulia\" \/>\n<meta property=\"article:modified_time\" content=\"2024-12-24T09:38:05+00:00\" \/>\n<meta property=\"og:image\" content=\"https:\/\/vinotecahugo.ro\/wp-content\/uploads\/2019\/10\/Marchesi-Antinori-Cont\u2019Ugo-Bolgheri.jpg\" \/>\n\t<meta property=\"og:image:width\" content=\"600\" \/>\n\t<meta property=\"og:image:height\" content=\"600\" \/>\n\t<meta property=\"og:image:type\" content=\"image\/jpeg\" \/>\n<meta name=\"twitter:card\" content=\"summary_large_image\" \/>\n<meta name=\"twitter:label1\" content=\"Est. reading time\" \/>\n\t<meta name=\"twitter:data1\" content=\"1 minute\" \/>\n<script type=\"application\/ld+json\" class=\"yoast-schema-graph\">{\"@context\":\"https:\/\/schema.org\",\"@graph\":[{\"@type\":\"WebPage\",\"@id\":\"https:\/\/vinotecahugo.ro\/en\/produs\/antinori-contugo-bolgheri\/\",\"url\":\"https:\/\/vinotecahugo.ro\/en\/produs\/antinori-contugo-bolgheri\/\",\"name\":\"Marchesi Antinori Cont'Ugo Bolgheri - Vinoteca Hugo\",\"isPartOf\":{\"@id\":\"https:\/\/vinotecahugo.ro\/en\/#website\"},\"primaryImageOfPage\":{\"@id\":\"https:\/\/vinotecahugo.ro\/en\/produs\/antinori-contugo-bolgheri\/#primaryimage\"},\"image\":{\"@id\":\"https:\/\/vinotecahugo.ro\/en\/produs\/antinori-contugo-bolgheri\/#primaryimage\"},\"thumbnailUrl\":\"https:\/\/vinotecahugo.ro\/wp-content\/uploads\/2019\/10\/Marchesi-Antinori-Cont\u2019Ugo-Bolgheri.jpg\",\"datePublished\":\"2019-10-18T08:37:46+00:00\",\"dateModified\":\"2024-12-24T09:38:05+00:00\",\"description\":\"Comand\u0103 online Marchesi Antinori Cont'Ugo Bolgheri de la Vinoteca Hugo! Vinuri de top pentru momente speciale.\",\"breadcrumb\":{\"@id\":\"https:\/\/vinotecahugo.ro\/en\/produs\/antinori-contugo-bolgheri\/#breadcrumb\"},\"inLanguage\":\"en-US\",\"potentialAction\":[{\"@type\":\"ReadAction\",\"target\":[\"https:\/\/vinotecahugo.ro\/en\/produs\/antinori-contugo-bolgheri\/\"]}]},{\"@type\":\"ImageObject\",\"inLanguage\":\"en-US\",\"@id\":\"https:\/\/vinotecahugo.ro\/en\/produs\/antinori-contugo-bolgheri\/#primaryimage\",\"url\":\"https:\/\/vinotecahugo.ro\/wp-content\/uploads\/2019\/10\/Marchesi-Antinori-Cont\u2019Ugo-Bolgheri.jpg\",\"contentUrl\":\"https:\/\/vinotecahugo.ro\/wp-content\/uploads\/2019\/10\/Marchesi-Antinori-Cont\u2019Ugo-Bolgheri.jpg\",\"width\":600,\"height\":600},{\"@type\":\"BreadcrumbList\",\"@id\":\"https:\/\/vinotecahugo.ro\/en\/produs\/antinori-contugo-bolgheri\/#breadcrumb\",\"itemListElement\":[{\"@type\":\"ListItem\",\"position\":1,\"name\":\"Prima pagin\u0103\",\"item\":\"https:\/\/vinotecahugo.ro\/en\/\"},{\"@type\":\"ListItem\",\"position\":2,\"name\":\"Magazin\",\"item\":\"https:\/\/vinotecahugo.ro\/magazin\/\"},{\"@type\":\"ListItem\",\"position\":3,\"name\":\"Marchesi Antinori Cont&#8217;Ugo Bolgheri\"}]},{\"@type\":\"WebSite\",\"@id\":\"https:\/\/vinotecahugo.ro\/en\/#website\",\"url\":\"https:\/\/vinotecahugo.ro\/en\/\",\"name\":\"Vinoteca Hugo\",\"description\":\"vinotec\u0103 cu o colec\u021bie de peste 5000 de sticle de vin\",\"publisher\":{\"@id\":\"https:\/\/vinotecahugo.ro\/en\/#organization\"},\"potentialAction\":[{\"@type\":\"SearchAction\",\"target\":{\"@type\":\"EntryPoint\",\"urlTemplate\":\"https:\/\/vinotecahugo.ro\/en\/?s={search_term_string}\"},\"query-input\":{\"@type\":\"PropertyValueSpecification\",\"valueRequired\":true,\"valueName\":\"search_term_string\"}}],\"inLanguage\":\"en-US\"},{\"@type\":\"Organization\",\"@id\":\"https:\/\/vinotecahugo.ro\/en\/#organization\",\"name\":\"Vinoteca Hugo\",\"url\":\"https:\/\/vinotecahugo.ro\/en\/\",\"logo\":{\"@type\":\"ImageObject\",\"inLanguage\":\"en-US\",\"@id\":\"https:\/\/vinotecahugo.ro\/en\/#\/schema\/logo\/image\/\",\"url\":\"https:\/\/vinotecahugo.ro\/wp-content\/uploads\/2020\/04\/logo-vinoteca-hugo-160-120..jpg\",\"contentUrl\":\"https:\/\/vinotecahugo.ro\/wp-content\/uploads\/2020\/04\/logo-vinoteca-hugo-160-120..jpg\",\"width\":160,\"height\":120,\"caption\":\"Vinoteca Hugo\"},\"image\":{\"@id\":\"https:\/\/vinotecahugo.ro\/en\/#\/schema\/logo\/image\/\"},\"sameAs\":[\"https:\/\/www.facebook.com\/VinotecaHugoAlbaIulia\",\"https:\/\/www.instagram.com\/vinoteca_hugo\/\",\"https:\/\/www.youtube.com\/channel\/UCpprt6bjcY4i-6P9WM-466g\"]}]}<\/script>\n<!-- \/ Yoast SEO plugin. -->","yoast_head_json":{"title":"Marchesi Antinori Cont'Ugo Bolgheri - Vinoteca Hugo","description":"Comand\u0103 online Marchesi Antinori Cont'Ugo Bolgheri de la Vinoteca Hugo! Vinuri de top pentru momente speciale.","robots":{"index":"index","follow":"follow","max-snippet":"max-snippet:-1","max-image-preview":"max-image-preview:large","max-video-preview":"max-video-preview:-1"},"canonical":"https:\/\/vinotecahugo.ro\/en\/produs\/antinori-contugo-bolgheri\/","og_locale":"en_US","og_type":"article","og_title":"Marchesi Antinori Cont'Ugo Bolgheri - Vinoteca Hugo","og_description":"Comand\u0103 online Marchesi Antinori Cont'Ugo Bolgheri de la Vinoteca Hugo! Vinuri de top pentru momente speciale.","og_url":"https:\/\/vinotecahugo.ro\/en\/produs\/antinori-contugo-bolgheri\/","og_site_name":"Vinoteca Hugo","article_publisher":"https:\/\/www.facebook.com\/VinotecaHugoAlbaIulia","article_modified_time":"2024-12-24T09:38:05+00:00","og_image":[{"width":600,"height":600,"url":"https:\/\/vinotecahugo.ro\/wp-content\/uploads\/2019\/10\/Marchesi-Antinori-Cont\u2019Ugo-Bolgheri.jpg","type":"image\/jpeg"}],"twitter_card":"summary_large_image","twitter_misc":{"Est. reading time":"1 minute"},"schema":{"@context":"https:\/\/schema.org","@graph":[{"@type":"WebPage","@id":"https:\/\/vinotecahugo.ro\/en\/produs\/antinori-contugo-bolgheri\/","url":"https:\/\/vinotecahugo.ro\/en\/produs\/antinori-contugo-bolgheri\/","name":"Marchesi Antinori Cont'Ugo Bolgheri - Vinoteca Hugo","isPartOf":{"@id":"https:\/\/vinotecahugo.ro\/en\/#website"},"primaryImageOfPage":{"@id":"https:\/\/vinotecahugo.ro\/en\/produs\/antinori-contugo-bolgheri\/#primaryimage"},"image":{"@id":"https:\/\/vinotecahugo.ro\/en\/produs\/antinori-contugo-bolgheri\/#primaryimage"},"thumbnailUrl":"https:\/\/vinotecahugo.ro\/wp-content\/uploads\/2019\/10\/Marchesi-Antinori-Cont\u2019Ugo-Bolgheri.jpg","datePublished":"2019-10-18T08:37:46+00:00","dateModified":"2024-12-24T09:38:05+00:00","description":"Comand\u0103 online Marchesi Antinori Cont'Ugo Bolgheri de la Vinoteca Hugo! Vinuri de top pentru momente speciale.","breadcrumb":{"@id":"https:\/\/vinotecahugo.ro\/en\/produs\/antinori-contugo-bolgheri\/#breadcrumb"},"inLanguage":"en-US","potentialAction":[{"@type":"ReadAction","target":["https:\/\/vinotecahugo.ro\/en\/produs\/antinori-contugo-bolgheri\/"]}]},{"@type":"ImageObject","inLanguage":"en-US","@id":"https:\/\/vinotecahugo.ro\/en\/produs\/antinori-contugo-bolgheri\/#primaryimage","url":"https:\/\/vinotecahugo.ro\/wp-content\/uploads\/2019\/10\/Marchesi-Antinori-Cont\u2019Ugo-Bolgheri.jpg","contentUrl":"https:\/\/vinotecahugo.ro\/wp-content\/uploads\/2019\/10\/Marchesi-Antinori-Cont\u2019Ugo-Bolgheri.jpg","width":600,"height":600},{"@type":"BreadcrumbList","@id":"https:\/\/vinotecahugo.ro\/en\/produs\/antinori-contugo-bolgheri\/#breadcrumb","itemListElement":[{"@type":"ListItem","position":1,"name":"Prima pagin\u0103","item":"https:\/\/vinotecahugo.ro\/en\/"},{"@type":"ListItem","position":2,"name":"Magazin","item":"https:\/\/vinotecahugo.ro\/magazin\/"},{"@type":"ListItem","position":3,"name":"Marchesi Antinori Cont&#8217;Ugo Bolgheri"}]},{"@type":"WebSite","@id":"https:\/\/vinotecahugo.ro\/en\/#website","url":"https:\/\/vinotecahugo.ro\/en\/","name":"Vinoteca Hugo","description":"vinotec\u0103 cu o colec\u021bie de peste 5000 de sticle de vin","publisher":{"@id":"https:\/\/vinotecahugo.ro\/en\/#organization"},"potentialAction":[{"@type":"SearchAction","target":{"@type":"EntryPoint","urlTemplate":"https:\/\/vinotecahugo.ro\/en\/?s={search_term_string}"},"query-input":{"@type":"PropertyValueSpecification","valueRequired":true,"valueName":"search_term_string"}}],"inLanguage":"en-US"},{"@type":"Organization","@id":"https:\/\/vinotecahugo.ro\/en\/#organization","name":"Vinoteca Hugo","url":"https:\/\/vinotecahugo.ro\/en\/","logo":{"@type":"ImageObject","inLanguage":"en-US","@id":"https:\/\/vinotecahugo.ro\/en\/#\/schema\/logo\/image\/","url":"https:\/\/vinotecahugo.ro\/wp-content\/uploads\/2020\/04\/logo-vinoteca-hugo-160-120..jpg","contentUrl":"https:\/\/vinotecahugo.ro\/wp-content\/uploads\/2020\/04\/logo-vinoteca-hugo-160-120..jpg","width":160,"height":120,"caption":"Vinoteca Hugo"},"image":{"@id":"https:\/\/vinotecahugo.ro\/en\/#\/schema\/logo\/image\/"},"sameAs":["https:\/\/www.facebook.com\/VinotecaHugoAlbaIulia","https:\/\/www.instagram.com\/vinoteca_hugo\/","https:\/\/www.youtube.com\/channel\/UCpprt6bjcY4i-6P9WM-466g"]}]}},"_links":{"self":[{"href":"https:\/\/vinotecahugo.ro\/en\/wp-json\/wp\/v2\/product\/13023","targetHints":{"allow":["GET"]}}],"collection":[{"href":"https:\/\/vinotecahugo.ro\/en\/wp-json\/wp\/v2\/product"}],"about":[{"href":"https:\/\/vinotecahugo.ro\/en\/wp-json\/wp\/v2\/types\/product"}],"replies":[{"embeddable":true,"href":"https:\/\/vinotecahugo.ro\/en\/wp-json\/wp\/v2\/comments?post=13023"}],"wp:featuredmedia":[{"embeddable":true,"href":"https:\/\/vinotecahugo.ro\/en\/wp-json\/wp\/v2\/media\/15105"}],"wp:attachment":[{"href":"https:\/\/vinotecahugo.ro\/en\/wp-json\/wp\/v2\/media?parent=13023"}],"wp:term":[{"taxonomy":"product_brand","embeddable":true,"href":"https:\/\/vinotecahugo.ro\/en\/wp-json\/wp\/v2\/product_brand?post=13023"},{"taxonomy":"product_cat","embeddable":true,"href":"https:\/\/vinotecahugo.ro\/en\/wp-json\/wp\/v2\/product_cat?post=13023"},{"taxonomy":"product_tag","embeddable":true,"href":"https:\/\/vinotecahugo.ro\/en\/wp-json\/wp\/v2\/product_tag?post=13023"}],"curies":[{"name":"wp","href":"https:\/\/api.w.org\/{rel}","templated":true}]}}