{"id":13020,"date":"2019-10-18T11:37:45","date_gmt":"2019-10-18T08:37:45","guid":{"rendered":"https:\/\/vinotecahugo.ro\/produs\/feteasca-regala-premium\/"},"modified":"2025-04-07T16:59:16","modified_gmt":"2025-04-07T13:59:16","slug":"feteasca-regala-premium","status":"publish","type":"product","link":"https:\/\/vinotecahugo.ro\/en\/produs\/feteasca-regala-premium\/","title":{"rendered":"Villa Vinea Feteasca Regala PREMIUM"},"content":{"rendered":"<div class=\"video-shortcode\"><iframe title=\"Villa Vinea\" width=\"1100\" height=\"619\" src=\"https:\/\/www.youtube.com\/embed\/Pwiyy4fPkLQ?feature=oembed\" frameborder=\"0\" allow=\"accelerometer; autoplay; encrypted-media; gyroscope; picture-in-picture\" allowfullscreen><\/iframe><\/div>\n<p><strong>Villa Vinea Feteasca Regala PREMIUM<\/strong><\/p>\n<p>O Feteasc\u0103 Regal\u0103 care posed\u0103, din plin, dou\u0103 dintre caracteristicile at\u00e2t de iubite ale soiului: aciditate \u015fi vioiciune. Dac\u0103 la aceste atribute mai ad\u0103ug\u0103m \u015fi frumoasa mineralitate caracteristic\u0103 terroirului de pe T\u00e2rnava Mic\u0103, atunci rezultatul nu poate dec\u00e2t s\u0103 \u00eenc\u00e2nte pe orice admirator al Fete\u015ftii Regale. Culoarea vinului este galben pai, foarte deschis, iar nasul, delicat, vine cu un mix de flori albe de c\u00e2mp, citrice verzi \u015fi iarb\u0103 proasp\u0103t cosit\u0103. Corpul este suplu, cu alcool bine integrat \u015fi o aciditate sfredelitoare. Gustul aduce \u00een prim plan mere verzi, lime \u015fi c\u00e2rcei de vi\u0163\u0103, la care se adaug\u0103 discrete senza\u0163ii mentolate. Postgustul, proasp\u0103t \u015fi r\u0103coritor, las\u0103 o pl\u0103cut\u0103 astringen\u0163\u0103 \u015fi note am\u0103rui, elegante, de grapefruit copt. Este un vin plin de personalitate, insa prietenos ce poate fi asociat din punct de vedere culinar cu preparate din bucararia asiatica, supe crema sau chiar branzeturi proaspete. Se recomanda a fi servit la temperatura de 10-12 grade Celsius.<\/p>\n<p>&nbsp;<\/p>\n","protected":false},"excerpt":{"rendered":"<p><strong>Villa Vinea Feteasca Regala PREMIUM<\/strong><\/p>\n<p>Culoarea vinului este galben pai, foarte deschis, iar nasul, delicat, vine cu un mix de flori albe de c\u00e2mp, citrice verzi \u015fi iarb\u0103 proasp\u0103t cosit\u0103. Corpul este suplu, cu alcool bine integrat \u015fi o aciditate sfredelitoare. Gustul aduce \u00een prim plan mere verzi, lime \u015fi c\u00e2rcei de vi\u0163\u0103, la care se adaug\u0103 discrete senza\u0163ii mentolate. Postgustul, proasp\u0103t \u015fi r\u0103coritor, las\u0103 o pl\u0103cut\u0103 astringen\u0163\u0103 \u015fi note am\u0103rui, elegante, de grapefruit copt. Este un vin plin de personalitate, insa prietenos ce poate fi asociat din punct de vedere culinar cu preparate din bucararia asiatica, supe crema sau chiar branzeturi proaspete.<\/p>\n","protected":false},"featured_media":15085,"comment_status":"open","ping_status":"closed","template":"","meta":[],"product_brand":[],"product_cat":[882,884,145],"product_tag":[524,581],"class_list":{"0":"post-13020","1":"product","2":"type-product","3":"status-publish","4":"has-post-thumbnail","6":"product_cat-vin-alb","7":"product_cat-vin-alb-sec","8":"product_cat-vinuri-romanesti","9":"product_tag-feteasca-regala","10":"product_tag-villa-vinea","12":"first","13":"instock","14":"taxable","15":"shipping-taxable","16":"purchasable","17":"product-type-simple"},"yoast_head":"<!-- This site is optimized with the Yoast SEO plugin v24.6 - https:\/\/yoast.com\/wordpress\/plugins\/seo\/ -->\n<title>Villa Vinea Feteasca Regala PREMIUM - Vinoteca Hugo<\/title>\n<meta name=\"description\" content=\"Comand\u0103 online Villa Vinea Feteasca Regala PREMIUM de la Vinoteca Hugo! Vinuri de top pentru momente speciale.\" \/>\n<meta name=\"robots\" content=\"index, follow, max-snippet:-1, max-image-preview:large, max-video-preview:-1\" \/>\n<link rel=\"canonical\" href=\"https:\/\/vinotecahugo.ro\/en\/produs\/feteasca-regala-premium\/\" \/>\n<meta property=\"og:locale\" content=\"en_US\" \/>\n<meta property=\"og:type\" content=\"article\" \/>\n<meta property=\"og:title\" content=\"Villa Vinea Feteasca Regala PREMIUM - Vinoteca Hugo\" \/>\n<meta property=\"og:description\" content=\"Comand\u0103 online Villa Vinea Feteasca Regala PREMIUM de la Vinoteca Hugo! Vinuri de top pentru momente speciale.\" \/>\n<meta property=\"og:url\" content=\"https:\/\/vinotecahugo.ro\/en\/produs\/feteasca-regala-premium\/\" \/>\n<meta property=\"og:site_name\" content=\"Vinoteca Hugo\" \/>\n<meta property=\"article:publisher\" content=\"https:\/\/www.facebook.com\/VinotecaHugoAlbaIulia\" \/>\n<meta property=\"article:modified_time\" content=\"2025-04-07T13:59:16+00:00\" \/>\n<meta property=\"og:image\" content=\"https:\/\/vinotecahugo.ro\/wp-content\/uploads\/2019\/10\/villa-vinea-feteasca-regala-premium.jpg\" \/>\n\t<meta property=\"og:image:width\" content=\"600\" \/>\n\t<meta property=\"og:image:height\" content=\"600\" \/>\n\t<meta property=\"og:image:type\" content=\"image\/jpeg\" \/>\n<meta name=\"twitter:card\" content=\"summary_large_image\" \/>\n<meta name=\"twitter:label1\" content=\"Est. reading time\" \/>\n\t<meta name=\"twitter:data1\" content=\"1 minute\" \/>\n<script type=\"application\/ld+json\" class=\"yoast-schema-graph\">{\"@context\":\"https:\/\/schema.org\",\"@graph\":[{\"@type\":\"WebPage\",\"@id\":\"https:\/\/vinotecahugo.ro\/en\/produs\/feteasca-regala-premium\/\",\"url\":\"https:\/\/vinotecahugo.ro\/en\/produs\/feteasca-regala-premium\/\",\"name\":\"Villa Vinea Feteasca Regala PREMIUM - Vinoteca Hugo\",\"isPartOf\":{\"@id\":\"https:\/\/vinotecahugo.ro\/en\/#website\"},\"primaryImageOfPage\":{\"@id\":\"https:\/\/vinotecahugo.ro\/en\/produs\/feteasca-regala-premium\/#primaryimage\"},\"image\":{\"@id\":\"https:\/\/vinotecahugo.ro\/en\/produs\/feteasca-regala-premium\/#primaryimage\"},\"thumbnailUrl\":\"https:\/\/vinotecahugo.ro\/wp-content\/uploads\/2019\/10\/villa-vinea-feteasca-regala-premium.jpg\",\"datePublished\":\"2019-10-18T08:37:45+00:00\",\"dateModified\":\"2025-04-07T13:59:16+00:00\",\"description\":\"Comand\u0103 online Villa Vinea Feteasca Regala PREMIUM de la Vinoteca Hugo! Vinuri de top pentru momente speciale.\",\"breadcrumb\":{\"@id\":\"https:\/\/vinotecahugo.ro\/en\/produs\/feteasca-regala-premium\/#breadcrumb\"},\"inLanguage\":\"en-US\",\"potentialAction\":[{\"@type\":\"ReadAction\",\"target\":[\"https:\/\/vinotecahugo.ro\/en\/produs\/feteasca-regala-premium\/\"]}]},{\"@type\":\"ImageObject\",\"inLanguage\":\"en-US\",\"@id\":\"https:\/\/vinotecahugo.ro\/en\/produs\/feteasca-regala-premium\/#primaryimage\",\"url\":\"https:\/\/vinotecahugo.ro\/wp-content\/uploads\/2019\/10\/villa-vinea-feteasca-regala-premium.jpg\",\"contentUrl\":\"https:\/\/vinotecahugo.ro\/wp-content\/uploads\/2019\/10\/villa-vinea-feteasca-regala-premium.jpg\",\"width\":600,\"height\":600},{\"@type\":\"BreadcrumbList\",\"@id\":\"https:\/\/vinotecahugo.ro\/en\/produs\/feteasca-regala-premium\/#breadcrumb\",\"itemListElement\":[{\"@type\":\"ListItem\",\"position\":1,\"name\":\"Prima pagin\u0103\",\"item\":\"https:\/\/vinotecahugo.ro\/en\/\"},{\"@type\":\"ListItem\",\"position\":2,\"name\":\"Magazin\",\"item\":\"https:\/\/vinotecahugo.ro\/magazin\/\"},{\"@type\":\"ListItem\",\"position\":3,\"name\":\"Villa Vinea Feteasca Regala PREMIUM\"}]},{\"@type\":\"WebSite\",\"@id\":\"https:\/\/vinotecahugo.ro\/en\/#website\",\"url\":\"https:\/\/vinotecahugo.ro\/en\/\",\"name\":\"Vinoteca Hugo\",\"description\":\"vinotec\u0103 cu o colec\u021bie de peste 5000 de sticle de vin\",\"publisher\":{\"@id\":\"https:\/\/vinotecahugo.ro\/en\/#organization\"},\"potentialAction\":[{\"@type\":\"SearchAction\",\"target\":{\"@type\":\"EntryPoint\",\"urlTemplate\":\"https:\/\/vinotecahugo.ro\/en\/?s={search_term_string}\"},\"query-input\":{\"@type\":\"PropertyValueSpecification\",\"valueRequired\":true,\"valueName\":\"search_term_string\"}}],\"inLanguage\":\"en-US\"},{\"@type\":\"Organization\",\"@id\":\"https:\/\/vinotecahugo.ro\/en\/#organization\",\"name\":\"Vinoteca Hugo\",\"url\":\"https:\/\/vinotecahugo.ro\/en\/\",\"logo\":{\"@type\":\"ImageObject\",\"inLanguage\":\"en-US\",\"@id\":\"https:\/\/vinotecahugo.ro\/en\/#\/schema\/logo\/image\/\",\"url\":\"https:\/\/vinotecahugo.ro\/wp-content\/uploads\/2020\/04\/logo-vinoteca-hugo-160-120..jpg\",\"contentUrl\":\"https:\/\/vinotecahugo.ro\/wp-content\/uploads\/2020\/04\/logo-vinoteca-hugo-160-120..jpg\",\"width\":160,\"height\":120,\"caption\":\"Vinoteca Hugo\"},\"image\":{\"@id\":\"https:\/\/vinotecahugo.ro\/en\/#\/schema\/logo\/image\/\"},\"sameAs\":[\"https:\/\/www.facebook.com\/VinotecaHugoAlbaIulia\",\"https:\/\/www.instagram.com\/vinoteca_hugo\/\",\"https:\/\/www.youtube.com\/channel\/UCpprt6bjcY4i-6P9WM-466g\"]}]}<\/script>\n<!-- \/ Yoast SEO plugin. -->","yoast_head_json":{"title":"Villa Vinea Feteasca Regala PREMIUM - Vinoteca Hugo","description":"Comand\u0103 online Villa Vinea Feteasca Regala PREMIUM de la Vinoteca Hugo! Vinuri de top pentru momente speciale.","robots":{"index":"index","follow":"follow","max-snippet":"max-snippet:-1","max-image-preview":"max-image-preview:large","max-video-preview":"max-video-preview:-1"},"canonical":"https:\/\/vinotecahugo.ro\/en\/produs\/feteasca-regala-premium\/","og_locale":"en_US","og_type":"article","og_title":"Villa Vinea Feteasca Regala PREMIUM - Vinoteca Hugo","og_description":"Comand\u0103 online Villa Vinea Feteasca Regala PREMIUM de la Vinoteca Hugo! Vinuri de top pentru momente speciale.","og_url":"https:\/\/vinotecahugo.ro\/en\/produs\/feteasca-regala-premium\/","og_site_name":"Vinoteca Hugo","article_publisher":"https:\/\/www.facebook.com\/VinotecaHugoAlbaIulia","article_modified_time":"2025-04-07T13:59:16+00:00","og_image":[{"width":600,"height":600,"url":"https:\/\/vinotecahugo.ro\/wp-content\/uploads\/2019\/10\/villa-vinea-feteasca-regala-premium.jpg","type":"image\/jpeg"}],"twitter_card":"summary_large_image","twitter_misc":{"Est. reading time":"1 minute"},"schema":{"@context":"https:\/\/schema.org","@graph":[{"@type":"WebPage","@id":"https:\/\/vinotecahugo.ro\/en\/produs\/feteasca-regala-premium\/","url":"https:\/\/vinotecahugo.ro\/en\/produs\/feteasca-regala-premium\/","name":"Villa Vinea Feteasca Regala PREMIUM - Vinoteca Hugo","isPartOf":{"@id":"https:\/\/vinotecahugo.ro\/en\/#website"},"primaryImageOfPage":{"@id":"https:\/\/vinotecahugo.ro\/en\/produs\/feteasca-regala-premium\/#primaryimage"},"image":{"@id":"https:\/\/vinotecahugo.ro\/en\/produs\/feteasca-regala-premium\/#primaryimage"},"thumbnailUrl":"https:\/\/vinotecahugo.ro\/wp-content\/uploads\/2019\/10\/villa-vinea-feteasca-regala-premium.jpg","datePublished":"2019-10-18T08:37:45+00:00","dateModified":"2025-04-07T13:59:16+00:00","description":"Comand\u0103 online Villa Vinea Feteasca Regala PREMIUM de la Vinoteca Hugo! Vinuri de top pentru momente speciale.","breadcrumb":{"@id":"https:\/\/vinotecahugo.ro\/en\/produs\/feteasca-regala-premium\/#breadcrumb"},"inLanguage":"en-US","potentialAction":[{"@type":"ReadAction","target":["https:\/\/vinotecahugo.ro\/en\/produs\/feteasca-regala-premium\/"]}]},{"@type":"ImageObject","inLanguage":"en-US","@id":"https:\/\/vinotecahugo.ro\/en\/produs\/feteasca-regala-premium\/#primaryimage","url":"https:\/\/vinotecahugo.ro\/wp-content\/uploads\/2019\/10\/villa-vinea-feteasca-regala-premium.jpg","contentUrl":"https:\/\/vinotecahugo.ro\/wp-content\/uploads\/2019\/10\/villa-vinea-feteasca-regala-premium.jpg","width":600,"height":600},{"@type":"BreadcrumbList","@id":"https:\/\/vinotecahugo.ro\/en\/produs\/feteasca-regala-premium\/#breadcrumb","itemListElement":[{"@type":"ListItem","position":1,"name":"Prima pagin\u0103","item":"https:\/\/vinotecahugo.ro\/en\/"},{"@type":"ListItem","position":2,"name":"Magazin","item":"https:\/\/vinotecahugo.ro\/magazin\/"},{"@type":"ListItem","position":3,"name":"Villa Vinea Feteasca Regala PREMIUM"}]},{"@type":"WebSite","@id":"https:\/\/vinotecahugo.ro\/en\/#website","url":"https:\/\/vinotecahugo.ro\/en\/","name":"Vinoteca Hugo","description":"vinotec\u0103 cu o colec\u021bie de peste 5000 de sticle de vin","publisher":{"@id":"https:\/\/vinotecahugo.ro\/en\/#organization"},"potentialAction":[{"@type":"SearchAction","target":{"@type":"EntryPoint","urlTemplate":"https:\/\/vinotecahugo.ro\/en\/?s={search_term_string}"},"query-input":{"@type":"PropertyValueSpecification","valueRequired":true,"valueName":"search_term_string"}}],"inLanguage":"en-US"},{"@type":"Organization","@id":"https:\/\/vinotecahugo.ro\/en\/#organization","name":"Vinoteca Hugo","url":"https:\/\/vinotecahugo.ro\/en\/","logo":{"@type":"ImageObject","inLanguage":"en-US","@id":"https:\/\/vinotecahugo.ro\/en\/#\/schema\/logo\/image\/","url":"https:\/\/vinotecahugo.ro\/wp-content\/uploads\/2020\/04\/logo-vinoteca-hugo-160-120..jpg","contentUrl":"https:\/\/vinotecahugo.ro\/wp-content\/uploads\/2020\/04\/logo-vinoteca-hugo-160-120..jpg","width":160,"height":120,"caption":"Vinoteca Hugo"},"image":{"@id":"https:\/\/vinotecahugo.ro\/en\/#\/schema\/logo\/image\/"},"sameAs":["https:\/\/www.facebook.com\/VinotecaHugoAlbaIulia","https:\/\/www.instagram.com\/vinoteca_hugo\/","https:\/\/www.youtube.com\/channel\/UCpprt6bjcY4i-6P9WM-466g"]}]}},"_links":{"self":[{"href":"https:\/\/vinotecahugo.ro\/en\/wp-json\/wp\/v2\/product\/13020","targetHints":{"allow":["GET"]}}],"collection":[{"href":"https:\/\/vinotecahugo.ro\/en\/wp-json\/wp\/v2\/product"}],"about":[{"href":"https:\/\/vinotecahugo.ro\/en\/wp-json\/wp\/v2\/types\/product"}],"replies":[{"embeddable":true,"href":"https:\/\/vinotecahugo.ro\/en\/wp-json\/wp\/v2\/comments?post=13020"}],"wp:featuredmedia":[{"embeddable":true,"href":"https:\/\/vinotecahugo.ro\/en\/wp-json\/wp\/v2\/media\/15085"}],"wp:attachment":[{"href":"https:\/\/vinotecahugo.ro\/en\/wp-json\/wp\/v2\/media?parent=13020"}],"wp:term":[{"taxonomy":"product_brand","embeddable":true,"href":"https:\/\/vinotecahugo.ro\/en\/wp-json\/wp\/v2\/product_brand?post=13020"},{"taxonomy":"product_cat","embeddable":true,"href":"https:\/\/vinotecahugo.ro\/en\/wp-json\/wp\/v2\/product_cat?post=13020"},{"taxonomy":"product_tag","embeddable":true,"href":"https:\/\/vinotecahugo.ro\/en\/wp-json\/wp\/v2\/product_tag?post=13020"}],"curies":[{"name":"wp","href":"https:\/\/api.w.org\/{rel}","templated":true}]}}