{"id":13019,"date":"2019-10-18T11:37:45","date_gmt":"2019-10-18T08:37:45","guid":{"rendered":"https:\/\/vinotecahugo.ro\/produs\/kerner-selection\/"},"modified":"2024-11-08T15:07:15","modified_gmt":"2024-11-08T13:07:15","slug":"kerner-selection","status":"publish","type":"product","link":"https:\/\/vinotecahugo.ro\/en\/produs\/kerner-selection\/","title":{"rendered":"Villa Vinea KERNER SELECTION"},"content":{"rendered":"<div class=\"video-shortcode\"><iframe title=\"Villa Vinea\" width=\"1100\" height=\"619\" src=\"https:\/\/www.youtube.com\/embed\/Pwiyy4fPkLQ?feature=oembed\" frameborder=\"0\" allow=\"accelerometer; autoplay; encrypted-media; gyroscope; picture-in-picture\" allowfullscreen><\/iframe><\/div>\n<p><strong>Villa Vinea KERNER SELECTION<\/strong><\/p>\n<p>Soiul Kerner este o noutate absolut\u0103 \u00een Rom\u00e2nia, el reg\u0103sindu-se, de pu\u0163in\u0103 vreme, doar \u00een podgoria cramei Villa Vinea de pe T\u00e2rnava Mic\u0103. Vinul, complex \u015fi plin de personalitate, are un caracter ce aminte\u015fte de Rieslingul de Rin \u2013 unul dintre p\u0103rin\u0163ii biologici ai Kernerului. Culoarea vinului este galben str\u0103lucitor, cu reflexii verzui, iar nasul e proasp\u0103t \u015fi elegant, cu mere verzi \u015fi note ierboase, u\u015for minerale. Corpul amplu, cu o excelent\u0103 aciditate, are alcool perfect integrat \u015fi o discret\u0103 astringen\u0163\u0103. Gustul intens, aduce \u00een prim plan un mix de piersici, mango \u015fi corcodu\u015fe verzi, la care se adaug\u0103 aluzii am\u0103rui condimentate. Postgustul, lung \u015fi crocant, las\u0103 senza\u0163ii de grapefruit \u015fi impresii discret saline. Un vin foarte versatil in asocierea cu mancarurile din peste si carne alba, aperitive si branzeturi usoare, recomandat de a fi servit la temperatura de 10-12 \u00b0C<\/p>\n","protected":false},"excerpt":{"rendered":"<p><strong>Villa Vinea KERNER SELECTION<\/strong><\/p>\n<p>Un vin alb cu o culoare galben deschis spre galben pai. Buchet fin de fructe, mere verzi \u015fi note ierboase, u\u015for minerale\u00a0cu o arom\u0103 u\u0219oar\u0103 de nuc\u0219oar\u0103 care completeaz\u0103 experien\u021ba gustativ\u0103. Uscat \u00een gur\u0103, finisajul proasp\u0103t \u0219i suculent, u\u0219or mineral. Pentru zona de cultivare tipic\u0103, Kerner Villa Vinea aduce aciditate \u0219i un finisaj moale. Un vin foarte versatil in asocierea cu mancarurile din peste si carne alba, aperitive si branzeturi usoare.<\/p>\n","protected":false},"featured_media":15082,"comment_status":"open","ping_status":"closed","template":"","meta":[],"product_brand":[],"product_cat":[882,884,145],"product_tag":[580,581],"class_list":{"0":"post-13019","1":"product","2":"type-product","3":"status-publish","4":"has-post-thumbnail","6":"product_cat-vin-alb","7":"product_cat-vin-alb-sec","8":"product_cat-vinuri-romanesti","9":"product_tag-kerner","10":"product_tag-villa-vinea","12":"first","13":"instock","14":"taxable","15":"shipping-taxable","16":"purchasable","17":"product-type-simple"},"yoast_head":"<!-- This site is optimized with the Yoast SEO plugin v24.6 - https:\/\/yoast.com\/wordpress\/plugins\/seo\/ -->\n<title>Villa Vinea KERNER SELECTION - Vinoteca Hugo<\/title>\n<meta name=\"description\" content=\"Comand\u0103 online Villa Vinea KERNER SELECTION de la Vinoteca Hugo! Vinuri de top pentru momente speciale.\" \/>\n<meta name=\"robots\" content=\"index, follow, max-snippet:-1, max-image-preview:large, max-video-preview:-1\" \/>\n<link rel=\"canonical\" href=\"https:\/\/vinotecahugo.ro\/en\/produs\/kerner-selection\/\" \/>\n<meta property=\"og:locale\" content=\"en_US\" \/>\n<meta property=\"og:type\" content=\"article\" \/>\n<meta property=\"og:title\" content=\"Villa Vinea KERNER SELECTION - Vinoteca Hugo\" \/>\n<meta property=\"og:description\" content=\"Comand\u0103 online Villa Vinea KERNER SELECTION de la Vinoteca Hugo! Vinuri de top pentru momente speciale.\" \/>\n<meta property=\"og:url\" content=\"https:\/\/vinotecahugo.ro\/en\/produs\/kerner-selection\/\" \/>\n<meta property=\"og:site_name\" content=\"Vinoteca Hugo\" \/>\n<meta property=\"article:publisher\" content=\"https:\/\/www.facebook.com\/VinotecaHugoAlbaIulia\" \/>\n<meta property=\"article:modified_time\" content=\"2024-11-08T13:07:15+00:00\" \/>\n<meta property=\"og:image\" content=\"https:\/\/vinotecahugo.ro\/wp-content\/uploads\/2019\/10\/villa-vinea-kerner-selection.jpg\" \/>\n\t<meta property=\"og:image:width\" content=\"600\" \/>\n\t<meta property=\"og:image:height\" content=\"600\" \/>\n\t<meta property=\"og:image:type\" content=\"image\/jpeg\" \/>\n<meta name=\"twitter:card\" content=\"summary_large_image\" \/>\n<meta name=\"twitter:label1\" content=\"Est. reading time\" \/>\n\t<meta name=\"twitter:data1\" content=\"1 minute\" \/>\n<script type=\"application\/ld+json\" class=\"yoast-schema-graph\">{\"@context\":\"https:\/\/schema.org\",\"@graph\":[{\"@type\":\"WebPage\",\"@id\":\"https:\/\/vinotecahugo.ro\/en\/produs\/kerner-selection\/\",\"url\":\"https:\/\/vinotecahugo.ro\/en\/produs\/kerner-selection\/\",\"name\":\"Villa Vinea KERNER SELECTION - Vinoteca Hugo\",\"isPartOf\":{\"@id\":\"https:\/\/vinotecahugo.ro\/en\/#website\"},\"primaryImageOfPage\":{\"@id\":\"https:\/\/vinotecahugo.ro\/en\/produs\/kerner-selection\/#primaryimage\"},\"image\":{\"@id\":\"https:\/\/vinotecahugo.ro\/en\/produs\/kerner-selection\/#primaryimage\"},\"thumbnailUrl\":\"https:\/\/vinotecahugo.ro\/wp-content\/uploads\/2019\/10\/villa-vinea-kerner-selection.jpg\",\"datePublished\":\"2019-10-18T08:37:45+00:00\",\"dateModified\":\"2024-11-08T13:07:15+00:00\",\"description\":\"Comand\u0103 online Villa Vinea KERNER SELECTION de la Vinoteca Hugo! Vinuri de top pentru momente speciale.\",\"breadcrumb\":{\"@id\":\"https:\/\/vinotecahugo.ro\/en\/produs\/kerner-selection\/#breadcrumb\"},\"inLanguage\":\"en-US\",\"potentialAction\":[{\"@type\":\"ReadAction\",\"target\":[\"https:\/\/vinotecahugo.ro\/en\/produs\/kerner-selection\/\"]}]},{\"@type\":\"ImageObject\",\"inLanguage\":\"en-US\",\"@id\":\"https:\/\/vinotecahugo.ro\/en\/produs\/kerner-selection\/#primaryimage\",\"url\":\"https:\/\/vinotecahugo.ro\/wp-content\/uploads\/2019\/10\/villa-vinea-kerner-selection.jpg\",\"contentUrl\":\"https:\/\/vinotecahugo.ro\/wp-content\/uploads\/2019\/10\/villa-vinea-kerner-selection.jpg\",\"width\":600,\"height\":600},{\"@type\":\"BreadcrumbList\",\"@id\":\"https:\/\/vinotecahugo.ro\/en\/produs\/kerner-selection\/#breadcrumb\",\"itemListElement\":[{\"@type\":\"ListItem\",\"position\":1,\"name\":\"Prima pagin\u0103\",\"item\":\"https:\/\/vinotecahugo.ro\/en\/\"},{\"@type\":\"ListItem\",\"position\":2,\"name\":\"Magazin\",\"item\":\"https:\/\/vinotecahugo.ro\/magazin\/\"},{\"@type\":\"ListItem\",\"position\":3,\"name\":\"Villa Vinea KERNER SELECTION\"}]},{\"@type\":\"WebSite\",\"@id\":\"https:\/\/vinotecahugo.ro\/en\/#website\",\"url\":\"https:\/\/vinotecahugo.ro\/en\/\",\"name\":\"Vinoteca Hugo\",\"description\":\"vinotec\u0103 cu o colec\u021bie de peste 5000 de sticle de vin\",\"publisher\":{\"@id\":\"https:\/\/vinotecahugo.ro\/en\/#organization\"},\"potentialAction\":[{\"@type\":\"SearchAction\",\"target\":{\"@type\":\"EntryPoint\",\"urlTemplate\":\"https:\/\/vinotecahugo.ro\/en\/?s={search_term_string}\"},\"query-input\":{\"@type\":\"PropertyValueSpecification\",\"valueRequired\":true,\"valueName\":\"search_term_string\"}}],\"inLanguage\":\"en-US\"},{\"@type\":\"Organization\",\"@id\":\"https:\/\/vinotecahugo.ro\/en\/#organization\",\"name\":\"Vinoteca Hugo\",\"url\":\"https:\/\/vinotecahugo.ro\/en\/\",\"logo\":{\"@type\":\"ImageObject\",\"inLanguage\":\"en-US\",\"@id\":\"https:\/\/vinotecahugo.ro\/en\/#\/schema\/logo\/image\/\",\"url\":\"https:\/\/vinotecahugo.ro\/wp-content\/uploads\/2020\/04\/logo-vinoteca-hugo-160-120..jpg\",\"contentUrl\":\"https:\/\/vinotecahugo.ro\/wp-content\/uploads\/2020\/04\/logo-vinoteca-hugo-160-120..jpg\",\"width\":160,\"height\":120,\"caption\":\"Vinoteca Hugo\"},\"image\":{\"@id\":\"https:\/\/vinotecahugo.ro\/en\/#\/schema\/logo\/image\/\"},\"sameAs\":[\"https:\/\/www.facebook.com\/VinotecaHugoAlbaIulia\",\"https:\/\/www.instagram.com\/vinoteca_hugo\/\",\"https:\/\/www.youtube.com\/channel\/UCpprt6bjcY4i-6P9WM-466g\"]}]}<\/script>\n<!-- \/ Yoast SEO plugin. -->","yoast_head_json":{"title":"Villa Vinea KERNER SELECTION - Vinoteca Hugo","description":"Comand\u0103 online Villa Vinea KERNER SELECTION de la Vinoteca Hugo! Vinuri de top pentru momente speciale.","robots":{"index":"index","follow":"follow","max-snippet":"max-snippet:-1","max-image-preview":"max-image-preview:large","max-video-preview":"max-video-preview:-1"},"canonical":"https:\/\/vinotecahugo.ro\/en\/produs\/kerner-selection\/","og_locale":"en_US","og_type":"article","og_title":"Villa Vinea KERNER SELECTION - Vinoteca Hugo","og_description":"Comand\u0103 online Villa Vinea KERNER SELECTION de la Vinoteca Hugo! Vinuri de top pentru momente speciale.","og_url":"https:\/\/vinotecahugo.ro\/en\/produs\/kerner-selection\/","og_site_name":"Vinoteca Hugo","article_publisher":"https:\/\/www.facebook.com\/VinotecaHugoAlbaIulia","article_modified_time":"2024-11-08T13:07:15+00:00","og_image":[{"width":600,"height":600,"url":"https:\/\/vinotecahugo.ro\/wp-content\/uploads\/2019\/10\/villa-vinea-kerner-selection.jpg","type":"image\/jpeg"}],"twitter_card":"summary_large_image","twitter_misc":{"Est. reading time":"1 minute"},"schema":{"@context":"https:\/\/schema.org","@graph":[{"@type":"WebPage","@id":"https:\/\/vinotecahugo.ro\/en\/produs\/kerner-selection\/","url":"https:\/\/vinotecahugo.ro\/en\/produs\/kerner-selection\/","name":"Villa Vinea KERNER SELECTION - Vinoteca Hugo","isPartOf":{"@id":"https:\/\/vinotecahugo.ro\/en\/#website"},"primaryImageOfPage":{"@id":"https:\/\/vinotecahugo.ro\/en\/produs\/kerner-selection\/#primaryimage"},"image":{"@id":"https:\/\/vinotecahugo.ro\/en\/produs\/kerner-selection\/#primaryimage"},"thumbnailUrl":"https:\/\/vinotecahugo.ro\/wp-content\/uploads\/2019\/10\/villa-vinea-kerner-selection.jpg","datePublished":"2019-10-18T08:37:45+00:00","dateModified":"2024-11-08T13:07:15+00:00","description":"Comand\u0103 online Villa Vinea KERNER SELECTION de la Vinoteca Hugo! Vinuri de top pentru momente speciale.","breadcrumb":{"@id":"https:\/\/vinotecahugo.ro\/en\/produs\/kerner-selection\/#breadcrumb"},"inLanguage":"en-US","potentialAction":[{"@type":"ReadAction","target":["https:\/\/vinotecahugo.ro\/en\/produs\/kerner-selection\/"]}]},{"@type":"ImageObject","inLanguage":"en-US","@id":"https:\/\/vinotecahugo.ro\/en\/produs\/kerner-selection\/#primaryimage","url":"https:\/\/vinotecahugo.ro\/wp-content\/uploads\/2019\/10\/villa-vinea-kerner-selection.jpg","contentUrl":"https:\/\/vinotecahugo.ro\/wp-content\/uploads\/2019\/10\/villa-vinea-kerner-selection.jpg","width":600,"height":600},{"@type":"BreadcrumbList","@id":"https:\/\/vinotecahugo.ro\/en\/produs\/kerner-selection\/#breadcrumb","itemListElement":[{"@type":"ListItem","position":1,"name":"Prima pagin\u0103","item":"https:\/\/vinotecahugo.ro\/en\/"},{"@type":"ListItem","position":2,"name":"Magazin","item":"https:\/\/vinotecahugo.ro\/magazin\/"},{"@type":"ListItem","position":3,"name":"Villa Vinea KERNER SELECTION"}]},{"@type":"WebSite","@id":"https:\/\/vinotecahugo.ro\/en\/#website","url":"https:\/\/vinotecahugo.ro\/en\/","name":"Vinoteca Hugo","description":"vinotec\u0103 cu o colec\u021bie de peste 5000 de sticle de vin","publisher":{"@id":"https:\/\/vinotecahugo.ro\/en\/#organization"},"potentialAction":[{"@type":"SearchAction","target":{"@type":"EntryPoint","urlTemplate":"https:\/\/vinotecahugo.ro\/en\/?s={search_term_string}"},"query-input":{"@type":"PropertyValueSpecification","valueRequired":true,"valueName":"search_term_string"}}],"inLanguage":"en-US"},{"@type":"Organization","@id":"https:\/\/vinotecahugo.ro\/en\/#organization","name":"Vinoteca Hugo","url":"https:\/\/vinotecahugo.ro\/en\/","logo":{"@type":"ImageObject","inLanguage":"en-US","@id":"https:\/\/vinotecahugo.ro\/en\/#\/schema\/logo\/image\/","url":"https:\/\/vinotecahugo.ro\/wp-content\/uploads\/2020\/04\/logo-vinoteca-hugo-160-120..jpg","contentUrl":"https:\/\/vinotecahugo.ro\/wp-content\/uploads\/2020\/04\/logo-vinoteca-hugo-160-120..jpg","width":160,"height":120,"caption":"Vinoteca Hugo"},"image":{"@id":"https:\/\/vinotecahugo.ro\/en\/#\/schema\/logo\/image\/"},"sameAs":["https:\/\/www.facebook.com\/VinotecaHugoAlbaIulia","https:\/\/www.instagram.com\/vinoteca_hugo\/","https:\/\/www.youtube.com\/channel\/UCpprt6bjcY4i-6P9WM-466g"]}]}},"_links":{"self":[{"href":"https:\/\/vinotecahugo.ro\/en\/wp-json\/wp\/v2\/product\/13019","targetHints":{"allow":["GET"]}}],"collection":[{"href":"https:\/\/vinotecahugo.ro\/en\/wp-json\/wp\/v2\/product"}],"about":[{"href":"https:\/\/vinotecahugo.ro\/en\/wp-json\/wp\/v2\/types\/product"}],"replies":[{"embeddable":true,"href":"https:\/\/vinotecahugo.ro\/en\/wp-json\/wp\/v2\/comments?post=13019"}],"wp:featuredmedia":[{"embeddable":true,"href":"https:\/\/vinotecahugo.ro\/en\/wp-json\/wp\/v2\/media\/15082"}],"wp:attachment":[{"href":"https:\/\/vinotecahugo.ro\/en\/wp-json\/wp\/v2\/media?parent=13019"}],"wp:term":[{"taxonomy":"product_brand","embeddable":true,"href":"https:\/\/vinotecahugo.ro\/en\/wp-json\/wp\/v2\/product_brand?post=13019"},{"taxonomy":"product_cat","embeddable":true,"href":"https:\/\/vinotecahugo.ro\/en\/wp-json\/wp\/v2\/product_cat?post=13019"},{"taxonomy":"product_tag","embeddable":true,"href":"https:\/\/vinotecahugo.ro\/en\/wp-json\/wp\/v2\/product_tag?post=13019"}],"curies":[{"name":"wp","href":"https:\/\/api.w.org\/{rel}","templated":true}]}}