{"id":13018,"date":"2019-10-18T11:37:44","date_gmt":"2019-10-18T08:37:44","guid":{"rendered":"https:\/\/vinotecahugo.ro\/produs\/carassi-rose\/"},"modified":"2026-03-07T15:14:21","modified_gmt":"2026-03-07T13:14:21","slug":"carassi-rose","status":"publish","type":"product","link":"https:\/\/vinotecahugo.ro\/en\/produs\/carassi-rose\/","title":{"rendered":"Carastelec CARASSIA ROSE"},"content":{"rendered":"<div class=\"video-shortcode\"><iframe title=\"The sparkling terroir\" width=\"1100\" height=\"619\" src=\"https:\/\/www.youtube.com\/embed\/v4Z3NnTN7yQ?feature=oembed\" frameborder=\"0\" allow=\"accelerometer; autoplay; encrypted-media; gyroscope; picture-in-picture\" allowfullscreen><\/iframe><\/div>\n<p><strong>Carastelec CARASSIA ROSE\u00a0<\/strong><\/p>\n<p>Vinurile spumante din protofoliul cramei Carastelec sunt produse exclusiv prin metoda tradi\u021bional\u0103, champenoise, adic\u0103 prin maturare \u00een sticl\u0103, \u00een cazul spumantelor CARASSIA prin maturare \u00eendelungat\u0103 de minim dou\u0103zeci de luni, folosind soiuri tradi\u021bionale. \u00centreg procesul de vinificare, \u00eencep\u00e2nd cu prima \u0219i a doua fermentare, trec\u00e2nd prin degorjare, p\u00e2n\u0103 la \u00eembuteliere \u0219i etichetare, sunt efectuate \u00een propria cram\u0103 cu cele mai moderne echipamente.<\/p>\n<p>Culoarea somonie str\u0103lucitoare \u0219i fructuozitate intensiv\u0103 sunt caracteristicile de baz\u0103 al acestui spumant, la care se adaug\u0103 perlajul fin \u0219i un mousse persistent care \u00eenvele\u0219te \u0219i m\u00e2ng\u00eeie papilele gustative intensific\u00e2nd aromele vioaie de fructe ro\u0219ii \u0219i cele de brio\u0219\u0103 provenind din maturarea \u00eendelungat\u0103 de 22 de luni \u00een sticl\u0103. Efervescen\u021ba la fel ca \u0219i aromele pline de fructe tipice soiului Pinot Noir persist\u0103 p\u00e2n\u0103 la postgust, unde apar \u0219i notele minerale caracteristice vinurilor din zona Carastelec. Elegant, proasp\u0103t, cremos de la cap la coad\u0103. \u00a0Tirajarea \u0219i \u00eembutelierea: 2015 mai. Maturarea \u00een sticl\u0103: 22 luni la temperatur\u0103 de 15 C. Data degorj\u0103rii: trim I., 2017.Temperatur\u0103 de servire: 6-8\u00b0C. Asocieri culinare recomandate: carne de ra\u021b\u0103 sau iepure, somon, ciuperci, preparate din bucataria asiatica.<\/p>\n<p>Mai multe informatii despre acest producator gasiti <a href=\"https:\/\/www.carastelecwinery.com\/ro\/ez-egy-minta-oldal-3\/\">AICI<\/a>.<\/p>\n<p>Pentru programul de degustari si oferte personalizate te invitam sa devii membrul clubului Vinoteca Hugo. Pentru mai multe informatii fa click <a href=\"https:\/\/vinotecahugo.ro\/evenimente\/\">AICI.<\/a><\/p>\n","protected":false},"excerpt":{"rendered":"<p>Spumant rose produs din soiul Pinot Noir, prin metoda clasica cu maturare pe drojdii de 22 luni. Are o culoare somonie str\u0103lucitoare \u0219i fructuozitate intensiv\u0103 sunt caracteristicile de baz\u0103 al acestui spumant, la care se adaug\u0103 perlajul fin \u0219i un mousse persistent care \u00eenvele\u0219te \u0219i m\u00e2ng\u00eeie papilele gustative intensific\u00e2nd aromele vioaie de zmeur\u0103 \u0219i frag proasp\u0103t \u0219i cele de brio\u0219\u0103 provenind din maturarea \u00eendelungat\u0103 \u00een sticl\u0103.\u00a0 Asocieri culinare recomandate: carne de ra\u021b\u0103 sau iepure, somon, ciuperci, preparate din bucataria asiatica.<\/p>\n","protected":false},"featured_media":15074,"comment_status":"open","ping_status":"closed","template":"","meta":[],"product_brand":[],"product_cat":[892,145],"product_tag":[563,562,368,564],"class_list":{"0":"post-13018","1":"product","2":"type-product","3":"status-publish","4":"has-post-thumbnail","6":"product_cat-vin-rose","7":"product_cat-vinuri-romanesti","8":"product_tag-carassia-rose","9":"product_tag-carastelec","10":"product_tag-pinot-noir","11":"product_tag-vin-spumant-clasic","13":"first","14":"instock","15":"taxable","16":"shipping-taxable","17":"purchasable","18":"product-type-simple"},"yoast_head":"<!-- This site is optimized with the Yoast SEO plugin v24.6 - https:\/\/yoast.com\/wordpress\/plugins\/seo\/ -->\n<title>Carastelec CARASSIA ROSE - Vinoteca Hugo<\/title>\n<meta name=\"description\" content=\"Comand\u0103 online Carastelec CARASSIA ROSE de la Vinoteca Hugo! Vinuri de top pentru momente speciale.\" \/>\n<meta name=\"robots\" content=\"index, follow, max-snippet:-1, max-image-preview:large, max-video-preview:-1\" \/>\n<link rel=\"canonical\" href=\"https:\/\/vinotecahugo.ro\/en\/produs\/carassi-rose\/\" \/>\n<meta property=\"og:locale\" content=\"en_US\" \/>\n<meta property=\"og:type\" content=\"article\" \/>\n<meta property=\"og:title\" content=\"Carastelec CARASSIA ROSE - Vinoteca Hugo\" \/>\n<meta property=\"og:description\" content=\"Comand\u0103 online Carastelec CARASSIA ROSE de la Vinoteca Hugo! Vinuri de top pentru momente speciale.\" \/>\n<meta property=\"og:url\" content=\"https:\/\/vinotecahugo.ro\/en\/produs\/carassi-rose\/\" \/>\n<meta property=\"og:site_name\" content=\"Vinoteca Hugo\" \/>\n<meta property=\"article:publisher\" content=\"https:\/\/www.facebook.com\/VinotecaHugoAlbaIulia\" \/>\n<meta property=\"article:modified_time\" content=\"2026-03-07T13:14:21+00:00\" \/>\n<meta property=\"og:image\" content=\"https:\/\/vinotecahugo.ro\/wp-content\/uploads\/2019\/10\/carastelec-carassia-rose.jpg\" \/>\n\t<meta property=\"og:image:width\" content=\"600\" \/>\n\t<meta property=\"og:image:height\" content=\"600\" \/>\n\t<meta property=\"og:image:type\" content=\"image\/jpeg\" \/>\n<meta name=\"twitter:card\" content=\"summary_large_image\" \/>\n<meta name=\"twitter:label1\" content=\"Est. reading time\" \/>\n\t<meta name=\"twitter:data1\" content=\"1 minute\" \/>\n<script type=\"application\/ld+json\" class=\"yoast-schema-graph\">{\"@context\":\"https:\/\/schema.org\",\"@graph\":[{\"@type\":\"WebPage\",\"@id\":\"https:\/\/vinotecahugo.ro\/en\/produs\/carassi-rose\/\",\"url\":\"https:\/\/vinotecahugo.ro\/en\/produs\/carassi-rose\/\",\"name\":\"Carastelec CARASSIA ROSE - Vinoteca Hugo\",\"isPartOf\":{\"@id\":\"https:\/\/vinotecahugo.ro\/en\/#website\"},\"primaryImageOfPage\":{\"@id\":\"https:\/\/vinotecahugo.ro\/en\/produs\/carassi-rose\/#primaryimage\"},\"image\":{\"@id\":\"https:\/\/vinotecahugo.ro\/en\/produs\/carassi-rose\/#primaryimage\"},\"thumbnailUrl\":\"https:\/\/vinotecahugo.ro\/wp-content\/uploads\/2019\/10\/carastelec-carassia-rose.jpg\",\"datePublished\":\"2019-10-18T08:37:44+00:00\",\"dateModified\":\"2026-03-07T13:14:21+00:00\",\"description\":\"Comand\u0103 online Carastelec CARASSIA ROSE de la Vinoteca Hugo! Vinuri de top pentru momente speciale.\",\"breadcrumb\":{\"@id\":\"https:\/\/vinotecahugo.ro\/en\/produs\/carassi-rose\/#breadcrumb\"},\"inLanguage\":\"en-US\",\"potentialAction\":[{\"@type\":\"ReadAction\",\"target\":[\"https:\/\/vinotecahugo.ro\/en\/produs\/carassi-rose\/\"]}]},{\"@type\":\"ImageObject\",\"inLanguage\":\"en-US\",\"@id\":\"https:\/\/vinotecahugo.ro\/en\/produs\/carassi-rose\/#primaryimage\",\"url\":\"https:\/\/vinotecahugo.ro\/wp-content\/uploads\/2019\/10\/carastelec-carassia-rose.jpg\",\"contentUrl\":\"https:\/\/vinotecahugo.ro\/wp-content\/uploads\/2019\/10\/carastelec-carassia-rose.jpg\",\"width\":600,\"height\":600},{\"@type\":\"BreadcrumbList\",\"@id\":\"https:\/\/vinotecahugo.ro\/en\/produs\/carassi-rose\/#breadcrumb\",\"itemListElement\":[{\"@type\":\"ListItem\",\"position\":1,\"name\":\"Prima pagin\u0103\",\"item\":\"https:\/\/vinotecahugo.ro\/en\/\"},{\"@type\":\"ListItem\",\"position\":2,\"name\":\"Magazin\",\"item\":\"https:\/\/vinotecahugo.ro\/magazin\/\"},{\"@type\":\"ListItem\",\"position\":3,\"name\":\"Carastelec CARASSIA ROSE\"}]},{\"@type\":\"WebSite\",\"@id\":\"https:\/\/vinotecahugo.ro\/en\/#website\",\"url\":\"https:\/\/vinotecahugo.ro\/en\/\",\"name\":\"Vinoteca Hugo\",\"description\":\"vinotec\u0103 cu o colec\u021bie de peste 5000 de sticle de vin\",\"publisher\":{\"@id\":\"https:\/\/vinotecahugo.ro\/en\/#organization\"},\"potentialAction\":[{\"@type\":\"SearchAction\",\"target\":{\"@type\":\"EntryPoint\",\"urlTemplate\":\"https:\/\/vinotecahugo.ro\/en\/?s={search_term_string}\"},\"query-input\":{\"@type\":\"PropertyValueSpecification\",\"valueRequired\":true,\"valueName\":\"search_term_string\"}}],\"inLanguage\":\"en-US\"},{\"@type\":\"Organization\",\"@id\":\"https:\/\/vinotecahugo.ro\/en\/#organization\",\"name\":\"Vinoteca Hugo\",\"url\":\"https:\/\/vinotecahugo.ro\/en\/\",\"logo\":{\"@type\":\"ImageObject\",\"inLanguage\":\"en-US\",\"@id\":\"https:\/\/vinotecahugo.ro\/en\/#\/schema\/logo\/image\/\",\"url\":\"https:\/\/vinotecahugo.ro\/wp-content\/uploads\/2020\/04\/logo-vinoteca-hugo-160-120..jpg\",\"contentUrl\":\"https:\/\/vinotecahugo.ro\/wp-content\/uploads\/2020\/04\/logo-vinoteca-hugo-160-120..jpg\",\"width\":160,\"height\":120,\"caption\":\"Vinoteca Hugo\"},\"image\":{\"@id\":\"https:\/\/vinotecahugo.ro\/en\/#\/schema\/logo\/image\/\"},\"sameAs\":[\"https:\/\/www.facebook.com\/VinotecaHugoAlbaIulia\",\"https:\/\/www.instagram.com\/vinoteca_hugo\/\",\"https:\/\/www.youtube.com\/channel\/UCpprt6bjcY4i-6P9WM-466g\"]}]}<\/script>\n<!-- \/ Yoast SEO plugin. -->","yoast_head_json":{"title":"Carastelec CARASSIA ROSE - Vinoteca Hugo","description":"Comand\u0103 online Carastelec CARASSIA ROSE de la Vinoteca Hugo! Vinuri de top pentru momente speciale.","robots":{"index":"index","follow":"follow","max-snippet":"max-snippet:-1","max-image-preview":"max-image-preview:large","max-video-preview":"max-video-preview:-1"},"canonical":"https:\/\/vinotecahugo.ro\/en\/produs\/carassi-rose\/","og_locale":"en_US","og_type":"article","og_title":"Carastelec CARASSIA ROSE - Vinoteca Hugo","og_description":"Comand\u0103 online Carastelec CARASSIA ROSE de la Vinoteca Hugo! Vinuri de top pentru momente speciale.","og_url":"https:\/\/vinotecahugo.ro\/en\/produs\/carassi-rose\/","og_site_name":"Vinoteca Hugo","article_publisher":"https:\/\/www.facebook.com\/VinotecaHugoAlbaIulia","article_modified_time":"2026-03-07T13:14:21+00:00","og_image":[{"width":600,"height":600,"url":"https:\/\/vinotecahugo.ro\/wp-content\/uploads\/2019\/10\/carastelec-carassia-rose.jpg","type":"image\/jpeg"}],"twitter_card":"summary_large_image","twitter_misc":{"Est. reading time":"1 minute"},"schema":{"@context":"https:\/\/schema.org","@graph":[{"@type":"WebPage","@id":"https:\/\/vinotecahugo.ro\/en\/produs\/carassi-rose\/","url":"https:\/\/vinotecahugo.ro\/en\/produs\/carassi-rose\/","name":"Carastelec CARASSIA ROSE - Vinoteca Hugo","isPartOf":{"@id":"https:\/\/vinotecahugo.ro\/en\/#website"},"primaryImageOfPage":{"@id":"https:\/\/vinotecahugo.ro\/en\/produs\/carassi-rose\/#primaryimage"},"image":{"@id":"https:\/\/vinotecahugo.ro\/en\/produs\/carassi-rose\/#primaryimage"},"thumbnailUrl":"https:\/\/vinotecahugo.ro\/wp-content\/uploads\/2019\/10\/carastelec-carassia-rose.jpg","datePublished":"2019-10-18T08:37:44+00:00","dateModified":"2026-03-07T13:14:21+00:00","description":"Comand\u0103 online Carastelec CARASSIA ROSE de la Vinoteca Hugo! Vinuri de top pentru momente speciale.","breadcrumb":{"@id":"https:\/\/vinotecahugo.ro\/en\/produs\/carassi-rose\/#breadcrumb"},"inLanguage":"en-US","potentialAction":[{"@type":"ReadAction","target":["https:\/\/vinotecahugo.ro\/en\/produs\/carassi-rose\/"]}]},{"@type":"ImageObject","inLanguage":"en-US","@id":"https:\/\/vinotecahugo.ro\/en\/produs\/carassi-rose\/#primaryimage","url":"https:\/\/vinotecahugo.ro\/wp-content\/uploads\/2019\/10\/carastelec-carassia-rose.jpg","contentUrl":"https:\/\/vinotecahugo.ro\/wp-content\/uploads\/2019\/10\/carastelec-carassia-rose.jpg","width":600,"height":600},{"@type":"BreadcrumbList","@id":"https:\/\/vinotecahugo.ro\/en\/produs\/carassi-rose\/#breadcrumb","itemListElement":[{"@type":"ListItem","position":1,"name":"Prima pagin\u0103","item":"https:\/\/vinotecahugo.ro\/en\/"},{"@type":"ListItem","position":2,"name":"Magazin","item":"https:\/\/vinotecahugo.ro\/magazin\/"},{"@type":"ListItem","position":3,"name":"Carastelec CARASSIA ROSE"}]},{"@type":"WebSite","@id":"https:\/\/vinotecahugo.ro\/en\/#website","url":"https:\/\/vinotecahugo.ro\/en\/","name":"Vinoteca Hugo","description":"vinotec\u0103 cu o colec\u021bie de peste 5000 de sticle de vin","publisher":{"@id":"https:\/\/vinotecahugo.ro\/en\/#organization"},"potentialAction":[{"@type":"SearchAction","target":{"@type":"EntryPoint","urlTemplate":"https:\/\/vinotecahugo.ro\/en\/?s={search_term_string}"},"query-input":{"@type":"PropertyValueSpecification","valueRequired":true,"valueName":"search_term_string"}}],"inLanguage":"en-US"},{"@type":"Organization","@id":"https:\/\/vinotecahugo.ro\/en\/#organization","name":"Vinoteca Hugo","url":"https:\/\/vinotecahugo.ro\/en\/","logo":{"@type":"ImageObject","inLanguage":"en-US","@id":"https:\/\/vinotecahugo.ro\/en\/#\/schema\/logo\/image\/","url":"https:\/\/vinotecahugo.ro\/wp-content\/uploads\/2020\/04\/logo-vinoteca-hugo-160-120..jpg","contentUrl":"https:\/\/vinotecahugo.ro\/wp-content\/uploads\/2020\/04\/logo-vinoteca-hugo-160-120..jpg","width":160,"height":120,"caption":"Vinoteca Hugo"},"image":{"@id":"https:\/\/vinotecahugo.ro\/en\/#\/schema\/logo\/image\/"},"sameAs":["https:\/\/www.facebook.com\/VinotecaHugoAlbaIulia","https:\/\/www.instagram.com\/vinoteca_hugo\/","https:\/\/www.youtube.com\/channel\/UCpprt6bjcY4i-6P9WM-466g"]}]}},"_links":{"self":[{"href":"https:\/\/vinotecahugo.ro\/en\/wp-json\/wp\/v2\/product\/13018","targetHints":{"allow":["GET"]}}],"collection":[{"href":"https:\/\/vinotecahugo.ro\/en\/wp-json\/wp\/v2\/product"}],"about":[{"href":"https:\/\/vinotecahugo.ro\/en\/wp-json\/wp\/v2\/types\/product"}],"replies":[{"embeddable":true,"href":"https:\/\/vinotecahugo.ro\/en\/wp-json\/wp\/v2\/comments?post=13018"}],"wp:featuredmedia":[{"embeddable":true,"href":"https:\/\/vinotecahugo.ro\/en\/wp-json\/wp\/v2\/media\/15074"}],"wp:attachment":[{"href":"https:\/\/vinotecahugo.ro\/en\/wp-json\/wp\/v2\/media?parent=13018"}],"wp:term":[{"taxonomy":"product_brand","embeddable":true,"href":"https:\/\/vinotecahugo.ro\/en\/wp-json\/wp\/v2\/product_brand?post=13018"},{"taxonomy":"product_cat","embeddable":true,"href":"https:\/\/vinotecahugo.ro\/en\/wp-json\/wp\/v2\/product_cat?post=13018"},{"taxonomy":"product_tag","embeddable":true,"href":"https:\/\/vinotecahugo.ro\/en\/wp-json\/wp\/v2\/product_tag?post=13018"}],"curies":[{"name":"wp","href":"https:\/\/api.w.org\/{rel}","templated":true}]}}