{"id":13017,"date":"2019-10-18T11:37:41","date_gmt":"2019-10-18T08:37:41","guid":{"rendered":"https:\/\/vinotecahugo.ro\/produs\/carassia-classic\/"},"modified":"2025-11-18T18:09:24","modified_gmt":"2025-11-18T16:09:24","slug":"carassia-classic","status":"publish","type":"product","link":"https:\/\/vinotecahugo.ro\/en\/produs\/carassia-classic\/","title":{"rendered":"Carastelec CARASSIA Extra Brut I Editie"},"content":{"rendered":"<div class=\"video-shortcode\"><iframe title=\"The sparkling terroir\" width=\"1100\" height=\"619\" src=\"https:\/\/www.youtube.com\/embed\/v4Z3NnTN7yQ?feature=oembed\" frameborder=\"0\" allow=\"accelerometer; autoplay; encrypted-media; gyroscope; picture-in-picture\" allowfullscreen><\/iframe><\/div>\n<p><strong>Carastelec CARASSIA Extra Brut I Editie<\/strong><\/p>\n<p>Carassia Classic Brut Magnum este National Champion &#8211; Best Romanian Sparkling Wine<\/p>\n<p>Vinurile spumante sunt produse exclusiv cu metoda tradi\u021bional\u0103, champenoise, adic\u0103 prin maturare \u00een sticl\u0103, \u00een cazul spumantelor CARASSIA prin maturare \u00eendelungat\u0103 de minim dou\u0103zeci de luni, folosind soiuri tradi\u021bionale. \u00centreg procesul de vinificare, \u00eencep\u00e2nd cu prima \u0219i a doua fermentare, trec\u00e2nd prin degorjare, p\u00e2n\u0103 la \u00eembuteliere \u0219i etichetare, sunt efectuate \u00een propria cram\u0103 cu cele mai moderne echipamente. Culoarea galben deschis\u0103 str\u0103luce\u0219te elegant prin perlajul fin \u0219i persistent al vinului. Aromele de citrice si fructe de var\u0103, piersici, mere, pere verzi se \u00eembin\u0103 cu notele de ierburi fine \u0219i cele de autoliz\u0103, coaj\u0103 de p\u00e2ine, maia. Consisten\u021b\u0103 \u0219i efervescent\u0103 persistent\u0103 dau personalitate \u0219i noble\u021be acestui vin, iar dozajul minim ad\u0103ugat \u00eenainte de dopuirea final\u0103 las\u0103 aromele fine s\u0103 straluceasc\u0103. Perlaj fin persistent, postgust complex lung cu note minerale. Fie c\u0103 alege\u021bi s\u0103 \u00eel savura\u021bi la aperitive, salate, meniuri cu fructe de mare, sau carne alb\u0103, Carassia Classic este o alegere elegant\u0103. Temperatura recomandata 6-8\u00b0C.<\/p>\n<p>Mai multe informatii despre acest producator gasiti <a href=\"https:\/\/www.carastelecwinery.com\/ro\/ez-egy-minta-oldal-3\/\">AICI<\/a>.<\/p>\n<p>Pentru programul de degustari si oferte personalizate te invitam sa devii membrul clubului Vinoteca Hugo. Pentru mai multe informatii fa click <a href=\"https:\/\/vinotecahugo.ro\/evenimente\/\">AICI.<\/a><\/p>\n","protected":false},"excerpt":{"rendered":"<p><strong>Carastelec CARASSIA Extra Brut I Editie<\/strong><\/p>\n<p>Prima editie de vinuri spumante produse metoda clasica a cramei Carastelec, lansata in 2017. La cateva luni de la lansarea acestui spumant, acest spumant a fost declarat SOLD OUT. Se poate gasi doar in colectiile private a iubitorilor de vinuri.<\/p>\n<p>Spumant alb brut produs din soiurile Chardonnay(50%) si Pinot Noir(50%), prin metoda clasica cu maturare pe drojdii timp de 22 luni. Culoarea galben deschis\u0103 str\u0103luce\u0219te elegant prin perlajul fin \u0219i persistent al vinului. Aromele de citrice si fructe de var\u0103, piersici, mere, pere verzi se \u00eembin\u0103 cu notele de ierburi fine \u0219i cele de autoliz\u0103, coaj\u0103 de p\u00e2ine, maia. Consisten\u021b\u0103 \u0219i efervescent\u0103 persistent\u0103 dau personalitate \u0219i noble\u021be acestui vin, iar dozajul minim ad\u0103ugat \u00eenainte de dopuirea final\u0103 las\u0103 aromele fine s\u0103 straluceasc\u0103. Perlaj fin persistent, postgust complex lung cu note minerale. Fie c\u0103 alege\u021bi s\u0103 \u00eel savura\u021bi la aperitive, salate, meniuri cu fructe de mare, sau carne alb\u0103, Carassia Classic este o alegere elegant\u0103.<\/p>\n","protected":false},"featured_media":15078,"comment_status":"open","ping_status":"closed","template":"","meta":[],"product_brand":[],"product_cat":[882,145],"product_tag":[572,573,562,571],"class_list":{"0":"post-13017","1":"product","2":"type-product","3":"status-publish","4":"has-post-thumbnail","6":"product_cat-vin-alb","7":"product_cat-vinuri-romanesti","8":"product_tag-brut","9":"product_tag-carassia-classic","10":"product_tag-carastelec","11":"product_tag-spumant","13":"first","14":"outofstock","15":"taxable","16":"shipping-taxable","17":"purchasable","18":"product-type-simple"},"yoast_head":"<!-- This site is optimized with the Yoast SEO plugin v24.6 - https:\/\/yoast.com\/wordpress\/plugins\/seo\/ -->\n<title>Carastelec CARASSIA Extra Brut I Editie - Vinoteca Hugo<\/title>\n<meta name=\"description\" content=\"Comand\u0103 online Carastelec CARASSIA Extra Brut I Editie de la Vinoteca Hugo! Vinuri de top pentru momente speciale.\" \/>\n<meta name=\"robots\" content=\"index, follow, max-snippet:-1, max-image-preview:large, max-video-preview:-1\" \/>\n<link rel=\"canonical\" href=\"https:\/\/vinotecahugo.ro\/en\/produs\/carassia-classic\/\" \/>\n<meta property=\"og:locale\" content=\"en_US\" \/>\n<meta property=\"og:type\" content=\"article\" \/>\n<meta property=\"og:title\" content=\"Carastelec CARASSIA Extra Brut I Editie - Vinoteca Hugo\" \/>\n<meta property=\"og:description\" content=\"Comand\u0103 online Carastelec CARASSIA Extra Brut I Editie de la Vinoteca Hugo! Vinuri de top pentru momente speciale.\" \/>\n<meta property=\"og:url\" content=\"https:\/\/vinotecahugo.ro\/en\/produs\/carassia-classic\/\" \/>\n<meta property=\"og:site_name\" content=\"Vinoteca Hugo\" \/>\n<meta property=\"article:publisher\" content=\"https:\/\/www.facebook.com\/VinotecaHugoAlbaIulia\" \/>\n<meta property=\"article:modified_time\" content=\"2025-11-18T16:09:24+00:00\" \/>\n<meta property=\"og:image\" content=\"https:\/\/vinotecahugo.ro\/wp-content\/uploads\/2019\/10\/carastelec-carassia-classic.jpg\" \/>\n\t<meta property=\"og:image:width\" content=\"600\" \/>\n\t<meta property=\"og:image:height\" content=\"600\" \/>\n\t<meta property=\"og:image:type\" content=\"image\/jpeg\" \/>\n<meta name=\"twitter:card\" content=\"summary_large_image\" \/>\n<meta name=\"twitter:label1\" content=\"Est. reading time\" \/>\n\t<meta name=\"twitter:data1\" content=\"1 minute\" \/>\n<script type=\"application\/ld+json\" class=\"yoast-schema-graph\">{\"@context\":\"https:\/\/schema.org\",\"@graph\":[{\"@type\":\"WebPage\",\"@id\":\"https:\/\/vinotecahugo.ro\/en\/produs\/carassia-classic\/\",\"url\":\"https:\/\/vinotecahugo.ro\/en\/produs\/carassia-classic\/\",\"name\":\"Carastelec CARASSIA Extra Brut I Editie - Vinoteca Hugo\",\"isPartOf\":{\"@id\":\"https:\/\/vinotecahugo.ro\/en\/#website\"},\"primaryImageOfPage\":{\"@id\":\"https:\/\/vinotecahugo.ro\/en\/produs\/carassia-classic\/#primaryimage\"},\"image\":{\"@id\":\"https:\/\/vinotecahugo.ro\/en\/produs\/carassia-classic\/#primaryimage\"},\"thumbnailUrl\":\"https:\/\/vinotecahugo.ro\/wp-content\/uploads\/2019\/10\/carastelec-carassia-classic.jpg\",\"datePublished\":\"2019-10-18T08:37:41+00:00\",\"dateModified\":\"2025-11-18T16:09:24+00:00\",\"description\":\"Comand\u0103 online Carastelec CARASSIA Extra Brut I Editie de la Vinoteca Hugo! Vinuri de top pentru momente speciale.\",\"breadcrumb\":{\"@id\":\"https:\/\/vinotecahugo.ro\/en\/produs\/carassia-classic\/#breadcrumb\"},\"inLanguage\":\"en-US\",\"potentialAction\":[{\"@type\":\"ReadAction\",\"target\":[\"https:\/\/vinotecahugo.ro\/en\/produs\/carassia-classic\/\"]}]},{\"@type\":\"ImageObject\",\"inLanguage\":\"en-US\",\"@id\":\"https:\/\/vinotecahugo.ro\/en\/produs\/carassia-classic\/#primaryimage\",\"url\":\"https:\/\/vinotecahugo.ro\/wp-content\/uploads\/2019\/10\/carastelec-carassia-classic.jpg\",\"contentUrl\":\"https:\/\/vinotecahugo.ro\/wp-content\/uploads\/2019\/10\/carastelec-carassia-classic.jpg\",\"width\":600,\"height\":600},{\"@type\":\"BreadcrumbList\",\"@id\":\"https:\/\/vinotecahugo.ro\/en\/produs\/carassia-classic\/#breadcrumb\",\"itemListElement\":[{\"@type\":\"ListItem\",\"position\":1,\"name\":\"Prima pagin\u0103\",\"item\":\"https:\/\/vinotecahugo.ro\/en\/\"},{\"@type\":\"ListItem\",\"position\":2,\"name\":\"Magazin\",\"item\":\"https:\/\/vinotecahugo.ro\/magazin\/\"},{\"@type\":\"ListItem\",\"position\":3,\"name\":\"Carastelec CARASSIA Extra Brut I Editie\"}]},{\"@type\":\"WebSite\",\"@id\":\"https:\/\/vinotecahugo.ro\/en\/#website\",\"url\":\"https:\/\/vinotecahugo.ro\/en\/\",\"name\":\"Vinoteca Hugo\",\"description\":\"vinotec\u0103 cu o colec\u021bie de peste 5000 de sticle de vin\",\"publisher\":{\"@id\":\"https:\/\/vinotecahugo.ro\/en\/#organization\"},\"potentialAction\":[{\"@type\":\"SearchAction\",\"target\":{\"@type\":\"EntryPoint\",\"urlTemplate\":\"https:\/\/vinotecahugo.ro\/en\/?s={search_term_string}\"},\"query-input\":{\"@type\":\"PropertyValueSpecification\",\"valueRequired\":true,\"valueName\":\"search_term_string\"}}],\"inLanguage\":\"en-US\"},{\"@type\":\"Organization\",\"@id\":\"https:\/\/vinotecahugo.ro\/en\/#organization\",\"name\":\"Vinoteca Hugo\",\"url\":\"https:\/\/vinotecahugo.ro\/en\/\",\"logo\":{\"@type\":\"ImageObject\",\"inLanguage\":\"en-US\",\"@id\":\"https:\/\/vinotecahugo.ro\/en\/#\/schema\/logo\/image\/\",\"url\":\"https:\/\/vinotecahugo.ro\/wp-content\/uploads\/2020\/04\/logo-vinoteca-hugo-160-120..jpg\",\"contentUrl\":\"https:\/\/vinotecahugo.ro\/wp-content\/uploads\/2020\/04\/logo-vinoteca-hugo-160-120..jpg\",\"width\":160,\"height\":120,\"caption\":\"Vinoteca Hugo\"},\"image\":{\"@id\":\"https:\/\/vinotecahugo.ro\/en\/#\/schema\/logo\/image\/\"},\"sameAs\":[\"https:\/\/www.facebook.com\/VinotecaHugoAlbaIulia\",\"https:\/\/www.instagram.com\/vinoteca_hugo\/\",\"https:\/\/www.youtube.com\/channel\/UCpprt6bjcY4i-6P9WM-466g\"]}]}<\/script>\n<!-- \/ Yoast SEO plugin. -->","yoast_head_json":{"title":"Carastelec CARASSIA Extra Brut I Editie - Vinoteca Hugo","description":"Comand\u0103 online Carastelec CARASSIA Extra Brut I Editie de la Vinoteca Hugo! Vinuri de top pentru momente speciale.","robots":{"index":"index","follow":"follow","max-snippet":"max-snippet:-1","max-image-preview":"max-image-preview:large","max-video-preview":"max-video-preview:-1"},"canonical":"https:\/\/vinotecahugo.ro\/en\/produs\/carassia-classic\/","og_locale":"en_US","og_type":"article","og_title":"Carastelec CARASSIA Extra Brut I Editie - Vinoteca Hugo","og_description":"Comand\u0103 online Carastelec CARASSIA Extra Brut I Editie de la Vinoteca Hugo! Vinuri de top pentru momente speciale.","og_url":"https:\/\/vinotecahugo.ro\/en\/produs\/carassia-classic\/","og_site_name":"Vinoteca Hugo","article_publisher":"https:\/\/www.facebook.com\/VinotecaHugoAlbaIulia","article_modified_time":"2025-11-18T16:09:24+00:00","og_image":[{"width":600,"height":600,"url":"https:\/\/vinotecahugo.ro\/wp-content\/uploads\/2019\/10\/carastelec-carassia-classic.jpg","type":"image\/jpeg"}],"twitter_card":"summary_large_image","twitter_misc":{"Est. reading time":"1 minute"},"schema":{"@context":"https:\/\/schema.org","@graph":[{"@type":"WebPage","@id":"https:\/\/vinotecahugo.ro\/en\/produs\/carassia-classic\/","url":"https:\/\/vinotecahugo.ro\/en\/produs\/carassia-classic\/","name":"Carastelec CARASSIA Extra Brut I Editie - Vinoteca Hugo","isPartOf":{"@id":"https:\/\/vinotecahugo.ro\/en\/#website"},"primaryImageOfPage":{"@id":"https:\/\/vinotecahugo.ro\/en\/produs\/carassia-classic\/#primaryimage"},"image":{"@id":"https:\/\/vinotecahugo.ro\/en\/produs\/carassia-classic\/#primaryimage"},"thumbnailUrl":"https:\/\/vinotecahugo.ro\/wp-content\/uploads\/2019\/10\/carastelec-carassia-classic.jpg","datePublished":"2019-10-18T08:37:41+00:00","dateModified":"2025-11-18T16:09:24+00:00","description":"Comand\u0103 online Carastelec CARASSIA Extra Brut I Editie de la Vinoteca Hugo! Vinuri de top pentru momente speciale.","breadcrumb":{"@id":"https:\/\/vinotecahugo.ro\/en\/produs\/carassia-classic\/#breadcrumb"},"inLanguage":"en-US","potentialAction":[{"@type":"ReadAction","target":["https:\/\/vinotecahugo.ro\/en\/produs\/carassia-classic\/"]}]},{"@type":"ImageObject","inLanguage":"en-US","@id":"https:\/\/vinotecahugo.ro\/en\/produs\/carassia-classic\/#primaryimage","url":"https:\/\/vinotecahugo.ro\/wp-content\/uploads\/2019\/10\/carastelec-carassia-classic.jpg","contentUrl":"https:\/\/vinotecahugo.ro\/wp-content\/uploads\/2019\/10\/carastelec-carassia-classic.jpg","width":600,"height":600},{"@type":"BreadcrumbList","@id":"https:\/\/vinotecahugo.ro\/en\/produs\/carassia-classic\/#breadcrumb","itemListElement":[{"@type":"ListItem","position":1,"name":"Prima pagin\u0103","item":"https:\/\/vinotecahugo.ro\/en\/"},{"@type":"ListItem","position":2,"name":"Magazin","item":"https:\/\/vinotecahugo.ro\/magazin\/"},{"@type":"ListItem","position":3,"name":"Carastelec CARASSIA Extra Brut I Editie"}]},{"@type":"WebSite","@id":"https:\/\/vinotecahugo.ro\/en\/#website","url":"https:\/\/vinotecahugo.ro\/en\/","name":"Vinoteca Hugo","description":"vinotec\u0103 cu o colec\u021bie de peste 5000 de sticle de vin","publisher":{"@id":"https:\/\/vinotecahugo.ro\/en\/#organization"},"potentialAction":[{"@type":"SearchAction","target":{"@type":"EntryPoint","urlTemplate":"https:\/\/vinotecahugo.ro\/en\/?s={search_term_string}"},"query-input":{"@type":"PropertyValueSpecification","valueRequired":true,"valueName":"search_term_string"}}],"inLanguage":"en-US"},{"@type":"Organization","@id":"https:\/\/vinotecahugo.ro\/en\/#organization","name":"Vinoteca Hugo","url":"https:\/\/vinotecahugo.ro\/en\/","logo":{"@type":"ImageObject","inLanguage":"en-US","@id":"https:\/\/vinotecahugo.ro\/en\/#\/schema\/logo\/image\/","url":"https:\/\/vinotecahugo.ro\/wp-content\/uploads\/2020\/04\/logo-vinoteca-hugo-160-120..jpg","contentUrl":"https:\/\/vinotecahugo.ro\/wp-content\/uploads\/2020\/04\/logo-vinoteca-hugo-160-120..jpg","width":160,"height":120,"caption":"Vinoteca Hugo"},"image":{"@id":"https:\/\/vinotecahugo.ro\/en\/#\/schema\/logo\/image\/"},"sameAs":["https:\/\/www.facebook.com\/VinotecaHugoAlbaIulia","https:\/\/www.instagram.com\/vinoteca_hugo\/","https:\/\/www.youtube.com\/channel\/UCpprt6bjcY4i-6P9WM-466g"]}]}},"_links":{"self":[{"href":"https:\/\/vinotecahugo.ro\/en\/wp-json\/wp\/v2\/product\/13017","targetHints":{"allow":["GET"]}}],"collection":[{"href":"https:\/\/vinotecahugo.ro\/en\/wp-json\/wp\/v2\/product"}],"about":[{"href":"https:\/\/vinotecahugo.ro\/en\/wp-json\/wp\/v2\/types\/product"}],"replies":[{"embeddable":true,"href":"https:\/\/vinotecahugo.ro\/en\/wp-json\/wp\/v2\/comments?post=13017"}],"wp:featuredmedia":[{"embeddable":true,"href":"https:\/\/vinotecahugo.ro\/en\/wp-json\/wp\/v2\/media\/15078"}],"wp:attachment":[{"href":"https:\/\/vinotecahugo.ro\/en\/wp-json\/wp\/v2\/media?parent=13017"}],"wp:term":[{"taxonomy":"product_brand","embeddable":true,"href":"https:\/\/vinotecahugo.ro\/en\/wp-json\/wp\/v2\/product_brand?post=13017"},{"taxonomy":"product_cat","embeddable":true,"href":"https:\/\/vinotecahugo.ro\/en\/wp-json\/wp\/v2\/product_cat?post=13017"},{"taxonomy":"product_tag","embeddable":true,"href":"https:\/\/vinotecahugo.ro\/en\/wp-json\/wp\/v2\/product_tag?post=13017"}],"curies":[{"name":"wp","href":"https:\/\/api.w.org\/{rel}","templated":true}]}}