{"id":12988,"date":"2019-10-18T11:37:35","date_gmt":"2019-10-18T08:37:35","guid":{"rendered":"https:\/\/vinotecahugo.ro\/produs\/sauvignon-blanc-private-selection\/"},"modified":"2024-11-08T15:06:10","modified_gmt":"2024-11-08T13:06:10","slug":"sauvignon-blanc-private-selection","status":"publish","type":"product","link":"https:\/\/vinotecahugo.ro\/en\/produs\/sauvignon-blanc-private-selection\/","title":{"rendered":"Liliac Sauvignon Blanc PRIVATE SELECTION 2016"},"content":{"rendered":"<div class=\"video-shortcode\"><iframe title=\"Liliac The Wine of Transylvania -  One Flew Over Liliac&#039;s Nest\" width=\"1100\" height=\"619\" src=\"https:\/\/www.youtube.com\/embed\/lO2PqAuiEOc?feature=oembed\" frameborder=\"0\" allow=\"accelerometer; autoplay; encrypted-media; gyroscope; picture-in-picture\" allowfullscreen><\/iframe><\/div>\n<p><strong>Liliac Sauvignon Blanc PRIVATE SELECTION 2016<\/strong><\/p>\n<p>Sortimentul produs \u00een edi\u0163ie limitat\u0103 din struguri Sauvignon Blanc cule\u015fi din podgorii selec\u0163ionate pentru a capta poten\u0163ialul maxim al terroir-ului etaleaz\u0103 o nuan\u0163\u0103 \u00eembietoare \u015fi un buchet armonios, unde notele florale \u015fi cele fructate se \u00eempletesc excelent. Vinul este maturat pe o perioad\u0103 de 9 luni \u00een butoaie din lemn de stejar transilv\u0103nean, unde dezvolt\u0103 profunzime \u015fi intensitate. Liliac Sauvignon Blanc Private Selection ne cucere\u0219te din primul moment cu o culoare frumoas\u0103 \u0219i cu arome intense florale \u0219i de fructe exotice, cu note citrice \u0219i condimentate, frumos definite \u00een cele nou\u0103 luni de maturare \u00een butoi transilv\u0103nean. Un vin ce evolueaz\u0103 frumos dup\u0103 deschidere \u0219i ofer\u0103 un post-gust lung \u0219i pl\u0103cut, cu note cremoase de vanilie \u0219i fum. Structura sa poate sus\u021bine cu succes o mare varietate de preparate complexe, de la fructe de mare cu sos de l\u0103m\u00e2ie \u0219i pe\u0219te savuros, la risotto cu curry \u0219i carne delicat\u0103 de miel sau br\u00e2nz\u0103 u\u0219or maturat\u0103 \u0219i picant\u0103, asociind curajos chiar \u0219i un \u0219trudel cu mere \u0219i sco\u021bi\u0219oar\u0103. Temperatura recomandat\u0103 de servire este de 8-10 \u0366 C.<\/p>\n","protected":false},"excerpt":{"rendered":"<p><strong>Liliac Sauvignon Blanc PRIVATE SELECTION 2016<\/strong><\/p>\n<p>Liliac Sauvignon Blanc Private Selection ne cucere\u0219te din primul moment cu o culoare frumoas\u0103 \u0219i cu arome intense florale \u0219i de fructe exotice, cu note citrice \u0219i condimentate, frumos definite \u00een cele nou\u0103 luni de maturare \u00een butoi transilv\u0103nean. Un vin ce evolueaz\u0103 frumos dup\u0103 deschidere \u0219i ofer\u0103 un post-gust lung \u0219i pl\u0103cut, cu note cremoase de vanilie \u0219i fum. Structura sa poate sus\u021bine cu succes o mare varietate de preparate complexe, de la fructe de mare cu sos de l\u0103m\u00e2ie \u0219i pe\u0219te savuros, la risotto cu curry \u0219i carne delicat\u0103\u00a0de miel sau br\u00e2nz\u0103\u00a0u\u0219or maturat\u0103\u00a0\u0219i picant\u0103, asociind curajos chiar \u0219i un \u0219trudel cu mere \u0219i sco\u021bi\u0219oar\u0103.<\/p>\n","protected":false},"featured_media":15042,"comment_status":"open","ping_status":"closed","template":"","meta":[],"product_brand":[],"product_cat":[882,884,145],"product_tag":[550,549,337,548],"class_list":{"0":"post-12988","1":"product","2":"type-product","3":"status-publish","4":"has-post-thumbnail","6":"product_cat-vin-alb","7":"product_cat-vin-alb-sec","8":"product_cat-vinuri-romanesti","9":"product_tag-liliiac","10":"product_tag-premium","11":"product_tag-sauvignon-blanc","12":"product_tag-sauvignon-blanc-private-selection","14":"first","15":"outofstock","16":"taxable","17":"shipping-taxable","18":"purchasable","19":"product-type-simple"},"yoast_head":"<!-- This site is optimized with the Yoast SEO plugin v24.6 - https:\/\/yoast.com\/wordpress\/plugins\/seo\/ -->\n<title>Liliac Sauvignon Blanc PRIVATE SELECTION 2016 - Vinoteca Hugo<\/title>\n<meta name=\"description\" content=\"Comand\u0103 online Liliac Sauvignon Blanc PRIVATE SELECTION 2016 de la Vinoteca Hugo! Vinuri de top pentru momente speciale.\" \/>\n<meta name=\"robots\" content=\"index, follow, max-snippet:-1, max-image-preview:large, max-video-preview:-1\" \/>\n<link rel=\"canonical\" href=\"https:\/\/vinotecahugo.ro\/en\/produs\/sauvignon-blanc-private-selection\/\" \/>\n<meta property=\"og:locale\" content=\"en_US\" \/>\n<meta property=\"og:type\" content=\"article\" \/>\n<meta property=\"og:title\" content=\"Liliac Sauvignon Blanc PRIVATE SELECTION 2016 - Vinoteca Hugo\" \/>\n<meta property=\"og:description\" content=\"Comand\u0103 online Liliac Sauvignon Blanc PRIVATE SELECTION 2016 de la Vinoteca Hugo! Vinuri de top pentru momente speciale.\" \/>\n<meta property=\"og:url\" content=\"https:\/\/vinotecahugo.ro\/en\/produs\/sauvignon-blanc-private-selection\/\" \/>\n<meta property=\"og:site_name\" content=\"Vinoteca Hugo\" \/>\n<meta property=\"article:publisher\" content=\"https:\/\/www.facebook.com\/VinotecaHugoAlbaIulia\" \/>\n<meta property=\"article:modified_time\" content=\"2024-11-08T13:06:10+00:00\" \/>\n<meta property=\"og:image\" content=\"https:\/\/vinotecahugo.ro\/wp-content\/uploads\/2019\/10\/liliac-sb-private-selection.jpg\" \/>\n\t<meta property=\"og:image:width\" content=\"600\" \/>\n\t<meta property=\"og:image:height\" content=\"600\" \/>\n\t<meta property=\"og:image:type\" content=\"image\/jpeg\" \/>\n<meta name=\"twitter:card\" content=\"summary_large_image\" \/>\n<meta name=\"twitter:label1\" content=\"Est. reading time\" \/>\n\t<meta name=\"twitter:data1\" content=\"1 minute\" \/>\n<script type=\"application\/ld+json\" class=\"yoast-schema-graph\">{\"@context\":\"https:\/\/schema.org\",\"@graph\":[{\"@type\":\"WebPage\",\"@id\":\"https:\/\/vinotecahugo.ro\/en\/produs\/sauvignon-blanc-private-selection\/\",\"url\":\"https:\/\/vinotecahugo.ro\/en\/produs\/sauvignon-blanc-private-selection\/\",\"name\":\"Liliac Sauvignon Blanc PRIVATE SELECTION 2016 - Vinoteca Hugo\",\"isPartOf\":{\"@id\":\"https:\/\/vinotecahugo.ro\/en\/#website\"},\"primaryImageOfPage\":{\"@id\":\"https:\/\/vinotecahugo.ro\/en\/produs\/sauvignon-blanc-private-selection\/#primaryimage\"},\"image\":{\"@id\":\"https:\/\/vinotecahugo.ro\/en\/produs\/sauvignon-blanc-private-selection\/#primaryimage\"},\"thumbnailUrl\":\"https:\/\/vinotecahugo.ro\/wp-content\/uploads\/2019\/10\/liliac-sb-private-selection.jpg\",\"datePublished\":\"2019-10-18T08:37:35+00:00\",\"dateModified\":\"2024-11-08T13:06:10+00:00\",\"description\":\"Comand\u0103 online Liliac Sauvignon Blanc PRIVATE SELECTION 2016 de la Vinoteca Hugo! Vinuri de top pentru momente speciale.\",\"breadcrumb\":{\"@id\":\"https:\/\/vinotecahugo.ro\/en\/produs\/sauvignon-blanc-private-selection\/#breadcrumb\"},\"inLanguage\":\"en-US\",\"potentialAction\":[{\"@type\":\"ReadAction\",\"target\":[\"https:\/\/vinotecahugo.ro\/en\/produs\/sauvignon-blanc-private-selection\/\"]}]},{\"@type\":\"ImageObject\",\"inLanguage\":\"en-US\",\"@id\":\"https:\/\/vinotecahugo.ro\/en\/produs\/sauvignon-blanc-private-selection\/#primaryimage\",\"url\":\"https:\/\/vinotecahugo.ro\/wp-content\/uploads\/2019\/10\/liliac-sb-private-selection.jpg\",\"contentUrl\":\"https:\/\/vinotecahugo.ro\/wp-content\/uploads\/2019\/10\/liliac-sb-private-selection.jpg\",\"width\":600,\"height\":600},{\"@type\":\"BreadcrumbList\",\"@id\":\"https:\/\/vinotecahugo.ro\/en\/produs\/sauvignon-blanc-private-selection\/#breadcrumb\",\"itemListElement\":[{\"@type\":\"ListItem\",\"position\":1,\"name\":\"Prima pagin\u0103\",\"item\":\"https:\/\/vinotecahugo.ro\/en\/\"},{\"@type\":\"ListItem\",\"position\":2,\"name\":\"Magazin\",\"item\":\"https:\/\/vinotecahugo.ro\/magazin\/\"},{\"@type\":\"ListItem\",\"position\":3,\"name\":\"Liliac Sauvignon Blanc PRIVATE SELECTION 2016\"}]},{\"@type\":\"WebSite\",\"@id\":\"https:\/\/vinotecahugo.ro\/en\/#website\",\"url\":\"https:\/\/vinotecahugo.ro\/en\/\",\"name\":\"Vinoteca Hugo\",\"description\":\"vinotec\u0103 cu o colec\u021bie de peste 5000 de sticle de vin\",\"publisher\":{\"@id\":\"https:\/\/vinotecahugo.ro\/en\/#organization\"},\"potentialAction\":[{\"@type\":\"SearchAction\",\"target\":{\"@type\":\"EntryPoint\",\"urlTemplate\":\"https:\/\/vinotecahugo.ro\/en\/?s={search_term_string}\"},\"query-input\":{\"@type\":\"PropertyValueSpecification\",\"valueRequired\":true,\"valueName\":\"search_term_string\"}}],\"inLanguage\":\"en-US\"},{\"@type\":\"Organization\",\"@id\":\"https:\/\/vinotecahugo.ro\/en\/#organization\",\"name\":\"Vinoteca Hugo\",\"url\":\"https:\/\/vinotecahugo.ro\/en\/\",\"logo\":{\"@type\":\"ImageObject\",\"inLanguage\":\"en-US\",\"@id\":\"https:\/\/vinotecahugo.ro\/en\/#\/schema\/logo\/image\/\",\"url\":\"https:\/\/vinotecahugo.ro\/wp-content\/uploads\/2020\/04\/logo-vinoteca-hugo-160-120..jpg\",\"contentUrl\":\"https:\/\/vinotecahugo.ro\/wp-content\/uploads\/2020\/04\/logo-vinoteca-hugo-160-120..jpg\",\"width\":160,\"height\":120,\"caption\":\"Vinoteca Hugo\"},\"image\":{\"@id\":\"https:\/\/vinotecahugo.ro\/en\/#\/schema\/logo\/image\/\"},\"sameAs\":[\"https:\/\/www.facebook.com\/VinotecaHugoAlbaIulia\",\"https:\/\/www.instagram.com\/vinoteca_hugo\/\",\"https:\/\/www.youtube.com\/channel\/UCpprt6bjcY4i-6P9WM-466g\"]}]}<\/script>\n<!-- \/ Yoast SEO plugin. -->","yoast_head_json":{"title":"Liliac Sauvignon Blanc PRIVATE SELECTION 2016 - Vinoteca Hugo","description":"Comand\u0103 online Liliac Sauvignon Blanc PRIVATE SELECTION 2016 de la Vinoteca Hugo! Vinuri de top pentru momente speciale.","robots":{"index":"index","follow":"follow","max-snippet":"max-snippet:-1","max-image-preview":"max-image-preview:large","max-video-preview":"max-video-preview:-1"},"canonical":"https:\/\/vinotecahugo.ro\/en\/produs\/sauvignon-blanc-private-selection\/","og_locale":"en_US","og_type":"article","og_title":"Liliac Sauvignon Blanc PRIVATE SELECTION 2016 - Vinoteca Hugo","og_description":"Comand\u0103 online Liliac Sauvignon Blanc PRIVATE SELECTION 2016 de la Vinoteca Hugo! Vinuri de top pentru momente speciale.","og_url":"https:\/\/vinotecahugo.ro\/en\/produs\/sauvignon-blanc-private-selection\/","og_site_name":"Vinoteca Hugo","article_publisher":"https:\/\/www.facebook.com\/VinotecaHugoAlbaIulia","article_modified_time":"2024-11-08T13:06:10+00:00","og_image":[{"width":600,"height":600,"url":"https:\/\/vinotecahugo.ro\/wp-content\/uploads\/2019\/10\/liliac-sb-private-selection.jpg","type":"image\/jpeg"}],"twitter_card":"summary_large_image","twitter_misc":{"Est. reading time":"1 minute"},"schema":{"@context":"https:\/\/schema.org","@graph":[{"@type":"WebPage","@id":"https:\/\/vinotecahugo.ro\/en\/produs\/sauvignon-blanc-private-selection\/","url":"https:\/\/vinotecahugo.ro\/en\/produs\/sauvignon-blanc-private-selection\/","name":"Liliac Sauvignon Blanc PRIVATE SELECTION 2016 - Vinoteca Hugo","isPartOf":{"@id":"https:\/\/vinotecahugo.ro\/en\/#website"},"primaryImageOfPage":{"@id":"https:\/\/vinotecahugo.ro\/en\/produs\/sauvignon-blanc-private-selection\/#primaryimage"},"image":{"@id":"https:\/\/vinotecahugo.ro\/en\/produs\/sauvignon-blanc-private-selection\/#primaryimage"},"thumbnailUrl":"https:\/\/vinotecahugo.ro\/wp-content\/uploads\/2019\/10\/liliac-sb-private-selection.jpg","datePublished":"2019-10-18T08:37:35+00:00","dateModified":"2024-11-08T13:06:10+00:00","description":"Comand\u0103 online Liliac Sauvignon Blanc PRIVATE SELECTION 2016 de la Vinoteca Hugo! Vinuri de top pentru momente speciale.","breadcrumb":{"@id":"https:\/\/vinotecahugo.ro\/en\/produs\/sauvignon-blanc-private-selection\/#breadcrumb"},"inLanguage":"en-US","potentialAction":[{"@type":"ReadAction","target":["https:\/\/vinotecahugo.ro\/en\/produs\/sauvignon-blanc-private-selection\/"]}]},{"@type":"ImageObject","inLanguage":"en-US","@id":"https:\/\/vinotecahugo.ro\/en\/produs\/sauvignon-blanc-private-selection\/#primaryimage","url":"https:\/\/vinotecahugo.ro\/wp-content\/uploads\/2019\/10\/liliac-sb-private-selection.jpg","contentUrl":"https:\/\/vinotecahugo.ro\/wp-content\/uploads\/2019\/10\/liliac-sb-private-selection.jpg","width":600,"height":600},{"@type":"BreadcrumbList","@id":"https:\/\/vinotecahugo.ro\/en\/produs\/sauvignon-blanc-private-selection\/#breadcrumb","itemListElement":[{"@type":"ListItem","position":1,"name":"Prima pagin\u0103","item":"https:\/\/vinotecahugo.ro\/en\/"},{"@type":"ListItem","position":2,"name":"Magazin","item":"https:\/\/vinotecahugo.ro\/magazin\/"},{"@type":"ListItem","position":3,"name":"Liliac Sauvignon Blanc PRIVATE SELECTION 2016"}]},{"@type":"WebSite","@id":"https:\/\/vinotecahugo.ro\/en\/#website","url":"https:\/\/vinotecahugo.ro\/en\/","name":"Vinoteca Hugo","description":"vinotec\u0103 cu o colec\u021bie de peste 5000 de sticle de vin","publisher":{"@id":"https:\/\/vinotecahugo.ro\/en\/#organization"},"potentialAction":[{"@type":"SearchAction","target":{"@type":"EntryPoint","urlTemplate":"https:\/\/vinotecahugo.ro\/en\/?s={search_term_string}"},"query-input":{"@type":"PropertyValueSpecification","valueRequired":true,"valueName":"search_term_string"}}],"inLanguage":"en-US"},{"@type":"Organization","@id":"https:\/\/vinotecahugo.ro\/en\/#organization","name":"Vinoteca Hugo","url":"https:\/\/vinotecahugo.ro\/en\/","logo":{"@type":"ImageObject","inLanguage":"en-US","@id":"https:\/\/vinotecahugo.ro\/en\/#\/schema\/logo\/image\/","url":"https:\/\/vinotecahugo.ro\/wp-content\/uploads\/2020\/04\/logo-vinoteca-hugo-160-120..jpg","contentUrl":"https:\/\/vinotecahugo.ro\/wp-content\/uploads\/2020\/04\/logo-vinoteca-hugo-160-120..jpg","width":160,"height":120,"caption":"Vinoteca Hugo"},"image":{"@id":"https:\/\/vinotecahugo.ro\/en\/#\/schema\/logo\/image\/"},"sameAs":["https:\/\/www.facebook.com\/VinotecaHugoAlbaIulia","https:\/\/www.instagram.com\/vinoteca_hugo\/","https:\/\/www.youtube.com\/channel\/UCpprt6bjcY4i-6P9WM-466g"]}]}},"_links":{"self":[{"href":"https:\/\/vinotecahugo.ro\/en\/wp-json\/wp\/v2\/product\/12988","targetHints":{"allow":["GET"]}}],"collection":[{"href":"https:\/\/vinotecahugo.ro\/en\/wp-json\/wp\/v2\/product"}],"about":[{"href":"https:\/\/vinotecahugo.ro\/en\/wp-json\/wp\/v2\/types\/product"}],"replies":[{"embeddable":true,"href":"https:\/\/vinotecahugo.ro\/en\/wp-json\/wp\/v2\/comments?post=12988"}],"wp:featuredmedia":[{"embeddable":true,"href":"https:\/\/vinotecahugo.ro\/en\/wp-json\/wp\/v2\/media\/15042"}],"wp:attachment":[{"href":"https:\/\/vinotecahugo.ro\/en\/wp-json\/wp\/v2\/media?parent=12988"}],"wp:term":[{"taxonomy":"product_brand","embeddable":true,"href":"https:\/\/vinotecahugo.ro\/en\/wp-json\/wp\/v2\/product_brand?post=12988"},{"taxonomy":"product_cat","embeddable":true,"href":"https:\/\/vinotecahugo.ro\/en\/wp-json\/wp\/v2\/product_cat?post=12988"},{"taxonomy":"product_tag","embeddable":true,"href":"https:\/\/vinotecahugo.ro\/en\/wp-json\/wp\/v2\/product_tag?post=12988"}],"curies":[{"name":"wp","href":"https:\/\/api.w.org\/{rel}","templated":true}]}}