{"id":12984,"date":"2019-10-18T11:37:31","date_gmt":"2019-10-18T08:37:31","guid":{"rendered":"https:\/\/vinotecahugo.ro\/produs\/nectar-de-transylvania\/"},"modified":"2025-12-13T16:39:53","modified_gmt":"2025-12-13T14:39:53","slug":"nectar-de-transylvania","status":"publish","type":"product","link":"https:\/\/vinotecahugo.ro\/en\/produs\/nectar-de-transylvania\/","title":{"rendered":"Liliac NECTAR DE TRANSYLVANIA 2017"},"content":{"rendered":"<div class=\"video-shortcode\"><iframe title=\"Liliac The Wine of Transylvania -  One Flew Over Liliac&#039;s Nest\" width=\"1100\" height=\"619\" src=\"https:\/\/www.youtube.com\/embed\/lO2PqAuiEOc?feature=oembed\" frameborder=\"0\" allow=\"accelerometer; autoplay; encrypted-media; gyroscope; picture-in-picture\" allowfullscreen><\/iframe><\/div>\n<p><strong>Liliac NECTAR DE TRANSYLVANIA 2017<\/strong><\/p>\n<p>Se spune c\u0103 esen\u0163ele tari sunt p\u0103strate \u00een sticlu\u0163e mici. Este \u015fi cazul acestei expresii multipremiate cu buchet irezistibil, care poate fi savurat\u0103 ca aperitiv sau al\u0103turi de pr\u0103jituri cu ciocolat\u0103, deserturi cu fructe sau Panna Cota. Mai mult dec\u00e2t un vin desert, Nectar of Transilvania este un sortiment rom\u00e2nesc unic, produs \u00een cantit\u0103\u0163i mici, care impresioneaz\u0103 negre\u015fit orice iubitor de vin. Vinul este ob\u0163inut din soiul Muscat Ottonel prin metoda Schilfwein ce presupune uscarea strugurilor pentru a le concentra aroma \u015fi \u00eenghe\u0163ul ulterior al acestora, printr-un proces natural.<\/p>\n<p>Vin galben \u2013 auriu cu u\u0219oare reflexii verzui, obtinut cu mult efort si deosebita grija, dupa metoda Schilfwein \u2013 vin de paie din soiul Muscat Ottonel. Se deschide cu arome intense de gutui, fructe confiate, papaya \u0219i miere. Pe cerul gurii aromele de miere, dominante, se \u00eempletesc cu cele exotice, o dulcea\u021b\u0103 placut\u0103 f\u0103c\u00e2ndu-l irezistibil de delicios. Merge excelent cu Crepes suzette, Panna Cotta din fructe exotice, budinc\u0103 din p\u00e2ine &amp; unt, dar si asociat in contrast, cu branzeturi nobile vechi, sarate. Savura\u0163i sortimentul r\u0103cit la 5-7\u00b0 C.<\/p>\n","protected":false},"excerpt":{"rendered":"<p><strong>Liliac NECTAR DE TRANSYLVANIA 2017<\/strong><\/p>\n<p>Vin galben \u2013 auriu cu u\u0219oare reflexii verzui, obtinut cu mult efort si deosebita grija, dupa metoda Schilfwein \u2013 vin de paie din soiul Muscat Ottonel. Se deschide cu arome intense de gutui, fructe confiate, papaya \u0219i miere. Pe cerul gurii aromele de miere, dominante, se \u00eempletesc cu cele exotice, o dulcea\u021b\u0103 placut\u0103 f\u0103c\u00e2ndu-l irezistibil de delicios. Merge excelent cu Crepes suzette, Panna Cotta din fructe exotice, budinc\u0103 din p\u00e2ine &amp; unt, dar si asociat in contrast, cu branzeturi nobile vechi, sarate.<\/p>\n","protected":false},"featured_media":15028,"comment_status":"open","ping_status":"closed","template":"","meta":[],"product_brand":[],"product_cat":[882,885,145],"product_tag":[523,536,535,537,513],"class_list":{"0":"post-12984","1":"product","2":"type-product","3":"status-publish","4":"has-post-thumbnail","6":"product_cat-vin-alb","7":"product_cat-vin-alb-dulce","8":"product_cat-vinuri-romanesti","9":"product_tag-liliac","10":"product_tag-muscat-ottonel","11":"product_tag-nectar-of-transylania","12":"product_tag-transilvania","13":"product_tag-vin-dulce","15":"first","16":"outofstock","17":"taxable","18":"shipping-taxable","19":"purchasable","20":"product-type-simple"},"yoast_head":"<!-- This site is optimized with the Yoast SEO plugin v24.6 - https:\/\/yoast.com\/wordpress\/plugins\/seo\/ -->\n<title>Liliac NECTAR DE TRANSYLVANIA 2017 - Vinoteca Hugo<\/title>\n<meta name=\"description\" content=\"Comand\u0103 online Liliac NECTAR DE TRANSYLVANIA 2017 de la Vinoteca Hugo! Vinuri de top pentru momente speciale.\" \/>\n<meta name=\"robots\" content=\"index, follow, max-snippet:-1, max-image-preview:large, max-video-preview:-1\" \/>\n<link rel=\"canonical\" href=\"https:\/\/vinotecahugo.ro\/en\/produs\/nectar-de-transylvania\/\" \/>\n<meta property=\"og:locale\" content=\"en_US\" \/>\n<meta property=\"og:type\" content=\"article\" \/>\n<meta property=\"og:title\" content=\"Liliac NECTAR DE TRANSYLVANIA 2017 - Vinoteca Hugo\" \/>\n<meta property=\"og:description\" content=\"Comand\u0103 online Liliac NECTAR DE TRANSYLVANIA 2017 de la Vinoteca Hugo! Vinuri de top pentru momente speciale.\" \/>\n<meta property=\"og:url\" content=\"https:\/\/vinotecahugo.ro\/en\/produs\/nectar-de-transylvania\/\" \/>\n<meta property=\"og:site_name\" content=\"Vinoteca Hugo\" \/>\n<meta property=\"article:publisher\" content=\"https:\/\/www.facebook.com\/VinotecaHugoAlbaIulia\" \/>\n<meta property=\"article:modified_time\" content=\"2025-12-13T14:39:53+00:00\" \/>\n<meta property=\"og:image\" content=\"https:\/\/vinotecahugo.ro\/wp-content\/uploads\/2019\/10\/liliac-nectar-of-transylvania.jpg\" \/>\n\t<meta property=\"og:image:width\" content=\"600\" \/>\n\t<meta property=\"og:image:height\" content=\"600\" \/>\n\t<meta property=\"og:image:type\" content=\"image\/jpeg\" \/>\n<meta name=\"twitter:card\" content=\"summary_large_image\" \/>\n<meta name=\"twitter:label1\" content=\"Est. reading time\" \/>\n\t<meta name=\"twitter:data1\" content=\"1 minute\" \/>\n<script type=\"application\/ld+json\" class=\"yoast-schema-graph\">{\"@context\":\"https:\/\/schema.org\",\"@graph\":[{\"@type\":\"WebPage\",\"@id\":\"https:\/\/vinotecahugo.ro\/en\/produs\/nectar-de-transylvania\/\",\"url\":\"https:\/\/vinotecahugo.ro\/en\/produs\/nectar-de-transylvania\/\",\"name\":\"Liliac NECTAR DE TRANSYLVANIA 2017 - Vinoteca Hugo\",\"isPartOf\":{\"@id\":\"https:\/\/vinotecahugo.ro\/en\/#website\"},\"primaryImageOfPage\":{\"@id\":\"https:\/\/vinotecahugo.ro\/en\/produs\/nectar-de-transylvania\/#primaryimage\"},\"image\":{\"@id\":\"https:\/\/vinotecahugo.ro\/en\/produs\/nectar-de-transylvania\/#primaryimage\"},\"thumbnailUrl\":\"https:\/\/vinotecahugo.ro\/wp-content\/uploads\/2019\/10\/liliac-nectar-of-transylvania.jpg\",\"datePublished\":\"2019-10-18T08:37:31+00:00\",\"dateModified\":\"2025-12-13T14:39:53+00:00\",\"description\":\"Comand\u0103 online Liliac NECTAR DE TRANSYLVANIA 2017 de la Vinoteca Hugo! Vinuri de top pentru momente speciale.\",\"breadcrumb\":{\"@id\":\"https:\/\/vinotecahugo.ro\/en\/produs\/nectar-de-transylvania\/#breadcrumb\"},\"inLanguage\":\"en-US\",\"potentialAction\":[{\"@type\":\"ReadAction\",\"target\":[\"https:\/\/vinotecahugo.ro\/en\/produs\/nectar-de-transylvania\/\"]}]},{\"@type\":\"ImageObject\",\"inLanguage\":\"en-US\",\"@id\":\"https:\/\/vinotecahugo.ro\/en\/produs\/nectar-de-transylvania\/#primaryimage\",\"url\":\"https:\/\/vinotecahugo.ro\/wp-content\/uploads\/2019\/10\/liliac-nectar-of-transylvania.jpg\",\"contentUrl\":\"https:\/\/vinotecahugo.ro\/wp-content\/uploads\/2019\/10\/liliac-nectar-of-transylvania.jpg\",\"width\":600,\"height\":600},{\"@type\":\"BreadcrumbList\",\"@id\":\"https:\/\/vinotecahugo.ro\/en\/produs\/nectar-de-transylvania\/#breadcrumb\",\"itemListElement\":[{\"@type\":\"ListItem\",\"position\":1,\"name\":\"Prima pagin\u0103\",\"item\":\"https:\/\/vinotecahugo.ro\/en\/\"},{\"@type\":\"ListItem\",\"position\":2,\"name\":\"Magazin\",\"item\":\"https:\/\/vinotecahugo.ro\/magazin\/\"},{\"@type\":\"ListItem\",\"position\":3,\"name\":\"Liliac NECTAR DE TRANSYLVANIA 2017\"}]},{\"@type\":\"WebSite\",\"@id\":\"https:\/\/vinotecahugo.ro\/en\/#website\",\"url\":\"https:\/\/vinotecahugo.ro\/en\/\",\"name\":\"Vinoteca Hugo\",\"description\":\"vinotec\u0103 cu o colec\u021bie de peste 5000 de sticle de vin\",\"publisher\":{\"@id\":\"https:\/\/vinotecahugo.ro\/en\/#organization\"},\"potentialAction\":[{\"@type\":\"SearchAction\",\"target\":{\"@type\":\"EntryPoint\",\"urlTemplate\":\"https:\/\/vinotecahugo.ro\/en\/?s={search_term_string}\"},\"query-input\":{\"@type\":\"PropertyValueSpecification\",\"valueRequired\":true,\"valueName\":\"search_term_string\"}}],\"inLanguage\":\"en-US\"},{\"@type\":\"Organization\",\"@id\":\"https:\/\/vinotecahugo.ro\/en\/#organization\",\"name\":\"Vinoteca Hugo\",\"url\":\"https:\/\/vinotecahugo.ro\/en\/\",\"logo\":{\"@type\":\"ImageObject\",\"inLanguage\":\"en-US\",\"@id\":\"https:\/\/vinotecahugo.ro\/en\/#\/schema\/logo\/image\/\",\"url\":\"https:\/\/vinotecahugo.ro\/wp-content\/uploads\/2020\/04\/logo-vinoteca-hugo-160-120..jpg\",\"contentUrl\":\"https:\/\/vinotecahugo.ro\/wp-content\/uploads\/2020\/04\/logo-vinoteca-hugo-160-120..jpg\",\"width\":160,\"height\":120,\"caption\":\"Vinoteca Hugo\"},\"image\":{\"@id\":\"https:\/\/vinotecahugo.ro\/en\/#\/schema\/logo\/image\/\"},\"sameAs\":[\"https:\/\/www.facebook.com\/VinotecaHugoAlbaIulia\",\"https:\/\/www.instagram.com\/vinoteca_hugo\/\",\"https:\/\/www.youtube.com\/channel\/UCpprt6bjcY4i-6P9WM-466g\"]}]}<\/script>\n<!-- \/ Yoast SEO plugin. -->","yoast_head_json":{"title":"Liliac NECTAR DE TRANSYLVANIA 2017 - Vinoteca Hugo","description":"Comand\u0103 online Liliac NECTAR DE TRANSYLVANIA 2017 de la Vinoteca Hugo! Vinuri de top pentru momente speciale.","robots":{"index":"index","follow":"follow","max-snippet":"max-snippet:-1","max-image-preview":"max-image-preview:large","max-video-preview":"max-video-preview:-1"},"canonical":"https:\/\/vinotecahugo.ro\/en\/produs\/nectar-de-transylvania\/","og_locale":"en_US","og_type":"article","og_title":"Liliac NECTAR DE TRANSYLVANIA 2017 - Vinoteca Hugo","og_description":"Comand\u0103 online Liliac NECTAR DE TRANSYLVANIA 2017 de la Vinoteca Hugo! Vinuri de top pentru momente speciale.","og_url":"https:\/\/vinotecahugo.ro\/en\/produs\/nectar-de-transylvania\/","og_site_name":"Vinoteca Hugo","article_publisher":"https:\/\/www.facebook.com\/VinotecaHugoAlbaIulia","article_modified_time":"2025-12-13T14:39:53+00:00","og_image":[{"width":600,"height":600,"url":"https:\/\/vinotecahugo.ro\/wp-content\/uploads\/2019\/10\/liliac-nectar-of-transylvania.jpg","type":"image\/jpeg"}],"twitter_card":"summary_large_image","twitter_misc":{"Est. reading time":"1 minute"},"schema":{"@context":"https:\/\/schema.org","@graph":[{"@type":"WebPage","@id":"https:\/\/vinotecahugo.ro\/en\/produs\/nectar-de-transylvania\/","url":"https:\/\/vinotecahugo.ro\/en\/produs\/nectar-de-transylvania\/","name":"Liliac NECTAR DE TRANSYLVANIA 2017 - Vinoteca Hugo","isPartOf":{"@id":"https:\/\/vinotecahugo.ro\/en\/#website"},"primaryImageOfPage":{"@id":"https:\/\/vinotecahugo.ro\/en\/produs\/nectar-de-transylvania\/#primaryimage"},"image":{"@id":"https:\/\/vinotecahugo.ro\/en\/produs\/nectar-de-transylvania\/#primaryimage"},"thumbnailUrl":"https:\/\/vinotecahugo.ro\/wp-content\/uploads\/2019\/10\/liliac-nectar-of-transylvania.jpg","datePublished":"2019-10-18T08:37:31+00:00","dateModified":"2025-12-13T14:39:53+00:00","description":"Comand\u0103 online Liliac NECTAR DE TRANSYLVANIA 2017 de la Vinoteca Hugo! Vinuri de top pentru momente speciale.","breadcrumb":{"@id":"https:\/\/vinotecahugo.ro\/en\/produs\/nectar-de-transylvania\/#breadcrumb"},"inLanguage":"en-US","potentialAction":[{"@type":"ReadAction","target":["https:\/\/vinotecahugo.ro\/en\/produs\/nectar-de-transylvania\/"]}]},{"@type":"ImageObject","inLanguage":"en-US","@id":"https:\/\/vinotecahugo.ro\/en\/produs\/nectar-de-transylvania\/#primaryimage","url":"https:\/\/vinotecahugo.ro\/wp-content\/uploads\/2019\/10\/liliac-nectar-of-transylvania.jpg","contentUrl":"https:\/\/vinotecahugo.ro\/wp-content\/uploads\/2019\/10\/liliac-nectar-of-transylvania.jpg","width":600,"height":600},{"@type":"BreadcrumbList","@id":"https:\/\/vinotecahugo.ro\/en\/produs\/nectar-de-transylvania\/#breadcrumb","itemListElement":[{"@type":"ListItem","position":1,"name":"Prima pagin\u0103","item":"https:\/\/vinotecahugo.ro\/en\/"},{"@type":"ListItem","position":2,"name":"Magazin","item":"https:\/\/vinotecahugo.ro\/magazin\/"},{"@type":"ListItem","position":3,"name":"Liliac NECTAR DE TRANSYLVANIA 2017"}]},{"@type":"WebSite","@id":"https:\/\/vinotecahugo.ro\/en\/#website","url":"https:\/\/vinotecahugo.ro\/en\/","name":"Vinoteca Hugo","description":"vinotec\u0103 cu o colec\u021bie de peste 5000 de sticle de vin","publisher":{"@id":"https:\/\/vinotecahugo.ro\/en\/#organization"},"potentialAction":[{"@type":"SearchAction","target":{"@type":"EntryPoint","urlTemplate":"https:\/\/vinotecahugo.ro\/en\/?s={search_term_string}"},"query-input":{"@type":"PropertyValueSpecification","valueRequired":true,"valueName":"search_term_string"}}],"inLanguage":"en-US"},{"@type":"Organization","@id":"https:\/\/vinotecahugo.ro\/en\/#organization","name":"Vinoteca Hugo","url":"https:\/\/vinotecahugo.ro\/en\/","logo":{"@type":"ImageObject","inLanguage":"en-US","@id":"https:\/\/vinotecahugo.ro\/en\/#\/schema\/logo\/image\/","url":"https:\/\/vinotecahugo.ro\/wp-content\/uploads\/2020\/04\/logo-vinoteca-hugo-160-120..jpg","contentUrl":"https:\/\/vinotecahugo.ro\/wp-content\/uploads\/2020\/04\/logo-vinoteca-hugo-160-120..jpg","width":160,"height":120,"caption":"Vinoteca Hugo"},"image":{"@id":"https:\/\/vinotecahugo.ro\/en\/#\/schema\/logo\/image\/"},"sameAs":["https:\/\/www.facebook.com\/VinotecaHugoAlbaIulia","https:\/\/www.instagram.com\/vinoteca_hugo\/","https:\/\/www.youtube.com\/channel\/UCpprt6bjcY4i-6P9WM-466g"]}]}},"_links":{"self":[{"href":"https:\/\/vinotecahugo.ro\/en\/wp-json\/wp\/v2\/product\/12984","targetHints":{"allow":["GET"]}}],"collection":[{"href":"https:\/\/vinotecahugo.ro\/en\/wp-json\/wp\/v2\/product"}],"about":[{"href":"https:\/\/vinotecahugo.ro\/en\/wp-json\/wp\/v2\/types\/product"}],"replies":[{"embeddable":true,"href":"https:\/\/vinotecahugo.ro\/en\/wp-json\/wp\/v2\/comments?post=12984"}],"wp:featuredmedia":[{"embeddable":true,"href":"https:\/\/vinotecahugo.ro\/en\/wp-json\/wp\/v2\/media\/15028"}],"wp:attachment":[{"href":"https:\/\/vinotecahugo.ro\/en\/wp-json\/wp\/v2\/media?parent=12984"}],"wp:term":[{"taxonomy":"product_brand","embeddable":true,"href":"https:\/\/vinotecahugo.ro\/en\/wp-json\/wp\/v2\/product_brand?post=12984"},{"taxonomy":"product_cat","embeddable":true,"href":"https:\/\/vinotecahugo.ro\/en\/wp-json\/wp\/v2\/product_cat?post=12984"},{"taxonomy":"product_tag","embeddable":true,"href":"https:\/\/vinotecahugo.ro\/en\/wp-json\/wp\/v2\/product_tag?post=12984"}],"curies":[{"name":"wp","href":"https:\/\/api.w.org\/{rel}","templated":true}]}}