{"id":12982,"date":"2019-10-18T11:37:31","date_gmt":"2019-10-18T08:37:31","guid":{"rendered":"https:\/\/vinotecahugo.ro\/produs\/chardonnay-2\/"},"modified":"2025-07-25T15:20:55","modified_gmt":"2025-07-25T12:20:55","slug":"chardonnay-2","status":"publish","type":"product","link":"https:\/\/vinotecahugo.ro\/en\/produs\/chardonnay-2\/","title":{"rendered":"Liliac CHARDONNAY"},"content":{"rendered":"<div class=\"video-shortcode\"><iframe title=\"Liliac The Wine of Transylvania -  One Flew Over Liliac&#039;s Nest\" width=\"1100\" height=\"619\" src=\"https:\/\/www.youtube.com\/embed\/lO2PqAuiEOc?feature=oembed\" frameborder=\"0\" allow=\"accelerometer; autoplay; encrypted-media; gyroscope; picture-in-picture\" allowfullscreen><\/iframe><\/div>\n<p><strong>Liliac CHARDONNAY<\/strong><\/p>\n<p>Speciali\u015ftii cramei pun mare accent pe expresiile varietale, care reflect\u0103 foarte bine tradi\u0163ia \u015fi specificul zonei. Liliac Chardonnay este un sortiment lini\u015ftit elegant, maturat timp de trei luni \u00een butoaie din lemn de stejar transilv\u0103nean, de unde \u00eemprumut\u0103 \u015fi influen\u0163e fine de vanilie. De\u015fi este un vin nuan\u0163at, acesta beneficiaz\u0103 de un echilibru aromatic excelent. Culinar, sortimentul se potrive\u015fte foarte bine al\u0103turi de preparate pe baz\u0103 de pe\u015fte, fructe de mare sau br\u00e2nzeturi moi. Temperatura recomandat\u0103 de servire este de 10-12\u00b0 C.<\/p>\n<p>\u00cen zilele noastre, Liliac re\u00eenvie tradi\u0163ia secular\u0103 pe care Transilvania o are \u00een viticultur\u0103. Peisajul secular \u015fi tehnica modern\u0103 creaz\u0103, pe cele 52\u00a0de hectare, o simbioz\u0103 perfect\u0103. Aici sunt create vinuri autohtone, care cuceresc prin rafinament \u015fi complexitate. Indiferent dac\u0103 sunt albe, ro\u015fii, roze sau irezistibil de dulci, de fiecare dat\u0103 c\u00e2nd deschidem o sticl\u0103 de Liliac, experien\u0163e incredibile sunt pe punctul de a fi descoperite.<\/p>\n<p>Astfel, \u00een vinurile Liliac, pe l\u00e2ng\u0103 strugurii rom\u00e2ne\u015fti, cule\u015fi cu mult\u0103 migal\u0103 \u015fi dragoste, se reg\u0103se\u015fte \u0219i un procent semnificativ de experien\u0163\u0103 austriac\u0103. Iar sub \u00eendrumarea specialistului Rudolf Krizan, care a studiat ani de zile diversele aspectele ale producerii vinului, atat lucrarile din cadrul podgoriei, c\u00e2t \u015fi cele din cram\u0103 se ridic\u0103 la cel mai \u00eenalt grad de profesionalism. Vorbim a\u015fadar despre un consor\u0163iu al pasiona\u021bilor de vin, care subliniaz\u0103 standardele ridicate ale vinului Liliac.<\/p>\n","protected":false},"excerpt":{"rendered":"<p><strong>Liliac CHARDONNAY<\/strong><\/p>\n<p>Este un Chardonnay cu o culoare aurie, maturat 3 luni in butoaie de stejar transilvanean care adauga note de vanilie aromelor fructate de pere si piersici. In gust vinul surprinde cu o aciditate fina si cu arome de fructe exotice. Postgust lung cu arome citrice.\u00a0Se asociaza foarte bine cu preparate din peste, branzeturi moi, ciuperci si trufe.<\/p>\n","protected":false},"featured_media":15021,"comment_status":"open","ping_status":"closed","template":"","meta":[],"product_brand":[],"product_cat":[882,884,145],"product_tag":[394,530,523],"class_list":{"0":"post-12982","1":"product","2":"type-product","3":"status-publish","4":"has-post-thumbnail","6":"product_cat-vin-alb","7":"product_cat-vin-alb-sec","8":"product_cat-vinuri-romanesti","9":"product_tag-chardonnay","10":"product_tag-chardonnya-liliac","11":"product_tag-liliac","13":"first","14":"instock","15":"taxable","16":"shipping-taxable","17":"purchasable","18":"product-type-simple"},"yoast_head":"<!-- This site is optimized with the Yoast SEO plugin v24.6 - https:\/\/yoast.com\/wordpress\/plugins\/seo\/ -->\n<title>Liliac CHARDONNAY - Vinoteca Hugo<\/title>\n<meta name=\"description\" content=\"Comand\u0103 online Liliac CHARDONNAY de la Vinoteca Hugo! Vinuri de top pentru momente speciale.\" \/>\n<meta name=\"robots\" content=\"index, follow, max-snippet:-1, max-image-preview:large, max-video-preview:-1\" \/>\n<link rel=\"canonical\" href=\"https:\/\/vinotecahugo.ro\/en\/produs\/chardonnay-2\/\" \/>\n<meta property=\"og:locale\" content=\"en_US\" \/>\n<meta property=\"og:type\" content=\"article\" \/>\n<meta property=\"og:title\" content=\"Liliac CHARDONNAY - Vinoteca Hugo\" \/>\n<meta property=\"og:description\" content=\"Comand\u0103 online Liliac CHARDONNAY de la Vinoteca Hugo! Vinuri de top pentru momente speciale.\" \/>\n<meta property=\"og:url\" content=\"https:\/\/vinotecahugo.ro\/en\/produs\/chardonnay-2\/\" \/>\n<meta property=\"og:site_name\" content=\"Vinoteca Hugo\" \/>\n<meta property=\"article:publisher\" content=\"https:\/\/www.facebook.com\/VinotecaHugoAlbaIulia\" \/>\n<meta property=\"article:modified_time\" content=\"2025-07-25T12:20:55+00:00\" \/>\n<meta property=\"og:image\" content=\"https:\/\/vinotecahugo.ro\/wp-content\/uploads\/2019\/10\/liliac-chardonnay.jpg\" \/>\n\t<meta property=\"og:image:width\" content=\"600\" \/>\n\t<meta property=\"og:image:height\" content=\"600\" \/>\n\t<meta property=\"og:image:type\" content=\"image\/jpeg\" \/>\n<meta name=\"twitter:card\" content=\"summary_large_image\" \/>\n<meta name=\"twitter:label1\" content=\"Est. reading time\" \/>\n\t<meta name=\"twitter:data1\" content=\"1 minute\" \/>\n<script type=\"application\/ld+json\" class=\"yoast-schema-graph\">{\"@context\":\"https:\/\/schema.org\",\"@graph\":[{\"@type\":\"WebPage\",\"@id\":\"https:\/\/vinotecahugo.ro\/en\/produs\/chardonnay-2\/\",\"url\":\"https:\/\/vinotecahugo.ro\/en\/produs\/chardonnay-2\/\",\"name\":\"Liliac CHARDONNAY - Vinoteca Hugo\",\"isPartOf\":{\"@id\":\"https:\/\/vinotecahugo.ro\/en\/#website\"},\"primaryImageOfPage\":{\"@id\":\"https:\/\/vinotecahugo.ro\/en\/produs\/chardonnay-2\/#primaryimage\"},\"image\":{\"@id\":\"https:\/\/vinotecahugo.ro\/en\/produs\/chardonnay-2\/#primaryimage\"},\"thumbnailUrl\":\"https:\/\/vinotecahugo.ro\/wp-content\/uploads\/2019\/10\/liliac-chardonnay.jpg\",\"datePublished\":\"2019-10-18T08:37:31+00:00\",\"dateModified\":\"2025-07-25T12:20:55+00:00\",\"description\":\"Comand\u0103 online Liliac CHARDONNAY de la Vinoteca Hugo! Vinuri de top pentru momente speciale.\",\"breadcrumb\":{\"@id\":\"https:\/\/vinotecahugo.ro\/en\/produs\/chardonnay-2\/#breadcrumb\"},\"inLanguage\":\"en-US\",\"potentialAction\":[{\"@type\":\"ReadAction\",\"target\":[\"https:\/\/vinotecahugo.ro\/en\/produs\/chardonnay-2\/\"]}]},{\"@type\":\"ImageObject\",\"inLanguage\":\"en-US\",\"@id\":\"https:\/\/vinotecahugo.ro\/en\/produs\/chardonnay-2\/#primaryimage\",\"url\":\"https:\/\/vinotecahugo.ro\/wp-content\/uploads\/2019\/10\/liliac-chardonnay.jpg\",\"contentUrl\":\"https:\/\/vinotecahugo.ro\/wp-content\/uploads\/2019\/10\/liliac-chardonnay.jpg\",\"width\":600,\"height\":600},{\"@type\":\"BreadcrumbList\",\"@id\":\"https:\/\/vinotecahugo.ro\/en\/produs\/chardonnay-2\/#breadcrumb\",\"itemListElement\":[{\"@type\":\"ListItem\",\"position\":1,\"name\":\"Prima pagin\u0103\",\"item\":\"https:\/\/vinotecahugo.ro\/en\/\"},{\"@type\":\"ListItem\",\"position\":2,\"name\":\"Magazin\",\"item\":\"https:\/\/vinotecahugo.ro\/magazin\/\"},{\"@type\":\"ListItem\",\"position\":3,\"name\":\"Liliac CHARDONNAY\"}]},{\"@type\":\"WebSite\",\"@id\":\"https:\/\/vinotecahugo.ro\/en\/#website\",\"url\":\"https:\/\/vinotecahugo.ro\/en\/\",\"name\":\"Vinoteca Hugo\",\"description\":\"vinotec\u0103 cu o colec\u021bie de peste 5000 de sticle de vin\",\"publisher\":{\"@id\":\"https:\/\/vinotecahugo.ro\/en\/#organization\"},\"potentialAction\":[{\"@type\":\"SearchAction\",\"target\":{\"@type\":\"EntryPoint\",\"urlTemplate\":\"https:\/\/vinotecahugo.ro\/en\/?s={search_term_string}\"},\"query-input\":{\"@type\":\"PropertyValueSpecification\",\"valueRequired\":true,\"valueName\":\"search_term_string\"}}],\"inLanguage\":\"en-US\"},{\"@type\":\"Organization\",\"@id\":\"https:\/\/vinotecahugo.ro\/en\/#organization\",\"name\":\"Vinoteca Hugo\",\"url\":\"https:\/\/vinotecahugo.ro\/en\/\",\"logo\":{\"@type\":\"ImageObject\",\"inLanguage\":\"en-US\",\"@id\":\"https:\/\/vinotecahugo.ro\/en\/#\/schema\/logo\/image\/\",\"url\":\"https:\/\/vinotecahugo.ro\/wp-content\/uploads\/2020\/04\/logo-vinoteca-hugo-160-120..jpg\",\"contentUrl\":\"https:\/\/vinotecahugo.ro\/wp-content\/uploads\/2020\/04\/logo-vinoteca-hugo-160-120..jpg\",\"width\":160,\"height\":120,\"caption\":\"Vinoteca Hugo\"},\"image\":{\"@id\":\"https:\/\/vinotecahugo.ro\/en\/#\/schema\/logo\/image\/\"},\"sameAs\":[\"https:\/\/www.facebook.com\/VinotecaHugoAlbaIulia\",\"https:\/\/www.instagram.com\/vinoteca_hugo\/\",\"https:\/\/www.youtube.com\/channel\/UCpprt6bjcY4i-6P9WM-466g\"]}]}<\/script>\n<!-- \/ Yoast SEO plugin. -->","yoast_head_json":{"title":"Liliac CHARDONNAY - Vinoteca Hugo","description":"Comand\u0103 online Liliac CHARDONNAY de la Vinoteca Hugo! Vinuri de top pentru momente speciale.","robots":{"index":"index","follow":"follow","max-snippet":"max-snippet:-1","max-image-preview":"max-image-preview:large","max-video-preview":"max-video-preview:-1"},"canonical":"https:\/\/vinotecahugo.ro\/en\/produs\/chardonnay-2\/","og_locale":"en_US","og_type":"article","og_title":"Liliac CHARDONNAY - Vinoteca Hugo","og_description":"Comand\u0103 online Liliac CHARDONNAY de la Vinoteca Hugo! Vinuri de top pentru momente speciale.","og_url":"https:\/\/vinotecahugo.ro\/en\/produs\/chardonnay-2\/","og_site_name":"Vinoteca Hugo","article_publisher":"https:\/\/www.facebook.com\/VinotecaHugoAlbaIulia","article_modified_time":"2025-07-25T12:20:55+00:00","og_image":[{"width":600,"height":600,"url":"https:\/\/vinotecahugo.ro\/wp-content\/uploads\/2019\/10\/liliac-chardonnay.jpg","type":"image\/jpeg"}],"twitter_card":"summary_large_image","twitter_misc":{"Est. reading time":"1 minute"},"schema":{"@context":"https:\/\/schema.org","@graph":[{"@type":"WebPage","@id":"https:\/\/vinotecahugo.ro\/en\/produs\/chardonnay-2\/","url":"https:\/\/vinotecahugo.ro\/en\/produs\/chardonnay-2\/","name":"Liliac CHARDONNAY - Vinoteca Hugo","isPartOf":{"@id":"https:\/\/vinotecahugo.ro\/en\/#website"},"primaryImageOfPage":{"@id":"https:\/\/vinotecahugo.ro\/en\/produs\/chardonnay-2\/#primaryimage"},"image":{"@id":"https:\/\/vinotecahugo.ro\/en\/produs\/chardonnay-2\/#primaryimage"},"thumbnailUrl":"https:\/\/vinotecahugo.ro\/wp-content\/uploads\/2019\/10\/liliac-chardonnay.jpg","datePublished":"2019-10-18T08:37:31+00:00","dateModified":"2025-07-25T12:20:55+00:00","description":"Comand\u0103 online Liliac CHARDONNAY de la Vinoteca Hugo! Vinuri de top pentru momente speciale.","breadcrumb":{"@id":"https:\/\/vinotecahugo.ro\/en\/produs\/chardonnay-2\/#breadcrumb"},"inLanguage":"en-US","potentialAction":[{"@type":"ReadAction","target":["https:\/\/vinotecahugo.ro\/en\/produs\/chardonnay-2\/"]}]},{"@type":"ImageObject","inLanguage":"en-US","@id":"https:\/\/vinotecahugo.ro\/en\/produs\/chardonnay-2\/#primaryimage","url":"https:\/\/vinotecahugo.ro\/wp-content\/uploads\/2019\/10\/liliac-chardonnay.jpg","contentUrl":"https:\/\/vinotecahugo.ro\/wp-content\/uploads\/2019\/10\/liliac-chardonnay.jpg","width":600,"height":600},{"@type":"BreadcrumbList","@id":"https:\/\/vinotecahugo.ro\/en\/produs\/chardonnay-2\/#breadcrumb","itemListElement":[{"@type":"ListItem","position":1,"name":"Prima pagin\u0103","item":"https:\/\/vinotecahugo.ro\/en\/"},{"@type":"ListItem","position":2,"name":"Magazin","item":"https:\/\/vinotecahugo.ro\/magazin\/"},{"@type":"ListItem","position":3,"name":"Liliac CHARDONNAY"}]},{"@type":"WebSite","@id":"https:\/\/vinotecahugo.ro\/en\/#website","url":"https:\/\/vinotecahugo.ro\/en\/","name":"Vinoteca Hugo","description":"vinotec\u0103 cu o colec\u021bie de peste 5000 de sticle de vin","publisher":{"@id":"https:\/\/vinotecahugo.ro\/en\/#organization"},"potentialAction":[{"@type":"SearchAction","target":{"@type":"EntryPoint","urlTemplate":"https:\/\/vinotecahugo.ro\/en\/?s={search_term_string}"},"query-input":{"@type":"PropertyValueSpecification","valueRequired":true,"valueName":"search_term_string"}}],"inLanguage":"en-US"},{"@type":"Organization","@id":"https:\/\/vinotecahugo.ro\/en\/#organization","name":"Vinoteca Hugo","url":"https:\/\/vinotecahugo.ro\/en\/","logo":{"@type":"ImageObject","inLanguage":"en-US","@id":"https:\/\/vinotecahugo.ro\/en\/#\/schema\/logo\/image\/","url":"https:\/\/vinotecahugo.ro\/wp-content\/uploads\/2020\/04\/logo-vinoteca-hugo-160-120..jpg","contentUrl":"https:\/\/vinotecahugo.ro\/wp-content\/uploads\/2020\/04\/logo-vinoteca-hugo-160-120..jpg","width":160,"height":120,"caption":"Vinoteca Hugo"},"image":{"@id":"https:\/\/vinotecahugo.ro\/en\/#\/schema\/logo\/image\/"},"sameAs":["https:\/\/www.facebook.com\/VinotecaHugoAlbaIulia","https:\/\/www.instagram.com\/vinoteca_hugo\/","https:\/\/www.youtube.com\/channel\/UCpprt6bjcY4i-6P9WM-466g"]}]}},"_links":{"self":[{"href":"https:\/\/vinotecahugo.ro\/en\/wp-json\/wp\/v2\/product\/12982","targetHints":{"allow":["GET"]}}],"collection":[{"href":"https:\/\/vinotecahugo.ro\/en\/wp-json\/wp\/v2\/product"}],"about":[{"href":"https:\/\/vinotecahugo.ro\/en\/wp-json\/wp\/v2\/types\/product"}],"replies":[{"embeddable":true,"href":"https:\/\/vinotecahugo.ro\/en\/wp-json\/wp\/v2\/comments?post=12982"}],"wp:featuredmedia":[{"embeddable":true,"href":"https:\/\/vinotecahugo.ro\/en\/wp-json\/wp\/v2\/media\/15021"}],"wp:attachment":[{"href":"https:\/\/vinotecahugo.ro\/en\/wp-json\/wp\/v2\/media?parent=12982"}],"wp:term":[{"taxonomy":"product_brand","embeddable":true,"href":"https:\/\/vinotecahugo.ro\/en\/wp-json\/wp\/v2\/product_brand?post=12982"},{"taxonomy":"product_cat","embeddable":true,"href":"https:\/\/vinotecahugo.ro\/en\/wp-json\/wp\/v2\/product_cat?post=12982"},{"taxonomy":"product_tag","embeddable":true,"href":"https:\/\/vinotecahugo.ro\/en\/wp-json\/wp\/v2\/product_tag?post=12982"}],"curies":[{"name":"wp","href":"https:\/\/api.w.org\/{rel}","templated":true}]}}